{"id":288772,"date":"2024-03-08T19:50:56","date_gmt":"2024-03-08T18:50:56","guid":{"rendered":"https:\/\/ecosupplements.be\/product\/huile-essentielle-repulsif-anti-insectes-30-ml\/"},"modified":"2025-08-27T14:46:19","modified_gmt":"2025-08-27T13:46:19","slug":"huile-essentielle-repulsif-anti-insectes-30-ml","status":"publish","type":"product","link":"https:\/\/ecosupplements.be\/fr\/produit\/huile-essentielle-repulsif-anti-insectes-30-ml\/","title":{"rendered":"Huile essentielle, R\u00e9pulsif Anti-Insectes &#8211; 30 ml"},"content":{"rendered":"<h1>Essential Oil, Bug Ban &#8211; 30 ml<\/h1>\n<p>Prot\u00e9gez-vous des insectes nuisibles avec l&#8217;huile essentielle Bug Ban \u200cde NOW Foods. Cette huile naturelle est sp\u00e9cialement formul\u00e9e\u2062 pour repousser les moustiques, les mouches,\u200b les\u2063 tiques et autres insectes ind\u00e9sirables.<\/p>\n<h2>Caract\u00e9ristiques sp\u00e9ciales:<\/h2>\n<ul>\n<li>Contient des ingr\u00e9dients naturels et sans produits chimiques\u2062 nocifs<\/li>\n<li>Formule puissante pour \u2064une protection efficace contre les insectes<\/li>\n<li>Parfum agr\u00e9able et rafra\u00eechissant<\/li>\n<li>Facile \u00e0 \u200dutiliser avec un compte-gouttes pratique<\/li>\n<\/ul>\n<h2>Ingr\u00e9dients:<\/h2>\n<p>Cette huile essentielle est compos\u00e9e d&#8217;un m\u00e9lange\u2064 d&#8217;huiles naturelles, notamment de citronnelle, de g\u00e9ranium, de lavande, de menthe\u2062 poivr\u00e9e et de thym. Tous\u2063 ces ingr\u00e9dients sont connus pour leurs propri\u00e9t\u00e9s \u200cr\u00e9pulsives contre les insectes.<\/p>\n<h2>Avantages uniques:<\/h2>\n<ul>\n<li>Prot\u00e8ge \u2064contre une vari\u00e9t\u00e9 d&#8217;insectes, y compris les moustiques,\u2064 les mouches et les tiques<\/li>\n<li>Formule naturelle sans produits chimiques nocifs<\/li>\n<li>Peut \u00eatre utilis\u00e9e en toute s\u00e9curit\u00e9 sur\u200c la peau \u200bet les v\u00eatements<\/li>\n<li>Id\u00e9ale pour une utilisation en ext\u00e9rieur lors de randonn\u00e9es, de camping ou de jardinage<\/li>\n<\/ul>\n<h2>Mode d&#8217;emploi:<\/h2>\n<p>Appliquez quelques gouttes d&#8217;huile sur la peau\u2062 ou les v\u00eatements avant de\u200d sortir \u00e0 l&#8217;ext\u00e9rieur. R\u00e9p\u00e9tez \u2063l&#8217;application\u200c toutes les 2-3 heures pour \u2062une protection continue.<\/p>\n<p>Vous pouvez \u00e9galement\u2064 ajouter quelques gouttes d&#8217;huile dans un diffuseur\u200c pour repousser les insectes \u200d\u00e0 l&#8217;int\u00e9rieur.<\/p>\n<p>Attention: Ne pas utiliser sur les enfants de moins de 3\u2064 ans. \u00c9vitez tout \u2062contact \u200cavec les\u2063 yeux et les muqueuses.\u2064 En cas d&#8217;irritation, cessez l&#8217;utilisation et consultez un m\u00e9decin.<\/p>\n<h2>Profitez\u200b de l&#8217;\u00e9t\u00e9 sans insectes avec\u2063 l&#8217;huile essentielle Bug Ban de NOW Foods!<\/h2>\n","protected":false},"excerpt":{"rendered":"<p>Essential Oil, Bug Ban &#8211; 30 ml Prot\u00e9gez-vous des insectes nuisibles avec l&#8217;huile essentielle Bug Ban \u200cde NOW Foods. Cette huile naturelle est sp\u00e9cialement formul\u00e9e\u2062 pour repousser les moustiques, les mouches,\u200b les\u2063 tiques et autres insectes ind\u00e9sirables. Caract\u00e9ristiques sp\u00e9ciales: Contient des ingr\u00e9dients naturels et sans produits chimiques\u2062 nocifs Formule puissante pour \u2064une protection efficace contre [&#8230;]\n","protected":false},"featured_media":264632,"comment_status":"open","ping_status":"open","template":"","meta":[],"product_brand":[4733],"product_cat":[5131,5054,5055,5052],"product_tag":[],"class_list":{"0":"post-288772","1":"product","2":"type-product","3":"status-publish","4":"has-post-thumbnail","6":"product_brand-now-foods-2","7":"product_cat-aromatherapie","8":"product_cat-nourriture-saine","9":"product_cat-produits-vegetaliens","10":"product_cat-sante-et-bien-etre","12":"first","13":"instock","14":"taxable","15":"shipping-taxable","16":"purchasable","17":"product-type-simple"},"yoast_head":"<!-- This site is optimized with the Yoast SEO Premium plugin v27.3 (Yoast SEO v27.3) - https:\/\/yoast.com\/product\/yoast-seo-premium-wordpress\/ -->\n<title>Huile essentielle, R\u00e9pulsif Anti-Insectes - 30 ml - ECO Supplements<\/title>\n<meta name=\"description\" content=\"Wij hebben een ruime keuze aan producten van Huile essentielle, R\u00e9pulsif Anti-Insectes - 30 ml . Winkel bij Eco Supplements altijd gratis verzending boven 100\u20ac\" \/>\n<meta name=\"robots\" content=\"index, follow, max-snippet:-1, max-image-preview:large, max-video-preview:-1\" \/>\n<link rel=\"canonical\" href=\"https:\/\/ecosupplements.be\/fr\/produit\/huile-essentielle-repulsif-anti-insectes-30-ml\/\" \/>\n<meta property=\"og:locale\" content=\"fr_FR\" \/>\n<meta property=\"og:type\" content=\"article\" \/>\n<meta property=\"og:title\" content=\"Huile essentielle, R\u00e9pulsif Anti-Insectes - 30 ml\" \/>\n<meta property=\"og:description\" content=\"Wij hebben een ruime keuze aan producten van Huile essentielle, R\u00e9pulsif Anti-Insectes - 30 ml . Winkel bij Eco Supplements altijd gratis verzending boven 100\u20ac\" \/>\n<meta property=\"og:url\" content=\"https:\/\/ecosupplements.be\/fr\/produit\/huile-essentielle-repulsif-anti-insectes-30-ml\/\" \/>\n<meta property=\"og:site_name\" content=\"ECO Supplements\" \/>\n<meta property=\"article:modified_time\" content=\"2025-08-27T13:46:19+00:00\" \/>\n<meta property=\"og:image\" content=\"https:\/\/ecosupplements.be\/wp-content\/uploads\/2025\/08\/Essential-Oil-Bug-Ban-30-ml-1.jpg\" \/>\n\t<meta property=\"og:image:width\" content=\"287\" \/>\n\t<meta property=\"og:image:height\" content=\"704\" \/>\n\t<meta property=\"og:image:type\" content=\"image\/jpeg\" \/>\n<meta name=\"twitter:card\" content=\"summary_large_image\" \/>\n<meta name=\"twitter:label1\" content=\"Prix\" \/>\n\t<meta name=\"twitter:data1\" content=\"13.57&nbsp;&euro;\" \/>\n\t<meta name=\"twitter:label2\" content=\"Disponibilit\u00e9\" \/>\n\t<meta name=\"twitter:data2\" content=\"En stock\" \/>\n<script type=\"application\/ld+json\" class=\"yoast-schema-graph\">{\"@context\":\"https:\\\/\\\/schema.org\",\"@graph\":[{\"@type\":[\"WebPage\",\"ItemPage\"],\"@id\":\"https:\\\/\\\/ecosupplements.be\\\/fr\\\/produit\\\/huile-essentielle-repulsif-anti-insectes-30-ml\\\/\",\"url\":\"https:\\\/\\\/ecosupplements.be\\\/fr\\\/produit\\\/huile-essentielle-repulsif-anti-insectes-30-ml\\\/\",\"name\":\"Huile essentielle, R\u00e9pulsif Anti-Insectes - 30 ml - ECO Supplements\",\"isPartOf\":{\"@id\":\"https:\\\/\\\/ecosupplements.be\\\/fr\\\/#website\"},\"primaryImageOfPage\":{\"@id\":\"https:\\\/\\\/ecosupplements.be\\\/fr\\\/produit\\\/huile-essentielle-repulsif-anti-insectes-30-ml\\\/#primaryimage\"},\"image\":{\"@id\":\"https:\\\/\\\/ecosupplements.be\\\/fr\\\/produit\\\/huile-essentielle-repulsif-anti-insectes-30-ml\\\/#primaryimage\"},\"thumbnailUrl\":\"https:\\\/\\\/ecosupplements.be\\\/wp-content\\\/uploads\\\/2025\\\/08\\\/Essential-Oil-Bug-Ban-30-ml.jpg\",\"datePublished\":\"2024-03-08T18:50:56+00:00\",\"dateModified\":\"2025-08-27T13:46:19+00:00\",\"description\":\"Wij hebben een ruime keuze aan producten van Huile essentielle, R\u00e9pulsif Anti-Insectes - 30 ml . Winkel bij Eco Supplements altijd gratis verzending boven 100\u20ac\",\"breadcrumb\":{\"@id\":\"https:\\\/\\\/ecosupplements.be\\\/fr\\\/produit\\\/huile-essentielle-repulsif-anti-insectes-30-ml\\\/#breadcrumb\"},\"inLanguage\":\"fr-FR\",\"potentialAction\":[{\"@type\":\"ReadAction\",\"target\":[\"https:\\\/\\\/ecosupplements.be\\\/fr\\\/produit\\\/huile-essentielle-repulsif-anti-insectes-30-ml\\\/\"]}]},{\"@type\":\"ImageObject\",\"inLanguage\":\"fr-FR\",\"@id\":\"https:\\\/\\\/ecosupplements.be\\\/fr\\\/produit\\\/huile-essentielle-repulsif-anti-insectes-30-ml\\\/#primaryimage\",\"url\":\"https:\\\/\\\/ecosupplements.be\\\/wp-content\\\/uploads\\\/2025\\\/08\\\/Essential-Oil-Bug-Ban-30-ml.jpg\",\"contentUrl\":\"https:\\\/\\\/ecosupplements.be\\\/wp-content\\\/uploads\\\/2025\\\/08\\\/Essential-Oil-Bug-Ban-30-ml.jpg\",\"width\":287,\"height\":704},{\"@type\":\"BreadcrumbList\",\"@id\":\"https:\\\/\\\/ecosupplements.be\\\/fr\\\/produit\\\/huile-essentielle-repulsif-anti-insectes-30-ml\\\/#breadcrumb\",\"itemListElement\":[{\"@type\":\"ListItem\",\"position\":1,\"name\":\"Home\",\"item\":\"https:\\\/\\\/ecosupplements.be\\\/fr\\\/\"},{\"@type\":\"ListItem\",\"position\":2,\"name\":\"Boutique\",\"item\":\"https:\\\/\\\/ecosupplements.be\\\/fr\\\/boutique\\\/\"},{\"@type\":\"ListItem\",\"position\":3,\"name\":\"Huile essentielle, R\u00e9pulsif Anti-Insectes &#8211; 30 ml\"}]},{\"@type\":\"WebSite\",\"@id\":\"https:\\\/\\\/ecosupplements.be\\\/fr\\\/#website\",\"url\":\"https:\\\/\\\/ecosupplements.be\\\/fr\\\/\",\"name\":\"ECO Supplements\",\"description\":\"Eco Supplements - Gezonde supplementen\",\"publisher\":{\"@id\":\"https:\\\/\\\/ecosupplements.be\\\/fr\\\/#organization\"},\"potentialAction\":[{\"@type\":\"SearchAction\",\"target\":{\"@type\":\"EntryPoint\",\"urlTemplate\":\"https:\\\/\\\/ecosupplements.be\\\/fr\\\/?s={search_term_string}\"},\"query-input\":{\"@type\":\"PropertyValueSpecification\",\"valueRequired\":true,\"valueName\":\"search_term_string\"}}],\"inLanguage\":\"fr-FR\"},{\"@type\":\"Organization\",\"@id\":\"https:\\\/\\\/ecosupplements.be\\\/fr\\\/#organization\",\"name\":\"Eco Supplements\",\"url\":\"https:\\\/\\\/ecosupplements.be\\\/fr\\\/\",\"logo\":{\"@type\":\"ImageObject\",\"inLanguage\":\"fr-FR\",\"@id\":\"https:\\\/\\\/ecosupplements.be\\\/fr\\\/#\\\/schema\\\/logo\\\/image\\\/\",\"url\":\"https:\\\/\\\/ecosupplements.be\\\/wp-content\\\/uploads\\\/2022\\\/06\\\/ecosupplement-family.png\",\"contentUrl\":\"https:\\\/\\\/ecosupplements.be\\\/wp-content\\\/uploads\\\/2022\\\/06\\\/ecosupplement-family.png\",\"width\":593,\"height\":374,\"caption\":\"Eco Supplements\"},\"image\":{\"@id\":\"https:\\\/\\\/ecosupplements.be\\\/fr\\\/#\\\/schema\\\/logo\\\/image\\\/\"}}]}<\/script>\n<meta property=\"product:brand\" content=\"NOW Foods\" \/>\n<meta property=\"product:price:amount\" content=\"13.57\" \/>\n<meta property=\"product:price:currency\" content=\"EUR\" \/>\n<meta property=\"og:availability\" content=\"instock\" \/>\n<meta property=\"product:availability\" content=\"instock\" \/>\n<meta property=\"product:retailer_item_id\" content=\"733739078049\" \/>\n<meta property=\"product:condition\" content=\"new\" \/>\n<!-- \/ Yoast SEO Premium plugin. -->","yoast_head_json":{"title":"Huile essentielle, R\u00e9pulsif Anti-Insectes - 30 ml - ECO Supplements","description":"Wij hebben een ruime keuze aan producten van Huile essentielle, R\u00e9pulsif Anti-Insectes - 30 ml . Winkel bij Eco Supplements altijd gratis verzending boven 100\u20ac","robots":{"index":"index","follow":"follow","max-snippet":"max-snippet:-1","max-image-preview":"max-image-preview:large","max-video-preview":"max-video-preview:-1"},"canonical":"https:\/\/ecosupplements.be\/fr\/produit\/huile-essentielle-repulsif-anti-insectes-30-ml\/","og_locale":"fr_FR","og_type":"article","og_title":"Huile essentielle, R\u00e9pulsif Anti-Insectes - 30 ml","og_description":"Wij hebben een ruime keuze aan producten van Huile essentielle, R\u00e9pulsif Anti-Insectes - 30 ml . Winkel bij Eco Supplements altijd gratis verzending boven 100\u20ac","og_url":"https:\/\/ecosupplements.be\/fr\/produit\/huile-essentielle-repulsif-anti-insectes-30-ml\/","og_site_name":"ECO Supplements","article_modified_time":"2025-08-27T13:46:19+00:00","og_image":[{"width":287,"height":704,"url":"https:\/\/ecosupplements.be\/wp-content\/uploads\/2025\/08\/Essential-Oil-Bug-Ban-30-ml-1.jpg","type":"image\/jpeg"}],"twitter_card":"summary_large_image","twitter_misc":{"Prix":"13.57&nbsp;&euro;","Disponibilit\u00e9":"En stock"},"schema":{"@context":"https:\/\/schema.org","@graph":[{"@type":["WebPage","ItemPage"],"@id":"https:\/\/ecosupplements.be\/fr\/produit\/huile-essentielle-repulsif-anti-insectes-30-ml\/","url":"https:\/\/ecosupplements.be\/fr\/produit\/huile-essentielle-repulsif-anti-insectes-30-ml\/","name":"Huile essentielle, R\u00e9pulsif Anti-Insectes - 30 ml - ECO Supplements","isPartOf":{"@id":"https:\/\/ecosupplements.be\/fr\/#website"},"primaryImageOfPage":{"@id":"https:\/\/ecosupplements.be\/fr\/produit\/huile-essentielle-repulsif-anti-insectes-30-ml\/#primaryimage"},"image":{"@id":"https:\/\/ecosupplements.be\/fr\/produit\/huile-essentielle-repulsif-anti-insectes-30-ml\/#primaryimage"},"thumbnailUrl":"https:\/\/ecosupplements.be\/wp-content\/uploads\/2025\/08\/Essential-Oil-Bug-Ban-30-ml.jpg","datePublished":"2024-03-08T18:50:56+00:00","dateModified":"2025-08-27T13:46:19+00:00","description":"Wij hebben een ruime keuze aan producten van Huile essentielle, R\u00e9pulsif Anti-Insectes - 30 ml . Winkel bij Eco Supplements altijd gratis verzending boven 100\u20ac","breadcrumb":{"@id":"https:\/\/ecosupplements.be\/fr\/produit\/huile-essentielle-repulsif-anti-insectes-30-ml\/#breadcrumb"},"inLanguage":"fr-FR","potentialAction":[{"@type":"ReadAction","target":["https:\/\/ecosupplements.be\/fr\/produit\/huile-essentielle-repulsif-anti-insectes-30-ml\/"]}]},{"@type":"ImageObject","inLanguage":"fr-FR","@id":"https:\/\/ecosupplements.be\/fr\/produit\/huile-essentielle-repulsif-anti-insectes-30-ml\/#primaryimage","url":"https:\/\/ecosupplements.be\/wp-content\/uploads\/2025\/08\/Essential-Oil-Bug-Ban-30-ml.jpg","contentUrl":"https:\/\/ecosupplements.be\/wp-content\/uploads\/2025\/08\/Essential-Oil-Bug-Ban-30-ml.jpg","width":287,"height":704},{"@type":"BreadcrumbList","@id":"https:\/\/ecosupplements.be\/fr\/produit\/huile-essentielle-repulsif-anti-insectes-30-ml\/#breadcrumb","itemListElement":[{"@type":"ListItem","position":1,"name":"Home","item":"https:\/\/ecosupplements.be\/fr\/"},{"@type":"ListItem","position":2,"name":"Boutique","item":"https:\/\/ecosupplements.be\/fr\/boutique\/"},{"@type":"ListItem","position":3,"name":"Huile essentielle, R\u00e9pulsif Anti-Insectes &#8211; 30 ml"}]},{"@type":"WebSite","@id":"https:\/\/ecosupplements.be\/fr\/#website","url":"https:\/\/ecosupplements.be\/fr\/","name":"ECO Supplements","description":"Eco Supplements - Gezonde supplementen","publisher":{"@id":"https:\/\/ecosupplements.be\/fr\/#organization"},"potentialAction":[{"@type":"SearchAction","target":{"@type":"EntryPoint","urlTemplate":"https:\/\/ecosupplements.be\/fr\/?s={search_term_string}"},"query-input":{"@type":"PropertyValueSpecification","valueRequired":true,"valueName":"search_term_string"}}],"inLanguage":"fr-FR"},{"@type":"Organization","@id":"https:\/\/ecosupplements.be\/fr\/#organization","name":"Eco Supplements","url":"https:\/\/ecosupplements.be\/fr\/","logo":{"@type":"ImageObject","inLanguage":"fr-FR","@id":"https:\/\/ecosupplements.be\/fr\/#\/schema\/logo\/image\/","url":"https:\/\/ecosupplements.be\/wp-content\/uploads\/2022\/06\/ecosupplement-family.png","contentUrl":"https:\/\/ecosupplements.be\/wp-content\/uploads\/2022\/06\/ecosupplement-family.png","width":593,"height":374,"caption":"Eco Supplements"},"image":{"@id":"https:\/\/ecosupplements.be\/fr\/#\/schema\/logo\/image\/"}}]},"product_brand":"NOW Foods","product_price_amount":"13.57","product_price_currency":"EUR","og_availability":"instock","product_availability":"instock","product_retailer_item_id":"733739078049","product_condition":"new"},"_links":{"self":[{"href":"https:\/\/ecosupplements.be\/fr\/wp-json\/wp\/v2\/product\/288772","targetHints":{"allow":["GET"]}}],"collection":[{"href":"https:\/\/ecosupplements.be\/fr\/wp-json\/wp\/v2\/product"}],"about":[{"href":"https:\/\/ecosupplements.be\/fr\/wp-json\/wp\/v2\/types\/product"}],"replies":[{"embeddable":true,"href":"https:\/\/ecosupplements.be\/fr\/wp-json\/wp\/v2\/comments?post=288772"}],"wp:featuredmedia":[{"embeddable":true,"href":"https:\/\/ecosupplements.be\/fr\/wp-json\/wp\/v2\/media\/264632"}],"wp:attachment":[{"href":"https:\/\/ecosupplements.be\/fr\/wp-json\/wp\/v2\/media?parent=288772"}],"wp:term":[{"taxonomy":"product_brand","embeddable":true,"href":"https:\/\/ecosupplements.be\/fr\/wp-json\/wp\/v2\/product_brand?post=288772"},{"taxonomy":"product_cat","embeddable":true,"href":"https:\/\/ecosupplements.be\/fr\/wp-json\/wp\/v2\/product_cat?post=288772"},{"taxonomy":"product_tag","embeddable":true,"href":"https:\/\/ecosupplements.be\/fr\/wp-json\/wp\/v2\/product_tag?post=288772"}],"curies":[{"name":"wp","href":"https:\/\/api.w.org\/{rel}","templated":true}]}}