{"id":288775,"date":"2022-06-28T10:23:04","date_gmt":"2022-06-28T09:23:04","guid":{"rendered":"https:\/\/ecosupplements.be\/product\/huile-essentielle-bonjour-soleil-30-ml\/"},"modified":"2025-08-27T14:46:22","modified_gmt":"2025-08-27T13:46:22","slug":"huile-essentielle-bonjour-soleil-30-ml","status":"publish","type":"product","link":"https:\/\/ecosupplements.be\/fr\/produit\/huile-essentielle-bonjour-soleil-30-ml\/","title":{"rendered":"Huile essentielle, Bonjour Soleil ! &#8211; 30 ml"},"content":{"rendered":"<h1>Essential Oil, Good Morning Sunshine! \u200d- 30 ml.<\/h1>\n<p>Commencez votre journ\u00e9e du bon pied avec l&#8217;huile essentielle Good Morning Sunshine! de \u2063la marque NOW \u200cFoods.\u2064 Cette huile est sp\u00e9cialement formul\u00e9e pour vous aider \u00e0 vous sentir \u00e9nergis\u00e9 et pr\u00eat \u00e0 affronter la journ\u00e9e qui vous attend.<\/p>\n<h2>Caract\u00e9ristiques sp\u00e9ciales:<\/h2>\n<ul>\n<li>Contient un m\u00e9lange d&#8217;huiles essentielles pures et naturelles<\/li>\n<li>Formul\u00e9 pour stimuler et \u00e9nergiser le corps\u2062 et l&#8217;esprit<\/li>\n<li>Parfum frais et revigorant<\/li>\n<li>Flacon de 30 ml pratique et facile \u00e0 utiliser<\/li>\n<\/ul>\n<h2>Ingr\u00e9dients:<\/h2>\n<p>Cette huile essentielle est compos\u00e9e\u2062 d&#8217;un m\u00e9lange \u2062d&#8217;huiles naturelles de citron, de\u200c menthe poivr\u00e9e, de\u200c romarin et de pamplemousse. Tous\u200d ces ingr\u00e9dients sont\u2064 soigneusement s\u00e9lectionn\u00e9s pour \u2063leurs propri\u00e9t\u00e9s stimulantes et \u2062\u00e9nergisantes.<\/p>\n<h2>Avantages uniques:<\/h2>\n<p>L&#8217;huile essentielle Good Morning Sunshine! est\u200c un moyen naturel et efficace de se \u2064r\u00e9veiller\u200b et de se sentir pr\u00eat \u2062\u00e0 affronter\u2063 la journ\u00e9e. Son\u2063 parfum frais et revigorant vous aidera \u00e0 \u200bvous sentir \u00e9nergis\u00e9 et \u2062motiv\u00e9 pour commencer \u200bvotre journ\u00e9e du bon pied.<\/p>\n<h2>Principales caract\u00e9ristiques:<\/h2>\n<ul>\n<li>Stimule \u2062et \u00e9nergise le corps et l&#8217;esprit<\/li>\n<li>Parfum frais et revigorant<\/li>\n<li>M\u00e9lange d&#8217;huiles essentielles pures et naturelles<\/li>\n<li>Flacon de 30\u200b ml pratique\u200d et facile \u2062\u00e0 \u200dutiliser<\/li>\n<\/ul>\n<p>Fabriqu\u00e9 aux \u00c9tats-Unis, l&#8217;huile essentielle\u2062 Good Morning Sunshine! de\u200c NOW Foods\u2064 est un produit de qualit\u00e9 sup\u00e9rieure qui vous aidera \u00e0 d\u00e9marrer votre journ\u00e9e du bon pied. Ajoutez quelques gouttes \u00e0 votre diffuseur ou\u2062 m\u00e9langez-la \u2064avec une huile de support \u200bpour \u200cprofiter de \u200bses bienfaits \u00e9nergisants. \u200bCommandez d\u00e8s maintenant et faites de chaque matin un bon matin avec Good \u2064Morning Sunshine!<\/p>\n","protected":false},"excerpt":{"rendered":"<p>Essential Oil, Good Morning Sunshine! \u200d- 30 ml. Commencez votre journ\u00e9e du bon pied avec l&#8217;huile essentielle Good Morning Sunshine! de \u2063la marque NOW \u200cFoods.\u2064 Cette huile est sp\u00e9cialement formul\u00e9e pour vous aider \u00e0 vous sentir \u00e9nergis\u00e9 et pr\u00eat \u00e0 affronter la journ\u00e9e qui vous attend. Caract\u00e9ristiques sp\u00e9ciales: Contient un m\u00e9lange d&#8217;huiles essentielles pures et [&#8230;]\n","protected":false},"featured_media":250292,"comment_status":"open","ping_status":"open","template":"","meta":[],"product_brand":[4733],"product_cat":[5132,5052],"product_tag":[],"class_list":{"0":"post-288775","1":"product","2":"type-product","3":"status-publish","4":"has-post-thumbnail","6":"product_brand-now-foods-2","7":"product_cat-huiles-essentielles","8":"product_cat-sante-et-bien-etre","10":"first","11":"instock","12":"taxable","13":"shipping-taxable","14":"purchasable","15":"product-type-simple"},"yoast_head":"<!-- This site is optimized with the Yoast SEO Premium plugin v27.5 (Yoast SEO v27.5) - https:\/\/yoast.com\/product\/yoast-seo-premium-wordpress\/ -->\n<title>Huile essentielle, Bonjour Soleil ! - 30 ml - ECO Supplements<\/title>\n<meta name=\"description\" content=\"Wij hebben een ruime keuze aan producten van Huile essentielle, Bonjour Soleil ! - 30 ml . Winkel bij Eco Supplements altijd gratis verzending boven 100\u20ac\" \/>\n<meta name=\"robots\" content=\"index, follow, max-snippet:-1, max-image-preview:large, max-video-preview:-1\" \/>\n<link rel=\"canonical\" href=\"https:\/\/ecosupplements.be\/fr\/produit\/huile-essentielle-bonjour-soleil-30-ml\/\" \/>\n<meta property=\"og:locale\" content=\"fr_FR\" \/>\n<meta property=\"og:type\" content=\"article\" \/>\n<meta property=\"og:title\" content=\"Huile essentielle, Bonjour Soleil ! - 30 ml\" \/>\n<meta property=\"og:description\" content=\"Wij hebben een ruime keuze aan producten van Huile essentielle, Bonjour Soleil ! - 30 ml . Winkel bij Eco Supplements altijd gratis verzending boven 100\u20ac\" \/>\n<meta property=\"og:url\" content=\"https:\/\/ecosupplements.be\/fr\/produit\/huile-essentielle-bonjour-soleil-30-ml\/\" \/>\n<meta property=\"og:site_name\" content=\"ECO Supplements\" \/>\n<meta property=\"article:modified_time\" content=\"2025-08-27T13:46:22+00:00\" \/>\n<meta property=\"og:image\" content=\"https:\/\/ecosupplements.be\/wp-content\/uploads\/2025\/08\/Essential-Oil-Good-Morning-Sunshine-30-ml-1.jpg\" \/>\n\t<meta property=\"og:image:width\" content=\"336\" \/>\n\t<meta property=\"og:image:height\" content=\"880\" \/>\n\t<meta property=\"og:image:type\" content=\"image\/jpeg\" \/>\n<meta name=\"twitter:card\" content=\"summary_large_image\" \/>\n<meta name=\"twitter:label1\" content=\"Prix\" \/>\n\t<meta name=\"twitter:data1\" content=\"12.82&nbsp;&euro;\" \/>\n\t<meta name=\"twitter:label2\" content=\"Disponibilit\u00e9\" \/>\n\t<meta name=\"twitter:data2\" content=\"En stock\" \/>\n<script type=\"application\/ld+json\" class=\"yoast-schema-graph\">{\"@context\":\"https:\\\/\\\/schema.org\",\"@graph\":[{\"@type\":[\"WebPage\",\"ItemPage\"],\"@id\":\"https:\\\/\\\/ecosupplements.be\\\/fr\\\/produit\\\/huile-essentielle-bonjour-soleil-30-ml\\\/\",\"url\":\"https:\\\/\\\/ecosupplements.be\\\/fr\\\/produit\\\/huile-essentielle-bonjour-soleil-30-ml\\\/\",\"name\":\"Huile essentielle, Bonjour Soleil ! - 30 ml - ECO Supplements\",\"isPartOf\":{\"@id\":\"https:\\\/\\\/ecosupplements.be\\\/fr\\\/#website\"},\"primaryImageOfPage\":{\"@id\":\"https:\\\/\\\/ecosupplements.be\\\/fr\\\/produit\\\/huile-essentielle-bonjour-soleil-30-ml\\\/#primaryimage\"},\"image\":{\"@id\":\"https:\\\/\\\/ecosupplements.be\\\/fr\\\/produit\\\/huile-essentielle-bonjour-soleil-30-ml\\\/#primaryimage\"},\"thumbnailUrl\":\"https:\\\/\\\/ecosupplements.be\\\/wp-content\\\/uploads\\\/2025\\\/08\\\/Essential-Oil-Good-Morning-Sunshine-30-ml.jpg\",\"datePublished\":\"2022-06-28T09:23:04+00:00\",\"dateModified\":\"2025-08-27T13:46:22+00:00\",\"description\":\"Wij hebben een ruime keuze aan producten van Huile essentielle, Bonjour Soleil ! - 30 ml . Winkel bij Eco Supplements altijd gratis verzending boven 100\u20ac\",\"breadcrumb\":{\"@id\":\"https:\\\/\\\/ecosupplements.be\\\/fr\\\/produit\\\/huile-essentielle-bonjour-soleil-30-ml\\\/#breadcrumb\"},\"inLanguage\":\"fr-FR\",\"potentialAction\":[{\"@type\":\"ReadAction\",\"target\":[\"https:\\\/\\\/ecosupplements.be\\\/fr\\\/produit\\\/huile-essentielle-bonjour-soleil-30-ml\\\/\"]}]},{\"@type\":\"ImageObject\",\"inLanguage\":\"fr-FR\",\"@id\":\"https:\\\/\\\/ecosupplements.be\\\/fr\\\/produit\\\/huile-essentielle-bonjour-soleil-30-ml\\\/#primaryimage\",\"url\":\"https:\\\/\\\/ecosupplements.be\\\/wp-content\\\/uploads\\\/2025\\\/08\\\/Essential-Oil-Good-Morning-Sunshine-30-ml.jpg\",\"contentUrl\":\"https:\\\/\\\/ecosupplements.be\\\/wp-content\\\/uploads\\\/2025\\\/08\\\/Essential-Oil-Good-Morning-Sunshine-30-ml.jpg\",\"width\":750,\"height\":750},{\"@type\":\"BreadcrumbList\",\"@id\":\"https:\\\/\\\/ecosupplements.be\\\/fr\\\/produit\\\/huile-essentielle-bonjour-soleil-30-ml\\\/#breadcrumb\",\"itemListElement\":[{\"@type\":\"ListItem\",\"position\":1,\"name\":\"Home\",\"item\":\"https:\\\/\\\/ecosupplements.be\\\/fr\\\/\"},{\"@type\":\"ListItem\",\"position\":2,\"name\":\"Boutique\",\"item\":\"https:\\\/\\\/ecosupplements.be\\\/fr\\\/boutique\\\/\"},{\"@type\":\"ListItem\",\"position\":3,\"name\":\"Huile essentielle, Bonjour Soleil ! &#8211; 30 ml\"}]},{\"@type\":\"WebSite\",\"@id\":\"https:\\\/\\\/ecosupplements.be\\\/fr\\\/#website\",\"url\":\"https:\\\/\\\/ecosupplements.be\\\/fr\\\/\",\"name\":\"ECO Supplements\",\"description\":\"Eco Supplements - Gezonde supplementen\",\"publisher\":{\"@id\":\"https:\\\/\\\/ecosupplements.be\\\/fr\\\/#organization\"},\"potentialAction\":[{\"@type\":\"SearchAction\",\"target\":{\"@type\":\"EntryPoint\",\"urlTemplate\":\"https:\\\/\\\/ecosupplements.be\\\/fr\\\/?s={search_term_string}\"},\"query-input\":{\"@type\":\"PropertyValueSpecification\",\"valueRequired\":true,\"valueName\":\"search_term_string\"}}],\"inLanguage\":\"fr-FR\"},{\"@type\":\"Organization\",\"@id\":\"https:\\\/\\\/ecosupplements.be\\\/fr\\\/#organization\",\"name\":\"Eco Supplements\",\"url\":\"https:\\\/\\\/ecosupplements.be\\\/fr\\\/\",\"logo\":{\"@type\":\"ImageObject\",\"inLanguage\":\"fr-FR\",\"@id\":\"https:\\\/\\\/ecosupplements.be\\\/fr\\\/#\\\/schema\\\/logo\\\/image\\\/\",\"url\":\"https:\\\/\\\/ecosupplements.be\\\/wp-content\\\/uploads\\\/2022\\\/06\\\/ecosupplement-family.png\",\"contentUrl\":\"https:\\\/\\\/ecosupplements.be\\\/wp-content\\\/uploads\\\/2022\\\/06\\\/ecosupplement-family.png\",\"width\":593,\"height\":374,\"caption\":\"Eco Supplements\"},\"image\":{\"@id\":\"https:\\\/\\\/ecosupplements.be\\\/fr\\\/#\\\/schema\\\/logo\\\/image\\\/\"}}]}<\/script>\n<meta property=\"product:brand\" content=\"NOW Foods\" \/>\n<meta property=\"product:price:amount\" content=\"12.82\" \/>\n<meta property=\"product:price:currency\" content=\"EUR\" \/>\n<meta property=\"og:availability\" content=\"instock\" \/>\n<meta property=\"product:availability\" content=\"instock\" \/>\n<meta property=\"product:retailer_item_id\" content=\"733739076311\" \/>\n<meta property=\"product:condition\" content=\"new\" \/>\n<!-- \/ Yoast SEO Premium plugin. -->","yoast_head_json":{"title":"Huile essentielle, Bonjour Soleil ! - 30 ml - ECO Supplements","description":"Wij hebben een ruime keuze aan producten van Huile essentielle, Bonjour Soleil ! - 30 ml . Winkel bij Eco Supplements altijd gratis verzending boven 100\u20ac","robots":{"index":"index","follow":"follow","max-snippet":"max-snippet:-1","max-image-preview":"max-image-preview:large","max-video-preview":"max-video-preview:-1"},"canonical":"https:\/\/ecosupplements.be\/fr\/produit\/huile-essentielle-bonjour-soleil-30-ml\/","og_locale":"fr_FR","og_type":"article","og_title":"Huile essentielle, Bonjour Soleil ! - 30 ml","og_description":"Wij hebben een ruime keuze aan producten van Huile essentielle, Bonjour Soleil ! - 30 ml . Winkel bij Eco Supplements altijd gratis verzending boven 100\u20ac","og_url":"https:\/\/ecosupplements.be\/fr\/produit\/huile-essentielle-bonjour-soleil-30-ml\/","og_site_name":"ECO Supplements","article_modified_time":"2025-08-27T13:46:22+00:00","og_image":[{"width":336,"height":880,"url":"https:\/\/ecosupplements.be\/wp-content\/uploads\/2025\/08\/Essential-Oil-Good-Morning-Sunshine-30-ml-1.jpg","type":"image\/jpeg"}],"twitter_card":"summary_large_image","twitter_misc":{"Prix":"12.82&nbsp;&euro;","Disponibilit\u00e9":"En stock"},"schema":{"@context":"https:\/\/schema.org","@graph":[{"@type":["WebPage","ItemPage"],"@id":"https:\/\/ecosupplements.be\/fr\/produit\/huile-essentielle-bonjour-soleil-30-ml\/","url":"https:\/\/ecosupplements.be\/fr\/produit\/huile-essentielle-bonjour-soleil-30-ml\/","name":"Huile essentielle, Bonjour Soleil ! - 30 ml - ECO Supplements","isPartOf":{"@id":"https:\/\/ecosupplements.be\/fr\/#website"},"primaryImageOfPage":{"@id":"https:\/\/ecosupplements.be\/fr\/produit\/huile-essentielle-bonjour-soleil-30-ml\/#primaryimage"},"image":{"@id":"https:\/\/ecosupplements.be\/fr\/produit\/huile-essentielle-bonjour-soleil-30-ml\/#primaryimage"},"thumbnailUrl":"https:\/\/ecosupplements.be\/wp-content\/uploads\/2025\/08\/Essential-Oil-Good-Morning-Sunshine-30-ml.jpg","datePublished":"2022-06-28T09:23:04+00:00","dateModified":"2025-08-27T13:46:22+00:00","description":"Wij hebben een ruime keuze aan producten van Huile essentielle, Bonjour Soleil ! - 30 ml . Winkel bij Eco Supplements altijd gratis verzending boven 100\u20ac","breadcrumb":{"@id":"https:\/\/ecosupplements.be\/fr\/produit\/huile-essentielle-bonjour-soleil-30-ml\/#breadcrumb"},"inLanguage":"fr-FR","potentialAction":[{"@type":"ReadAction","target":["https:\/\/ecosupplements.be\/fr\/produit\/huile-essentielle-bonjour-soleil-30-ml\/"]}]},{"@type":"ImageObject","inLanguage":"fr-FR","@id":"https:\/\/ecosupplements.be\/fr\/produit\/huile-essentielle-bonjour-soleil-30-ml\/#primaryimage","url":"https:\/\/ecosupplements.be\/wp-content\/uploads\/2025\/08\/Essential-Oil-Good-Morning-Sunshine-30-ml.jpg","contentUrl":"https:\/\/ecosupplements.be\/wp-content\/uploads\/2025\/08\/Essential-Oil-Good-Morning-Sunshine-30-ml.jpg","width":750,"height":750},{"@type":"BreadcrumbList","@id":"https:\/\/ecosupplements.be\/fr\/produit\/huile-essentielle-bonjour-soleil-30-ml\/#breadcrumb","itemListElement":[{"@type":"ListItem","position":1,"name":"Home","item":"https:\/\/ecosupplements.be\/fr\/"},{"@type":"ListItem","position":2,"name":"Boutique","item":"https:\/\/ecosupplements.be\/fr\/boutique\/"},{"@type":"ListItem","position":3,"name":"Huile essentielle, Bonjour Soleil ! &#8211; 30 ml"}]},{"@type":"WebSite","@id":"https:\/\/ecosupplements.be\/fr\/#website","url":"https:\/\/ecosupplements.be\/fr\/","name":"ECO Supplements","description":"Eco Supplements - Gezonde supplementen","publisher":{"@id":"https:\/\/ecosupplements.be\/fr\/#organization"},"potentialAction":[{"@type":"SearchAction","target":{"@type":"EntryPoint","urlTemplate":"https:\/\/ecosupplements.be\/fr\/?s={search_term_string}"},"query-input":{"@type":"PropertyValueSpecification","valueRequired":true,"valueName":"search_term_string"}}],"inLanguage":"fr-FR"},{"@type":"Organization","@id":"https:\/\/ecosupplements.be\/fr\/#organization","name":"Eco Supplements","url":"https:\/\/ecosupplements.be\/fr\/","logo":{"@type":"ImageObject","inLanguage":"fr-FR","@id":"https:\/\/ecosupplements.be\/fr\/#\/schema\/logo\/image\/","url":"https:\/\/ecosupplements.be\/wp-content\/uploads\/2022\/06\/ecosupplement-family.png","contentUrl":"https:\/\/ecosupplements.be\/wp-content\/uploads\/2022\/06\/ecosupplement-family.png","width":593,"height":374,"caption":"Eco Supplements"},"image":{"@id":"https:\/\/ecosupplements.be\/fr\/#\/schema\/logo\/image\/"}}]},"product_brand":"NOW Foods","product_price_amount":"12.82","product_price_currency":"EUR","og_availability":"instock","product_availability":"instock","product_retailer_item_id":"733739076311","product_condition":"new"},"_links":{"self":[{"href":"https:\/\/ecosupplements.be\/fr\/wp-json\/wp\/v2\/product\/288775","targetHints":{"allow":["GET"]}}],"collection":[{"href":"https:\/\/ecosupplements.be\/fr\/wp-json\/wp\/v2\/product"}],"about":[{"href":"https:\/\/ecosupplements.be\/fr\/wp-json\/wp\/v2\/types\/product"}],"replies":[{"embeddable":true,"href":"https:\/\/ecosupplements.be\/fr\/wp-json\/wp\/v2\/comments?post=288775"}],"wp:featuredmedia":[{"embeddable":true,"href":"https:\/\/ecosupplements.be\/fr\/wp-json\/wp\/v2\/media\/250292"}],"wp:attachment":[{"href":"https:\/\/ecosupplements.be\/fr\/wp-json\/wp\/v2\/media?parent=288775"}],"wp:term":[{"taxonomy":"product_brand","embeddable":true,"href":"https:\/\/ecosupplements.be\/fr\/wp-json\/wp\/v2\/product_brand?post=288775"},{"taxonomy":"product_cat","embeddable":true,"href":"https:\/\/ecosupplements.be\/fr\/wp-json\/wp\/v2\/product_cat?post=288775"},{"taxonomy":"product_tag","embeddable":true,"href":"https:\/\/ecosupplements.be\/fr\/wp-json\/wp\/v2\/product_tag?post=288775"}],"curies":[{"name":"wp","href":"https:\/\/api.w.org\/{rel}","templated":true}]}}