{"id":288778,"date":"2022-06-28T10:23:04","date_gmt":"2022-06-28T09:23:04","guid":{"rendered":"https:\/\/ecosupplements.be\/product\/huile-essentielle-huile-de-lavande-100-pure-10-ml\/"},"modified":"2025-08-27T14:46:25","modified_gmt":"2025-08-27T13:46:25","slug":"huile-essentielle-huile-de-lavande-100-pure-10-ml","status":"publish","type":"product","link":"https:\/\/ecosupplements.be\/fr\/produit\/huile-essentielle-huile-de-lavande-100-pure-10-ml\/","title":{"rendered":"Huile Essentielle, Huile de Lavande 100% Pure &#8211; 10 ml"},"content":{"rendered":"<h1>Essential \u2063Oil, Lavender Oil 100% \u2064Pure &#8211; 10 ml<\/h1>\n<p>D\u00e9couvrez \u2064les bienfaits apaisants et relaxants de\u200b l&#8217;huile essentielle de lavande 100% \u2064pure de la marque NOW Foods. Cette huile essentielle est extraite \u00e0\u200c partir de fleurs de lavande cultiv\u00e9es aux \u00c9tats-Unis,\u2064 garantissant ainsi une \u2064qualit\u00e9 et une puret\u00e9 exceptionnelles.<\/p>\n<h2>Caract\u00e9ristiques\u2064 sp\u00e9ciales<\/h2>\n<ul>\n<li>100% pure et naturelle<\/li>\n<li>Extraction \u00e0 la vapeur d&#8217;eau des\u200d fleurs \u2064de lavande<\/li>\n<li>Cultiv\u00e9e aux \u00c9tats-Unis<\/li>\n<li>Flacon \u2062de 10 ml avec\u2064 compte-gouttes pour une utilisation facile<\/li>\n<\/ul>\n<h2>Ingr\u00e9dients<\/h2>\n<p>Cette huile essentielle de \u2062lavande est compos\u00e9e \u200b\u00e0 100% \u2063d&#8217;huile\u200c de lavande \u2063pure, sans aucun ajout de produits chimiques ou de conservateurs. Elle est \u00e9galement sans OGM et \u200cconvient aux v\u00e9g\u00e9tariens et v\u00e9g\u00e9taliens.<\/p>\n<h2>Avantages uniques<\/h2>\n<p>L&#8217;huile essentielle de lavande est connue\u2063 pour ses propri\u00e9t\u00e9s apaisantes \u200cet relaxantes. Elle peut \u00eatre utilis\u00e9e \u2064en aromath\u00e9rapie pour r\u00e9duire \u2063le stress et l&#8217;anxi\u00e9t\u00e9, favoriser un\u2063 sommeil\u200d r\u00e9parateur et soulager les maux de \u2064t\u00eate\u2062 et \u200bles douleurs\u200b musculaires. Elle peut \u00e9galement \u00eatre utilis\u00e9e en tant qu&#8217;ingr\u00e9dient naturel dans les soins de\u200b la peau et les \u200dproduits de beaut\u00e9\u2063 pour ses \u2063propri\u00e9t\u00e9s hydratantes et apaisantes.<\/p>\n<h2>Principales caract\u00e9ristiques<\/h2>\n<ul>\n<li>Propri\u00e9t\u00e9s apaisantes et\u2064 relaxantes<\/li>\n<li>Utilisation en aromath\u00e9rapie et\u2062 dans les soins de la peau<\/li>\n<li>Flacon de 10 ml avec \u2063compte-gouttes pour une utilisation facile<\/li>\n<li>100% \u2063pure et\u200d naturelle<\/li>\n<li>Convient aux v\u00e9g\u00e9tariens\u2063 et v\u00e9g\u00e9taliens<\/li>\n<\/ul>\n<p>Ajoutez l&#8217;huile \u200cessentielle de \u2062lavande 100% pure de NOW Foods\u200c \u00e0 votre \u200broutine de bien-\u00eatre \u2062et profitez de ses nombreux bienfaits pour le\u2063 corps et\u200c l&#8217;esprit.<\/p>\n","protected":false},"excerpt":{"rendered":"<p>Essential \u2063Oil, Lavender Oil 100% \u2064Pure &#8211; 10 ml D\u00e9couvrez \u2064les bienfaits apaisants et relaxants de\u200b l&#8217;huile essentielle de lavande 100% \u2064pure de la marque NOW Foods. Cette huile essentielle est extraite \u00e0\u200c partir de fleurs de lavande cultiv\u00e9es aux \u00c9tats-Unis,\u2064 garantissant ainsi une \u2064qualit\u00e9 et une puret\u00e9 exceptionnelles. Caract\u00e9ristiques\u2064 sp\u00e9ciales 100% pure et naturelle [&#8230;]\n","protected":false},"featured_media":250332,"comment_status":"open","ping_status":"open","template":"","meta":[],"product_brand":[4733],"product_cat":[5131,5052],"product_tag":[],"class_list":{"0":"post-288778","1":"product","2":"type-product","3":"status-publish","4":"has-post-thumbnail","6":"product_brand-now-foods-2","7":"product_cat-aromatherapie","8":"product_cat-sante-et-bien-etre","10":"first","11":"instock","12":"taxable","13":"shipping-taxable","14":"purchasable","15":"product-type-simple"},"yoast_head":"<!-- This site is optimized with the Yoast SEO Premium plugin v27.3 (Yoast SEO v27.3) - https:\/\/yoast.com\/product\/yoast-seo-premium-wordpress\/ -->\n<title>Huile Essentielle, Huile de Lavande 100% Pure - 10 ml - ECO Supplements<\/title>\n<meta name=\"description\" content=\"Wij hebben een ruime keuze aan producten van Huile Essentielle, Huile de Lavande 100% Pure - 10 ml . Winkel bij Eco Supplements altijd gratis verzending boven 100\u20ac\" \/>\n<meta name=\"robots\" content=\"index, follow, max-snippet:-1, max-image-preview:large, max-video-preview:-1\" \/>\n<link rel=\"canonical\" href=\"https:\/\/ecosupplements.be\/fr\/produit\/huile-essentielle-huile-de-lavande-100-pure-10-ml\/\" \/>\n<meta property=\"og:locale\" content=\"fr_FR\" \/>\n<meta property=\"og:type\" content=\"article\" \/>\n<meta property=\"og:title\" content=\"Huile Essentielle, Huile de Lavande 100% Pure - 10 ml\" \/>\n<meta property=\"og:description\" content=\"Wij hebben een ruime keuze aan producten van Huile Essentielle, Huile de Lavande 100% Pure - 10 ml . Winkel bij Eco Supplements altijd gratis verzending boven 100\u20ac\" \/>\n<meta property=\"og:url\" content=\"https:\/\/ecosupplements.be\/fr\/produit\/huile-essentielle-huile-de-lavande-100-pure-10-ml\/\" \/>\n<meta property=\"og:site_name\" content=\"ECO Supplements\" \/>\n<meta property=\"article:modified_time\" content=\"2025-08-27T13:46:25+00:00\" \/>\n<meta property=\"og:image\" content=\"https:\/\/ecosupplements.be\/wp-content\/uploads\/2025\/08\/Essential-Oil-Lavender-Oil-100-Pure-10-ml-1.jpg\" \/>\n\t<meta property=\"og:image:width\" content=\"225\" \/>\n\t<meta property=\"og:image:height\" content=\"600\" \/>\n\t<meta property=\"og:image:type\" content=\"image\/jpeg\" \/>\n<meta name=\"twitter:card\" content=\"summary_large_image\" \/>\n<meta name=\"twitter:label1\" content=\"Prix\" \/>\n\t<meta name=\"twitter:data1\" content=\"6.07&nbsp;&euro;\" \/>\n\t<meta name=\"twitter:label2\" content=\"Disponibilit\u00e9\" \/>\n\t<meta name=\"twitter:data2\" content=\"En stock\" \/>\n<script type=\"application\/ld+json\" class=\"yoast-schema-graph\">{\"@context\":\"https:\\\/\\\/schema.org\",\"@graph\":[{\"@type\":[\"WebPage\",\"ItemPage\"],\"@id\":\"https:\\\/\\\/ecosupplements.be\\\/fr\\\/produit\\\/huile-essentielle-huile-de-lavande-100-pure-10-ml\\\/\",\"url\":\"https:\\\/\\\/ecosupplements.be\\\/fr\\\/produit\\\/huile-essentielle-huile-de-lavande-100-pure-10-ml\\\/\",\"name\":\"Huile Essentielle, Huile de Lavande 100% Pure - 10 ml - ECO Supplements\",\"isPartOf\":{\"@id\":\"https:\\\/\\\/ecosupplements.be\\\/fr\\\/#website\"},\"primaryImageOfPage\":{\"@id\":\"https:\\\/\\\/ecosupplements.be\\\/fr\\\/produit\\\/huile-essentielle-huile-de-lavande-100-pure-10-ml\\\/#primaryimage\"},\"image\":{\"@id\":\"https:\\\/\\\/ecosupplements.be\\\/fr\\\/produit\\\/huile-essentielle-huile-de-lavande-100-pure-10-ml\\\/#primaryimage\"},\"thumbnailUrl\":\"https:\\\/\\\/ecosupplements.be\\\/wp-content\\\/uploads\\\/2025\\\/08\\\/Essential-Oil-Lavender-Oil-100-Pure-10-ml.jpg\",\"datePublished\":\"2022-06-28T09:23:04+00:00\",\"dateModified\":\"2025-08-27T13:46:25+00:00\",\"description\":\"Wij hebben een ruime keuze aan producten van Huile Essentielle, Huile de Lavande 100% Pure - 10 ml . Winkel bij Eco Supplements altijd gratis verzending boven 100\u20ac\",\"breadcrumb\":{\"@id\":\"https:\\\/\\\/ecosupplements.be\\\/fr\\\/produit\\\/huile-essentielle-huile-de-lavande-100-pure-10-ml\\\/#breadcrumb\"},\"inLanguage\":\"fr-FR\",\"potentialAction\":[{\"@type\":\"ReadAction\",\"target\":[\"https:\\\/\\\/ecosupplements.be\\\/fr\\\/produit\\\/huile-essentielle-huile-de-lavande-100-pure-10-ml\\\/\"]}]},{\"@type\":\"ImageObject\",\"inLanguage\":\"fr-FR\",\"@id\":\"https:\\\/\\\/ecosupplements.be\\\/fr\\\/produit\\\/huile-essentielle-huile-de-lavande-100-pure-10-ml\\\/#primaryimage\",\"url\":\"https:\\\/\\\/ecosupplements.be\\\/wp-content\\\/uploads\\\/2025\\\/08\\\/Essential-Oil-Lavender-Oil-100-Pure-10-ml.jpg\",\"contentUrl\":\"https:\\\/\\\/ecosupplements.be\\\/wp-content\\\/uploads\\\/2025\\\/08\\\/Essential-Oil-Lavender-Oil-100-Pure-10-ml.jpg\",\"width\":750,\"height\":750},{\"@type\":\"BreadcrumbList\",\"@id\":\"https:\\\/\\\/ecosupplements.be\\\/fr\\\/produit\\\/huile-essentielle-huile-de-lavande-100-pure-10-ml\\\/#breadcrumb\",\"itemListElement\":[{\"@type\":\"ListItem\",\"position\":1,\"name\":\"Home\",\"item\":\"https:\\\/\\\/ecosupplements.be\\\/fr\\\/\"},{\"@type\":\"ListItem\",\"position\":2,\"name\":\"Boutique\",\"item\":\"https:\\\/\\\/ecosupplements.be\\\/fr\\\/boutique\\\/\"},{\"@type\":\"ListItem\",\"position\":3,\"name\":\"Huile Essentielle, Huile de Lavande 100% Pure &#8211; 10 ml\"}]},{\"@type\":\"WebSite\",\"@id\":\"https:\\\/\\\/ecosupplements.be\\\/fr\\\/#website\",\"url\":\"https:\\\/\\\/ecosupplements.be\\\/fr\\\/\",\"name\":\"ECO Supplements\",\"description\":\"Eco Supplements - Gezonde supplementen\",\"publisher\":{\"@id\":\"https:\\\/\\\/ecosupplements.be\\\/fr\\\/#organization\"},\"potentialAction\":[{\"@type\":\"SearchAction\",\"target\":{\"@type\":\"EntryPoint\",\"urlTemplate\":\"https:\\\/\\\/ecosupplements.be\\\/fr\\\/?s={search_term_string}\"},\"query-input\":{\"@type\":\"PropertyValueSpecification\",\"valueRequired\":true,\"valueName\":\"search_term_string\"}}],\"inLanguage\":\"fr-FR\"},{\"@type\":\"Organization\",\"@id\":\"https:\\\/\\\/ecosupplements.be\\\/fr\\\/#organization\",\"name\":\"Eco Supplements\",\"url\":\"https:\\\/\\\/ecosupplements.be\\\/fr\\\/\",\"logo\":{\"@type\":\"ImageObject\",\"inLanguage\":\"fr-FR\",\"@id\":\"https:\\\/\\\/ecosupplements.be\\\/fr\\\/#\\\/schema\\\/logo\\\/image\\\/\",\"url\":\"https:\\\/\\\/ecosupplements.be\\\/wp-content\\\/uploads\\\/2022\\\/06\\\/ecosupplement-family.png\",\"contentUrl\":\"https:\\\/\\\/ecosupplements.be\\\/wp-content\\\/uploads\\\/2022\\\/06\\\/ecosupplement-family.png\",\"width\":593,\"height\":374,\"caption\":\"Eco Supplements\"},\"image\":{\"@id\":\"https:\\\/\\\/ecosupplements.be\\\/fr\\\/#\\\/schema\\\/logo\\\/image\\\/\"}}]}<\/script>\n<meta property=\"product:brand\" content=\"NOW Foods\" \/>\n<meta property=\"product:price:amount\" content=\"6.07\" \/>\n<meta property=\"product:price:currency\" content=\"EUR\" \/>\n<meta property=\"og:availability\" content=\"instock\" \/>\n<meta property=\"product:availability\" content=\"instock\" \/>\n<meta property=\"product:retailer_item_id\" content=\"733739079008\" \/>\n<meta property=\"product:condition\" content=\"new\" \/>\n<!-- \/ Yoast SEO Premium plugin. -->","yoast_head_json":{"title":"Huile Essentielle, Huile de Lavande 100% Pure - 10 ml - ECO Supplements","description":"Wij hebben een ruime keuze aan producten van Huile Essentielle, Huile de Lavande 100% Pure - 10 ml . Winkel bij Eco Supplements altijd gratis verzending boven 100\u20ac","robots":{"index":"index","follow":"follow","max-snippet":"max-snippet:-1","max-image-preview":"max-image-preview:large","max-video-preview":"max-video-preview:-1"},"canonical":"https:\/\/ecosupplements.be\/fr\/produit\/huile-essentielle-huile-de-lavande-100-pure-10-ml\/","og_locale":"fr_FR","og_type":"article","og_title":"Huile Essentielle, Huile de Lavande 100% Pure - 10 ml","og_description":"Wij hebben een ruime keuze aan producten van Huile Essentielle, Huile de Lavande 100% Pure - 10 ml . Winkel bij Eco Supplements altijd gratis verzending boven 100\u20ac","og_url":"https:\/\/ecosupplements.be\/fr\/produit\/huile-essentielle-huile-de-lavande-100-pure-10-ml\/","og_site_name":"ECO Supplements","article_modified_time":"2025-08-27T13:46:25+00:00","og_image":[{"width":225,"height":600,"url":"https:\/\/ecosupplements.be\/wp-content\/uploads\/2025\/08\/Essential-Oil-Lavender-Oil-100-Pure-10-ml-1.jpg","type":"image\/jpeg"}],"twitter_card":"summary_large_image","twitter_misc":{"Prix":"6.07&nbsp;&euro;","Disponibilit\u00e9":"En stock"},"schema":{"@context":"https:\/\/schema.org","@graph":[{"@type":["WebPage","ItemPage"],"@id":"https:\/\/ecosupplements.be\/fr\/produit\/huile-essentielle-huile-de-lavande-100-pure-10-ml\/","url":"https:\/\/ecosupplements.be\/fr\/produit\/huile-essentielle-huile-de-lavande-100-pure-10-ml\/","name":"Huile Essentielle, Huile de Lavande 100% Pure - 10 ml - ECO Supplements","isPartOf":{"@id":"https:\/\/ecosupplements.be\/fr\/#website"},"primaryImageOfPage":{"@id":"https:\/\/ecosupplements.be\/fr\/produit\/huile-essentielle-huile-de-lavande-100-pure-10-ml\/#primaryimage"},"image":{"@id":"https:\/\/ecosupplements.be\/fr\/produit\/huile-essentielle-huile-de-lavande-100-pure-10-ml\/#primaryimage"},"thumbnailUrl":"https:\/\/ecosupplements.be\/wp-content\/uploads\/2025\/08\/Essential-Oil-Lavender-Oil-100-Pure-10-ml.jpg","datePublished":"2022-06-28T09:23:04+00:00","dateModified":"2025-08-27T13:46:25+00:00","description":"Wij hebben een ruime keuze aan producten van Huile Essentielle, Huile de Lavande 100% Pure - 10 ml . Winkel bij Eco Supplements altijd gratis verzending boven 100\u20ac","breadcrumb":{"@id":"https:\/\/ecosupplements.be\/fr\/produit\/huile-essentielle-huile-de-lavande-100-pure-10-ml\/#breadcrumb"},"inLanguage":"fr-FR","potentialAction":[{"@type":"ReadAction","target":["https:\/\/ecosupplements.be\/fr\/produit\/huile-essentielle-huile-de-lavande-100-pure-10-ml\/"]}]},{"@type":"ImageObject","inLanguage":"fr-FR","@id":"https:\/\/ecosupplements.be\/fr\/produit\/huile-essentielle-huile-de-lavande-100-pure-10-ml\/#primaryimage","url":"https:\/\/ecosupplements.be\/wp-content\/uploads\/2025\/08\/Essential-Oil-Lavender-Oil-100-Pure-10-ml.jpg","contentUrl":"https:\/\/ecosupplements.be\/wp-content\/uploads\/2025\/08\/Essential-Oil-Lavender-Oil-100-Pure-10-ml.jpg","width":750,"height":750},{"@type":"BreadcrumbList","@id":"https:\/\/ecosupplements.be\/fr\/produit\/huile-essentielle-huile-de-lavande-100-pure-10-ml\/#breadcrumb","itemListElement":[{"@type":"ListItem","position":1,"name":"Home","item":"https:\/\/ecosupplements.be\/fr\/"},{"@type":"ListItem","position":2,"name":"Boutique","item":"https:\/\/ecosupplements.be\/fr\/boutique\/"},{"@type":"ListItem","position":3,"name":"Huile Essentielle, Huile de Lavande 100% Pure &#8211; 10 ml"}]},{"@type":"WebSite","@id":"https:\/\/ecosupplements.be\/fr\/#website","url":"https:\/\/ecosupplements.be\/fr\/","name":"ECO Supplements","description":"Eco Supplements - Gezonde supplementen","publisher":{"@id":"https:\/\/ecosupplements.be\/fr\/#organization"},"potentialAction":[{"@type":"SearchAction","target":{"@type":"EntryPoint","urlTemplate":"https:\/\/ecosupplements.be\/fr\/?s={search_term_string}"},"query-input":{"@type":"PropertyValueSpecification","valueRequired":true,"valueName":"search_term_string"}}],"inLanguage":"fr-FR"},{"@type":"Organization","@id":"https:\/\/ecosupplements.be\/fr\/#organization","name":"Eco Supplements","url":"https:\/\/ecosupplements.be\/fr\/","logo":{"@type":"ImageObject","inLanguage":"fr-FR","@id":"https:\/\/ecosupplements.be\/fr\/#\/schema\/logo\/image\/","url":"https:\/\/ecosupplements.be\/wp-content\/uploads\/2022\/06\/ecosupplement-family.png","contentUrl":"https:\/\/ecosupplements.be\/wp-content\/uploads\/2022\/06\/ecosupplement-family.png","width":593,"height":374,"caption":"Eco Supplements"},"image":{"@id":"https:\/\/ecosupplements.be\/fr\/#\/schema\/logo\/image\/"}}]},"product_brand":"NOW Foods","product_price_amount":"6.07","product_price_currency":"EUR","og_availability":"instock","product_availability":"instock","product_retailer_item_id":"733739079008","product_condition":"new"},"_links":{"self":[{"href":"https:\/\/ecosupplements.be\/fr\/wp-json\/wp\/v2\/product\/288778","targetHints":{"allow":["GET"]}}],"collection":[{"href":"https:\/\/ecosupplements.be\/fr\/wp-json\/wp\/v2\/product"}],"about":[{"href":"https:\/\/ecosupplements.be\/fr\/wp-json\/wp\/v2\/types\/product"}],"replies":[{"embeddable":true,"href":"https:\/\/ecosupplements.be\/fr\/wp-json\/wp\/v2\/comments?post=288778"}],"wp:featuredmedia":[{"embeddable":true,"href":"https:\/\/ecosupplements.be\/fr\/wp-json\/wp\/v2\/media\/250332"}],"wp:attachment":[{"href":"https:\/\/ecosupplements.be\/fr\/wp-json\/wp\/v2\/media?parent=288778"}],"wp:term":[{"taxonomy":"product_brand","embeddable":true,"href":"https:\/\/ecosupplements.be\/fr\/wp-json\/wp\/v2\/product_brand?post=288778"},{"taxonomy":"product_cat","embeddable":true,"href":"https:\/\/ecosupplements.be\/fr\/wp-json\/wp\/v2\/product_cat?post=288778"},{"taxonomy":"product_tag","embeddable":true,"href":"https:\/\/ecosupplements.be\/fr\/wp-json\/wp\/v2\/product_tag?post=288778"}],"curies":[{"name":"wp","href":"https:\/\/api.w.org\/{rel}","templated":true}]}}