{"id":288811,"date":"2022-06-28T10:23:11","date_gmt":"2022-06-28T09:23:11","guid":{"rendered":"https:\/\/ecosupplements.be\/product\/huile-essentielle-huile-dorange-pure-118-ml\/"},"modified":"2025-08-27T14:46:56","modified_gmt":"2025-08-27T13:46:56","slug":"huile-essentielle-huile-dorange-pure-118-ml","status":"publish","type":"product","link":"https:\/\/ecosupplements.be\/fr\/produit\/huile-essentielle-huile-dorange-pure-118-ml\/","title":{"rendered":"Huile Essentielle, Huile d&#8217;Orange Pure &#8211; 118 ml"},"content":{"rendered":"<h1>Essential Oil, Orange Oil Pure &#8211; 118 ml<\/h1>\n<p>D\u00e9couvrez les bienfaits\u2062 de l&#8217;huile essentielle d&#8217;orange pure\u200b de la marque NOW\u200d Foods. Cette huile est extraite\u2064 \u00e0\u2064 froid \u00e0 partir d&#8217;\u00e9corces\u2063 d&#8217;oranges fra\u00eeches, ce qui garantit une \u200bqualit\u00e9 et une puret\u00e9 exceptionnelles.<\/p>\n<h2>Caract\u00e9ristiques sp\u00e9ciales:<\/h2>\n<ul>\n<li>100% pure et naturelle<\/li>\n<li>Extraction \u00e0 froid pour une\u200d qualit\u00e9 \u2062optimale<\/li>\n<li>Contient des antioxydants \u200bpuissants<\/li>\n<li>Ar\u00f4me frais et fruit\u00e9<\/li>\n<li>Convient pour une utilisation en aromath\u00e9rapie<\/li>\n<\/ul>\n<h2>Ingr\u00e9dients:<\/h2>\n<p>Cette huile essentielle d&#8217;orange pure est\u200d compos\u00e9e \u00e0 100% d&#8217;huile d&#8217;\u00e9corce d&#8217;orange (Citrus sinensis).<\/p>\n<h2>Avantages uniques:<\/h2>\n<p>L&#8217;huile essentielle\u200b d&#8217;orange est connue pour\u2063 ses propri\u00e9t\u00e9s apaisantes et relaxantes. Elle peut \u00e9galement aider \u200b\u00e0 stimuler l&#8217;humeur et \u00e0 r\u00e9duire le stress et l&#8217;anxi\u00e9t\u00e9. \u2062En plus de ses bienfaits pour le bien-\u00eatre mental, cette huile peut \u00e9galement \u00eatre utilis\u00e9e pour am\u00e9liorer l&#8217;apparence\u2063 de la peau et des cheveux gr\u00e2ce\u200b \u00e0 ses propri\u00e9t\u00e9s antioxydantes.<\/p>\n<h2>Principales caract\u00e9ristiques:<\/h2>\n<ul>\n<li>Contient 118 ml d&#8217;huile essentielle d&#8217;orange pure<\/li>\n<li>Flacon en \u2063verre ambr\u00e9 pour prot\u00e9ger l&#8217;huile \u200dde\u200d la lumi\u00e8re<\/li>\n<li>Facile \u200c\u00e0 utiliser gr\u00e2ce \u2062\u00e0 son bouchon compte-gouttes<\/li>\n<li>Convient pour une utilisation en diffusion, en inhalation ou en application \u2062topique<\/li>\n<li>Produit non test\u00e9\u200c sur les animaux<\/li>\n<\/ul>\n<p>Ajoutez \u200dl&#8217;huile essentielle\u200c d&#8217;orange \u200bpure de NOW Foods \u00e0 votre routine de bien-\u00eatre pour profiter de ses nombreux bienfaits pour le corps et l&#8217;esprit. \u2062Commandez d\u00e8s maintenant et d\u00e9couvrez \u200dpar \u2063vous-m\u00eame les \u200bmerveilles de cette huile \u200dessentielle naturelle.<\/p>\n","protected":false},"excerpt":{"rendered":"<p>Essential Oil, Orange Oil Pure &#8211; 118 ml D\u00e9couvrez les bienfaits\u2062 de l&#8217;huile essentielle d&#8217;orange pure\u200b de la marque NOW\u200d Foods. Cette huile est extraite\u2064 \u00e0\u2064 froid \u00e0 partir d&#8217;\u00e9corces\u2063 d&#8217;oranges fra\u00eeches, ce qui garantit une \u200bqualit\u00e9 et une puret\u00e9 exceptionnelles. Caract\u00e9ristiques sp\u00e9ciales: 100% pure et naturelle Extraction \u00e0 froid pour une\u200d qualit\u00e9 \u2062optimale Contient [&#8230;]\n","protected":false},"featured_media":250407,"comment_status":"open","ping_status":"open","template":"","meta":[],"product_brand":[4733],"product_cat":[5131,5132,5052],"product_tag":[],"class_list":{"0":"post-288811","1":"product","2":"type-product","3":"status-publish","4":"has-post-thumbnail","6":"product_brand-now-foods-2","7":"product_cat-aromatherapie","8":"product_cat-huiles-essentielles","9":"product_cat-sante-et-bien-etre","11":"first","12":"instock","13":"taxable","14":"shipping-taxable","15":"purchasable","16":"product-type-simple"},"yoast_head":"<!-- This site is optimized with the Yoast SEO Premium plugin v27.5 (Yoast SEO v27.5) - https:\/\/yoast.com\/product\/yoast-seo-premium-wordpress\/ -->\n<title>Huile Essentielle, Huile d&#039;Orange Pure - 118 ml - ECO Supplements<\/title>\n<meta name=\"description\" content=\"Wij hebben een ruime keuze aan producten van Huile Essentielle, Huile d&#039;Orange Pure - 118 ml . Winkel bij Eco Supplements altijd gratis verzending boven 100\u20ac\" \/>\n<meta name=\"robots\" content=\"index, follow, max-snippet:-1, max-image-preview:large, max-video-preview:-1\" \/>\n<link rel=\"canonical\" href=\"https:\/\/ecosupplements.be\/fr\/produit\/huile-essentielle-huile-dorange-pure-118-ml\/\" \/>\n<meta property=\"og:locale\" content=\"fr_FR\" \/>\n<meta property=\"og:type\" content=\"article\" \/>\n<meta property=\"og:title\" content=\"Huile Essentielle, Huile d&#039;Orange Pure - 118 ml\" \/>\n<meta property=\"og:description\" content=\"Wij hebben een ruime keuze aan producten van Huile Essentielle, Huile d&#039;Orange Pure - 118 ml . Winkel bij Eco Supplements altijd gratis verzending boven 100\u20ac\" \/>\n<meta property=\"og:url\" content=\"https:\/\/ecosupplements.be\/fr\/produit\/huile-essentielle-huile-dorange-pure-118-ml\/\" \/>\n<meta property=\"og:site_name\" content=\"ECO Supplements\" \/>\n<meta property=\"article:modified_time\" content=\"2025-08-27T13:46:56+00:00\" \/>\n<meta property=\"og:image\" content=\"https:\/\/ecosupplements.be\/wp-content\/uploads\/2025\/08\/Essential-Oil-Orange-Oil-Pure-118-ml.jpg\" \/>\n\t<meta property=\"og:image:width\" content=\"368\" \/>\n\t<meta property=\"og:image:height\" content=\"880\" \/>\n\t<meta property=\"og:image:type\" content=\"image\/jpeg\" \/>\n<meta name=\"twitter:card\" content=\"summary_large_image\" \/>\n<meta name=\"twitter:label1\" content=\"Prix\" \/>\n\t<meta name=\"twitter:data1\" content=\"11.09&nbsp;&euro;\" \/>\n\t<meta name=\"twitter:label2\" content=\"Disponibilit\u00e9\" \/>\n\t<meta name=\"twitter:data2\" content=\"En stock\" \/>\n<script type=\"application\/ld+json\" class=\"yoast-schema-graph\">{\"@context\":\"https:\\\/\\\/schema.org\",\"@graph\":[{\"@type\":[\"WebPage\",\"ItemPage\"],\"@id\":\"https:\\\/\\\/ecosupplements.be\\\/fr\\\/produit\\\/huile-essentielle-huile-dorange-pure-118-ml\\\/\",\"url\":\"https:\\\/\\\/ecosupplements.be\\\/fr\\\/produit\\\/huile-essentielle-huile-dorange-pure-118-ml\\\/\",\"name\":\"Huile Essentielle, Huile d'Orange Pure - 118 ml - ECO Supplements\",\"isPartOf\":{\"@id\":\"https:\\\/\\\/ecosupplements.be\\\/fr\\\/#website\"},\"primaryImageOfPage\":{\"@id\":\"https:\\\/\\\/ecosupplements.be\\\/fr\\\/produit\\\/huile-essentielle-huile-dorange-pure-118-ml\\\/#primaryimage\"},\"image\":{\"@id\":\"https:\\\/\\\/ecosupplements.be\\\/fr\\\/produit\\\/huile-essentielle-huile-dorange-pure-118-ml\\\/#primaryimage\"},\"thumbnailUrl\":\"https:\\\/\\\/ecosupplements.be\\\/wp-content\\\/uploads\\\/2025\\\/08\\\/NOW-Foods-Essential-Oil-Orange-Oil-Pure-118-ml.jpg\",\"datePublished\":\"2022-06-28T09:23:11+00:00\",\"dateModified\":\"2025-08-27T13:46:56+00:00\",\"description\":\"Wij hebben een ruime keuze aan producten van Huile Essentielle, Huile d'Orange Pure - 118 ml . Winkel bij Eco Supplements altijd gratis verzending boven 100\u20ac\",\"breadcrumb\":{\"@id\":\"https:\\\/\\\/ecosupplements.be\\\/fr\\\/produit\\\/huile-essentielle-huile-dorange-pure-118-ml\\\/#breadcrumb\"},\"inLanguage\":\"fr-FR\",\"potentialAction\":[{\"@type\":\"ReadAction\",\"target\":[\"https:\\\/\\\/ecosupplements.be\\\/fr\\\/produit\\\/huile-essentielle-huile-dorange-pure-118-ml\\\/\"]}]},{\"@type\":\"ImageObject\",\"inLanguage\":\"fr-FR\",\"@id\":\"https:\\\/\\\/ecosupplements.be\\\/fr\\\/produit\\\/huile-essentielle-huile-dorange-pure-118-ml\\\/#primaryimage\",\"url\":\"https:\\\/\\\/ecosupplements.be\\\/wp-content\\\/uploads\\\/2025\\\/08\\\/NOW-Foods-Essential-Oil-Orange-Oil-Pure-118-ml.jpg\",\"contentUrl\":\"https:\\\/\\\/ecosupplements.be\\\/wp-content\\\/uploads\\\/2025\\\/08\\\/NOW-Foods-Essential-Oil-Orange-Oil-Pure-118-ml.jpg\",\"width\":750,\"height\":750},{\"@type\":\"BreadcrumbList\",\"@id\":\"https:\\\/\\\/ecosupplements.be\\\/fr\\\/produit\\\/huile-essentielle-huile-dorange-pure-118-ml\\\/#breadcrumb\",\"itemListElement\":[{\"@type\":\"ListItem\",\"position\":1,\"name\":\"Home\",\"item\":\"https:\\\/\\\/ecosupplements.be\\\/fr\\\/\"},{\"@type\":\"ListItem\",\"position\":2,\"name\":\"Boutique\",\"item\":\"https:\\\/\\\/ecosupplements.be\\\/fr\\\/boutique\\\/\"},{\"@type\":\"ListItem\",\"position\":3,\"name\":\"Huile Essentielle, Huile d&#8217;Orange Pure &#8211; 118 ml\"}]},{\"@type\":\"WebSite\",\"@id\":\"https:\\\/\\\/ecosupplements.be\\\/fr\\\/#website\",\"url\":\"https:\\\/\\\/ecosupplements.be\\\/fr\\\/\",\"name\":\"ECO Supplements\",\"description\":\"Eco Supplements - Gezonde supplementen\",\"publisher\":{\"@id\":\"https:\\\/\\\/ecosupplements.be\\\/fr\\\/#organization\"},\"potentialAction\":[{\"@type\":\"SearchAction\",\"target\":{\"@type\":\"EntryPoint\",\"urlTemplate\":\"https:\\\/\\\/ecosupplements.be\\\/fr\\\/?s={search_term_string}\"},\"query-input\":{\"@type\":\"PropertyValueSpecification\",\"valueRequired\":true,\"valueName\":\"search_term_string\"}}],\"inLanguage\":\"fr-FR\"},{\"@type\":\"Organization\",\"@id\":\"https:\\\/\\\/ecosupplements.be\\\/fr\\\/#organization\",\"name\":\"Eco Supplements\",\"url\":\"https:\\\/\\\/ecosupplements.be\\\/fr\\\/\",\"logo\":{\"@type\":\"ImageObject\",\"inLanguage\":\"fr-FR\",\"@id\":\"https:\\\/\\\/ecosupplements.be\\\/fr\\\/#\\\/schema\\\/logo\\\/image\\\/\",\"url\":\"https:\\\/\\\/ecosupplements.be\\\/wp-content\\\/uploads\\\/2022\\\/06\\\/ecosupplement-family.png\",\"contentUrl\":\"https:\\\/\\\/ecosupplements.be\\\/wp-content\\\/uploads\\\/2022\\\/06\\\/ecosupplement-family.png\",\"width\":593,\"height\":374,\"caption\":\"Eco Supplements\"},\"image\":{\"@id\":\"https:\\\/\\\/ecosupplements.be\\\/fr\\\/#\\\/schema\\\/logo\\\/image\\\/\"}}]}<\/script>\n<meta property=\"product:brand\" content=\"NOW Foods\" \/>\n<meta property=\"product:price:amount\" content=\"11.09\" \/>\n<meta property=\"product:price:currency\" content=\"EUR\" \/>\n<meta property=\"og:availability\" content=\"instock\" \/>\n<meta property=\"product:availability\" content=\"instock\" \/>\n<meta property=\"product:retailer_item_id\" content=\"733739075789\" \/>\n<meta property=\"product:condition\" content=\"new\" \/>\n<!-- \/ Yoast SEO Premium plugin. -->","yoast_head_json":{"title":"Huile Essentielle, Huile d'Orange Pure - 118 ml - ECO Supplements","description":"Wij hebben een ruime keuze aan producten van Huile Essentielle, Huile d'Orange Pure - 118 ml . Winkel bij Eco Supplements altijd gratis verzending boven 100\u20ac","robots":{"index":"index","follow":"follow","max-snippet":"max-snippet:-1","max-image-preview":"max-image-preview:large","max-video-preview":"max-video-preview:-1"},"canonical":"https:\/\/ecosupplements.be\/fr\/produit\/huile-essentielle-huile-dorange-pure-118-ml\/","og_locale":"fr_FR","og_type":"article","og_title":"Huile Essentielle, Huile d'Orange Pure - 118 ml","og_description":"Wij hebben een ruime keuze aan producten van Huile Essentielle, Huile d'Orange Pure - 118 ml . Winkel bij Eco Supplements altijd gratis verzending boven 100\u20ac","og_url":"https:\/\/ecosupplements.be\/fr\/produit\/huile-essentielle-huile-dorange-pure-118-ml\/","og_site_name":"ECO Supplements","article_modified_time":"2025-08-27T13:46:56+00:00","og_image":[{"width":368,"height":880,"url":"https:\/\/ecosupplements.be\/wp-content\/uploads\/2025\/08\/Essential-Oil-Orange-Oil-Pure-118-ml.jpg","type":"image\/jpeg"}],"twitter_card":"summary_large_image","twitter_misc":{"Prix":"11.09&nbsp;&euro;","Disponibilit\u00e9":"En stock"},"schema":{"@context":"https:\/\/schema.org","@graph":[{"@type":["WebPage","ItemPage"],"@id":"https:\/\/ecosupplements.be\/fr\/produit\/huile-essentielle-huile-dorange-pure-118-ml\/","url":"https:\/\/ecosupplements.be\/fr\/produit\/huile-essentielle-huile-dorange-pure-118-ml\/","name":"Huile Essentielle, Huile d'Orange Pure - 118 ml - ECO Supplements","isPartOf":{"@id":"https:\/\/ecosupplements.be\/fr\/#website"},"primaryImageOfPage":{"@id":"https:\/\/ecosupplements.be\/fr\/produit\/huile-essentielle-huile-dorange-pure-118-ml\/#primaryimage"},"image":{"@id":"https:\/\/ecosupplements.be\/fr\/produit\/huile-essentielle-huile-dorange-pure-118-ml\/#primaryimage"},"thumbnailUrl":"https:\/\/ecosupplements.be\/wp-content\/uploads\/2025\/08\/NOW-Foods-Essential-Oil-Orange-Oil-Pure-118-ml.jpg","datePublished":"2022-06-28T09:23:11+00:00","dateModified":"2025-08-27T13:46:56+00:00","description":"Wij hebben een ruime keuze aan producten van Huile Essentielle, Huile d'Orange Pure - 118 ml . Winkel bij Eco Supplements altijd gratis verzending boven 100\u20ac","breadcrumb":{"@id":"https:\/\/ecosupplements.be\/fr\/produit\/huile-essentielle-huile-dorange-pure-118-ml\/#breadcrumb"},"inLanguage":"fr-FR","potentialAction":[{"@type":"ReadAction","target":["https:\/\/ecosupplements.be\/fr\/produit\/huile-essentielle-huile-dorange-pure-118-ml\/"]}]},{"@type":"ImageObject","inLanguage":"fr-FR","@id":"https:\/\/ecosupplements.be\/fr\/produit\/huile-essentielle-huile-dorange-pure-118-ml\/#primaryimage","url":"https:\/\/ecosupplements.be\/wp-content\/uploads\/2025\/08\/NOW-Foods-Essential-Oil-Orange-Oil-Pure-118-ml.jpg","contentUrl":"https:\/\/ecosupplements.be\/wp-content\/uploads\/2025\/08\/NOW-Foods-Essential-Oil-Orange-Oil-Pure-118-ml.jpg","width":750,"height":750},{"@type":"BreadcrumbList","@id":"https:\/\/ecosupplements.be\/fr\/produit\/huile-essentielle-huile-dorange-pure-118-ml\/#breadcrumb","itemListElement":[{"@type":"ListItem","position":1,"name":"Home","item":"https:\/\/ecosupplements.be\/fr\/"},{"@type":"ListItem","position":2,"name":"Boutique","item":"https:\/\/ecosupplements.be\/fr\/boutique\/"},{"@type":"ListItem","position":3,"name":"Huile Essentielle, Huile d&#8217;Orange Pure &#8211; 118 ml"}]},{"@type":"WebSite","@id":"https:\/\/ecosupplements.be\/fr\/#website","url":"https:\/\/ecosupplements.be\/fr\/","name":"ECO Supplements","description":"Eco Supplements - Gezonde supplementen","publisher":{"@id":"https:\/\/ecosupplements.be\/fr\/#organization"},"potentialAction":[{"@type":"SearchAction","target":{"@type":"EntryPoint","urlTemplate":"https:\/\/ecosupplements.be\/fr\/?s={search_term_string}"},"query-input":{"@type":"PropertyValueSpecification","valueRequired":true,"valueName":"search_term_string"}}],"inLanguage":"fr-FR"},{"@type":"Organization","@id":"https:\/\/ecosupplements.be\/fr\/#organization","name":"Eco Supplements","url":"https:\/\/ecosupplements.be\/fr\/","logo":{"@type":"ImageObject","inLanguage":"fr-FR","@id":"https:\/\/ecosupplements.be\/fr\/#\/schema\/logo\/image\/","url":"https:\/\/ecosupplements.be\/wp-content\/uploads\/2022\/06\/ecosupplement-family.png","contentUrl":"https:\/\/ecosupplements.be\/wp-content\/uploads\/2022\/06\/ecosupplement-family.png","width":593,"height":374,"caption":"Eco Supplements"},"image":{"@id":"https:\/\/ecosupplements.be\/fr\/#\/schema\/logo\/image\/"}}]},"product_brand":"NOW Foods","product_price_amount":"11.09","product_price_currency":"EUR","og_availability":"instock","product_availability":"instock","product_retailer_item_id":"733739075789","product_condition":"new"},"_links":{"self":[{"href":"https:\/\/ecosupplements.be\/fr\/wp-json\/wp\/v2\/product\/288811","targetHints":{"allow":["GET"]}}],"collection":[{"href":"https:\/\/ecosupplements.be\/fr\/wp-json\/wp\/v2\/product"}],"about":[{"href":"https:\/\/ecosupplements.be\/fr\/wp-json\/wp\/v2\/types\/product"}],"replies":[{"embeddable":true,"href":"https:\/\/ecosupplements.be\/fr\/wp-json\/wp\/v2\/comments?post=288811"}],"wp:featuredmedia":[{"embeddable":true,"href":"https:\/\/ecosupplements.be\/fr\/wp-json\/wp\/v2\/media\/250407"}],"wp:attachment":[{"href":"https:\/\/ecosupplements.be\/fr\/wp-json\/wp\/v2\/media?parent=288811"}],"wp:term":[{"taxonomy":"product_brand","embeddable":true,"href":"https:\/\/ecosupplements.be\/fr\/wp-json\/wp\/v2\/product_brand?post=288811"},{"taxonomy":"product_cat","embeddable":true,"href":"https:\/\/ecosupplements.be\/fr\/wp-json\/wp\/v2\/product_cat?post=288811"},{"taxonomy":"product_tag","embeddable":true,"href":"https:\/\/ecosupplements.be\/fr\/wp-json\/wp\/v2\/product_tag?post=288811"}],"curies":[{"name":"wp","href":"https:\/\/api.w.org\/{rel}","templated":true}]}}