{"id":288826,"date":"2022-06-28T10:23:11","date_gmt":"2022-06-28T09:23:11","guid":{"rendered":"https:\/\/ecosupplements.be\/product\/huile-essentielle-melange-dhuile-peace-love-flowers-30-ml\/"},"modified":"2025-08-27T14:47:14","modified_gmt":"2025-08-27T13:47:14","slug":"huile-essentielle-melange-dhuile-peace-love-flowers-30-ml","status":"publish","type":"product","link":"https:\/\/ecosupplements.be\/fr\/produit\/huile-essentielle-melange-dhuile-peace-love-flowers-30-ml\/","title":{"rendered":"Huile Essentielle, M\u00e9lange d&#8217;Huile Peace Love &#038; Flowers &#8211; 30 ml"},"content":{"rendered":"<h1>D\u00e9couvrez notre huile\u2062 essentielle Peace Love &#038; Flowers<\/h1>\n<p>Notre huile essentielle Peace Love &#038; Flowers est un m\u00e9lange unique d&#8217;huiles \u2064essentielles pures \u2064et\u2063 naturelles, \u200dcon\u00e7u pour apporter \u200dpaix, amour et bonheur\u2062 dans votre\u200b vie. Ce m\u00e9lange\u2063 a \u00e9t\u00e9 soigneusement cr\u00e9\u00e9 par nos experts en aromath\u00e9rapie pour vous offrir une exp\u00e9rience olfactive agr\u00e9able et b\u00e9n\u00e9fique.<\/p>\n<h2>Caract\u00e9ristiques\u2064 sp\u00e9ciales<\/h2>\n<ul>\n<li>M\u00e9lange d&#8217;huiles essentielles pures et naturelles<\/li>\n<li>Con\u00e7u\u2063 pour apporter paix, amour et bonheur<\/li>\n<li>Cr\u00e9\u00e9 par nos experts en aromath\u00e9rapie<\/li>\n<li>Exp\u00e9rience olfactive agr\u00e9able et b\u00e9n\u00e9fique<\/li>\n<\/ul>\n<h2>Ingr\u00e9dients<\/h2>\n<p>Nous utilisons uniquement des \u200dingr\u00e9dients\u2062 de haute qualit\u00e9 pour cr\u00e9er notre huile essentielle Peace\u2063 Love \u2064&#038; Flowers. Ce m\u00e9lange contient :<\/p>\n<ul>\n<li>Huile essentielle \u2063de lavande<\/li>\n<li>Huile essentielle de g\u00e9ranium<\/li>\n<li>Huile essentielle de bergamote<\/li>\n<li>Huile essentielle de ylang-ylang<\/li>\n<li>Huile essentielle de patchouli<\/li>\n<\/ul>\n<h2>Avantages uniques<\/h2>\n<p>Chaque \u2064huile essentielle de notre m\u00e9lange Peace Love &#038; Flowers a ses propres \u2062bienfaits uniques \u2064pour votre\u200b bien-\u00eatre. Ensemble, elles cr\u00e9ent une synergie puissante pour vous aider \u00e0\u2064 :<\/p>\n<ul>\n<li>Apaiser l&#8217;esprit et r\u00e9duire \u2062le stress<\/li>\n<li>Am\u00e9liorer l&#8217;humeur et \u2063favoriser la relaxation<\/li>\n<li>\u00c9quilibrer les \u00e9motions et favoriser la paix\u2063 int\u00e9rieure<\/li>\n<li>Am\u00e9liorer la qualit\u00e9 du sommeil<\/li>\n<li>Renforcer le syst\u00e8me immunitaire<\/li>\n<\/ul>\n<h2>Utilisation sugg\u00e9r\u00e9e<\/h2>\n<p>Pour profiter des bienfaits de notre huile essentielle\u2064 Peace Love &#038; Flowers, vous pouvez l&#8217;utiliser de diff\u00e9rentes mani\u00e8res :<\/p>\n<ul>\n<li>Ajoutez quelques \u200bgouttes dans un diffuseur pour cr\u00e9er une \u2064ambiance apaisante et relaxante dans votre \u2063maison<\/li>\n<li>M\u00e9langez quelques \u2062gouttes avec une huile v\u00e9g\u00e9tale pour cr\u00e9er une huile de massage relaxante<\/li>\n<li>Ajoutez quelques gouttes dans votre bain\u200d pour un moment de d\u00e9tente ultime<\/li>\n<li>Appliquez une goutte \u2062sur vos poignets et respirez profond\u00e9ment pour un effet calmant imm\u00e9diat<\/li>\n<\/ul>\n<h2>Qualit\u00e9 garantie<\/h2>\n<p>Chez NOW Foods, nous sommes fiers de \u200bla qualit\u00e9 de nos produits.\u2062 Notre huile essentielle \u200dPeace Love &#038; Flowers est test\u00e9e en laboratoire pour\u200d garantir sa puret\u00e9 et sa qualit\u00e9. Nous n&#8217;utilisons aucun ingr\u00e9dient\u2062 synth\u00e9tique ou additif dans nos m\u00e9langes d&#8217;huiles essentielles.<\/p>\n<p>Offrez-vous \u2063un moment de paix et d&#8217;amour avec notre huile essentielle Peace Love &#038; Flowers. \u2062Commandez \u2064d\u00e8s maintenant et profitez de ses bienfaits uniques pour votre bien-\u00eatre.<\/p>\n","protected":false},"excerpt":{"rendered":"<p>D\u00e9couvrez notre huile\u2062 essentielle Peace Love &#038; Flowers Notre huile essentielle Peace Love &#038; Flowers est un m\u00e9lange unique d&#8217;huiles \u2064essentielles pures \u2064et\u2063 naturelles, \u200dcon\u00e7u pour apporter \u200dpaix, amour et bonheur\u2062 dans votre\u200b vie. Ce m\u00e9lange\u2063 a \u00e9t\u00e9 soigneusement cr\u00e9\u00e9 par nos experts en aromath\u00e9rapie pour vous offrir une exp\u00e9rience olfactive agr\u00e9able et b\u00e9n\u00e9fique. Caract\u00e9ristiques\u2064 [&#8230;]\n","protected":false},"featured_media":250434,"comment_status":"open","ping_status":"open","template":"","meta":[],"product_brand":[4733],"product_cat":[5131,5132,5052],"product_tag":[],"class_list":{"0":"post-288826","1":"product","2":"type-product","3":"status-publish","4":"has-post-thumbnail","6":"product_brand-now-foods-2","7":"product_cat-aromatherapie","8":"product_cat-huiles-essentielles","9":"product_cat-sante-et-bien-etre","11":"first","12":"instock","13":"taxable","14":"shipping-taxable","15":"purchasable","16":"product-type-simple"},"yoast_head":"<!-- This site is optimized with the Yoast SEO Premium plugin v27.3 (Yoast SEO v27.3) - https:\/\/yoast.com\/product\/yoast-seo-premium-wordpress\/ -->\n<title>Huile Essentielle, M\u00e9lange d&#039;Huile Peace Love &amp; Flowers - 30 ml - ECO Supplements<\/title>\n<meta name=\"description\" content=\"Wij hebben een ruime keuze aan producten van Huile Essentielle, M\u00e9lange d&#039;Huile Peace Love &amp; Flowers - 30 ml . Winkel bij Eco Supplements altijd gratis verzending boven 100\u20ac\" \/>\n<meta name=\"robots\" content=\"index, follow, max-snippet:-1, max-image-preview:large, max-video-preview:-1\" \/>\n<link rel=\"canonical\" href=\"https:\/\/ecosupplements.be\/fr\/produit\/huile-essentielle-melange-dhuile-peace-love-flowers-30-ml\/\" \/>\n<meta property=\"og:locale\" content=\"fr_FR\" \/>\n<meta property=\"og:type\" content=\"article\" \/>\n<meta property=\"og:title\" content=\"Huile Essentielle, M\u00e9lange d&#039;Huile Peace Love &amp; Flowers - 30 ml\" \/>\n<meta property=\"og:description\" content=\"Wij hebben een ruime keuze aan producten van Huile Essentielle, M\u00e9lange d&#039;Huile Peace Love &amp; Flowers - 30 ml . Winkel bij Eco Supplements altijd gratis verzending boven 100\u20ac\" \/>\n<meta property=\"og:url\" content=\"https:\/\/ecosupplements.be\/fr\/produit\/huile-essentielle-melange-dhuile-peace-love-flowers-30-ml\/\" \/>\n<meta property=\"og:site_name\" content=\"ECO Supplements\" \/>\n<meta property=\"article:modified_time\" content=\"2025-08-27T13:47:14+00:00\" \/>\n<meta property=\"og:image\" content=\"https:\/\/ecosupplements.be\/wp-content\/uploads\/2025\/08\/Essential-Oil-Peace-Love-Flowers-Oil-Blend-30-ml.jpg\" \/>\n\t<meta property=\"og:image:width\" content=\"340\" \/>\n\t<meta property=\"og:image:height\" content=\"880\" \/>\n\t<meta property=\"og:image:type\" content=\"image\/jpeg\" \/>\n<meta name=\"twitter:card\" content=\"summary_large_image\" \/>\n<meta name=\"twitter:label1\" content=\"Prix\" \/>\n\t<meta name=\"twitter:data1\" content=\"19.90&nbsp;&euro;\" \/>\n\t<meta name=\"twitter:label2\" content=\"Disponibilit\u00e9\" \/>\n\t<meta name=\"twitter:data2\" content=\"En stock\" \/>\n<script type=\"application\/ld+json\" class=\"yoast-schema-graph\">{\"@context\":\"https:\\\/\\\/schema.org\",\"@graph\":[{\"@type\":[\"WebPage\",\"ItemPage\"],\"@id\":\"https:\\\/\\\/ecosupplements.be\\\/fr\\\/produit\\\/huile-essentielle-melange-dhuile-peace-love-flowers-30-ml\\\/\",\"url\":\"https:\\\/\\\/ecosupplements.be\\\/fr\\\/produit\\\/huile-essentielle-melange-dhuile-peace-love-flowers-30-ml\\\/\",\"name\":\"Huile Essentielle, M\u00e9lange d'Huile Peace Love & Flowers - 30 ml - ECO Supplements\",\"isPartOf\":{\"@id\":\"https:\\\/\\\/ecosupplements.be\\\/fr\\\/#website\"},\"primaryImageOfPage\":{\"@id\":\"https:\\\/\\\/ecosupplements.be\\\/fr\\\/produit\\\/huile-essentielle-melange-dhuile-peace-love-flowers-30-ml\\\/#primaryimage\"},\"image\":{\"@id\":\"https:\\\/\\\/ecosupplements.be\\\/fr\\\/produit\\\/huile-essentielle-melange-dhuile-peace-love-flowers-30-ml\\\/#primaryimage\"},\"thumbnailUrl\":\"https:\\\/\\\/ecosupplements.be\\\/wp-content\\\/uploads\\\/2025\\\/08\\\/NOW-Foods-Essential-Oil-30-ml-34.jpg\",\"datePublished\":\"2022-06-28T09:23:11+00:00\",\"dateModified\":\"2025-08-27T13:47:14+00:00\",\"description\":\"Wij hebben een ruime keuze aan producten van Huile Essentielle, M\u00e9lange d'Huile Peace Love & Flowers - 30 ml . Winkel bij Eco Supplements altijd gratis verzending boven 100\u20ac\",\"breadcrumb\":{\"@id\":\"https:\\\/\\\/ecosupplements.be\\\/fr\\\/produit\\\/huile-essentielle-melange-dhuile-peace-love-flowers-30-ml\\\/#breadcrumb\"},\"inLanguage\":\"fr-FR\",\"potentialAction\":[{\"@type\":\"ReadAction\",\"target\":[\"https:\\\/\\\/ecosupplements.be\\\/fr\\\/produit\\\/huile-essentielle-melange-dhuile-peace-love-flowers-30-ml\\\/\"]}]},{\"@type\":\"ImageObject\",\"inLanguage\":\"fr-FR\",\"@id\":\"https:\\\/\\\/ecosupplements.be\\\/fr\\\/produit\\\/huile-essentielle-melange-dhuile-peace-love-flowers-30-ml\\\/#primaryimage\",\"url\":\"https:\\\/\\\/ecosupplements.be\\\/wp-content\\\/uploads\\\/2025\\\/08\\\/NOW-Foods-Essential-Oil-30-ml-34.jpg\",\"contentUrl\":\"https:\\\/\\\/ecosupplements.be\\\/wp-content\\\/uploads\\\/2025\\\/08\\\/NOW-Foods-Essential-Oil-30-ml-34.jpg\",\"width\":750,\"height\":750},{\"@type\":\"BreadcrumbList\",\"@id\":\"https:\\\/\\\/ecosupplements.be\\\/fr\\\/produit\\\/huile-essentielle-melange-dhuile-peace-love-flowers-30-ml\\\/#breadcrumb\",\"itemListElement\":[{\"@type\":\"ListItem\",\"position\":1,\"name\":\"Home\",\"item\":\"https:\\\/\\\/ecosupplements.be\\\/fr\\\/\"},{\"@type\":\"ListItem\",\"position\":2,\"name\":\"Boutique\",\"item\":\"https:\\\/\\\/ecosupplements.be\\\/fr\\\/boutique\\\/\"},{\"@type\":\"ListItem\",\"position\":3,\"name\":\"Huile Essentielle, M\u00e9lange d&#8217;Huile Peace Love &#038; Flowers &#8211; 30 ml\"}]},{\"@type\":\"WebSite\",\"@id\":\"https:\\\/\\\/ecosupplements.be\\\/fr\\\/#website\",\"url\":\"https:\\\/\\\/ecosupplements.be\\\/fr\\\/\",\"name\":\"ECO Supplements\",\"description\":\"Eco Supplements - Gezonde supplementen\",\"publisher\":{\"@id\":\"https:\\\/\\\/ecosupplements.be\\\/fr\\\/#organization\"},\"potentialAction\":[{\"@type\":\"SearchAction\",\"target\":{\"@type\":\"EntryPoint\",\"urlTemplate\":\"https:\\\/\\\/ecosupplements.be\\\/fr\\\/?s={search_term_string}\"},\"query-input\":{\"@type\":\"PropertyValueSpecification\",\"valueRequired\":true,\"valueName\":\"search_term_string\"}}],\"inLanguage\":\"fr-FR\"},{\"@type\":\"Organization\",\"@id\":\"https:\\\/\\\/ecosupplements.be\\\/fr\\\/#organization\",\"name\":\"Eco Supplements\",\"url\":\"https:\\\/\\\/ecosupplements.be\\\/fr\\\/\",\"logo\":{\"@type\":\"ImageObject\",\"inLanguage\":\"fr-FR\",\"@id\":\"https:\\\/\\\/ecosupplements.be\\\/fr\\\/#\\\/schema\\\/logo\\\/image\\\/\",\"url\":\"https:\\\/\\\/ecosupplements.be\\\/wp-content\\\/uploads\\\/2022\\\/06\\\/ecosupplement-family.png\",\"contentUrl\":\"https:\\\/\\\/ecosupplements.be\\\/wp-content\\\/uploads\\\/2022\\\/06\\\/ecosupplement-family.png\",\"width\":593,\"height\":374,\"caption\":\"Eco Supplements\"},\"image\":{\"@id\":\"https:\\\/\\\/ecosupplements.be\\\/fr\\\/#\\\/schema\\\/logo\\\/image\\\/\"}}]}<\/script>\n<meta property=\"product:brand\" content=\"NOW Foods\" \/>\n<meta property=\"product:price:amount\" content=\"19.90\" \/>\n<meta property=\"product:price:currency\" content=\"EUR\" \/>\n<meta property=\"og:availability\" content=\"instock\" \/>\n<meta property=\"product:availability\" content=\"instock\" \/>\n<meta property=\"product:retailer_item_id\" content=\"733739076342\" \/>\n<meta property=\"product:condition\" content=\"new\" \/>\n<!-- \/ Yoast SEO Premium plugin. -->","yoast_head_json":{"title":"Huile Essentielle, M\u00e9lange d'Huile Peace Love & Flowers - 30 ml - ECO Supplements","description":"Wij hebben een ruime keuze aan producten van Huile Essentielle, M\u00e9lange d'Huile Peace Love & Flowers - 30 ml . Winkel bij Eco Supplements altijd gratis verzending boven 100\u20ac","robots":{"index":"index","follow":"follow","max-snippet":"max-snippet:-1","max-image-preview":"max-image-preview:large","max-video-preview":"max-video-preview:-1"},"canonical":"https:\/\/ecosupplements.be\/fr\/produit\/huile-essentielle-melange-dhuile-peace-love-flowers-30-ml\/","og_locale":"fr_FR","og_type":"article","og_title":"Huile Essentielle, M\u00e9lange d'Huile Peace Love & Flowers - 30 ml","og_description":"Wij hebben een ruime keuze aan producten van Huile Essentielle, M\u00e9lange d'Huile Peace Love & Flowers - 30 ml . Winkel bij Eco Supplements altijd gratis verzending boven 100\u20ac","og_url":"https:\/\/ecosupplements.be\/fr\/produit\/huile-essentielle-melange-dhuile-peace-love-flowers-30-ml\/","og_site_name":"ECO Supplements","article_modified_time":"2025-08-27T13:47:14+00:00","og_image":[{"width":340,"height":880,"url":"https:\/\/ecosupplements.be\/wp-content\/uploads\/2025\/08\/Essential-Oil-Peace-Love-Flowers-Oil-Blend-30-ml.jpg","type":"image\/jpeg"}],"twitter_card":"summary_large_image","twitter_misc":{"Prix":"19.90&nbsp;&euro;","Disponibilit\u00e9":"En stock"},"schema":{"@context":"https:\/\/schema.org","@graph":[{"@type":["WebPage","ItemPage"],"@id":"https:\/\/ecosupplements.be\/fr\/produit\/huile-essentielle-melange-dhuile-peace-love-flowers-30-ml\/","url":"https:\/\/ecosupplements.be\/fr\/produit\/huile-essentielle-melange-dhuile-peace-love-flowers-30-ml\/","name":"Huile Essentielle, M\u00e9lange d'Huile Peace Love & Flowers - 30 ml - ECO Supplements","isPartOf":{"@id":"https:\/\/ecosupplements.be\/fr\/#website"},"primaryImageOfPage":{"@id":"https:\/\/ecosupplements.be\/fr\/produit\/huile-essentielle-melange-dhuile-peace-love-flowers-30-ml\/#primaryimage"},"image":{"@id":"https:\/\/ecosupplements.be\/fr\/produit\/huile-essentielle-melange-dhuile-peace-love-flowers-30-ml\/#primaryimage"},"thumbnailUrl":"https:\/\/ecosupplements.be\/wp-content\/uploads\/2025\/08\/NOW-Foods-Essential-Oil-30-ml-34.jpg","datePublished":"2022-06-28T09:23:11+00:00","dateModified":"2025-08-27T13:47:14+00:00","description":"Wij hebben een ruime keuze aan producten van Huile Essentielle, M\u00e9lange d'Huile Peace Love & Flowers - 30 ml . Winkel bij Eco Supplements altijd gratis verzending boven 100\u20ac","breadcrumb":{"@id":"https:\/\/ecosupplements.be\/fr\/produit\/huile-essentielle-melange-dhuile-peace-love-flowers-30-ml\/#breadcrumb"},"inLanguage":"fr-FR","potentialAction":[{"@type":"ReadAction","target":["https:\/\/ecosupplements.be\/fr\/produit\/huile-essentielle-melange-dhuile-peace-love-flowers-30-ml\/"]}]},{"@type":"ImageObject","inLanguage":"fr-FR","@id":"https:\/\/ecosupplements.be\/fr\/produit\/huile-essentielle-melange-dhuile-peace-love-flowers-30-ml\/#primaryimage","url":"https:\/\/ecosupplements.be\/wp-content\/uploads\/2025\/08\/NOW-Foods-Essential-Oil-30-ml-34.jpg","contentUrl":"https:\/\/ecosupplements.be\/wp-content\/uploads\/2025\/08\/NOW-Foods-Essential-Oil-30-ml-34.jpg","width":750,"height":750},{"@type":"BreadcrumbList","@id":"https:\/\/ecosupplements.be\/fr\/produit\/huile-essentielle-melange-dhuile-peace-love-flowers-30-ml\/#breadcrumb","itemListElement":[{"@type":"ListItem","position":1,"name":"Home","item":"https:\/\/ecosupplements.be\/fr\/"},{"@type":"ListItem","position":2,"name":"Boutique","item":"https:\/\/ecosupplements.be\/fr\/boutique\/"},{"@type":"ListItem","position":3,"name":"Huile Essentielle, M\u00e9lange d&#8217;Huile Peace Love &#038; Flowers &#8211; 30 ml"}]},{"@type":"WebSite","@id":"https:\/\/ecosupplements.be\/fr\/#website","url":"https:\/\/ecosupplements.be\/fr\/","name":"ECO Supplements","description":"Eco Supplements - Gezonde supplementen","publisher":{"@id":"https:\/\/ecosupplements.be\/fr\/#organization"},"potentialAction":[{"@type":"SearchAction","target":{"@type":"EntryPoint","urlTemplate":"https:\/\/ecosupplements.be\/fr\/?s={search_term_string}"},"query-input":{"@type":"PropertyValueSpecification","valueRequired":true,"valueName":"search_term_string"}}],"inLanguage":"fr-FR"},{"@type":"Organization","@id":"https:\/\/ecosupplements.be\/fr\/#organization","name":"Eco Supplements","url":"https:\/\/ecosupplements.be\/fr\/","logo":{"@type":"ImageObject","inLanguage":"fr-FR","@id":"https:\/\/ecosupplements.be\/fr\/#\/schema\/logo\/image\/","url":"https:\/\/ecosupplements.be\/wp-content\/uploads\/2022\/06\/ecosupplement-family.png","contentUrl":"https:\/\/ecosupplements.be\/wp-content\/uploads\/2022\/06\/ecosupplement-family.png","width":593,"height":374,"caption":"Eco Supplements"},"image":{"@id":"https:\/\/ecosupplements.be\/fr\/#\/schema\/logo\/image\/"}}]},"product_brand":"NOW Foods","product_price_amount":"19.90","product_price_currency":"EUR","og_availability":"instock","product_availability":"instock","product_retailer_item_id":"733739076342","product_condition":"new"},"_links":{"self":[{"href":"https:\/\/ecosupplements.be\/fr\/wp-json\/wp\/v2\/product\/288826","targetHints":{"allow":["GET"]}}],"collection":[{"href":"https:\/\/ecosupplements.be\/fr\/wp-json\/wp\/v2\/product"}],"about":[{"href":"https:\/\/ecosupplements.be\/fr\/wp-json\/wp\/v2\/types\/product"}],"replies":[{"embeddable":true,"href":"https:\/\/ecosupplements.be\/fr\/wp-json\/wp\/v2\/comments?post=288826"}],"wp:featuredmedia":[{"embeddable":true,"href":"https:\/\/ecosupplements.be\/fr\/wp-json\/wp\/v2\/media\/250434"}],"wp:attachment":[{"href":"https:\/\/ecosupplements.be\/fr\/wp-json\/wp\/v2\/media?parent=288826"}],"wp:term":[{"taxonomy":"product_brand","embeddable":true,"href":"https:\/\/ecosupplements.be\/fr\/wp-json\/wp\/v2\/product_brand?post=288826"},{"taxonomy":"product_cat","embeddable":true,"href":"https:\/\/ecosupplements.be\/fr\/wp-json\/wp\/v2\/product_cat?post=288826"},{"taxonomy":"product_tag","embeddable":true,"href":"https:\/\/ecosupplements.be\/fr\/wp-json\/wp\/v2\/product_tag?post=288826"}],"curies":[{"name":"wp","href":"https:\/\/api.w.org\/{rel}","templated":true}]}}