{"id":288835,"date":"2022-06-28T10:23:11","date_gmt":"2022-06-28T09:23:11","guid":{"rendered":"https:\/\/ecosupplements.be\/product\/huile-essentielle-huile-de-menthe-poivree-30-ml\/"},"modified":"2025-08-27T14:47:22","modified_gmt":"2025-08-27T13:47:22","slug":"huile-essentielle-huile-de-menthe-poivree-30-ml","status":"publish","type":"product","link":"https:\/\/ecosupplements.be\/fr\/produit\/huile-essentielle-huile-de-menthe-poivree-30-ml\/","title":{"rendered":"Huile Essentielle, Huile de Menthe Poivr\u00e9e &#8211; 30 ml"},"content":{"rendered":"<h1>Essential Oil, Peppermint\u200c Oil &#8211; 30 ml<\/h1>\n<p>D\u00e9couvrez les bienfaits rafra\u00eechissants et apaisants de l&#8217;huile essentielle de menthe poivr\u00e9e de la marque NOW Foods. Cette huile essentielle pure et naturelle est extraite \u2064\u00e0 la \u200cvapeur d&#8217;eau des feuilles de menthe poivr\u00e9e, cultiv\u00e9es aux \u00c9tats-Unis.<\/p>\n<h2>Caract\u00e9ristiques sp\u00e9ciales:<\/h2>\n<ul>\n<li>100% pure et naturelle<\/li>\n<li>Extraction \u00e0 la vapeur d&#8217;eau<\/li>\n<li>Origine: \u00c9tats-Unis<\/li>\n<li>Contenance: 30 ml<\/li>\n<\/ul>\n<h2>Ingr\u00e9dients:<\/h2>\n<p>100% huile essentielle \u200cde menthe poivr\u00e9e\u200d (Mentha piperita).<\/p>\n<h2>Avantages uniques:<\/h2>\n<p>L&#8217;huile essentielle de menthe poivr\u00e9e est \u2062connue pour ses propri\u00e9t\u00e9s \u2062rafra\u00eechissantes, apaisantes et stimulantes. Elle peut \u00eatre utilis\u00e9e\u200d pour soulager les\u2063 maux de \u2063t\u00eate,\u2062 les naus\u00e9es, \u2064les douleurs musculaires et les probl\u00e8mes digestifs. Elle peut \u00e9galement \u00eatre utilis\u00e9e \u2062en aromath\u00e9rapie pour favoriser\u2062 la concentration et la clart\u00e9 mentale.<\/p>\n<h2>Principales caract\u00e9ristiques:<\/h2>\n<ul>\n<li>Effet rafra\u00eechissant et apaisant<\/li>\n<li>Stimule la concentration et la clart\u00e9 mentale<\/li>\n<li>Soulage les maux de\u200b t\u00eate, les naus\u00e9es et les douleurs musculaires<\/li>\n<li>Peut \u00eatre utilis\u00e9e en aromath\u00e9rapie<\/li>\n<\/ul>\n<p>Ajoutez l&#8217;huile \u200dessentielle de menthe poivr\u00e9e de NOW Foods \u00e0 votre routine de bien-\u00eatre pour profiter de ses nombreux \u200cbienfaits pour le corps et l&#8217;esprit.<\/p>\n","protected":false},"excerpt":{"rendered":"<p>Essential Oil, Peppermint\u200c Oil &#8211; 30 ml D\u00e9couvrez les bienfaits rafra\u00eechissants et apaisants de l&#8217;huile essentielle de menthe poivr\u00e9e de la marque NOW Foods. Cette huile essentielle pure et naturelle est extraite \u2064\u00e0 la \u200cvapeur d&#8217;eau des feuilles de menthe poivr\u00e9e, cultiv\u00e9es aux \u00c9tats-Unis. Caract\u00e9ristiques sp\u00e9ciales: 100% pure et naturelle Extraction \u00e0 la vapeur d&#8217;eau [&#8230;]\n","protected":false},"featured_media":250451,"comment_status":"open","ping_status":"open","template":"","meta":[],"product_brand":[4733,4734],"product_cat":[5131,5132,5052],"product_tag":[],"class_list":{"0":"post-288835","1":"product","2":"type-product","3":"status-publish","4":"has-post-thumbnail","6":"product_brand-now-foods-2","7":"product_brand-nownow-foods-2","8":"product_cat-aromatherapie","9":"product_cat-huiles-essentielles","10":"product_cat-sante-et-bien-etre","12":"first","13":"instock","14":"taxable","15":"shipping-taxable","16":"purchasable","17":"product-type-simple"},"yoast_head":"<!-- This site is optimized with the Yoast SEO Premium plugin v27.5 (Yoast SEO v27.5) - https:\/\/yoast.com\/product\/yoast-seo-premium-wordpress\/ -->\n<title>Huile Essentielle, Huile de Menthe Poivr\u00e9e - 30 ml - ECO Supplements<\/title>\n<meta name=\"description\" content=\"Wij hebben een ruime keuze aan producten van Huile Essentielle, Huile de Menthe Poivr\u00e9e - 30 ml . Winkel bij Eco Supplements altijd gratis verzending boven 100\u20ac\" \/>\n<meta name=\"robots\" content=\"index, follow, max-snippet:-1, max-image-preview:large, max-video-preview:-1\" \/>\n<link rel=\"canonical\" href=\"https:\/\/ecosupplements.be\/fr\/produit\/huile-essentielle-huile-de-menthe-poivree-30-ml\/\" \/>\n<meta property=\"og:locale\" content=\"fr_FR\" \/>\n<meta property=\"og:type\" content=\"article\" \/>\n<meta property=\"og:title\" content=\"Huile Essentielle, Huile de Menthe Poivr\u00e9e - 30 ml\" \/>\n<meta property=\"og:description\" content=\"Wij hebben een ruime keuze aan producten van Huile Essentielle, Huile de Menthe Poivr\u00e9e - 30 ml . Winkel bij Eco Supplements altijd gratis verzending boven 100\u20ac\" \/>\n<meta property=\"og:url\" content=\"https:\/\/ecosupplements.be\/fr\/produit\/huile-essentielle-huile-de-menthe-poivree-30-ml\/\" \/>\n<meta property=\"og:site_name\" content=\"ECO Supplements\" \/>\n<meta property=\"article:modified_time\" content=\"2025-08-27T13:47:22+00:00\" \/>\n<meta property=\"og:image\" content=\"https:\/\/ecosupplements.be\/wp-content\/uploads\/2025\/08\/Essential-Oil-Peppermint-Oil-30-ml.jpg\" \/>\n\t<meta property=\"og:image:width\" content=\"321\" \/>\n\t<meta property=\"og:image:height\" content=\"880\" \/>\n\t<meta property=\"og:image:type\" content=\"image\/jpeg\" \/>\n<meta name=\"twitter:card\" content=\"summary_large_image\" \/>\n<meta name=\"twitter:label1\" content=\"Prix\" \/>\n\t<meta name=\"twitter:data1\" content=\"8&nbsp;&euro;\" \/>\n\t<meta name=\"twitter:label2\" content=\"Disponibilit\u00e9\" \/>\n\t<meta name=\"twitter:data2\" content=\"En stock\" \/>\n<script type=\"application\/ld+json\" class=\"yoast-schema-graph\">{\"@context\":\"https:\\\/\\\/schema.org\",\"@graph\":[{\"@type\":[\"WebPage\",\"ItemPage\"],\"@id\":\"https:\\\/\\\/ecosupplements.be\\\/fr\\\/produit\\\/huile-essentielle-huile-de-menthe-poivree-30-ml\\\/\",\"url\":\"https:\\\/\\\/ecosupplements.be\\\/fr\\\/produit\\\/huile-essentielle-huile-de-menthe-poivree-30-ml\\\/\",\"name\":\"Huile Essentielle, Huile de Menthe Poivr\u00e9e - 30 ml - ECO Supplements\",\"isPartOf\":{\"@id\":\"https:\\\/\\\/ecosupplements.be\\\/fr\\\/#website\"},\"primaryImageOfPage\":{\"@id\":\"https:\\\/\\\/ecosupplements.be\\\/fr\\\/produit\\\/huile-essentielle-huile-de-menthe-poivree-30-ml\\\/#primaryimage\"},\"image\":{\"@id\":\"https:\\\/\\\/ecosupplements.be\\\/fr\\\/produit\\\/huile-essentielle-huile-de-menthe-poivree-30-ml\\\/#primaryimage\"},\"thumbnailUrl\":\"https:\\\/\\\/ecosupplements.be\\\/wp-content\\\/uploads\\\/2025\\\/08\\\/NOW-Foods-Essential-Oil-30-ml-36.jpg\",\"datePublished\":\"2022-06-28T09:23:11+00:00\",\"dateModified\":\"2025-08-27T13:47:22+00:00\",\"description\":\"Wij hebben een ruime keuze aan producten van Huile Essentielle, Huile de Menthe Poivr\u00e9e - 30 ml . Winkel bij Eco Supplements altijd gratis verzending boven 100\u20ac\",\"breadcrumb\":{\"@id\":\"https:\\\/\\\/ecosupplements.be\\\/fr\\\/produit\\\/huile-essentielle-huile-de-menthe-poivree-30-ml\\\/#breadcrumb\"},\"inLanguage\":\"fr-FR\",\"potentialAction\":[{\"@type\":\"ReadAction\",\"target\":[\"https:\\\/\\\/ecosupplements.be\\\/fr\\\/produit\\\/huile-essentielle-huile-de-menthe-poivree-30-ml\\\/\"]}]},{\"@type\":\"ImageObject\",\"inLanguage\":\"fr-FR\",\"@id\":\"https:\\\/\\\/ecosupplements.be\\\/fr\\\/produit\\\/huile-essentielle-huile-de-menthe-poivree-30-ml\\\/#primaryimage\",\"url\":\"https:\\\/\\\/ecosupplements.be\\\/wp-content\\\/uploads\\\/2025\\\/08\\\/NOW-Foods-Essential-Oil-30-ml-36.jpg\",\"contentUrl\":\"https:\\\/\\\/ecosupplements.be\\\/wp-content\\\/uploads\\\/2025\\\/08\\\/NOW-Foods-Essential-Oil-30-ml-36.jpg\",\"width\":750,\"height\":750},{\"@type\":\"BreadcrumbList\",\"@id\":\"https:\\\/\\\/ecosupplements.be\\\/fr\\\/produit\\\/huile-essentielle-huile-de-menthe-poivree-30-ml\\\/#breadcrumb\",\"itemListElement\":[{\"@type\":\"ListItem\",\"position\":1,\"name\":\"Home\",\"item\":\"https:\\\/\\\/ecosupplements.be\\\/fr\\\/\"},{\"@type\":\"ListItem\",\"position\":2,\"name\":\"Boutique\",\"item\":\"https:\\\/\\\/ecosupplements.be\\\/fr\\\/boutique\\\/\"},{\"@type\":\"ListItem\",\"position\":3,\"name\":\"Huile Essentielle, Huile de Menthe Poivr\u00e9e &#8211; 30 ml\"}]},{\"@type\":\"WebSite\",\"@id\":\"https:\\\/\\\/ecosupplements.be\\\/fr\\\/#website\",\"url\":\"https:\\\/\\\/ecosupplements.be\\\/fr\\\/\",\"name\":\"ECO Supplements\",\"description\":\"Eco Supplements - Gezonde supplementen\",\"publisher\":{\"@id\":\"https:\\\/\\\/ecosupplements.be\\\/fr\\\/#organization\"},\"potentialAction\":[{\"@type\":\"SearchAction\",\"target\":{\"@type\":\"EntryPoint\",\"urlTemplate\":\"https:\\\/\\\/ecosupplements.be\\\/fr\\\/?s={search_term_string}\"},\"query-input\":{\"@type\":\"PropertyValueSpecification\",\"valueRequired\":true,\"valueName\":\"search_term_string\"}}],\"inLanguage\":\"fr-FR\"},{\"@type\":\"Organization\",\"@id\":\"https:\\\/\\\/ecosupplements.be\\\/fr\\\/#organization\",\"name\":\"Eco Supplements\",\"url\":\"https:\\\/\\\/ecosupplements.be\\\/fr\\\/\",\"logo\":{\"@type\":\"ImageObject\",\"inLanguage\":\"fr-FR\",\"@id\":\"https:\\\/\\\/ecosupplements.be\\\/fr\\\/#\\\/schema\\\/logo\\\/image\\\/\",\"url\":\"https:\\\/\\\/ecosupplements.be\\\/wp-content\\\/uploads\\\/2022\\\/06\\\/ecosupplement-family.png\",\"contentUrl\":\"https:\\\/\\\/ecosupplements.be\\\/wp-content\\\/uploads\\\/2022\\\/06\\\/ecosupplement-family.png\",\"width\":593,\"height\":374,\"caption\":\"Eco Supplements\"},\"image\":{\"@id\":\"https:\\\/\\\/ecosupplements.be\\\/fr\\\/#\\\/schema\\\/logo\\\/image\\\/\"}}]}<\/script>\n<meta property=\"product:brand\" content=\"NOW Foods\" \/>\n<meta property=\"product:price:amount\" content=\"8.00\" \/>\n<meta property=\"product:price:currency\" content=\"EUR\" \/>\n<meta property=\"og:availability\" content=\"instock\" \/>\n<meta property=\"product:availability\" content=\"instock\" \/>\n<meta property=\"product:retailer_item_id\" content=\"733739075857\" \/>\n<meta property=\"product:condition\" content=\"new\" \/>\n<!-- \/ Yoast SEO Premium plugin. -->","yoast_head_json":{"title":"Huile Essentielle, Huile de Menthe Poivr\u00e9e - 30 ml - ECO Supplements","description":"Wij hebben een ruime keuze aan producten van Huile Essentielle, Huile de Menthe Poivr\u00e9e - 30 ml . Winkel bij Eco Supplements altijd gratis verzending boven 100\u20ac","robots":{"index":"index","follow":"follow","max-snippet":"max-snippet:-1","max-image-preview":"max-image-preview:large","max-video-preview":"max-video-preview:-1"},"canonical":"https:\/\/ecosupplements.be\/fr\/produit\/huile-essentielle-huile-de-menthe-poivree-30-ml\/","og_locale":"fr_FR","og_type":"article","og_title":"Huile Essentielle, Huile de Menthe Poivr\u00e9e - 30 ml","og_description":"Wij hebben een ruime keuze aan producten van Huile Essentielle, Huile de Menthe Poivr\u00e9e - 30 ml . Winkel bij Eco Supplements altijd gratis verzending boven 100\u20ac","og_url":"https:\/\/ecosupplements.be\/fr\/produit\/huile-essentielle-huile-de-menthe-poivree-30-ml\/","og_site_name":"ECO Supplements","article_modified_time":"2025-08-27T13:47:22+00:00","og_image":[{"width":321,"height":880,"url":"https:\/\/ecosupplements.be\/wp-content\/uploads\/2025\/08\/Essential-Oil-Peppermint-Oil-30-ml.jpg","type":"image\/jpeg"}],"twitter_card":"summary_large_image","twitter_misc":{"Prix":"8&nbsp;&euro;","Disponibilit\u00e9":"En stock"},"schema":{"@context":"https:\/\/schema.org","@graph":[{"@type":["WebPage","ItemPage"],"@id":"https:\/\/ecosupplements.be\/fr\/produit\/huile-essentielle-huile-de-menthe-poivree-30-ml\/","url":"https:\/\/ecosupplements.be\/fr\/produit\/huile-essentielle-huile-de-menthe-poivree-30-ml\/","name":"Huile Essentielle, Huile de Menthe Poivr\u00e9e - 30 ml - ECO Supplements","isPartOf":{"@id":"https:\/\/ecosupplements.be\/fr\/#website"},"primaryImageOfPage":{"@id":"https:\/\/ecosupplements.be\/fr\/produit\/huile-essentielle-huile-de-menthe-poivree-30-ml\/#primaryimage"},"image":{"@id":"https:\/\/ecosupplements.be\/fr\/produit\/huile-essentielle-huile-de-menthe-poivree-30-ml\/#primaryimage"},"thumbnailUrl":"https:\/\/ecosupplements.be\/wp-content\/uploads\/2025\/08\/NOW-Foods-Essential-Oil-30-ml-36.jpg","datePublished":"2022-06-28T09:23:11+00:00","dateModified":"2025-08-27T13:47:22+00:00","description":"Wij hebben een ruime keuze aan producten van Huile Essentielle, Huile de Menthe Poivr\u00e9e - 30 ml . Winkel bij Eco Supplements altijd gratis verzending boven 100\u20ac","breadcrumb":{"@id":"https:\/\/ecosupplements.be\/fr\/produit\/huile-essentielle-huile-de-menthe-poivree-30-ml\/#breadcrumb"},"inLanguage":"fr-FR","potentialAction":[{"@type":"ReadAction","target":["https:\/\/ecosupplements.be\/fr\/produit\/huile-essentielle-huile-de-menthe-poivree-30-ml\/"]}]},{"@type":"ImageObject","inLanguage":"fr-FR","@id":"https:\/\/ecosupplements.be\/fr\/produit\/huile-essentielle-huile-de-menthe-poivree-30-ml\/#primaryimage","url":"https:\/\/ecosupplements.be\/wp-content\/uploads\/2025\/08\/NOW-Foods-Essential-Oil-30-ml-36.jpg","contentUrl":"https:\/\/ecosupplements.be\/wp-content\/uploads\/2025\/08\/NOW-Foods-Essential-Oil-30-ml-36.jpg","width":750,"height":750},{"@type":"BreadcrumbList","@id":"https:\/\/ecosupplements.be\/fr\/produit\/huile-essentielle-huile-de-menthe-poivree-30-ml\/#breadcrumb","itemListElement":[{"@type":"ListItem","position":1,"name":"Home","item":"https:\/\/ecosupplements.be\/fr\/"},{"@type":"ListItem","position":2,"name":"Boutique","item":"https:\/\/ecosupplements.be\/fr\/boutique\/"},{"@type":"ListItem","position":3,"name":"Huile Essentielle, Huile de Menthe Poivr\u00e9e &#8211; 30 ml"}]},{"@type":"WebSite","@id":"https:\/\/ecosupplements.be\/fr\/#website","url":"https:\/\/ecosupplements.be\/fr\/","name":"ECO Supplements","description":"Eco Supplements - Gezonde supplementen","publisher":{"@id":"https:\/\/ecosupplements.be\/fr\/#organization"},"potentialAction":[{"@type":"SearchAction","target":{"@type":"EntryPoint","urlTemplate":"https:\/\/ecosupplements.be\/fr\/?s={search_term_string}"},"query-input":{"@type":"PropertyValueSpecification","valueRequired":true,"valueName":"search_term_string"}}],"inLanguage":"fr-FR"},{"@type":"Organization","@id":"https:\/\/ecosupplements.be\/fr\/#organization","name":"Eco Supplements","url":"https:\/\/ecosupplements.be\/fr\/","logo":{"@type":"ImageObject","inLanguage":"fr-FR","@id":"https:\/\/ecosupplements.be\/fr\/#\/schema\/logo\/image\/","url":"https:\/\/ecosupplements.be\/wp-content\/uploads\/2022\/06\/ecosupplement-family.png","contentUrl":"https:\/\/ecosupplements.be\/wp-content\/uploads\/2022\/06\/ecosupplement-family.png","width":593,"height":374,"caption":"Eco Supplements"},"image":{"@id":"https:\/\/ecosupplements.be\/fr\/#\/schema\/logo\/image\/"}}]},"product_brand":"NOW Foods","product_price_amount":"8.00","product_price_currency":"EUR","og_availability":"instock","product_availability":"instock","product_retailer_item_id":"733739075857","product_condition":"new"},"_links":{"self":[{"href":"https:\/\/ecosupplements.be\/fr\/wp-json\/wp\/v2\/product\/288835","targetHints":{"allow":["GET"]}}],"collection":[{"href":"https:\/\/ecosupplements.be\/fr\/wp-json\/wp\/v2\/product"}],"about":[{"href":"https:\/\/ecosupplements.be\/fr\/wp-json\/wp\/v2\/types\/product"}],"replies":[{"embeddable":true,"href":"https:\/\/ecosupplements.be\/fr\/wp-json\/wp\/v2\/comments?post=288835"}],"wp:featuredmedia":[{"embeddable":true,"href":"https:\/\/ecosupplements.be\/fr\/wp-json\/wp\/v2\/media\/250451"}],"wp:attachment":[{"href":"https:\/\/ecosupplements.be\/fr\/wp-json\/wp\/v2\/media?parent=288835"}],"wp:term":[{"taxonomy":"product_brand","embeddable":true,"href":"https:\/\/ecosupplements.be\/fr\/wp-json\/wp\/v2\/product_brand?post=288835"},{"taxonomy":"product_cat","embeddable":true,"href":"https:\/\/ecosupplements.be\/fr\/wp-json\/wp\/v2\/product_cat?post=288835"},{"taxonomy":"product_tag","embeddable":true,"href":"https:\/\/ecosupplements.be\/fr\/wp-json\/wp\/v2\/product_tag?post=288835"}],"curies":[{"name":"wp","href":"https:\/\/api.w.org\/{rel}","templated":true}]}}