{"id":288844,"date":"2022-06-28T10:23:19","date_gmt":"2022-06-28T09:23:19","guid":{"rendered":"https:\/\/ecosupplements.be\/product\/huile-essentielle-epices-de-citrouille-30-ml\/"},"modified":"2025-08-27T14:47:30","modified_gmt":"2025-08-27T13:47:30","slug":"huile-essentielle-epices-de-citrouille-30-ml","status":"publish","type":"product","link":"https:\/\/ecosupplements.be\/fr\/produit\/huile-essentielle-epices-de-citrouille-30-ml\/","title":{"rendered":"Huile essentielle, \u00e9pices de citrouille &#8211; 30 ml"},"content":{"rendered":"<h1>Essential Oil, \u200cPumpkin Spice \u2063- 30 ml<\/h1>\n<p>Ajoutez\u200c une touche de chaleur \u200bet de confort \u00e0 votre routine de bien-\u00eatre avec l&#8217;huile essentielle de citrouille \u00e9pic\u00e9e\u2064 de NOW Foods. Cette huile de qualit\u00e9 sup\u00e9rieure est extraite \u200b\u00e0 la\u2062 vapeur \u00e0 partir de citrouilles fra\u00eeches et biologiques, pour \u200dvous offrir un ar\u00f4me riche\u2062 et \u200dauthentique de citrouille \u00e9pic\u00e9e.<\/p>\n<h2>Caract\u00e9ristiques\u2062 sp\u00e9ciales:<\/h2>\n<ul>\n<li>100% pure et naturelle<\/li>\n<li>Extraction \u00e0 la vapeur\u2062 pour une qualit\u00e9 optimale<\/li>\n<li>Certifi\u00e9e biologique par l&#8217;USDA<\/li>\n<li>Ar\u00f4me riche et \u2062authentique de citrouille \u00e9pic\u00e9e<\/li>\n<li>Flacon \u2064de 30 ml avec compte-gouttes pour une utilisation facile<\/li>\n<\/ul>\n<h2>Ingr\u00e9dients:<\/h2>\n<p>100% huile essentielle de citrouille \u2064biologique (Cucurbita pepo).<\/p>\n<h2>Avantages uniques:<\/h2>\n<p>L&#8217;huile essentielle de citrouille \u00e9pic\u00e9e de NOW Foods est un produit \u200cpolyvalent qui peut \u00eatre \u200dutilis\u00e9 de diff\u00e9rentes mani\u00e8res pour am\u00e9liorer votre bien-\u00eatre. Voici \u200cquelques-uns de ses avantages uniques:<\/p>\n<ul>\n<li>Apaise et r\u00e9conforte l&#8217;esprit et le corps<\/li>\n<li>Parfaite pour cr\u00e9er\u2063 une ambiance chaleureuse et festive dans votre maison<\/li>\n<li>Peut \u00eatre \u200dutilis\u00e9e en aromath\u00e9rapie pour soulager le stress et l&#8217;anxi\u00e9t\u00e9<\/li>\n<li>Peut \u00eatre ajout\u00e9e \u00e0 vos produits de beaut\u00e9 pour\u200b une peau\u200b \u00e9clatante et hydrat\u00e9e<\/li>\n<li>Id\u00e9ale pour ajouter une touche de saveur \u00e0 vos recettes de cuisine<\/li>\n<\/ul>\n<h2>Conseils d&#8217;utilisation:<\/h2>\n<p>Pour profiter des bienfaits de l&#8217;huile essentielle de citrouille \u00e9pic\u00e9e, vous pouvez\u200c l&#8217;utiliser de diff\u00e9rentes mani\u00e8res:<\/p>\n<ul>\n<li>Ajoutez quelques gouttes dans un diffuseur pour cr\u00e9er une \u2063ambiance chaleureuse et festive dans \u2064votre maison<\/li>\n<li>M\u00e9langez quelques gouttes avec \u2063une huile de support pour un \u200bmassage relaxant<\/li>\n<li>Ajoutez\u200d quelques gouttes\u2062 \u00e0 votre bain pour un \u2062moment de d\u00e9tente et \u2063de\u200d r\u00e9confort<\/li>\n<li>Incorporez quelques \u2063gouttes\u2064 dans vos produits de beaut\u00e9 pour une peau \u00e9clatante et hydrat\u00e9e<\/li>\n<li>Utilisez-la en cuisine \u200bpour\u200d ajouter\u2062 une touche de saveur \u00e0 vos plats pr\u00e9f\u00e9r\u00e9s<\/li>\n<\/ul>\n<p>Profitez de tous \u2064les bienfaits \u200dde l&#8217;huile essentielle de citrouille \u00e9pic\u00e9e de NOW Foods et ajoutez une touche de chaleur et de confort \u00e0 votre vie quotidienne.<\/p>\n","protected":false},"excerpt":{"rendered":"<p>Essential Oil, \u200cPumpkin Spice \u2063- 30 ml Ajoutez\u200c une touche de chaleur \u200bet de confort \u00e0 votre routine de bien-\u00eatre avec l&#8217;huile essentielle de citrouille \u00e9pic\u00e9e\u2064 de NOW Foods. Cette huile de qualit\u00e9 sup\u00e9rieure est extraite \u200b\u00e0 la\u2062 vapeur \u00e0 partir de citrouilles fra\u00eeches et biologiques, pour \u200dvous offrir un ar\u00f4me riche\u2062 et \u200dauthentique de [&#8230;]\n","protected":false},"featured_media":250466,"comment_status":"open","ping_status":"open","template":"","meta":[],"product_brand":[4733],"product_cat":[5119,5132,5052],"product_tag":[],"class_list":{"0":"post-288844","1":"product","2":"type-product","3":"status-publish","4":"has-post-thumbnail","6":"product_brand-now-foods-2","7":"product_cat-amelioration-de-lhumeur","8":"product_cat-huiles-essentielles","9":"product_cat-sante-et-bien-etre","11":"first","12":"instock","13":"sale","14":"taxable","15":"shipping-taxable","16":"purchasable","17":"product-type-simple"},"yoast_head":"<!-- This site is optimized with the Yoast SEO Premium plugin v27.3 (Yoast SEO v27.3) - https:\/\/yoast.com\/product\/yoast-seo-premium-wordpress\/ -->\n<title>Huile essentielle, \u00e9pices de citrouille - 30 ml - ECO Supplements<\/title>\n<meta name=\"description\" content=\"Wij hebben een ruime keuze aan producten van Huile essentielle, \u00e9pices de citrouille - 30 ml . Winkel bij Eco Supplements altijd gratis verzending boven 100\u20ac\" \/>\n<meta name=\"robots\" content=\"index, follow, max-snippet:-1, max-image-preview:large, max-video-preview:-1\" \/>\n<link rel=\"canonical\" href=\"https:\/\/ecosupplements.be\/fr\/produit\/huile-essentielle-epices-de-citrouille-30-ml\/\" \/>\n<meta property=\"og:locale\" content=\"fr_FR\" \/>\n<meta property=\"og:type\" content=\"article\" \/>\n<meta property=\"og:title\" content=\"Huile essentielle, \u00e9pices de citrouille - 30 ml\" \/>\n<meta property=\"og:description\" content=\"Wij hebben een ruime keuze aan producten van Huile essentielle, \u00e9pices de citrouille - 30 ml . Winkel bij Eco Supplements altijd gratis verzending boven 100\u20ac\" \/>\n<meta property=\"og:url\" content=\"https:\/\/ecosupplements.be\/fr\/produit\/huile-essentielle-epices-de-citrouille-30-ml\/\" \/>\n<meta property=\"og:site_name\" content=\"ECO Supplements\" \/>\n<meta property=\"article:modified_time\" content=\"2025-08-27T13:47:30+00:00\" \/>\n<meta property=\"og:image\" content=\"https:\/\/ecosupplements.be\/wp-content\/uploads\/2025\/08\/Essential-Oil-Pumpkin-Spice-30-ml-1.jpg\" \/>\n\t<meta property=\"og:image:width\" content=\"264\" \/>\n\t<meta property=\"og:image:height\" content=\"704\" \/>\n\t<meta property=\"og:image:type\" content=\"image\/jpeg\" \/>\n<meta name=\"twitter:card\" content=\"summary_large_image\" \/>\n<meta name=\"twitter:label1\" content=\"Prix\" \/>\n\t<meta name=\"twitter:data1\" content=\"11.91&nbsp;&euro;\" \/>\n\t<meta name=\"twitter:label2\" content=\"Disponibilit\u00e9\" \/>\n\t<meta name=\"twitter:data2\" content=\"En stock\" \/>\n<script type=\"application\/ld+json\" class=\"yoast-schema-graph\">{\"@context\":\"https:\\\/\\\/schema.org\",\"@graph\":[{\"@type\":[\"WebPage\",\"ItemPage\"],\"@id\":\"https:\\\/\\\/ecosupplements.be\\\/fr\\\/produit\\\/huile-essentielle-epices-de-citrouille-30-ml\\\/\",\"url\":\"https:\\\/\\\/ecosupplements.be\\\/fr\\\/produit\\\/huile-essentielle-epices-de-citrouille-30-ml\\\/\",\"name\":\"Huile essentielle, \u00e9pices de citrouille - 30 ml - ECO Supplements\",\"isPartOf\":{\"@id\":\"https:\\\/\\\/ecosupplements.be\\\/fr\\\/#website\"},\"primaryImageOfPage\":{\"@id\":\"https:\\\/\\\/ecosupplements.be\\\/fr\\\/produit\\\/huile-essentielle-epices-de-citrouille-30-ml\\\/#primaryimage\"},\"image\":{\"@id\":\"https:\\\/\\\/ecosupplements.be\\\/fr\\\/produit\\\/huile-essentielle-epices-de-citrouille-30-ml\\\/#primaryimage\"},\"thumbnailUrl\":\"https:\\\/\\\/ecosupplements.be\\\/wp-content\\\/uploads\\\/2025\\\/08\\\/Essential-Oil-Pumpkin-Spice-30-ml.jpg\",\"datePublished\":\"2022-06-28T09:23:19+00:00\",\"dateModified\":\"2025-08-27T13:47:30+00:00\",\"description\":\"Wij hebben een ruime keuze aan producten van Huile essentielle, \u00e9pices de citrouille - 30 ml . Winkel bij Eco Supplements altijd gratis verzending boven 100\u20ac\",\"breadcrumb\":{\"@id\":\"https:\\\/\\\/ecosupplements.be\\\/fr\\\/produit\\\/huile-essentielle-epices-de-citrouille-30-ml\\\/#breadcrumb\"},\"inLanguage\":\"fr-FR\",\"potentialAction\":[{\"@type\":\"ReadAction\",\"target\":[\"https:\\\/\\\/ecosupplements.be\\\/fr\\\/produit\\\/huile-essentielle-epices-de-citrouille-30-ml\\\/\"]}]},{\"@type\":\"ImageObject\",\"inLanguage\":\"fr-FR\",\"@id\":\"https:\\\/\\\/ecosupplements.be\\\/fr\\\/produit\\\/huile-essentielle-epices-de-citrouille-30-ml\\\/#primaryimage\",\"url\":\"https:\\\/\\\/ecosupplements.be\\\/wp-content\\\/uploads\\\/2025\\\/08\\\/Essential-Oil-Pumpkin-Spice-30-ml.jpg\",\"contentUrl\":\"https:\\\/\\\/ecosupplements.be\\\/wp-content\\\/uploads\\\/2025\\\/08\\\/Essential-Oil-Pumpkin-Spice-30-ml.jpg\",\"width\":264,\"height\":704},{\"@type\":\"BreadcrumbList\",\"@id\":\"https:\\\/\\\/ecosupplements.be\\\/fr\\\/produit\\\/huile-essentielle-epices-de-citrouille-30-ml\\\/#breadcrumb\",\"itemListElement\":[{\"@type\":\"ListItem\",\"position\":1,\"name\":\"Home\",\"item\":\"https:\\\/\\\/ecosupplements.be\\\/fr\\\/\"},{\"@type\":\"ListItem\",\"position\":2,\"name\":\"Boutique\",\"item\":\"https:\\\/\\\/ecosupplements.be\\\/fr\\\/boutique\\\/\"},{\"@type\":\"ListItem\",\"position\":3,\"name\":\"Huile essentielle, \u00e9pices de citrouille &#8211; 30 ml\"}]},{\"@type\":\"WebSite\",\"@id\":\"https:\\\/\\\/ecosupplements.be\\\/fr\\\/#website\",\"url\":\"https:\\\/\\\/ecosupplements.be\\\/fr\\\/\",\"name\":\"ECO Supplements\",\"description\":\"Eco Supplements - Gezonde supplementen\",\"publisher\":{\"@id\":\"https:\\\/\\\/ecosupplements.be\\\/fr\\\/#organization\"},\"potentialAction\":[{\"@type\":\"SearchAction\",\"target\":{\"@type\":\"EntryPoint\",\"urlTemplate\":\"https:\\\/\\\/ecosupplements.be\\\/fr\\\/?s={search_term_string}\"},\"query-input\":{\"@type\":\"PropertyValueSpecification\",\"valueRequired\":true,\"valueName\":\"search_term_string\"}}],\"inLanguage\":\"fr-FR\"},{\"@type\":\"Organization\",\"@id\":\"https:\\\/\\\/ecosupplements.be\\\/fr\\\/#organization\",\"name\":\"Eco Supplements\",\"url\":\"https:\\\/\\\/ecosupplements.be\\\/fr\\\/\",\"logo\":{\"@type\":\"ImageObject\",\"inLanguage\":\"fr-FR\",\"@id\":\"https:\\\/\\\/ecosupplements.be\\\/fr\\\/#\\\/schema\\\/logo\\\/image\\\/\",\"url\":\"https:\\\/\\\/ecosupplements.be\\\/wp-content\\\/uploads\\\/2022\\\/06\\\/ecosupplement-family.png\",\"contentUrl\":\"https:\\\/\\\/ecosupplements.be\\\/wp-content\\\/uploads\\\/2022\\\/06\\\/ecosupplement-family.png\",\"width\":593,\"height\":374,\"caption\":\"Eco Supplements\"},\"image\":{\"@id\":\"https:\\\/\\\/ecosupplements.be\\\/fr\\\/#\\\/schema\\\/logo\\\/image\\\/\"}}]}<\/script>\n<meta property=\"product:brand\" content=\"NOW Foods\" \/>\n<meta property=\"product:price:amount\" content=\"11.91\" \/>\n<meta property=\"product:price:currency\" content=\"EUR\" \/>\n<meta property=\"og:availability\" content=\"instock\" \/>\n<meta property=\"product:availability\" content=\"instock\" \/>\n<meta property=\"product:retailer_item_id\" content=\"733739076977\" \/>\n<meta property=\"product:condition\" content=\"new\" \/>\n<!-- \/ Yoast SEO Premium plugin. -->","yoast_head_json":{"title":"Huile essentielle, \u00e9pices de citrouille - 30 ml - ECO Supplements","description":"Wij hebben een ruime keuze aan producten van Huile essentielle, \u00e9pices de citrouille - 30 ml . Winkel bij Eco Supplements altijd gratis verzending boven 100\u20ac","robots":{"index":"index","follow":"follow","max-snippet":"max-snippet:-1","max-image-preview":"max-image-preview:large","max-video-preview":"max-video-preview:-1"},"canonical":"https:\/\/ecosupplements.be\/fr\/produit\/huile-essentielle-epices-de-citrouille-30-ml\/","og_locale":"fr_FR","og_type":"article","og_title":"Huile essentielle, \u00e9pices de citrouille - 30 ml","og_description":"Wij hebben een ruime keuze aan producten van Huile essentielle, \u00e9pices de citrouille - 30 ml . Winkel bij Eco Supplements altijd gratis verzending boven 100\u20ac","og_url":"https:\/\/ecosupplements.be\/fr\/produit\/huile-essentielle-epices-de-citrouille-30-ml\/","og_site_name":"ECO Supplements","article_modified_time":"2025-08-27T13:47:30+00:00","og_image":[{"width":264,"height":704,"url":"https:\/\/ecosupplements.be\/wp-content\/uploads\/2025\/08\/Essential-Oil-Pumpkin-Spice-30-ml-1.jpg","type":"image\/jpeg"}],"twitter_card":"summary_large_image","twitter_misc":{"Prix":"11.91&nbsp;&euro;","Disponibilit\u00e9":"En stock"},"schema":{"@context":"https:\/\/schema.org","@graph":[{"@type":["WebPage","ItemPage"],"@id":"https:\/\/ecosupplements.be\/fr\/produit\/huile-essentielle-epices-de-citrouille-30-ml\/","url":"https:\/\/ecosupplements.be\/fr\/produit\/huile-essentielle-epices-de-citrouille-30-ml\/","name":"Huile essentielle, \u00e9pices de citrouille - 30 ml - ECO Supplements","isPartOf":{"@id":"https:\/\/ecosupplements.be\/fr\/#website"},"primaryImageOfPage":{"@id":"https:\/\/ecosupplements.be\/fr\/produit\/huile-essentielle-epices-de-citrouille-30-ml\/#primaryimage"},"image":{"@id":"https:\/\/ecosupplements.be\/fr\/produit\/huile-essentielle-epices-de-citrouille-30-ml\/#primaryimage"},"thumbnailUrl":"https:\/\/ecosupplements.be\/wp-content\/uploads\/2025\/08\/Essential-Oil-Pumpkin-Spice-30-ml.jpg","datePublished":"2022-06-28T09:23:19+00:00","dateModified":"2025-08-27T13:47:30+00:00","description":"Wij hebben een ruime keuze aan producten van Huile essentielle, \u00e9pices de citrouille - 30 ml . Winkel bij Eco Supplements altijd gratis verzending boven 100\u20ac","breadcrumb":{"@id":"https:\/\/ecosupplements.be\/fr\/produit\/huile-essentielle-epices-de-citrouille-30-ml\/#breadcrumb"},"inLanguage":"fr-FR","potentialAction":[{"@type":"ReadAction","target":["https:\/\/ecosupplements.be\/fr\/produit\/huile-essentielle-epices-de-citrouille-30-ml\/"]}]},{"@type":"ImageObject","inLanguage":"fr-FR","@id":"https:\/\/ecosupplements.be\/fr\/produit\/huile-essentielle-epices-de-citrouille-30-ml\/#primaryimage","url":"https:\/\/ecosupplements.be\/wp-content\/uploads\/2025\/08\/Essential-Oil-Pumpkin-Spice-30-ml.jpg","contentUrl":"https:\/\/ecosupplements.be\/wp-content\/uploads\/2025\/08\/Essential-Oil-Pumpkin-Spice-30-ml.jpg","width":264,"height":704},{"@type":"BreadcrumbList","@id":"https:\/\/ecosupplements.be\/fr\/produit\/huile-essentielle-epices-de-citrouille-30-ml\/#breadcrumb","itemListElement":[{"@type":"ListItem","position":1,"name":"Home","item":"https:\/\/ecosupplements.be\/fr\/"},{"@type":"ListItem","position":2,"name":"Boutique","item":"https:\/\/ecosupplements.be\/fr\/boutique\/"},{"@type":"ListItem","position":3,"name":"Huile essentielle, \u00e9pices de citrouille &#8211; 30 ml"}]},{"@type":"WebSite","@id":"https:\/\/ecosupplements.be\/fr\/#website","url":"https:\/\/ecosupplements.be\/fr\/","name":"ECO Supplements","description":"Eco Supplements - Gezonde supplementen","publisher":{"@id":"https:\/\/ecosupplements.be\/fr\/#organization"},"potentialAction":[{"@type":"SearchAction","target":{"@type":"EntryPoint","urlTemplate":"https:\/\/ecosupplements.be\/fr\/?s={search_term_string}"},"query-input":{"@type":"PropertyValueSpecification","valueRequired":true,"valueName":"search_term_string"}}],"inLanguage":"fr-FR"},{"@type":"Organization","@id":"https:\/\/ecosupplements.be\/fr\/#organization","name":"Eco Supplements","url":"https:\/\/ecosupplements.be\/fr\/","logo":{"@type":"ImageObject","inLanguage":"fr-FR","@id":"https:\/\/ecosupplements.be\/fr\/#\/schema\/logo\/image\/","url":"https:\/\/ecosupplements.be\/wp-content\/uploads\/2022\/06\/ecosupplement-family.png","contentUrl":"https:\/\/ecosupplements.be\/wp-content\/uploads\/2022\/06\/ecosupplement-family.png","width":593,"height":374,"caption":"Eco Supplements"},"image":{"@id":"https:\/\/ecosupplements.be\/fr\/#\/schema\/logo\/image\/"}}]},"product_brand":"NOW Foods","product_price_amount":"11.91","product_price_currency":"EUR","og_availability":"instock","product_availability":"instock","product_retailer_item_id":"733739076977","product_condition":"new"},"_links":{"self":[{"href":"https:\/\/ecosupplements.be\/fr\/wp-json\/wp\/v2\/product\/288844","targetHints":{"allow":["GET"]}}],"collection":[{"href":"https:\/\/ecosupplements.be\/fr\/wp-json\/wp\/v2\/product"}],"about":[{"href":"https:\/\/ecosupplements.be\/fr\/wp-json\/wp\/v2\/types\/product"}],"replies":[{"embeddable":true,"href":"https:\/\/ecosupplements.be\/fr\/wp-json\/wp\/v2\/comments?post=288844"}],"wp:featuredmedia":[{"embeddable":true,"href":"https:\/\/ecosupplements.be\/fr\/wp-json\/wp\/v2\/media\/250466"}],"wp:attachment":[{"href":"https:\/\/ecosupplements.be\/fr\/wp-json\/wp\/v2\/media?parent=288844"}],"wp:term":[{"taxonomy":"product_brand","embeddable":true,"href":"https:\/\/ecosupplements.be\/fr\/wp-json\/wp\/v2\/product_brand?post=288844"},{"taxonomy":"product_cat","embeddable":true,"href":"https:\/\/ecosupplements.be\/fr\/wp-json\/wp\/v2\/product_cat?post=288844"},{"taxonomy":"product_tag","embeddable":true,"href":"https:\/\/ecosupplements.be\/fr\/wp-json\/wp\/v2\/product_tag?post=288844"}],"curies":[{"name":"wp","href":"https:\/\/api.w.org\/{rel}","templated":true}]}}