{"id":288850,"date":"2022-06-28T10:23:19","date_gmt":"2022-06-28T09:23:19","guid":{"rendered":"https:\/\/ecosupplements.be\/product\/huile-essentielle-huile-de-graine-de-rose-musquee-30-ml\/"},"modified":"2025-08-27T14:47:36","modified_gmt":"2025-08-27T13:47:36","slug":"huile-essentielle-huile-de-graine-de-rose-musquee-30-ml","status":"publish","type":"product","link":"https:\/\/ecosupplements.be\/fr\/produit\/huile-essentielle-huile-de-graine-de-rose-musquee-30-ml\/","title":{"rendered":"Huile Essentielle, Huile de Graine de Rose Musqu\u00e9e &#8211; 30 ml"},"content":{"rendered":"<h1>Essential Oil, Rose Hip Seed Oil\u200d &#8211; 30 ml.<\/h1>\n<p>L&#8217;huile de graines de rose musqu\u00e9e \u2064est un produit naturel polyvalent\u2063 qui peut \u00eatre \u200cutilis\u00e9 pour am\u00e9liorer la sant\u00e9 de\u200d la peau, des cheveux \u2062et des ongles. Cette huile essentielle de qualit\u00e9 sup\u00e9rieure \u2062est \u200bproduite par \u200cNOW Foods, une\u2064 marque r\u00e9put\u00e9e \u200bpour ses produits naturels et de haute qualit\u00e9.<\/p>\n<h2>Caract\u00e9ristiques sp\u00e9ciales:<\/h2>\n<ul>\n<li>100% pure et naturelle<\/li>\n<li>Press\u00e9e \u00e0 \u200bfroid pour pr\u00e9server ses propri\u00e9t\u00e9s b\u00e9n\u00e9fiques<\/li>\n<li>Riche \u200den acides gras essentiels et en \u2063vitamines A et C<\/li>\n<li>Non test\u00e9e\u2064 sur les animaux<\/li>\n<li>Emballage \u2062recyclable<\/li>\n<\/ul>\n<h2>Ingr\u00e9dients:<\/h2>\n<p>Cette huile de graines de rose musqu\u00e9e\u2062 est compos\u00e9e \u00e0 100% \u200cd&#8217;huile de graines de rose musqu\u00e9e pure et naturelle, sans aucun ajout de produits chimiques ou de conservateurs. Elle est press\u00e9e \u00e0 froid pour\u200d pr\u00e9server ses nutriments et ses propri\u00e9t\u00e9s b\u00e9n\u00e9fiques.<\/p>\n<h2>Avantages uniques:<\/h2>\n<p>L&#8217;huile de\u200b graines\u200b de \u2062rose musqu\u00e9e est connue\u2063 pour\u200c ses \u200dnombreux bienfaits pour la peau, les cheveux et\u200b les\u200b ongles.\u2063 Elle\u200c est riche en acides gras essentiels,\u2063 en vitamines A et C,\u2062 ainsi qu&#8217;en \u200bantioxydants, ce qui en fait un excellent choix \u2064pour\u200b hydrater, nourrir et prot\u00e9ger la peau. Elle peut \u2063\u00e9galement\u2063 aider \u00e0 r\u00e9duire l&#8217;apparence des cicatrices et des rides, ainsi qu&#8217;\u00e0 am\u00e9liorer l&#8217;\u00e9lasticit\u00e9 de la peau.<\/p>\n<h2>Principales caract\u00e9ristiques:<\/h2>\n<ul>\n<li>Format\u2062 pratique \u2062de 30 ml<\/li>\n<li>Peut \u00eatre utilis\u00e9e pure ou m\u00e9lang\u00e9e \u00e0 d&#8217;autres huiles essentielles<\/li>\n<li>Convient \u200c\u00e0 tous \u2063les types de peau<\/li>\n<li>Id\u00e9ale \u200dpour une utilisation quotidienne<\/li>\n<li>Peut \u00e9galement \u00eatre\u200c utilis\u00e9e pour\u200b les massages et les soins capillaires<\/li>\n<\/ul>\n<p>Offrez \u200b\u00e0 votre peau, vos\u2064 cheveux et vos \u2064ongles\u2063 les bienfaits de l&#8217;huile de graines de rose \u200bmusqu\u00e9e avec cette huile essentielle de \u200cqualit\u00e9 \u2064sup\u00e9rieure de \u2063NOW Foods. Commandez d\u00e8s maintenant et d\u00e9couvrez tous\u200c ses avantages pour une beaut\u00e9 naturelle et saine.<\/p>\n","protected":false},"excerpt":{"rendered":"<p>Essential Oil, Rose Hip Seed Oil\u200d &#8211; 30 ml. L&#8217;huile de graines de rose musqu\u00e9e \u2064est un produit naturel polyvalent\u2063 qui peut \u00eatre \u200cutilis\u00e9 pour am\u00e9liorer la sant\u00e9 de\u200d la peau, des cheveux \u2062et des ongles. Cette huile essentielle de qualit\u00e9 sup\u00e9rieure \u2062est \u200bproduite par \u200cNOW Foods, une\u2064 marque r\u00e9put\u00e9e \u200bpour ses produits naturels et [&#8230;]\n","protected":false},"featured_media":250476,"comment_status":"open","ping_status":"open","template":"","meta":[],"product_brand":[4733],"product_cat":[5155,5132,5052],"product_tag":[],"class_list":{"0":"post-288850","1":"product","2":"type-product","3":"status-publish","4":"has-post-thumbnail","6":"product_brand-now-foods-2","7":"product_cat-cosmetiques","8":"product_cat-huiles-essentielles","9":"product_cat-sante-et-bien-etre","11":"first","12":"instock","13":"taxable","14":"shipping-taxable","15":"purchasable","16":"product-type-simple"},"yoast_head":"<!-- This site is optimized with the Yoast SEO Premium plugin v27.3 (Yoast SEO v27.3) - https:\/\/yoast.com\/product\/yoast-seo-premium-wordpress\/ -->\n<title>Huile Essentielle, Huile de Graine de Rose Musqu\u00e9e - 30 ml - ECO Supplements<\/title>\n<meta name=\"description\" content=\"Wij hebben een ruime keuze aan producten van Huile Essentielle, Huile de Graine de Rose Musqu\u00e9e - 30 ml . Winkel bij Eco Supplements altijd gratis verzending boven 100\u20ac\" \/>\n<meta name=\"robots\" content=\"index, follow, max-snippet:-1, max-image-preview:large, max-video-preview:-1\" \/>\n<link rel=\"canonical\" href=\"https:\/\/ecosupplements.be\/fr\/produit\/huile-essentielle-huile-de-graine-de-rose-musquee-30-ml\/\" \/>\n<meta property=\"og:locale\" content=\"fr_FR\" \/>\n<meta property=\"og:type\" content=\"article\" \/>\n<meta property=\"og:title\" content=\"Huile Essentielle, Huile de Graine de Rose Musqu\u00e9e - 30 ml\" \/>\n<meta property=\"og:description\" content=\"Wij hebben een ruime keuze aan producten van Huile Essentielle, Huile de Graine de Rose Musqu\u00e9e - 30 ml . Winkel bij Eco Supplements altijd gratis verzending boven 100\u20ac\" \/>\n<meta property=\"og:url\" content=\"https:\/\/ecosupplements.be\/fr\/produit\/huile-essentielle-huile-de-graine-de-rose-musquee-30-ml\/\" \/>\n<meta property=\"og:site_name\" content=\"ECO Supplements\" \/>\n<meta property=\"article:modified_time\" content=\"2025-08-27T13:47:36+00:00\" \/>\n<meta property=\"og:image\" content=\"https:\/\/ecosupplements.be\/wp-content\/uploads\/2025\/08\/Essential-Oil-Rose-Hip-Seed-Oil-30-ml.jpg\" \/>\n\t<meta property=\"og:image:width\" content=\"323\" \/>\n\t<meta property=\"og:image:height\" content=\"880\" \/>\n\t<meta property=\"og:image:type\" content=\"image\/jpeg\" \/>\n<meta name=\"twitter:card\" content=\"summary_large_image\" \/>\n<meta name=\"twitter:label1\" content=\"Prix\" \/>\n\t<meta name=\"twitter:data1\" content=\"11.37&nbsp;&euro;\" \/>\n\t<meta name=\"twitter:label2\" content=\"Disponibilit\u00e9\" \/>\n\t<meta name=\"twitter:data2\" content=\"En stock\" \/>\n<script type=\"application\/ld+json\" class=\"yoast-schema-graph\">{\"@context\":\"https:\\\/\\\/schema.org\",\"@graph\":[{\"@type\":[\"WebPage\",\"ItemPage\"],\"@id\":\"https:\\\/\\\/ecosupplements.be\\\/fr\\\/produit\\\/huile-essentielle-huile-de-graine-de-rose-musquee-30-ml\\\/\",\"url\":\"https:\\\/\\\/ecosupplements.be\\\/fr\\\/produit\\\/huile-essentielle-huile-de-graine-de-rose-musquee-30-ml\\\/\",\"name\":\"Huile Essentielle, Huile de Graine de Rose Musqu\u00e9e - 30 ml - ECO Supplements\",\"isPartOf\":{\"@id\":\"https:\\\/\\\/ecosupplements.be\\\/fr\\\/#website\"},\"primaryImageOfPage\":{\"@id\":\"https:\\\/\\\/ecosupplements.be\\\/fr\\\/produit\\\/huile-essentielle-huile-de-graine-de-rose-musquee-30-ml\\\/#primaryimage\"},\"image\":{\"@id\":\"https:\\\/\\\/ecosupplements.be\\\/fr\\\/produit\\\/huile-essentielle-huile-de-graine-de-rose-musquee-30-ml\\\/#primaryimage\"},\"thumbnailUrl\":\"https:\\\/\\\/ecosupplements.be\\\/wp-content\\\/uploads\\\/2025\\\/08\\\/NOW-Foods-Essential-Oil-30-ml-39.jpg\",\"datePublished\":\"2022-06-28T09:23:19+00:00\",\"dateModified\":\"2025-08-27T13:47:36+00:00\",\"description\":\"Wij hebben een ruime keuze aan producten van Huile Essentielle, Huile de Graine de Rose Musqu\u00e9e - 30 ml . Winkel bij Eco Supplements altijd gratis verzending boven 100\u20ac\",\"breadcrumb\":{\"@id\":\"https:\\\/\\\/ecosupplements.be\\\/fr\\\/produit\\\/huile-essentielle-huile-de-graine-de-rose-musquee-30-ml\\\/#breadcrumb\"},\"inLanguage\":\"fr-FR\",\"potentialAction\":[{\"@type\":\"ReadAction\",\"target\":[\"https:\\\/\\\/ecosupplements.be\\\/fr\\\/produit\\\/huile-essentielle-huile-de-graine-de-rose-musquee-30-ml\\\/\"]}]},{\"@type\":\"ImageObject\",\"inLanguage\":\"fr-FR\",\"@id\":\"https:\\\/\\\/ecosupplements.be\\\/fr\\\/produit\\\/huile-essentielle-huile-de-graine-de-rose-musquee-30-ml\\\/#primaryimage\",\"url\":\"https:\\\/\\\/ecosupplements.be\\\/wp-content\\\/uploads\\\/2025\\\/08\\\/NOW-Foods-Essential-Oil-30-ml-39.jpg\",\"contentUrl\":\"https:\\\/\\\/ecosupplements.be\\\/wp-content\\\/uploads\\\/2025\\\/08\\\/NOW-Foods-Essential-Oil-30-ml-39.jpg\",\"width\":750,\"height\":750},{\"@type\":\"BreadcrumbList\",\"@id\":\"https:\\\/\\\/ecosupplements.be\\\/fr\\\/produit\\\/huile-essentielle-huile-de-graine-de-rose-musquee-30-ml\\\/#breadcrumb\",\"itemListElement\":[{\"@type\":\"ListItem\",\"position\":1,\"name\":\"Home\",\"item\":\"https:\\\/\\\/ecosupplements.be\\\/fr\\\/\"},{\"@type\":\"ListItem\",\"position\":2,\"name\":\"Boutique\",\"item\":\"https:\\\/\\\/ecosupplements.be\\\/fr\\\/boutique\\\/\"},{\"@type\":\"ListItem\",\"position\":3,\"name\":\"Huile Essentielle, Huile de Graine de Rose Musqu\u00e9e &#8211; 30 ml\"}]},{\"@type\":\"WebSite\",\"@id\":\"https:\\\/\\\/ecosupplements.be\\\/fr\\\/#website\",\"url\":\"https:\\\/\\\/ecosupplements.be\\\/fr\\\/\",\"name\":\"ECO Supplements\",\"description\":\"Eco Supplements - Gezonde supplementen\",\"publisher\":{\"@id\":\"https:\\\/\\\/ecosupplements.be\\\/fr\\\/#organization\"},\"potentialAction\":[{\"@type\":\"SearchAction\",\"target\":{\"@type\":\"EntryPoint\",\"urlTemplate\":\"https:\\\/\\\/ecosupplements.be\\\/fr\\\/?s={search_term_string}\"},\"query-input\":{\"@type\":\"PropertyValueSpecification\",\"valueRequired\":true,\"valueName\":\"search_term_string\"}}],\"inLanguage\":\"fr-FR\"},{\"@type\":\"Organization\",\"@id\":\"https:\\\/\\\/ecosupplements.be\\\/fr\\\/#organization\",\"name\":\"Eco Supplements\",\"url\":\"https:\\\/\\\/ecosupplements.be\\\/fr\\\/\",\"logo\":{\"@type\":\"ImageObject\",\"inLanguage\":\"fr-FR\",\"@id\":\"https:\\\/\\\/ecosupplements.be\\\/fr\\\/#\\\/schema\\\/logo\\\/image\\\/\",\"url\":\"https:\\\/\\\/ecosupplements.be\\\/wp-content\\\/uploads\\\/2022\\\/06\\\/ecosupplement-family.png\",\"contentUrl\":\"https:\\\/\\\/ecosupplements.be\\\/wp-content\\\/uploads\\\/2022\\\/06\\\/ecosupplement-family.png\",\"width\":593,\"height\":374,\"caption\":\"Eco Supplements\"},\"image\":{\"@id\":\"https:\\\/\\\/ecosupplements.be\\\/fr\\\/#\\\/schema\\\/logo\\\/image\\\/\"}}]}<\/script>\n<meta property=\"product:brand\" content=\"NOW Foods\" \/>\n<meta property=\"product:price:amount\" content=\"11.37\" \/>\n<meta property=\"product:price:currency\" content=\"EUR\" \/>\n<meta property=\"og:availability\" content=\"instock\" \/>\n<meta property=\"product:availability\" content=\"instock\" \/>\n<meta property=\"product:retailer_item_id\" content=\"733739075956\" \/>\n<meta property=\"product:condition\" content=\"new\" \/>\n<!-- \/ Yoast SEO Premium plugin. -->","yoast_head_json":{"title":"Huile Essentielle, Huile de Graine de Rose Musqu\u00e9e - 30 ml - ECO Supplements","description":"Wij hebben een ruime keuze aan producten van Huile Essentielle, Huile de Graine de Rose Musqu\u00e9e - 30 ml . Winkel bij Eco Supplements altijd gratis verzending boven 100\u20ac","robots":{"index":"index","follow":"follow","max-snippet":"max-snippet:-1","max-image-preview":"max-image-preview:large","max-video-preview":"max-video-preview:-1"},"canonical":"https:\/\/ecosupplements.be\/fr\/produit\/huile-essentielle-huile-de-graine-de-rose-musquee-30-ml\/","og_locale":"fr_FR","og_type":"article","og_title":"Huile Essentielle, Huile de Graine de Rose Musqu\u00e9e - 30 ml","og_description":"Wij hebben een ruime keuze aan producten van Huile Essentielle, Huile de Graine de Rose Musqu\u00e9e - 30 ml . Winkel bij Eco Supplements altijd gratis verzending boven 100\u20ac","og_url":"https:\/\/ecosupplements.be\/fr\/produit\/huile-essentielle-huile-de-graine-de-rose-musquee-30-ml\/","og_site_name":"ECO Supplements","article_modified_time":"2025-08-27T13:47:36+00:00","og_image":[{"width":323,"height":880,"url":"https:\/\/ecosupplements.be\/wp-content\/uploads\/2025\/08\/Essential-Oil-Rose-Hip-Seed-Oil-30-ml.jpg","type":"image\/jpeg"}],"twitter_card":"summary_large_image","twitter_misc":{"Prix":"11.37&nbsp;&euro;","Disponibilit\u00e9":"En stock"},"schema":{"@context":"https:\/\/schema.org","@graph":[{"@type":["WebPage","ItemPage"],"@id":"https:\/\/ecosupplements.be\/fr\/produit\/huile-essentielle-huile-de-graine-de-rose-musquee-30-ml\/","url":"https:\/\/ecosupplements.be\/fr\/produit\/huile-essentielle-huile-de-graine-de-rose-musquee-30-ml\/","name":"Huile Essentielle, Huile de Graine de Rose Musqu\u00e9e - 30 ml - ECO Supplements","isPartOf":{"@id":"https:\/\/ecosupplements.be\/fr\/#website"},"primaryImageOfPage":{"@id":"https:\/\/ecosupplements.be\/fr\/produit\/huile-essentielle-huile-de-graine-de-rose-musquee-30-ml\/#primaryimage"},"image":{"@id":"https:\/\/ecosupplements.be\/fr\/produit\/huile-essentielle-huile-de-graine-de-rose-musquee-30-ml\/#primaryimage"},"thumbnailUrl":"https:\/\/ecosupplements.be\/wp-content\/uploads\/2025\/08\/NOW-Foods-Essential-Oil-30-ml-39.jpg","datePublished":"2022-06-28T09:23:19+00:00","dateModified":"2025-08-27T13:47:36+00:00","description":"Wij hebben een ruime keuze aan producten van Huile Essentielle, Huile de Graine de Rose Musqu\u00e9e - 30 ml . Winkel bij Eco Supplements altijd gratis verzending boven 100\u20ac","breadcrumb":{"@id":"https:\/\/ecosupplements.be\/fr\/produit\/huile-essentielle-huile-de-graine-de-rose-musquee-30-ml\/#breadcrumb"},"inLanguage":"fr-FR","potentialAction":[{"@type":"ReadAction","target":["https:\/\/ecosupplements.be\/fr\/produit\/huile-essentielle-huile-de-graine-de-rose-musquee-30-ml\/"]}]},{"@type":"ImageObject","inLanguage":"fr-FR","@id":"https:\/\/ecosupplements.be\/fr\/produit\/huile-essentielle-huile-de-graine-de-rose-musquee-30-ml\/#primaryimage","url":"https:\/\/ecosupplements.be\/wp-content\/uploads\/2025\/08\/NOW-Foods-Essential-Oil-30-ml-39.jpg","contentUrl":"https:\/\/ecosupplements.be\/wp-content\/uploads\/2025\/08\/NOW-Foods-Essential-Oil-30-ml-39.jpg","width":750,"height":750},{"@type":"BreadcrumbList","@id":"https:\/\/ecosupplements.be\/fr\/produit\/huile-essentielle-huile-de-graine-de-rose-musquee-30-ml\/#breadcrumb","itemListElement":[{"@type":"ListItem","position":1,"name":"Home","item":"https:\/\/ecosupplements.be\/fr\/"},{"@type":"ListItem","position":2,"name":"Boutique","item":"https:\/\/ecosupplements.be\/fr\/boutique\/"},{"@type":"ListItem","position":3,"name":"Huile Essentielle, Huile de Graine de Rose Musqu\u00e9e &#8211; 30 ml"}]},{"@type":"WebSite","@id":"https:\/\/ecosupplements.be\/fr\/#website","url":"https:\/\/ecosupplements.be\/fr\/","name":"ECO Supplements","description":"Eco Supplements - Gezonde supplementen","publisher":{"@id":"https:\/\/ecosupplements.be\/fr\/#organization"},"potentialAction":[{"@type":"SearchAction","target":{"@type":"EntryPoint","urlTemplate":"https:\/\/ecosupplements.be\/fr\/?s={search_term_string}"},"query-input":{"@type":"PropertyValueSpecification","valueRequired":true,"valueName":"search_term_string"}}],"inLanguage":"fr-FR"},{"@type":"Organization","@id":"https:\/\/ecosupplements.be\/fr\/#organization","name":"Eco Supplements","url":"https:\/\/ecosupplements.be\/fr\/","logo":{"@type":"ImageObject","inLanguage":"fr-FR","@id":"https:\/\/ecosupplements.be\/fr\/#\/schema\/logo\/image\/","url":"https:\/\/ecosupplements.be\/wp-content\/uploads\/2022\/06\/ecosupplement-family.png","contentUrl":"https:\/\/ecosupplements.be\/wp-content\/uploads\/2022\/06\/ecosupplement-family.png","width":593,"height":374,"caption":"Eco Supplements"},"image":{"@id":"https:\/\/ecosupplements.be\/fr\/#\/schema\/logo\/image\/"}}]},"product_brand":"NOW Foods","product_price_amount":"11.37","product_price_currency":"EUR","og_availability":"instock","product_availability":"instock","product_retailer_item_id":"733739075956","product_condition":"new"},"_links":{"self":[{"href":"https:\/\/ecosupplements.be\/fr\/wp-json\/wp\/v2\/product\/288850","targetHints":{"allow":["GET"]}}],"collection":[{"href":"https:\/\/ecosupplements.be\/fr\/wp-json\/wp\/v2\/product"}],"about":[{"href":"https:\/\/ecosupplements.be\/fr\/wp-json\/wp\/v2\/types\/product"}],"replies":[{"embeddable":true,"href":"https:\/\/ecosupplements.be\/fr\/wp-json\/wp\/v2\/comments?post=288850"}],"wp:featuredmedia":[{"embeddable":true,"href":"https:\/\/ecosupplements.be\/fr\/wp-json\/wp\/v2\/media\/250476"}],"wp:attachment":[{"href":"https:\/\/ecosupplements.be\/fr\/wp-json\/wp\/v2\/media?parent=288850"}],"wp:term":[{"taxonomy":"product_brand","embeddable":true,"href":"https:\/\/ecosupplements.be\/fr\/wp-json\/wp\/v2\/product_brand?post=288850"},{"taxonomy":"product_cat","embeddable":true,"href":"https:\/\/ecosupplements.be\/fr\/wp-json\/wp\/v2\/product_cat?post=288850"},{"taxonomy":"product_tag","embeddable":true,"href":"https:\/\/ecosupplements.be\/fr\/wp-json\/wp\/v2\/product_tag?post=288850"}],"curies":[{"name":"wp","href":"https:\/\/api.w.org\/{rel}","templated":true}]}}