{"id":288862,"date":"2022-06-28T10:23:19","date_gmt":"2022-06-28T09:23:19","guid":{"rendered":"https:\/\/ecosupplements.be\/product\/huile-essentielle-lavande-aspic-30-ml\/"},"modified":"2025-08-27T14:47:47","modified_gmt":"2025-08-27T13:47:47","slug":"huile-essentielle-lavande-aspic-30-ml","status":"publish","type":"product","link":"https:\/\/ecosupplements.be\/fr\/produit\/huile-essentielle-lavande-aspic-30-ml\/","title":{"rendered":"Huile Essentielle, Lavande Aspic &#8211; 30 ml"},"content":{"rendered":"<h1>Essential Oil, Spike Lavender &#8211; 30 ml<\/h1>\n<p>D\u00e9couvrez les bienfaits apaisants et relaxants \u200bde l&#8217;huile\u2063 essentielle de lavande \u00e9pineuse \u2064avec cette bouteille de 30 ml\u2063 de NOW Foods. Cette huile essentielle de qualit\u00e9 \u200bsup\u00e9rieure\u200c est extraite \u00e0 la\u200c vapeur \u00e0 \u2062partir des fleurs de lavande\u2062 \u00e9pineuse, \u00e9galement \u2064connue \u200csous le nom\u2063 de lavande aspic, cultiv\u00e9es aux \u00c9tats-Unis.<\/p>\n<h2>Caract\u00e9ristiques sp\u00e9ciales<\/h2>\n<ul>\n<li>100% pure \u200det \u200dnaturelle<\/li>\n<li>Extraction \u00e0 la \u2064vapeur pour une qualit\u00e9 optimale<\/li>\n<li>Origine : \u00c9tats-Unis<\/li>\n<li>Bouteille de 30 \u200dml avec compte-gouttes pour une utilisation facile<\/li>\n<\/ul>\n<h2>Ingr\u00e9dients<\/h2>\n<p>Cette huile essentielle de lavande\u2062 \u00e9pineuse est\u2062 compos\u00e9e \u00e0 100% d&#8217;huile de\u2064 lavande \u00e9pineuse pure et naturelle,\u2062 sans aucun additif ni produit chimique. Elle est \u00e9galement v\u00e9g\u00e9talienne et non test\u00e9e sur les animaux.<\/p>\n<h2>Avantages\u2062 uniques<\/h2>\n<p>L&#8217;huile essentielle de lavande \u00e9pineuse\u200c est connue pour ses propri\u00e9t\u00e9s apaisantes \u2064et relaxantes. Elle peut\u200b \u00eatre utilis\u00e9e\u2063 pour soulager\u200d les tensions musculaires, calmer l&#8217;esprit et\u200d favoriser un \u2063sommeil r\u00e9parateur. Elle peut \u00e9galement \u00eatre utilis\u00e9e pour apaiser les piq\u00fbres d&#8217;insectes et les br\u00fblures \u200cl\u00e9g\u00e8res.<\/p>\n<h2>Principales caract\u00e9ristiques<\/h2>\n<ul>\n<li>Propri\u00e9t\u00e9s apaisantes et relaxantes<\/li>\n<li>Peut \u00eatre utilis\u00e9e pour soulager les tensions musculaires et favoriser un sommeil r\u00e9parateur<\/li>\n<li>Peut \u00eatre utilis\u00e9e pour apaiser les piq\u00fbres d&#8217;insectes et les\u2062 br\u00fblures l\u00e9g\u00e8res<\/li>\n<li>Ar\u00f4me \u2064frais\u2064 et\u200c floral<\/li>\n<li>Flacon en verre\u200c ambr\u00e9 pour prot\u00e9ger l&#8217;huile de la\u2062 lumi\u00e8re<\/li>\n<\/ul>\n<p>Ajoutez cette huile \u200dessentielle de lavande \u00e9pineuse \u2063\u00e0 votre routine de\u200d bien-\u00eatre pour profiter\u200c de\u200d ses nombreux bienfaits\u2063 pour le corps et l&#8217;esprit. Commandez d\u00e8s maintenant et d\u00e9couvrez par vous-m\u00eame pourquoi l&#8217;huile essentielle \u200bde lavande est\u200d l&#8217;une des\u200b plus populaires sur\u200c le march\u00e9.<\/p>\n","protected":false},"excerpt":{"rendered":"<p>Essential Oil, Spike Lavender &#8211; 30 ml D\u00e9couvrez les bienfaits apaisants et relaxants \u200bde l&#8217;huile\u2063 essentielle de lavande \u00e9pineuse \u2064avec cette bouteille de 30 ml\u2063 de NOW Foods. Cette huile essentielle de qualit\u00e9 \u200bsup\u00e9rieure\u200c est extraite \u00e0 la\u200c vapeur \u00e0 \u2062partir des fleurs de lavande\u2062 \u00e9pineuse, \u00e9galement \u2064connue \u200csous le nom\u2063 de lavande aspic, cultiv\u00e9es [&#8230;]\n","protected":false},"featured_media":250511,"comment_status":"open","ping_status":"open","template":"","meta":[],"product_brand":[4733],"product_cat":[5131,5132,5052],"product_tag":[],"class_list":{"0":"post-288862","1":"product","2":"type-product","3":"status-publish","4":"has-post-thumbnail","6":"product_brand-now-foods-2","7":"product_cat-aromatherapie","8":"product_cat-huiles-essentielles","9":"product_cat-sante-et-bien-etre","11":"first","12":"instock","13":"taxable","14":"shipping-taxable","15":"purchasable","16":"product-type-simple"},"yoast_head":"<!-- This site is optimized with the Yoast SEO Premium plugin v27.3 (Yoast SEO v27.3) - https:\/\/yoast.com\/product\/yoast-seo-premium-wordpress\/ -->\n<title>Huile Essentielle, Lavande Aspic - 30 ml - ECO Supplements<\/title>\n<meta name=\"description\" content=\"Wij hebben een ruime keuze aan producten van Huile Essentielle, Lavande Aspic - 30 ml . Winkel bij Eco Supplements altijd gratis verzending boven 100\u20ac\" \/>\n<meta name=\"robots\" content=\"index, follow, max-snippet:-1, max-image-preview:large, max-video-preview:-1\" \/>\n<link rel=\"canonical\" href=\"https:\/\/ecosupplements.be\/fr\/produit\/huile-essentielle-lavande-aspic-30-ml\/\" \/>\n<meta property=\"og:locale\" content=\"fr_FR\" \/>\n<meta property=\"og:type\" content=\"article\" \/>\n<meta property=\"og:title\" content=\"Huile Essentielle, Lavande Aspic - 30 ml\" \/>\n<meta property=\"og:description\" content=\"Wij hebben een ruime keuze aan producten van Huile Essentielle, Lavande Aspic - 30 ml . Winkel bij Eco Supplements altijd gratis verzending boven 100\u20ac\" \/>\n<meta property=\"og:url\" content=\"https:\/\/ecosupplements.be\/fr\/produit\/huile-essentielle-lavande-aspic-30-ml\/\" \/>\n<meta property=\"og:site_name\" content=\"ECO Supplements\" \/>\n<meta property=\"article:modified_time\" content=\"2025-08-27T13:47:47+00:00\" \/>\n<meta property=\"og:image\" content=\"https:\/\/ecosupplements.be\/wp-content\/uploads\/2025\/08\/Essential-Oil-Spike-Lavender-30-ml.jpg\" \/>\n\t<meta property=\"og:image:width\" content=\"342\" \/>\n\t<meta property=\"og:image:height\" content=\"880\" \/>\n\t<meta property=\"og:image:type\" content=\"image\/jpeg\" \/>\n<meta name=\"twitter:card\" content=\"summary_large_image\" \/>\n<meta name=\"twitter:label1\" content=\"Prix\" \/>\n\t<meta name=\"twitter:data1\" content=\"15.20&nbsp;&euro;\" \/>\n\t<meta name=\"twitter:label2\" content=\"Disponibilit\u00e9\" \/>\n\t<meta name=\"twitter:data2\" content=\"En stock\" \/>\n<script type=\"application\/ld+json\" class=\"yoast-schema-graph\">{\"@context\":\"https:\\\/\\\/schema.org\",\"@graph\":[{\"@type\":[\"WebPage\",\"ItemPage\"],\"@id\":\"https:\\\/\\\/ecosupplements.be\\\/fr\\\/produit\\\/huile-essentielle-lavande-aspic-30-ml\\\/\",\"url\":\"https:\\\/\\\/ecosupplements.be\\\/fr\\\/produit\\\/huile-essentielle-lavande-aspic-30-ml\\\/\",\"name\":\"Huile Essentielle, Lavande Aspic - 30 ml - ECO Supplements\",\"isPartOf\":{\"@id\":\"https:\\\/\\\/ecosupplements.be\\\/fr\\\/#website\"},\"primaryImageOfPage\":{\"@id\":\"https:\\\/\\\/ecosupplements.be\\\/fr\\\/produit\\\/huile-essentielle-lavande-aspic-30-ml\\\/#primaryimage\"},\"image\":{\"@id\":\"https:\\\/\\\/ecosupplements.be\\\/fr\\\/produit\\\/huile-essentielle-lavande-aspic-30-ml\\\/#primaryimage\"},\"thumbnailUrl\":\"https:\\\/\\\/ecosupplements.be\\\/wp-content\\\/uploads\\\/2025\\\/08\\\/NOW-Foods-Essential-Oil-Spike-Lavender-30-ml.jpg\",\"datePublished\":\"2022-06-28T09:23:19+00:00\",\"dateModified\":\"2025-08-27T13:47:47+00:00\",\"description\":\"Wij hebben een ruime keuze aan producten van Huile Essentielle, Lavande Aspic - 30 ml . Winkel bij Eco Supplements altijd gratis verzending boven 100\u20ac\",\"breadcrumb\":{\"@id\":\"https:\\\/\\\/ecosupplements.be\\\/fr\\\/produit\\\/huile-essentielle-lavande-aspic-30-ml\\\/#breadcrumb\"},\"inLanguage\":\"fr-FR\",\"potentialAction\":[{\"@type\":\"ReadAction\",\"target\":[\"https:\\\/\\\/ecosupplements.be\\\/fr\\\/produit\\\/huile-essentielle-lavande-aspic-30-ml\\\/\"]}]},{\"@type\":\"ImageObject\",\"inLanguage\":\"fr-FR\",\"@id\":\"https:\\\/\\\/ecosupplements.be\\\/fr\\\/produit\\\/huile-essentielle-lavande-aspic-30-ml\\\/#primaryimage\",\"url\":\"https:\\\/\\\/ecosupplements.be\\\/wp-content\\\/uploads\\\/2025\\\/08\\\/NOW-Foods-Essential-Oil-Spike-Lavender-30-ml.jpg\",\"contentUrl\":\"https:\\\/\\\/ecosupplements.be\\\/wp-content\\\/uploads\\\/2025\\\/08\\\/NOW-Foods-Essential-Oil-Spike-Lavender-30-ml.jpg\",\"width\":750,\"height\":750},{\"@type\":\"BreadcrumbList\",\"@id\":\"https:\\\/\\\/ecosupplements.be\\\/fr\\\/produit\\\/huile-essentielle-lavande-aspic-30-ml\\\/#breadcrumb\",\"itemListElement\":[{\"@type\":\"ListItem\",\"position\":1,\"name\":\"Home\",\"item\":\"https:\\\/\\\/ecosupplements.be\\\/fr\\\/\"},{\"@type\":\"ListItem\",\"position\":2,\"name\":\"Boutique\",\"item\":\"https:\\\/\\\/ecosupplements.be\\\/fr\\\/boutique\\\/\"},{\"@type\":\"ListItem\",\"position\":3,\"name\":\"Huile Essentielle, Lavande Aspic &#8211; 30 ml\"}]},{\"@type\":\"WebSite\",\"@id\":\"https:\\\/\\\/ecosupplements.be\\\/fr\\\/#website\",\"url\":\"https:\\\/\\\/ecosupplements.be\\\/fr\\\/\",\"name\":\"ECO Supplements\",\"description\":\"Eco Supplements - Gezonde supplementen\",\"publisher\":{\"@id\":\"https:\\\/\\\/ecosupplements.be\\\/fr\\\/#organization\"},\"potentialAction\":[{\"@type\":\"SearchAction\",\"target\":{\"@type\":\"EntryPoint\",\"urlTemplate\":\"https:\\\/\\\/ecosupplements.be\\\/fr\\\/?s={search_term_string}\"},\"query-input\":{\"@type\":\"PropertyValueSpecification\",\"valueRequired\":true,\"valueName\":\"search_term_string\"}}],\"inLanguage\":\"fr-FR\"},{\"@type\":\"Organization\",\"@id\":\"https:\\\/\\\/ecosupplements.be\\\/fr\\\/#organization\",\"name\":\"Eco Supplements\",\"url\":\"https:\\\/\\\/ecosupplements.be\\\/fr\\\/\",\"logo\":{\"@type\":\"ImageObject\",\"inLanguage\":\"fr-FR\",\"@id\":\"https:\\\/\\\/ecosupplements.be\\\/fr\\\/#\\\/schema\\\/logo\\\/image\\\/\",\"url\":\"https:\\\/\\\/ecosupplements.be\\\/wp-content\\\/uploads\\\/2022\\\/06\\\/ecosupplement-family.png\",\"contentUrl\":\"https:\\\/\\\/ecosupplements.be\\\/wp-content\\\/uploads\\\/2022\\\/06\\\/ecosupplement-family.png\",\"width\":593,\"height\":374,\"caption\":\"Eco Supplements\"},\"image\":{\"@id\":\"https:\\\/\\\/ecosupplements.be\\\/fr\\\/#\\\/schema\\\/logo\\\/image\\\/\"}}]}<\/script>\n<meta property=\"product:brand\" content=\"NOW Foods\" \/>\n<meta property=\"product:price:amount\" content=\"15.20\" \/>\n<meta property=\"product:price:currency\" content=\"EUR\" \/>\n<meta property=\"og:availability\" content=\"instock\" \/>\n<meta property=\"product:availability\" content=\"instock\" \/>\n<meta property=\"product:retailer_item_id\" content=\"733739074638\" \/>\n<meta property=\"product:condition\" content=\"new\" \/>\n<!-- \/ Yoast SEO Premium plugin. -->","yoast_head_json":{"title":"Huile Essentielle, Lavande Aspic - 30 ml - ECO Supplements","description":"Wij hebben een ruime keuze aan producten van Huile Essentielle, Lavande Aspic - 30 ml . Winkel bij Eco Supplements altijd gratis verzending boven 100\u20ac","robots":{"index":"index","follow":"follow","max-snippet":"max-snippet:-1","max-image-preview":"max-image-preview:large","max-video-preview":"max-video-preview:-1"},"canonical":"https:\/\/ecosupplements.be\/fr\/produit\/huile-essentielle-lavande-aspic-30-ml\/","og_locale":"fr_FR","og_type":"article","og_title":"Huile Essentielle, Lavande Aspic - 30 ml","og_description":"Wij hebben een ruime keuze aan producten van Huile Essentielle, Lavande Aspic - 30 ml . Winkel bij Eco Supplements altijd gratis verzending boven 100\u20ac","og_url":"https:\/\/ecosupplements.be\/fr\/produit\/huile-essentielle-lavande-aspic-30-ml\/","og_site_name":"ECO Supplements","article_modified_time":"2025-08-27T13:47:47+00:00","og_image":[{"width":342,"height":880,"url":"https:\/\/ecosupplements.be\/wp-content\/uploads\/2025\/08\/Essential-Oil-Spike-Lavender-30-ml.jpg","type":"image\/jpeg"}],"twitter_card":"summary_large_image","twitter_misc":{"Prix":"15.20&nbsp;&euro;","Disponibilit\u00e9":"En stock"},"schema":{"@context":"https:\/\/schema.org","@graph":[{"@type":["WebPage","ItemPage"],"@id":"https:\/\/ecosupplements.be\/fr\/produit\/huile-essentielle-lavande-aspic-30-ml\/","url":"https:\/\/ecosupplements.be\/fr\/produit\/huile-essentielle-lavande-aspic-30-ml\/","name":"Huile Essentielle, Lavande Aspic - 30 ml - ECO Supplements","isPartOf":{"@id":"https:\/\/ecosupplements.be\/fr\/#website"},"primaryImageOfPage":{"@id":"https:\/\/ecosupplements.be\/fr\/produit\/huile-essentielle-lavande-aspic-30-ml\/#primaryimage"},"image":{"@id":"https:\/\/ecosupplements.be\/fr\/produit\/huile-essentielle-lavande-aspic-30-ml\/#primaryimage"},"thumbnailUrl":"https:\/\/ecosupplements.be\/wp-content\/uploads\/2025\/08\/NOW-Foods-Essential-Oil-Spike-Lavender-30-ml.jpg","datePublished":"2022-06-28T09:23:19+00:00","dateModified":"2025-08-27T13:47:47+00:00","description":"Wij hebben een ruime keuze aan producten van Huile Essentielle, Lavande Aspic - 30 ml . Winkel bij Eco Supplements altijd gratis verzending boven 100\u20ac","breadcrumb":{"@id":"https:\/\/ecosupplements.be\/fr\/produit\/huile-essentielle-lavande-aspic-30-ml\/#breadcrumb"},"inLanguage":"fr-FR","potentialAction":[{"@type":"ReadAction","target":["https:\/\/ecosupplements.be\/fr\/produit\/huile-essentielle-lavande-aspic-30-ml\/"]}]},{"@type":"ImageObject","inLanguage":"fr-FR","@id":"https:\/\/ecosupplements.be\/fr\/produit\/huile-essentielle-lavande-aspic-30-ml\/#primaryimage","url":"https:\/\/ecosupplements.be\/wp-content\/uploads\/2025\/08\/NOW-Foods-Essential-Oil-Spike-Lavender-30-ml.jpg","contentUrl":"https:\/\/ecosupplements.be\/wp-content\/uploads\/2025\/08\/NOW-Foods-Essential-Oil-Spike-Lavender-30-ml.jpg","width":750,"height":750},{"@type":"BreadcrumbList","@id":"https:\/\/ecosupplements.be\/fr\/produit\/huile-essentielle-lavande-aspic-30-ml\/#breadcrumb","itemListElement":[{"@type":"ListItem","position":1,"name":"Home","item":"https:\/\/ecosupplements.be\/fr\/"},{"@type":"ListItem","position":2,"name":"Boutique","item":"https:\/\/ecosupplements.be\/fr\/boutique\/"},{"@type":"ListItem","position":3,"name":"Huile Essentielle, Lavande Aspic &#8211; 30 ml"}]},{"@type":"WebSite","@id":"https:\/\/ecosupplements.be\/fr\/#website","url":"https:\/\/ecosupplements.be\/fr\/","name":"ECO Supplements","description":"Eco Supplements - Gezonde supplementen","publisher":{"@id":"https:\/\/ecosupplements.be\/fr\/#organization"},"potentialAction":[{"@type":"SearchAction","target":{"@type":"EntryPoint","urlTemplate":"https:\/\/ecosupplements.be\/fr\/?s={search_term_string}"},"query-input":{"@type":"PropertyValueSpecification","valueRequired":true,"valueName":"search_term_string"}}],"inLanguage":"fr-FR"},{"@type":"Organization","@id":"https:\/\/ecosupplements.be\/fr\/#organization","name":"Eco Supplements","url":"https:\/\/ecosupplements.be\/fr\/","logo":{"@type":"ImageObject","inLanguage":"fr-FR","@id":"https:\/\/ecosupplements.be\/fr\/#\/schema\/logo\/image\/","url":"https:\/\/ecosupplements.be\/wp-content\/uploads\/2022\/06\/ecosupplement-family.png","contentUrl":"https:\/\/ecosupplements.be\/wp-content\/uploads\/2022\/06\/ecosupplement-family.png","width":593,"height":374,"caption":"Eco Supplements"},"image":{"@id":"https:\/\/ecosupplements.be\/fr\/#\/schema\/logo\/image\/"}}]},"product_brand":"NOW Foods","product_price_amount":"15.20","product_price_currency":"EUR","og_availability":"instock","product_availability":"instock","product_retailer_item_id":"733739074638","product_condition":"new"},"_links":{"self":[{"href":"https:\/\/ecosupplements.be\/fr\/wp-json\/wp\/v2\/product\/288862","targetHints":{"allow":["GET"]}}],"collection":[{"href":"https:\/\/ecosupplements.be\/fr\/wp-json\/wp\/v2\/product"}],"about":[{"href":"https:\/\/ecosupplements.be\/fr\/wp-json\/wp\/v2\/types\/product"}],"replies":[{"embeddable":true,"href":"https:\/\/ecosupplements.be\/fr\/wp-json\/wp\/v2\/comments?post=288862"}],"wp:featuredmedia":[{"embeddable":true,"href":"https:\/\/ecosupplements.be\/fr\/wp-json\/wp\/v2\/media\/250511"}],"wp:attachment":[{"href":"https:\/\/ecosupplements.be\/fr\/wp-json\/wp\/v2\/media?parent=288862"}],"wp:term":[{"taxonomy":"product_brand","embeddable":true,"href":"https:\/\/ecosupplements.be\/fr\/wp-json\/wp\/v2\/product_brand?post=288862"},{"taxonomy":"product_cat","embeddable":true,"href":"https:\/\/ecosupplements.be\/fr\/wp-json\/wp\/v2\/product_cat?post=288862"},{"taxonomy":"product_tag","embeddable":true,"href":"https:\/\/ecosupplements.be\/fr\/wp-json\/wp\/v2\/product_tag?post=288862"}],"curies":[{"name":"wp","href":"https:\/\/api.w.org\/{rel}","templated":true}]}}