{"id":288889,"date":"2022-06-28T10:03:17","date_gmt":"2022-06-28T09:03:17","guid":{"rendered":"https:\/\/ecosupplements.be\/product\/fenugrec-500mg-250-gelules\/"},"modified":"2025-08-27T14:48:14","modified_gmt":"2025-08-27T13:48:14","slug":"fenugrec-500mg-250-gelules","status":"publish","type":"product","link":"https:\/\/ecosupplements.be\/fr\/produit\/fenugrec-500mg-250-gelules\/","title":{"rendered":"Fenugrec, 500mg &#8211; 250 g\u00e9lules"},"content":{"rendered":"<h1>Fenugreek, 500mg &#8211; \u200d250 vcaps<\/h1>\n<p>Le Fenugreek est\u200d une plante originaire d&#8217;Asie et \u2064d&#8217;Afrique, utilis\u00e9e depuis\u200c des \u2064si\u00e8cles pour ses propri\u00e9t\u00e9s m\u00e9dicinales.\u200b Les \u200cgraines de\u200d Fenugreek sont riches \u200den nutriments essentiels tels que les prot\u00e9ines, les fibres, les vitamines et les min\u00e9raux, en faisant un compl\u00e9ment \u2062alimentaire\u2063 populaire pour soutenir la sant\u00e9 globale.<\/p>\n<h2>Ingr\u00e9dients cl\u00e9s<\/h2>\n<ul>\n<li>500mg de poudre de Fenugreek par capsule<\/li>\n<li>Extrait de graines de\u2063 Fenugreek standardis\u00e9 \u00e0 50% \u200dde saponines<\/li>\n<li>Autres ingr\u00e9dients: cellulose (capsule), st\u00e9arate de magn\u00e9sium (source\u2064 v\u00e9g\u00e9tale) et\u2063 silice<\/li>\n<\/ul>\n<h2>Avantages uniques<\/h2>\n<p>Le Fenugreek de NOW Foods est un compl\u00e9ment\u200b alimentaire de haute qualit\u00e9, formul\u00e9\u200d avec des ingr\u00e9dients soigneusement s\u00e9lectionn\u00e9s pour \u200boffrir des avantages\u2063 uniques pour la sant\u00e9. Chaque\u2064 capsule \u200dcontient \u200c500mg de \u200dpoudre \u200cde Fenugreek, ainsi qu&#8217;un extrait standardis\u00e9 \u00e0 50% de saponines, un compos\u00e9 actif pr\u00e9sent dans les graines de Fenugreek.<\/p>\n<p>Le Fenugreek est connu pour ses propri\u00e9t\u00e9s anti-inflammatoires, antioxydantes et\u200d antibact\u00e9riennes, \u200cqui peuvent aider \u00e0 soutenir la \u2062sant\u00e9 digestive, immunitaire et hormonale. Il peut \u00e9galement \u00eatre b\u00e9n\u00e9fique\u2063 pour la sant\u00e9 des femmes en aidant \u2062\u00e0 r\u00e9guler les niveaux\u2064 d&#8217;hormones et \u00e0 soulager\u2064 les sympt\u00f4mes \u2062du syndrome pr\u00e9menstruel et de la m\u00e9nopause.<\/p>\n<h2>Caract\u00e9ristiques principales<\/h2>\n<ul>\n<li>500mg de poudre de Fenugreek par capsule<\/li>\n<li>Extrait standardis\u00e9 \u00e0 50% de saponines<\/li>\n<li>Formule v\u00e9g\u00e9tarienne\/vegan<\/li>\n<li>Sans gluten, soja, produits\u200b laitiers, \u0153ufs ou ingr\u00e9dients artificiels<\/li>\n<li>Produit fabriqu\u00e9 aux \u00c9tats-Unis<\/li>\n<\/ul>\n<p>Ajoutez le Fenugreek de NOW\u200b Foods \u00e0 votre routine quotidienne pour soutenir\u2062 votre sant\u00e9 globale et profiter des nombreux bienfaits de cette plante m\u00e9dicinale traditionnelle.<\/p>\n","protected":false},"excerpt":{"rendered":"<p>Fenugreek, 500mg &#8211; \u200d250 vcaps Le Fenugreek est\u200d une plante originaire d&#8217;Asie et \u2064d&#8217;Afrique, utilis\u00e9e depuis\u200c des \u2064si\u00e8cles pour ses propri\u00e9t\u00e9s m\u00e9dicinales.\u200b Les \u200cgraines de\u200d Fenugreek sont riches \u200den nutriments essentiels tels que les prot\u00e9ines, les fibres, les vitamines et les min\u00e9raux, en faisant un compl\u00e9ment \u2062alimentaire\u2063 populaire pour soutenir la sant\u00e9 globale. Ingr\u00e9dients cl\u00e9s [&#8230;]\n","protected":false},"featured_media":241062,"comment_status":"open","ping_status":"open","template":"","meta":[],"product_brand":[4733],"product_cat":[5054,5055,5052,5094,5053],"product_tag":[],"class_list":{"0":"post-288889","1":"product","2":"type-product","3":"status-publish","4":"has-post-thumbnail","6":"product_brand-now-foods-2","7":"product_cat-nourriture-saine","8":"product_cat-produits-vegetaliens","9":"product_cat-sante-et-bien-etre","10":"product_cat-supplements-a-base-de-plantes","11":"product_cat-vitamines-et-mineraux","13":"first","14":"instock","15":"taxable","16":"shipping-taxable","17":"purchasable","18":"product-type-simple"},"yoast_head":"<!-- This site is optimized with the Yoast SEO Premium plugin v27.3 (Yoast SEO v27.3) - https:\/\/yoast.com\/product\/yoast-seo-premium-wordpress\/ -->\n<title>Fenugrec, 500mg - 250 g\u00e9lules - ECO Supplements<\/title>\n<meta name=\"description\" content=\"Wij hebben een ruime keuze aan producten van Fenugrec, 500mg - 250 g\u00e9lules . Winkel bij Eco Supplements altijd gratis verzending boven 100\u20ac\" \/>\n<meta name=\"robots\" content=\"index, follow, max-snippet:-1, max-image-preview:large, max-video-preview:-1\" \/>\n<link rel=\"canonical\" href=\"https:\/\/ecosupplements.be\/fr\/produit\/fenugrec-500mg-250-gelules\/\" \/>\n<meta property=\"og:locale\" content=\"fr_FR\" \/>\n<meta property=\"og:type\" content=\"article\" \/>\n<meta property=\"og:title\" content=\"Fenugrec, 500mg - 250 g\u00e9lules\" \/>\n<meta property=\"og:description\" content=\"Wij hebben een ruime keuze aan producten van Fenugrec, 500mg - 250 g\u00e9lules . Winkel bij Eco Supplements altijd gratis verzending boven 100\u20ac\" \/>\n<meta property=\"og:url\" content=\"https:\/\/ecosupplements.be\/fr\/produit\/fenugrec-500mg-250-gelules\/\" \/>\n<meta property=\"og:site_name\" content=\"ECO Supplements\" \/>\n<meta property=\"article:modified_time\" content=\"2025-08-27T13:48:14+00:00\" \/>\n<meta property=\"og:image\" content=\"https:\/\/ecosupplements.be\/wp-content\/uploads\/2025\/08\/Fenugreek-500mg-250-vcaps.jpg\" \/>\n\t<meta property=\"og:image:width\" content=\"338\" \/>\n\t<meta property=\"og:image:height\" content=\"600\" \/>\n\t<meta property=\"og:image:type\" content=\"image\/jpeg\" \/>\n<meta name=\"twitter:card\" content=\"summary_large_image\" \/>\n<meta name=\"twitter:label1\" content=\"Prix\" \/>\n\t<meta name=\"twitter:data1\" content=\"20.34&nbsp;&euro;\" \/>\n\t<meta name=\"twitter:label2\" content=\"Disponibilit\u00e9\" \/>\n\t<meta name=\"twitter:data2\" content=\"En stock\" \/>\n<script type=\"application\/ld+json\" class=\"yoast-schema-graph\">{\"@context\":\"https:\\\/\\\/schema.org\",\"@graph\":[{\"@type\":[\"WebPage\",\"ItemPage\"],\"@id\":\"https:\\\/\\\/ecosupplements.be\\\/fr\\\/produit\\\/fenugrec-500mg-250-gelules\\\/\",\"url\":\"https:\\\/\\\/ecosupplements.be\\\/fr\\\/produit\\\/fenugrec-500mg-250-gelules\\\/\",\"name\":\"Fenugrec, 500mg - 250 g\u00e9lules - ECO Supplements\",\"isPartOf\":{\"@id\":\"https:\\\/\\\/ecosupplements.be\\\/fr\\\/#website\"},\"primaryImageOfPage\":{\"@id\":\"https:\\\/\\\/ecosupplements.be\\\/fr\\\/produit\\\/fenugrec-500mg-250-gelules\\\/#primaryimage\"},\"image\":{\"@id\":\"https:\\\/\\\/ecosupplements.be\\\/fr\\\/produit\\\/fenugrec-500mg-250-gelules\\\/#primaryimage\"},\"thumbnailUrl\":\"https:\\\/\\\/ecosupplements.be\\\/wp-content\\\/uploads\\\/2025\\\/08\\\/NOW-Foods-Fenugreek-500mg-250-vcaps.jpg\",\"datePublished\":\"2022-06-28T09:03:17+00:00\",\"dateModified\":\"2025-08-27T13:48:14+00:00\",\"description\":\"Wij hebben een ruime keuze aan producten van Fenugrec, 500mg - 250 g\u00e9lules . Winkel bij Eco Supplements altijd gratis verzending boven 100\u20ac\",\"breadcrumb\":{\"@id\":\"https:\\\/\\\/ecosupplements.be\\\/fr\\\/produit\\\/fenugrec-500mg-250-gelules\\\/#breadcrumb\"},\"inLanguage\":\"fr-FR\",\"potentialAction\":[{\"@type\":\"ReadAction\",\"target\":[\"https:\\\/\\\/ecosupplements.be\\\/fr\\\/produit\\\/fenugrec-500mg-250-gelules\\\/\"]}]},{\"@type\":\"ImageObject\",\"inLanguage\":\"fr-FR\",\"@id\":\"https:\\\/\\\/ecosupplements.be\\\/fr\\\/produit\\\/fenugrec-500mg-250-gelules\\\/#primaryimage\",\"url\":\"https:\\\/\\\/ecosupplements.be\\\/wp-content\\\/uploads\\\/2025\\\/08\\\/NOW-Foods-Fenugreek-500mg-250-vcaps.jpg\",\"contentUrl\":\"https:\\\/\\\/ecosupplements.be\\\/wp-content\\\/uploads\\\/2025\\\/08\\\/NOW-Foods-Fenugreek-500mg-250-vcaps.jpg\",\"width\":750,\"height\":750},{\"@type\":\"BreadcrumbList\",\"@id\":\"https:\\\/\\\/ecosupplements.be\\\/fr\\\/produit\\\/fenugrec-500mg-250-gelules\\\/#breadcrumb\",\"itemListElement\":[{\"@type\":\"ListItem\",\"position\":1,\"name\":\"Home\",\"item\":\"https:\\\/\\\/ecosupplements.be\\\/fr\\\/\"},{\"@type\":\"ListItem\",\"position\":2,\"name\":\"Boutique\",\"item\":\"https:\\\/\\\/ecosupplements.be\\\/fr\\\/boutique\\\/\"},{\"@type\":\"ListItem\",\"position\":3,\"name\":\"Fenugrec, 500mg &#8211; 250 g\u00e9lules\"}]},{\"@type\":\"WebSite\",\"@id\":\"https:\\\/\\\/ecosupplements.be\\\/fr\\\/#website\",\"url\":\"https:\\\/\\\/ecosupplements.be\\\/fr\\\/\",\"name\":\"ECO Supplements\",\"description\":\"Eco Supplements - Gezonde supplementen\",\"publisher\":{\"@id\":\"https:\\\/\\\/ecosupplements.be\\\/fr\\\/#organization\"},\"potentialAction\":[{\"@type\":\"SearchAction\",\"target\":{\"@type\":\"EntryPoint\",\"urlTemplate\":\"https:\\\/\\\/ecosupplements.be\\\/fr\\\/?s={search_term_string}\"},\"query-input\":{\"@type\":\"PropertyValueSpecification\",\"valueRequired\":true,\"valueName\":\"search_term_string\"}}],\"inLanguage\":\"fr-FR\"},{\"@type\":\"Organization\",\"@id\":\"https:\\\/\\\/ecosupplements.be\\\/fr\\\/#organization\",\"name\":\"Eco Supplements\",\"url\":\"https:\\\/\\\/ecosupplements.be\\\/fr\\\/\",\"logo\":{\"@type\":\"ImageObject\",\"inLanguage\":\"fr-FR\",\"@id\":\"https:\\\/\\\/ecosupplements.be\\\/fr\\\/#\\\/schema\\\/logo\\\/image\\\/\",\"url\":\"https:\\\/\\\/ecosupplements.be\\\/wp-content\\\/uploads\\\/2022\\\/06\\\/ecosupplement-family.png\",\"contentUrl\":\"https:\\\/\\\/ecosupplements.be\\\/wp-content\\\/uploads\\\/2022\\\/06\\\/ecosupplement-family.png\",\"width\":593,\"height\":374,\"caption\":\"Eco Supplements\"},\"image\":{\"@id\":\"https:\\\/\\\/ecosupplements.be\\\/fr\\\/#\\\/schema\\\/logo\\\/image\\\/\"}}]}<\/script>\n<meta property=\"product:brand\" content=\"NOW Foods\" \/>\n<meta property=\"product:price:amount\" content=\"20.34\" \/>\n<meta property=\"product:price:currency\" content=\"EUR\" \/>\n<meta property=\"og:availability\" content=\"instock\" \/>\n<meta property=\"product:availability\" content=\"instock\" \/>\n<meta property=\"product:retailer_item_id\" content=\"733739046789\" \/>\n<meta property=\"product:condition\" content=\"new\" \/>\n<!-- \/ Yoast SEO Premium plugin. -->","yoast_head_json":{"title":"Fenugrec, 500mg - 250 g\u00e9lules - ECO Supplements","description":"Wij hebben een ruime keuze aan producten van Fenugrec, 500mg - 250 g\u00e9lules . Winkel bij Eco Supplements altijd gratis verzending boven 100\u20ac","robots":{"index":"index","follow":"follow","max-snippet":"max-snippet:-1","max-image-preview":"max-image-preview:large","max-video-preview":"max-video-preview:-1"},"canonical":"https:\/\/ecosupplements.be\/fr\/produit\/fenugrec-500mg-250-gelules\/","og_locale":"fr_FR","og_type":"article","og_title":"Fenugrec, 500mg - 250 g\u00e9lules","og_description":"Wij hebben een ruime keuze aan producten van Fenugrec, 500mg - 250 g\u00e9lules . Winkel bij Eco Supplements altijd gratis verzending boven 100\u20ac","og_url":"https:\/\/ecosupplements.be\/fr\/produit\/fenugrec-500mg-250-gelules\/","og_site_name":"ECO Supplements","article_modified_time":"2025-08-27T13:48:14+00:00","og_image":[{"width":338,"height":600,"url":"https:\/\/ecosupplements.be\/wp-content\/uploads\/2025\/08\/Fenugreek-500mg-250-vcaps.jpg","type":"image\/jpeg"}],"twitter_card":"summary_large_image","twitter_misc":{"Prix":"20.34&nbsp;&euro;","Disponibilit\u00e9":"En stock"},"schema":{"@context":"https:\/\/schema.org","@graph":[{"@type":["WebPage","ItemPage"],"@id":"https:\/\/ecosupplements.be\/fr\/produit\/fenugrec-500mg-250-gelules\/","url":"https:\/\/ecosupplements.be\/fr\/produit\/fenugrec-500mg-250-gelules\/","name":"Fenugrec, 500mg - 250 g\u00e9lules - ECO Supplements","isPartOf":{"@id":"https:\/\/ecosupplements.be\/fr\/#website"},"primaryImageOfPage":{"@id":"https:\/\/ecosupplements.be\/fr\/produit\/fenugrec-500mg-250-gelules\/#primaryimage"},"image":{"@id":"https:\/\/ecosupplements.be\/fr\/produit\/fenugrec-500mg-250-gelules\/#primaryimage"},"thumbnailUrl":"https:\/\/ecosupplements.be\/wp-content\/uploads\/2025\/08\/NOW-Foods-Fenugreek-500mg-250-vcaps.jpg","datePublished":"2022-06-28T09:03:17+00:00","dateModified":"2025-08-27T13:48:14+00:00","description":"Wij hebben een ruime keuze aan producten van Fenugrec, 500mg - 250 g\u00e9lules . Winkel bij Eco Supplements altijd gratis verzending boven 100\u20ac","breadcrumb":{"@id":"https:\/\/ecosupplements.be\/fr\/produit\/fenugrec-500mg-250-gelules\/#breadcrumb"},"inLanguage":"fr-FR","potentialAction":[{"@type":"ReadAction","target":["https:\/\/ecosupplements.be\/fr\/produit\/fenugrec-500mg-250-gelules\/"]}]},{"@type":"ImageObject","inLanguage":"fr-FR","@id":"https:\/\/ecosupplements.be\/fr\/produit\/fenugrec-500mg-250-gelules\/#primaryimage","url":"https:\/\/ecosupplements.be\/wp-content\/uploads\/2025\/08\/NOW-Foods-Fenugreek-500mg-250-vcaps.jpg","contentUrl":"https:\/\/ecosupplements.be\/wp-content\/uploads\/2025\/08\/NOW-Foods-Fenugreek-500mg-250-vcaps.jpg","width":750,"height":750},{"@type":"BreadcrumbList","@id":"https:\/\/ecosupplements.be\/fr\/produit\/fenugrec-500mg-250-gelules\/#breadcrumb","itemListElement":[{"@type":"ListItem","position":1,"name":"Home","item":"https:\/\/ecosupplements.be\/fr\/"},{"@type":"ListItem","position":2,"name":"Boutique","item":"https:\/\/ecosupplements.be\/fr\/boutique\/"},{"@type":"ListItem","position":3,"name":"Fenugrec, 500mg &#8211; 250 g\u00e9lules"}]},{"@type":"WebSite","@id":"https:\/\/ecosupplements.be\/fr\/#website","url":"https:\/\/ecosupplements.be\/fr\/","name":"ECO Supplements","description":"Eco Supplements - Gezonde supplementen","publisher":{"@id":"https:\/\/ecosupplements.be\/fr\/#organization"},"potentialAction":[{"@type":"SearchAction","target":{"@type":"EntryPoint","urlTemplate":"https:\/\/ecosupplements.be\/fr\/?s={search_term_string}"},"query-input":{"@type":"PropertyValueSpecification","valueRequired":true,"valueName":"search_term_string"}}],"inLanguage":"fr-FR"},{"@type":"Organization","@id":"https:\/\/ecosupplements.be\/fr\/#organization","name":"Eco Supplements","url":"https:\/\/ecosupplements.be\/fr\/","logo":{"@type":"ImageObject","inLanguage":"fr-FR","@id":"https:\/\/ecosupplements.be\/fr\/#\/schema\/logo\/image\/","url":"https:\/\/ecosupplements.be\/wp-content\/uploads\/2022\/06\/ecosupplement-family.png","contentUrl":"https:\/\/ecosupplements.be\/wp-content\/uploads\/2022\/06\/ecosupplement-family.png","width":593,"height":374,"caption":"Eco Supplements"},"image":{"@id":"https:\/\/ecosupplements.be\/fr\/#\/schema\/logo\/image\/"}}]},"product_brand":"NOW Foods","product_price_amount":"20.34","product_price_currency":"EUR","og_availability":"instock","product_availability":"instock","product_retailer_item_id":"733739046789","product_condition":"new"},"_links":{"self":[{"href":"https:\/\/ecosupplements.be\/fr\/wp-json\/wp\/v2\/product\/288889","targetHints":{"allow":["GET"]}}],"collection":[{"href":"https:\/\/ecosupplements.be\/fr\/wp-json\/wp\/v2\/product"}],"about":[{"href":"https:\/\/ecosupplements.be\/fr\/wp-json\/wp\/v2\/types\/product"}],"replies":[{"embeddable":true,"href":"https:\/\/ecosupplements.be\/fr\/wp-json\/wp\/v2\/comments?post=288889"}],"wp:featuredmedia":[{"embeddable":true,"href":"https:\/\/ecosupplements.be\/fr\/wp-json\/wp\/v2\/media\/241062"}],"wp:attachment":[{"href":"https:\/\/ecosupplements.be\/fr\/wp-json\/wp\/v2\/media?parent=288889"}],"wp:term":[{"taxonomy":"product_brand","embeddable":true,"href":"https:\/\/ecosupplements.be\/fr\/wp-json\/wp\/v2\/product_brand?post=288889"},{"taxonomy":"product_cat","embeddable":true,"href":"https:\/\/ecosupplements.be\/fr\/wp-json\/wp\/v2\/product_cat?post=288889"},{"taxonomy":"product_tag","embeddable":true,"href":"https:\/\/ecosupplements.be\/fr\/wp-json\/wp\/v2\/product_tag?post=288889"}],"curies":[{"name":"wp","href":"https:\/\/api.w.org\/{rel}","templated":true}]}}