{"id":288901,"date":"2022-06-28T10:23:28","date_gmt":"2022-06-28T09:23:28","guid":{"rendered":"https:\/\/ecosupplements.be\/product\/mineraux-a-spectre-complet-sans-fer-120-gelules\/"},"modified":"2025-08-27T14:48:25","modified_gmt":"2025-08-27T13:48:25","slug":"mineraux-a-spectre-complet-sans-fer-120-gelules","status":"publish","type":"product","link":"https:\/\/ecosupplements.be\/fr\/produit\/mineraux-a-spectre-complet-sans-fer-120-gelules\/","title":{"rendered":"Min\u00e9raux \u00e0 spectre complet sans fer &#8211; 120 g\u00e9lules"},"content":{"rendered":"<h1>Full Spectrum\u2064 Minerals, Iron-Free &#8211; 120 caps<\/h1>\n<p>Les min\u00e9raux sont \u2062essentiels pour \u200dmaintenir une \u2064bonne sant\u00e9 et un fonctionnement optimal de notre\u200b corps. Cependant, il peut \u00eatre difficile d&#8217;obtenir tous les min\u00e9raux dont nous avons besoin uniquement \u00e0 partir de notre alimentation. C&#8217;est pourquoi NOW Foods a cr\u00e9\u00e9 Full Spectrum \u2064Minerals,\u2064 Iron-Free &#8211; 120 caps, un compl\u00e9ment alimentaire complet qui fournit une large\u200c gamme de min\u00e9raux essentiels pour soutenir notre bien-\u00eatre g\u00e9n\u00e9ral.<\/p>\n<h2>Caract\u00e9ristiques sp\u00e9ciales<\/h2>\n<ul>\n<li>Formule compl\u00e8te de min\u00e9raux essentiels<\/li>\n<li>Sans fer pour\u2064 ceux qui ont des besoins sp\u00e9cifiques en mati\u00e8re de suppl\u00e9mentation en fer<\/li>\n<li>Contient des min\u00e9raux ch\u00e9lat\u00e9s pour une meilleure absorption<\/li>\n<li>120 capsules par bouteille pour un approvisionnement de 2 mois<\/li>\n<\/ul>\n<h2>Ingr\u00e9dients cl\u00e9s<\/h2>\n<p>Ce compl\u00e9ment alimentaire contient une vari\u00e9t\u00e9 de min\u00e9raux essentiels, notamment du calcium, du magn\u00e9sium, du zinc, du cuivre, du mangan\u00e8se, du s\u00e9l\u00e9nium et du chrome. Ces min\u00e9raux sont tous ch\u00e9lat\u00e9s pour une meilleure absorption par notre corps. De plus, cette formule est sans fer, ce qui la rend id\u00e9ale pour ceux \u2062qui ont des besoins sp\u00e9cifiques\u2062 en mati\u00e8re de suppl\u00e9mentation \u200den fer.<\/p>\n<h2>Avantages uniques<\/h2>\n<p>Full Spectrum Minerals, \u200cIron-Free &#8211; 120 caps offre \u200cune solution compl\u00e8te pour\u2063 r\u00e9pondre \u00e0 nos besoins en min\u00e9raux. En \u200dplus de fournir\u2062 une large gamme de min\u00e9raux essentiels, cette formule utilise des min\u00e9raux ch\u00e9lat\u00e9s pour une meilleure absorption. De plus, elle \u2063est \u2063sans fer, ce qui la\u2063 rend adapt\u00e9e \u00e0 un large \u00e9ventail de\u200c personnes \u2062ayant des besoins sp\u00e9cifiques en mati\u00e8re de suppl\u00e9mentation en fer.<\/p>\n<h2>Principales caract\u00e9ristiques<\/h2>\n<ul>\n<li>Formule compl\u00e8te de min\u00e9raux essentiels<\/li>\n<li>Sans fer<\/li>\n<li>Min\u00e9raux ch\u00e9lat\u00e9s pour une meilleure absorption<\/li>\n<li>120 capsules par bouteille<\/li>\n<li>Convient \u00e0 un large\u200b \u00e9ventail de personnes<\/li>\n<\/ul>\n<p>Maintenez une bonne sant\u00e9 et un fonctionnement optimal de votre corps avec Full Spectrum Minerals, Iron-Free\u200d &#8211; 120 caps de NOW Foods. Commandez d\u00e8s maintenant et profitez des bienfaits de cette formule \u200ccompl\u00e8te de min\u00e9raux essentiels.<\/p>\n","protected":false},"excerpt":{"rendered":"<p>Full Spectrum\u2064 Minerals, Iron-Free &#8211; 120 caps Les min\u00e9raux sont \u2062essentiels pour \u200dmaintenir une \u2064bonne sant\u00e9 et un fonctionnement optimal de notre\u200b corps. Cependant, il peut \u00eatre difficile d&#8217;obtenir tous les min\u00e9raux dont nous avons besoin uniquement \u00e0 partir de notre alimentation. C&#8217;est pourquoi NOW Foods a cr\u00e9\u00e9 Full Spectrum \u2064Minerals,\u2064 Iron-Free &#8211; 120 caps, [&#8230;]\n","protected":false},"featured_media":250626,"comment_status":"open","ping_status":"open","template":"","meta":[],"product_brand":[4733,4734],"product_cat":[5064,5099,5053],"product_tag":[],"class_list":{"0":"post-288901","1":"product","2":"type-product","3":"status-publish","4":"has-post-thumbnail","6":"product_brand-now-foods-2","7":"product_brand-nownow-foods-2","8":"product_cat-mineraux-simples","9":"product_cat-multi-mineraux","10":"product_cat-vitamines-et-mineraux","12":"first","13":"instock","14":"taxable","15":"shipping-taxable","16":"purchasable","17":"product-type-simple"},"yoast_head":"<!-- This site is optimized with the Yoast SEO Premium plugin v27.5 (Yoast SEO v27.5) - https:\/\/yoast.com\/product\/yoast-seo-premium-wordpress\/ -->\n<title>Min\u00e9raux \u00e0 spectre complet sans fer - 120 g\u00e9lules - ECO Supplements<\/title>\n<meta name=\"description\" content=\"Wij hebben een ruime keuze aan producten van Min\u00e9raux \u00e0 spectre complet sans fer - 120 g\u00e9lules . Winkel bij Eco Supplements altijd gratis verzending boven 100\u20ac\" \/>\n<meta name=\"robots\" content=\"index, follow, max-snippet:-1, max-image-preview:large, max-video-preview:-1\" \/>\n<link rel=\"canonical\" href=\"https:\/\/ecosupplements.be\/fr\/produit\/mineraux-a-spectre-complet-sans-fer-120-gelules\/\" \/>\n<meta property=\"og:locale\" content=\"fr_FR\" \/>\n<meta property=\"og:type\" content=\"article\" \/>\n<meta property=\"og:title\" content=\"Min\u00e9raux \u00e0 spectre complet sans fer - 120 g\u00e9lules\" \/>\n<meta property=\"og:description\" content=\"Wij hebben een ruime keuze aan producten van Min\u00e9raux \u00e0 spectre complet sans fer - 120 g\u00e9lules . Winkel bij Eco Supplements altijd gratis verzending boven 100\u20ac\" \/>\n<meta property=\"og:url\" content=\"https:\/\/ecosupplements.be\/fr\/produit\/mineraux-a-spectre-complet-sans-fer-120-gelules\/\" \/>\n<meta property=\"og:site_name\" content=\"ECO Supplements\" \/>\n<meta property=\"article:modified_time\" content=\"2025-08-27T13:48:25+00:00\" \/>\n<meta property=\"og:image\" content=\"https:\/\/ecosupplements.be\/wp-content\/uploads\/2025\/08\/Full-Spectrum-Minerals-Iron-Free-120-caps.jpg\" \/>\n\t<meta property=\"og:image:width\" content=\"518\" \/>\n\t<meta property=\"og:image:height\" content=\"880\" \/>\n\t<meta property=\"og:image:type\" content=\"image\/jpeg\" \/>\n<meta name=\"twitter:card\" content=\"summary_large_image\" \/>\n<meta name=\"twitter:label1\" content=\"Prix\" \/>\n\t<meta name=\"twitter:data1\" content=\"17.83&nbsp;&euro;\" \/>\n\t<meta name=\"twitter:label2\" content=\"Disponibilit\u00e9\" \/>\n\t<meta name=\"twitter:data2\" content=\"En stock\" \/>\n<script type=\"application\/ld+json\" class=\"yoast-schema-graph\">{\"@context\":\"https:\\\/\\\/schema.org\",\"@graph\":[{\"@type\":[\"WebPage\",\"ItemPage\"],\"@id\":\"https:\\\/\\\/ecosupplements.be\\\/fr\\\/produit\\\/mineraux-a-spectre-complet-sans-fer-120-gelules\\\/\",\"url\":\"https:\\\/\\\/ecosupplements.be\\\/fr\\\/produit\\\/mineraux-a-spectre-complet-sans-fer-120-gelules\\\/\",\"name\":\"Min\u00e9raux \u00e0 spectre complet sans fer - 120 g\u00e9lules - ECO Supplements\",\"isPartOf\":{\"@id\":\"https:\\\/\\\/ecosupplements.be\\\/fr\\\/#website\"},\"primaryImageOfPage\":{\"@id\":\"https:\\\/\\\/ecosupplements.be\\\/fr\\\/produit\\\/mineraux-a-spectre-complet-sans-fer-120-gelules\\\/#primaryimage\"},\"image\":{\"@id\":\"https:\\\/\\\/ecosupplements.be\\\/fr\\\/produit\\\/mineraux-a-spectre-complet-sans-fer-120-gelules\\\/#primaryimage\"},\"thumbnailUrl\":\"https:\\\/\\\/ecosupplements.be\\\/wp-content\\\/uploads\\\/2025\\\/08\\\/NOW-Foods-Full-Spectrum-Minerals-Iron-Free-120-caps.jpg\",\"datePublished\":\"2022-06-28T09:23:28+00:00\",\"dateModified\":\"2025-08-27T13:48:25+00:00\",\"description\":\"Wij hebben een ruime keuze aan producten van Min\u00e9raux \u00e0 spectre complet sans fer - 120 g\u00e9lules . Winkel bij Eco Supplements altijd gratis verzending boven 100\u20ac\",\"breadcrumb\":{\"@id\":\"https:\\\/\\\/ecosupplements.be\\\/fr\\\/produit\\\/mineraux-a-spectre-complet-sans-fer-120-gelules\\\/#breadcrumb\"},\"inLanguage\":\"fr-FR\",\"potentialAction\":[{\"@type\":\"ReadAction\",\"target\":[\"https:\\\/\\\/ecosupplements.be\\\/fr\\\/produit\\\/mineraux-a-spectre-complet-sans-fer-120-gelules\\\/\"]}]},{\"@type\":\"ImageObject\",\"inLanguage\":\"fr-FR\",\"@id\":\"https:\\\/\\\/ecosupplements.be\\\/fr\\\/produit\\\/mineraux-a-spectre-complet-sans-fer-120-gelules\\\/#primaryimage\",\"url\":\"https:\\\/\\\/ecosupplements.be\\\/wp-content\\\/uploads\\\/2025\\\/08\\\/NOW-Foods-Full-Spectrum-Minerals-Iron-Free-120-caps.jpg\",\"contentUrl\":\"https:\\\/\\\/ecosupplements.be\\\/wp-content\\\/uploads\\\/2025\\\/08\\\/NOW-Foods-Full-Spectrum-Minerals-Iron-Free-120-caps.jpg\",\"width\":750,\"height\":750},{\"@type\":\"BreadcrumbList\",\"@id\":\"https:\\\/\\\/ecosupplements.be\\\/fr\\\/produit\\\/mineraux-a-spectre-complet-sans-fer-120-gelules\\\/#breadcrumb\",\"itemListElement\":[{\"@type\":\"ListItem\",\"position\":1,\"name\":\"Home\",\"item\":\"https:\\\/\\\/ecosupplements.be\\\/fr\\\/\"},{\"@type\":\"ListItem\",\"position\":2,\"name\":\"Boutique\",\"item\":\"https:\\\/\\\/ecosupplements.be\\\/fr\\\/boutique\\\/\"},{\"@type\":\"ListItem\",\"position\":3,\"name\":\"Min\u00e9raux \u00e0 spectre complet sans fer &#8211; 120 g\u00e9lules\"}]},{\"@type\":\"WebSite\",\"@id\":\"https:\\\/\\\/ecosupplements.be\\\/fr\\\/#website\",\"url\":\"https:\\\/\\\/ecosupplements.be\\\/fr\\\/\",\"name\":\"ECO Supplements\",\"description\":\"Eco Supplements - Gezonde supplementen\",\"publisher\":{\"@id\":\"https:\\\/\\\/ecosupplements.be\\\/fr\\\/#organization\"},\"potentialAction\":[{\"@type\":\"SearchAction\",\"target\":{\"@type\":\"EntryPoint\",\"urlTemplate\":\"https:\\\/\\\/ecosupplements.be\\\/fr\\\/?s={search_term_string}\"},\"query-input\":{\"@type\":\"PropertyValueSpecification\",\"valueRequired\":true,\"valueName\":\"search_term_string\"}}],\"inLanguage\":\"fr-FR\"},{\"@type\":\"Organization\",\"@id\":\"https:\\\/\\\/ecosupplements.be\\\/fr\\\/#organization\",\"name\":\"Eco Supplements\",\"url\":\"https:\\\/\\\/ecosupplements.be\\\/fr\\\/\",\"logo\":{\"@type\":\"ImageObject\",\"inLanguage\":\"fr-FR\",\"@id\":\"https:\\\/\\\/ecosupplements.be\\\/fr\\\/#\\\/schema\\\/logo\\\/image\\\/\",\"url\":\"https:\\\/\\\/ecosupplements.be\\\/wp-content\\\/uploads\\\/2022\\\/06\\\/ecosupplement-family.png\",\"contentUrl\":\"https:\\\/\\\/ecosupplements.be\\\/wp-content\\\/uploads\\\/2022\\\/06\\\/ecosupplement-family.png\",\"width\":593,\"height\":374,\"caption\":\"Eco Supplements\"},\"image\":{\"@id\":\"https:\\\/\\\/ecosupplements.be\\\/fr\\\/#\\\/schema\\\/logo\\\/image\\\/\"}}]}<\/script>\n<meta property=\"product:brand\" content=\"NOW Foods\" \/>\n<meta property=\"product:price:amount\" content=\"17.83\" \/>\n<meta property=\"product:price:currency\" content=\"EUR\" \/>\n<meta property=\"og:availability\" content=\"instock\" \/>\n<meta property=\"product:availability\" content=\"instock\" \/>\n<meta property=\"product:retailer_item_id\" content=\"733739015440\" \/>\n<meta property=\"product:condition\" content=\"new\" \/>\n<!-- \/ Yoast SEO Premium plugin. -->","yoast_head_json":{"title":"Min\u00e9raux \u00e0 spectre complet sans fer - 120 g\u00e9lules - ECO Supplements","description":"Wij hebben een ruime keuze aan producten van Min\u00e9raux \u00e0 spectre complet sans fer - 120 g\u00e9lules . Winkel bij Eco Supplements altijd gratis verzending boven 100\u20ac","robots":{"index":"index","follow":"follow","max-snippet":"max-snippet:-1","max-image-preview":"max-image-preview:large","max-video-preview":"max-video-preview:-1"},"canonical":"https:\/\/ecosupplements.be\/fr\/produit\/mineraux-a-spectre-complet-sans-fer-120-gelules\/","og_locale":"fr_FR","og_type":"article","og_title":"Min\u00e9raux \u00e0 spectre complet sans fer - 120 g\u00e9lules","og_description":"Wij hebben een ruime keuze aan producten van Min\u00e9raux \u00e0 spectre complet sans fer - 120 g\u00e9lules . Winkel bij Eco Supplements altijd gratis verzending boven 100\u20ac","og_url":"https:\/\/ecosupplements.be\/fr\/produit\/mineraux-a-spectre-complet-sans-fer-120-gelules\/","og_site_name":"ECO Supplements","article_modified_time":"2025-08-27T13:48:25+00:00","og_image":[{"width":518,"height":880,"url":"https:\/\/ecosupplements.be\/wp-content\/uploads\/2025\/08\/Full-Spectrum-Minerals-Iron-Free-120-caps.jpg","type":"image\/jpeg"}],"twitter_card":"summary_large_image","twitter_misc":{"Prix":"17.83&nbsp;&euro;","Disponibilit\u00e9":"En stock"},"schema":{"@context":"https:\/\/schema.org","@graph":[{"@type":["WebPage","ItemPage"],"@id":"https:\/\/ecosupplements.be\/fr\/produit\/mineraux-a-spectre-complet-sans-fer-120-gelules\/","url":"https:\/\/ecosupplements.be\/fr\/produit\/mineraux-a-spectre-complet-sans-fer-120-gelules\/","name":"Min\u00e9raux \u00e0 spectre complet sans fer - 120 g\u00e9lules - ECO Supplements","isPartOf":{"@id":"https:\/\/ecosupplements.be\/fr\/#website"},"primaryImageOfPage":{"@id":"https:\/\/ecosupplements.be\/fr\/produit\/mineraux-a-spectre-complet-sans-fer-120-gelules\/#primaryimage"},"image":{"@id":"https:\/\/ecosupplements.be\/fr\/produit\/mineraux-a-spectre-complet-sans-fer-120-gelules\/#primaryimage"},"thumbnailUrl":"https:\/\/ecosupplements.be\/wp-content\/uploads\/2025\/08\/NOW-Foods-Full-Spectrum-Minerals-Iron-Free-120-caps.jpg","datePublished":"2022-06-28T09:23:28+00:00","dateModified":"2025-08-27T13:48:25+00:00","description":"Wij hebben een ruime keuze aan producten van Min\u00e9raux \u00e0 spectre complet sans fer - 120 g\u00e9lules . Winkel bij Eco Supplements altijd gratis verzending boven 100\u20ac","breadcrumb":{"@id":"https:\/\/ecosupplements.be\/fr\/produit\/mineraux-a-spectre-complet-sans-fer-120-gelules\/#breadcrumb"},"inLanguage":"fr-FR","potentialAction":[{"@type":"ReadAction","target":["https:\/\/ecosupplements.be\/fr\/produit\/mineraux-a-spectre-complet-sans-fer-120-gelules\/"]}]},{"@type":"ImageObject","inLanguage":"fr-FR","@id":"https:\/\/ecosupplements.be\/fr\/produit\/mineraux-a-spectre-complet-sans-fer-120-gelules\/#primaryimage","url":"https:\/\/ecosupplements.be\/wp-content\/uploads\/2025\/08\/NOW-Foods-Full-Spectrum-Minerals-Iron-Free-120-caps.jpg","contentUrl":"https:\/\/ecosupplements.be\/wp-content\/uploads\/2025\/08\/NOW-Foods-Full-Spectrum-Minerals-Iron-Free-120-caps.jpg","width":750,"height":750},{"@type":"BreadcrumbList","@id":"https:\/\/ecosupplements.be\/fr\/produit\/mineraux-a-spectre-complet-sans-fer-120-gelules\/#breadcrumb","itemListElement":[{"@type":"ListItem","position":1,"name":"Home","item":"https:\/\/ecosupplements.be\/fr\/"},{"@type":"ListItem","position":2,"name":"Boutique","item":"https:\/\/ecosupplements.be\/fr\/boutique\/"},{"@type":"ListItem","position":3,"name":"Min\u00e9raux \u00e0 spectre complet sans fer &#8211; 120 g\u00e9lules"}]},{"@type":"WebSite","@id":"https:\/\/ecosupplements.be\/fr\/#website","url":"https:\/\/ecosupplements.be\/fr\/","name":"ECO Supplements","description":"Eco Supplements - Gezonde supplementen","publisher":{"@id":"https:\/\/ecosupplements.be\/fr\/#organization"},"potentialAction":[{"@type":"SearchAction","target":{"@type":"EntryPoint","urlTemplate":"https:\/\/ecosupplements.be\/fr\/?s={search_term_string}"},"query-input":{"@type":"PropertyValueSpecification","valueRequired":true,"valueName":"search_term_string"}}],"inLanguage":"fr-FR"},{"@type":"Organization","@id":"https:\/\/ecosupplements.be\/fr\/#organization","name":"Eco Supplements","url":"https:\/\/ecosupplements.be\/fr\/","logo":{"@type":"ImageObject","inLanguage":"fr-FR","@id":"https:\/\/ecosupplements.be\/fr\/#\/schema\/logo\/image\/","url":"https:\/\/ecosupplements.be\/wp-content\/uploads\/2022\/06\/ecosupplement-family.png","contentUrl":"https:\/\/ecosupplements.be\/wp-content\/uploads\/2022\/06\/ecosupplement-family.png","width":593,"height":374,"caption":"Eco Supplements"},"image":{"@id":"https:\/\/ecosupplements.be\/fr\/#\/schema\/logo\/image\/"}}]},"product_brand":"NOW Foods","product_price_amount":"17.83","product_price_currency":"EUR","og_availability":"instock","product_availability":"instock","product_retailer_item_id":"733739015440","product_condition":"new"},"_links":{"self":[{"href":"https:\/\/ecosupplements.be\/fr\/wp-json\/wp\/v2\/product\/288901","targetHints":{"allow":["GET"]}}],"collection":[{"href":"https:\/\/ecosupplements.be\/fr\/wp-json\/wp\/v2\/product"}],"about":[{"href":"https:\/\/ecosupplements.be\/fr\/wp-json\/wp\/v2\/types\/product"}],"replies":[{"embeddable":true,"href":"https:\/\/ecosupplements.be\/fr\/wp-json\/wp\/v2\/comments?post=288901"}],"wp:featuredmedia":[{"embeddable":true,"href":"https:\/\/ecosupplements.be\/fr\/wp-json\/wp\/v2\/media\/250626"}],"wp:attachment":[{"href":"https:\/\/ecosupplements.be\/fr\/wp-json\/wp\/v2\/media?parent=288901"}],"wp:term":[{"taxonomy":"product_brand","embeddable":true,"href":"https:\/\/ecosupplements.be\/fr\/wp-json\/wp\/v2\/product_brand?post=288901"},{"taxonomy":"product_cat","embeddable":true,"href":"https:\/\/ecosupplements.be\/fr\/wp-json\/wp\/v2\/product_cat?post=288901"},{"taxonomy":"product_tag","embeddable":true,"href":"https:\/\/ecosupplements.be\/fr\/wp-json\/wp\/v2\/product_tag?post=288901"}],"curies":[{"name":"wp","href":"https:\/\/api.w.org\/{rel}","templated":true}]}}