{"id":288904,"date":"2022-06-28T10:23:28","date_gmt":"2022-06-28T09:23:28","guid":{"rendered":"https:\/\/ecosupplements.be\/product\/mineraux-a-spectre-complet-sans-fer-240-gelules\/"},"modified":"2025-08-27T14:48:28","modified_gmt":"2025-08-27T13:48:28","slug":"mineraux-a-spectre-complet-sans-fer-240-gelules","status":"publish","type":"product","link":"https:\/\/ecosupplements.be\/fr\/produit\/mineraux-a-spectre-complet-sans-fer-240-gelules\/","title":{"rendered":"Min\u00e9raux \u00e0 spectre complet sans fer &#8211; 240 g\u00e9lules"},"content":{"rendered":"<h1>Full Spectrum Minerals, Iron-Free &#8211; 240 \u2064caps<\/h1>\n<p>Les min\u00e9raux sont essentiels pour maintenir une bonne sant\u00e9 et un fonctionnement optimal de notre corps. Cependant, il peut \u00eatre difficile de s&#8217;assurer que nous obtenons tous les min\u00e9raux dont nous avons besoin dans notre \u200dalimentation\u200d quotidienne. C&#8217;est pourquoi NOW\u200d Foods a cr\u00e9\u00e9\u200d Full Spectrum Minerals, une formule compl\u00e8te de min\u00e9raux sans fer pour r\u00e9pondre \u00e0 tous nos besoins en mati\u00e8re de min\u00e9raux.<\/p>\n<h2>Caract\u00e9ristiques sp\u00e9ciales:<\/h2>\n<ul>\n<li>Formule compl\u00e8te\u2063 de min\u00e9raux sans fer<\/li>\n<li>Contient des min\u00e9raux\u2064 essentiels tels que le\u200c calcium, le magn\u00e9sium, le\u200c zinc\u200c et le s\u00e9l\u00e9nium<\/li>\n<li>Facile \u200c\u00e0 dig\u00e9rer et \u00e0 absorber<\/li>\n<li>Convient aux v\u00e9g\u00e9tariens et aux v\u00e9g\u00e9taliens<\/li>\n<li>Ne contient aucun ingr\u00e9dient artificiel<\/li>\n<\/ul>\n<h2>Ingr\u00e9dients:<\/h2>\n<p>Full\u2062 Spectrum Minerals contient une vari\u00e9t\u00e9 de min\u00e9raux essentiels pour maintenir une bonne sant\u00e9. Chaque\u200c capsule contient du calcium, du magn\u00e9sium, du zinc, du s\u00e9l\u00e9nium, du cuivre, du mangan\u00e8se, \u2064du chrome, du molybd\u00e8ne \u2063et du potassium.\u2063 Ces \u2062min\u00e9raux sont soigneusement s\u00e9lectionn\u00e9s pour leur qualit\u00e9\u2064 et leur biodisponibilit\u00e9, ce qui signifie qu&#8217;ils sont facilement absorb\u00e9s par notre corps.<\/p>\n<h2>Avantages uniques:<\/h2>\n<p>En plus de fournir une gamme compl\u00e8te de min\u00e9raux, Full \u200cSpectrum \u2064Minerals est \u00e9galement sans fer. Cela en\u200d fait une option id\u00e9ale pour ceux qui ont des niveaux de fer \u00e9lev\u00e9s ou qui suivent un r\u00e9gime alimentaire sp\u00e9cifique qui limite leur consommation de fer. De plus, cette formule \u2062est facile \u00e0 dig\u00e9rer\u2062 et \u00e0 absorber, ce qui la rend id\u00e9ale pour tous les\u2064 types de personnes, y compris les v\u00e9g\u00e9tariens\u200d et les v\u00e9g\u00e9taliens.<\/p>\n<h2>Principales caract\u00e9ristiques:<\/h2>\n<ul>\n<li>240 capsules par bouteille<\/li>\n<li>Formule sans fer<\/li>\n<li>Facile \u00e0 dig\u00e9rer et \u00e0 absorber<\/li>\n<li>Convient \u2062aux \u200dv\u00e9g\u00e9tariens et aux v\u00e9g\u00e9taliens<\/li>\n<li>Ne contient aucun ingr\u00e9dient artificiel<\/li>\n<\/ul>\n<p>Maintenez une bonne sant\u00e9 et un fonctionnement optimal\u200b de votre corps avec Full Spectrum Minerals, \u200bla formule compl\u00e8te de min\u00e9raux sans fer de NOW Foods. Commandez d\u00e8s maintenant et profitez \u2063de tous les avantages que ces min\u00e9raux essentiels peuvent offrir.<\/p>\n","protected":false},"excerpt":{"rendered":"<p>Full Spectrum Minerals, Iron-Free &#8211; 240 \u2064caps Les min\u00e9raux sont essentiels pour maintenir une bonne sant\u00e9 et un fonctionnement optimal de notre corps. Cependant, il peut \u00eatre difficile de s&#8217;assurer que nous obtenons tous les min\u00e9raux dont nous avons besoin dans notre \u200dalimentation\u200d quotidienne. C&#8217;est pourquoi NOW\u200d Foods a cr\u00e9\u00e9\u200d Full Spectrum Minerals, une formule [&#8230;]\n","protected":false},"featured_media":250631,"comment_status":"open","ping_status":"open","template":"","meta":[],"product_brand":[4733,4734],"product_cat":[5064,5099,5053],"product_tag":[],"class_list":{"0":"post-288904","1":"product","2":"type-product","3":"status-publish","4":"has-post-thumbnail","6":"product_brand-now-foods-2","7":"product_brand-nownow-foods-2","8":"product_cat-mineraux-simples","9":"product_cat-multi-mineraux","10":"product_cat-vitamines-et-mineraux","12":"first","13":"instock","14":"taxable","15":"shipping-taxable","16":"purchasable","17":"product-type-simple"},"yoast_head":"<!-- This site is optimized with the Yoast SEO Premium plugin v27.5 (Yoast SEO v27.5) - https:\/\/yoast.com\/product\/yoast-seo-premium-wordpress\/ -->\n<title>Min\u00e9raux \u00e0 spectre complet sans fer - 240 g\u00e9lules - ECO Supplements<\/title>\n<meta name=\"description\" content=\"Wij hebben een ruime keuze aan producten van Min\u00e9raux \u00e0 spectre complet sans fer - 240 g\u00e9lules . Winkel bij Eco Supplements altijd gratis verzending boven 100\u20ac\" \/>\n<meta name=\"robots\" content=\"index, follow, max-snippet:-1, max-image-preview:large, max-video-preview:-1\" \/>\n<link rel=\"canonical\" href=\"https:\/\/ecosupplements.be\/fr\/produit\/mineraux-a-spectre-complet-sans-fer-240-gelules\/\" \/>\n<meta property=\"og:locale\" content=\"fr_FR\" \/>\n<meta property=\"og:type\" content=\"article\" \/>\n<meta property=\"og:title\" content=\"Min\u00e9raux \u00e0 spectre complet sans fer - 240 g\u00e9lules\" \/>\n<meta property=\"og:description\" content=\"Wij hebben een ruime keuze aan producten van Min\u00e9raux \u00e0 spectre complet sans fer - 240 g\u00e9lules . Winkel bij Eco Supplements altijd gratis verzending boven 100\u20ac\" \/>\n<meta property=\"og:url\" content=\"https:\/\/ecosupplements.be\/fr\/produit\/mineraux-a-spectre-complet-sans-fer-240-gelules\/\" \/>\n<meta property=\"og:site_name\" content=\"ECO Supplements\" \/>\n<meta property=\"article:modified_time\" content=\"2025-08-27T13:48:28+00:00\" \/>\n<meta property=\"og:image\" content=\"https:\/\/ecosupplements.be\/wp-content\/uploads\/2025\/08\/Full-Spectrum-Minerals-Iron-Free-240-caps.jpg\" \/>\n\t<meta property=\"og:image:width\" content=\"355\" \/>\n\t<meta property=\"og:image:height\" content=\"661\" \/>\n\t<meta property=\"og:image:type\" content=\"image\/jpeg\" \/>\n<meta name=\"twitter:card\" content=\"summary_large_image\" \/>\n<meta name=\"twitter:label1\" content=\"Prix\" \/>\n\t<meta name=\"twitter:data1\" content=\"32.88&nbsp;&euro;\" \/>\n\t<meta name=\"twitter:label2\" content=\"Disponibilit\u00e9\" \/>\n\t<meta name=\"twitter:data2\" content=\"En stock\" \/>\n<script type=\"application\/ld+json\" class=\"yoast-schema-graph\">{\"@context\":\"https:\\\/\\\/schema.org\",\"@graph\":[{\"@type\":[\"WebPage\",\"ItemPage\"],\"@id\":\"https:\\\/\\\/ecosupplements.be\\\/fr\\\/produit\\\/mineraux-a-spectre-complet-sans-fer-240-gelules\\\/\",\"url\":\"https:\\\/\\\/ecosupplements.be\\\/fr\\\/produit\\\/mineraux-a-spectre-complet-sans-fer-240-gelules\\\/\",\"name\":\"Min\u00e9raux \u00e0 spectre complet sans fer - 240 g\u00e9lules - ECO Supplements\",\"isPartOf\":{\"@id\":\"https:\\\/\\\/ecosupplements.be\\\/fr\\\/#website\"},\"primaryImageOfPage\":{\"@id\":\"https:\\\/\\\/ecosupplements.be\\\/fr\\\/produit\\\/mineraux-a-spectre-complet-sans-fer-240-gelules\\\/#primaryimage\"},\"image\":{\"@id\":\"https:\\\/\\\/ecosupplements.be\\\/fr\\\/produit\\\/mineraux-a-spectre-complet-sans-fer-240-gelules\\\/#primaryimage\"},\"thumbnailUrl\":\"https:\\\/\\\/ecosupplements.be\\\/wp-content\\\/uploads\\\/2025\\\/08\\\/NOW-Foods-Full-Spectrum-Minerals-Iron-Free-240-caps.jpg\",\"datePublished\":\"2022-06-28T09:23:28+00:00\",\"dateModified\":\"2025-08-27T13:48:28+00:00\",\"description\":\"Wij hebben een ruime keuze aan producten van Min\u00e9raux \u00e0 spectre complet sans fer - 240 g\u00e9lules . Winkel bij Eco Supplements altijd gratis verzending boven 100\u20ac\",\"breadcrumb\":{\"@id\":\"https:\\\/\\\/ecosupplements.be\\\/fr\\\/produit\\\/mineraux-a-spectre-complet-sans-fer-240-gelules\\\/#breadcrumb\"},\"inLanguage\":\"fr-FR\",\"potentialAction\":[{\"@type\":\"ReadAction\",\"target\":[\"https:\\\/\\\/ecosupplements.be\\\/fr\\\/produit\\\/mineraux-a-spectre-complet-sans-fer-240-gelules\\\/\"]}]},{\"@type\":\"ImageObject\",\"inLanguage\":\"fr-FR\",\"@id\":\"https:\\\/\\\/ecosupplements.be\\\/fr\\\/produit\\\/mineraux-a-spectre-complet-sans-fer-240-gelules\\\/#primaryimage\",\"url\":\"https:\\\/\\\/ecosupplements.be\\\/wp-content\\\/uploads\\\/2025\\\/08\\\/NOW-Foods-Full-Spectrum-Minerals-Iron-Free-240-caps.jpg\",\"contentUrl\":\"https:\\\/\\\/ecosupplements.be\\\/wp-content\\\/uploads\\\/2025\\\/08\\\/NOW-Foods-Full-Spectrum-Minerals-Iron-Free-240-caps.jpg\",\"width\":500,\"height\":500},{\"@type\":\"BreadcrumbList\",\"@id\":\"https:\\\/\\\/ecosupplements.be\\\/fr\\\/produit\\\/mineraux-a-spectre-complet-sans-fer-240-gelules\\\/#breadcrumb\",\"itemListElement\":[{\"@type\":\"ListItem\",\"position\":1,\"name\":\"Home\",\"item\":\"https:\\\/\\\/ecosupplements.be\\\/fr\\\/\"},{\"@type\":\"ListItem\",\"position\":2,\"name\":\"Boutique\",\"item\":\"https:\\\/\\\/ecosupplements.be\\\/fr\\\/boutique\\\/\"},{\"@type\":\"ListItem\",\"position\":3,\"name\":\"Min\u00e9raux \u00e0 spectre complet sans fer &#8211; 240 g\u00e9lules\"}]},{\"@type\":\"WebSite\",\"@id\":\"https:\\\/\\\/ecosupplements.be\\\/fr\\\/#website\",\"url\":\"https:\\\/\\\/ecosupplements.be\\\/fr\\\/\",\"name\":\"ECO Supplements\",\"description\":\"Eco Supplements - Gezonde supplementen\",\"publisher\":{\"@id\":\"https:\\\/\\\/ecosupplements.be\\\/fr\\\/#organization\"},\"potentialAction\":[{\"@type\":\"SearchAction\",\"target\":{\"@type\":\"EntryPoint\",\"urlTemplate\":\"https:\\\/\\\/ecosupplements.be\\\/fr\\\/?s={search_term_string}\"},\"query-input\":{\"@type\":\"PropertyValueSpecification\",\"valueRequired\":true,\"valueName\":\"search_term_string\"}}],\"inLanguage\":\"fr-FR\"},{\"@type\":\"Organization\",\"@id\":\"https:\\\/\\\/ecosupplements.be\\\/fr\\\/#organization\",\"name\":\"Eco Supplements\",\"url\":\"https:\\\/\\\/ecosupplements.be\\\/fr\\\/\",\"logo\":{\"@type\":\"ImageObject\",\"inLanguage\":\"fr-FR\",\"@id\":\"https:\\\/\\\/ecosupplements.be\\\/fr\\\/#\\\/schema\\\/logo\\\/image\\\/\",\"url\":\"https:\\\/\\\/ecosupplements.be\\\/wp-content\\\/uploads\\\/2022\\\/06\\\/ecosupplement-family.png\",\"contentUrl\":\"https:\\\/\\\/ecosupplements.be\\\/wp-content\\\/uploads\\\/2022\\\/06\\\/ecosupplement-family.png\",\"width\":593,\"height\":374,\"caption\":\"Eco Supplements\"},\"image\":{\"@id\":\"https:\\\/\\\/ecosupplements.be\\\/fr\\\/#\\\/schema\\\/logo\\\/image\\\/\"}}]}<\/script>\n<meta property=\"product:brand\" content=\"NOW Foods\" \/>\n<meta property=\"product:price:amount\" content=\"32.88\" \/>\n<meta property=\"product:price:currency\" content=\"EUR\" \/>\n<meta property=\"og:availability\" content=\"instock\" \/>\n<meta property=\"product:availability\" content=\"instock\" \/>\n<meta property=\"product:retailer_item_id\" content=\"733739015457\" \/>\n<meta property=\"product:condition\" content=\"new\" \/>\n<!-- \/ Yoast SEO Premium plugin. -->","yoast_head_json":{"title":"Min\u00e9raux \u00e0 spectre complet sans fer - 240 g\u00e9lules - ECO Supplements","description":"Wij hebben een ruime keuze aan producten van Min\u00e9raux \u00e0 spectre complet sans fer - 240 g\u00e9lules . Winkel bij Eco Supplements altijd gratis verzending boven 100\u20ac","robots":{"index":"index","follow":"follow","max-snippet":"max-snippet:-1","max-image-preview":"max-image-preview:large","max-video-preview":"max-video-preview:-1"},"canonical":"https:\/\/ecosupplements.be\/fr\/produit\/mineraux-a-spectre-complet-sans-fer-240-gelules\/","og_locale":"fr_FR","og_type":"article","og_title":"Min\u00e9raux \u00e0 spectre complet sans fer - 240 g\u00e9lules","og_description":"Wij hebben een ruime keuze aan producten van Min\u00e9raux \u00e0 spectre complet sans fer - 240 g\u00e9lules . Winkel bij Eco Supplements altijd gratis verzending boven 100\u20ac","og_url":"https:\/\/ecosupplements.be\/fr\/produit\/mineraux-a-spectre-complet-sans-fer-240-gelules\/","og_site_name":"ECO Supplements","article_modified_time":"2025-08-27T13:48:28+00:00","og_image":[{"width":355,"height":661,"url":"https:\/\/ecosupplements.be\/wp-content\/uploads\/2025\/08\/Full-Spectrum-Minerals-Iron-Free-240-caps.jpg","type":"image\/jpeg"}],"twitter_card":"summary_large_image","twitter_misc":{"Prix":"32.88&nbsp;&euro;","Disponibilit\u00e9":"En stock"},"schema":{"@context":"https:\/\/schema.org","@graph":[{"@type":["WebPage","ItemPage"],"@id":"https:\/\/ecosupplements.be\/fr\/produit\/mineraux-a-spectre-complet-sans-fer-240-gelules\/","url":"https:\/\/ecosupplements.be\/fr\/produit\/mineraux-a-spectre-complet-sans-fer-240-gelules\/","name":"Min\u00e9raux \u00e0 spectre complet sans fer - 240 g\u00e9lules - ECO Supplements","isPartOf":{"@id":"https:\/\/ecosupplements.be\/fr\/#website"},"primaryImageOfPage":{"@id":"https:\/\/ecosupplements.be\/fr\/produit\/mineraux-a-spectre-complet-sans-fer-240-gelules\/#primaryimage"},"image":{"@id":"https:\/\/ecosupplements.be\/fr\/produit\/mineraux-a-spectre-complet-sans-fer-240-gelules\/#primaryimage"},"thumbnailUrl":"https:\/\/ecosupplements.be\/wp-content\/uploads\/2025\/08\/NOW-Foods-Full-Spectrum-Minerals-Iron-Free-240-caps.jpg","datePublished":"2022-06-28T09:23:28+00:00","dateModified":"2025-08-27T13:48:28+00:00","description":"Wij hebben een ruime keuze aan producten van Min\u00e9raux \u00e0 spectre complet sans fer - 240 g\u00e9lules . Winkel bij Eco Supplements altijd gratis verzending boven 100\u20ac","breadcrumb":{"@id":"https:\/\/ecosupplements.be\/fr\/produit\/mineraux-a-spectre-complet-sans-fer-240-gelules\/#breadcrumb"},"inLanguage":"fr-FR","potentialAction":[{"@type":"ReadAction","target":["https:\/\/ecosupplements.be\/fr\/produit\/mineraux-a-spectre-complet-sans-fer-240-gelules\/"]}]},{"@type":"ImageObject","inLanguage":"fr-FR","@id":"https:\/\/ecosupplements.be\/fr\/produit\/mineraux-a-spectre-complet-sans-fer-240-gelules\/#primaryimage","url":"https:\/\/ecosupplements.be\/wp-content\/uploads\/2025\/08\/NOW-Foods-Full-Spectrum-Minerals-Iron-Free-240-caps.jpg","contentUrl":"https:\/\/ecosupplements.be\/wp-content\/uploads\/2025\/08\/NOW-Foods-Full-Spectrum-Minerals-Iron-Free-240-caps.jpg","width":500,"height":500},{"@type":"BreadcrumbList","@id":"https:\/\/ecosupplements.be\/fr\/produit\/mineraux-a-spectre-complet-sans-fer-240-gelules\/#breadcrumb","itemListElement":[{"@type":"ListItem","position":1,"name":"Home","item":"https:\/\/ecosupplements.be\/fr\/"},{"@type":"ListItem","position":2,"name":"Boutique","item":"https:\/\/ecosupplements.be\/fr\/boutique\/"},{"@type":"ListItem","position":3,"name":"Min\u00e9raux \u00e0 spectre complet sans fer &#8211; 240 g\u00e9lules"}]},{"@type":"WebSite","@id":"https:\/\/ecosupplements.be\/fr\/#website","url":"https:\/\/ecosupplements.be\/fr\/","name":"ECO Supplements","description":"Eco Supplements - Gezonde supplementen","publisher":{"@id":"https:\/\/ecosupplements.be\/fr\/#organization"},"potentialAction":[{"@type":"SearchAction","target":{"@type":"EntryPoint","urlTemplate":"https:\/\/ecosupplements.be\/fr\/?s={search_term_string}"},"query-input":{"@type":"PropertyValueSpecification","valueRequired":true,"valueName":"search_term_string"}}],"inLanguage":"fr-FR"},{"@type":"Organization","@id":"https:\/\/ecosupplements.be\/fr\/#organization","name":"Eco Supplements","url":"https:\/\/ecosupplements.be\/fr\/","logo":{"@type":"ImageObject","inLanguage":"fr-FR","@id":"https:\/\/ecosupplements.be\/fr\/#\/schema\/logo\/image\/","url":"https:\/\/ecosupplements.be\/wp-content\/uploads\/2022\/06\/ecosupplement-family.png","contentUrl":"https:\/\/ecosupplements.be\/wp-content\/uploads\/2022\/06\/ecosupplement-family.png","width":593,"height":374,"caption":"Eco Supplements"},"image":{"@id":"https:\/\/ecosupplements.be\/fr\/#\/schema\/logo\/image\/"}}]},"product_brand":"NOW Foods","product_price_amount":"32.88","product_price_currency":"EUR","og_availability":"instock","product_availability":"instock","product_retailer_item_id":"733739015457","product_condition":"new"},"_links":{"self":[{"href":"https:\/\/ecosupplements.be\/fr\/wp-json\/wp\/v2\/product\/288904","targetHints":{"allow":["GET"]}}],"collection":[{"href":"https:\/\/ecosupplements.be\/fr\/wp-json\/wp\/v2\/product"}],"about":[{"href":"https:\/\/ecosupplements.be\/fr\/wp-json\/wp\/v2\/types\/product"}],"replies":[{"embeddable":true,"href":"https:\/\/ecosupplements.be\/fr\/wp-json\/wp\/v2\/comments?post=288904"}],"wp:featuredmedia":[{"embeddable":true,"href":"https:\/\/ecosupplements.be\/fr\/wp-json\/wp\/v2\/media\/250631"}],"wp:attachment":[{"href":"https:\/\/ecosupplements.be\/fr\/wp-json\/wp\/v2\/media?parent=288904"}],"wp:term":[{"taxonomy":"product_brand","embeddable":true,"href":"https:\/\/ecosupplements.be\/fr\/wp-json\/wp\/v2\/product_brand?post=288904"},{"taxonomy":"product_cat","embeddable":true,"href":"https:\/\/ecosupplements.be\/fr\/wp-json\/wp\/v2\/product_cat?post=288904"},{"taxonomy":"product_tag","embeddable":true,"href":"https:\/\/ecosupplements.be\/fr\/wp-json\/wp\/v2\/product_tag?post=288904"}],"curies":[{"name":"wp","href":"https:\/\/api.w.org\/{rel}","templated":true}]}}