{"id":288922,"date":"2022-06-28T10:23:37","date_gmt":"2022-06-28T09:23:37","guid":{"rendered":"https:\/\/ecosupplements.be\/product\/ail-5000-controle-de-lodeur-90-comprimes\/"},"modified":"2025-08-27T14:48:44","modified_gmt":"2025-08-27T13:48:44","slug":"ail-5000-controle-de-lodeur-90-comprimes","status":"publish","type":"product","link":"https:\/\/ecosupplements.be\/fr\/produit\/ail-5000-controle-de-lodeur-90-comprimes\/","title":{"rendered":"Ail 5000, Contr\u00f4le de l&#8217;odeur &#8211; 90 comprim\u00e9s"},"content":{"rendered":"<h1>Garlic 5000, Odor Controlled &#8211; 90 tablets<\/h1>\n<p>Le \u2064Garlic 5000 d&#8217;NOW \u200cFoods est un compl\u00e9ment alimentaire \u2064\u00e0 base d&#8217;ail, un\u2064 ingr\u00e9dient naturellement \u2064riche \u2062en antioxydants et en compos\u00e9s sulfur\u00e9s b\u00e9n\u00e9fiques pour la sant\u00e9. Chaque \u2062comprim\u00e9 contient \u200c5000 mcg d&#8217;extrait\u2063 d&#8217;ail, ce qui en fait l&#8217;un des suppl\u00e9ments les \u2062plus puissants sur le march\u00e9.<\/p>\n<h2>Caract\u00e9ristiques sp\u00e9ciales:<\/h2>\n<ul>\n<li>Formule\u2062 \u00e0 lib\u00e9ration contr\u00f4l\u00e9e\u200c pour une odeur r\u00e9duite<\/li>\n<li>5000 mcg d&#8217;extrait d&#8217;ail \u2062par \u200dcomprim\u00e9<\/li>\n<li>Ingr\u00e9dient naturel riche en antioxydants\u200b et \u2062en \u200ccompos\u00e9s sulfur\u00e9s<\/li>\n<li>Convient aux v\u00e9g\u00e9tariens et \u2063v\u00e9g\u00e9taliens<\/li>\n<li>Fabriqu\u00e9 aux \u00c9tats-Unis<\/li>\n<\/ul>\n<h2>Ingr\u00e9dients:<\/h2>\n<p>Extrait d&#8217;ail (Allium sativum) (bulbe) (\u00e9quivalent \u00e0 5000 \u200cmcg d&#8217;ail frais), cellulose,\u200c acide st\u00e9arique (source \u2064v\u00e9g\u00e9tale), croscarmellose sodique, st\u00e9arate de magn\u00e9sium (source v\u00e9g\u00e9tale) et rev\u00eatement v\u00e9g\u00e9tal.<\/p>\n<h2>Avantages uniques:<\/h2>\n<p>L&#8217;ail est un ingr\u00e9dient populaire dans\u200c la m\u00e9decine traditionnelle \u200cdepuis des si\u00e8cles en raison de ses nombreux bienfaits \u2062pour la sant\u00e9.\u2063 Le\u200b Garlic 5000 d&#8217;NOW Foods\u2063 offre\u200b une dose puissante\u2064 d&#8217;extrait d&#8217;ail dans un comprim\u00e9 facile \u00e0 prendre. De plus, sa formule \u00e0 lib\u00e9ration contr\u00f4l\u00e9e r\u00e9duit l&#8217;odeur\u200b d&#8217;ail, ce qui \u200den fait un choix id\u00e9al pour ceux qui souhaitent\u2062 profiter \u2062des bienfaits de l&#8217;ail sans\u200d l&#8217;odeur persistante.<\/p>\n<h2>Principales caract\u00e9ristiques:<\/h2>\n<ul>\n<li>Compl\u00e9ment alimentaire \u00e0 base d&#8217;ail<\/li>\n<li>Formule \u00e0 lib\u00e9ration contr\u00f4l\u00e9e pour \u2063une odeur r\u00e9duite<\/li>\n<li>5000 mcg d&#8217;extrait d&#8217;ail par comprim\u00e9<\/li>\n<li>Convient aux v\u00e9g\u00e9tariens et\u200c v\u00e9g\u00e9taliens<\/li>\n<li>Fabriqu\u00e9 aux \u00c9tats-Unis<\/li>\n<\/ul>\n<p>Profitez des bienfaits de l&#8217;ail avec le Garlic 5000 d&#8217;NOW Foods. Commandez d\u00e8s maintenant\u200d et ajoutez ce compl\u00e9ment alimentaire puissant \u00e0 \u2063votre routine quotidienne\u2062 pour une sant\u00e9 optimale.<\/p>\n","protected":false},"excerpt":{"rendered":"<p>Garlic 5000, Odor Controlled &#8211; 90 tablets Le \u2064Garlic 5000 d&#8217;NOW \u200cFoods est un compl\u00e9ment alimentaire \u2064\u00e0 base d&#8217;ail, un\u2064 ingr\u00e9dient naturellement \u2064riche \u2062en antioxydants et en compos\u00e9s sulfur\u00e9s b\u00e9n\u00e9fiques pour la sant\u00e9. Chaque \u2062comprim\u00e9 contient \u200c5000 mcg d&#8217;extrait\u2063 d&#8217;ail, ce qui en fait l&#8217;un des suppl\u00e9ments les \u2062plus puissants sur le march\u00e9. Caract\u00e9ristiques sp\u00e9ciales: [&#8230;]\n","protected":false},"featured_media":250677,"comment_status":"open","ping_status":"open","template":"","meta":[],"product_brand":[4733,4734],"product_cat":[5054,5055,5052,5053],"product_tag":[],"class_list":{"0":"post-288922","1":"product","2":"type-product","3":"status-publish","4":"has-post-thumbnail","6":"product_brand-now-foods-2","7":"product_brand-nownow-foods-2","8":"product_cat-nourriture-saine","9":"product_cat-produits-vegetaliens","10":"product_cat-sante-et-bien-etre","11":"product_cat-vitamines-et-mineraux","13":"first","14":"instock","15":"taxable","16":"shipping-taxable","17":"purchasable","18":"product-type-simple"},"yoast_head":"<!-- This site is optimized with the Yoast SEO Premium plugin v27.3 (Yoast SEO v27.3) - https:\/\/yoast.com\/product\/yoast-seo-premium-wordpress\/ -->\n<title>Ail 5000, Contr\u00f4le de l&#039;odeur - 90 comprim\u00e9s - ECO Supplements<\/title>\n<meta name=\"description\" content=\"Wij hebben een ruime keuze aan producten van Ail 5000, Contr\u00f4le de l&#039;odeur - 90 comprim\u00e9s . Winkel bij Eco Supplements altijd gratis verzending boven 100\u20ac\" \/>\n<meta name=\"robots\" content=\"index, follow, max-snippet:-1, max-image-preview:large, max-video-preview:-1\" \/>\n<link rel=\"canonical\" href=\"https:\/\/ecosupplements.be\/fr\/produit\/ail-5000-controle-de-lodeur-90-comprimes\/\" \/>\n<meta property=\"og:locale\" content=\"fr_FR\" \/>\n<meta property=\"og:type\" content=\"article\" \/>\n<meta property=\"og:title\" content=\"Ail 5000, Contr\u00f4le de l&#039;odeur - 90 comprim\u00e9s\" \/>\n<meta property=\"og:description\" content=\"Wij hebben een ruime keuze aan producten van Ail 5000, Contr\u00f4le de l&#039;odeur - 90 comprim\u00e9s . Winkel bij Eco Supplements altijd gratis verzending boven 100\u20ac\" \/>\n<meta property=\"og:url\" content=\"https:\/\/ecosupplements.be\/fr\/produit\/ail-5000-controle-de-lodeur-90-comprimes\/\" \/>\n<meta property=\"og:site_name\" content=\"ECO Supplements\" \/>\n<meta property=\"article:modified_time\" content=\"2025-08-27T13:48:44+00:00\" \/>\n<meta property=\"og:image\" content=\"https:\/\/ecosupplements.be\/wp-content\/uploads\/2025\/08\/Garlic-5000-Odor-Controlled-90-tablets.jpg\" \/>\n\t<meta property=\"og:image:width\" content=\"441\" \/>\n\t<meta property=\"og:image:height\" content=\"842\" \/>\n\t<meta property=\"og:image:type\" content=\"image\/jpeg\" \/>\n<meta name=\"twitter:card\" content=\"summary_large_image\" \/>\n<meta name=\"twitter:label1\" content=\"Prix\" \/>\n\t<meta name=\"twitter:data1\" content=\"26.01&nbsp;&euro;\" \/>\n\t<meta name=\"twitter:label2\" content=\"Disponibilit\u00e9\" \/>\n\t<meta name=\"twitter:data2\" content=\"En stock\" \/>\n<script type=\"application\/ld+json\" class=\"yoast-schema-graph\">{\"@context\":\"https:\\\/\\\/schema.org\",\"@graph\":[{\"@type\":[\"WebPage\",\"ItemPage\"],\"@id\":\"https:\\\/\\\/ecosupplements.be\\\/fr\\\/produit\\\/ail-5000-controle-de-lodeur-90-comprimes\\\/\",\"url\":\"https:\\\/\\\/ecosupplements.be\\\/fr\\\/produit\\\/ail-5000-controle-de-lodeur-90-comprimes\\\/\",\"name\":\"Ail 5000, Contr\u00f4le de l'odeur - 90 comprim\u00e9s - ECO Supplements\",\"isPartOf\":{\"@id\":\"https:\\\/\\\/ecosupplements.be\\\/fr\\\/#website\"},\"primaryImageOfPage\":{\"@id\":\"https:\\\/\\\/ecosupplements.be\\\/fr\\\/produit\\\/ail-5000-controle-de-lodeur-90-comprimes\\\/#primaryimage\"},\"image\":{\"@id\":\"https:\\\/\\\/ecosupplements.be\\\/fr\\\/produit\\\/ail-5000-controle-de-lodeur-90-comprimes\\\/#primaryimage\"},\"thumbnailUrl\":\"https:\\\/\\\/ecosupplements.be\\\/wp-content\\\/uploads\\\/2025\\\/08\\\/NOW-Foods-Garlic-5000-Odor-Controlled-90-tablets.jpg\",\"datePublished\":\"2022-06-28T09:23:37+00:00\",\"dateModified\":\"2025-08-27T13:48:44+00:00\",\"description\":\"Wij hebben een ruime keuze aan producten van Ail 5000, Contr\u00f4le de l'odeur - 90 comprim\u00e9s . Winkel bij Eco Supplements altijd gratis verzending boven 100\u20ac\",\"breadcrumb\":{\"@id\":\"https:\\\/\\\/ecosupplements.be\\\/fr\\\/produit\\\/ail-5000-controle-de-lodeur-90-comprimes\\\/#breadcrumb\"},\"inLanguage\":\"fr-FR\",\"potentialAction\":[{\"@type\":\"ReadAction\",\"target\":[\"https:\\\/\\\/ecosupplements.be\\\/fr\\\/produit\\\/ail-5000-controle-de-lodeur-90-comprimes\\\/\"]}]},{\"@type\":\"ImageObject\",\"inLanguage\":\"fr-FR\",\"@id\":\"https:\\\/\\\/ecosupplements.be\\\/fr\\\/produit\\\/ail-5000-controle-de-lodeur-90-comprimes\\\/#primaryimage\",\"url\":\"https:\\\/\\\/ecosupplements.be\\\/wp-content\\\/uploads\\\/2025\\\/08\\\/NOW-Foods-Garlic-5000-Odor-Controlled-90-tablets.jpg\",\"contentUrl\":\"https:\\\/\\\/ecosupplements.be\\\/wp-content\\\/uploads\\\/2025\\\/08\\\/NOW-Foods-Garlic-5000-Odor-Controlled-90-tablets.jpg\",\"width\":750,\"height\":750},{\"@type\":\"BreadcrumbList\",\"@id\":\"https:\\\/\\\/ecosupplements.be\\\/fr\\\/produit\\\/ail-5000-controle-de-lodeur-90-comprimes\\\/#breadcrumb\",\"itemListElement\":[{\"@type\":\"ListItem\",\"position\":1,\"name\":\"Home\",\"item\":\"https:\\\/\\\/ecosupplements.be\\\/fr\\\/\"},{\"@type\":\"ListItem\",\"position\":2,\"name\":\"Boutique\",\"item\":\"https:\\\/\\\/ecosupplements.be\\\/fr\\\/boutique\\\/\"},{\"@type\":\"ListItem\",\"position\":3,\"name\":\"Ail 5000, Contr\u00f4le de l&#8217;odeur &#8211; 90 comprim\u00e9s\"}]},{\"@type\":\"WebSite\",\"@id\":\"https:\\\/\\\/ecosupplements.be\\\/fr\\\/#website\",\"url\":\"https:\\\/\\\/ecosupplements.be\\\/fr\\\/\",\"name\":\"ECO Supplements\",\"description\":\"Eco Supplements - Gezonde supplementen\",\"publisher\":{\"@id\":\"https:\\\/\\\/ecosupplements.be\\\/fr\\\/#organization\"},\"potentialAction\":[{\"@type\":\"SearchAction\",\"target\":{\"@type\":\"EntryPoint\",\"urlTemplate\":\"https:\\\/\\\/ecosupplements.be\\\/fr\\\/?s={search_term_string}\"},\"query-input\":{\"@type\":\"PropertyValueSpecification\",\"valueRequired\":true,\"valueName\":\"search_term_string\"}}],\"inLanguage\":\"fr-FR\"},{\"@type\":\"Organization\",\"@id\":\"https:\\\/\\\/ecosupplements.be\\\/fr\\\/#organization\",\"name\":\"Eco Supplements\",\"url\":\"https:\\\/\\\/ecosupplements.be\\\/fr\\\/\",\"logo\":{\"@type\":\"ImageObject\",\"inLanguage\":\"fr-FR\",\"@id\":\"https:\\\/\\\/ecosupplements.be\\\/fr\\\/#\\\/schema\\\/logo\\\/image\\\/\",\"url\":\"https:\\\/\\\/ecosupplements.be\\\/wp-content\\\/uploads\\\/2022\\\/06\\\/ecosupplement-family.png\",\"contentUrl\":\"https:\\\/\\\/ecosupplements.be\\\/wp-content\\\/uploads\\\/2022\\\/06\\\/ecosupplement-family.png\",\"width\":593,\"height\":374,\"caption\":\"Eco Supplements\"},\"image\":{\"@id\":\"https:\\\/\\\/ecosupplements.be\\\/fr\\\/#\\\/schema\\\/logo\\\/image\\\/\"}}]}<\/script>\n<meta property=\"product:brand\" content=\"NOW Foods\" \/>\n<meta property=\"product:price:amount\" content=\"26.01\" \/>\n<meta property=\"product:price:currency\" content=\"EUR\" \/>\n<meta property=\"og:availability\" content=\"instock\" \/>\n<meta property=\"product:availability\" content=\"instock\" \/>\n<meta property=\"product:retailer_item_id\" content=\"733739018144\" \/>\n<meta property=\"product:condition\" content=\"new\" \/>\n<!-- \/ Yoast SEO Premium plugin. -->","yoast_head_json":{"title":"Ail 5000, Contr\u00f4le de l'odeur - 90 comprim\u00e9s - ECO Supplements","description":"Wij hebben een ruime keuze aan producten van Ail 5000, Contr\u00f4le de l'odeur - 90 comprim\u00e9s . Winkel bij Eco Supplements altijd gratis verzending boven 100\u20ac","robots":{"index":"index","follow":"follow","max-snippet":"max-snippet:-1","max-image-preview":"max-image-preview:large","max-video-preview":"max-video-preview:-1"},"canonical":"https:\/\/ecosupplements.be\/fr\/produit\/ail-5000-controle-de-lodeur-90-comprimes\/","og_locale":"fr_FR","og_type":"article","og_title":"Ail 5000, Contr\u00f4le de l'odeur - 90 comprim\u00e9s","og_description":"Wij hebben een ruime keuze aan producten van Ail 5000, Contr\u00f4le de l'odeur - 90 comprim\u00e9s . Winkel bij Eco Supplements altijd gratis verzending boven 100\u20ac","og_url":"https:\/\/ecosupplements.be\/fr\/produit\/ail-5000-controle-de-lodeur-90-comprimes\/","og_site_name":"ECO Supplements","article_modified_time":"2025-08-27T13:48:44+00:00","og_image":[{"width":441,"height":842,"url":"https:\/\/ecosupplements.be\/wp-content\/uploads\/2025\/08\/Garlic-5000-Odor-Controlled-90-tablets.jpg","type":"image\/jpeg"}],"twitter_card":"summary_large_image","twitter_misc":{"Prix":"26.01&nbsp;&euro;","Disponibilit\u00e9":"En stock"},"schema":{"@context":"https:\/\/schema.org","@graph":[{"@type":["WebPage","ItemPage"],"@id":"https:\/\/ecosupplements.be\/fr\/produit\/ail-5000-controle-de-lodeur-90-comprimes\/","url":"https:\/\/ecosupplements.be\/fr\/produit\/ail-5000-controle-de-lodeur-90-comprimes\/","name":"Ail 5000, Contr\u00f4le de l'odeur - 90 comprim\u00e9s - ECO Supplements","isPartOf":{"@id":"https:\/\/ecosupplements.be\/fr\/#website"},"primaryImageOfPage":{"@id":"https:\/\/ecosupplements.be\/fr\/produit\/ail-5000-controle-de-lodeur-90-comprimes\/#primaryimage"},"image":{"@id":"https:\/\/ecosupplements.be\/fr\/produit\/ail-5000-controle-de-lodeur-90-comprimes\/#primaryimage"},"thumbnailUrl":"https:\/\/ecosupplements.be\/wp-content\/uploads\/2025\/08\/NOW-Foods-Garlic-5000-Odor-Controlled-90-tablets.jpg","datePublished":"2022-06-28T09:23:37+00:00","dateModified":"2025-08-27T13:48:44+00:00","description":"Wij hebben een ruime keuze aan producten van Ail 5000, Contr\u00f4le de l'odeur - 90 comprim\u00e9s . Winkel bij Eco Supplements altijd gratis verzending boven 100\u20ac","breadcrumb":{"@id":"https:\/\/ecosupplements.be\/fr\/produit\/ail-5000-controle-de-lodeur-90-comprimes\/#breadcrumb"},"inLanguage":"fr-FR","potentialAction":[{"@type":"ReadAction","target":["https:\/\/ecosupplements.be\/fr\/produit\/ail-5000-controle-de-lodeur-90-comprimes\/"]}]},{"@type":"ImageObject","inLanguage":"fr-FR","@id":"https:\/\/ecosupplements.be\/fr\/produit\/ail-5000-controle-de-lodeur-90-comprimes\/#primaryimage","url":"https:\/\/ecosupplements.be\/wp-content\/uploads\/2025\/08\/NOW-Foods-Garlic-5000-Odor-Controlled-90-tablets.jpg","contentUrl":"https:\/\/ecosupplements.be\/wp-content\/uploads\/2025\/08\/NOW-Foods-Garlic-5000-Odor-Controlled-90-tablets.jpg","width":750,"height":750},{"@type":"BreadcrumbList","@id":"https:\/\/ecosupplements.be\/fr\/produit\/ail-5000-controle-de-lodeur-90-comprimes\/#breadcrumb","itemListElement":[{"@type":"ListItem","position":1,"name":"Home","item":"https:\/\/ecosupplements.be\/fr\/"},{"@type":"ListItem","position":2,"name":"Boutique","item":"https:\/\/ecosupplements.be\/fr\/boutique\/"},{"@type":"ListItem","position":3,"name":"Ail 5000, Contr\u00f4le de l&#8217;odeur &#8211; 90 comprim\u00e9s"}]},{"@type":"WebSite","@id":"https:\/\/ecosupplements.be\/fr\/#website","url":"https:\/\/ecosupplements.be\/fr\/","name":"ECO Supplements","description":"Eco Supplements - Gezonde supplementen","publisher":{"@id":"https:\/\/ecosupplements.be\/fr\/#organization"},"potentialAction":[{"@type":"SearchAction","target":{"@type":"EntryPoint","urlTemplate":"https:\/\/ecosupplements.be\/fr\/?s={search_term_string}"},"query-input":{"@type":"PropertyValueSpecification","valueRequired":true,"valueName":"search_term_string"}}],"inLanguage":"fr-FR"},{"@type":"Organization","@id":"https:\/\/ecosupplements.be\/fr\/#organization","name":"Eco Supplements","url":"https:\/\/ecosupplements.be\/fr\/","logo":{"@type":"ImageObject","inLanguage":"fr-FR","@id":"https:\/\/ecosupplements.be\/fr\/#\/schema\/logo\/image\/","url":"https:\/\/ecosupplements.be\/wp-content\/uploads\/2022\/06\/ecosupplement-family.png","contentUrl":"https:\/\/ecosupplements.be\/wp-content\/uploads\/2022\/06\/ecosupplement-family.png","width":593,"height":374,"caption":"Eco Supplements"},"image":{"@id":"https:\/\/ecosupplements.be\/fr\/#\/schema\/logo\/image\/"}}]},"product_brand":"NOW Foods","product_price_amount":"26.01","product_price_currency":"EUR","og_availability":"instock","product_availability":"instock","product_retailer_item_id":"733739018144","product_condition":"new"},"_links":{"self":[{"href":"https:\/\/ecosupplements.be\/fr\/wp-json\/wp\/v2\/product\/288922","targetHints":{"allow":["GET"]}}],"collection":[{"href":"https:\/\/ecosupplements.be\/fr\/wp-json\/wp\/v2\/product"}],"about":[{"href":"https:\/\/ecosupplements.be\/fr\/wp-json\/wp\/v2\/types\/product"}],"replies":[{"embeddable":true,"href":"https:\/\/ecosupplements.be\/fr\/wp-json\/wp\/v2\/comments?post=288922"}],"wp:featuredmedia":[{"embeddable":true,"href":"https:\/\/ecosupplements.be\/fr\/wp-json\/wp\/v2\/media\/250677"}],"wp:attachment":[{"href":"https:\/\/ecosupplements.be\/fr\/wp-json\/wp\/v2\/media?parent=288922"}],"wp:term":[{"taxonomy":"product_brand","embeddable":true,"href":"https:\/\/ecosupplements.be\/fr\/wp-json\/wp\/v2\/product_brand?post=288922"},{"taxonomy":"product_cat","embeddable":true,"href":"https:\/\/ecosupplements.be\/fr\/wp-json\/wp\/v2\/product_cat?post=288922"},{"taxonomy":"product_tag","embeddable":true,"href":"https:\/\/ecosupplements.be\/fr\/wp-json\/wp\/v2\/product_tag?post=288922"}],"curies":[{"name":"wp","href":"https:\/\/api.w.org\/{rel}","templated":true}]}}