{"id":288931,"date":"2022-06-28T10:23:37","date_gmt":"2022-06-28T09:23:37","guid":{"rendered":"https:\/\/ecosupplements.be\/product\/confort-gastro-intestinal-avec-pepzin-gi-60-gelules\/"},"modified":"2025-08-27T14:48:53","modified_gmt":"2025-08-27T13:48:53","slug":"confort-gastro-intestinal-avec-pepzin-gi-60-gelules","status":"publish","type":"product","link":"https:\/\/ecosupplements.be\/fr\/produit\/confort-gastro-intestinal-avec-pepzin-gi-60-gelules\/","title":{"rendered":"Confort gastro-intestinal avec PepZin GI &#8211; 60 g\u00e9lules"},"content":{"rendered":"<h1>Gastro Comfort with PepZin GI &#8211; 60 vcaps<\/h1>\n<p>Le Gastro Comfort with PepZin GI de NOW Foods est un compl\u00e9ment alimentaire sp\u00e9cialement con\u00e7u pour soutenir la sant\u00e9 gastro-intestinale. Chaque flacon\u2063 contient 60 capsules v\u00e9g\u00e9tales, offrant une solution naturelle pour\u2063 soulager les troubles digestifs\u2064 et am\u00e9liorer la sant\u00e9 de l&#8217;estomac \u2062et de l&#8217;intestin.<\/p>\n<h2>Caract\u00e9ristiques sp\u00e9ciales:<\/h2>\n<ul>\n<li>Contient du PepZin GI, un complexe brevet\u00e9 de zinc et de L-carnosine qui aide \u00e0\u200d prot\u00e9ger la muqueuse gastrique et\u200b \u00e0 maintenir un \u00e9quilibre sain dans l&#8217;estomac<\/li>\n<li>Formule v\u00e9g\u00e9tarienne et sans gluten<\/li>\n<li>Contient \u200c\u00e9galement de la m\u00e9lisse, de la camomille et de la r\u00e9glisse pour apaiser\u200c et calmer l&#8217;estomac<\/li>\n<li>Facile \u00e0 prendre avec seulement\u200c 2\u200b capsules par\u200c jour<\/li>\n<\/ul>\n<h2>Ingr\u00e9dients cl\u00e9s:<\/h2>\n<p>Chaque capsule contient:<\/p>\n<ul>\n<li>75 mg de PepZin GI (complexe de zinc et de L-carnosine)<\/li>\n<li>200 mg de m\u00e9lisse<\/li>\n<li>100 mg de \u2064camomille<\/li>\n<li>100 mg de r\u00e9glisse<\/li>\n<\/ul>\n<h2>Avantages uniques:<\/h2>\n<p>Le PepZin GI est un ingr\u00e9dient cl\u00e9 dans ce compl\u00e9ment alimentaire, car il a \u00e9t\u00e9 cliniquement prouv\u00e9 pour aider \u00e0 prot\u00e9ger la muqueuse gastrique et \u00e0 maintenir un \u00e9quilibre\u2064 sain dans \u200bl&#8217;estomac. La\u2062 m\u00e9lisse, la camomille et la r\u00e9glisse sont \u00e9galement des ingr\u00e9dients naturels qui ont \u00e9t\u00e9 utilis\u00e9s depuis des si\u00e8cles pour apaiser et calmer l&#8217;estomac. Ensemble, ces ingr\u00e9dients offrent un\u200b soutien complet\u200b pour une sant\u00e9 gastro-intestinale optimale.<\/p>\n<h2>Conseils d&#8217;utilisation:<\/h2>\n<p>Prenez 2 capsules par jour, de pr\u00e9f\u00e9rence avec un repas.<\/p>\n<p>Ne pas \u2064d\u00e9passer la dose recommand\u00e9e. Consultez votre professionnel de sant\u00e9 avant de prendre ce compl\u00e9ment alimentaire si vous \u00eates enceinte, allaitez, prenez des m\u00e9dicaments ou si vous avez des probl\u00e8mes de sant\u00e9.<\/p>\n<p>Conservez \u2063dans un endroit frais et \u200dsec apr\u00e8s ouverture.<\/p>\n<p>Le Gastro Comfort\u200d with PepZin GI de NOW\u200d Foods est fabriqu\u00e9 aux \u00c9tats-Unis dans une installation certifi\u00e9e GMP (Good Manufacturing Practices) pour garantir la qualit\u00e9 et la puret\u00e9 du produit.<\/p>\n<p>Am\u00e9liorez votre \u200dsant\u00e9\u200d gastro-intestinale \u2064avec \u2062le Gastro Comfort with PepZin GI de NOW Foods. Commandez d\u00e8s maintenant et profitez d&#8217;un estomac et d&#8217;un intestin en bonne sant\u00e9 !<\/p>\n","protected":false},"excerpt":{"rendered":"<p>Gastro Comfort with PepZin GI &#8211; 60 vcaps Le Gastro Comfort with PepZin GI de NOW Foods est un compl\u00e9ment alimentaire sp\u00e9cialement con\u00e7u pour soutenir la sant\u00e9 gastro-intestinale. Chaque flacon\u2063 contient 60 capsules v\u00e9g\u00e9tales, offrant une solution naturelle pour\u2063 soulager les troubles digestifs\u2064 et am\u00e9liorer la sant\u00e9 de l&#8217;estomac \u2062et de l&#8217;intestin. Caract\u00e9ristiques sp\u00e9ciales: Contient [&#8230;]\n","protected":false},"featured_media":250692,"comment_status":"open","ping_status":"open","template":"","meta":[],"product_brand":[4733],"product_cat":[5054,5055,5052],"product_tag":[],"class_list":{"0":"post-288931","1":"product","2":"type-product","3":"status-publish","4":"has-post-thumbnail","6":"product_brand-now-foods-2","7":"product_cat-nourriture-saine","8":"product_cat-produits-vegetaliens","9":"product_cat-sante-et-bien-etre","11":"first","12":"instock","13":"taxable","14":"shipping-taxable","15":"purchasable","16":"product-type-simple"},"yoast_head":"<!-- This site is optimized with the Yoast SEO Premium plugin v27.3 (Yoast SEO v27.3) - https:\/\/yoast.com\/product\/yoast-seo-premium-wordpress\/ -->\n<title>Confort gastro-intestinal avec PepZin GI - 60 g\u00e9lules - ECO Supplements<\/title>\n<meta name=\"description\" content=\"Wij hebben een ruime keuze aan producten van Confort gastro-intestinal avec PepZin GI - 60 g\u00e9lules . Winkel bij Eco Supplements altijd gratis verzending boven 100\u20ac\" \/>\n<meta name=\"robots\" content=\"index, follow, max-snippet:-1, max-image-preview:large, max-video-preview:-1\" \/>\n<link rel=\"canonical\" href=\"https:\/\/ecosupplements.be\/fr\/produit\/confort-gastro-intestinal-avec-pepzin-gi-60-gelules\/\" \/>\n<meta property=\"og:locale\" content=\"fr_FR\" \/>\n<meta property=\"og:type\" content=\"article\" \/>\n<meta property=\"og:title\" content=\"Confort gastro-intestinal avec PepZin GI - 60 g\u00e9lules\" \/>\n<meta property=\"og:description\" content=\"Wij hebben een ruime keuze aan producten van Confort gastro-intestinal avec PepZin GI - 60 g\u00e9lules . Winkel bij Eco Supplements altijd gratis verzending boven 100\u20ac\" \/>\n<meta property=\"og:url\" content=\"https:\/\/ecosupplements.be\/fr\/produit\/confort-gastro-intestinal-avec-pepzin-gi-60-gelules\/\" \/>\n<meta property=\"og:site_name\" content=\"ECO Supplements\" \/>\n<meta property=\"article:modified_time\" content=\"2025-08-27T13:48:53+00:00\" \/>\n<meta property=\"og:image\" content=\"https:\/\/ecosupplements.be\/wp-content\/uploads\/2025\/08\/Gastro-Comfort-with-PepZin-GI-60-vcaps.jpg\" \/>\n\t<meta property=\"og:image:width\" content=\"495\" \/>\n\t<meta property=\"og:image:height\" content=\"981\" \/>\n\t<meta property=\"og:image:type\" content=\"image\/jpeg\" \/>\n<meta name=\"twitter:card\" content=\"summary_large_image\" \/>\n<meta name=\"twitter:label1\" content=\"Prix\" \/>\n\t<meta name=\"twitter:data1\" content=\"25.84&nbsp;&euro;\" \/>\n\t<meta name=\"twitter:label2\" content=\"Disponibilit\u00e9\" \/>\n\t<meta name=\"twitter:data2\" content=\"En stock\" \/>\n<script type=\"application\/ld+json\" class=\"yoast-schema-graph\">{\"@context\":\"https:\\\/\\\/schema.org\",\"@graph\":[{\"@type\":[\"WebPage\",\"ItemPage\"],\"@id\":\"https:\\\/\\\/ecosupplements.be\\\/fr\\\/produit\\\/confort-gastro-intestinal-avec-pepzin-gi-60-gelules\\\/\",\"url\":\"https:\\\/\\\/ecosupplements.be\\\/fr\\\/produit\\\/confort-gastro-intestinal-avec-pepzin-gi-60-gelules\\\/\",\"name\":\"Confort gastro-intestinal avec PepZin GI - 60 g\u00e9lules - ECO Supplements\",\"isPartOf\":{\"@id\":\"https:\\\/\\\/ecosupplements.be\\\/fr\\\/#website\"},\"primaryImageOfPage\":{\"@id\":\"https:\\\/\\\/ecosupplements.be\\\/fr\\\/produit\\\/confort-gastro-intestinal-avec-pepzin-gi-60-gelules\\\/#primaryimage\"},\"image\":{\"@id\":\"https:\\\/\\\/ecosupplements.be\\\/fr\\\/produit\\\/confort-gastro-intestinal-avec-pepzin-gi-60-gelules\\\/#primaryimage\"},\"thumbnailUrl\":\"https:\\\/\\\/ecosupplements.be\\\/wp-content\\\/uploads\\\/2025\\\/08\\\/NOW-Foods-Gastro-Comfort-with-PepZin-GI-60-vcaps.jpg\",\"datePublished\":\"2022-06-28T09:23:37+00:00\",\"dateModified\":\"2025-08-27T13:48:53+00:00\",\"description\":\"Wij hebben een ruime keuze aan producten van Confort gastro-intestinal avec PepZin GI - 60 g\u00e9lules . Winkel bij Eco Supplements altijd gratis verzending boven 100\u20ac\",\"breadcrumb\":{\"@id\":\"https:\\\/\\\/ecosupplements.be\\\/fr\\\/produit\\\/confort-gastro-intestinal-avec-pepzin-gi-60-gelules\\\/#breadcrumb\"},\"inLanguage\":\"fr-FR\",\"potentialAction\":[{\"@type\":\"ReadAction\",\"target\":[\"https:\\\/\\\/ecosupplements.be\\\/fr\\\/produit\\\/confort-gastro-intestinal-avec-pepzin-gi-60-gelules\\\/\"]}]},{\"@type\":\"ImageObject\",\"inLanguage\":\"fr-FR\",\"@id\":\"https:\\\/\\\/ecosupplements.be\\\/fr\\\/produit\\\/confort-gastro-intestinal-avec-pepzin-gi-60-gelules\\\/#primaryimage\",\"url\":\"https:\\\/\\\/ecosupplements.be\\\/wp-content\\\/uploads\\\/2025\\\/08\\\/NOW-Foods-Gastro-Comfort-with-PepZin-GI-60-vcaps.jpg\",\"contentUrl\":\"https:\\\/\\\/ecosupplements.be\\\/wp-content\\\/uploads\\\/2025\\\/08\\\/NOW-Foods-Gastro-Comfort-with-PepZin-GI-60-vcaps.jpg\",\"width\":750,\"height\":750},{\"@type\":\"BreadcrumbList\",\"@id\":\"https:\\\/\\\/ecosupplements.be\\\/fr\\\/produit\\\/confort-gastro-intestinal-avec-pepzin-gi-60-gelules\\\/#breadcrumb\",\"itemListElement\":[{\"@type\":\"ListItem\",\"position\":1,\"name\":\"Home\",\"item\":\"https:\\\/\\\/ecosupplements.be\\\/fr\\\/\"},{\"@type\":\"ListItem\",\"position\":2,\"name\":\"Boutique\",\"item\":\"https:\\\/\\\/ecosupplements.be\\\/fr\\\/boutique\\\/\"},{\"@type\":\"ListItem\",\"position\":3,\"name\":\"Confort gastro-intestinal avec PepZin GI &#8211; 60 g\u00e9lules\"}]},{\"@type\":\"WebSite\",\"@id\":\"https:\\\/\\\/ecosupplements.be\\\/fr\\\/#website\",\"url\":\"https:\\\/\\\/ecosupplements.be\\\/fr\\\/\",\"name\":\"ECO Supplements\",\"description\":\"Eco Supplements - Gezonde supplementen\",\"publisher\":{\"@id\":\"https:\\\/\\\/ecosupplements.be\\\/fr\\\/#organization\"},\"potentialAction\":[{\"@type\":\"SearchAction\",\"target\":{\"@type\":\"EntryPoint\",\"urlTemplate\":\"https:\\\/\\\/ecosupplements.be\\\/fr\\\/?s={search_term_string}\"},\"query-input\":{\"@type\":\"PropertyValueSpecification\",\"valueRequired\":true,\"valueName\":\"search_term_string\"}}],\"inLanguage\":\"fr-FR\"},{\"@type\":\"Organization\",\"@id\":\"https:\\\/\\\/ecosupplements.be\\\/fr\\\/#organization\",\"name\":\"Eco Supplements\",\"url\":\"https:\\\/\\\/ecosupplements.be\\\/fr\\\/\",\"logo\":{\"@type\":\"ImageObject\",\"inLanguage\":\"fr-FR\",\"@id\":\"https:\\\/\\\/ecosupplements.be\\\/fr\\\/#\\\/schema\\\/logo\\\/image\\\/\",\"url\":\"https:\\\/\\\/ecosupplements.be\\\/wp-content\\\/uploads\\\/2022\\\/06\\\/ecosupplement-family.png\",\"contentUrl\":\"https:\\\/\\\/ecosupplements.be\\\/wp-content\\\/uploads\\\/2022\\\/06\\\/ecosupplement-family.png\",\"width\":593,\"height\":374,\"caption\":\"Eco Supplements\"},\"image\":{\"@id\":\"https:\\\/\\\/ecosupplements.be\\\/fr\\\/#\\\/schema\\\/logo\\\/image\\\/\"}}]}<\/script>\n<meta property=\"product:brand\" content=\"NOW Foods\" \/>\n<meta property=\"product:price:amount\" content=\"25.84\" \/>\n<meta property=\"product:price:currency\" content=\"EUR\" \/>\n<meta property=\"og:availability\" content=\"instock\" \/>\n<meta property=\"product:availability\" content=\"instock\" \/>\n<meta property=\"product:retailer_item_id\" content=\"733739035202\" \/>\n<meta property=\"product:condition\" content=\"new\" \/>\n<!-- \/ Yoast SEO Premium plugin. -->","yoast_head_json":{"title":"Confort gastro-intestinal avec PepZin GI - 60 g\u00e9lules - ECO Supplements","description":"Wij hebben een ruime keuze aan producten van Confort gastro-intestinal avec PepZin GI - 60 g\u00e9lules . Winkel bij Eco Supplements altijd gratis verzending boven 100\u20ac","robots":{"index":"index","follow":"follow","max-snippet":"max-snippet:-1","max-image-preview":"max-image-preview:large","max-video-preview":"max-video-preview:-1"},"canonical":"https:\/\/ecosupplements.be\/fr\/produit\/confort-gastro-intestinal-avec-pepzin-gi-60-gelules\/","og_locale":"fr_FR","og_type":"article","og_title":"Confort gastro-intestinal avec PepZin GI - 60 g\u00e9lules","og_description":"Wij hebben een ruime keuze aan producten van Confort gastro-intestinal avec PepZin GI - 60 g\u00e9lules . Winkel bij Eco Supplements altijd gratis verzending boven 100\u20ac","og_url":"https:\/\/ecosupplements.be\/fr\/produit\/confort-gastro-intestinal-avec-pepzin-gi-60-gelules\/","og_site_name":"ECO Supplements","article_modified_time":"2025-08-27T13:48:53+00:00","og_image":[{"width":495,"height":981,"url":"https:\/\/ecosupplements.be\/wp-content\/uploads\/2025\/08\/Gastro-Comfort-with-PepZin-GI-60-vcaps.jpg","type":"image\/jpeg"}],"twitter_card":"summary_large_image","twitter_misc":{"Prix":"25.84&nbsp;&euro;","Disponibilit\u00e9":"En stock"},"schema":{"@context":"https:\/\/schema.org","@graph":[{"@type":["WebPage","ItemPage"],"@id":"https:\/\/ecosupplements.be\/fr\/produit\/confort-gastro-intestinal-avec-pepzin-gi-60-gelules\/","url":"https:\/\/ecosupplements.be\/fr\/produit\/confort-gastro-intestinal-avec-pepzin-gi-60-gelules\/","name":"Confort gastro-intestinal avec PepZin GI - 60 g\u00e9lules - ECO Supplements","isPartOf":{"@id":"https:\/\/ecosupplements.be\/fr\/#website"},"primaryImageOfPage":{"@id":"https:\/\/ecosupplements.be\/fr\/produit\/confort-gastro-intestinal-avec-pepzin-gi-60-gelules\/#primaryimage"},"image":{"@id":"https:\/\/ecosupplements.be\/fr\/produit\/confort-gastro-intestinal-avec-pepzin-gi-60-gelules\/#primaryimage"},"thumbnailUrl":"https:\/\/ecosupplements.be\/wp-content\/uploads\/2025\/08\/NOW-Foods-Gastro-Comfort-with-PepZin-GI-60-vcaps.jpg","datePublished":"2022-06-28T09:23:37+00:00","dateModified":"2025-08-27T13:48:53+00:00","description":"Wij hebben een ruime keuze aan producten van Confort gastro-intestinal avec PepZin GI - 60 g\u00e9lules . Winkel bij Eco Supplements altijd gratis verzending boven 100\u20ac","breadcrumb":{"@id":"https:\/\/ecosupplements.be\/fr\/produit\/confort-gastro-intestinal-avec-pepzin-gi-60-gelules\/#breadcrumb"},"inLanguage":"fr-FR","potentialAction":[{"@type":"ReadAction","target":["https:\/\/ecosupplements.be\/fr\/produit\/confort-gastro-intestinal-avec-pepzin-gi-60-gelules\/"]}]},{"@type":"ImageObject","inLanguage":"fr-FR","@id":"https:\/\/ecosupplements.be\/fr\/produit\/confort-gastro-intestinal-avec-pepzin-gi-60-gelules\/#primaryimage","url":"https:\/\/ecosupplements.be\/wp-content\/uploads\/2025\/08\/NOW-Foods-Gastro-Comfort-with-PepZin-GI-60-vcaps.jpg","contentUrl":"https:\/\/ecosupplements.be\/wp-content\/uploads\/2025\/08\/NOW-Foods-Gastro-Comfort-with-PepZin-GI-60-vcaps.jpg","width":750,"height":750},{"@type":"BreadcrumbList","@id":"https:\/\/ecosupplements.be\/fr\/produit\/confort-gastro-intestinal-avec-pepzin-gi-60-gelules\/#breadcrumb","itemListElement":[{"@type":"ListItem","position":1,"name":"Home","item":"https:\/\/ecosupplements.be\/fr\/"},{"@type":"ListItem","position":2,"name":"Boutique","item":"https:\/\/ecosupplements.be\/fr\/boutique\/"},{"@type":"ListItem","position":3,"name":"Confort gastro-intestinal avec PepZin GI &#8211; 60 g\u00e9lules"}]},{"@type":"WebSite","@id":"https:\/\/ecosupplements.be\/fr\/#website","url":"https:\/\/ecosupplements.be\/fr\/","name":"ECO Supplements","description":"Eco Supplements - Gezonde supplementen","publisher":{"@id":"https:\/\/ecosupplements.be\/fr\/#organization"},"potentialAction":[{"@type":"SearchAction","target":{"@type":"EntryPoint","urlTemplate":"https:\/\/ecosupplements.be\/fr\/?s={search_term_string}"},"query-input":{"@type":"PropertyValueSpecification","valueRequired":true,"valueName":"search_term_string"}}],"inLanguage":"fr-FR"},{"@type":"Organization","@id":"https:\/\/ecosupplements.be\/fr\/#organization","name":"Eco Supplements","url":"https:\/\/ecosupplements.be\/fr\/","logo":{"@type":"ImageObject","inLanguage":"fr-FR","@id":"https:\/\/ecosupplements.be\/fr\/#\/schema\/logo\/image\/","url":"https:\/\/ecosupplements.be\/wp-content\/uploads\/2022\/06\/ecosupplement-family.png","contentUrl":"https:\/\/ecosupplements.be\/wp-content\/uploads\/2022\/06\/ecosupplement-family.png","width":593,"height":374,"caption":"Eco Supplements"},"image":{"@id":"https:\/\/ecosupplements.be\/fr\/#\/schema\/logo\/image\/"}}]},"product_brand":"NOW Foods","product_price_amount":"25.84","product_price_currency":"EUR","og_availability":"instock","product_availability":"instock","product_retailer_item_id":"733739035202","product_condition":"new"},"_links":{"self":[{"href":"https:\/\/ecosupplements.be\/fr\/wp-json\/wp\/v2\/product\/288931","targetHints":{"allow":["GET"]}}],"collection":[{"href":"https:\/\/ecosupplements.be\/fr\/wp-json\/wp\/v2\/product"}],"about":[{"href":"https:\/\/ecosupplements.be\/fr\/wp-json\/wp\/v2\/types\/product"}],"replies":[{"embeddable":true,"href":"https:\/\/ecosupplements.be\/fr\/wp-json\/wp\/v2\/comments?post=288931"}],"wp:featuredmedia":[{"embeddable":true,"href":"https:\/\/ecosupplements.be\/fr\/wp-json\/wp\/v2\/media\/250692"}],"wp:attachment":[{"href":"https:\/\/ecosupplements.be\/fr\/wp-json\/wp\/v2\/media?parent=288931"}],"wp:term":[{"taxonomy":"product_brand","embeddable":true,"href":"https:\/\/ecosupplements.be\/fr\/wp-json\/wp\/v2\/product_brand?post=288931"},{"taxonomy":"product_cat","embeddable":true,"href":"https:\/\/ecosupplements.be\/fr\/wp-json\/wp\/v2\/product_cat?post=288931"},{"taxonomy":"product_tag","embeddable":true,"href":"https:\/\/ecosupplements.be\/fr\/wp-json\/wp\/v2\/product_tag?post=288931"}],"curies":[{"name":"wp","href":"https:\/\/api.w.org\/{rel}","templated":true}]}}