{"id":288937,"date":"2022-06-28T10:23:37","date_gmt":"2022-06-28T09:23:37","guid":{"rendered":"https:\/\/ecosupplements.be\/product\/racine-de-gingembre-550mg-100-gelules\/"},"modified":"2025-08-27T14:49:02","modified_gmt":"2025-08-27T13:49:02","slug":"racine-de-gingembre-550mg-100-gelules","status":"publish","type":"product","link":"https:\/\/ecosupplements.be\/fr\/produit\/racine-de-gingembre-550mg-100-gelules\/","title":{"rendered":"Racine de gingembre, 550mg &#8211; 100 g\u00e9lules"},"content":{"rendered":"<h1>Description du produit:<\/h1>\n<p>Le Ginger Root de NOW Foods est\u2062 un compl\u00e9ment alimentaire \u00e0 base de racine de gingembre, une plante reconnue pour ses nombreuses propri\u00e9t\u00e9s b\u00e9n\u00e9fiques pour la sant\u00e9. Chaque g\u00e9lule contient 550mg de racine de gingembre, ce qui en fait un produit hautement concentr\u00e9 et efficace.<\/p>\n<h2>Ingr\u00e9dients:<\/h2>\n<ul>\n<li>Racine de\u2063 gingembre (Zingiber officinale) &#8211; 550mg<\/li>\n<li>G\u00e9lule v\u00e9g\u00e9tale (hypromellose)<\/li>\n<li>St\u00e9arate \u2062de magn\u00e9sium (source v\u00e9g\u00e9tale)<\/li>\n<li>Silice<\/li>\n<\/ul>\n<p>Ce produit ne contient pas de bl\u00e9, de gluten, de soja, de lait,\u2062 d&#8217;oeuf, de poisson, de crustac\u00e9s ou de\u2064 fruits \u00e0 coque. \u200bIl convient donc aux personnes suivant un r\u00e9gime alimentaire sp\u00e9cifique.<\/p>\n<h2>Avantages uniques:<\/h2>\n<p>Le Ginger \u2063Root de NOW Foods est un produit \u2063de qualit\u00e9 sup\u00e9rieure, fabriqu\u00e9 \u2062aux \u00c9tats-Unis\u200c selon \u2062les\u2064 normes les plus strictes\u2062 de l&#8217;industrie. La racine de gingembre utilis\u00e9e est soigneusement s\u00e9lectionn\u00e9e pour sa\u200b puret\u00e9 et sa puissance, afin\u2064 de garantir les meilleurs r\u00e9sultats pour la sant\u00e9.<\/p>\n<p>Le gingembre est une plante \u2063utilis\u00e9e depuis des si\u00e8cles dans la m\u00e9decine traditionnelle pour ses \u2063propri\u00e9t\u00e9s anti-inflammatoires, antioxydantes et digestives.\u2064 Il peut \u00e9galement aider \u00e0 soulager les\u2064 naus\u00e9es, les maux d&#8217;estomac et les douleurs\u200d articulaires.<\/p>\n<h2>Caract\u00e9ristiques principales:<\/h2>\n<ul>\n<li>Compl\u00e9ment alimentaire \u00e0\u200c base de racine \u2064de gingembre hautement concentr\u00e9<\/li>\n<li>Chaque g\u00e9lule contient 550mg de racine de gingembre<\/li>\n<li>Fabriqu\u00e9 aux \u2063\u00c9tats-Unis selon les normes de qualit\u00e9 les plus strictes<\/li>\n<li>Peut aider \u00e0 soulager les \u2062naus\u00e9es, les maux d&#8217;estomac et les douleurs articulaires<\/li>\n<li>Convient aux personnes suivant un r\u00e9gime alimentaire sp\u00e9cifique<\/li>\n<\/ul>\n<p>En r\u00e9sum\u00e9, le Ginger Root de NOW Foods est un compl\u00e9ment alimentaire de qualit\u00e9 sup\u00e9rieure, hautement concentr\u00e9 en \u200cracine de gingembre pour offrir les meilleurs bienfaits pour la sant\u00e9. Essayez-le\u200d d\u00e8s aujourd&#8217;hui \u200bet profitez des nombreux \u200bavantages de cette plante\u200d puissante et polyvalente.<\/p>\n","protected":false},"excerpt":{"rendered":"<p>Description du produit: Le Ginger Root de NOW Foods est\u2062 un compl\u00e9ment alimentaire \u00e0 base de racine de gingembre, une plante reconnue pour ses nombreuses propri\u00e9t\u00e9s b\u00e9n\u00e9fiques pour la sant\u00e9. Chaque g\u00e9lule contient 550mg de racine de gingembre, ce qui en fait un produit hautement concentr\u00e9 et efficace. Ingr\u00e9dients: Racine de\u2063 gingembre (Zingiber officinale) &#8211; [&#8230;]\n","protected":false},"featured_media":250699,"comment_status":"open","ping_status":"open","template":"","meta":[],"product_brand":[4733,4734],"product_cat":[5054,5055,5052,5053],"product_tag":[],"class_list":{"0":"post-288937","1":"product","2":"type-product","3":"status-publish","4":"has-post-thumbnail","6":"product_brand-now-foods-2","7":"product_brand-nownow-foods-2","8":"product_cat-nourriture-saine","9":"product_cat-produits-vegetaliens","10":"product_cat-sante-et-bien-etre","11":"product_cat-vitamines-et-mineraux","13":"first","14":"instock","15":"taxable","16":"shipping-taxable","17":"purchasable","18":"product-type-simple"},"yoast_head":"<!-- This site is optimized with the Yoast SEO Premium plugin v27.3 (Yoast SEO v27.3) - https:\/\/yoast.com\/product\/yoast-seo-premium-wordpress\/ -->\n<title>Racine de gingembre, 550mg - 100 g\u00e9lules - ECO Supplements<\/title>\n<meta name=\"description\" content=\"Wij hebben een ruime keuze aan producten van Racine de gingembre, 550mg - 100 g\u00e9lules . Winkel bij Eco Supplements altijd gratis verzending boven 100\u20ac\" \/>\n<meta name=\"robots\" content=\"index, follow, max-snippet:-1, max-image-preview:large, max-video-preview:-1\" \/>\n<link rel=\"canonical\" href=\"https:\/\/ecosupplements.be\/fr\/produit\/racine-de-gingembre-550mg-100-gelules\/\" \/>\n<meta property=\"og:locale\" content=\"fr_FR\" \/>\n<meta property=\"og:type\" content=\"article\" \/>\n<meta property=\"og:title\" content=\"Racine de gingembre, 550mg - 100 g\u00e9lules\" \/>\n<meta property=\"og:description\" content=\"Wij hebben een ruime keuze aan producten van Racine de gingembre, 550mg - 100 g\u00e9lules . Winkel bij Eco Supplements altijd gratis verzending boven 100\u20ac\" \/>\n<meta property=\"og:url\" content=\"https:\/\/ecosupplements.be\/fr\/produit\/racine-de-gingembre-550mg-100-gelules\/\" \/>\n<meta property=\"og:site_name\" content=\"ECO Supplements\" \/>\n<meta property=\"article:modified_time\" content=\"2025-08-27T13:49:02+00:00\" \/>\n<meta property=\"og:image\" content=\"https:\/\/ecosupplements.be\/wp-content\/uploads\/2025\/08\/Ginger-Root-550mg-100-vcaps.jpg\" \/>\n\t<meta property=\"og:image:width\" content=\"470\" \/>\n\t<meta property=\"og:image:height\" content=\"880\" \/>\n\t<meta property=\"og:image:type\" content=\"image\/jpeg\" \/>\n<meta name=\"twitter:card\" content=\"summary_large_image\" \/>\n<meta name=\"twitter:label1\" content=\"Prix\" \/>\n\t<meta name=\"twitter:data1\" content=\"11.21&nbsp;&euro;\" \/>\n\t<meta name=\"twitter:label2\" content=\"Disponibilit\u00e9\" \/>\n\t<meta name=\"twitter:data2\" content=\"En stock\" \/>\n<script type=\"application\/ld+json\" class=\"yoast-schema-graph\">{\"@context\":\"https:\\\/\\\/schema.org\",\"@graph\":[{\"@type\":[\"WebPage\",\"ItemPage\"],\"@id\":\"https:\\\/\\\/ecosupplements.be\\\/fr\\\/produit\\\/racine-de-gingembre-550mg-100-gelules\\\/\",\"url\":\"https:\\\/\\\/ecosupplements.be\\\/fr\\\/produit\\\/racine-de-gingembre-550mg-100-gelules\\\/\",\"name\":\"Racine de gingembre, 550mg - 100 g\u00e9lules - ECO Supplements\",\"isPartOf\":{\"@id\":\"https:\\\/\\\/ecosupplements.be\\\/fr\\\/#website\"},\"primaryImageOfPage\":{\"@id\":\"https:\\\/\\\/ecosupplements.be\\\/fr\\\/produit\\\/racine-de-gingembre-550mg-100-gelules\\\/#primaryimage\"},\"image\":{\"@id\":\"https:\\\/\\\/ecosupplements.be\\\/fr\\\/produit\\\/racine-de-gingembre-550mg-100-gelules\\\/#primaryimage\"},\"thumbnailUrl\":\"https:\\\/\\\/ecosupplements.be\\\/wp-content\\\/uploads\\\/2025\\\/08\\\/NOW-Foods-Ginger-Root-100-vcaps.jpg\",\"datePublished\":\"2022-06-28T09:23:37+00:00\",\"dateModified\":\"2025-08-27T13:49:02+00:00\",\"description\":\"Wij hebben een ruime keuze aan producten van Racine de gingembre, 550mg - 100 g\u00e9lules . Winkel bij Eco Supplements altijd gratis verzending boven 100\u20ac\",\"breadcrumb\":{\"@id\":\"https:\\\/\\\/ecosupplements.be\\\/fr\\\/produit\\\/racine-de-gingembre-550mg-100-gelules\\\/#breadcrumb\"},\"inLanguage\":\"fr-FR\",\"potentialAction\":[{\"@type\":\"ReadAction\",\"target\":[\"https:\\\/\\\/ecosupplements.be\\\/fr\\\/produit\\\/racine-de-gingembre-550mg-100-gelules\\\/\"]}]},{\"@type\":\"ImageObject\",\"inLanguage\":\"fr-FR\",\"@id\":\"https:\\\/\\\/ecosupplements.be\\\/fr\\\/produit\\\/racine-de-gingembre-550mg-100-gelules\\\/#primaryimage\",\"url\":\"https:\\\/\\\/ecosupplements.be\\\/wp-content\\\/uploads\\\/2025\\\/08\\\/NOW-Foods-Ginger-Root-100-vcaps.jpg\",\"contentUrl\":\"https:\\\/\\\/ecosupplements.be\\\/wp-content\\\/uploads\\\/2025\\\/08\\\/NOW-Foods-Ginger-Root-100-vcaps.jpg\",\"width\":750,\"height\":750},{\"@type\":\"BreadcrumbList\",\"@id\":\"https:\\\/\\\/ecosupplements.be\\\/fr\\\/produit\\\/racine-de-gingembre-550mg-100-gelules\\\/#breadcrumb\",\"itemListElement\":[{\"@type\":\"ListItem\",\"position\":1,\"name\":\"Home\",\"item\":\"https:\\\/\\\/ecosupplements.be\\\/fr\\\/\"},{\"@type\":\"ListItem\",\"position\":2,\"name\":\"Boutique\",\"item\":\"https:\\\/\\\/ecosupplements.be\\\/fr\\\/boutique\\\/\"},{\"@type\":\"ListItem\",\"position\":3,\"name\":\"Racine de gingembre, 550mg &#8211; 100 g\u00e9lules\"}]},{\"@type\":\"WebSite\",\"@id\":\"https:\\\/\\\/ecosupplements.be\\\/fr\\\/#website\",\"url\":\"https:\\\/\\\/ecosupplements.be\\\/fr\\\/\",\"name\":\"ECO Supplements\",\"description\":\"Eco Supplements - Gezonde supplementen\",\"publisher\":{\"@id\":\"https:\\\/\\\/ecosupplements.be\\\/fr\\\/#organization\"},\"potentialAction\":[{\"@type\":\"SearchAction\",\"target\":{\"@type\":\"EntryPoint\",\"urlTemplate\":\"https:\\\/\\\/ecosupplements.be\\\/fr\\\/?s={search_term_string}\"},\"query-input\":{\"@type\":\"PropertyValueSpecification\",\"valueRequired\":true,\"valueName\":\"search_term_string\"}}],\"inLanguage\":\"fr-FR\"},{\"@type\":\"Organization\",\"@id\":\"https:\\\/\\\/ecosupplements.be\\\/fr\\\/#organization\",\"name\":\"Eco Supplements\",\"url\":\"https:\\\/\\\/ecosupplements.be\\\/fr\\\/\",\"logo\":{\"@type\":\"ImageObject\",\"inLanguage\":\"fr-FR\",\"@id\":\"https:\\\/\\\/ecosupplements.be\\\/fr\\\/#\\\/schema\\\/logo\\\/image\\\/\",\"url\":\"https:\\\/\\\/ecosupplements.be\\\/wp-content\\\/uploads\\\/2022\\\/06\\\/ecosupplement-family.png\",\"contentUrl\":\"https:\\\/\\\/ecosupplements.be\\\/wp-content\\\/uploads\\\/2022\\\/06\\\/ecosupplement-family.png\",\"width\":593,\"height\":374,\"caption\":\"Eco Supplements\"},\"image\":{\"@id\":\"https:\\\/\\\/ecosupplements.be\\\/fr\\\/#\\\/schema\\\/logo\\\/image\\\/\"}}]}<\/script>\n<meta property=\"product:brand\" content=\"NOW Foods\" \/>\n<meta property=\"product:price:amount\" content=\"11.21\" \/>\n<meta property=\"product:price:currency\" content=\"EUR\" \/>\n<meta property=\"og:availability\" content=\"instock\" \/>\n<meta property=\"product:availability\" content=\"instock\" \/>\n<meta property=\"product:retailer_item_id\" content=\"733739046802\" \/>\n<meta property=\"product:condition\" content=\"new\" \/>\n<!-- \/ Yoast SEO Premium plugin. -->","yoast_head_json":{"title":"Racine de gingembre, 550mg - 100 g\u00e9lules - ECO Supplements","description":"Wij hebben een ruime keuze aan producten van Racine de gingembre, 550mg - 100 g\u00e9lules . Winkel bij Eco Supplements altijd gratis verzending boven 100\u20ac","robots":{"index":"index","follow":"follow","max-snippet":"max-snippet:-1","max-image-preview":"max-image-preview:large","max-video-preview":"max-video-preview:-1"},"canonical":"https:\/\/ecosupplements.be\/fr\/produit\/racine-de-gingembre-550mg-100-gelules\/","og_locale":"fr_FR","og_type":"article","og_title":"Racine de gingembre, 550mg - 100 g\u00e9lules","og_description":"Wij hebben een ruime keuze aan producten van Racine de gingembre, 550mg - 100 g\u00e9lules . Winkel bij Eco Supplements altijd gratis verzending boven 100\u20ac","og_url":"https:\/\/ecosupplements.be\/fr\/produit\/racine-de-gingembre-550mg-100-gelules\/","og_site_name":"ECO Supplements","article_modified_time":"2025-08-27T13:49:02+00:00","og_image":[{"width":470,"height":880,"url":"https:\/\/ecosupplements.be\/wp-content\/uploads\/2025\/08\/Ginger-Root-550mg-100-vcaps.jpg","type":"image\/jpeg"}],"twitter_card":"summary_large_image","twitter_misc":{"Prix":"11.21&nbsp;&euro;","Disponibilit\u00e9":"En stock"},"schema":{"@context":"https:\/\/schema.org","@graph":[{"@type":["WebPage","ItemPage"],"@id":"https:\/\/ecosupplements.be\/fr\/produit\/racine-de-gingembre-550mg-100-gelules\/","url":"https:\/\/ecosupplements.be\/fr\/produit\/racine-de-gingembre-550mg-100-gelules\/","name":"Racine de gingembre, 550mg - 100 g\u00e9lules - ECO Supplements","isPartOf":{"@id":"https:\/\/ecosupplements.be\/fr\/#website"},"primaryImageOfPage":{"@id":"https:\/\/ecosupplements.be\/fr\/produit\/racine-de-gingembre-550mg-100-gelules\/#primaryimage"},"image":{"@id":"https:\/\/ecosupplements.be\/fr\/produit\/racine-de-gingembre-550mg-100-gelules\/#primaryimage"},"thumbnailUrl":"https:\/\/ecosupplements.be\/wp-content\/uploads\/2025\/08\/NOW-Foods-Ginger-Root-100-vcaps.jpg","datePublished":"2022-06-28T09:23:37+00:00","dateModified":"2025-08-27T13:49:02+00:00","description":"Wij hebben een ruime keuze aan producten van Racine de gingembre, 550mg - 100 g\u00e9lules . Winkel bij Eco Supplements altijd gratis verzending boven 100\u20ac","breadcrumb":{"@id":"https:\/\/ecosupplements.be\/fr\/produit\/racine-de-gingembre-550mg-100-gelules\/#breadcrumb"},"inLanguage":"fr-FR","potentialAction":[{"@type":"ReadAction","target":["https:\/\/ecosupplements.be\/fr\/produit\/racine-de-gingembre-550mg-100-gelules\/"]}]},{"@type":"ImageObject","inLanguage":"fr-FR","@id":"https:\/\/ecosupplements.be\/fr\/produit\/racine-de-gingembre-550mg-100-gelules\/#primaryimage","url":"https:\/\/ecosupplements.be\/wp-content\/uploads\/2025\/08\/NOW-Foods-Ginger-Root-100-vcaps.jpg","contentUrl":"https:\/\/ecosupplements.be\/wp-content\/uploads\/2025\/08\/NOW-Foods-Ginger-Root-100-vcaps.jpg","width":750,"height":750},{"@type":"BreadcrumbList","@id":"https:\/\/ecosupplements.be\/fr\/produit\/racine-de-gingembre-550mg-100-gelules\/#breadcrumb","itemListElement":[{"@type":"ListItem","position":1,"name":"Home","item":"https:\/\/ecosupplements.be\/fr\/"},{"@type":"ListItem","position":2,"name":"Boutique","item":"https:\/\/ecosupplements.be\/fr\/boutique\/"},{"@type":"ListItem","position":3,"name":"Racine de gingembre, 550mg &#8211; 100 g\u00e9lules"}]},{"@type":"WebSite","@id":"https:\/\/ecosupplements.be\/fr\/#website","url":"https:\/\/ecosupplements.be\/fr\/","name":"ECO Supplements","description":"Eco Supplements - Gezonde supplementen","publisher":{"@id":"https:\/\/ecosupplements.be\/fr\/#organization"},"potentialAction":[{"@type":"SearchAction","target":{"@type":"EntryPoint","urlTemplate":"https:\/\/ecosupplements.be\/fr\/?s={search_term_string}"},"query-input":{"@type":"PropertyValueSpecification","valueRequired":true,"valueName":"search_term_string"}}],"inLanguage":"fr-FR"},{"@type":"Organization","@id":"https:\/\/ecosupplements.be\/fr\/#organization","name":"Eco Supplements","url":"https:\/\/ecosupplements.be\/fr\/","logo":{"@type":"ImageObject","inLanguage":"fr-FR","@id":"https:\/\/ecosupplements.be\/fr\/#\/schema\/logo\/image\/","url":"https:\/\/ecosupplements.be\/wp-content\/uploads\/2022\/06\/ecosupplement-family.png","contentUrl":"https:\/\/ecosupplements.be\/wp-content\/uploads\/2022\/06\/ecosupplement-family.png","width":593,"height":374,"caption":"Eco Supplements"},"image":{"@id":"https:\/\/ecosupplements.be\/fr\/#\/schema\/logo\/image\/"}}]},"product_brand":"NOW Foods","product_price_amount":"11.21","product_price_currency":"EUR","og_availability":"instock","product_availability":"instock","product_retailer_item_id":"733739046802","product_condition":"new"},"_links":{"self":[{"href":"https:\/\/ecosupplements.be\/fr\/wp-json\/wp\/v2\/product\/288937","targetHints":{"allow":["GET"]}}],"collection":[{"href":"https:\/\/ecosupplements.be\/fr\/wp-json\/wp\/v2\/product"}],"about":[{"href":"https:\/\/ecosupplements.be\/fr\/wp-json\/wp\/v2\/types\/product"}],"replies":[{"embeddable":true,"href":"https:\/\/ecosupplements.be\/fr\/wp-json\/wp\/v2\/comments?post=288937"}],"wp:featuredmedia":[{"embeddable":true,"href":"https:\/\/ecosupplements.be\/fr\/wp-json\/wp\/v2\/media\/250699"}],"wp:attachment":[{"href":"https:\/\/ecosupplements.be\/fr\/wp-json\/wp\/v2\/media?parent=288937"}],"wp:term":[{"taxonomy":"product_brand","embeddable":true,"href":"https:\/\/ecosupplements.be\/fr\/wp-json\/wp\/v2\/product_brand?post=288937"},{"taxonomy":"product_cat","embeddable":true,"href":"https:\/\/ecosupplements.be\/fr\/wp-json\/wp\/v2\/product_cat?post=288937"},{"taxonomy":"product_tag","embeddable":true,"href":"https:\/\/ecosupplements.be\/fr\/wp-json\/wp\/v2\/product_tag?post=288937"}],"curies":[{"name":"wp","href":"https:\/\/api.w.org\/{rel}","templated":true}]}}