{"id":288940,"date":"2022-06-28T10:23:37","date_gmt":"2022-06-28T09:23:37","guid":{"rendered":"https:\/\/ecosupplements.be\/product\/glucomannane-a-partir-de-racine-de-konjac-575mg-180-capsules\/"},"modified":"2025-08-27T14:49:05","modified_gmt":"2025-08-27T13:49:05","slug":"glucomannane-a-partir-de-racine-de-konjac-575mg-180-capsules","status":"publish","type":"product","link":"https:\/\/ecosupplements.be\/fr\/produit\/glucomannane-a-partir-de-racine-de-konjac-575mg-180-capsules\/","title":{"rendered":"Glucomannane \u00e0 partir de racine de Konjac, 575mg &#8211; 180 capsules"},"content":{"rendered":"<h1>Glucomannan from \u2064Konjac Root, 575mg\u200d &#8211; 180 caps<\/h1>\n<p>Le Glucomannan from Konjac Root de NOW \u2062Foods\u2062 est un\u200c compl\u00e9ment \u2064alimentaire naturel qui aide \u00e0 maintenir un poids sant\u00e9 et \u00e0 favoriser une digestion saine. Chaque capsule contient\u2063 575mg\u200b de glucomannane, une \u200cfibre soluble d\u00e9riv\u00e9e de la racine \u2063de konjac, une plante originaire d&#8217;Asie.<\/p>\n<h2>Caract\u00e9ristiques\u2062 sp\u00e9ciales:<\/h2>\n<ul>\n<li>Contient 575mg de\u200d glucomannane par capsule<\/li>\n<li>Fibre\u200b soluble d\u00e9riv\u00e9e de \u200dla racine de konjac<\/li>\n<li>Compl\u00e9ment alimentaire naturel<\/li>\n<li>Aide \u00e0 maintenir un poids sant\u00e9<\/li>\n<li>Favorise une digestion \u200dsaine<\/li>\n<\/ul>\n<h2>Ingr\u00e9dients:<\/h2>\n<p>Chaque capsule contient 575mg de \u2063glucomannane, ainsi que des ingr\u00e9dients inactifs tels que la cellulose (capsule),\u200b la farine de \u2063riz et \u200ble st\u00e9arate de magn\u00e9sium (source v\u00e9g\u00e9tale).<\/p>\n<h2>Avantages uniques:<\/h2>\n<p>Le glucomannane est une fibre soluble qui peut absorber jusqu&#8217;\u00e0 50 fois \u200cson poids en eau, formant un gel visqueux dans l&#8217;estomac.\u2064 Cela peut aider \u00e0 r\u00e9duire l&#8217;app\u00e9tit et \u00e0 augmenter la sensation de sati\u00e9t\u00e9, ce \u2063qui peut \u00eatre b\u00e9n\u00e9fique pour ceux qui cherchent\u200c \u00e0 perdre du\u200b poids. De plus, le\u2062 glucomannane peut \u00e9galement aider\u2064 \u00e0 r\u00e9guler la glyc\u00e9mie et \u00e0 favoriser une\u200c digestion saine en nourrissant\u2064 les bonnes \u2062bact\u00e9ries de l&#8217;intestin.<\/p>\n<h2>Conseils d&#8217;utilisation:<\/h2>\n<p>Prenez 3\u2063 capsules, \u200cde \u2064pr\u00e9f\u00e9rence \u200b30\u200c minutes avant \u2063un repas avec un grand verre d&#8217;eau. Il est important\u200c de boire suffisamment d&#8217;eau \u200dtout au \u2063long de la journ\u00e9e lors de la prise de\u2063 ce \u200bcompl\u00e9ment alimentaire.<\/p>\n<p>Le Glucomannan from Konjac Root\u200d de NOW Foods est un compl\u00e9ment\u2063 alimentaire s\u00fbr et efficace pour\u200d ceux qui \u2063cherchent\u2063 \u00e0 maintenir un poids sant\u00e9 et \u00e0 favoriser une digestion saine. Essayez-le d\u00e8s aujourd&#8217;hui et d\u00e9couvrez les bienfaits de cette fibre naturelle pour votre sant\u00e9 et votre bien-\u00eatre.<\/p>\n","protected":false},"excerpt":{"rendered":"<p>Glucomannan from \u2064Konjac Root, 575mg\u200d &#8211; 180 caps Le Glucomannan from Konjac Root de NOW \u2062Foods\u2062 est un\u200c compl\u00e9ment \u2064alimentaire naturel qui aide \u00e0 maintenir un poids sant\u00e9 et \u00e0 favoriser une digestion saine. Chaque capsule contient\u2063 575mg\u200b de glucomannane, une \u200cfibre soluble d\u00e9riv\u00e9e de la racine \u2063de konjac, une plante originaire d&#8217;Asie. Caract\u00e9ristiques\u2062 sp\u00e9ciales: [&#8230;]\n","protected":false},"featured_media":250737,"comment_status":"open","ping_status":"open","template":"","meta":[],"product_brand":[4733,4734],"product_cat":[5051,5052,5053],"product_tag":[],"class_list":{"0":"post-288940","1":"product","2":"type-product","3":"status-publish","4":"has-post-thumbnail","6":"product_brand-now-foods-2","7":"product_brand-nownow-foods-2","8":"product_cat-minceur-et-gestion-du-poids","9":"product_cat-sante-et-bien-etre","10":"product_cat-vitamines-et-mineraux","12":"first","13":"instock","14":"taxable","15":"shipping-taxable","16":"purchasable","17":"product-type-simple"},"yoast_head":"<!-- This site is optimized with the Yoast SEO Premium plugin v27.3 (Yoast SEO v27.3) - https:\/\/yoast.com\/product\/yoast-seo-premium-wordpress\/ -->\n<title>Glucomannane \u00e0 partir de racine de Konjac, 575mg - 180 capsules - ECO Supplements<\/title>\n<meta name=\"description\" content=\"Wij hebben een ruime keuze aan producten van Glucomannane \u00e0 partir de racine de Konjac, 575mg - 180 capsules . Winkel bij Eco Supplements altijd gratis verzending boven 100\u20ac\" \/>\n<meta name=\"robots\" content=\"index, follow, max-snippet:-1, max-image-preview:large, max-video-preview:-1\" \/>\n<link rel=\"canonical\" href=\"https:\/\/ecosupplements.be\/fr\/produit\/glucomannane-a-partir-de-racine-de-konjac-575mg-180-capsules\/\" \/>\n<meta property=\"og:locale\" content=\"fr_FR\" \/>\n<meta property=\"og:type\" content=\"article\" \/>\n<meta property=\"og:title\" content=\"Glucomannane \u00e0 partir de racine de Konjac, 575mg - 180 capsules\" \/>\n<meta property=\"og:description\" content=\"Wij hebben een ruime keuze aan producten van Glucomannane \u00e0 partir de racine de Konjac, 575mg - 180 capsules . Winkel bij Eco Supplements altijd gratis verzending boven 100\u20ac\" \/>\n<meta property=\"og:url\" content=\"https:\/\/ecosupplements.be\/fr\/produit\/glucomannane-a-partir-de-racine-de-konjac-575mg-180-capsules\/\" \/>\n<meta property=\"og:site_name\" content=\"ECO Supplements\" \/>\n<meta property=\"article:modified_time\" content=\"2025-08-27T13:49:05+00:00\" \/>\n<meta property=\"og:image\" content=\"https:\/\/ecosupplements.be\/wp-content\/uploads\/2025\/08\/Glucomannan-from-Konjac-Root-575mg-180-caps.jpg\" \/>\n\t<meta property=\"og:image:width\" content=\"500\" \/>\n\t<meta property=\"og:image:height\" content=\"880\" \/>\n\t<meta property=\"og:image:type\" content=\"image\/jpeg\" \/>\n<meta name=\"twitter:card\" content=\"summary_large_image\" \/>\n<meta name=\"twitter:label1\" content=\"Prix\" \/>\n\t<meta name=\"twitter:data1\" content=\"21.62&nbsp;&euro;\" \/>\n\t<meta name=\"twitter:label2\" content=\"Disponibilit\u00e9\" \/>\n\t<meta name=\"twitter:data2\" content=\"En stock\" \/>\n<script type=\"application\/ld+json\" class=\"yoast-schema-graph\">{\"@context\":\"https:\\\/\\\/schema.org\",\"@graph\":[{\"@type\":[\"WebPage\",\"ItemPage\"],\"@id\":\"https:\\\/\\\/ecosupplements.be\\\/fr\\\/produit\\\/glucomannane-a-partir-de-racine-de-konjac-575mg-180-capsules\\\/\",\"url\":\"https:\\\/\\\/ecosupplements.be\\\/fr\\\/produit\\\/glucomannane-a-partir-de-racine-de-konjac-575mg-180-capsules\\\/\",\"name\":\"Glucomannane \u00e0 partir de racine de Konjac, 575mg - 180 capsules - ECO Supplements\",\"isPartOf\":{\"@id\":\"https:\\\/\\\/ecosupplements.be\\\/fr\\\/#website\"},\"primaryImageOfPage\":{\"@id\":\"https:\\\/\\\/ecosupplements.be\\\/fr\\\/produit\\\/glucomannane-a-partir-de-racine-de-konjac-575mg-180-capsules\\\/#primaryimage\"},\"image\":{\"@id\":\"https:\\\/\\\/ecosupplements.be\\\/fr\\\/produit\\\/glucomannane-a-partir-de-racine-de-konjac-575mg-180-capsules\\\/#primaryimage\"},\"thumbnailUrl\":\"https:\\\/\\\/ecosupplements.be\\\/wp-content\\\/uploads\\\/2025\\\/08\\\/NOW-Foods-Glucomannan-from-Konjac-Root-575mg-180-caps.jpg\",\"datePublished\":\"2022-06-28T09:23:37+00:00\",\"dateModified\":\"2025-08-27T13:49:05+00:00\",\"description\":\"Wij hebben een ruime keuze aan producten van Glucomannane \u00e0 partir de racine de Konjac, 575mg - 180 capsules . Winkel bij Eco Supplements altijd gratis verzending boven 100\u20ac\",\"breadcrumb\":{\"@id\":\"https:\\\/\\\/ecosupplements.be\\\/fr\\\/produit\\\/glucomannane-a-partir-de-racine-de-konjac-575mg-180-capsules\\\/#breadcrumb\"},\"inLanguage\":\"fr-FR\",\"potentialAction\":[{\"@type\":\"ReadAction\",\"target\":[\"https:\\\/\\\/ecosupplements.be\\\/fr\\\/produit\\\/glucomannane-a-partir-de-racine-de-konjac-575mg-180-capsules\\\/\"]}]},{\"@type\":\"ImageObject\",\"inLanguage\":\"fr-FR\",\"@id\":\"https:\\\/\\\/ecosupplements.be\\\/fr\\\/produit\\\/glucomannane-a-partir-de-racine-de-konjac-575mg-180-capsules\\\/#primaryimage\",\"url\":\"https:\\\/\\\/ecosupplements.be\\\/wp-content\\\/uploads\\\/2025\\\/08\\\/NOW-Foods-Glucomannan-from-Konjac-Root-575mg-180-caps.jpg\",\"contentUrl\":\"https:\\\/\\\/ecosupplements.be\\\/wp-content\\\/uploads\\\/2025\\\/08\\\/NOW-Foods-Glucomannan-from-Konjac-Root-575mg-180-caps.jpg\",\"width\":750,\"height\":750},{\"@type\":\"BreadcrumbList\",\"@id\":\"https:\\\/\\\/ecosupplements.be\\\/fr\\\/produit\\\/glucomannane-a-partir-de-racine-de-konjac-575mg-180-capsules\\\/#breadcrumb\",\"itemListElement\":[{\"@type\":\"ListItem\",\"position\":1,\"name\":\"Home\",\"item\":\"https:\\\/\\\/ecosupplements.be\\\/fr\\\/\"},{\"@type\":\"ListItem\",\"position\":2,\"name\":\"Boutique\",\"item\":\"https:\\\/\\\/ecosupplements.be\\\/fr\\\/boutique\\\/\"},{\"@type\":\"ListItem\",\"position\":3,\"name\":\"Glucomannane \u00e0 partir de racine de Konjac, 575mg &#8211; 180 capsules\"}]},{\"@type\":\"WebSite\",\"@id\":\"https:\\\/\\\/ecosupplements.be\\\/fr\\\/#website\",\"url\":\"https:\\\/\\\/ecosupplements.be\\\/fr\\\/\",\"name\":\"ECO Supplements\",\"description\":\"Eco Supplements - Gezonde supplementen\",\"publisher\":{\"@id\":\"https:\\\/\\\/ecosupplements.be\\\/fr\\\/#organization\"},\"potentialAction\":[{\"@type\":\"SearchAction\",\"target\":{\"@type\":\"EntryPoint\",\"urlTemplate\":\"https:\\\/\\\/ecosupplements.be\\\/fr\\\/?s={search_term_string}\"},\"query-input\":{\"@type\":\"PropertyValueSpecification\",\"valueRequired\":true,\"valueName\":\"search_term_string\"}}],\"inLanguage\":\"fr-FR\"},{\"@type\":\"Organization\",\"@id\":\"https:\\\/\\\/ecosupplements.be\\\/fr\\\/#organization\",\"name\":\"Eco Supplements\",\"url\":\"https:\\\/\\\/ecosupplements.be\\\/fr\\\/\",\"logo\":{\"@type\":\"ImageObject\",\"inLanguage\":\"fr-FR\",\"@id\":\"https:\\\/\\\/ecosupplements.be\\\/fr\\\/#\\\/schema\\\/logo\\\/image\\\/\",\"url\":\"https:\\\/\\\/ecosupplements.be\\\/wp-content\\\/uploads\\\/2022\\\/06\\\/ecosupplement-family.png\",\"contentUrl\":\"https:\\\/\\\/ecosupplements.be\\\/wp-content\\\/uploads\\\/2022\\\/06\\\/ecosupplement-family.png\",\"width\":593,\"height\":374,\"caption\":\"Eco Supplements\"},\"image\":{\"@id\":\"https:\\\/\\\/ecosupplements.be\\\/fr\\\/#\\\/schema\\\/logo\\\/image\\\/\"}}]}<\/script>\n<meta property=\"product:brand\" content=\"NOW Foods\" \/>\n<meta property=\"product:price:amount\" content=\"21.62\" \/>\n<meta property=\"product:price:currency\" content=\"EUR\" \/>\n<meta property=\"og:availability\" content=\"instock\" \/>\n<meta property=\"product:availability\" content=\"instock\" \/>\n<meta property=\"product:retailer_item_id\" content=\"733739065124\" \/>\n<meta property=\"product:condition\" content=\"new\" \/>\n<!-- \/ Yoast SEO Premium plugin. -->","yoast_head_json":{"title":"Glucomannane \u00e0 partir de racine de Konjac, 575mg - 180 capsules - ECO Supplements","description":"Wij hebben een ruime keuze aan producten van Glucomannane \u00e0 partir de racine de Konjac, 575mg - 180 capsules . Winkel bij Eco Supplements altijd gratis verzending boven 100\u20ac","robots":{"index":"index","follow":"follow","max-snippet":"max-snippet:-1","max-image-preview":"max-image-preview:large","max-video-preview":"max-video-preview:-1"},"canonical":"https:\/\/ecosupplements.be\/fr\/produit\/glucomannane-a-partir-de-racine-de-konjac-575mg-180-capsules\/","og_locale":"fr_FR","og_type":"article","og_title":"Glucomannane \u00e0 partir de racine de Konjac, 575mg - 180 capsules","og_description":"Wij hebben een ruime keuze aan producten van Glucomannane \u00e0 partir de racine de Konjac, 575mg - 180 capsules . Winkel bij Eco Supplements altijd gratis verzending boven 100\u20ac","og_url":"https:\/\/ecosupplements.be\/fr\/produit\/glucomannane-a-partir-de-racine-de-konjac-575mg-180-capsules\/","og_site_name":"ECO Supplements","article_modified_time":"2025-08-27T13:49:05+00:00","og_image":[{"width":500,"height":880,"url":"https:\/\/ecosupplements.be\/wp-content\/uploads\/2025\/08\/Glucomannan-from-Konjac-Root-575mg-180-caps.jpg","type":"image\/jpeg"}],"twitter_card":"summary_large_image","twitter_misc":{"Prix":"21.62&nbsp;&euro;","Disponibilit\u00e9":"En stock"},"schema":{"@context":"https:\/\/schema.org","@graph":[{"@type":["WebPage","ItemPage"],"@id":"https:\/\/ecosupplements.be\/fr\/produit\/glucomannane-a-partir-de-racine-de-konjac-575mg-180-capsules\/","url":"https:\/\/ecosupplements.be\/fr\/produit\/glucomannane-a-partir-de-racine-de-konjac-575mg-180-capsules\/","name":"Glucomannane \u00e0 partir de racine de Konjac, 575mg - 180 capsules - ECO Supplements","isPartOf":{"@id":"https:\/\/ecosupplements.be\/fr\/#website"},"primaryImageOfPage":{"@id":"https:\/\/ecosupplements.be\/fr\/produit\/glucomannane-a-partir-de-racine-de-konjac-575mg-180-capsules\/#primaryimage"},"image":{"@id":"https:\/\/ecosupplements.be\/fr\/produit\/glucomannane-a-partir-de-racine-de-konjac-575mg-180-capsules\/#primaryimage"},"thumbnailUrl":"https:\/\/ecosupplements.be\/wp-content\/uploads\/2025\/08\/NOW-Foods-Glucomannan-from-Konjac-Root-575mg-180-caps.jpg","datePublished":"2022-06-28T09:23:37+00:00","dateModified":"2025-08-27T13:49:05+00:00","description":"Wij hebben een ruime keuze aan producten van Glucomannane \u00e0 partir de racine de Konjac, 575mg - 180 capsules . Winkel bij Eco Supplements altijd gratis verzending boven 100\u20ac","breadcrumb":{"@id":"https:\/\/ecosupplements.be\/fr\/produit\/glucomannane-a-partir-de-racine-de-konjac-575mg-180-capsules\/#breadcrumb"},"inLanguage":"fr-FR","potentialAction":[{"@type":"ReadAction","target":["https:\/\/ecosupplements.be\/fr\/produit\/glucomannane-a-partir-de-racine-de-konjac-575mg-180-capsules\/"]}]},{"@type":"ImageObject","inLanguage":"fr-FR","@id":"https:\/\/ecosupplements.be\/fr\/produit\/glucomannane-a-partir-de-racine-de-konjac-575mg-180-capsules\/#primaryimage","url":"https:\/\/ecosupplements.be\/wp-content\/uploads\/2025\/08\/NOW-Foods-Glucomannan-from-Konjac-Root-575mg-180-caps.jpg","contentUrl":"https:\/\/ecosupplements.be\/wp-content\/uploads\/2025\/08\/NOW-Foods-Glucomannan-from-Konjac-Root-575mg-180-caps.jpg","width":750,"height":750},{"@type":"BreadcrumbList","@id":"https:\/\/ecosupplements.be\/fr\/produit\/glucomannane-a-partir-de-racine-de-konjac-575mg-180-capsules\/#breadcrumb","itemListElement":[{"@type":"ListItem","position":1,"name":"Home","item":"https:\/\/ecosupplements.be\/fr\/"},{"@type":"ListItem","position":2,"name":"Boutique","item":"https:\/\/ecosupplements.be\/fr\/boutique\/"},{"@type":"ListItem","position":3,"name":"Glucomannane \u00e0 partir de racine de Konjac, 575mg &#8211; 180 capsules"}]},{"@type":"WebSite","@id":"https:\/\/ecosupplements.be\/fr\/#website","url":"https:\/\/ecosupplements.be\/fr\/","name":"ECO Supplements","description":"Eco Supplements - Gezonde supplementen","publisher":{"@id":"https:\/\/ecosupplements.be\/fr\/#organization"},"potentialAction":[{"@type":"SearchAction","target":{"@type":"EntryPoint","urlTemplate":"https:\/\/ecosupplements.be\/fr\/?s={search_term_string}"},"query-input":{"@type":"PropertyValueSpecification","valueRequired":true,"valueName":"search_term_string"}}],"inLanguage":"fr-FR"},{"@type":"Organization","@id":"https:\/\/ecosupplements.be\/fr\/#organization","name":"Eco Supplements","url":"https:\/\/ecosupplements.be\/fr\/","logo":{"@type":"ImageObject","inLanguage":"fr-FR","@id":"https:\/\/ecosupplements.be\/fr\/#\/schema\/logo\/image\/","url":"https:\/\/ecosupplements.be\/wp-content\/uploads\/2022\/06\/ecosupplement-family.png","contentUrl":"https:\/\/ecosupplements.be\/wp-content\/uploads\/2022\/06\/ecosupplement-family.png","width":593,"height":374,"caption":"Eco Supplements"},"image":{"@id":"https:\/\/ecosupplements.be\/fr\/#\/schema\/logo\/image\/"}}]},"product_brand":"NOW Foods","product_price_amount":"21.62","product_price_currency":"EUR","og_availability":"instock","product_availability":"instock","product_retailer_item_id":"733739065124","product_condition":"new"},"_links":{"self":[{"href":"https:\/\/ecosupplements.be\/fr\/wp-json\/wp\/v2\/product\/288940","targetHints":{"allow":["GET"]}}],"collection":[{"href":"https:\/\/ecosupplements.be\/fr\/wp-json\/wp\/v2\/product"}],"about":[{"href":"https:\/\/ecosupplements.be\/fr\/wp-json\/wp\/v2\/types\/product"}],"replies":[{"embeddable":true,"href":"https:\/\/ecosupplements.be\/fr\/wp-json\/wp\/v2\/comments?post=288940"}],"wp:featuredmedia":[{"embeddable":true,"href":"https:\/\/ecosupplements.be\/fr\/wp-json\/wp\/v2\/media\/250737"}],"wp:attachment":[{"href":"https:\/\/ecosupplements.be\/fr\/wp-json\/wp\/v2\/media?parent=288940"}],"wp:term":[{"taxonomy":"product_brand","embeddable":true,"href":"https:\/\/ecosupplements.be\/fr\/wp-json\/wp\/v2\/product_brand?post=288940"},{"taxonomy":"product_cat","embeddable":true,"href":"https:\/\/ecosupplements.be\/fr\/wp-json\/wp\/v2\/product_cat?post=288940"},{"taxonomy":"product_tag","embeddable":true,"href":"https:\/\/ecosupplements.be\/fr\/wp-json\/wp\/v2\/product_tag?post=288940"}],"curies":[{"name":"wp","href":"https:\/\/api.w.org\/{rel}","templated":true}]}}