{"id":288946,"date":"2022-06-28T10:23:37","date_gmt":"2022-06-28T09:23:37","guid":{"rendered":"https:\/\/ecosupplements.be\/product\/glucosamine-et-chondroitine-extra-fort-120-comprimes\/"},"modified":"2025-08-27T14:49:10","modified_gmt":"2025-08-27T13:49:10","slug":"glucosamine-et-chondroitine-extra-fort-120-comprimes","status":"publish","type":"product","link":"https:\/\/ecosupplements.be\/fr\/produit\/glucosamine-et-chondroitine-extra-fort-120-comprimes\/","title":{"rendered":"Glucosamine et Chondro\u00eftine Extra Fort &#8211; 120 comprim\u00e9s"},"content":{"rendered":"<h1>Glucosamine &#038; Chondroitin\u2062 Extra Strength &#8211; 120 tabs<\/h1>\n<p>La \u200cGlucosamine &#038; Chondroitin Extra Strength de NOW\u2062 Foods est un compl\u00e9ment alimentaire de haute qualit\u00e9 con\u00e7u pour soutenir la sant\u00e9 des articulations et des cartilages. Cette formule puissante contient une combinaison unique de glucosamine\u2064 et de \u2063chondro\u00eftine, deux\u2062 ingr\u00e9dients essentiels \u200dpour maintenir\u2063 la mobilit\u00e9 et la flexibilit\u00e9 des articulations.<\/p>\n<h2>Caract\u00e9ristiques sp\u00e9ciales :<\/h2>\n<ul>\n<li>Formule extra forte pour un\u2064 soutien optimal des articulations<\/li>\n<li>Contient de la glucosamine et de\u2064 la chondro\u00eftine, deux ingr\u00e9dients cl\u00e9s pour la sant\u00e9\u200b des articulations<\/li>\n<li>120 comprim\u00e9s par bouteille \u2062pour un approvisionnement de 2 mois<\/li>\n<li>Fabriqu\u00e9 aux \u00c9tats-Unis avec \u200cdes ingr\u00e9dients\u2064 de haute\u2064 qualit\u00e9<\/li>\n<\/ul>\n<h2>Ingr\u00e9dients \u200c:<\/h2>\n<p>Chaque comprim\u00e9 contient :<\/p>\n<ul>\n<li>1500 mg de\u200c glucosamine sulfate (\u00e0\u2064 partir de 2000\u200d mg de sulfate de glucosamine 2KCl)<\/li>\n<li>1200 mg de chondro\u00eftine sulfate \u2064(\u00e0\u2063 partir\u2062 de 1440 \u2062mg de sulfate de \u200cchondro\u00eftine sodium)<\/li>\n<li>Autres ingr\u00e9dients :\u2062 cellulose, acide st\u00e9arique (source v\u00e9g\u00e9tale), croscarmellose\u200d sodique, st\u00e9arate de magn\u00e9sium (source v\u00e9g\u00e9tale) et rev\u00eatement \u2064v\u00e9g\u00e9tal.<\/li>\n<\/ul>\n<h2>Avantages uniques :<\/h2>\n<p>Ce compl\u00e9ment alimentaire est sp\u00e9cialement formul\u00e9 pour offrir un soutien \u2063optimal aux articulations et aux cartilages. La glucosamine et la chondro\u00eftine sont \u2064des composants naturels du cartilage et jouent un r\u00f4le essentiel dans la construction et la r\u00e9paration des tissus articulaires. En prenant r\u00e9guli\u00e8rement ce produit, vous pouvez am\u00e9liorer la mobilit\u00e9 \u2063et la flexibilit\u00e9 de vos articulations, r\u00e9duire les douleurs articulaires et\u200d pr\u00e9venir les dommages futurs.<\/p>\n<h2>Conseils d&#8217;utilisation :<\/h2>\n<p>Prenez 2 comprim\u00e9s par jour avec de la nourriture. Pour de meilleurs r\u00e9sultats,\u200c utilisez ce produit en combinaison avec une alimentation \u00e9quilibr\u00e9e \u2064et un mode de \u2064vie sain.<\/p>\n<p>Ne pas utiliser si vous \u00eates enceinte, allaitez ou si vous\u200c \u00eates allergique aux crustac\u00e9s. Consultez\u200d votre m\u00e9decin avant de prendre ce produit \u2063si vous prenez des m\u00e9dicaments ou si vous avez des\u200d probl\u00e8mes de sant\u00e9.<\/p>\n<p>Offrez \u2064\u00e0 \u200dvos\u2062 articulations le soutien\u2062 dont elles ont besoin \u2064avec la Glucosamine &#038; Chondroitin Extra Strength de NOW Foods. Commandez d\u00e8s maintenant et profitez d&#8217;une meilleure mobilit\u00e9 et \u200bd&#8217;une meilleure qualit\u00e9 de vie !<\/p>\n","protected":false},"excerpt":{"rendered":"<p>Glucosamine &#038; Chondroitin\u2062 Extra Strength &#8211; 120 tabs La \u200cGlucosamine &#038; Chondroitin Extra Strength de NOW\u2062 Foods est un compl\u00e9ment alimentaire de haute qualit\u00e9 con\u00e7u pour soutenir la sant\u00e9 des articulations et des cartilages. Cette formule puissante contient une combinaison unique de glucosamine\u2064 et de \u2063chondro\u00eftine, deux\u2062 ingr\u00e9dients essentiels \u200dpour maintenir\u2063 la mobilit\u00e9 et la [&#8230;]\n","protected":false},"featured_media":250747,"comment_status":"open","ping_status":"open","template":"","meta":[],"product_brand":[4733,4734],"product_cat":[5084,5053],"product_tag":[],"class_list":{"0":"post-288946","1":"product","2":"type-product","3":"status-publish","4":"has-post-thumbnail","6":"product_brand-now-foods-2","7":"product_brand-nownow-foods-2","8":"product_cat-soutien-conjoint","9":"product_cat-vitamines-et-mineraux","11":"first","12":"instock","13":"taxable","14":"shipping-taxable","15":"purchasable","16":"product-type-simple"},"yoast_head":"<!-- This site is optimized with the Yoast SEO Premium plugin v27.3 (Yoast SEO v27.3) - https:\/\/yoast.com\/product\/yoast-seo-premium-wordpress\/ -->\n<title>Glucosamine et Chondro\u00eftine Extra Fort - 120 comprim\u00e9s - ECO Supplements<\/title>\n<meta name=\"description\" content=\"Wij hebben een ruime keuze aan producten van Glucosamine et Chondro\u00eftine Extra Fort - 120 comprim\u00e9s . Winkel bij Eco Supplements altijd gratis verzending boven 100\u20ac\" \/>\n<meta name=\"robots\" content=\"index, follow, max-snippet:-1, max-image-preview:large, max-video-preview:-1\" \/>\n<link rel=\"canonical\" href=\"https:\/\/ecosupplements.be\/fr\/produit\/glucosamine-et-chondroitine-extra-fort-120-comprimes\/\" \/>\n<meta property=\"og:locale\" content=\"fr_FR\" \/>\n<meta property=\"og:type\" content=\"article\" \/>\n<meta property=\"og:title\" content=\"Glucosamine et Chondro\u00eftine Extra Fort - 120 comprim\u00e9s\" \/>\n<meta property=\"og:description\" content=\"Wij hebben een ruime keuze aan producten van Glucosamine et Chondro\u00eftine Extra Fort - 120 comprim\u00e9s . Winkel bij Eco Supplements altijd gratis verzending boven 100\u20ac\" \/>\n<meta property=\"og:url\" content=\"https:\/\/ecosupplements.be\/fr\/produit\/glucosamine-et-chondroitine-extra-fort-120-comprimes\/\" \/>\n<meta property=\"og:site_name\" content=\"ECO Supplements\" \/>\n<meta property=\"article:modified_time\" content=\"2025-08-27T13:49:10+00:00\" \/>\n<meta property=\"og:image\" content=\"https:\/\/ecosupplements.be\/wp-content\/uploads\/2025\/08\/Glucosamine-Chondroitin-Extra-Strength-120-tabs.jpg\" \/>\n\t<meta property=\"og:image:width\" content=\"481\" \/>\n\t<meta property=\"og:image:height\" content=\"880\" \/>\n\t<meta property=\"og:image:type\" content=\"image\/jpeg\" \/>\n<meta name=\"twitter:card\" content=\"summary_large_image\" \/>\n<meta name=\"twitter:label1\" content=\"Prix\" \/>\n\t<meta name=\"twitter:data1\" content=\"45.59&nbsp;&euro;\" \/>\n\t<meta name=\"twitter:label2\" content=\"Disponibilit\u00e9\" \/>\n\t<meta name=\"twitter:data2\" content=\"En stock\" \/>\n<script type=\"application\/ld+json\" class=\"yoast-schema-graph\">{\"@context\":\"https:\\\/\\\/schema.org\",\"@graph\":[{\"@type\":[\"WebPage\",\"ItemPage\"],\"@id\":\"https:\\\/\\\/ecosupplements.be\\\/fr\\\/produit\\\/glucosamine-et-chondroitine-extra-fort-120-comprimes\\\/\",\"url\":\"https:\\\/\\\/ecosupplements.be\\\/fr\\\/produit\\\/glucosamine-et-chondroitine-extra-fort-120-comprimes\\\/\",\"name\":\"Glucosamine et Chondro\u00eftine Extra Fort - 120 comprim\u00e9s - ECO Supplements\",\"isPartOf\":{\"@id\":\"https:\\\/\\\/ecosupplements.be\\\/fr\\\/#website\"},\"primaryImageOfPage\":{\"@id\":\"https:\\\/\\\/ecosupplements.be\\\/fr\\\/produit\\\/glucosamine-et-chondroitine-extra-fort-120-comprimes\\\/#primaryimage\"},\"image\":{\"@id\":\"https:\\\/\\\/ecosupplements.be\\\/fr\\\/produit\\\/glucosamine-et-chondroitine-extra-fort-120-comprimes\\\/#primaryimage\"},\"thumbnailUrl\":\"https:\\\/\\\/ecosupplements.be\\\/wp-content\\\/uploads\\\/2025\\\/08\\\/NOW-Foods-Glucosamine-Chondroitin-Extra-Strength-120-tablets.jpg\",\"datePublished\":\"2022-06-28T09:23:37+00:00\",\"dateModified\":\"2025-08-27T13:49:10+00:00\",\"description\":\"Wij hebben een ruime keuze aan producten van Glucosamine et Chondro\u00eftine Extra Fort - 120 comprim\u00e9s . Winkel bij Eco Supplements altijd gratis verzending boven 100\u20ac\",\"breadcrumb\":{\"@id\":\"https:\\\/\\\/ecosupplements.be\\\/fr\\\/produit\\\/glucosamine-et-chondroitine-extra-fort-120-comprimes\\\/#breadcrumb\"},\"inLanguage\":\"fr-FR\",\"potentialAction\":[{\"@type\":\"ReadAction\",\"target\":[\"https:\\\/\\\/ecosupplements.be\\\/fr\\\/produit\\\/glucosamine-et-chondroitine-extra-fort-120-comprimes\\\/\"]}]},{\"@type\":\"ImageObject\",\"inLanguage\":\"fr-FR\",\"@id\":\"https:\\\/\\\/ecosupplements.be\\\/fr\\\/produit\\\/glucosamine-et-chondroitine-extra-fort-120-comprimes\\\/#primaryimage\",\"url\":\"https:\\\/\\\/ecosupplements.be\\\/wp-content\\\/uploads\\\/2025\\\/08\\\/NOW-Foods-Glucosamine-Chondroitin-Extra-Strength-120-tablets.jpg\",\"contentUrl\":\"https:\\\/\\\/ecosupplements.be\\\/wp-content\\\/uploads\\\/2025\\\/08\\\/NOW-Foods-Glucosamine-Chondroitin-Extra-Strength-120-tablets.jpg\",\"width\":750,\"height\":750},{\"@type\":\"BreadcrumbList\",\"@id\":\"https:\\\/\\\/ecosupplements.be\\\/fr\\\/produit\\\/glucosamine-et-chondroitine-extra-fort-120-comprimes\\\/#breadcrumb\",\"itemListElement\":[{\"@type\":\"ListItem\",\"position\":1,\"name\":\"Home\",\"item\":\"https:\\\/\\\/ecosupplements.be\\\/fr\\\/\"},{\"@type\":\"ListItem\",\"position\":2,\"name\":\"Boutique\",\"item\":\"https:\\\/\\\/ecosupplements.be\\\/fr\\\/boutique\\\/\"},{\"@type\":\"ListItem\",\"position\":3,\"name\":\"Glucosamine et Chondro\u00eftine Extra Fort &#8211; 120 comprim\u00e9s\"}]},{\"@type\":\"WebSite\",\"@id\":\"https:\\\/\\\/ecosupplements.be\\\/fr\\\/#website\",\"url\":\"https:\\\/\\\/ecosupplements.be\\\/fr\\\/\",\"name\":\"ECO Supplements\",\"description\":\"Eco Supplements - Gezonde supplementen\",\"publisher\":{\"@id\":\"https:\\\/\\\/ecosupplements.be\\\/fr\\\/#organization\"},\"potentialAction\":[{\"@type\":\"SearchAction\",\"target\":{\"@type\":\"EntryPoint\",\"urlTemplate\":\"https:\\\/\\\/ecosupplements.be\\\/fr\\\/?s={search_term_string}\"},\"query-input\":{\"@type\":\"PropertyValueSpecification\",\"valueRequired\":true,\"valueName\":\"search_term_string\"}}],\"inLanguage\":\"fr-FR\"},{\"@type\":\"Organization\",\"@id\":\"https:\\\/\\\/ecosupplements.be\\\/fr\\\/#organization\",\"name\":\"Eco Supplements\",\"url\":\"https:\\\/\\\/ecosupplements.be\\\/fr\\\/\",\"logo\":{\"@type\":\"ImageObject\",\"inLanguage\":\"fr-FR\",\"@id\":\"https:\\\/\\\/ecosupplements.be\\\/fr\\\/#\\\/schema\\\/logo\\\/image\\\/\",\"url\":\"https:\\\/\\\/ecosupplements.be\\\/wp-content\\\/uploads\\\/2022\\\/06\\\/ecosupplement-family.png\",\"contentUrl\":\"https:\\\/\\\/ecosupplements.be\\\/wp-content\\\/uploads\\\/2022\\\/06\\\/ecosupplement-family.png\",\"width\":593,\"height\":374,\"caption\":\"Eco Supplements\"},\"image\":{\"@id\":\"https:\\\/\\\/ecosupplements.be\\\/fr\\\/#\\\/schema\\\/logo\\\/image\\\/\"}}]}<\/script>\n<meta property=\"product:brand\" content=\"NOW Foods\" \/>\n<meta property=\"product:price:amount\" content=\"45.59\" \/>\n<meta property=\"product:price:currency\" content=\"EUR\" \/>\n<meta property=\"og:availability\" content=\"instock\" \/>\n<meta property=\"product:availability\" content=\"instock\" \/>\n<meta property=\"product:retailer_item_id\" content=\"733739032430\" \/>\n<meta property=\"product:condition\" content=\"new\" \/>\n<!-- \/ Yoast SEO Premium plugin. -->","yoast_head_json":{"title":"Glucosamine et Chondro\u00eftine Extra Fort - 120 comprim\u00e9s - ECO Supplements","description":"Wij hebben een ruime keuze aan producten van Glucosamine et Chondro\u00eftine Extra Fort - 120 comprim\u00e9s . Winkel bij Eco Supplements altijd gratis verzending boven 100\u20ac","robots":{"index":"index","follow":"follow","max-snippet":"max-snippet:-1","max-image-preview":"max-image-preview:large","max-video-preview":"max-video-preview:-1"},"canonical":"https:\/\/ecosupplements.be\/fr\/produit\/glucosamine-et-chondroitine-extra-fort-120-comprimes\/","og_locale":"fr_FR","og_type":"article","og_title":"Glucosamine et Chondro\u00eftine Extra Fort - 120 comprim\u00e9s","og_description":"Wij hebben een ruime keuze aan producten van Glucosamine et Chondro\u00eftine Extra Fort - 120 comprim\u00e9s . Winkel bij Eco Supplements altijd gratis verzending boven 100\u20ac","og_url":"https:\/\/ecosupplements.be\/fr\/produit\/glucosamine-et-chondroitine-extra-fort-120-comprimes\/","og_site_name":"ECO Supplements","article_modified_time":"2025-08-27T13:49:10+00:00","og_image":[{"width":481,"height":880,"url":"https:\/\/ecosupplements.be\/wp-content\/uploads\/2025\/08\/Glucosamine-Chondroitin-Extra-Strength-120-tabs.jpg","type":"image\/jpeg"}],"twitter_card":"summary_large_image","twitter_misc":{"Prix":"45.59&nbsp;&euro;","Disponibilit\u00e9":"En stock"},"schema":{"@context":"https:\/\/schema.org","@graph":[{"@type":["WebPage","ItemPage"],"@id":"https:\/\/ecosupplements.be\/fr\/produit\/glucosamine-et-chondroitine-extra-fort-120-comprimes\/","url":"https:\/\/ecosupplements.be\/fr\/produit\/glucosamine-et-chondroitine-extra-fort-120-comprimes\/","name":"Glucosamine et Chondro\u00eftine Extra Fort - 120 comprim\u00e9s - ECO Supplements","isPartOf":{"@id":"https:\/\/ecosupplements.be\/fr\/#website"},"primaryImageOfPage":{"@id":"https:\/\/ecosupplements.be\/fr\/produit\/glucosamine-et-chondroitine-extra-fort-120-comprimes\/#primaryimage"},"image":{"@id":"https:\/\/ecosupplements.be\/fr\/produit\/glucosamine-et-chondroitine-extra-fort-120-comprimes\/#primaryimage"},"thumbnailUrl":"https:\/\/ecosupplements.be\/wp-content\/uploads\/2025\/08\/NOW-Foods-Glucosamine-Chondroitin-Extra-Strength-120-tablets.jpg","datePublished":"2022-06-28T09:23:37+00:00","dateModified":"2025-08-27T13:49:10+00:00","description":"Wij hebben een ruime keuze aan producten van Glucosamine et Chondro\u00eftine Extra Fort - 120 comprim\u00e9s . Winkel bij Eco Supplements altijd gratis verzending boven 100\u20ac","breadcrumb":{"@id":"https:\/\/ecosupplements.be\/fr\/produit\/glucosamine-et-chondroitine-extra-fort-120-comprimes\/#breadcrumb"},"inLanguage":"fr-FR","potentialAction":[{"@type":"ReadAction","target":["https:\/\/ecosupplements.be\/fr\/produit\/glucosamine-et-chondroitine-extra-fort-120-comprimes\/"]}]},{"@type":"ImageObject","inLanguage":"fr-FR","@id":"https:\/\/ecosupplements.be\/fr\/produit\/glucosamine-et-chondroitine-extra-fort-120-comprimes\/#primaryimage","url":"https:\/\/ecosupplements.be\/wp-content\/uploads\/2025\/08\/NOW-Foods-Glucosamine-Chondroitin-Extra-Strength-120-tablets.jpg","contentUrl":"https:\/\/ecosupplements.be\/wp-content\/uploads\/2025\/08\/NOW-Foods-Glucosamine-Chondroitin-Extra-Strength-120-tablets.jpg","width":750,"height":750},{"@type":"BreadcrumbList","@id":"https:\/\/ecosupplements.be\/fr\/produit\/glucosamine-et-chondroitine-extra-fort-120-comprimes\/#breadcrumb","itemListElement":[{"@type":"ListItem","position":1,"name":"Home","item":"https:\/\/ecosupplements.be\/fr\/"},{"@type":"ListItem","position":2,"name":"Boutique","item":"https:\/\/ecosupplements.be\/fr\/boutique\/"},{"@type":"ListItem","position":3,"name":"Glucosamine et Chondro\u00eftine Extra Fort &#8211; 120 comprim\u00e9s"}]},{"@type":"WebSite","@id":"https:\/\/ecosupplements.be\/fr\/#website","url":"https:\/\/ecosupplements.be\/fr\/","name":"ECO Supplements","description":"Eco Supplements - Gezonde supplementen","publisher":{"@id":"https:\/\/ecosupplements.be\/fr\/#organization"},"potentialAction":[{"@type":"SearchAction","target":{"@type":"EntryPoint","urlTemplate":"https:\/\/ecosupplements.be\/fr\/?s={search_term_string}"},"query-input":{"@type":"PropertyValueSpecification","valueRequired":true,"valueName":"search_term_string"}}],"inLanguage":"fr-FR"},{"@type":"Organization","@id":"https:\/\/ecosupplements.be\/fr\/#organization","name":"Eco Supplements","url":"https:\/\/ecosupplements.be\/fr\/","logo":{"@type":"ImageObject","inLanguage":"fr-FR","@id":"https:\/\/ecosupplements.be\/fr\/#\/schema\/logo\/image\/","url":"https:\/\/ecosupplements.be\/wp-content\/uploads\/2022\/06\/ecosupplement-family.png","contentUrl":"https:\/\/ecosupplements.be\/wp-content\/uploads\/2022\/06\/ecosupplement-family.png","width":593,"height":374,"caption":"Eco Supplements"},"image":{"@id":"https:\/\/ecosupplements.be\/fr\/#\/schema\/logo\/image\/"}}]},"product_brand":"NOW Foods","product_price_amount":"45.59","product_price_currency":"EUR","og_availability":"instock","product_availability":"instock","product_retailer_item_id":"733739032430","product_condition":"new"},"_links":{"self":[{"href":"https:\/\/ecosupplements.be\/fr\/wp-json\/wp\/v2\/product\/288946","targetHints":{"allow":["GET"]}}],"collection":[{"href":"https:\/\/ecosupplements.be\/fr\/wp-json\/wp\/v2\/product"}],"about":[{"href":"https:\/\/ecosupplements.be\/fr\/wp-json\/wp\/v2\/types\/product"}],"replies":[{"embeddable":true,"href":"https:\/\/ecosupplements.be\/fr\/wp-json\/wp\/v2\/comments?post=288946"}],"wp:featuredmedia":[{"embeddable":true,"href":"https:\/\/ecosupplements.be\/fr\/wp-json\/wp\/v2\/media\/250747"}],"wp:attachment":[{"href":"https:\/\/ecosupplements.be\/fr\/wp-json\/wp\/v2\/media?parent=288946"}],"wp:term":[{"taxonomy":"product_brand","embeddable":true,"href":"https:\/\/ecosupplements.be\/fr\/wp-json\/wp\/v2\/product_brand?post=288946"},{"taxonomy":"product_cat","embeddable":true,"href":"https:\/\/ecosupplements.be\/fr\/wp-json\/wp\/v2\/product_cat?post=288946"},{"taxonomy":"product_tag","embeddable":true,"href":"https:\/\/ecosupplements.be\/fr\/wp-json\/wp\/v2\/product_tag?post=288946"}],"curies":[{"name":"wp","href":"https:\/\/api.w.org\/{rel}","templated":true}]}}