{"id":288952,"date":"2022-06-28T10:23:49","date_gmt":"2022-06-28T09:23:49","guid":{"rendered":"https:\/\/ecosupplements.be\/product\/glucosamine-et-chondroitine-extra-fort-60-comprimes\/"},"modified":"2025-08-27T14:49:16","modified_gmt":"2025-08-27T13:49:16","slug":"glucosamine-et-chondroitine-extra-fort-60-comprimes","status":"publish","type":"product","link":"https:\/\/ecosupplements.be\/fr\/produit\/glucosamine-et-chondroitine-extra-fort-60-comprimes\/","title":{"rendered":"Glucosamine et Chondro\u00eftine Extra Fort &#8211; 60 comprim\u00e9s"},"content":{"rendered":"<h1> Glucosamine \u200d&#038; Chondroitin \u2062Extra Strength &#8211; 60 tabs <\/h1>\n<p>  La glucosamine et la chondro\u00eftine sont deux composants essentiels pour la sant\u00e9 \u200ddes articulations. NOW Foods a combin\u00e9 ces deux ingr\u00e9dients dans un suppl\u00e9ment\u2062 pratique et puissant pour aider\u2064 \u00e0 maintenir des articulations saines et flexibles. <\/p>\n<h2>  Caract\u00e9ristiques sp\u00e9ciales: <\/h2>\n<ul>\n<li>  Contient 1500 mg de glucosamine et 1200 mg de chondro\u00eftine par portion <\/li>\n<li>  \u2064 Formule extra forte pour un soutien\u2063 optimal des articulations <\/li>\n<li>  Fabriqu\u00e9 aux \u00c9tats-Unis avec des \u200dingr\u00e9dients de haute qualit\u00e9 <\/li>\n<li>  Convient aux\u200b v\u00e9g\u00e9tariens et v\u00e9g\u00e9taliens <\/li>\n<li>  \u2063Sans gluten,\u200b bl\u00e9, lait, \u0153ufs, poisson, fruits de mer \u200bou ingr\u00e9dients artificiels <\/li>\n<\/ul>\n<h2>  Ingr\u00e9dients: <\/h2>\n<p>  Chaque portion de 2 comprim\u00e9s contient: <\/p>\n<ul>\n<li>  \u200c 1500 mg de sulfate de glucosamine\u2063 (\u00e0 partir de crustac\u00e9s) <\/li>\n<li>  \u200d 1200 mg de sulfate de chondro\u00eftine (\u00e0 partir de\u2064 cartilage de\u200d requin) <\/li>\n<li>  \u200dAutres\u200d ingr\u00e9dients: cellulose, acide st\u00e9arique (source v\u00e9g\u00e9tale),\u200d croscarmellose sodique, st\u00e9arate de magn\u00e9sium (source\u200c v\u00e9g\u00e9tale) et rev\u00eatement v\u00e9g\u00e9tal. <\/li>\n<\/ul>\n<h2>  \u2062 Avantages uniques: <\/h2>\n<ul>\n<li>  Aide \u00e0 maintenir des articulations saines et flexibles\u200b <\/li>\n<li>  Favorise la sant\u00e9 du cartilage \u2063et \u2063du tissu conjonctif\u200c <\/li>\n<li>  Peut\u200d aider \u00e0 soulager les douleurs articulaires et l&#8217;inflammation <\/li>\n<li>  Formule extra\u200d forte pour un soutien optimal des articulations <\/li>\n<li>  Convient aux v\u00e9g\u00e9tariens et v\u00e9g\u00e9taliens <\/li>\n<\/ul>\n<h2>  Principales caract\u00e9ristiques: <\/h2>\n<ul>\n<li>  Marque: NOW Foods <\/li>\n<li>  Type de produit: Compl\u00e9ment alimentaire \u200b <\/li>\n<li>  Format: 60 comprim\u00e9s <\/li>\n<li>  Pays d&#8217;origine: \u00c9tats-Unis <\/li>\n<li>  \u200d Dosage recommand\u00e9: \u2064Prendre 2 comprim\u00e9s par jour avec de la nourriture <\/li>\n<\/ul>\n<p>  Maintenez vos articulations en bonne sant\u00e9 et flexibles avec Glucosamine &#038; Chondroitin Extra Strength de NOW Foods. Commandez d\u00e8s maintenant\u200c et profitez d&#8217;une formule puissante et pratique pour \u200csoutenir votre\u2064 bien-\u00eatre articulaire. <\/p>\n","protected":false},"excerpt":{"rendered":"<p>Glucosamine \u200d&#038; Chondroitin \u2062Extra Strength &#8211; 60 tabs La glucosamine et la chondro\u00eftine sont deux composants essentiels pour la sant\u00e9 \u200ddes articulations. NOW Foods a combin\u00e9 ces deux ingr\u00e9dients dans un suppl\u00e9ment\u2062 pratique et puissant pour aider\u2064 \u00e0 maintenir des articulations saines et flexibles. Caract\u00e9ristiques sp\u00e9ciales: Contient 1500 mg de glucosamine et 1200 mg de [&#8230;]\n","protected":false},"featured_media":250757,"comment_status":"open","ping_status":"open","template":"","meta":[],"product_brand":[4733,4734],"product_cat":[5084,5053],"product_tag":[],"class_list":{"0":"post-288952","1":"product","2":"type-product","3":"status-publish","4":"has-post-thumbnail","6":"product_brand-now-foods-2","7":"product_brand-nownow-foods-2","8":"product_cat-soutien-conjoint","9":"product_cat-vitamines-et-mineraux","11":"first","12":"instock","13":"taxable","14":"shipping-taxable","15":"purchasable","16":"product-type-simple"},"yoast_head":"<!-- This site is optimized with the Yoast SEO Premium plugin v27.3 (Yoast SEO v27.3) - https:\/\/yoast.com\/product\/yoast-seo-premium-wordpress\/ -->\n<title>Glucosamine et Chondro\u00eftine Extra Fort - 60 comprim\u00e9s - ECO Supplements<\/title>\n<meta name=\"description\" content=\"Wij hebben een ruime keuze aan producten van Glucosamine et Chondro\u00eftine Extra Fort - 60 comprim\u00e9s . Winkel bij Eco Supplements altijd gratis verzending boven 100\u20ac\" \/>\n<meta name=\"robots\" content=\"index, follow, max-snippet:-1, max-image-preview:large, max-video-preview:-1\" \/>\n<link rel=\"canonical\" href=\"https:\/\/ecosupplements.be\/fr\/produit\/glucosamine-et-chondroitine-extra-fort-60-comprimes\/\" \/>\n<meta property=\"og:locale\" content=\"fr_FR\" \/>\n<meta property=\"og:type\" content=\"article\" \/>\n<meta property=\"og:title\" content=\"Glucosamine et Chondro\u00eftine Extra Fort - 60 comprim\u00e9s\" \/>\n<meta property=\"og:description\" content=\"Wij hebben een ruime keuze aan producten van Glucosamine et Chondro\u00eftine Extra Fort - 60 comprim\u00e9s . Winkel bij Eco Supplements altijd gratis verzending boven 100\u20ac\" \/>\n<meta property=\"og:url\" content=\"https:\/\/ecosupplements.be\/fr\/produit\/glucosamine-et-chondroitine-extra-fort-60-comprimes\/\" \/>\n<meta property=\"og:site_name\" content=\"ECO Supplements\" \/>\n<meta property=\"article:modified_time\" content=\"2025-08-27T13:49:16+00:00\" \/>\n<meta property=\"og:image\" content=\"https:\/\/ecosupplements.be\/wp-content\/uploads\/2025\/08\/Glucosamine-Chondroitin-Extra-Strength-60-tabs.jpg\" \/>\n\t<meta property=\"og:image:width\" content=\"479\" \/>\n\t<meta property=\"og:image:height\" content=\"880\" \/>\n\t<meta property=\"og:image:type\" content=\"image\/jpeg\" \/>\n<meta name=\"twitter:card\" content=\"summary_large_image\" \/>\n<meta name=\"twitter:label1\" content=\"Prix\" \/>\n\t<meta name=\"twitter:data1\" content=\"25.25&nbsp;&euro;\" \/>\n\t<meta name=\"twitter:label2\" content=\"Disponibilit\u00e9\" \/>\n\t<meta name=\"twitter:data2\" content=\"En stock\" \/>\n<script type=\"application\/ld+json\" class=\"yoast-schema-graph\">{\"@context\":\"https:\\\/\\\/schema.org\",\"@graph\":[{\"@type\":[\"WebPage\",\"ItemPage\"],\"@id\":\"https:\\\/\\\/ecosupplements.be\\\/fr\\\/produit\\\/glucosamine-et-chondroitine-extra-fort-60-comprimes\\\/\",\"url\":\"https:\\\/\\\/ecosupplements.be\\\/fr\\\/produit\\\/glucosamine-et-chondroitine-extra-fort-60-comprimes\\\/\",\"name\":\"Glucosamine et Chondro\u00eftine Extra Fort - 60 comprim\u00e9s - ECO Supplements\",\"isPartOf\":{\"@id\":\"https:\\\/\\\/ecosupplements.be\\\/fr\\\/#website\"},\"primaryImageOfPage\":{\"@id\":\"https:\\\/\\\/ecosupplements.be\\\/fr\\\/produit\\\/glucosamine-et-chondroitine-extra-fort-60-comprimes\\\/#primaryimage\"},\"image\":{\"@id\":\"https:\\\/\\\/ecosupplements.be\\\/fr\\\/produit\\\/glucosamine-et-chondroitine-extra-fort-60-comprimes\\\/#primaryimage\"},\"thumbnailUrl\":\"https:\\\/\\\/ecosupplements.be\\\/wp-content\\\/uploads\\\/2025\\\/08\\\/NOW-Foods-Glucosamine-Chondroitin-Extra-Strength-60-tabs.jpg\",\"datePublished\":\"2022-06-28T09:23:49+00:00\",\"dateModified\":\"2025-08-27T13:49:16+00:00\",\"description\":\"Wij hebben een ruime keuze aan producten van Glucosamine et Chondro\u00eftine Extra Fort - 60 comprim\u00e9s . Winkel bij Eco Supplements altijd gratis verzending boven 100\u20ac\",\"breadcrumb\":{\"@id\":\"https:\\\/\\\/ecosupplements.be\\\/fr\\\/produit\\\/glucosamine-et-chondroitine-extra-fort-60-comprimes\\\/#breadcrumb\"},\"inLanguage\":\"fr-FR\",\"potentialAction\":[{\"@type\":\"ReadAction\",\"target\":[\"https:\\\/\\\/ecosupplements.be\\\/fr\\\/produit\\\/glucosamine-et-chondroitine-extra-fort-60-comprimes\\\/\"]}]},{\"@type\":\"ImageObject\",\"inLanguage\":\"fr-FR\",\"@id\":\"https:\\\/\\\/ecosupplements.be\\\/fr\\\/produit\\\/glucosamine-et-chondroitine-extra-fort-60-comprimes\\\/#primaryimage\",\"url\":\"https:\\\/\\\/ecosupplements.be\\\/wp-content\\\/uploads\\\/2025\\\/08\\\/NOW-Foods-Glucosamine-Chondroitin-Extra-Strength-60-tabs.jpg\",\"contentUrl\":\"https:\\\/\\\/ecosupplements.be\\\/wp-content\\\/uploads\\\/2025\\\/08\\\/NOW-Foods-Glucosamine-Chondroitin-Extra-Strength-60-tabs.jpg\",\"width\":750,\"height\":750},{\"@type\":\"BreadcrumbList\",\"@id\":\"https:\\\/\\\/ecosupplements.be\\\/fr\\\/produit\\\/glucosamine-et-chondroitine-extra-fort-60-comprimes\\\/#breadcrumb\",\"itemListElement\":[{\"@type\":\"ListItem\",\"position\":1,\"name\":\"Home\",\"item\":\"https:\\\/\\\/ecosupplements.be\\\/fr\\\/\"},{\"@type\":\"ListItem\",\"position\":2,\"name\":\"Boutique\",\"item\":\"https:\\\/\\\/ecosupplements.be\\\/fr\\\/boutique\\\/\"},{\"@type\":\"ListItem\",\"position\":3,\"name\":\"Glucosamine et Chondro\u00eftine Extra Fort &#8211; 60 comprim\u00e9s\"}]},{\"@type\":\"WebSite\",\"@id\":\"https:\\\/\\\/ecosupplements.be\\\/fr\\\/#website\",\"url\":\"https:\\\/\\\/ecosupplements.be\\\/fr\\\/\",\"name\":\"ECO Supplements\",\"description\":\"Eco Supplements - Gezonde supplementen\",\"publisher\":{\"@id\":\"https:\\\/\\\/ecosupplements.be\\\/fr\\\/#organization\"},\"potentialAction\":[{\"@type\":\"SearchAction\",\"target\":{\"@type\":\"EntryPoint\",\"urlTemplate\":\"https:\\\/\\\/ecosupplements.be\\\/fr\\\/?s={search_term_string}\"},\"query-input\":{\"@type\":\"PropertyValueSpecification\",\"valueRequired\":true,\"valueName\":\"search_term_string\"}}],\"inLanguage\":\"fr-FR\"},{\"@type\":\"Organization\",\"@id\":\"https:\\\/\\\/ecosupplements.be\\\/fr\\\/#organization\",\"name\":\"Eco Supplements\",\"url\":\"https:\\\/\\\/ecosupplements.be\\\/fr\\\/\",\"logo\":{\"@type\":\"ImageObject\",\"inLanguage\":\"fr-FR\",\"@id\":\"https:\\\/\\\/ecosupplements.be\\\/fr\\\/#\\\/schema\\\/logo\\\/image\\\/\",\"url\":\"https:\\\/\\\/ecosupplements.be\\\/wp-content\\\/uploads\\\/2022\\\/06\\\/ecosupplement-family.png\",\"contentUrl\":\"https:\\\/\\\/ecosupplements.be\\\/wp-content\\\/uploads\\\/2022\\\/06\\\/ecosupplement-family.png\",\"width\":593,\"height\":374,\"caption\":\"Eco Supplements\"},\"image\":{\"@id\":\"https:\\\/\\\/ecosupplements.be\\\/fr\\\/#\\\/schema\\\/logo\\\/image\\\/\"}}]}<\/script>\n<meta property=\"product:brand\" content=\"NOW Foods\" \/>\n<meta property=\"product:price:amount\" content=\"25.25\" \/>\n<meta property=\"product:price:currency\" content=\"EUR\" \/>\n<meta property=\"og:availability\" content=\"instock\" \/>\n<meta property=\"product:availability\" content=\"instock\" \/>\n<meta property=\"product:retailer_item_id\" content=\"733739032423\" \/>\n<meta property=\"product:condition\" content=\"new\" \/>\n<!-- \/ Yoast SEO Premium plugin. -->","yoast_head_json":{"title":"Glucosamine et Chondro\u00eftine Extra Fort - 60 comprim\u00e9s - ECO Supplements","description":"Wij hebben een ruime keuze aan producten van Glucosamine et Chondro\u00eftine Extra Fort - 60 comprim\u00e9s . Winkel bij Eco Supplements altijd gratis verzending boven 100\u20ac","robots":{"index":"index","follow":"follow","max-snippet":"max-snippet:-1","max-image-preview":"max-image-preview:large","max-video-preview":"max-video-preview:-1"},"canonical":"https:\/\/ecosupplements.be\/fr\/produit\/glucosamine-et-chondroitine-extra-fort-60-comprimes\/","og_locale":"fr_FR","og_type":"article","og_title":"Glucosamine et Chondro\u00eftine Extra Fort - 60 comprim\u00e9s","og_description":"Wij hebben een ruime keuze aan producten van Glucosamine et Chondro\u00eftine Extra Fort - 60 comprim\u00e9s . Winkel bij Eco Supplements altijd gratis verzending boven 100\u20ac","og_url":"https:\/\/ecosupplements.be\/fr\/produit\/glucosamine-et-chondroitine-extra-fort-60-comprimes\/","og_site_name":"ECO Supplements","article_modified_time":"2025-08-27T13:49:16+00:00","og_image":[{"width":479,"height":880,"url":"https:\/\/ecosupplements.be\/wp-content\/uploads\/2025\/08\/Glucosamine-Chondroitin-Extra-Strength-60-tabs.jpg","type":"image\/jpeg"}],"twitter_card":"summary_large_image","twitter_misc":{"Prix":"25.25&nbsp;&euro;","Disponibilit\u00e9":"En stock"},"schema":{"@context":"https:\/\/schema.org","@graph":[{"@type":["WebPage","ItemPage"],"@id":"https:\/\/ecosupplements.be\/fr\/produit\/glucosamine-et-chondroitine-extra-fort-60-comprimes\/","url":"https:\/\/ecosupplements.be\/fr\/produit\/glucosamine-et-chondroitine-extra-fort-60-comprimes\/","name":"Glucosamine et Chondro\u00eftine Extra Fort - 60 comprim\u00e9s - ECO Supplements","isPartOf":{"@id":"https:\/\/ecosupplements.be\/fr\/#website"},"primaryImageOfPage":{"@id":"https:\/\/ecosupplements.be\/fr\/produit\/glucosamine-et-chondroitine-extra-fort-60-comprimes\/#primaryimage"},"image":{"@id":"https:\/\/ecosupplements.be\/fr\/produit\/glucosamine-et-chondroitine-extra-fort-60-comprimes\/#primaryimage"},"thumbnailUrl":"https:\/\/ecosupplements.be\/wp-content\/uploads\/2025\/08\/NOW-Foods-Glucosamine-Chondroitin-Extra-Strength-60-tabs.jpg","datePublished":"2022-06-28T09:23:49+00:00","dateModified":"2025-08-27T13:49:16+00:00","description":"Wij hebben een ruime keuze aan producten van Glucosamine et Chondro\u00eftine Extra Fort - 60 comprim\u00e9s . Winkel bij Eco Supplements altijd gratis verzending boven 100\u20ac","breadcrumb":{"@id":"https:\/\/ecosupplements.be\/fr\/produit\/glucosamine-et-chondroitine-extra-fort-60-comprimes\/#breadcrumb"},"inLanguage":"fr-FR","potentialAction":[{"@type":"ReadAction","target":["https:\/\/ecosupplements.be\/fr\/produit\/glucosamine-et-chondroitine-extra-fort-60-comprimes\/"]}]},{"@type":"ImageObject","inLanguage":"fr-FR","@id":"https:\/\/ecosupplements.be\/fr\/produit\/glucosamine-et-chondroitine-extra-fort-60-comprimes\/#primaryimage","url":"https:\/\/ecosupplements.be\/wp-content\/uploads\/2025\/08\/NOW-Foods-Glucosamine-Chondroitin-Extra-Strength-60-tabs.jpg","contentUrl":"https:\/\/ecosupplements.be\/wp-content\/uploads\/2025\/08\/NOW-Foods-Glucosamine-Chondroitin-Extra-Strength-60-tabs.jpg","width":750,"height":750},{"@type":"BreadcrumbList","@id":"https:\/\/ecosupplements.be\/fr\/produit\/glucosamine-et-chondroitine-extra-fort-60-comprimes\/#breadcrumb","itemListElement":[{"@type":"ListItem","position":1,"name":"Home","item":"https:\/\/ecosupplements.be\/fr\/"},{"@type":"ListItem","position":2,"name":"Boutique","item":"https:\/\/ecosupplements.be\/fr\/boutique\/"},{"@type":"ListItem","position":3,"name":"Glucosamine et Chondro\u00eftine Extra Fort &#8211; 60 comprim\u00e9s"}]},{"@type":"WebSite","@id":"https:\/\/ecosupplements.be\/fr\/#website","url":"https:\/\/ecosupplements.be\/fr\/","name":"ECO Supplements","description":"Eco Supplements - Gezonde supplementen","publisher":{"@id":"https:\/\/ecosupplements.be\/fr\/#organization"},"potentialAction":[{"@type":"SearchAction","target":{"@type":"EntryPoint","urlTemplate":"https:\/\/ecosupplements.be\/fr\/?s={search_term_string}"},"query-input":{"@type":"PropertyValueSpecification","valueRequired":true,"valueName":"search_term_string"}}],"inLanguage":"fr-FR"},{"@type":"Organization","@id":"https:\/\/ecosupplements.be\/fr\/#organization","name":"Eco Supplements","url":"https:\/\/ecosupplements.be\/fr\/","logo":{"@type":"ImageObject","inLanguage":"fr-FR","@id":"https:\/\/ecosupplements.be\/fr\/#\/schema\/logo\/image\/","url":"https:\/\/ecosupplements.be\/wp-content\/uploads\/2022\/06\/ecosupplement-family.png","contentUrl":"https:\/\/ecosupplements.be\/wp-content\/uploads\/2022\/06\/ecosupplement-family.png","width":593,"height":374,"caption":"Eco Supplements"},"image":{"@id":"https:\/\/ecosupplements.be\/fr\/#\/schema\/logo\/image\/"}}]},"product_brand":"NOW Foods","product_price_amount":"25.25","product_price_currency":"EUR","og_availability":"instock","product_availability":"instock","product_retailer_item_id":"733739032423","product_condition":"new"},"_links":{"self":[{"href":"https:\/\/ecosupplements.be\/fr\/wp-json\/wp\/v2\/product\/288952","targetHints":{"allow":["GET"]}}],"collection":[{"href":"https:\/\/ecosupplements.be\/fr\/wp-json\/wp\/v2\/product"}],"about":[{"href":"https:\/\/ecosupplements.be\/fr\/wp-json\/wp\/v2\/types\/product"}],"replies":[{"embeddable":true,"href":"https:\/\/ecosupplements.be\/fr\/wp-json\/wp\/v2\/comments?post=288952"}],"wp:featuredmedia":[{"embeddable":true,"href":"https:\/\/ecosupplements.be\/fr\/wp-json\/wp\/v2\/media\/250757"}],"wp:attachment":[{"href":"https:\/\/ecosupplements.be\/fr\/wp-json\/wp\/v2\/media?parent=288952"}],"wp:term":[{"taxonomy":"product_brand","embeddable":true,"href":"https:\/\/ecosupplements.be\/fr\/wp-json\/wp\/v2\/product_brand?post=288952"},{"taxonomy":"product_cat","embeddable":true,"href":"https:\/\/ecosupplements.be\/fr\/wp-json\/wp\/v2\/product_cat?post=288952"},{"taxonomy":"product_tag","embeddable":true,"href":"https:\/\/ecosupplements.be\/fr\/wp-json\/wp\/v2\/product_tag?post=288952"}],"curies":[{"name":"wp","href":"https:\/\/api.w.org\/{rel}","templated":true}]}}