{"id":288955,"date":"2022-06-28T10:23:49","date_gmt":"2022-06-28T09:23:49","guid":{"rendered":"https:\/\/ecosupplements.be\/product\/glucosamine-et-chondroitine-avec-msm-180-capsules\/"},"modified":"2025-08-27T14:49:19","modified_gmt":"2025-08-27T13:49:19","slug":"glucosamine-et-chondroitine-avec-msm-180-capsules","status":"publish","type":"product","link":"https:\/\/ecosupplements.be\/fr\/produit\/glucosamine-et-chondroitine-avec-msm-180-capsules\/","title":{"rendered":"Glucosamine et Chondro\u00eftine avec MSM &#8211; 180 capsules"},"content":{"rendered":"<h1> Glucosamine &#038; Chondroitin\u200b with MSM\u200c &#8211; \u2063180 caps <\/h1>\n<p>  La glucosamine\u2064 et\u200b la chondro\u00eftine sont \u2062deux composants essentiels du cartilage, qui jouent\u200d un\u200d r\u00f4le\u200c important dans la\u200c sant\u00e9 des articulations. Le MSM (m\u00e9thylsulfonylm\u00e9thane) est \u200dun compos\u00e9 soufr\u00e9 naturel qui peut\u2062 \u00e9galement contribuer \u00e0 la \u2064sant\u00e9 \u200bdes articulations.\u2064 Ensemble, ces trois \u2062ingr\u00e9dients peuvent aider \u200b\u00e0 maintenir\u200d la mobilit\u00e9 et la\u200d flexibilit\u00e9 \u200ddes articulations, ainsi qu&#8217;\u00e0 r\u00e9duire l&#8217;inconfort et \u2063la raideur articulaire. <\/p>\n<h2>  Caract\u00e9ristiques sp\u00e9ciales: <\/h2>\n<ul>\n<li>  Contient\u200b de la glucosamine, de la chondro\u00eftine \u200bet\u200b du MSM pour \u200cune formule compl\u00e8te \u2062pour la\u2064 sant\u00e9 \u2063des articulations <\/li>\n<li>  180 capsules par bouteille pour un\u2063 approvisionnement de 3 mois <\/li>\n<li>  Fabriqu\u00e9 aux \u00c9tats-Unis\u2064 avec des ingr\u00e9dients\u2062 de haute qualit\u00e9\u200d <\/li>\n<li>  Sans gluten, sans bl\u00e9, sans produits laitiers, sans soja, sans \u0153ufs, sans poisson \/ crustac\u00e9s, sans arachides \/\u2064 noix <\/li>\n<li>  \u2062 Convient aux v\u00e9g\u00e9tariens \u200det v\u00e9g\u00e9taliens <\/li>\n<\/ul>\n<h2>  \u200dIngr\u00e9dients: <\/h2>\n<p>  Chaque portion de 3 \u2062capsules contient: \u200c <\/p>\n<ul>\n<li>  \u2062 Glucosamine Sulfate (\u00e0 partir\u2063 de\u2063 sulfate de potassium) &#8211; 1,5 \u200cg <\/li>\n<li>  \u200bChondro\u00eftine Sulfate (\u00e0 partir \u200cde \u200bsulfate de sodium) &#8211; 1,2 g <\/li>\n<li>  MSM (m\u00e9thylsulfonylm\u00e9thane) &#8211; 300 mg \u2062 <\/li>\n<\/ul>\n<p>  Autres ingr\u00e9dients: cellulose (capsule), st\u00e9arate\u200c de magn\u00e9sium (source v\u00e9g\u00e9tale) et silice. <\/p>\n<h2>  Avantages uniques: <\/h2>\n<ul>\n<li>  Formule \u200dcompl\u00e8te pour\u2062 la sant\u00e9 \u200ddes articulations \u2062avec des ingr\u00e9dients naturels <\/li>\n<li>  Peut aider \u00e0 maintenir la mobilit\u00e9 et la flexibilit\u00e9 \u200ddes \u2064articulations\u200d <\/li>\n<li>  Peut\u200c r\u00e9duire l&#8217;inconfort et la raideur articulaire <\/li>\n<li>  Convient\u2064 aux v\u00e9g\u00e9tariens et v\u00e9g\u00e9taliens <\/li>\n<li>  Fabriqu\u00e9 aux \u00c9tats-Unis avec des ingr\u00e9dients de haute qualit\u00e9 <\/li>\n<\/ul>\n<h2>  Principales caract\u00e9ristiques: <\/h2>\n<ul>\n<li>  Marque:\u200b NOW Foods <\/li>\n<li>  180 capsules par bouteille <\/li>\n<li>  Formule compl\u00e8te pour la sant\u00e9 des articulations <\/li>\n<li>  Sans gluten, sans bl\u00e9, sans produits laitiers, sans soja, sans \u2062\u0153ufs,\u2064 sans poisson\u2064 \/\u200d crustac\u00e9s, sans arachides \/ noix <\/li>\n<li>  \u2062Convient aux v\u00e9g\u00e9tariens\u200d et\u2062 v\u00e9g\u00e9taliens <\/li>\n<\/ul>\n<p>  Prenez soin de vos articulations\u200b avec Glucosamine &#038; \u200dChondroitin with MSM de \u2064NOW Foods. \u2064Cette formule\u200d compl\u00e8te peut vous aider \u2064\u00e0 maintenir la mobilit\u00e9 et la flexibilit\u00e9\u2064 de vos \u2063articulations, tout en r\u00e9duisant l&#8217;inconfort et \u2064la raideur.\u2062 Fabriqu\u00e9 aux \u00c9tats-Unis \u200cavec des ingr\u00e9dients de haute qualit\u00e9, ce produit convient\u2064 aux \u200bv\u00e9g\u00e9tariens et\u2062 v\u00e9g\u00e9taliens et est exempt de nombreux allerg\u00e8nes courants. Ajoutez-le\u200c \u00e0 votre routine quotidienne pour prendre soin de vos \u2062articulations et rester actif et en \u200cmouvement. <\/p>\n","protected":false},"excerpt":{"rendered":"<p>Glucosamine &#038; Chondroitin\u200b with MSM\u200c &#8211; \u2063180 caps La glucosamine\u2064 et\u200b la chondro\u00eftine sont \u2062deux composants essentiels du cartilage, qui jouent\u200d un\u200d r\u00f4le\u200c important dans la\u200c sant\u00e9 des articulations. Le MSM (m\u00e9thylsulfonylm\u00e9thane) est \u200dun compos\u00e9 soufr\u00e9 naturel qui peut\u2062 \u00e9galement contribuer \u00e0 la \u2064sant\u00e9 \u200bdes articulations.\u2064 Ensemble, ces trois \u2062ingr\u00e9dients peuvent aider \u200b\u00e0 maintenir\u200d la [&#8230;]\n","protected":false},"featured_media":250762,"comment_status":"open","ping_status":"open","template":"","meta":[],"product_brand":[4733,4734],"product_cat":[5084,5053],"product_tag":[],"class_list":{"0":"post-288955","1":"product","2":"type-product","3":"status-publish","4":"has-post-thumbnail","6":"product_brand-now-foods-2","7":"product_brand-nownow-foods-2","8":"product_cat-soutien-conjoint","9":"product_cat-vitamines-et-mineraux","11":"first","12":"instock","13":"taxable","14":"shipping-taxable","15":"purchasable","16":"product-type-simple"},"yoast_head":"<!-- This site is optimized with the Yoast SEO Premium plugin v27.3 (Yoast SEO v27.3) - https:\/\/yoast.com\/product\/yoast-seo-premium-wordpress\/ -->\n<title>Glucosamine et Chondro\u00eftine avec MSM - 180 capsules - ECO Supplements<\/title>\n<meta name=\"description\" content=\"Wij hebben een ruime keuze aan producten van Glucosamine et Chondro\u00eftine avec MSM - 180 capsules . Winkel bij Eco Supplements altijd gratis verzending boven 100\u20ac\" \/>\n<meta name=\"robots\" content=\"index, follow, max-snippet:-1, max-image-preview:large, max-video-preview:-1\" \/>\n<link rel=\"canonical\" href=\"https:\/\/ecosupplements.be\/fr\/produit\/glucosamine-et-chondroitine-avec-msm-180-capsules\/\" \/>\n<meta property=\"og:locale\" content=\"fr_FR\" \/>\n<meta property=\"og:type\" content=\"article\" \/>\n<meta property=\"og:title\" content=\"Glucosamine et Chondro\u00eftine avec MSM - 180 capsules\" \/>\n<meta property=\"og:description\" content=\"Wij hebben een ruime keuze aan producten van Glucosamine et Chondro\u00eftine avec MSM - 180 capsules . Winkel bij Eco Supplements altijd gratis verzending boven 100\u20ac\" \/>\n<meta property=\"og:url\" content=\"https:\/\/ecosupplements.be\/fr\/produit\/glucosamine-et-chondroitine-avec-msm-180-capsules\/\" \/>\n<meta property=\"og:site_name\" content=\"ECO Supplements\" \/>\n<meta property=\"article:modified_time\" content=\"2025-08-27T13:49:19+00:00\" \/>\n<meta property=\"og:image\" content=\"https:\/\/ecosupplements.be\/wp-content\/uploads\/2025\/08\/Glucosamine-Chondroitin-with-MSM-180-caps.jpg\" \/>\n\t<meta property=\"og:image:width\" content=\"481\" \/>\n\t<meta property=\"og:image:height\" content=\"880\" \/>\n\t<meta property=\"og:image:type\" content=\"image\/jpeg\" \/>\n<meta name=\"twitter:card\" content=\"summary_large_image\" \/>\n<meta name=\"twitter:label1\" content=\"Prix\" \/>\n\t<meta name=\"twitter:data1\" content=\"40.51&nbsp;&euro;\" \/>\n\t<meta name=\"twitter:label2\" content=\"Disponibilit\u00e9\" \/>\n\t<meta name=\"twitter:data2\" content=\"En stock\" \/>\n<script type=\"application\/ld+json\" class=\"yoast-schema-graph\">{\"@context\":\"https:\\\/\\\/schema.org\",\"@graph\":[{\"@type\":[\"WebPage\",\"ItemPage\"],\"@id\":\"https:\\\/\\\/ecosupplements.be\\\/fr\\\/produit\\\/glucosamine-et-chondroitine-avec-msm-180-capsules\\\/\",\"url\":\"https:\\\/\\\/ecosupplements.be\\\/fr\\\/produit\\\/glucosamine-et-chondroitine-avec-msm-180-capsules\\\/\",\"name\":\"Glucosamine et Chondro\u00eftine avec MSM - 180 capsules - ECO Supplements\",\"isPartOf\":{\"@id\":\"https:\\\/\\\/ecosupplements.be\\\/fr\\\/#website\"},\"primaryImageOfPage\":{\"@id\":\"https:\\\/\\\/ecosupplements.be\\\/fr\\\/produit\\\/glucosamine-et-chondroitine-avec-msm-180-capsules\\\/#primaryimage\"},\"image\":{\"@id\":\"https:\\\/\\\/ecosupplements.be\\\/fr\\\/produit\\\/glucosamine-et-chondroitine-avec-msm-180-capsules\\\/#primaryimage\"},\"thumbnailUrl\":\"https:\\\/\\\/ecosupplements.be\\\/wp-content\\\/uploads\\\/2025\\\/08\\\/NOW-Foods-Glucosamine-Chondroitin-with-MSM-180-caps.jpg\",\"datePublished\":\"2022-06-28T09:23:49+00:00\",\"dateModified\":\"2025-08-27T13:49:19+00:00\",\"description\":\"Wij hebben een ruime keuze aan producten van Glucosamine et Chondro\u00eftine avec MSM - 180 capsules . Winkel bij Eco Supplements altijd gratis verzending boven 100\u20ac\",\"breadcrumb\":{\"@id\":\"https:\\\/\\\/ecosupplements.be\\\/fr\\\/produit\\\/glucosamine-et-chondroitine-avec-msm-180-capsules\\\/#breadcrumb\"},\"inLanguage\":\"fr-FR\",\"potentialAction\":[{\"@type\":\"ReadAction\",\"target\":[\"https:\\\/\\\/ecosupplements.be\\\/fr\\\/produit\\\/glucosamine-et-chondroitine-avec-msm-180-capsules\\\/\"]}]},{\"@type\":\"ImageObject\",\"inLanguage\":\"fr-FR\",\"@id\":\"https:\\\/\\\/ecosupplements.be\\\/fr\\\/produit\\\/glucosamine-et-chondroitine-avec-msm-180-capsules\\\/#primaryimage\",\"url\":\"https:\\\/\\\/ecosupplements.be\\\/wp-content\\\/uploads\\\/2025\\\/08\\\/NOW-Foods-Glucosamine-Chondroitin-with-MSM-180-caps.jpg\",\"contentUrl\":\"https:\\\/\\\/ecosupplements.be\\\/wp-content\\\/uploads\\\/2025\\\/08\\\/NOW-Foods-Glucosamine-Chondroitin-with-MSM-180-caps.jpg\",\"width\":750,\"height\":750},{\"@type\":\"BreadcrumbList\",\"@id\":\"https:\\\/\\\/ecosupplements.be\\\/fr\\\/produit\\\/glucosamine-et-chondroitine-avec-msm-180-capsules\\\/#breadcrumb\",\"itemListElement\":[{\"@type\":\"ListItem\",\"position\":1,\"name\":\"Home\",\"item\":\"https:\\\/\\\/ecosupplements.be\\\/fr\\\/\"},{\"@type\":\"ListItem\",\"position\":2,\"name\":\"Boutique\",\"item\":\"https:\\\/\\\/ecosupplements.be\\\/fr\\\/boutique\\\/\"},{\"@type\":\"ListItem\",\"position\":3,\"name\":\"Glucosamine et Chondro\u00eftine avec MSM &#8211; 180 capsules\"}]},{\"@type\":\"WebSite\",\"@id\":\"https:\\\/\\\/ecosupplements.be\\\/fr\\\/#website\",\"url\":\"https:\\\/\\\/ecosupplements.be\\\/fr\\\/\",\"name\":\"ECO Supplements\",\"description\":\"Eco Supplements - Gezonde supplementen\",\"publisher\":{\"@id\":\"https:\\\/\\\/ecosupplements.be\\\/fr\\\/#organization\"},\"potentialAction\":[{\"@type\":\"SearchAction\",\"target\":{\"@type\":\"EntryPoint\",\"urlTemplate\":\"https:\\\/\\\/ecosupplements.be\\\/fr\\\/?s={search_term_string}\"},\"query-input\":{\"@type\":\"PropertyValueSpecification\",\"valueRequired\":true,\"valueName\":\"search_term_string\"}}],\"inLanguage\":\"fr-FR\"},{\"@type\":\"Organization\",\"@id\":\"https:\\\/\\\/ecosupplements.be\\\/fr\\\/#organization\",\"name\":\"Eco Supplements\",\"url\":\"https:\\\/\\\/ecosupplements.be\\\/fr\\\/\",\"logo\":{\"@type\":\"ImageObject\",\"inLanguage\":\"fr-FR\",\"@id\":\"https:\\\/\\\/ecosupplements.be\\\/fr\\\/#\\\/schema\\\/logo\\\/image\\\/\",\"url\":\"https:\\\/\\\/ecosupplements.be\\\/wp-content\\\/uploads\\\/2022\\\/06\\\/ecosupplement-family.png\",\"contentUrl\":\"https:\\\/\\\/ecosupplements.be\\\/wp-content\\\/uploads\\\/2022\\\/06\\\/ecosupplement-family.png\",\"width\":593,\"height\":374,\"caption\":\"Eco Supplements\"},\"image\":{\"@id\":\"https:\\\/\\\/ecosupplements.be\\\/fr\\\/#\\\/schema\\\/logo\\\/image\\\/\"}}]}<\/script>\n<meta property=\"product:brand\" content=\"NOW Foods\" \/>\n<meta property=\"product:price:amount\" content=\"40.51\" \/>\n<meta property=\"product:price:currency\" content=\"EUR\" \/>\n<meta property=\"og:availability\" content=\"instock\" \/>\n<meta property=\"product:availability\" content=\"instock\" \/>\n<meta property=\"product:retailer_item_id\" content=\"733739031723\" \/>\n<meta property=\"product:condition\" content=\"new\" \/>\n<!-- \/ Yoast SEO Premium plugin. -->","yoast_head_json":{"title":"Glucosamine et Chondro\u00eftine avec MSM - 180 capsules - ECO Supplements","description":"Wij hebben een ruime keuze aan producten van Glucosamine et Chondro\u00eftine avec MSM - 180 capsules . Winkel bij Eco Supplements altijd gratis verzending boven 100\u20ac","robots":{"index":"index","follow":"follow","max-snippet":"max-snippet:-1","max-image-preview":"max-image-preview:large","max-video-preview":"max-video-preview:-1"},"canonical":"https:\/\/ecosupplements.be\/fr\/produit\/glucosamine-et-chondroitine-avec-msm-180-capsules\/","og_locale":"fr_FR","og_type":"article","og_title":"Glucosamine et Chondro\u00eftine avec MSM - 180 capsules","og_description":"Wij hebben een ruime keuze aan producten van Glucosamine et Chondro\u00eftine avec MSM - 180 capsules . Winkel bij Eco Supplements altijd gratis verzending boven 100\u20ac","og_url":"https:\/\/ecosupplements.be\/fr\/produit\/glucosamine-et-chondroitine-avec-msm-180-capsules\/","og_site_name":"ECO Supplements","article_modified_time":"2025-08-27T13:49:19+00:00","og_image":[{"width":481,"height":880,"url":"https:\/\/ecosupplements.be\/wp-content\/uploads\/2025\/08\/Glucosamine-Chondroitin-with-MSM-180-caps.jpg","type":"image\/jpeg"}],"twitter_card":"summary_large_image","twitter_misc":{"Prix":"40.51&nbsp;&euro;","Disponibilit\u00e9":"En stock"},"schema":{"@context":"https:\/\/schema.org","@graph":[{"@type":["WebPage","ItemPage"],"@id":"https:\/\/ecosupplements.be\/fr\/produit\/glucosamine-et-chondroitine-avec-msm-180-capsules\/","url":"https:\/\/ecosupplements.be\/fr\/produit\/glucosamine-et-chondroitine-avec-msm-180-capsules\/","name":"Glucosamine et Chondro\u00eftine avec MSM - 180 capsules - ECO Supplements","isPartOf":{"@id":"https:\/\/ecosupplements.be\/fr\/#website"},"primaryImageOfPage":{"@id":"https:\/\/ecosupplements.be\/fr\/produit\/glucosamine-et-chondroitine-avec-msm-180-capsules\/#primaryimage"},"image":{"@id":"https:\/\/ecosupplements.be\/fr\/produit\/glucosamine-et-chondroitine-avec-msm-180-capsules\/#primaryimage"},"thumbnailUrl":"https:\/\/ecosupplements.be\/wp-content\/uploads\/2025\/08\/NOW-Foods-Glucosamine-Chondroitin-with-MSM-180-caps.jpg","datePublished":"2022-06-28T09:23:49+00:00","dateModified":"2025-08-27T13:49:19+00:00","description":"Wij hebben een ruime keuze aan producten van Glucosamine et Chondro\u00eftine avec MSM - 180 capsules . Winkel bij Eco Supplements altijd gratis verzending boven 100\u20ac","breadcrumb":{"@id":"https:\/\/ecosupplements.be\/fr\/produit\/glucosamine-et-chondroitine-avec-msm-180-capsules\/#breadcrumb"},"inLanguage":"fr-FR","potentialAction":[{"@type":"ReadAction","target":["https:\/\/ecosupplements.be\/fr\/produit\/glucosamine-et-chondroitine-avec-msm-180-capsules\/"]}]},{"@type":"ImageObject","inLanguage":"fr-FR","@id":"https:\/\/ecosupplements.be\/fr\/produit\/glucosamine-et-chondroitine-avec-msm-180-capsules\/#primaryimage","url":"https:\/\/ecosupplements.be\/wp-content\/uploads\/2025\/08\/NOW-Foods-Glucosamine-Chondroitin-with-MSM-180-caps.jpg","contentUrl":"https:\/\/ecosupplements.be\/wp-content\/uploads\/2025\/08\/NOW-Foods-Glucosamine-Chondroitin-with-MSM-180-caps.jpg","width":750,"height":750},{"@type":"BreadcrumbList","@id":"https:\/\/ecosupplements.be\/fr\/produit\/glucosamine-et-chondroitine-avec-msm-180-capsules\/#breadcrumb","itemListElement":[{"@type":"ListItem","position":1,"name":"Home","item":"https:\/\/ecosupplements.be\/fr\/"},{"@type":"ListItem","position":2,"name":"Boutique","item":"https:\/\/ecosupplements.be\/fr\/boutique\/"},{"@type":"ListItem","position":3,"name":"Glucosamine et Chondro\u00eftine avec MSM &#8211; 180 capsules"}]},{"@type":"WebSite","@id":"https:\/\/ecosupplements.be\/fr\/#website","url":"https:\/\/ecosupplements.be\/fr\/","name":"ECO Supplements","description":"Eco Supplements - Gezonde supplementen","publisher":{"@id":"https:\/\/ecosupplements.be\/fr\/#organization"},"potentialAction":[{"@type":"SearchAction","target":{"@type":"EntryPoint","urlTemplate":"https:\/\/ecosupplements.be\/fr\/?s={search_term_string}"},"query-input":{"@type":"PropertyValueSpecification","valueRequired":true,"valueName":"search_term_string"}}],"inLanguage":"fr-FR"},{"@type":"Organization","@id":"https:\/\/ecosupplements.be\/fr\/#organization","name":"Eco Supplements","url":"https:\/\/ecosupplements.be\/fr\/","logo":{"@type":"ImageObject","inLanguage":"fr-FR","@id":"https:\/\/ecosupplements.be\/fr\/#\/schema\/logo\/image\/","url":"https:\/\/ecosupplements.be\/wp-content\/uploads\/2022\/06\/ecosupplement-family.png","contentUrl":"https:\/\/ecosupplements.be\/wp-content\/uploads\/2022\/06\/ecosupplement-family.png","width":593,"height":374,"caption":"Eco Supplements"},"image":{"@id":"https:\/\/ecosupplements.be\/fr\/#\/schema\/logo\/image\/"}}]},"product_brand":"NOW Foods","product_price_amount":"40.51","product_price_currency":"EUR","og_availability":"instock","product_availability":"instock","product_retailer_item_id":"733739031723","product_condition":"new"},"_links":{"self":[{"href":"https:\/\/ecosupplements.be\/fr\/wp-json\/wp\/v2\/product\/288955","targetHints":{"allow":["GET"]}}],"collection":[{"href":"https:\/\/ecosupplements.be\/fr\/wp-json\/wp\/v2\/product"}],"about":[{"href":"https:\/\/ecosupplements.be\/fr\/wp-json\/wp\/v2\/types\/product"}],"replies":[{"embeddable":true,"href":"https:\/\/ecosupplements.be\/fr\/wp-json\/wp\/v2\/comments?post=288955"}],"wp:featuredmedia":[{"embeddable":true,"href":"https:\/\/ecosupplements.be\/fr\/wp-json\/wp\/v2\/media\/250762"}],"wp:attachment":[{"href":"https:\/\/ecosupplements.be\/fr\/wp-json\/wp\/v2\/media?parent=288955"}],"wp:term":[{"taxonomy":"product_brand","embeddable":true,"href":"https:\/\/ecosupplements.be\/fr\/wp-json\/wp\/v2\/product_brand?post=288955"},{"taxonomy":"product_cat","embeddable":true,"href":"https:\/\/ecosupplements.be\/fr\/wp-json\/wp\/v2\/product_cat?post=288955"},{"taxonomy":"product_tag","embeddable":true,"href":"https:\/\/ecosupplements.be\/fr\/wp-json\/wp\/v2\/product_tag?post=288955"}],"curies":[{"name":"wp","href":"https:\/\/api.w.org\/{rel}","templated":true}]}}