{"id":288958,"date":"2022-06-28T10:23:49","date_gmt":"2022-06-28T09:23:49","guid":{"rendered":"https:\/\/ecosupplements.be\/product\/glucosamine-et-chondroitine-avec-msm-90-capsules\/"},"modified":"2025-08-27T14:49:22","modified_gmt":"2025-08-27T13:49:22","slug":"glucosamine-et-chondroitine-avec-msm-90-capsules","status":"publish","type":"product","link":"https:\/\/ecosupplements.be\/fr\/produit\/glucosamine-et-chondroitine-avec-msm-90-capsules\/","title":{"rendered":"Glucosamine et Chondro\u00eftine avec MSM &#8211; 90 capsules"},"content":{"rendered":"<h1> Glucosamine\u2063 &#038; Chondroitin with MSM &#8211; 90 caps <\/h1>\n<p>  La glucosamine et la chondro\u00eftine sont \u200bdeux composants essentiels \u2062du \u200bcartilage, qui jouent un r\u00f4le important dans la sant\u00e9 des\u2062 articulations. Le MSM (m\u00e9thylsulfonylm\u00e9thane) est\u200b un\u2062 compos\u00e9 soufr\u00e9 naturel qui peut \u00e9galement contribuer \u00e0 la sant\u00e9 des articulations. NOW Foods a combin\u00e9 ces trois ingr\u00e9dients dans une formule pratique pour soutenir \u200bla sant\u00e9 articulaire. <\/p>\n<h2>  Caract\u00e9ristiques sp\u00e9ciales: <\/h2>\n<ul>\n<li>  Contient \u2063de la glucosamine, de \u200dla chondro\u00eftine et\u2064 du MSM\u200b pour soutenir la sant\u00e9 des articulations <\/li>\n<li>  Formule pratique en capsules pour une utilisation facile <\/li>\n<li>  Fabriqu\u00e9 aux \u200b\u00c9tats-Unis \u2064avec \u200cdes ingr\u00e9dients\u2063 de \u2062haute qualit\u00e9 <\/li>\n<li>  \u200bSans gluten, sans produits laitiers, sans soja et sans OGM <\/li>\n<\/ul>\n<h2>  Ingr\u00e9dients: <\/h2>\n<p>  Chaque portion de 3 capsules contient: <\/p>\n<ul>\n<li>  Glucosamine\u2063 Sulfate (\u00e0 partir de sulfate de glucosamine \u20622KCl)\u2063 &#8211; 1,5\u200c g <\/li>\n<li>  Chondro\u00eftine \u2062Sulfate (\u00e0 partir de sulfate de chondro\u00eftine sodium) &#8211; 1,2 g <\/li>\n<li>  MSM (m\u00e9thylsulfonylm\u00e9thane) &#8211; \u200b300 mg <\/li>\n<\/ul>\n<h2>  Avantages uniques: <\/h2>\n<p>  La glucosamine et la chondro\u00eftine sont des composants naturels du cartilage, qui agissent ensemble pour maintenir la structure et la fonction des articulations. Le MSM est un compos\u00e9 soufr\u00e9 qui peut aider \u00e0 r\u00e9duire l&#8217;inflammation et\u200d \u00e0 soulager la douleur articulaire. Ensemble, ces ingr\u00e9dients peuvent contribuer \u00e0 maintenir des articulations saines et \u00e0\u200d am\u00e9liorer la mobilit\u00e9. <\/p>\n<h2>  Principales caract\u00e9ristiques: <\/h2>\n<ul>\n<li>  Soutient la sant\u00e9 des articulations <\/li>\n<li>  Aide \u00e0 maintenir la structure \u200bet la fonction des articulations <\/li>\n<li>  Peut \u200cr\u00e9duire l&#8217;inflammation et soulager la douleur articulaire\u2063 <\/li>\n<li>  Am\u00e9liore la mobilit\u00e9 <\/li>\n<\/ul>\n<p>  Prenez soin de vos articulations avec Glucosamine &#038; Chondroitin\u200b with MSM de NOW Foods. Commandez d\u00e8s \u2062maintenant et profitez d&#8217;une meilleure sant\u00e9 articulaire! <\/p>\n","protected":false},"excerpt":{"rendered":"<p>Glucosamine\u2063 &#038; Chondroitin with MSM &#8211; 90 caps La glucosamine et la chondro\u00eftine sont \u200bdeux composants essentiels \u2062du \u200bcartilage, qui jouent un r\u00f4le important dans la sant\u00e9 des\u2062 articulations. Le MSM (m\u00e9thylsulfonylm\u00e9thane) est\u200b un\u2062 compos\u00e9 soufr\u00e9 naturel qui peut \u00e9galement contribuer \u00e0 la sant\u00e9 des articulations. NOW Foods a combin\u00e9 ces trois ingr\u00e9dients dans une [&#8230;]\n","protected":false},"featured_media":250767,"comment_status":"open","ping_status":"open","template":"","meta":[],"product_brand":[4733,4734],"product_cat":[5084,5053],"product_tag":[],"class_list":{"0":"post-288958","1":"product","2":"type-product","3":"status-publish","4":"has-post-thumbnail","6":"product_brand-now-foods-2","7":"product_brand-nownow-foods-2","8":"product_cat-soutien-conjoint","9":"product_cat-vitamines-et-mineraux","11":"first","12":"instock","13":"taxable","14":"shipping-taxable","15":"purchasable","16":"product-type-simple"},"yoast_head":"<!-- This site is optimized with the Yoast SEO Premium plugin v27.3 (Yoast SEO v27.3) - https:\/\/yoast.com\/product\/yoast-seo-premium-wordpress\/ -->\n<title>Glucosamine et Chondro\u00eftine avec MSM - 90 capsules - ECO Supplements<\/title>\n<meta name=\"description\" content=\"Wij hebben een ruime keuze aan producten van Glucosamine et Chondro\u00eftine avec MSM - 90 capsules . Winkel bij Eco Supplements altijd gratis verzending boven 100\u20ac\" \/>\n<meta name=\"robots\" content=\"index, follow, max-snippet:-1, max-image-preview:large, max-video-preview:-1\" \/>\n<link rel=\"canonical\" href=\"https:\/\/ecosupplements.be\/fr\/produit\/glucosamine-et-chondroitine-avec-msm-90-capsules\/\" \/>\n<meta property=\"og:locale\" content=\"fr_FR\" \/>\n<meta property=\"og:type\" content=\"article\" \/>\n<meta property=\"og:title\" content=\"Glucosamine et Chondro\u00eftine avec MSM - 90 capsules\" \/>\n<meta property=\"og:description\" content=\"Wij hebben een ruime keuze aan producten van Glucosamine et Chondro\u00eftine avec MSM - 90 capsules . Winkel bij Eco Supplements altijd gratis verzending boven 100\u20ac\" \/>\n<meta property=\"og:url\" content=\"https:\/\/ecosupplements.be\/fr\/produit\/glucosamine-et-chondroitine-avec-msm-90-capsules\/\" \/>\n<meta property=\"og:site_name\" content=\"ECO Supplements\" \/>\n<meta property=\"article:modified_time\" content=\"2025-08-27T13:49:22+00:00\" \/>\n<meta property=\"og:image\" content=\"https:\/\/ecosupplements.be\/wp-content\/uploads\/2025\/08\/Glucosamine-Chondroitin-with-MSM-90-caps.jpg\" \/>\n\t<meta property=\"og:image:width\" content=\"488\" \/>\n\t<meta property=\"og:image:height\" content=\"880\" \/>\n\t<meta property=\"og:image:type\" content=\"image\/jpeg\" \/>\n<meta name=\"twitter:card\" content=\"summary_large_image\" \/>\n<meta name=\"twitter:label1\" content=\"Prix\" \/>\n\t<meta name=\"twitter:data1\" content=\"22.10&nbsp;&euro;\" \/>\n\t<meta name=\"twitter:label2\" content=\"Disponibilit\u00e9\" \/>\n\t<meta name=\"twitter:data2\" content=\"En stock\" \/>\n<script type=\"application\/ld+json\" class=\"yoast-schema-graph\">{\"@context\":\"https:\\\/\\\/schema.org\",\"@graph\":[{\"@type\":[\"WebPage\",\"ItemPage\"],\"@id\":\"https:\\\/\\\/ecosupplements.be\\\/fr\\\/produit\\\/glucosamine-et-chondroitine-avec-msm-90-capsules\\\/\",\"url\":\"https:\\\/\\\/ecosupplements.be\\\/fr\\\/produit\\\/glucosamine-et-chondroitine-avec-msm-90-capsules\\\/\",\"name\":\"Glucosamine et Chondro\u00eftine avec MSM - 90 capsules - ECO Supplements\",\"isPartOf\":{\"@id\":\"https:\\\/\\\/ecosupplements.be\\\/fr\\\/#website\"},\"primaryImageOfPage\":{\"@id\":\"https:\\\/\\\/ecosupplements.be\\\/fr\\\/produit\\\/glucosamine-et-chondroitine-avec-msm-90-capsules\\\/#primaryimage\"},\"image\":{\"@id\":\"https:\\\/\\\/ecosupplements.be\\\/fr\\\/produit\\\/glucosamine-et-chondroitine-avec-msm-90-capsules\\\/#primaryimage\"},\"thumbnailUrl\":\"https:\\\/\\\/ecosupplements.be\\\/wp-content\\\/uploads\\\/2025\\\/08\\\/NOW-Foods-Glucosamine-Chondroitin-with-MSM-90-caps.jpg\",\"datePublished\":\"2022-06-28T09:23:49+00:00\",\"dateModified\":\"2025-08-27T13:49:22+00:00\",\"description\":\"Wij hebben een ruime keuze aan producten van Glucosamine et Chondro\u00eftine avec MSM - 90 capsules . Winkel bij Eco Supplements altijd gratis verzending boven 100\u20ac\",\"breadcrumb\":{\"@id\":\"https:\\\/\\\/ecosupplements.be\\\/fr\\\/produit\\\/glucosamine-et-chondroitine-avec-msm-90-capsules\\\/#breadcrumb\"},\"inLanguage\":\"fr-FR\",\"potentialAction\":[{\"@type\":\"ReadAction\",\"target\":[\"https:\\\/\\\/ecosupplements.be\\\/fr\\\/produit\\\/glucosamine-et-chondroitine-avec-msm-90-capsules\\\/\"]}]},{\"@type\":\"ImageObject\",\"inLanguage\":\"fr-FR\",\"@id\":\"https:\\\/\\\/ecosupplements.be\\\/fr\\\/produit\\\/glucosamine-et-chondroitine-avec-msm-90-capsules\\\/#primaryimage\",\"url\":\"https:\\\/\\\/ecosupplements.be\\\/wp-content\\\/uploads\\\/2025\\\/08\\\/NOW-Foods-Glucosamine-Chondroitin-with-MSM-90-caps.jpg\",\"contentUrl\":\"https:\\\/\\\/ecosupplements.be\\\/wp-content\\\/uploads\\\/2025\\\/08\\\/NOW-Foods-Glucosamine-Chondroitin-with-MSM-90-caps.jpg\",\"width\":750,\"height\":750},{\"@type\":\"BreadcrumbList\",\"@id\":\"https:\\\/\\\/ecosupplements.be\\\/fr\\\/produit\\\/glucosamine-et-chondroitine-avec-msm-90-capsules\\\/#breadcrumb\",\"itemListElement\":[{\"@type\":\"ListItem\",\"position\":1,\"name\":\"Home\",\"item\":\"https:\\\/\\\/ecosupplements.be\\\/fr\\\/\"},{\"@type\":\"ListItem\",\"position\":2,\"name\":\"Boutique\",\"item\":\"https:\\\/\\\/ecosupplements.be\\\/fr\\\/boutique\\\/\"},{\"@type\":\"ListItem\",\"position\":3,\"name\":\"Glucosamine et Chondro\u00eftine avec MSM &#8211; 90 capsules\"}]},{\"@type\":\"WebSite\",\"@id\":\"https:\\\/\\\/ecosupplements.be\\\/fr\\\/#website\",\"url\":\"https:\\\/\\\/ecosupplements.be\\\/fr\\\/\",\"name\":\"ECO Supplements\",\"description\":\"Eco Supplements - Gezonde supplementen\",\"publisher\":{\"@id\":\"https:\\\/\\\/ecosupplements.be\\\/fr\\\/#organization\"},\"potentialAction\":[{\"@type\":\"SearchAction\",\"target\":{\"@type\":\"EntryPoint\",\"urlTemplate\":\"https:\\\/\\\/ecosupplements.be\\\/fr\\\/?s={search_term_string}\"},\"query-input\":{\"@type\":\"PropertyValueSpecification\",\"valueRequired\":true,\"valueName\":\"search_term_string\"}}],\"inLanguage\":\"fr-FR\"},{\"@type\":\"Organization\",\"@id\":\"https:\\\/\\\/ecosupplements.be\\\/fr\\\/#organization\",\"name\":\"Eco Supplements\",\"url\":\"https:\\\/\\\/ecosupplements.be\\\/fr\\\/\",\"logo\":{\"@type\":\"ImageObject\",\"inLanguage\":\"fr-FR\",\"@id\":\"https:\\\/\\\/ecosupplements.be\\\/fr\\\/#\\\/schema\\\/logo\\\/image\\\/\",\"url\":\"https:\\\/\\\/ecosupplements.be\\\/wp-content\\\/uploads\\\/2022\\\/06\\\/ecosupplement-family.png\",\"contentUrl\":\"https:\\\/\\\/ecosupplements.be\\\/wp-content\\\/uploads\\\/2022\\\/06\\\/ecosupplement-family.png\",\"width\":593,\"height\":374,\"caption\":\"Eco Supplements\"},\"image\":{\"@id\":\"https:\\\/\\\/ecosupplements.be\\\/fr\\\/#\\\/schema\\\/logo\\\/image\\\/\"}}]}<\/script>\n<meta property=\"product:brand\" content=\"NOW Foods\" \/>\n<meta property=\"product:price:amount\" content=\"22.10\" \/>\n<meta property=\"product:price:currency\" content=\"EUR\" \/>\n<meta property=\"og:availability\" content=\"instock\" \/>\n<meta property=\"product:availability\" content=\"instock\" \/>\n<meta property=\"product:retailer_item_id\" content=\"733739031709\" \/>\n<meta property=\"product:condition\" content=\"new\" \/>\n<!-- \/ Yoast SEO Premium plugin. -->","yoast_head_json":{"title":"Glucosamine et Chondro\u00eftine avec MSM - 90 capsules - ECO Supplements","description":"Wij hebben een ruime keuze aan producten van Glucosamine et Chondro\u00eftine avec MSM - 90 capsules . Winkel bij Eco Supplements altijd gratis verzending boven 100\u20ac","robots":{"index":"index","follow":"follow","max-snippet":"max-snippet:-1","max-image-preview":"max-image-preview:large","max-video-preview":"max-video-preview:-1"},"canonical":"https:\/\/ecosupplements.be\/fr\/produit\/glucosamine-et-chondroitine-avec-msm-90-capsules\/","og_locale":"fr_FR","og_type":"article","og_title":"Glucosamine et Chondro\u00eftine avec MSM - 90 capsules","og_description":"Wij hebben een ruime keuze aan producten van Glucosamine et Chondro\u00eftine avec MSM - 90 capsules . Winkel bij Eco Supplements altijd gratis verzending boven 100\u20ac","og_url":"https:\/\/ecosupplements.be\/fr\/produit\/glucosamine-et-chondroitine-avec-msm-90-capsules\/","og_site_name":"ECO Supplements","article_modified_time":"2025-08-27T13:49:22+00:00","og_image":[{"width":488,"height":880,"url":"https:\/\/ecosupplements.be\/wp-content\/uploads\/2025\/08\/Glucosamine-Chondroitin-with-MSM-90-caps.jpg","type":"image\/jpeg"}],"twitter_card":"summary_large_image","twitter_misc":{"Prix":"22.10&nbsp;&euro;","Disponibilit\u00e9":"En stock"},"schema":{"@context":"https:\/\/schema.org","@graph":[{"@type":["WebPage","ItemPage"],"@id":"https:\/\/ecosupplements.be\/fr\/produit\/glucosamine-et-chondroitine-avec-msm-90-capsules\/","url":"https:\/\/ecosupplements.be\/fr\/produit\/glucosamine-et-chondroitine-avec-msm-90-capsules\/","name":"Glucosamine et Chondro\u00eftine avec MSM - 90 capsules - ECO Supplements","isPartOf":{"@id":"https:\/\/ecosupplements.be\/fr\/#website"},"primaryImageOfPage":{"@id":"https:\/\/ecosupplements.be\/fr\/produit\/glucosamine-et-chondroitine-avec-msm-90-capsules\/#primaryimage"},"image":{"@id":"https:\/\/ecosupplements.be\/fr\/produit\/glucosamine-et-chondroitine-avec-msm-90-capsules\/#primaryimage"},"thumbnailUrl":"https:\/\/ecosupplements.be\/wp-content\/uploads\/2025\/08\/NOW-Foods-Glucosamine-Chondroitin-with-MSM-90-caps.jpg","datePublished":"2022-06-28T09:23:49+00:00","dateModified":"2025-08-27T13:49:22+00:00","description":"Wij hebben een ruime keuze aan producten van Glucosamine et Chondro\u00eftine avec MSM - 90 capsules . Winkel bij Eco Supplements altijd gratis verzending boven 100\u20ac","breadcrumb":{"@id":"https:\/\/ecosupplements.be\/fr\/produit\/glucosamine-et-chondroitine-avec-msm-90-capsules\/#breadcrumb"},"inLanguage":"fr-FR","potentialAction":[{"@type":"ReadAction","target":["https:\/\/ecosupplements.be\/fr\/produit\/glucosamine-et-chondroitine-avec-msm-90-capsules\/"]}]},{"@type":"ImageObject","inLanguage":"fr-FR","@id":"https:\/\/ecosupplements.be\/fr\/produit\/glucosamine-et-chondroitine-avec-msm-90-capsules\/#primaryimage","url":"https:\/\/ecosupplements.be\/wp-content\/uploads\/2025\/08\/NOW-Foods-Glucosamine-Chondroitin-with-MSM-90-caps.jpg","contentUrl":"https:\/\/ecosupplements.be\/wp-content\/uploads\/2025\/08\/NOW-Foods-Glucosamine-Chondroitin-with-MSM-90-caps.jpg","width":750,"height":750},{"@type":"BreadcrumbList","@id":"https:\/\/ecosupplements.be\/fr\/produit\/glucosamine-et-chondroitine-avec-msm-90-capsules\/#breadcrumb","itemListElement":[{"@type":"ListItem","position":1,"name":"Home","item":"https:\/\/ecosupplements.be\/fr\/"},{"@type":"ListItem","position":2,"name":"Boutique","item":"https:\/\/ecosupplements.be\/fr\/boutique\/"},{"@type":"ListItem","position":3,"name":"Glucosamine et Chondro\u00eftine avec MSM &#8211; 90 capsules"}]},{"@type":"WebSite","@id":"https:\/\/ecosupplements.be\/fr\/#website","url":"https:\/\/ecosupplements.be\/fr\/","name":"ECO Supplements","description":"Eco Supplements - Gezonde supplementen","publisher":{"@id":"https:\/\/ecosupplements.be\/fr\/#organization"},"potentialAction":[{"@type":"SearchAction","target":{"@type":"EntryPoint","urlTemplate":"https:\/\/ecosupplements.be\/fr\/?s={search_term_string}"},"query-input":{"@type":"PropertyValueSpecification","valueRequired":true,"valueName":"search_term_string"}}],"inLanguage":"fr-FR"},{"@type":"Organization","@id":"https:\/\/ecosupplements.be\/fr\/#organization","name":"Eco Supplements","url":"https:\/\/ecosupplements.be\/fr\/","logo":{"@type":"ImageObject","inLanguage":"fr-FR","@id":"https:\/\/ecosupplements.be\/fr\/#\/schema\/logo\/image\/","url":"https:\/\/ecosupplements.be\/wp-content\/uploads\/2022\/06\/ecosupplement-family.png","contentUrl":"https:\/\/ecosupplements.be\/wp-content\/uploads\/2022\/06\/ecosupplement-family.png","width":593,"height":374,"caption":"Eco Supplements"},"image":{"@id":"https:\/\/ecosupplements.be\/fr\/#\/schema\/logo\/image\/"}}]},"product_brand":"NOW Foods","product_price_amount":"22.10","product_price_currency":"EUR","og_availability":"instock","product_availability":"instock","product_retailer_item_id":"733739031709","product_condition":"new"},"_links":{"self":[{"href":"https:\/\/ecosupplements.be\/fr\/wp-json\/wp\/v2\/product\/288958","targetHints":{"allow":["GET"]}}],"collection":[{"href":"https:\/\/ecosupplements.be\/fr\/wp-json\/wp\/v2\/product"}],"about":[{"href":"https:\/\/ecosupplements.be\/fr\/wp-json\/wp\/v2\/types\/product"}],"replies":[{"embeddable":true,"href":"https:\/\/ecosupplements.be\/fr\/wp-json\/wp\/v2\/comments?post=288958"}],"wp:featuredmedia":[{"embeddable":true,"href":"https:\/\/ecosupplements.be\/fr\/wp-json\/wp\/v2\/media\/250767"}],"wp:attachment":[{"href":"https:\/\/ecosupplements.be\/fr\/wp-json\/wp\/v2\/media?parent=288958"}],"wp:term":[{"taxonomy":"product_brand","embeddable":true,"href":"https:\/\/ecosupplements.be\/fr\/wp-json\/wp\/v2\/product_brand?post=288958"},{"taxonomy":"product_cat","embeddable":true,"href":"https:\/\/ecosupplements.be\/fr\/wp-json\/wp\/v2\/product_cat?post=288958"},{"taxonomy":"product_tag","embeddable":true,"href":"https:\/\/ecosupplements.be\/fr\/wp-json\/wp\/v2\/product_tag?post=288958"}],"curies":[{"name":"wp","href":"https:\/\/api.w.org\/{rel}","templated":true}]}}