{"id":288964,"date":"2022-06-28T10:23:49","date_gmt":"2022-06-28T09:23:49","guid":{"rendered":"https:\/\/ecosupplements.be\/product\/glucosamine-et-chondroitine-avec-concentre-de-mineraux-trace-120-capsules\/"},"modified":"2025-08-27T14:49:28","modified_gmt":"2025-08-27T13:49:28","slug":"glucosamine-et-chondroitine-avec-concentre-de-mineraux-trace-120-capsules","status":"publish","type":"product","link":"https:\/\/ecosupplements.be\/fr\/produit\/glucosamine-et-chondroitine-avec-concentre-de-mineraux-trace-120-capsules\/","title":{"rendered":"Glucosamine et Chondro\u00eftine avec Concentr\u00e9 de Min\u00e9raux Trace &#8211; 120 capsules"},"content":{"rendered":"<h1> Glucosamine &#038; Chondroitin with Trace Mineral Concentrate \u200d- 120\u200d caps \u2064 <\/h1>\n<p>  La glucosamine et la chondro\u00eftine sont \u200ddeux composants \u2064essentiels pour maintenir la sant\u00e9 des articulations. NOW Foods a combin\u00e9 ces deux ingr\u00e9dients\u2062 avec \u200bun concentr\u00e9 de min\u00e9raux \u2064pour cr\u00e9er\u2064 un \u2064suppl\u00e9ment puissant pour soutenir la sant\u00e9 des \u2062articulations. Chaque bouteille contient 120 capsules, fournissant une quantit\u00e9 suffisante pour un approvisionnement de 2 mois. <\/p>\n<h2>  Ingr\u00e9dients cl\u00e9s <\/h2>\n<ul>\n<li>  \u2063Glucosamine &#8211; un composant naturel du cartilage qui aide \u00e0 maintenir la structure et la fonction des articulations. <\/li>\n<li>  Chondro\u00eftine &#8211; un composant du tissu conjonctif qui aide \u00e0 maintenir\u200d l&#8217;\u00e9lasticit\u00e9 et la r\u00e9sistance des articulations. <\/li>\n<li>  \u200c Concentr\u00e9 de min\u00e9raux &#8211; une combinaison de min\u00e9raux\u2062 essentiels tels que le calcium, le magn\u00e9sium et le zinc pour soutenir la sant\u00e9 globale des os et des\u2064 articulations. <\/li>\n<\/ul>\n<h2>  Avantages\u2063 uniques <\/h2>\n<ul>\n<li>  Formule compl\u00e8te &#8211; en combinant la glucosamine,\u2064 la chondro\u00eftine et\u200c les min\u00e9raux, ce suppl\u00e9ment offre un soutien complet pour la \u200dsant\u00e9 des\u200b articulations. \u2062 <\/li>\n<li>  Qualit\u00e9 sup\u00e9rieure &#8211; NOW \u200dFoods utilise \u200bdes ingr\u00e9dients de haute\u200b qualit\u00e9\u200d pour garantir l&#8217;efficacit\u00e9 \u2064et la puret\u00e9 de chaque \u200bcapsule. <\/li>\n<li>  Facile \u00e0 prendre &#8211; ces capsules sont\u200b faciles \u00e0\u200b avaler et peuvent \u00eatre prises avec ou sans nourriture. <\/li>\n<li>  Sans gluten &#8211; ce produit est sans gluten, ce qui le rend adapt\u00e9 aux personnes souffrant d&#8217;intol\u00e9rance\u200b au gluten. <\/li>\n<\/ul>\n<h2>  Utilisation sugg\u00e9r\u00e9e <\/h2>\n<p>  Prenez 2 \u200bcapsules par jour \u200bavec de\u200b la nourriture\u2064 pour un soutien optimal des articulations. Pour de meilleurs \u200dr\u00e9sultats, utilisez r\u00e9guli\u00e8rement pendant au moins 2\u2063 mois. <\/p>\n<p>  Maintenir des \u2062articulations saines\u2064 est essentiel pour une vie active\u2064 et \u200dsans douleur. Avec Glucosamine &#038; Chondroitin with Trace Mineral Concentrate de NOW Foods, vous pouvez\u200c soutenir la sant\u00e9 de vos articulations\u200b de mani\u00e8re naturelle et efficace. Commandez d\u00e8s maintenant et ressentez la diff\u00e9rence!\u2064 <\/p>\n","protected":false},"excerpt":{"rendered":"<p>Glucosamine &#038; Chondroitin with Trace Mineral Concentrate \u200d- 120\u200d caps \u2064 La glucosamine et la chondro\u00eftine sont \u200ddeux composants \u2064essentiels pour maintenir la sant\u00e9 des articulations. NOW Foods a combin\u00e9 ces deux ingr\u00e9dients\u2062 avec \u200bun concentr\u00e9 de min\u00e9raux \u2064pour cr\u00e9er\u2064 un \u2064suppl\u00e9ment puissant pour soutenir la sant\u00e9 des \u2062articulations. Chaque bouteille contient 120 capsules, fournissant [&#8230;]\n","protected":false},"featured_media":250777,"comment_status":"open","ping_status":"open","template":"","meta":[],"product_brand":[4733],"product_cat":[5052,5084,5053],"product_tag":[],"class_list":{"0":"post-288964","1":"product","2":"type-product","3":"status-publish","4":"has-post-thumbnail","6":"product_brand-now-foods-2","7":"product_cat-sante-et-bien-etre","8":"product_cat-soutien-conjoint","9":"product_cat-vitamines-et-mineraux","11":"first","12":"instock","13":"taxable","14":"shipping-taxable","15":"purchasable","16":"product-type-simple"},"yoast_head":"<!-- This site is optimized with the Yoast SEO Premium plugin v27.3 (Yoast SEO v27.3) - https:\/\/yoast.com\/product\/yoast-seo-premium-wordpress\/ -->\n<title>Glucosamine et Chondro\u00eftine avec Concentr\u00e9 de Min\u00e9raux Trace - 120 capsules - ECO Supplements<\/title>\n<meta name=\"description\" content=\"Wij hebben een ruime keuze aan producten van Glucosamine et Chondro\u00eftine avec Concentr\u00e9 de Min\u00e9raux Trace - 120 capsules . Winkel bij Eco Supplements altijd gratis verzending boven 100\u20ac\" \/>\n<meta name=\"robots\" content=\"index, follow, max-snippet:-1, max-image-preview:large, max-video-preview:-1\" \/>\n<link rel=\"canonical\" href=\"https:\/\/ecosupplements.be\/fr\/produit\/glucosamine-et-chondroitine-avec-concentre-de-mineraux-trace-120-capsules\/\" \/>\n<meta property=\"og:locale\" content=\"fr_FR\" \/>\n<meta property=\"og:type\" content=\"article\" \/>\n<meta property=\"og:title\" content=\"Glucosamine et Chondro\u00eftine avec Concentr\u00e9 de Min\u00e9raux Trace - 120 capsules\" \/>\n<meta property=\"og:description\" content=\"Wij hebben een ruime keuze aan producten van Glucosamine et Chondro\u00eftine avec Concentr\u00e9 de Min\u00e9raux Trace - 120 capsules . Winkel bij Eco Supplements altijd gratis verzending boven 100\u20ac\" \/>\n<meta property=\"og:url\" content=\"https:\/\/ecosupplements.be\/fr\/produit\/glucosamine-et-chondroitine-avec-concentre-de-mineraux-trace-120-capsules\/\" \/>\n<meta property=\"og:site_name\" content=\"ECO Supplements\" \/>\n<meta property=\"article:modified_time\" content=\"2025-08-27T13:49:28+00:00\" \/>\n<meta property=\"og:image\" content=\"https:\/\/ecosupplements.be\/wp-content\/uploads\/2025\/08\/Glucosamine-Chondroitin-with-Trace-Mineral-Concentrate-120-caps.jpg\" \/>\n\t<meta property=\"og:image:width\" content=\"493\" \/>\n\t<meta property=\"og:image:height\" content=\"880\" \/>\n\t<meta property=\"og:image:type\" content=\"image\/jpeg\" \/>\n<meta name=\"twitter:card\" content=\"summary_large_image\" \/>\n<meta name=\"twitter:label1\" content=\"Prix\" \/>\n\t<meta name=\"twitter:data1\" content=\"33.96&nbsp;&euro;\" \/>\n\t<meta name=\"twitter:label2\" content=\"Disponibilit\u00e9\" \/>\n\t<meta name=\"twitter:data2\" content=\"En stock\" \/>\n<script type=\"application\/ld+json\" class=\"yoast-schema-graph\">{\"@context\":\"https:\\\/\\\/schema.org\",\"@graph\":[{\"@type\":[\"WebPage\",\"ItemPage\"],\"@id\":\"https:\\\/\\\/ecosupplements.be\\\/fr\\\/produit\\\/glucosamine-et-chondroitine-avec-concentre-de-mineraux-trace-120-capsules\\\/\",\"url\":\"https:\\\/\\\/ecosupplements.be\\\/fr\\\/produit\\\/glucosamine-et-chondroitine-avec-concentre-de-mineraux-trace-120-capsules\\\/\",\"name\":\"Glucosamine et Chondro\u00eftine avec Concentr\u00e9 de Min\u00e9raux Trace - 120 capsules - ECO Supplements\",\"isPartOf\":{\"@id\":\"https:\\\/\\\/ecosupplements.be\\\/fr\\\/#website\"},\"primaryImageOfPage\":{\"@id\":\"https:\\\/\\\/ecosupplements.be\\\/fr\\\/produit\\\/glucosamine-et-chondroitine-avec-concentre-de-mineraux-trace-120-capsules\\\/#primaryimage\"},\"image\":{\"@id\":\"https:\\\/\\\/ecosupplements.be\\\/fr\\\/produit\\\/glucosamine-et-chondroitine-avec-concentre-de-mineraux-trace-120-capsules\\\/#primaryimage\"},\"thumbnailUrl\":\"https:\\\/\\\/ecosupplements.be\\\/wp-content\\\/uploads\\\/2025\\\/08\\\/NOW-Foods-Glucosamine-Chondroitin-with-Trace-Mineral-Concentrate-120-caps.jpg\",\"datePublished\":\"2022-06-28T09:23:49+00:00\",\"dateModified\":\"2025-08-27T13:49:28+00:00\",\"description\":\"Wij hebben een ruime keuze aan producten van Glucosamine et Chondro\u00eftine avec Concentr\u00e9 de Min\u00e9raux Trace - 120 capsules . Winkel bij Eco Supplements altijd gratis verzending boven 100\u20ac\",\"breadcrumb\":{\"@id\":\"https:\\\/\\\/ecosupplements.be\\\/fr\\\/produit\\\/glucosamine-et-chondroitine-avec-concentre-de-mineraux-trace-120-capsules\\\/#breadcrumb\"},\"inLanguage\":\"fr-FR\",\"potentialAction\":[{\"@type\":\"ReadAction\",\"target\":[\"https:\\\/\\\/ecosupplements.be\\\/fr\\\/produit\\\/glucosamine-et-chondroitine-avec-concentre-de-mineraux-trace-120-capsules\\\/\"]}]},{\"@type\":\"ImageObject\",\"inLanguage\":\"fr-FR\",\"@id\":\"https:\\\/\\\/ecosupplements.be\\\/fr\\\/produit\\\/glucosamine-et-chondroitine-avec-concentre-de-mineraux-trace-120-capsules\\\/#primaryimage\",\"url\":\"https:\\\/\\\/ecosupplements.be\\\/wp-content\\\/uploads\\\/2025\\\/08\\\/NOW-Foods-Glucosamine-Chondroitin-with-Trace-Mineral-Concentrate-120-caps.jpg\",\"contentUrl\":\"https:\\\/\\\/ecosupplements.be\\\/wp-content\\\/uploads\\\/2025\\\/08\\\/NOW-Foods-Glucosamine-Chondroitin-with-Trace-Mineral-Concentrate-120-caps.jpg\",\"width\":750,\"height\":750},{\"@type\":\"BreadcrumbList\",\"@id\":\"https:\\\/\\\/ecosupplements.be\\\/fr\\\/produit\\\/glucosamine-et-chondroitine-avec-concentre-de-mineraux-trace-120-capsules\\\/#breadcrumb\",\"itemListElement\":[{\"@type\":\"ListItem\",\"position\":1,\"name\":\"Home\",\"item\":\"https:\\\/\\\/ecosupplements.be\\\/fr\\\/\"},{\"@type\":\"ListItem\",\"position\":2,\"name\":\"Boutique\",\"item\":\"https:\\\/\\\/ecosupplements.be\\\/fr\\\/boutique\\\/\"},{\"@type\":\"ListItem\",\"position\":3,\"name\":\"Glucosamine et Chondro\u00eftine avec Concentr\u00e9 de Min\u00e9raux Trace &#8211; 120 capsules\"}]},{\"@type\":\"WebSite\",\"@id\":\"https:\\\/\\\/ecosupplements.be\\\/fr\\\/#website\",\"url\":\"https:\\\/\\\/ecosupplements.be\\\/fr\\\/\",\"name\":\"ECO Supplements\",\"description\":\"Eco Supplements - Gezonde supplementen\",\"publisher\":{\"@id\":\"https:\\\/\\\/ecosupplements.be\\\/fr\\\/#organization\"},\"potentialAction\":[{\"@type\":\"SearchAction\",\"target\":{\"@type\":\"EntryPoint\",\"urlTemplate\":\"https:\\\/\\\/ecosupplements.be\\\/fr\\\/?s={search_term_string}\"},\"query-input\":{\"@type\":\"PropertyValueSpecification\",\"valueRequired\":true,\"valueName\":\"search_term_string\"}}],\"inLanguage\":\"fr-FR\"},{\"@type\":\"Organization\",\"@id\":\"https:\\\/\\\/ecosupplements.be\\\/fr\\\/#organization\",\"name\":\"Eco Supplements\",\"url\":\"https:\\\/\\\/ecosupplements.be\\\/fr\\\/\",\"logo\":{\"@type\":\"ImageObject\",\"inLanguage\":\"fr-FR\",\"@id\":\"https:\\\/\\\/ecosupplements.be\\\/fr\\\/#\\\/schema\\\/logo\\\/image\\\/\",\"url\":\"https:\\\/\\\/ecosupplements.be\\\/wp-content\\\/uploads\\\/2022\\\/06\\\/ecosupplement-family.png\",\"contentUrl\":\"https:\\\/\\\/ecosupplements.be\\\/wp-content\\\/uploads\\\/2022\\\/06\\\/ecosupplement-family.png\",\"width\":593,\"height\":374,\"caption\":\"Eco Supplements\"},\"image\":{\"@id\":\"https:\\\/\\\/ecosupplements.be\\\/fr\\\/#\\\/schema\\\/logo\\\/image\\\/\"}}]}<\/script>\n<meta property=\"product:brand\" content=\"NOW Foods\" \/>\n<meta property=\"product:price:amount\" content=\"33.96\" \/>\n<meta property=\"product:price:currency\" content=\"EUR\" \/>\n<meta property=\"og:availability\" content=\"instock\" \/>\n<meta property=\"product:availability\" content=\"instock\" \/>\n<meta property=\"product:retailer_item_id\" content=\"733739032287\" \/>\n<meta property=\"product:condition\" content=\"new\" \/>\n<!-- \/ Yoast SEO Premium plugin. -->","yoast_head_json":{"title":"Glucosamine et Chondro\u00eftine avec Concentr\u00e9 de Min\u00e9raux Trace - 120 capsules - ECO Supplements","description":"Wij hebben een ruime keuze aan producten van Glucosamine et Chondro\u00eftine avec Concentr\u00e9 de Min\u00e9raux Trace - 120 capsules . Winkel bij Eco Supplements altijd gratis verzending boven 100\u20ac","robots":{"index":"index","follow":"follow","max-snippet":"max-snippet:-1","max-image-preview":"max-image-preview:large","max-video-preview":"max-video-preview:-1"},"canonical":"https:\/\/ecosupplements.be\/fr\/produit\/glucosamine-et-chondroitine-avec-concentre-de-mineraux-trace-120-capsules\/","og_locale":"fr_FR","og_type":"article","og_title":"Glucosamine et Chondro\u00eftine avec Concentr\u00e9 de Min\u00e9raux Trace - 120 capsules","og_description":"Wij hebben een ruime keuze aan producten van Glucosamine et Chondro\u00eftine avec Concentr\u00e9 de Min\u00e9raux Trace - 120 capsules . Winkel bij Eco Supplements altijd gratis verzending boven 100\u20ac","og_url":"https:\/\/ecosupplements.be\/fr\/produit\/glucosamine-et-chondroitine-avec-concentre-de-mineraux-trace-120-capsules\/","og_site_name":"ECO Supplements","article_modified_time":"2025-08-27T13:49:28+00:00","og_image":[{"width":493,"height":880,"url":"https:\/\/ecosupplements.be\/wp-content\/uploads\/2025\/08\/Glucosamine-Chondroitin-with-Trace-Mineral-Concentrate-120-caps.jpg","type":"image\/jpeg"}],"twitter_card":"summary_large_image","twitter_misc":{"Prix":"33.96&nbsp;&euro;","Disponibilit\u00e9":"En stock"},"schema":{"@context":"https:\/\/schema.org","@graph":[{"@type":["WebPage","ItemPage"],"@id":"https:\/\/ecosupplements.be\/fr\/produit\/glucosamine-et-chondroitine-avec-concentre-de-mineraux-trace-120-capsules\/","url":"https:\/\/ecosupplements.be\/fr\/produit\/glucosamine-et-chondroitine-avec-concentre-de-mineraux-trace-120-capsules\/","name":"Glucosamine et Chondro\u00eftine avec Concentr\u00e9 de Min\u00e9raux Trace - 120 capsules - ECO Supplements","isPartOf":{"@id":"https:\/\/ecosupplements.be\/fr\/#website"},"primaryImageOfPage":{"@id":"https:\/\/ecosupplements.be\/fr\/produit\/glucosamine-et-chondroitine-avec-concentre-de-mineraux-trace-120-capsules\/#primaryimage"},"image":{"@id":"https:\/\/ecosupplements.be\/fr\/produit\/glucosamine-et-chondroitine-avec-concentre-de-mineraux-trace-120-capsules\/#primaryimage"},"thumbnailUrl":"https:\/\/ecosupplements.be\/wp-content\/uploads\/2025\/08\/NOW-Foods-Glucosamine-Chondroitin-with-Trace-Mineral-Concentrate-120-caps.jpg","datePublished":"2022-06-28T09:23:49+00:00","dateModified":"2025-08-27T13:49:28+00:00","description":"Wij hebben een ruime keuze aan producten van Glucosamine et Chondro\u00eftine avec Concentr\u00e9 de Min\u00e9raux Trace - 120 capsules . Winkel bij Eco Supplements altijd gratis verzending boven 100\u20ac","breadcrumb":{"@id":"https:\/\/ecosupplements.be\/fr\/produit\/glucosamine-et-chondroitine-avec-concentre-de-mineraux-trace-120-capsules\/#breadcrumb"},"inLanguage":"fr-FR","potentialAction":[{"@type":"ReadAction","target":["https:\/\/ecosupplements.be\/fr\/produit\/glucosamine-et-chondroitine-avec-concentre-de-mineraux-trace-120-capsules\/"]}]},{"@type":"ImageObject","inLanguage":"fr-FR","@id":"https:\/\/ecosupplements.be\/fr\/produit\/glucosamine-et-chondroitine-avec-concentre-de-mineraux-trace-120-capsules\/#primaryimage","url":"https:\/\/ecosupplements.be\/wp-content\/uploads\/2025\/08\/NOW-Foods-Glucosamine-Chondroitin-with-Trace-Mineral-Concentrate-120-caps.jpg","contentUrl":"https:\/\/ecosupplements.be\/wp-content\/uploads\/2025\/08\/NOW-Foods-Glucosamine-Chondroitin-with-Trace-Mineral-Concentrate-120-caps.jpg","width":750,"height":750},{"@type":"BreadcrumbList","@id":"https:\/\/ecosupplements.be\/fr\/produit\/glucosamine-et-chondroitine-avec-concentre-de-mineraux-trace-120-capsules\/#breadcrumb","itemListElement":[{"@type":"ListItem","position":1,"name":"Home","item":"https:\/\/ecosupplements.be\/fr\/"},{"@type":"ListItem","position":2,"name":"Boutique","item":"https:\/\/ecosupplements.be\/fr\/boutique\/"},{"@type":"ListItem","position":3,"name":"Glucosamine et Chondro\u00eftine avec Concentr\u00e9 de Min\u00e9raux Trace &#8211; 120 capsules"}]},{"@type":"WebSite","@id":"https:\/\/ecosupplements.be\/fr\/#website","url":"https:\/\/ecosupplements.be\/fr\/","name":"ECO Supplements","description":"Eco Supplements - Gezonde supplementen","publisher":{"@id":"https:\/\/ecosupplements.be\/fr\/#organization"},"potentialAction":[{"@type":"SearchAction","target":{"@type":"EntryPoint","urlTemplate":"https:\/\/ecosupplements.be\/fr\/?s={search_term_string}"},"query-input":{"@type":"PropertyValueSpecification","valueRequired":true,"valueName":"search_term_string"}}],"inLanguage":"fr-FR"},{"@type":"Organization","@id":"https:\/\/ecosupplements.be\/fr\/#organization","name":"Eco Supplements","url":"https:\/\/ecosupplements.be\/fr\/","logo":{"@type":"ImageObject","inLanguage":"fr-FR","@id":"https:\/\/ecosupplements.be\/fr\/#\/schema\/logo\/image\/","url":"https:\/\/ecosupplements.be\/wp-content\/uploads\/2022\/06\/ecosupplement-family.png","contentUrl":"https:\/\/ecosupplements.be\/wp-content\/uploads\/2022\/06\/ecosupplement-family.png","width":593,"height":374,"caption":"Eco Supplements"},"image":{"@id":"https:\/\/ecosupplements.be\/fr\/#\/schema\/logo\/image\/"}}]},"product_brand":"NOW Foods","product_price_amount":"33.96","product_price_currency":"EUR","og_availability":"instock","product_availability":"instock","product_retailer_item_id":"733739032287","product_condition":"new"},"_links":{"self":[{"href":"https:\/\/ecosupplements.be\/fr\/wp-json\/wp\/v2\/product\/288964","targetHints":{"allow":["GET"]}}],"collection":[{"href":"https:\/\/ecosupplements.be\/fr\/wp-json\/wp\/v2\/product"}],"about":[{"href":"https:\/\/ecosupplements.be\/fr\/wp-json\/wp\/v2\/types\/product"}],"replies":[{"embeddable":true,"href":"https:\/\/ecosupplements.be\/fr\/wp-json\/wp\/v2\/comments?post=288964"}],"wp:featuredmedia":[{"embeddable":true,"href":"https:\/\/ecosupplements.be\/fr\/wp-json\/wp\/v2\/media\/250777"}],"wp:attachment":[{"href":"https:\/\/ecosupplements.be\/fr\/wp-json\/wp\/v2\/media?parent=288964"}],"wp:term":[{"taxonomy":"product_brand","embeddable":true,"href":"https:\/\/ecosupplements.be\/fr\/wp-json\/wp\/v2\/product_brand?post=288964"},{"taxonomy":"product_cat","embeddable":true,"href":"https:\/\/ecosupplements.be\/fr\/wp-json\/wp\/v2\/product_cat?post=288964"},{"taxonomy":"product_tag","embeddable":true,"href":"https:\/\/ecosupplements.be\/fr\/wp-json\/wp\/v2\/product_tag?post=288964"}],"curies":[{"name":"wp","href":"https:\/\/api.w.org\/{rel}","templated":true}]}}