{"id":288967,"date":"2022-06-28T10:23:49","date_gmt":"2022-06-28T09:23:49","guid":{"rendered":"https:\/\/ecosupplements.be\/product\/glucosamine-et-msm-vegetarien-120-gelules\/"},"modified":"2025-08-27T14:49:30","modified_gmt":"2025-08-27T13:49:30","slug":"glucosamine-et-msm-vegetarien-120-gelules","status":"publish","type":"product","link":"https:\/\/ecosupplements.be\/fr\/produit\/glucosamine-et-msm-vegetarien-120-gelules\/","title":{"rendered":"Glucosamine et MSM V\u00e9g\u00e9tarien &#8211; 120 g\u00e9lules"},"content":{"rendered":"<h1>Glucosamine &#038; MSM Vegetarian\u2062 &#8211; 120 vcaps<\/h1>\n<p>La Glucosamine &#038; MSM Vegetarian \u200bde la marque NOW Foods est un compl\u00e9ment alimentaire\u200b de haute \u2062qualit\u00e9, sp\u00e9cialement con\u00e7u \u2063pour soutenir la\u2063 sant\u00e9 des \u2063articulations. Ces 120 vcaps sont fabriqu\u00e9es\u200c aux \u2062\u00c9tats-Unis, dans le respect des normes de\u2063 qualit\u00e9 les\u2062 plus\u200b strictes.<\/p>\n<h2>Caract\u00e9ristiques sp\u00e9ciales<\/h2>\n<ul>\n<li>Formule v\u00e9g\u00e9tarienne<\/li>\n<li>Contient de la glucosamine et du MSM<\/li>\n<li>120 vcaps par\u2064 bouteille<\/li>\n<li>Fabriqu\u00e9 aux \u00c9tats-Unis<\/li>\n<\/ul>\n<h2>Ingr\u00e9dients cl\u00e9s<\/h2>\n<p>Ce\u200d compl\u00e9ment alimentaire contient \u2063deux \u200bingr\u00e9dients \u200dcl\u00e9s\u2064 pour soutenir la sant\u00e9 des articulations :<\/p>\n<ul>\n<li><strong>Glucosamine<\/strong> &#8211; un compos\u00e9 naturellement pr\u00e9sent dans le corps, essentiel \u2063pour la sant\u00e9 des articulations et du cartilage.<\/li>\n<li><strong>MSM<\/strong> &#8211; un compos\u00e9 soufr\u00e9 qui peut aider \u200d\u00e0 r\u00e9duire l&#8217;inflammation et \u00e0 soulager les douleurs articulaires.<\/li>\n<\/ul>\n<h2>Avantages uniques<\/h2>\n<p>La Glucosamine &#038;\u200b MSM Vegetarian de NOW Foods \u2062offre de\u2063 nombreux avantages pour \u200dla sant\u00e9 des articulations, notamment :<\/p>\n<ul>\n<li>Soutien pour la\u2064 sant\u00e9 des articulations et du\u2063 cartilage<\/li>\n<li>Peut aider \u200c\u00e0 r\u00e9duire \u2064l&#8217;inflammation et les douleurs articulaires<\/li>\n<li>Formule v\u00e9g\u00e9tarienne adapt\u00e9e \u00e0 tous \u200bles r\u00e9gimes alimentaires<\/li>\n<li>Fabriqu\u00e9 avec des ingr\u00e9dients de haute qualit\u00e9 et dans le respect des normes de qualit\u00e9 les \u2062plus strictes<\/li>\n<\/ul>\n<h2>Conseils d&#8217;utilisation<\/h2>\n<p>Pour\u2062 profiter pleinement des bienfaits de la Glucosamine &#038; MSM Vegetarian, il est recommand\u00e9 de prendre 2 vcaps par \u200bjour avec de la nourriture.<\/p>\n<p>Ne pas d\u00e9passer la dose recommand\u00e9e. Consultez votre m\u00e9decin avant de prendre ce compl\u00e9ment alimentaire si\u200d vous \u00eates enceinte, allaitez ou si vous \u200bprenez\u2063 des m\u00e9dicaments.<\/p>\n<p>Conservez le produit dans un endroit \u2064frais et sec, \u00e0 l&#8217;abri de\u200b la lumi\u00e8re\u200c directe du soleil.<\/p>\n<p>Prenez soin\u200c de vos articulations avec \u200dla Glucosamine &#038; MSM Vegetarian \u2063de\u2062 NOW Foods !<\/p>\n","protected":false},"excerpt":{"rendered":"<p>Glucosamine &#038; MSM Vegetarian\u2062 &#8211; 120 vcaps La Glucosamine &#038; MSM Vegetarian \u200bde la marque NOW Foods est un compl\u00e9ment alimentaire\u200b de haute \u2062qualit\u00e9, sp\u00e9cialement con\u00e7u \u2063pour soutenir la\u2063 sant\u00e9 des \u2063articulations. Ces 120 vcaps sont fabriqu\u00e9es\u200c aux \u2062\u00c9tats-Unis, dans le respect des normes de\u2063 qualit\u00e9 les\u2062 plus\u200b strictes. Caract\u00e9ristiques sp\u00e9ciales Formule v\u00e9g\u00e9tarienne Contient de [&#8230;]\n","protected":false},"featured_media":250787,"comment_status":"open","ping_status":"open","template":"","meta":[],"product_brand":[4733],"product_cat":[5054,5055,5052,5084,5053],"product_tag":[],"class_list":{"0":"post-288967","1":"product","2":"type-product","3":"status-publish","4":"has-post-thumbnail","6":"product_brand-now-foods-2","7":"product_cat-nourriture-saine","8":"product_cat-produits-vegetaliens","9":"product_cat-sante-et-bien-etre","10":"product_cat-soutien-conjoint","11":"product_cat-vitamines-et-mineraux","13":"first","14":"instock","15":"taxable","16":"shipping-taxable","17":"purchasable","18":"product-type-simple"},"yoast_head":"<!-- This site is optimized with the Yoast SEO Premium plugin v27.3 (Yoast SEO v27.3) - https:\/\/yoast.com\/product\/yoast-seo-premium-wordpress\/ -->\n<title>Glucosamine et MSM V\u00e9g\u00e9tarien - 120 g\u00e9lules - ECO Supplements<\/title>\n<meta name=\"description\" content=\"Wij hebben een ruime keuze aan producten van Glucosamine et MSM V\u00e9g\u00e9tarien - 120 g\u00e9lules . Winkel bij Eco Supplements altijd gratis verzending boven 100\u20ac\" \/>\n<meta name=\"robots\" content=\"index, follow, max-snippet:-1, max-image-preview:large, max-video-preview:-1\" \/>\n<link rel=\"canonical\" href=\"https:\/\/ecosupplements.be\/fr\/produit\/glucosamine-et-msm-vegetarien-120-gelules\/\" \/>\n<meta property=\"og:locale\" content=\"fr_FR\" \/>\n<meta property=\"og:type\" content=\"article\" \/>\n<meta property=\"og:title\" content=\"Glucosamine et MSM V\u00e9g\u00e9tarien - 120 g\u00e9lules\" \/>\n<meta property=\"og:description\" content=\"Wij hebben een ruime keuze aan producten van Glucosamine et MSM V\u00e9g\u00e9tarien - 120 g\u00e9lules . Winkel bij Eco Supplements altijd gratis verzending boven 100\u20ac\" \/>\n<meta property=\"og:url\" content=\"https:\/\/ecosupplements.be\/fr\/produit\/glucosamine-et-msm-vegetarien-120-gelules\/\" \/>\n<meta property=\"og:site_name\" content=\"ECO Supplements\" \/>\n<meta property=\"article:modified_time\" content=\"2025-08-27T13:49:30+00:00\" \/>\n<meta property=\"og:image\" content=\"https:\/\/ecosupplements.be\/wp-content\/uploads\/2025\/08\/Glucosamine-MSM-Vegetarian-120-vcaps.jpg\" \/>\n\t<meta property=\"og:image:width\" content=\"490\" \/>\n\t<meta property=\"og:image:height\" content=\"880\" \/>\n\t<meta property=\"og:image:type\" content=\"image\/jpeg\" \/>\n<meta name=\"twitter:card\" content=\"summary_large_image\" \/>\n<meta name=\"twitter:label1\" content=\"Prix\" \/>\n\t<meta name=\"twitter:data1\" content=\"22&nbsp;&euro;\" \/>\n\t<meta name=\"twitter:label2\" content=\"Disponibilit\u00e9\" \/>\n\t<meta name=\"twitter:data2\" content=\"En stock\" \/>\n<script type=\"application\/ld+json\" class=\"yoast-schema-graph\">{\"@context\":\"https:\\\/\\\/schema.org\",\"@graph\":[{\"@type\":[\"WebPage\",\"ItemPage\"],\"@id\":\"https:\\\/\\\/ecosupplements.be\\\/fr\\\/produit\\\/glucosamine-et-msm-vegetarien-120-gelules\\\/\",\"url\":\"https:\\\/\\\/ecosupplements.be\\\/fr\\\/produit\\\/glucosamine-et-msm-vegetarien-120-gelules\\\/\",\"name\":\"Glucosamine et MSM V\u00e9g\u00e9tarien - 120 g\u00e9lules - ECO Supplements\",\"isPartOf\":{\"@id\":\"https:\\\/\\\/ecosupplements.be\\\/fr\\\/#website\"},\"primaryImageOfPage\":{\"@id\":\"https:\\\/\\\/ecosupplements.be\\\/fr\\\/produit\\\/glucosamine-et-msm-vegetarien-120-gelules\\\/#primaryimage\"},\"image\":{\"@id\":\"https:\\\/\\\/ecosupplements.be\\\/fr\\\/produit\\\/glucosamine-et-msm-vegetarien-120-gelules\\\/#primaryimage\"},\"thumbnailUrl\":\"https:\\\/\\\/ecosupplements.be\\\/wp-content\\\/uploads\\\/2025\\\/08\\\/NOW-Foods-Glucosamine-MSM-Vegetarian-120-vcaps.jpg\",\"datePublished\":\"2022-06-28T09:23:49+00:00\",\"dateModified\":\"2025-08-27T13:49:30+00:00\",\"description\":\"Wij hebben een ruime keuze aan producten van Glucosamine et MSM V\u00e9g\u00e9tarien - 120 g\u00e9lules . Winkel bij Eco Supplements altijd gratis verzending boven 100\u20ac\",\"breadcrumb\":{\"@id\":\"https:\\\/\\\/ecosupplements.be\\\/fr\\\/produit\\\/glucosamine-et-msm-vegetarien-120-gelules\\\/#breadcrumb\"},\"inLanguage\":\"fr-FR\",\"potentialAction\":[{\"@type\":\"ReadAction\",\"target\":[\"https:\\\/\\\/ecosupplements.be\\\/fr\\\/produit\\\/glucosamine-et-msm-vegetarien-120-gelules\\\/\"]}]},{\"@type\":\"ImageObject\",\"inLanguage\":\"fr-FR\",\"@id\":\"https:\\\/\\\/ecosupplements.be\\\/fr\\\/produit\\\/glucosamine-et-msm-vegetarien-120-gelules\\\/#primaryimage\",\"url\":\"https:\\\/\\\/ecosupplements.be\\\/wp-content\\\/uploads\\\/2025\\\/08\\\/NOW-Foods-Glucosamine-MSM-Vegetarian-120-vcaps.jpg\",\"contentUrl\":\"https:\\\/\\\/ecosupplements.be\\\/wp-content\\\/uploads\\\/2025\\\/08\\\/NOW-Foods-Glucosamine-MSM-Vegetarian-120-vcaps.jpg\",\"width\":750,\"height\":750},{\"@type\":\"BreadcrumbList\",\"@id\":\"https:\\\/\\\/ecosupplements.be\\\/fr\\\/produit\\\/glucosamine-et-msm-vegetarien-120-gelules\\\/#breadcrumb\",\"itemListElement\":[{\"@type\":\"ListItem\",\"position\":1,\"name\":\"Home\",\"item\":\"https:\\\/\\\/ecosupplements.be\\\/fr\\\/\"},{\"@type\":\"ListItem\",\"position\":2,\"name\":\"Boutique\",\"item\":\"https:\\\/\\\/ecosupplements.be\\\/fr\\\/boutique\\\/\"},{\"@type\":\"ListItem\",\"position\":3,\"name\":\"Glucosamine et MSM V\u00e9g\u00e9tarien &#8211; 120 g\u00e9lules\"}]},{\"@type\":\"WebSite\",\"@id\":\"https:\\\/\\\/ecosupplements.be\\\/fr\\\/#website\",\"url\":\"https:\\\/\\\/ecosupplements.be\\\/fr\\\/\",\"name\":\"ECO Supplements\",\"description\":\"Eco Supplements - Gezonde supplementen\",\"publisher\":{\"@id\":\"https:\\\/\\\/ecosupplements.be\\\/fr\\\/#organization\"},\"potentialAction\":[{\"@type\":\"SearchAction\",\"target\":{\"@type\":\"EntryPoint\",\"urlTemplate\":\"https:\\\/\\\/ecosupplements.be\\\/fr\\\/?s={search_term_string}\"},\"query-input\":{\"@type\":\"PropertyValueSpecification\",\"valueRequired\":true,\"valueName\":\"search_term_string\"}}],\"inLanguage\":\"fr-FR\"},{\"@type\":\"Organization\",\"@id\":\"https:\\\/\\\/ecosupplements.be\\\/fr\\\/#organization\",\"name\":\"Eco Supplements\",\"url\":\"https:\\\/\\\/ecosupplements.be\\\/fr\\\/\",\"logo\":{\"@type\":\"ImageObject\",\"inLanguage\":\"fr-FR\",\"@id\":\"https:\\\/\\\/ecosupplements.be\\\/fr\\\/#\\\/schema\\\/logo\\\/image\\\/\",\"url\":\"https:\\\/\\\/ecosupplements.be\\\/wp-content\\\/uploads\\\/2022\\\/06\\\/ecosupplement-family.png\",\"contentUrl\":\"https:\\\/\\\/ecosupplements.be\\\/wp-content\\\/uploads\\\/2022\\\/06\\\/ecosupplement-family.png\",\"width\":593,\"height\":374,\"caption\":\"Eco Supplements\"},\"image\":{\"@id\":\"https:\\\/\\\/ecosupplements.be\\\/fr\\\/#\\\/schema\\\/logo\\\/image\\\/\"}}]}<\/script>\n<meta property=\"product:brand\" content=\"NOW Foods\" \/>\n<meta property=\"product:price:amount\" content=\"22.00\" \/>\n<meta property=\"product:price:currency\" content=\"EUR\" \/>\n<meta property=\"og:availability\" content=\"instock\" \/>\n<meta property=\"product:availability\" content=\"instock\" \/>\n<meta property=\"product:retailer_item_id\" content=\"733739031303\" \/>\n<meta property=\"product:condition\" content=\"new\" \/>\n<!-- \/ Yoast SEO Premium plugin. -->","yoast_head_json":{"title":"Glucosamine et MSM V\u00e9g\u00e9tarien - 120 g\u00e9lules - ECO Supplements","description":"Wij hebben een ruime keuze aan producten van Glucosamine et MSM V\u00e9g\u00e9tarien - 120 g\u00e9lules . Winkel bij Eco Supplements altijd gratis verzending boven 100\u20ac","robots":{"index":"index","follow":"follow","max-snippet":"max-snippet:-1","max-image-preview":"max-image-preview:large","max-video-preview":"max-video-preview:-1"},"canonical":"https:\/\/ecosupplements.be\/fr\/produit\/glucosamine-et-msm-vegetarien-120-gelules\/","og_locale":"fr_FR","og_type":"article","og_title":"Glucosamine et MSM V\u00e9g\u00e9tarien - 120 g\u00e9lules","og_description":"Wij hebben een ruime keuze aan producten van Glucosamine et MSM V\u00e9g\u00e9tarien - 120 g\u00e9lules . Winkel bij Eco Supplements altijd gratis verzending boven 100\u20ac","og_url":"https:\/\/ecosupplements.be\/fr\/produit\/glucosamine-et-msm-vegetarien-120-gelules\/","og_site_name":"ECO Supplements","article_modified_time":"2025-08-27T13:49:30+00:00","og_image":[{"width":490,"height":880,"url":"https:\/\/ecosupplements.be\/wp-content\/uploads\/2025\/08\/Glucosamine-MSM-Vegetarian-120-vcaps.jpg","type":"image\/jpeg"}],"twitter_card":"summary_large_image","twitter_misc":{"Prix":"22&nbsp;&euro;","Disponibilit\u00e9":"En stock"},"schema":{"@context":"https:\/\/schema.org","@graph":[{"@type":["WebPage","ItemPage"],"@id":"https:\/\/ecosupplements.be\/fr\/produit\/glucosamine-et-msm-vegetarien-120-gelules\/","url":"https:\/\/ecosupplements.be\/fr\/produit\/glucosamine-et-msm-vegetarien-120-gelules\/","name":"Glucosamine et MSM V\u00e9g\u00e9tarien - 120 g\u00e9lules - ECO Supplements","isPartOf":{"@id":"https:\/\/ecosupplements.be\/fr\/#website"},"primaryImageOfPage":{"@id":"https:\/\/ecosupplements.be\/fr\/produit\/glucosamine-et-msm-vegetarien-120-gelules\/#primaryimage"},"image":{"@id":"https:\/\/ecosupplements.be\/fr\/produit\/glucosamine-et-msm-vegetarien-120-gelules\/#primaryimage"},"thumbnailUrl":"https:\/\/ecosupplements.be\/wp-content\/uploads\/2025\/08\/NOW-Foods-Glucosamine-MSM-Vegetarian-120-vcaps.jpg","datePublished":"2022-06-28T09:23:49+00:00","dateModified":"2025-08-27T13:49:30+00:00","description":"Wij hebben een ruime keuze aan producten van Glucosamine et MSM V\u00e9g\u00e9tarien - 120 g\u00e9lules . Winkel bij Eco Supplements altijd gratis verzending boven 100\u20ac","breadcrumb":{"@id":"https:\/\/ecosupplements.be\/fr\/produit\/glucosamine-et-msm-vegetarien-120-gelules\/#breadcrumb"},"inLanguage":"fr-FR","potentialAction":[{"@type":"ReadAction","target":["https:\/\/ecosupplements.be\/fr\/produit\/glucosamine-et-msm-vegetarien-120-gelules\/"]}]},{"@type":"ImageObject","inLanguage":"fr-FR","@id":"https:\/\/ecosupplements.be\/fr\/produit\/glucosamine-et-msm-vegetarien-120-gelules\/#primaryimage","url":"https:\/\/ecosupplements.be\/wp-content\/uploads\/2025\/08\/NOW-Foods-Glucosamine-MSM-Vegetarian-120-vcaps.jpg","contentUrl":"https:\/\/ecosupplements.be\/wp-content\/uploads\/2025\/08\/NOW-Foods-Glucosamine-MSM-Vegetarian-120-vcaps.jpg","width":750,"height":750},{"@type":"BreadcrumbList","@id":"https:\/\/ecosupplements.be\/fr\/produit\/glucosamine-et-msm-vegetarien-120-gelules\/#breadcrumb","itemListElement":[{"@type":"ListItem","position":1,"name":"Home","item":"https:\/\/ecosupplements.be\/fr\/"},{"@type":"ListItem","position":2,"name":"Boutique","item":"https:\/\/ecosupplements.be\/fr\/boutique\/"},{"@type":"ListItem","position":3,"name":"Glucosamine et MSM V\u00e9g\u00e9tarien &#8211; 120 g\u00e9lules"}]},{"@type":"WebSite","@id":"https:\/\/ecosupplements.be\/fr\/#website","url":"https:\/\/ecosupplements.be\/fr\/","name":"ECO Supplements","description":"Eco Supplements - Gezonde supplementen","publisher":{"@id":"https:\/\/ecosupplements.be\/fr\/#organization"},"potentialAction":[{"@type":"SearchAction","target":{"@type":"EntryPoint","urlTemplate":"https:\/\/ecosupplements.be\/fr\/?s={search_term_string}"},"query-input":{"@type":"PropertyValueSpecification","valueRequired":true,"valueName":"search_term_string"}}],"inLanguage":"fr-FR"},{"@type":"Organization","@id":"https:\/\/ecosupplements.be\/fr\/#organization","name":"Eco Supplements","url":"https:\/\/ecosupplements.be\/fr\/","logo":{"@type":"ImageObject","inLanguage":"fr-FR","@id":"https:\/\/ecosupplements.be\/fr\/#\/schema\/logo\/image\/","url":"https:\/\/ecosupplements.be\/wp-content\/uploads\/2022\/06\/ecosupplement-family.png","contentUrl":"https:\/\/ecosupplements.be\/wp-content\/uploads\/2022\/06\/ecosupplement-family.png","width":593,"height":374,"caption":"Eco Supplements"},"image":{"@id":"https:\/\/ecosupplements.be\/fr\/#\/schema\/logo\/image\/"}}]},"product_brand":"NOW Foods","product_price_amount":"22.00","product_price_currency":"EUR","og_availability":"instock","product_availability":"instock","product_retailer_item_id":"733739031303","product_condition":"new"},"_links":{"self":[{"href":"https:\/\/ecosupplements.be\/fr\/wp-json\/wp\/v2\/product\/288967","targetHints":{"allow":["GET"]}}],"collection":[{"href":"https:\/\/ecosupplements.be\/fr\/wp-json\/wp\/v2\/product"}],"about":[{"href":"https:\/\/ecosupplements.be\/fr\/wp-json\/wp\/v2\/types\/product"}],"replies":[{"embeddable":true,"href":"https:\/\/ecosupplements.be\/fr\/wp-json\/wp\/v2\/comments?post=288967"}],"wp:featuredmedia":[{"embeddable":true,"href":"https:\/\/ecosupplements.be\/fr\/wp-json\/wp\/v2\/media\/250787"}],"wp:attachment":[{"href":"https:\/\/ecosupplements.be\/fr\/wp-json\/wp\/v2\/media?parent=288967"}],"wp:term":[{"taxonomy":"product_brand","embeddable":true,"href":"https:\/\/ecosupplements.be\/fr\/wp-json\/wp\/v2\/product_brand?post=288967"},{"taxonomy":"product_cat","embeddable":true,"href":"https:\/\/ecosupplements.be\/fr\/wp-json\/wp\/v2\/product_cat?post=288967"},{"taxonomy":"product_tag","embeddable":true,"href":"https:\/\/ecosupplements.be\/fr\/wp-json\/wp\/v2\/product_tag?post=288967"}],"curies":[{"name":"wp","href":"https:\/\/api.w.org\/{rel}","templated":true}]}}