{"id":288970,"date":"2022-06-28T10:23:49","date_gmt":"2022-06-28T09:23:49","guid":{"rendered":"https:\/\/ecosupplements.be\/product\/glucosamine-et-msm-vegetarien-240-gelules\/"},"modified":"2025-08-27T14:49:33","modified_gmt":"2025-08-27T13:49:33","slug":"glucosamine-et-msm-vegetarien-240-gelules","status":"publish","type":"product","link":"https:\/\/ecosupplements.be\/fr\/produit\/glucosamine-et-msm-vegetarien-240-gelules\/","title":{"rendered":"Glucosamine et MSM V\u00e9g\u00e9tarien &#8211; 240 g\u00e9lules"},"content":{"rendered":"<h1> Glucosamine &#038; MSM Vegetarian &#8211; 240 vcaps <\/h1>\n<p>  La Glucosamine\u2063 &#038; MSM Vegetarian de NOW Foods est un compl\u00e9ment alimentaire de haute\u200c qualit\u00e9 qui combine deux\u2062 ingr\u00e9dients essentiels \u2062pour la sant\u00e9 des articulations : la \u2063glucosamine et le \u200dMSM (m\u00e9thylsulfonylm\u00e9thane). Ces deux compos\u00e9s sont naturellement pr\u00e9sents dans le corps et jouent un r\u00f4le important dans la formation et\u2064 la r\u00e9paration du cartilage, des\u2063 tendons et des ligaments. <\/p>\n<h2>  Caract\u00e9ristiques sp\u00e9ciales : <\/h2>\n<ul>\n<li>  Formule v\u00e9g\u00e9tarienne <\/li>\n<li>  Contient de la glucosamine \u2064et du\u2063 MSM \u2062 <\/li>\n<li>  Sans gluten <\/li>\n<li>  Sans OGM <\/li>\n<li>  Fabriqu\u00e9\u2062 aux \u00c9tats-Unis <\/li>\n<\/ul>\n<h2>  Ingr\u00e9dients : <\/h2>\n<p>  Chaque portion de 2 capsules v\u00e9g\u00e9tales contient\u200c : <\/p>\n<ul>\n<li>  Glucosamine HCl (sulfate\u200d de glucosamine) &#8211; 1 500 mg <\/li>\n<li>  MSM (m\u00e9thylsulfonylm\u00e9thane) &#8211; 1 000\u200d mg <\/li>\n<\/ul>\n<p>  Autres ingr\u00e9dients : Cellulose \u2063(capsule),\u2064 st\u00e9arate \u200dde magn\u00e9sium \u200d(source v\u00e9g\u00e9tale) et silice. <\/p>\n<h2>  \u200cAvantages uniques\u2062 : <\/h2>\n<p>  La Glucosamine &#038; MSM Vegetarian\u2064 de\u200c NOW Foods est une \u2063formule v\u00e9g\u00e9tarienne qui \u200cconvient \u00e0 tous les r\u00e9gimes alimentaires. Elle est \u00e9galement sans gluten et sans\u200b OGM,\u200d ce qui en fait \u200cun choix s\u00fbr pour\u200d les personnes\u2063 ayant des\u2063 restrictions alimentaires. La combinaison de la glucosamine et du MSM offre un soutien optimal pour la sant\u00e9 des articulations en favorisant \u2064la mobilit\u00e9 et en aidant \u00e0 r\u00e9duire l&#8217;inflammation et la\u2064 douleur. <\/p>\n<h2>  Principales caract\u00e9ristiques : <\/h2>\n<ul>\n<li>  \u2064 Compl\u00e9ment \u200dalimentaire pour la sant\u00e9 des articulations \u2063 <\/li>\n<li>  Formule v\u00e9g\u00e9tarienne,\u200c sans \u200bgluten et sans OGM <\/li>\n<li>  Contient de \u2063la glucosamine et du MSM pour un soutien \u2062optimal <\/li>\n<li>  Favorise \u2063la mobilit\u00e9 et aide \u00e0 r\u00e9duire l&#8217;inflammation et la douleur <\/li>\n<li>  Fabriqu\u00e9 aux \u00c9tats-Unis avec \u2064des ingr\u00e9dients de \u2064haute qualit\u00e9 <\/li>\n<\/ul>\n<p>  Prenez soin de\u2064 vos articulations avec la Glucosamine &#038; MSM Vegetarian de NOW Foods. Commandez\u2063 d\u00e8s maintenant et profitez d&#8217;une meilleure mobilit\u00e9\u200c et d&#8217;une sant\u00e9 articulaire optimale. <\/p>\n","protected":false},"excerpt":{"rendered":"<p>Glucosamine &#038; MSM Vegetarian &#8211; 240 vcaps La Glucosamine\u2063 &#038; MSM Vegetarian de NOW Foods est un compl\u00e9ment alimentaire de haute\u200c qualit\u00e9 qui combine deux\u2062 ingr\u00e9dients essentiels \u2062pour la sant\u00e9 des articulations : la \u2063glucosamine et le \u200dMSM (m\u00e9thylsulfonylm\u00e9thane). Ces deux compos\u00e9s sont naturellement pr\u00e9sents dans le corps et jouent un r\u00f4le important dans la [&#8230;]\n","protected":false},"featured_media":250792,"comment_status":"open","ping_status":"open","template":"","meta":[],"product_brand":[4733],"product_cat":[5054,5055,5052,5084,5053],"product_tag":[],"class_list":{"0":"post-288970","1":"product","2":"type-product","3":"status-publish","4":"has-post-thumbnail","6":"product_brand-now-foods-2","7":"product_cat-nourriture-saine","8":"product_cat-produits-vegetaliens","9":"product_cat-sante-et-bien-etre","10":"product_cat-soutien-conjoint","11":"product_cat-vitamines-et-mineraux","13":"first","14":"instock","15":"taxable","16":"shipping-taxable","17":"purchasable","18":"product-type-simple"},"yoast_head":"<!-- This site is optimized with the Yoast SEO Premium plugin v27.3 (Yoast SEO v27.3) - https:\/\/yoast.com\/product\/yoast-seo-premium-wordpress\/ -->\n<title>Glucosamine et MSM V\u00e9g\u00e9tarien - 240 g\u00e9lules - ECO Supplements<\/title>\n<meta name=\"description\" content=\"Wij hebben een ruime keuze aan producten van Glucosamine et MSM V\u00e9g\u00e9tarien - 240 g\u00e9lules . Winkel bij Eco Supplements altijd gratis verzending boven 100\u20ac\" \/>\n<meta name=\"robots\" content=\"index, follow, max-snippet:-1, max-image-preview:large, max-video-preview:-1\" \/>\n<link rel=\"canonical\" href=\"https:\/\/ecosupplements.be\/fr\/produit\/glucosamine-et-msm-vegetarien-240-gelules\/\" \/>\n<meta property=\"og:locale\" content=\"fr_FR\" \/>\n<meta property=\"og:type\" content=\"article\" \/>\n<meta property=\"og:title\" content=\"Glucosamine et MSM V\u00e9g\u00e9tarien - 240 g\u00e9lules\" \/>\n<meta property=\"og:description\" content=\"Wij hebben een ruime keuze aan producten van Glucosamine et MSM V\u00e9g\u00e9tarien - 240 g\u00e9lules . Winkel bij Eco Supplements altijd gratis verzending boven 100\u20ac\" \/>\n<meta property=\"og:url\" content=\"https:\/\/ecosupplements.be\/fr\/produit\/glucosamine-et-msm-vegetarien-240-gelules\/\" \/>\n<meta property=\"og:site_name\" content=\"ECO Supplements\" \/>\n<meta property=\"article:modified_time\" content=\"2025-08-27T13:49:33+00:00\" \/>\n<meta property=\"og:image\" content=\"https:\/\/ecosupplements.be\/wp-content\/uploads\/2025\/08\/Glucosamine-MSM-Vegetarian-240-vcaps.jpg\" \/>\n\t<meta property=\"og:image:width\" content=\"444\" \/>\n\t<meta property=\"og:image:height\" content=\"880\" \/>\n\t<meta property=\"og:image:type\" content=\"image\/jpeg\" \/>\n<meta name=\"twitter:card\" content=\"summary_large_image\" \/>\n<meta name=\"twitter:label1\" content=\"Prix\" \/>\n\t<meta name=\"twitter:data1\" content=\"39.62&nbsp;&euro;\" \/>\n\t<meta name=\"twitter:label2\" content=\"Disponibilit\u00e9\" \/>\n\t<meta name=\"twitter:data2\" content=\"En stock\" \/>\n<script type=\"application\/ld+json\" class=\"yoast-schema-graph\">{\"@context\":\"https:\\\/\\\/schema.org\",\"@graph\":[{\"@type\":[\"WebPage\",\"ItemPage\"],\"@id\":\"https:\\\/\\\/ecosupplements.be\\\/fr\\\/produit\\\/glucosamine-et-msm-vegetarien-240-gelules\\\/\",\"url\":\"https:\\\/\\\/ecosupplements.be\\\/fr\\\/produit\\\/glucosamine-et-msm-vegetarien-240-gelules\\\/\",\"name\":\"Glucosamine et MSM V\u00e9g\u00e9tarien - 240 g\u00e9lules - ECO Supplements\",\"isPartOf\":{\"@id\":\"https:\\\/\\\/ecosupplements.be\\\/fr\\\/#website\"},\"primaryImageOfPage\":{\"@id\":\"https:\\\/\\\/ecosupplements.be\\\/fr\\\/produit\\\/glucosamine-et-msm-vegetarien-240-gelules\\\/#primaryimage\"},\"image\":{\"@id\":\"https:\\\/\\\/ecosupplements.be\\\/fr\\\/produit\\\/glucosamine-et-msm-vegetarien-240-gelules\\\/#primaryimage\"},\"thumbnailUrl\":\"https:\\\/\\\/ecosupplements.be\\\/wp-content\\\/uploads\\\/2025\\\/08\\\/NOW-Foods-Glucosamine-MSM-Vegetarian-240-vcaps.jpg\",\"datePublished\":\"2022-06-28T09:23:49+00:00\",\"dateModified\":\"2025-08-27T13:49:33+00:00\",\"description\":\"Wij hebben een ruime keuze aan producten van Glucosamine et MSM V\u00e9g\u00e9tarien - 240 g\u00e9lules . Winkel bij Eco Supplements altijd gratis verzending boven 100\u20ac\",\"breadcrumb\":{\"@id\":\"https:\\\/\\\/ecosupplements.be\\\/fr\\\/produit\\\/glucosamine-et-msm-vegetarien-240-gelules\\\/#breadcrumb\"},\"inLanguage\":\"fr-FR\",\"potentialAction\":[{\"@type\":\"ReadAction\",\"target\":[\"https:\\\/\\\/ecosupplements.be\\\/fr\\\/produit\\\/glucosamine-et-msm-vegetarien-240-gelules\\\/\"]}]},{\"@type\":\"ImageObject\",\"inLanguage\":\"fr-FR\",\"@id\":\"https:\\\/\\\/ecosupplements.be\\\/fr\\\/produit\\\/glucosamine-et-msm-vegetarien-240-gelules\\\/#primaryimage\",\"url\":\"https:\\\/\\\/ecosupplements.be\\\/wp-content\\\/uploads\\\/2025\\\/08\\\/NOW-Foods-Glucosamine-MSM-Vegetarian-240-vcaps.jpg\",\"contentUrl\":\"https:\\\/\\\/ecosupplements.be\\\/wp-content\\\/uploads\\\/2025\\\/08\\\/NOW-Foods-Glucosamine-MSM-Vegetarian-240-vcaps.jpg\",\"width\":750,\"height\":750},{\"@type\":\"BreadcrumbList\",\"@id\":\"https:\\\/\\\/ecosupplements.be\\\/fr\\\/produit\\\/glucosamine-et-msm-vegetarien-240-gelules\\\/#breadcrumb\",\"itemListElement\":[{\"@type\":\"ListItem\",\"position\":1,\"name\":\"Home\",\"item\":\"https:\\\/\\\/ecosupplements.be\\\/fr\\\/\"},{\"@type\":\"ListItem\",\"position\":2,\"name\":\"Boutique\",\"item\":\"https:\\\/\\\/ecosupplements.be\\\/fr\\\/boutique\\\/\"},{\"@type\":\"ListItem\",\"position\":3,\"name\":\"Glucosamine et MSM V\u00e9g\u00e9tarien &#8211; 240 g\u00e9lules\"}]},{\"@type\":\"WebSite\",\"@id\":\"https:\\\/\\\/ecosupplements.be\\\/fr\\\/#website\",\"url\":\"https:\\\/\\\/ecosupplements.be\\\/fr\\\/\",\"name\":\"ECO Supplements\",\"description\":\"Eco Supplements - Gezonde supplementen\",\"publisher\":{\"@id\":\"https:\\\/\\\/ecosupplements.be\\\/fr\\\/#organization\"},\"potentialAction\":[{\"@type\":\"SearchAction\",\"target\":{\"@type\":\"EntryPoint\",\"urlTemplate\":\"https:\\\/\\\/ecosupplements.be\\\/fr\\\/?s={search_term_string}\"},\"query-input\":{\"@type\":\"PropertyValueSpecification\",\"valueRequired\":true,\"valueName\":\"search_term_string\"}}],\"inLanguage\":\"fr-FR\"},{\"@type\":\"Organization\",\"@id\":\"https:\\\/\\\/ecosupplements.be\\\/fr\\\/#organization\",\"name\":\"Eco Supplements\",\"url\":\"https:\\\/\\\/ecosupplements.be\\\/fr\\\/\",\"logo\":{\"@type\":\"ImageObject\",\"inLanguage\":\"fr-FR\",\"@id\":\"https:\\\/\\\/ecosupplements.be\\\/fr\\\/#\\\/schema\\\/logo\\\/image\\\/\",\"url\":\"https:\\\/\\\/ecosupplements.be\\\/wp-content\\\/uploads\\\/2022\\\/06\\\/ecosupplement-family.png\",\"contentUrl\":\"https:\\\/\\\/ecosupplements.be\\\/wp-content\\\/uploads\\\/2022\\\/06\\\/ecosupplement-family.png\",\"width\":593,\"height\":374,\"caption\":\"Eco Supplements\"},\"image\":{\"@id\":\"https:\\\/\\\/ecosupplements.be\\\/fr\\\/#\\\/schema\\\/logo\\\/image\\\/\"}}]}<\/script>\n<meta property=\"product:brand\" content=\"NOW Foods\" \/>\n<meta property=\"product:price:amount\" content=\"39.62\" \/>\n<meta property=\"product:price:currency\" content=\"EUR\" \/>\n<meta property=\"og:availability\" content=\"instock\" \/>\n<meta property=\"product:availability\" content=\"instock\" \/>\n<meta property=\"product:retailer_item_id\" content=\"733739031310\" \/>\n<meta property=\"product:condition\" content=\"new\" \/>\n<!-- \/ Yoast SEO Premium plugin. -->","yoast_head_json":{"title":"Glucosamine et MSM V\u00e9g\u00e9tarien - 240 g\u00e9lules - ECO Supplements","description":"Wij hebben een ruime keuze aan producten van Glucosamine et MSM V\u00e9g\u00e9tarien - 240 g\u00e9lules . Winkel bij Eco Supplements altijd gratis verzending boven 100\u20ac","robots":{"index":"index","follow":"follow","max-snippet":"max-snippet:-1","max-image-preview":"max-image-preview:large","max-video-preview":"max-video-preview:-1"},"canonical":"https:\/\/ecosupplements.be\/fr\/produit\/glucosamine-et-msm-vegetarien-240-gelules\/","og_locale":"fr_FR","og_type":"article","og_title":"Glucosamine et MSM V\u00e9g\u00e9tarien - 240 g\u00e9lules","og_description":"Wij hebben een ruime keuze aan producten van Glucosamine et MSM V\u00e9g\u00e9tarien - 240 g\u00e9lules . Winkel bij Eco Supplements altijd gratis verzending boven 100\u20ac","og_url":"https:\/\/ecosupplements.be\/fr\/produit\/glucosamine-et-msm-vegetarien-240-gelules\/","og_site_name":"ECO Supplements","article_modified_time":"2025-08-27T13:49:33+00:00","og_image":[{"width":444,"height":880,"url":"https:\/\/ecosupplements.be\/wp-content\/uploads\/2025\/08\/Glucosamine-MSM-Vegetarian-240-vcaps.jpg","type":"image\/jpeg"}],"twitter_card":"summary_large_image","twitter_misc":{"Prix":"39.62&nbsp;&euro;","Disponibilit\u00e9":"En stock"},"schema":{"@context":"https:\/\/schema.org","@graph":[{"@type":["WebPage","ItemPage"],"@id":"https:\/\/ecosupplements.be\/fr\/produit\/glucosamine-et-msm-vegetarien-240-gelules\/","url":"https:\/\/ecosupplements.be\/fr\/produit\/glucosamine-et-msm-vegetarien-240-gelules\/","name":"Glucosamine et MSM V\u00e9g\u00e9tarien - 240 g\u00e9lules - ECO Supplements","isPartOf":{"@id":"https:\/\/ecosupplements.be\/fr\/#website"},"primaryImageOfPage":{"@id":"https:\/\/ecosupplements.be\/fr\/produit\/glucosamine-et-msm-vegetarien-240-gelules\/#primaryimage"},"image":{"@id":"https:\/\/ecosupplements.be\/fr\/produit\/glucosamine-et-msm-vegetarien-240-gelules\/#primaryimage"},"thumbnailUrl":"https:\/\/ecosupplements.be\/wp-content\/uploads\/2025\/08\/NOW-Foods-Glucosamine-MSM-Vegetarian-240-vcaps.jpg","datePublished":"2022-06-28T09:23:49+00:00","dateModified":"2025-08-27T13:49:33+00:00","description":"Wij hebben een ruime keuze aan producten van Glucosamine et MSM V\u00e9g\u00e9tarien - 240 g\u00e9lules . Winkel bij Eco Supplements altijd gratis verzending boven 100\u20ac","breadcrumb":{"@id":"https:\/\/ecosupplements.be\/fr\/produit\/glucosamine-et-msm-vegetarien-240-gelules\/#breadcrumb"},"inLanguage":"fr-FR","potentialAction":[{"@type":"ReadAction","target":["https:\/\/ecosupplements.be\/fr\/produit\/glucosamine-et-msm-vegetarien-240-gelules\/"]}]},{"@type":"ImageObject","inLanguage":"fr-FR","@id":"https:\/\/ecosupplements.be\/fr\/produit\/glucosamine-et-msm-vegetarien-240-gelules\/#primaryimage","url":"https:\/\/ecosupplements.be\/wp-content\/uploads\/2025\/08\/NOW-Foods-Glucosamine-MSM-Vegetarian-240-vcaps.jpg","contentUrl":"https:\/\/ecosupplements.be\/wp-content\/uploads\/2025\/08\/NOW-Foods-Glucosamine-MSM-Vegetarian-240-vcaps.jpg","width":750,"height":750},{"@type":"BreadcrumbList","@id":"https:\/\/ecosupplements.be\/fr\/produit\/glucosamine-et-msm-vegetarien-240-gelules\/#breadcrumb","itemListElement":[{"@type":"ListItem","position":1,"name":"Home","item":"https:\/\/ecosupplements.be\/fr\/"},{"@type":"ListItem","position":2,"name":"Boutique","item":"https:\/\/ecosupplements.be\/fr\/boutique\/"},{"@type":"ListItem","position":3,"name":"Glucosamine et MSM V\u00e9g\u00e9tarien &#8211; 240 g\u00e9lules"}]},{"@type":"WebSite","@id":"https:\/\/ecosupplements.be\/fr\/#website","url":"https:\/\/ecosupplements.be\/fr\/","name":"ECO Supplements","description":"Eco Supplements - Gezonde supplementen","publisher":{"@id":"https:\/\/ecosupplements.be\/fr\/#organization"},"potentialAction":[{"@type":"SearchAction","target":{"@type":"EntryPoint","urlTemplate":"https:\/\/ecosupplements.be\/fr\/?s={search_term_string}"},"query-input":{"@type":"PropertyValueSpecification","valueRequired":true,"valueName":"search_term_string"}}],"inLanguage":"fr-FR"},{"@type":"Organization","@id":"https:\/\/ecosupplements.be\/fr\/#organization","name":"Eco Supplements","url":"https:\/\/ecosupplements.be\/fr\/","logo":{"@type":"ImageObject","inLanguage":"fr-FR","@id":"https:\/\/ecosupplements.be\/fr\/#\/schema\/logo\/image\/","url":"https:\/\/ecosupplements.be\/wp-content\/uploads\/2022\/06\/ecosupplement-family.png","contentUrl":"https:\/\/ecosupplements.be\/wp-content\/uploads\/2022\/06\/ecosupplement-family.png","width":593,"height":374,"caption":"Eco Supplements"},"image":{"@id":"https:\/\/ecosupplements.be\/fr\/#\/schema\/logo\/image\/"}}]},"product_brand":"NOW Foods","product_price_amount":"39.62","product_price_currency":"EUR","og_availability":"instock","product_availability":"instock","product_retailer_item_id":"733739031310","product_condition":"new"},"_links":{"self":[{"href":"https:\/\/ecosupplements.be\/fr\/wp-json\/wp\/v2\/product\/288970","targetHints":{"allow":["GET"]}}],"collection":[{"href":"https:\/\/ecosupplements.be\/fr\/wp-json\/wp\/v2\/product"}],"about":[{"href":"https:\/\/ecosupplements.be\/fr\/wp-json\/wp\/v2\/types\/product"}],"replies":[{"embeddable":true,"href":"https:\/\/ecosupplements.be\/fr\/wp-json\/wp\/v2\/comments?post=288970"}],"wp:featuredmedia":[{"embeddable":true,"href":"https:\/\/ecosupplements.be\/fr\/wp-json\/wp\/v2\/media\/250792"}],"wp:attachment":[{"href":"https:\/\/ecosupplements.be\/fr\/wp-json\/wp\/v2\/media?parent=288970"}],"wp:term":[{"taxonomy":"product_brand","embeddable":true,"href":"https:\/\/ecosupplements.be\/fr\/wp-json\/wp\/v2\/product_brand?post=288970"},{"taxonomy":"product_cat","embeddable":true,"href":"https:\/\/ecosupplements.be\/fr\/wp-json\/wp\/v2\/product_cat?post=288970"},{"taxonomy":"product_tag","embeddable":true,"href":"https:\/\/ecosupplements.be\/fr\/wp-json\/wp\/v2\/product_tag?post=288970"}],"curies":[{"name":"wp","href":"https:\/\/api.w.org\/{rel}","templated":true}]}}