{"id":288976,"date":"2022-06-28T10:23:49","date_gmt":"2022-06-28T09:23:49","guid":{"rendered":"https:\/\/ecosupplements.be\/product\/ulesglucosamine-sulfate-750mg-120-capsules\/"},"modified":"2025-08-27T14:49:39","modified_gmt":"2025-08-27T13:49:39","slug":"ulesglucosamine-sulfate-750mg-120-capsules","status":"publish","type":"product","link":"https:\/\/ecosupplements.be\/fr\/produit\/ulesglucosamine-sulfate-750mg-120-capsules\/","title":{"rendered":"Ules\n\nGlucosamine Sulfate, 750mg &#8211; 120 capsules"},"content":{"rendered":"<h1> Glucosamine Sulfate, 750mg &#8211; 120 \u2064caps <\/h1>\n<p>  Obtenez un soulagement naturel\u200c pour vos articulations avec \u200dla Glucosamine Sulfate de \u2063NOW Foods. \u200bCette formule puissante contient 750mg de sulfate de glucosamine par capsule, pour un total de 120 capsules par bouteille.\u200c <\/p>\n<h2>  \u2063 Caract\u00e9ristiques \u2063sp\u00e9ciales: <\/h2>\n<ul>\n<li>  750mg de sulfate de \u2064glucosamine par capsule <\/li>\n<li>  120 capsules par bouteille <\/li>\n<li>  Formule naturelle pour le soulagement des articulations <\/li>\n<li>  \u200c Fabriqu\u00e9 aux \u00c9tats-Unis <\/li>\n<\/ul>\n<h2>  Ingr\u00e9dients:\u200d <\/h2>\n<p>  Chaque\u2064 capsule contient 750mg de sulfate\u2062 de glucosamine, un compos\u00e9\u2064 naturellement \u200bpr\u00e9sent\u2062 dans le corps qui joue un r\u00f4le cl\u00e9 dans la sant\u00e9 des articulations. Ce produit est \u00e9galement exempt de gluten, de\u2063 bl\u00e9, de soja, de lait, d&#8217;\u0153ufs,\u200d de poisson, de crustac\u00e9s \u200bet \u200bde noix. \u2064 <\/p>\n<h2>  \u2064 Avantages uniques: <\/h2>\n<p>  La Glucosamine Sulfate de \u200bNOW Foods\u200c est une formule naturelle qui \u200bpeut \u200daider\u200c \u00e0\u2063 soulager les douleurs articulaires et \u00e0 am\u00e9liorer la \u200cmobilit\u00e9. Elle peut \u00e9galement contribuer \u00e0 la sant\u00e9 globale des\u2063 articulations en favorisant la\u2063 production\u200c de cartilage et \u2064en r\u00e9duisant l&#8217;inflammation. Ce produit est\u200c fabriqu\u00e9 aux \u00c9tats-Unis selon des normes strictes de qualit\u00e9 \u2063et de puret\u00e9.\u2062 <\/p>\n<h2>  Principales caract\u00e9ristiques: <\/h2>\n<ul>\n<li>  Soulagement naturel \u2063pour les articulations <\/li>\n<li>  Favorise la \u2063production de cartilage <\/li>\n<li>  \u200d R\u00e9duit l&#8217;inflammation <\/li>\n<li>  Fabriqu\u00e9 aux \u00c9tats-Unis selon \u2064des \u200bnormes strictes\u2062 <\/li>\n<\/ul>\n<p>  Donnez \u00e0 vos articulations le soutien dont \u200celles ont besoin avec la Glucosamine\u200c Sulfate\u2063 de\u2063 NOW Foods. Commandez d\u00e8s maintenant \u2064et profitez d&#8217;une meilleure mobilit\u00e9 et d&#8217;un soulagement naturel des douleurs articulaires. <\/p>\n","protected":false},"excerpt":{"rendered":"<p>Glucosamine Sulfate, 750mg &#8211; 120 \u2064caps Obtenez un soulagement naturel\u200c pour vos articulations avec \u200dla Glucosamine Sulfate de \u2063NOW Foods. \u200bCette formule puissante contient 750mg de sulfate de glucosamine par capsule, pour un total de 120 capsules par bouteille.\u200c \u2063 Caract\u00e9ristiques \u2063sp\u00e9ciales: 750mg de sulfate de \u2064glucosamine par capsule 120 capsules par bouteille Formule naturelle [&#8230;]\n","protected":false},"featured_media":250812,"comment_status":"open","ping_status":"open","template":"","meta":[],"product_brand":[4733],"product_cat":[5052,5084,5053],"product_tag":[],"class_list":{"0":"post-288976","1":"product","2":"type-product","3":"status-publish","4":"has-post-thumbnail","6":"product_brand-now-foods-2","7":"product_cat-sante-et-bien-etre","8":"product_cat-soutien-conjoint","9":"product_cat-vitamines-et-mineraux","11":"first","12":"instock","13":"taxable","14":"shipping-taxable","15":"purchasable","16":"product-type-simple"},"yoast_head":"<!-- This site is optimized with the Yoast SEO Premium plugin v27.3 (Yoast SEO v27.3) - https:\/\/yoast.com\/product\/yoast-seo-premium-wordpress\/ -->\n<title>Ules Glucosamine Sulfate, 750mg - 120 capsules - ECO Supplements<\/title>\n<meta name=\"description\" content=\"Wij hebben een ruime keuze aan producten van Ules Glucosamine Sulfate, 750mg - 120 capsules . Winkel bij Eco Supplements altijd gratis verzending boven 100\u20ac\" \/>\n<meta name=\"robots\" content=\"index, follow, max-snippet:-1, max-image-preview:large, max-video-preview:-1\" \/>\n<link rel=\"canonical\" href=\"https:\/\/ecosupplements.be\/fr\/produit\/ulesglucosamine-sulfate-750mg-120-capsules\/\" \/>\n<meta property=\"og:locale\" content=\"fr_FR\" \/>\n<meta property=\"og:type\" content=\"article\" \/>\n<meta property=\"og:title\" content=\"Ules Glucosamine Sulfate, 750mg - 120 capsules\" \/>\n<meta property=\"og:description\" content=\"Wij hebben een ruime keuze aan producten van Ules Glucosamine Sulfate, 750mg - 120 capsules . Winkel bij Eco Supplements altijd gratis verzending boven 100\u20ac\" \/>\n<meta property=\"og:url\" content=\"https:\/\/ecosupplements.be\/fr\/produit\/ulesglucosamine-sulfate-750mg-120-capsules\/\" \/>\n<meta property=\"og:site_name\" content=\"ECO Supplements\" \/>\n<meta property=\"article:modified_time\" content=\"2025-08-27T13:49:39+00:00\" \/>\n<meta property=\"og:image\" content=\"https:\/\/ecosupplements.be\/wp-content\/uploads\/2025\/08\/Glucosamine-Sulfate-750mg-120-caps.jpg\" \/>\n\t<meta property=\"og:image:width\" content=\"477\" \/>\n\t<meta property=\"og:image:height\" content=\"880\" \/>\n\t<meta property=\"og:image:type\" content=\"image\/jpeg\" \/>\n<meta name=\"twitter:card\" content=\"summary_large_image\" \/>\n<meta name=\"twitter:label1\" content=\"Prix\" \/>\n\t<meta name=\"twitter:data1\" content=\"18.57&nbsp;&euro;\" \/>\n\t<meta name=\"twitter:label2\" content=\"Disponibilit\u00e9\" \/>\n\t<meta name=\"twitter:data2\" content=\"En stock\" \/>\n<script type=\"application\/ld+json\" class=\"yoast-schema-graph\">{\"@context\":\"https:\\\/\\\/schema.org\",\"@graph\":[{\"@type\":[\"WebPage\",\"ItemPage\"],\"@id\":\"https:\\\/\\\/ecosupplements.be\\\/fr\\\/produit\\\/ulesglucosamine-sulfate-750mg-120-capsules\\\/\",\"url\":\"https:\\\/\\\/ecosupplements.be\\\/fr\\\/produit\\\/ulesglucosamine-sulfate-750mg-120-capsules\\\/\",\"name\":\"Ules Glucosamine Sulfate, 750mg - 120 capsules - ECO Supplements\",\"isPartOf\":{\"@id\":\"https:\\\/\\\/ecosupplements.be\\\/fr\\\/#website\"},\"primaryImageOfPage\":{\"@id\":\"https:\\\/\\\/ecosupplements.be\\\/fr\\\/produit\\\/ulesglucosamine-sulfate-750mg-120-capsules\\\/#primaryimage\"},\"image\":{\"@id\":\"https:\\\/\\\/ecosupplements.be\\\/fr\\\/produit\\\/ulesglucosamine-sulfate-750mg-120-capsules\\\/#primaryimage\"},\"thumbnailUrl\":\"https:\\\/\\\/ecosupplements.be\\\/wp-content\\\/uploads\\\/2025\\\/08\\\/NOW-Foods-Glucosamine-Sulfate-750mg-120-caps.jpg\",\"datePublished\":\"2022-06-28T09:23:49+00:00\",\"dateModified\":\"2025-08-27T13:49:39+00:00\",\"description\":\"Wij hebben een ruime keuze aan producten van Ules Glucosamine Sulfate, 750mg - 120 capsules . Winkel bij Eco Supplements altijd gratis verzending boven 100\u20ac\",\"breadcrumb\":{\"@id\":\"https:\\\/\\\/ecosupplements.be\\\/fr\\\/produit\\\/ulesglucosamine-sulfate-750mg-120-capsules\\\/#breadcrumb\"},\"inLanguage\":\"fr-FR\",\"potentialAction\":[{\"@type\":\"ReadAction\",\"target\":[\"https:\\\/\\\/ecosupplements.be\\\/fr\\\/produit\\\/ulesglucosamine-sulfate-750mg-120-capsules\\\/\"]}]},{\"@type\":\"ImageObject\",\"inLanguage\":\"fr-FR\",\"@id\":\"https:\\\/\\\/ecosupplements.be\\\/fr\\\/produit\\\/ulesglucosamine-sulfate-750mg-120-capsules\\\/#primaryimage\",\"url\":\"https:\\\/\\\/ecosupplements.be\\\/wp-content\\\/uploads\\\/2025\\\/08\\\/NOW-Foods-Glucosamine-Sulfate-750mg-120-caps.jpg\",\"contentUrl\":\"https:\\\/\\\/ecosupplements.be\\\/wp-content\\\/uploads\\\/2025\\\/08\\\/NOW-Foods-Glucosamine-Sulfate-750mg-120-caps.jpg\",\"width\":750,\"height\":750},{\"@type\":\"BreadcrumbList\",\"@id\":\"https:\\\/\\\/ecosupplements.be\\\/fr\\\/produit\\\/ulesglucosamine-sulfate-750mg-120-capsules\\\/#breadcrumb\",\"itemListElement\":[{\"@type\":\"ListItem\",\"position\":1,\"name\":\"Home\",\"item\":\"https:\\\/\\\/ecosupplements.be\\\/fr\\\/\"},{\"@type\":\"ListItem\",\"position\":2,\"name\":\"Boutique\",\"item\":\"https:\\\/\\\/ecosupplements.be\\\/fr\\\/boutique\\\/\"},{\"@type\":\"ListItem\",\"position\":3,\"name\":\"Ules Glucosamine Sulfate, 750mg &#8211; 120 capsules\"}]},{\"@type\":\"WebSite\",\"@id\":\"https:\\\/\\\/ecosupplements.be\\\/fr\\\/#website\",\"url\":\"https:\\\/\\\/ecosupplements.be\\\/fr\\\/\",\"name\":\"ECO Supplements\",\"description\":\"Eco Supplements - Gezonde supplementen\",\"publisher\":{\"@id\":\"https:\\\/\\\/ecosupplements.be\\\/fr\\\/#organization\"},\"potentialAction\":[{\"@type\":\"SearchAction\",\"target\":{\"@type\":\"EntryPoint\",\"urlTemplate\":\"https:\\\/\\\/ecosupplements.be\\\/fr\\\/?s={search_term_string}\"},\"query-input\":{\"@type\":\"PropertyValueSpecification\",\"valueRequired\":true,\"valueName\":\"search_term_string\"}}],\"inLanguage\":\"fr-FR\"},{\"@type\":\"Organization\",\"@id\":\"https:\\\/\\\/ecosupplements.be\\\/fr\\\/#organization\",\"name\":\"Eco Supplements\",\"url\":\"https:\\\/\\\/ecosupplements.be\\\/fr\\\/\",\"logo\":{\"@type\":\"ImageObject\",\"inLanguage\":\"fr-FR\",\"@id\":\"https:\\\/\\\/ecosupplements.be\\\/fr\\\/#\\\/schema\\\/logo\\\/image\\\/\",\"url\":\"https:\\\/\\\/ecosupplements.be\\\/wp-content\\\/uploads\\\/2022\\\/06\\\/ecosupplement-family.png\",\"contentUrl\":\"https:\\\/\\\/ecosupplements.be\\\/wp-content\\\/uploads\\\/2022\\\/06\\\/ecosupplement-family.png\",\"width\":593,\"height\":374,\"caption\":\"Eco Supplements\"},\"image\":{\"@id\":\"https:\\\/\\\/ecosupplements.be\\\/fr\\\/#\\\/schema\\\/logo\\\/image\\\/\"}}]}<\/script>\n<meta property=\"product:brand\" content=\"NOW Foods\" \/>\n<meta property=\"product:price:amount\" content=\"18.57\" \/>\n<meta property=\"product:price:currency\" content=\"EUR\" \/>\n<meta property=\"og:availability\" content=\"instock\" \/>\n<meta property=\"product:availability\" content=\"instock\" \/>\n<meta property=\"product:retailer_item_id\" content=\"733739032355\" \/>\n<meta property=\"product:condition\" content=\"new\" \/>\n<!-- \/ Yoast SEO Premium plugin. -->","yoast_head_json":{"title":"Ules Glucosamine Sulfate, 750mg - 120 capsules - ECO Supplements","description":"Wij hebben een ruime keuze aan producten van Ules Glucosamine Sulfate, 750mg - 120 capsules . Winkel bij Eco Supplements altijd gratis verzending boven 100\u20ac","robots":{"index":"index","follow":"follow","max-snippet":"max-snippet:-1","max-image-preview":"max-image-preview:large","max-video-preview":"max-video-preview:-1"},"canonical":"https:\/\/ecosupplements.be\/fr\/produit\/ulesglucosamine-sulfate-750mg-120-capsules\/","og_locale":"fr_FR","og_type":"article","og_title":"Ules Glucosamine Sulfate, 750mg - 120 capsules","og_description":"Wij hebben een ruime keuze aan producten van Ules Glucosamine Sulfate, 750mg - 120 capsules . Winkel bij Eco Supplements altijd gratis verzending boven 100\u20ac","og_url":"https:\/\/ecosupplements.be\/fr\/produit\/ulesglucosamine-sulfate-750mg-120-capsules\/","og_site_name":"ECO Supplements","article_modified_time":"2025-08-27T13:49:39+00:00","og_image":[{"width":477,"height":880,"url":"https:\/\/ecosupplements.be\/wp-content\/uploads\/2025\/08\/Glucosamine-Sulfate-750mg-120-caps.jpg","type":"image\/jpeg"}],"twitter_card":"summary_large_image","twitter_misc":{"Prix":"18.57&nbsp;&euro;","Disponibilit\u00e9":"En stock"},"schema":{"@context":"https:\/\/schema.org","@graph":[{"@type":["WebPage","ItemPage"],"@id":"https:\/\/ecosupplements.be\/fr\/produit\/ulesglucosamine-sulfate-750mg-120-capsules\/","url":"https:\/\/ecosupplements.be\/fr\/produit\/ulesglucosamine-sulfate-750mg-120-capsules\/","name":"Ules Glucosamine Sulfate, 750mg - 120 capsules - ECO Supplements","isPartOf":{"@id":"https:\/\/ecosupplements.be\/fr\/#website"},"primaryImageOfPage":{"@id":"https:\/\/ecosupplements.be\/fr\/produit\/ulesglucosamine-sulfate-750mg-120-capsules\/#primaryimage"},"image":{"@id":"https:\/\/ecosupplements.be\/fr\/produit\/ulesglucosamine-sulfate-750mg-120-capsules\/#primaryimage"},"thumbnailUrl":"https:\/\/ecosupplements.be\/wp-content\/uploads\/2025\/08\/NOW-Foods-Glucosamine-Sulfate-750mg-120-caps.jpg","datePublished":"2022-06-28T09:23:49+00:00","dateModified":"2025-08-27T13:49:39+00:00","description":"Wij hebben een ruime keuze aan producten van Ules Glucosamine Sulfate, 750mg - 120 capsules . Winkel bij Eco Supplements altijd gratis verzending boven 100\u20ac","breadcrumb":{"@id":"https:\/\/ecosupplements.be\/fr\/produit\/ulesglucosamine-sulfate-750mg-120-capsules\/#breadcrumb"},"inLanguage":"fr-FR","potentialAction":[{"@type":"ReadAction","target":["https:\/\/ecosupplements.be\/fr\/produit\/ulesglucosamine-sulfate-750mg-120-capsules\/"]}]},{"@type":"ImageObject","inLanguage":"fr-FR","@id":"https:\/\/ecosupplements.be\/fr\/produit\/ulesglucosamine-sulfate-750mg-120-capsules\/#primaryimage","url":"https:\/\/ecosupplements.be\/wp-content\/uploads\/2025\/08\/NOW-Foods-Glucosamine-Sulfate-750mg-120-caps.jpg","contentUrl":"https:\/\/ecosupplements.be\/wp-content\/uploads\/2025\/08\/NOW-Foods-Glucosamine-Sulfate-750mg-120-caps.jpg","width":750,"height":750},{"@type":"BreadcrumbList","@id":"https:\/\/ecosupplements.be\/fr\/produit\/ulesglucosamine-sulfate-750mg-120-capsules\/#breadcrumb","itemListElement":[{"@type":"ListItem","position":1,"name":"Home","item":"https:\/\/ecosupplements.be\/fr\/"},{"@type":"ListItem","position":2,"name":"Boutique","item":"https:\/\/ecosupplements.be\/fr\/boutique\/"},{"@type":"ListItem","position":3,"name":"Ules Glucosamine Sulfate, 750mg &#8211; 120 capsules"}]},{"@type":"WebSite","@id":"https:\/\/ecosupplements.be\/fr\/#website","url":"https:\/\/ecosupplements.be\/fr\/","name":"ECO Supplements","description":"Eco Supplements - Gezonde supplementen","publisher":{"@id":"https:\/\/ecosupplements.be\/fr\/#organization"},"potentialAction":[{"@type":"SearchAction","target":{"@type":"EntryPoint","urlTemplate":"https:\/\/ecosupplements.be\/fr\/?s={search_term_string}"},"query-input":{"@type":"PropertyValueSpecification","valueRequired":true,"valueName":"search_term_string"}}],"inLanguage":"fr-FR"},{"@type":"Organization","@id":"https:\/\/ecosupplements.be\/fr\/#organization","name":"Eco Supplements","url":"https:\/\/ecosupplements.be\/fr\/","logo":{"@type":"ImageObject","inLanguage":"fr-FR","@id":"https:\/\/ecosupplements.be\/fr\/#\/schema\/logo\/image\/","url":"https:\/\/ecosupplements.be\/wp-content\/uploads\/2022\/06\/ecosupplement-family.png","contentUrl":"https:\/\/ecosupplements.be\/wp-content\/uploads\/2022\/06\/ecosupplement-family.png","width":593,"height":374,"caption":"Eco Supplements"},"image":{"@id":"https:\/\/ecosupplements.be\/fr\/#\/schema\/logo\/image\/"}}]},"product_brand":"NOW Foods","product_price_amount":"18.57","product_price_currency":"EUR","og_availability":"instock","product_availability":"instock","product_retailer_item_id":"733739032355","product_condition":"new"},"_links":{"self":[{"href":"https:\/\/ecosupplements.be\/fr\/wp-json\/wp\/v2\/product\/288976","targetHints":{"allow":["GET"]}}],"collection":[{"href":"https:\/\/ecosupplements.be\/fr\/wp-json\/wp\/v2\/product"}],"about":[{"href":"https:\/\/ecosupplements.be\/fr\/wp-json\/wp\/v2\/types\/product"}],"replies":[{"embeddable":true,"href":"https:\/\/ecosupplements.be\/fr\/wp-json\/wp\/v2\/comments?post=288976"}],"wp:featuredmedia":[{"embeddable":true,"href":"https:\/\/ecosupplements.be\/fr\/wp-json\/wp\/v2\/media\/250812"}],"wp:attachment":[{"href":"https:\/\/ecosupplements.be\/fr\/wp-json\/wp\/v2\/media?parent=288976"}],"wp:term":[{"taxonomy":"product_brand","embeddable":true,"href":"https:\/\/ecosupplements.be\/fr\/wp-json\/wp\/v2\/product_brand?post=288976"},{"taxonomy":"product_cat","embeddable":true,"href":"https:\/\/ecosupplements.be\/fr\/wp-json\/wp\/v2\/product_cat?post=288976"},{"taxonomy":"product_tag","embeddable":true,"href":"https:\/\/ecosupplements.be\/fr\/wp-json\/wp\/v2\/product_tag?post=288976"}],"curies":[{"name":"wp","href":"https:\/\/api.w.org\/{rel}","templated":true}]}}