{"id":288982,"date":"2022-06-28T10:23:49","date_gmt":"2022-06-28T09:23:49","guid":{"rendered":"https:\/\/ecosupplements.be\/product\/eclaircissant-de-peau-au-glutathion-avec-ceramosides-30-gelules\/"},"modified":"2025-08-27T14:49:45","modified_gmt":"2025-08-27T13:49:45","slug":"eclaircissant-de-peau-au-glutathion-avec-ceramosides-30-gelules","status":"publish","type":"product","link":"https:\/\/ecosupplements.be\/fr\/produit\/eclaircissant-de-peau-au-glutathion-avec-ceramosides-30-gelules\/","title":{"rendered":"\u00c9claircissant de peau au glutathion avec Ceramosides &#8211; 30 g\u00e9lules"},"content":{"rendered":"<h1>Glutathione Skin Brightener \u2064with Ceramosides &#8211; 30 vcaps<\/h1>\n<p>Obtenez une\u2063 peau \u00e9clatante et radieuse avec le Glutathione Skin Brightener with Ceramosides de NOW Foods. Cette formule unique combine\u2062 les bienfaits du glutathion, un antioxydant \u200dpuissant, avec les \u2062propri\u00e9t\u00e9s hydratantes \u2062et nourrissantes des ceramosides pour vous offrir une peau saine et lumineuse.<\/p>\n<h2>Caract\u00e9ristiques sp\u00e9ciales:<\/h2>\n<ul>\n<li>Contient du glutathion, un antioxydant \u200dnaturel\u200d qui aide \u00e0 prot\u00e9ger la peau \u200dcontre \u200bles dommages caus\u00e9s\u2063 par les radicaux libres.<\/li>\n<li>Enrichi \u200den\u2064 ceramosides, un ingr\u00e9dient brevet\u00e9 qui aide \u00e0 maintenir\u2064 l&#8217;hydratation de\u200c la peau et \u00e0\u200b renforcer sa barri\u00e8re \u200bprotectrice.<\/li>\n<li>Formule v\u00e9g\u00e9tarienne et sans gluten.<\/li>\n<li>Produit fabriqu\u00e9\u2064 aux \u00c9tats-Unis selon les normes de qualit\u00e9\u200b les plus strictes.<\/li>\n<\/ul>\n<h2>Ingr\u00e9dients cl\u00e9s:<\/h2>\n<p>Glutathione, Ceramosides (extrait de \u200dbl\u00e9), Cellulose (capsule), Cellulose en poudre, St\u00e9arate de magn\u00e9sium\u2063 (source v\u00e9g\u00e9tale) et Silice.<\/p>\n<h2>Avantages \u200buniques:<\/h2>\n<ul>\n<li>Am\u00e9liore la luminosit\u00e9 et l&#8217;\u00e9clat de la peau.<\/li>\n<li>Aide \u00e0 r\u00e9duire l&#8217;apparence des taches sombres et\u200d des imperfections.<\/li>\n<li>Hydrate et nourrit la peau\u2064 en profondeur.<\/li>\n<li>Renforce \u2062la barri\u00e8re protectrice de la peau\u200c pour\u200c la prot\u00e9ger contre les \u200bagressions ext\u00e9rieures.<\/li>\n<li>Contribue \u00e0 un teint plus uniforme et plus \u00e9clatant.<\/li>\n<\/ul>\n<h2>Conseils d&#8217;utilisation:<\/h2>\n<p>Prenez 1\u2062 capsule par jour avec\u2064 de l&#8217;eau, de pr\u00e9f\u00e9rence pendant un repas.<\/p>\n<p>Obtenez une peau \u00e9clatante et radieuse avec le\u200c Glutathione Skin\u2064 Brightener with Ceramosides de NOW Foods. Commandez\u200c d\u00e8s maintenant et d\u00e9couvrez les\u2062 bienfaits de\u2062 cette formule unique pour une peau \u2062saine et lumineuse.<\/p>\n","protected":false},"excerpt":{"rendered":"<p>Glutathione Skin Brightener \u2064with Ceramosides &#8211; 30 vcaps Obtenez une\u2063 peau \u00e9clatante et radieuse avec le Glutathione Skin Brightener with Ceramosides de NOW Foods. Cette formule unique combine\u2062 les bienfaits du glutathion, un antioxydant \u200dpuissant, avec les \u2062propri\u00e9t\u00e9s hydratantes \u2062et nourrissantes des ceramosides pour vous offrir une peau saine et lumineuse. Caract\u00e9ristiques sp\u00e9ciales: Contient du [&#8230;]\n","protected":false},"featured_media":250822,"comment_status":"open","ping_status":"open","template":"","meta":[],"product_brand":[4733],"product_cat":[5054,5055,5052,5053],"product_tag":[],"class_list":{"0":"post-288982","1":"product","2":"type-product","3":"status-publish","4":"has-post-thumbnail","6":"product_brand-now-foods-2","7":"product_cat-nourriture-saine","8":"product_cat-produits-vegetaliens","9":"product_cat-sante-et-bien-etre","10":"product_cat-vitamines-et-mineraux","12":"first","13":"instock","14":"taxable","15":"shipping-taxable","16":"purchasable","17":"product-type-simple"},"yoast_head":"<!-- This site is optimized with the Yoast SEO Premium plugin v27.5 (Yoast SEO v27.5) - https:\/\/yoast.com\/product\/yoast-seo-premium-wordpress\/ -->\n<title>\u00c9claircissant de peau au glutathion avec Ceramosides - 30 g\u00e9lules - ECO Supplements<\/title>\n<meta name=\"description\" content=\"Wij hebben een ruime keuze aan producten van \u00c9claircissant de peau au glutathion avec Ceramosides - 30 g\u00e9lules . Winkel bij Eco Supplements altijd gratis verzending boven 100\u20ac\" \/>\n<meta name=\"robots\" content=\"index, follow, max-snippet:-1, max-image-preview:large, max-video-preview:-1\" \/>\n<link rel=\"canonical\" href=\"https:\/\/ecosupplements.be\/fr\/produit\/eclaircissant-de-peau-au-glutathion-avec-ceramosides-30-gelules\/\" \/>\n<meta property=\"og:locale\" content=\"fr_FR\" \/>\n<meta property=\"og:type\" content=\"article\" \/>\n<meta property=\"og:title\" content=\"\u00c9claircissant de peau au glutathion avec Ceramosides - 30 g\u00e9lules\" \/>\n<meta property=\"og:description\" content=\"Wij hebben een ruime keuze aan producten van \u00c9claircissant de peau au glutathion avec Ceramosides - 30 g\u00e9lules . Winkel bij Eco Supplements altijd gratis verzending boven 100\u20ac\" \/>\n<meta property=\"og:url\" content=\"https:\/\/ecosupplements.be\/fr\/produit\/eclaircissant-de-peau-au-glutathion-avec-ceramosides-30-gelules\/\" \/>\n<meta property=\"og:site_name\" content=\"ECO Supplements\" \/>\n<meta property=\"article:modified_time\" content=\"2025-08-27T13:49:45+00:00\" \/>\n<meta property=\"og:image\" content=\"https:\/\/ecosupplements.be\/wp-content\/uploads\/2025\/08\/Glutathione-Skin-Brightener-with-Ceramosides-30-vcaps.jpg\" \/>\n\t<meta property=\"og:image:width\" content=\"374\" \/>\n\t<meta property=\"og:image:height\" content=\"704\" \/>\n\t<meta property=\"og:image:type\" content=\"image\/jpeg\" \/>\n<meta name=\"twitter:card\" content=\"summary_large_image\" \/>\n<meta name=\"twitter:label1\" content=\"Prix\" \/>\n\t<meta name=\"twitter:data1\" content=\"22.82&nbsp;&euro;\" \/>\n\t<meta name=\"twitter:label2\" content=\"Disponibilit\u00e9\" \/>\n\t<meta name=\"twitter:data2\" content=\"En stock\" \/>\n<script type=\"application\/ld+json\" class=\"yoast-schema-graph\">{\"@context\":\"https:\\\/\\\/schema.org\",\"@graph\":[{\"@type\":[\"WebPage\",\"ItemPage\"],\"@id\":\"https:\\\/\\\/ecosupplements.be\\\/fr\\\/produit\\\/eclaircissant-de-peau-au-glutathion-avec-ceramosides-30-gelules\\\/\",\"url\":\"https:\\\/\\\/ecosupplements.be\\\/fr\\\/produit\\\/eclaircissant-de-peau-au-glutathion-avec-ceramosides-30-gelules\\\/\",\"name\":\"\u00c9claircissant de peau au glutathion avec Ceramosides - 30 g\u00e9lules - ECO Supplements\",\"isPartOf\":{\"@id\":\"https:\\\/\\\/ecosupplements.be\\\/fr\\\/#website\"},\"primaryImageOfPage\":{\"@id\":\"https:\\\/\\\/ecosupplements.be\\\/fr\\\/produit\\\/eclaircissant-de-peau-au-glutathion-avec-ceramosides-30-gelules\\\/#primaryimage\"},\"image\":{\"@id\":\"https:\\\/\\\/ecosupplements.be\\\/fr\\\/produit\\\/eclaircissant-de-peau-au-glutathion-avec-ceramosides-30-gelules\\\/#primaryimage\"},\"thumbnailUrl\":\"https:\\\/\\\/ecosupplements.be\\\/wp-content\\\/uploads\\\/2025\\\/08\\\/NOW-Foods-Glutathione-Skin-Brightener-with-Ceramosides-30-vcaps.jpg\",\"datePublished\":\"2022-06-28T09:23:49+00:00\",\"dateModified\":\"2025-08-27T13:49:45+00:00\",\"description\":\"Wij hebben een ruime keuze aan producten van \u00c9claircissant de peau au glutathion avec Ceramosides - 30 g\u00e9lules . Winkel bij Eco Supplements altijd gratis verzending boven 100\u20ac\",\"breadcrumb\":{\"@id\":\"https:\\\/\\\/ecosupplements.be\\\/fr\\\/produit\\\/eclaircissant-de-peau-au-glutathion-avec-ceramosides-30-gelules\\\/#breadcrumb\"},\"inLanguage\":\"fr-FR\",\"potentialAction\":[{\"@type\":\"ReadAction\",\"target\":[\"https:\\\/\\\/ecosupplements.be\\\/fr\\\/produit\\\/eclaircissant-de-peau-au-glutathion-avec-ceramosides-30-gelules\\\/\"]}]},{\"@type\":\"ImageObject\",\"inLanguage\":\"fr-FR\",\"@id\":\"https:\\\/\\\/ecosupplements.be\\\/fr\\\/produit\\\/eclaircissant-de-peau-au-glutathion-avec-ceramosides-30-gelules\\\/#primaryimage\",\"url\":\"https:\\\/\\\/ecosupplements.be\\\/wp-content\\\/uploads\\\/2025\\\/08\\\/NOW-Foods-Glutathione-Skin-Brightener-with-Ceramosides-30-vcaps.jpg\",\"contentUrl\":\"https:\\\/\\\/ecosupplements.be\\\/wp-content\\\/uploads\\\/2025\\\/08\\\/NOW-Foods-Glutathione-Skin-Brightener-with-Ceramosides-30-vcaps.jpg\",\"width\":750,\"height\":750},{\"@type\":\"BreadcrumbList\",\"@id\":\"https:\\\/\\\/ecosupplements.be\\\/fr\\\/produit\\\/eclaircissant-de-peau-au-glutathion-avec-ceramosides-30-gelules\\\/#breadcrumb\",\"itemListElement\":[{\"@type\":\"ListItem\",\"position\":1,\"name\":\"Home\",\"item\":\"https:\\\/\\\/ecosupplements.be\\\/fr\\\/\"},{\"@type\":\"ListItem\",\"position\":2,\"name\":\"Boutique\",\"item\":\"https:\\\/\\\/ecosupplements.be\\\/fr\\\/boutique\\\/\"},{\"@type\":\"ListItem\",\"position\":3,\"name\":\"\u00c9claircissant de peau au glutathion avec Ceramosides &#8211; 30 g\u00e9lules\"}]},{\"@type\":\"WebSite\",\"@id\":\"https:\\\/\\\/ecosupplements.be\\\/fr\\\/#website\",\"url\":\"https:\\\/\\\/ecosupplements.be\\\/fr\\\/\",\"name\":\"ECO Supplements\",\"description\":\"Eco Supplements - Gezonde supplementen\",\"publisher\":{\"@id\":\"https:\\\/\\\/ecosupplements.be\\\/fr\\\/#organization\"},\"potentialAction\":[{\"@type\":\"SearchAction\",\"target\":{\"@type\":\"EntryPoint\",\"urlTemplate\":\"https:\\\/\\\/ecosupplements.be\\\/fr\\\/?s={search_term_string}\"},\"query-input\":{\"@type\":\"PropertyValueSpecification\",\"valueRequired\":true,\"valueName\":\"search_term_string\"}}],\"inLanguage\":\"fr-FR\"},{\"@type\":\"Organization\",\"@id\":\"https:\\\/\\\/ecosupplements.be\\\/fr\\\/#organization\",\"name\":\"Eco Supplements\",\"url\":\"https:\\\/\\\/ecosupplements.be\\\/fr\\\/\",\"logo\":{\"@type\":\"ImageObject\",\"inLanguage\":\"fr-FR\",\"@id\":\"https:\\\/\\\/ecosupplements.be\\\/fr\\\/#\\\/schema\\\/logo\\\/image\\\/\",\"url\":\"https:\\\/\\\/ecosupplements.be\\\/wp-content\\\/uploads\\\/2022\\\/06\\\/ecosupplement-family.png\",\"contentUrl\":\"https:\\\/\\\/ecosupplements.be\\\/wp-content\\\/uploads\\\/2022\\\/06\\\/ecosupplement-family.png\",\"width\":593,\"height\":374,\"caption\":\"Eco Supplements\"},\"image\":{\"@id\":\"https:\\\/\\\/ecosupplements.be\\\/fr\\\/#\\\/schema\\\/logo\\\/image\\\/\"}}]}<\/script>\n<meta property=\"product:brand\" content=\"NOW Foods\" \/>\n<meta property=\"product:price:amount\" content=\"22.82\" \/>\n<meta property=\"product:price:currency\" content=\"EUR\" \/>\n<meta property=\"og:availability\" content=\"instock\" \/>\n<meta property=\"product:availability\" content=\"instock\" \/>\n<meta property=\"product:retailer_item_id\" content=\"733739033789\" \/>\n<meta property=\"product:condition\" content=\"new\" \/>\n<!-- \/ Yoast SEO Premium plugin. -->","yoast_head_json":{"title":"\u00c9claircissant de peau au glutathion avec Ceramosides - 30 g\u00e9lules - ECO Supplements","description":"Wij hebben een ruime keuze aan producten van \u00c9claircissant de peau au glutathion avec Ceramosides - 30 g\u00e9lules . Winkel bij Eco Supplements altijd gratis verzending boven 100\u20ac","robots":{"index":"index","follow":"follow","max-snippet":"max-snippet:-1","max-image-preview":"max-image-preview:large","max-video-preview":"max-video-preview:-1"},"canonical":"https:\/\/ecosupplements.be\/fr\/produit\/eclaircissant-de-peau-au-glutathion-avec-ceramosides-30-gelules\/","og_locale":"fr_FR","og_type":"article","og_title":"\u00c9claircissant de peau au glutathion avec Ceramosides - 30 g\u00e9lules","og_description":"Wij hebben een ruime keuze aan producten van \u00c9claircissant de peau au glutathion avec Ceramosides - 30 g\u00e9lules . Winkel bij Eco Supplements altijd gratis verzending boven 100\u20ac","og_url":"https:\/\/ecosupplements.be\/fr\/produit\/eclaircissant-de-peau-au-glutathion-avec-ceramosides-30-gelules\/","og_site_name":"ECO Supplements","article_modified_time":"2025-08-27T13:49:45+00:00","og_image":[{"width":374,"height":704,"url":"https:\/\/ecosupplements.be\/wp-content\/uploads\/2025\/08\/Glutathione-Skin-Brightener-with-Ceramosides-30-vcaps.jpg","type":"image\/jpeg"}],"twitter_card":"summary_large_image","twitter_misc":{"Prix":"22.82&nbsp;&euro;","Disponibilit\u00e9":"En stock"},"schema":{"@context":"https:\/\/schema.org","@graph":[{"@type":["WebPage","ItemPage"],"@id":"https:\/\/ecosupplements.be\/fr\/produit\/eclaircissant-de-peau-au-glutathion-avec-ceramosides-30-gelules\/","url":"https:\/\/ecosupplements.be\/fr\/produit\/eclaircissant-de-peau-au-glutathion-avec-ceramosides-30-gelules\/","name":"\u00c9claircissant de peau au glutathion avec Ceramosides - 30 g\u00e9lules - ECO Supplements","isPartOf":{"@id":"https:\/\/ecosupplements.be\/fr\/#website"},"primaryImageOfPage":{"@id":"https:\/\/ecosupplements.be\/fr\/produit\/eclaircissant-de-peau-au-glutathion-avec-ceramosides-30-gelules\/#primaryimage"},"image":{"@id":"https:\/\/ecosupplements.be\/fr\/produit\/eclaircissant-de-peau-au-glutathion-avec-ceramosides-30-gelules\/#primaryimage"},"thumbnailUrl":"https:\/\/ecosupplements.be\/wp-content\/uploads\/2025\/08\/NOW-Foods-Glutathione-Skin-Brightener-with-Ceramosides-30-vcaps.jpg","datePublished":"2022-06-28T09:23:49+00:00","dateModified":"2025-08-27T13:49:45+00:00","description":"Wij hebben een ruime keuze aan producten van \u00c9claircissant de peau au glutathion avec Ceramosides - 30 g\u00e9lules . Winkel bij Eco Supplements altijd gratis verzending boven 100\u20ac","breadcrumb":{"@id":"https:\/\/ecosupplements.be\/fr\/produit\/eclaircissant-de-peau-au-glutathion-avec-ceramosides-30-gelules\/#breadcrumb"},"inLanguage":"fr-FR","potentialAction":[{"@type":"ReadAction","target":["https:\/\/ecosupplements.be\/fr\/produit\/eclaircissant-de-peau-au-glutathion-avec-ceramosides-30-gelules\/"]}]},{"@type":"ImageObject","inLanguage":"fr-FR","@id":"https:\/\/ecosupplements.be\/fr\/produit\/eclaircissant-de-peau-au-glutathion-avec-ceramosides-30-gelules\/#primaryimage","url":"https:\/\/ecosupplements.be\/wp-content\/uploads\/2025\/08\/NOW-Foods-Glutathione-Skin-Brightener-with-Ceramosides-30-vcaps.jpg","contentUrl":"https:\/\/ecosupplements.be\/wp-content\/uploads\/2025\/08\/NOW-Foods-Glutathione-Skin-Brightener-with-Ceramosides-30-vcaps.jpg","width":750,"height":750},{"@type":"BreadcrumbList","@id":"https:\/\/ecosupplements.be\/fr\/produit\/eclaircissant-de-peau-au-glutathion-avec-ceramosides-30-gelules\/#breadcrumb","itemListElement":[{"@type":"ListItem","position":1,"name":"Home","item":"https:\/\/ecosupplements.be\/fr\/"},{"@type":"ListItem","position":2,"name":"Boutique","item":"https:\/\/ecosupplements.be\/fr\/boutique\/"},{"@type":"ListItem","position":3,"name":"\u00c9claircissant de peau au glutathion avec Ceramosides &#8211; 30 g\u00e9lules"}]},{"@type":"WebSite","@id":"https:\/\/ecosupplements.be\/fr\/#website","url":"https:\/\/ecosupplements.be\/fr\/","name":"ECO Supplements","description":"Eco Supplements - Gezonde supplementen","publisher":{"@id":"https:\/\/ecosupplements.be\/fr\/#organization"},"potentialAction":[{"@type":"SearchAction","target":{"@type":"EntryPoint","urlTemplate":"https:\/\/ecosupplements.be\/fr\/?s={search_term_string}"},"query-input":{"@type":"PropertyValueSpecification","valueRequired":true,"valueName":"search_term_string"}}],"inLanguage":"fr-FR"},{"@type":"Organization","@id":"https:\/\/ecosupplements.be\/fr\/#organization","name":"Eco Supplements","url":"https:\/\/ecosupplements.be\/fr\/","logo":{"@type":"ImageObject","inLanguage":"fr-FR","@id":"https:\/\/ecosupplements.be\/fr\/#\/schema\/logo\/image\/","url":"https:\/\/ecosupplements.be\/wp-content\/uploads\/2022\/06\/ecosupplement-family.png","contentUrl":"https:\/\/ecosupplements.be\/wp-content\/uploads\/2022\/06\/ecosupplement-family.png","width":593,"height":374,"caption":"Eco Supplements"},"image":{"@id":"https:\/\/ecosupplements.be\/fr\/#\/schema\/logo\/image\/"}}]},"product_brand":"NOW Foods","product_price_amount":"22.82","product_price_currency":"EUR","og_availability":"instock","product_availability":"instock","product_retailer_item_id":"733739033789","product_condition":"new"},"_links":{"self":[{"href":"https:\/\/ecosupplements.be\/fr\/wp-json\/wp\/v2\/product\/288982","targetHints":{"allow":["GET"]}}],"collection":[{"href":"https:\/\/ecosupplements.be\/fr\/wp-json\/wp\/v2\/product"}],"about":[{"href":"https:\/\/ecosupplements.be\/fr\/wp-json\/wp\/v2\/types\/product"}],"replies":[{"embeddable":true,"href":"https:\/\/ecosupplements.be\/fr\/wp-json\/wp\/v2\/comments?post=288982"}],"wp:featuredmedia":[{"embeddable":true,"href":"https:\/\/ecosupplements.be\/fr\/wp-json\/wp\/v2\/media\/250822"}],"wp:attachment":[{"href":"https:\/\/ecosupplements.be\/fr\/wp-json\/wp\/v2\/media?parent=288982"}],"wp:term":[{"taxonomy":"product_brand","embeddable":true,"href":"https:\/\/ecosupplements.be\/fr\/wp-json\/wp\/v2\/product_brand?post=288982"},{"taxonomy":"product_cat","embeddable":true,"href":"https:\/\/ecosupplements.be\/fr\/wp-json\/wp\/v2\/product_cat?post=288982"},{"taxonomy":"product_tag","embeddable":true,"href":"https:\/\/ecosupplements.be\/fr\/wp-json\/wp\/v2\/product_tag?post=288982"}],"curies":[{"name":"wp","href":"https:\/\/api.w.org\/{rel}","templated":true}]}}