{"id":288985,"date":"2022-06-28T10:23:49","date_gmt":"2022-06-28T09:23:49","guid":{"rendered":"https:\/\/ecosupplements.be\/product\/glutathion-avec-extrait-de-chardon-marie-et-acide-alpha-lipoique-500mg-30-gelules\/"},"modified":"2025-08-27T14:49:48","modified_gmt":"2025-08-27T13:49:48","slug":"glutathion-avec-extrait-de-chardon-marie-et-acide-alpha-lipoique-500mg-30-gelules","status":"publish","type":"product","link":"https:\/\/ecosupplements.be\/fr\/produit\/glutathion-avec-extrait-de-chardon-marie-et-acide-alpha-lipoique-500mg-30-gelules\/","title":{"rendered":"Glutathion avec extrait de chardon-Marie et acide alpha-lipo\u00efque, 500mg &#8211; 30 g\u00e9lules"},"content":{"rendered":"<h1>Glutathione avec extrait de \u2062chardon \u2064marie et acide\u2064 alpha-lipo\u00efque, 500mg\u200b -\u2063 30 vcaps<\/h1>\n<p>Le glutathione est \u2063un antioxydant puissant pr\u00e9sent naturellement dans le corps\u2064 humain. Cependant, certains facteurs tels que le stress, la pollution et une mauvaise alimentation peuvent r\u00e9duire les niveaux de glutathione dans le corps, ce\u200c qui peut entra\u00eener des probl\u00e8mes de sant\u00e9.<\/p>\n<p>La formule unique de NOW Foods combine le glutathione avec deux autres \u200cingr\u00e9dients puissants\u200c : l&#8217;extrait de chardon marie et l&#8217;acide alpha-lipo\u00efque. Ensemble, ces ingr\u00e9dients\u2064 travaillent en synergie pour fournir un soutien antioxydant et d\u00e9toxifiant \u2062optimal \u200dpour le corps.<\/p>\n<h2>Ingr\u00e9dients cl\u00e9s :<\/h2>\n<ul>\n<li><strong>Glutathione<\/strong> &#8211; 500mg de glutathione pur par \u2064capsule, pour un soutien antioxydant puissant.<\/li>\n<li><strong>Extrait de chardon marie<\/strong> &#8211; riche en\u2063 silymarine, un compos\u00e9 qui aide \u00e0 prot\u00e9ger\u200d le foie et \u00e0\u200d favoriser la d\u00e9toxification.<\/li>\n<li><strong>Acide alpha-lipo\u00efque<\/strong> &#8211; \u200bun antioxydant \u200bpuissant qui aide \u00e0 r\u00e9g\u00e9n\u00e9rer d&#8217;autres antioxydants\u2062 dans le corps, tels que la vitamine C et la vitamine E.<\/li>\n<\/ul>\n<h2>Avantages pour la \u2064sant\u00e9 :<\/h2>\n<ul>\n<li>Renforce le syst\u00e8me immunitaire en augmentant les niveaux de glutathione dans le corps.<\/li>\n<li>Prot\u00e8ge le foie et favorise la d\u00e9toxification gr\u00e2ce \u00e0 l&#8217;extrait de chardon marie.<\/li>\n<li>Am\u00e9liore la sant\u00e9 de la peau en\u200c r\u00e9duisant les dommages caus\u00e9s par les radicaux libres.<\/li>\n<li>Contribue \u00e0 maintenir un taux de sucre \u2062sanguin sain.<\/li>\n<li>Peut aider \u00e0 r\u00e9duire les sympt\u00f4mes de l&#8217;asthme et des allergies.<\/li>\n<\/ul>\n<h2>Caract\u00e9ristiques\u200d principales :<\/h2>\n<ul>\n<li>Formule v\u00e9g\u00e9tarienne et sans gluten.<\/li>\n<li>Contient 30 capsules\u2063 v\u00e9g\u00e9tales faciles \u00e0 avaler.<\/li>\n<li>Dosage de\u200b 500mg par capsule pour un soutien antioxydant optimal.<\/li>\n<li>Produit fabriqu\u00e9 aux \u00c9tats-Unis \u200ddans une installation certifi\u00e9e GMP.<\/li>\n<\/ul>\n<p>Donnez \u00e0 votre corps le soutien \u200bantioxydant dont \u200cil a besoin avec Glutathione \u2063with Milk Thistle\u200b Extract &#038; Alpha Lipoic Acid de NOW Foods. Commandez d\u00e8s maintenant et\u2064 profitez d&#8217;une\u200d sant\u00e9 optimale !<\/p>\n","protected":false},"excerpt":{"rendered":"<p>Glutathione avec extrait de \u2062chardon \u2064marie et acide\u2064 alpha-lipo\u00efque, 500mg\u200b -\u2063 30 vcaps Le glutathione est \u2063un antioxydant puissant pr\u00e9sent naturellement dans le corps\u2064 humain. Cependant, certains facteurs tels que le stress, la pollution et une mauvaise alimentation peuvent r\u00e9duire les niveaux de glutathione dans le corps, ce\u200c qui peut entra\u00eener des probl\u00e8mes de sant\u00e9. [&#8230;]\n","protected":false},"featured_media":250827,"comment_status":"open","ping_status":"open","template":"","meta":[],"product_brand":[4733,4734],"product_cat":[5067,5052,5053],"product_tag":[],"class_list":{"0":"post-288985","1":"product","2":"type-product","3":"status-publish","4":"has-post-thumbnail","6":"product_brand-now-foods-2","7":"product_brand-nownow-foods-2","8":"product_cat-acides-amines-et-bcaa","9":"product_cat-sante-et-bien-etre","10":"product_cat-vitamines-et-mineraux","12":"first","13":"instock","14":"taxable","15":"shipping-taxable","16":"purchasable","17":"product-type-simple"},"yoast_head":"<!-- This site is optimized with the Yoast SEO Premium plugin v27.5 (Yoast SEO v27.5) - https:\/\/yoast.com\/product\/yoast-seo-premium-wordpress\/ -->\n<title>Glutathion avec extrait de chardon-Marie et acide alpha-lipo\u00efque, 500mg - 30 g\u00e9lules - ECO Supplements<\/title>\n<meta name=\"description\" content=\"Wij hebben een ruime keuze aan producten van Glutathion avec extrait de chardon-Marie et acide alpha-lipo\u00efque, 500mg - 30 g\u00e9lules . Winkel bij Eco Supplements altijd gratis verzending boven 100\u20ac\" \/>\n<meta name=\"robots\" content=\"index, follow, max-snippet:-1, max-image-preview:large, max-video-preview:-1\" \/>\n<link rel=\"canonical\" href=\"https:\/\/ecosupplements.be\/fr\/produit\/glutathion-avec-extrait-de-chardon-marie-et-acide-alpha-lipoique-500mg-30-gelules\/\" \/>\n<meta property=\"og:locale\" content=\"fr_FR\" \/>\n<meta property=\"og:type\" content=\"article\" \/>\n<meta property=\"og:title\" content=\"Glutathion avec extrait de chardon-Marie et acide alpha-lipo\u00efque, 500mg - 30 g\u00e9lules\" \/>\n<meta property=\"og:description\" content=\"Wij hebben een ruime keuze aan producten van Glutathion avec extrait de chardon-Marie et acide alpha-lipo\u00efque, 500mg - 30 g\u00e9lules . Winkel bij Eco Supplements altijd gratis verzending boven 100\u20ac\" \/>\n<meta property=\"og:url\" content=\"https:\/\/ecosupplements.be\/fr\/produit\/glutathion-avec-extrait-de-chardon-marie-et-acide-alpha-lipoique-500mg-30-gelules\/\" \/>\n<meta property=\"og:site_name\" content=\"ECO Supplements\" \/>\n<meta property=\"article:modified_time\" content=\"2025-08-27T13:49:48+00:00\" \/>\n<meta property=\"og:image\" content=\"https:\/\/ecosupplements.be\/wp-content\/uploads\/2025\/08\/Glutathione-with-Milk-Thistle-Extract-Alpha-Lipoic-Acid-500mg-30-vcaps.jpg\" \/>\n\t<meta property=\"og:image:width\" content=\"396\" \/>\n\t<meta property=\"og:image:height\" content=\"704\" \/>\n\t<meta property=\"og:image:type\" content=\"image\/jpeg\" \/>\n<meta name=\"twitter:card\" content=\"summary_large_image\" \/>\n<meta name=\"twitter:label1\" content=\"Prix\" \/>\n\t<meta name=\"twitter:data1\" content=\"18.27&nbsp;&euro;\" \/>\n\t<meta name=\"twitter:label2\" content=\"Disponibilit\u00e9\" \/>\n\t<meta name=\"twitter:data2\" content=\"En stock\" \/>\n<script type=\"application\/ld+json\" class=\"yoast-schema-graph\">{\"@context\":\"https:\\\/\\\/schema.org\",\"@graph\":[{\"@type\":[\"WebPage\",\"ItemPage\"],\"@id\":\"https:\\\/\\\/ecosupplements.be\\\/fr\\\/produit\\\/glutathion-avec-extrait-de-chardon-marie-et-acide-alpha-lipoique-500mg-30-gelules\\\/\",\"url\":\"https:\\\/\\\/ecosupplements.be\\\/fr\\\/produit\\\/glutathion-avec-extrait-de-chardon-marie-et-acide-alpha-lipoique-500mg-30-gelules\\\/\",\"name\":\"Glutathion avec extrait de chardon-Marie et acide alpha-lipo\u00efque, 500mg - 30 g\u00e9lules - ECO Supplements\",\"isPartOf\":{\"@id\":\"https:\\\/\\\/ecosupplements.be\\\/fr\\\/#website\"},\"primaryImageOfPage\":{\"@id\":\"https:\\\/\\\/ecosupplements.be\\\/fr\\\/produit\\\/glutathion-avec-extrait-de-chardon-marie-et-acide-alpha-lipoique-500mg-30-gelules\\\/#primaryimage\"},\"image\":{\"@id\":\"https:\\\/\\\/ecosupplements.be\\\/fr\\\/produit\\\/glutathion-avec-extrait-de-chardon-marie-et-acide-alpha-lipoique-500mg-30-gelules\\\/#primaryimage\"},\"thumbnailUrl\":\"https:\\\/\\\/ecosupplements.be\\\/wp-content\\\/uploads\\\/2025\\\/08\\\/NOW-Foods-Glutathione-with-Milk-Thistle-Extract-Alpha-Lipoic-Acid-500mg-30-vcaps.jpg\",\"datePublished\":\"2022-06-28T09:23:49+00:00\",\"dateModified\":\"2025-08-27T13:49:48+00:00\",\"description\":\"Wij hebben een ruime keuze aan producten van Glutathion avec extrait de chardon-Marie et acide alpha-lipo\u00efque, 500mg - 30 g\u00e9lules . Winkel bij Eco Supplements altijd gratis verzending boven 100\u20ac\",\"breadcrumb\":{\"@id\":\"https:\\\/\\\/ecosupplements.be\\\/fr\\\/produit\\\/glutathion-avec-extrait-de-chardon-marie-et-acide-alpha-lipoique-500mg-30-gelules\\\/#breadcrumb\"},\"inLanguage\":\"fr-FR\",\"potentialAction\":[{\"@type\":\"ReadAction\",\"target\":[\"https:\\\/\\\/ecosupplements.be\\\/fr\\\/produit\\\/glutathion-avec-extrait-de-chardon-marie-et-acide-alpha-lipoique-500mg-30-gelules\\\/\"]}]},{\"@type\":\"ImageObject\",\"inLanguage\":\"fr-FR\",\"@id\":\"https:\\\/\\\/ecosupplements.be\\\/fr\\\/produit\\\/glutathion-avec-extrait-de-chardon-marie-et-acide-alpha-lipoique-500mg-30-gelules\\\/#primaryimage\",\"url\":\"https:\\\/\\\/ecosupplements.be\\\/wp-content\\\/uploads\\\/2025\\\/08\\\/NOW-Foods-Glutathione-with-Milk-Thistle-Extract-Alpha-Lipoic-Acid-500mg-30-vcaps.jpg\",\"contentUrl\":\"https:\\\/\\\/ecosupplements.be\\\/wp-content\\\/uploads\\\/2025\\\/08\\\/NOW-Foods-Glutathione-with-Milk-Thistle-Extract-Alpha-Lipoic-Acid-500mg-30-vcaps.jpg\",\"width\":750,\"height\":750},{\"@type\":\"BreadcrumbList\",\"@id\":\"https:\\\/\\\/ecosupplements.be\\\/fr\\\/produit\\\/glutathion-avec-extrait-de-chardon-marie-et-acide-alpha-lipoique-500mg-30-gelules\\\/#breadcrumb\",\"itemListElement\":[{\"@type\":\"ListItem\",\"position\":1,\"name\":\"Home\",\"item\":\"https:\\\/\\\/ecosupplements.be\\\/fr\\\/\"},{\"@type\":\"ListItem\",\"position\":2,\"name\":\"Boutique\",\"item\":\"https:\\\/\\\/ecosupplements.be\\\/fr\\\/boutique\\\/\"},{\"@type\":\"ListItem\",\"position\":3,\"name\":\"Glutathion avec extrait de chardon-Marie et acide alpha-lipo\u00efque, 500mg &#8211; 30 g\u00e9lules\"}]},{\"@type\":\"WebSite\",\"@id\":\"https:\\\/\\\/ecosupplements.be\\\/fr\\\/#website\",\"url\":\"https:\\\/\\\/ecosupplements.be\\\/fr\\\/\",\"name\":\"ECO Supplements\",\"description\":\"Eco Supplements - Gezonde supplementen\",\"publisher\":{\"@id\":\"https:\\\/\\\/ecosupplements.be\\\/fr\\\/#organization\"},\"potentialAction\":[{\"@type\":\"SearchAction\",\"target\":{\"@type\":\"EntryPoint\",\"urlTemplate\":\"https:\\\/\\\/ecosupplements.be\\\/fr\\\/?s={search_term_string}\"},\"query-input\":{\"@type\":\"PropertyValueSpecification\",\"valueRequired\":true,\"valueName\":\"search_term_string\"}}],\"inLanguage\":\"fr-FR\"},{\"@type\":\"Organization\",\"@id\":\"https:\\\/\\\/ecosupplements.be\\\/fr\\\/#organization\",\"name\":\"Eco Supplements\",\"url\":\"https:\\\/\\\/ecosupplements.be\\\/fr\\\/\",\"logo\":{\"@type\":\"ImageObject\",\"inLanguage\":\"fr-FR\",\"@id\":\"https:\\\/\\\/ecosupplements.be\\\/fr\\\/#\\\/schema\\\/logo\\\/image\\\/\",\"url\":\"https:\\\/\\\/ecosupplements.be\\\/wp-content\\\/uploads\\\/2022\\\/06\\\/ecosupplement-family.png\",\"contentUrl\":\"https:\\\/\\\/ecosupplements.be\\\/wp-content\\\/uploads\\\/2022\\\/06\\\/ecosupplement-family.png\",\"width\":593,\"height\":374,\"caption\":\"Eco Supplements\"},\"image\":{\"@id\":\"https:\\\/\\\/ecosupplements.be\\\/fr\\\/#\\\/schema\\\/logo\\\/image\\\/\"}}]}<\/script>\n<meta property=\"product:brand\" content=\"NOW Foods\" \/>\n<meta property=\"product:price:amount\" content=\"18.27\" \/>\n<meta property=\"product:price:currency\" content=\"EUR\" \/>\n<meta property=\"og:availability\" content=\"instock\" \/>\n<meta property=\"product:availability\" content=\"instock\" \/>\n<meta property=\"product:retailer_item_id\" content=\"733739001757\" \/>\n<meta property=\"product:condition\" content=\"new\" \/>\n<!-- \/ Yoast SEO Premium plugin. -->","yoast_head_json":{"title":"Glutathion avec extrait de chardon-Marie et acide alpha-lipo\u00efque, 500mg - 30 g\u00e9lules - ECO Supplements","description":"Wij hebben een ruime keuze aan producten van Glutathion avec extrait de chardon-Marie et acide alpha-lipo\u00efque, 500mg - 30 g\u00e9lules . Winkel bij Eco Supplements altijd gratis verzending boven 100\u20ac","robots":{"index":"index","follow":"follow","max-snippet":"max-snippet:-1","max-image-preview":"max-image-preview:large","max-video-preview":"max-video-preview:-1"},"canonical":"https:\/\/ecosupplements.be\/fr\/produit\/glutathion-avec-extrait-de-chardon-marie-et-acide-alpha-lipoique-500mg-30-gelules\/","og_locale":"fr_FR","og_type":"article","og_title":"Glutathion avec extrait de chardon-Marie et acide alpha-lipo\u00efque, 500mg - 30 g\u00e9lules","og_description":"Wij hebben een ruime keuze aan producten van Glutathion avec extrait de chardon-Marie et acide alpha-lipo\u00efque, 500mg - 30 g\u00e9lules . Winkel bij Eco Supplements altijd gratis verzending boven 100\u20ac","og_url":"https:\/\/ecosupplements.be\/fr\/produit\/glutathion-avec-extrait-de-chardon-marie-et-acide-alpha-lipoique-500mg-30-gelules\/","og_site_name":"ECO Supplements","article_modified_time":"2025-08-27T13:49:48+00:00","og_image":[{"width":396,"height":704,"url":"https:\/\/ecosupplements.be\/wp-content\/uploads\/2025\/08\/Glutathione-with-Milk-Thistle-Extract-Alpha-Lipoic-Acid-500mg-30-vcaps.jpg","type":"image\/jpeg"}],"twitter_card":"summary_large_image","twitter_misc":{"Prix":"18.27&nbsp;&euro;","Disponibilit\u00e9":"En stock"},"schema":{"@context":"https:\/\/schema.org","@graph":[{"@type":["WebPage","ItemPage"],"@id":"https:\/\/ecosupplements.be\/fr\/produit\/glutathion-avec-extrait-de-chardon-marie-et-acide-alpha-lipoique-500mg-30-gelules\/","url":"https:\/\/ecosupplements.be\/fr\/produit\/glutathion-avec-extrait-de-chardon-marie-et-acide-alpha-lipoique-500mg-30-gelules\/","name":"Glutathion avec extrait de chardon-Marie et acide alpha-lipo\u00efque, 500mg - 30 g\u00e9lules - ECO Supplements","isPartOf":{"@id":"https:\/\/ecosupplements.be\/fr\/#website"},"primaryImageOfPage":{"@id":"https:\/\/ecosupplements.be\/fr\/produit\/glutathion-avec-extrait-de-chardon-marie-et-acide-alpha-lipoique-500mg-30-gelules\/#primaryimage"},"image":{"@id":"https:\/\/ecosupplements.be\/fr\/produit\/glutathion-avec-extrait-de-chardon-marie-et-acide-alpha-lipoique-500mg-30-gelules\/#primaryimage"},"thumbnailUrl":"https:\/\/ecosupplements.be\/wp-content\/uploads\/2025\/08\/NOW-Foods-Glutathione-with-Milk-Thistle-Extract-Alpha-Lipoic-Acid-500mg-30-vcaps.jpg","datePublished":"2022-06-28T09:23:49+00:00","dateModified":"2025-08-27T13:49:48+00:00","description":"Wij hebben een ruime keuze aan producten van Glutathion avec extrait de chardon-Marie et acide alpha-lipo\u00efque, 500mg - 30 g\u00e9lules . Winkel bij Eco Supplements altijd gratis verzending boven 100\u20ac","breadcrumb":{"@id":"https:\/\/ecosupplements.be\/fr\/produit\/glutathion-avec-extrait-de-chardon-marie-et-acide-alpha-lipoique-500mg-30-gelules\/#breadcrumb"},"inLanguage":"fr-FR","potentialAction":[{"@type":"ReadAction","target":["https:\/\/ecosupplements.be\/fr\/produit\/glutathion-avec-extrait-de-chardon-marie-et-acide-alpha-lipoique-500mg-30-gelules\/"]}]},{"@type":"ImageObject","inLanguage":"fr-FR","@id":"https:\/\/ecosupplements.be\/fr\/produit\/glutathion-avec-extrait-de-chardon-marie-et-acide-alpha-lipoique-500mg-30-gelules\/#primaryimage","url":"https:\/\/ecosupplements.be\/wp-content\/uploads\/2025\/08\/NOW-Foods-Glutathione-with-Milk-Thistle-Extract-Alpha-Lipoic-Acid-500mg-30-vcaps.jpg","contentUrl":"https:\/\/ecosupplements.be\/wp-content\/uploads\/2025\/08\/NOW-Foods-Glutathione-with-Milk-Thistle-Extract-Alpha-Lipoic-Acid-500mg-30-vcaps.jpg","width":750,"height":750},{"@type":"BreadcrumbList","@id":"https:\/\/ecosupplements.be\/fr\/produit\/glutathion-avec-extrait-de-chardon-marie-et-acide-alpha-lipoique-500mg-30-gelules\/#breadcrumb","itemListElement":[{"@type":"ListItem","position":1,"name":"Home","item":"https:\/\/ecosupplements.be\/fr\/"},{"@type":"ListItem","position":2,"name":"Boutique","item":"https:\/\/ecosupplements.be\/fr\/boutique\/"},{"@type":"ListItem","position":3,"name":"Glutathion avec extrait de chardon-Marie et acide alpha-lipo\u00efque, 500mg &#8211; 30 g\u00e9lules"}]},{"@type":"WebSite","@id":"https:\/\/ecosupplements.be\/fr\/#website","url":"https:\/\/ecosupplements.be\/fr\/","name":"ECO Supplements","description":"Eco Supplements - Gezonde supplementen","publisher":{"@id":"https:\/\/ecosupplements.be\/fr\/#organization"},"potentialAction":[{"@type":"SearchAction","target":{"@type":"EntryPoint","urlTemplate":"https:\/\/ecosupplements.be\/fr\/?s={search_term_string}"},"query-input":{"@type":"PropertyValueSpecification","valueRequired":true,"valueName":"search_term_string"}}],"inLanguage":"fr-FR"},{"@type":"Organization","@id":"https:\/\/ecosupplements.be\/fr\/#organization","name":"Eco Supplements","url":"https:\/\/ecosupplements.be\/fr\/","logo":{"@type":"ImageObject","inLanguage":"fr-FR","@id":"https:\/\/ecosupplements.be\/fr\/#\/schema\/logo\/image\/","url":"https:\/\/ecosupplements.be\/wp-content\/uploads\/2022\/06\/ecosupplement-family.png","contentUrl":"https:\/\/ecosupplements.be\/wp-content\/uploads\/2022\/06\/ecosupplement-family.png","width":593,"height":374,"caption":"Eco Supplements"},"image":{"@id":"https:\/\/ecosupplements.be\/fr\/#\/schema\/logo\/image\/"}}]},"product_brand":"NOW Foods","product_price_amount":"18.27","product_price_currency":"EUR","og_availability":"instock","product_availability":"instock","product_retailer_item_id":"733739001757","product_condition":"new"},"_links":{"self":[{"href":"https:\/\/ecosupplements.be\/fr\/wp-json\/wp\/v2\/product\/288985","targetHints":{"allow":["GET"]}}],"collection":[{"href":"https:\/\/ecosupplements.be\/fr\/wp-json\/wp\/v2\/product"}],"about":[{"href":"https:\/\/ecosupplements.be\/fr\/wp-json\/wp\/v2\/types\/product"}],"replies":[{"embeddable":true,"href":"https:\/\/ecosupplements.be\/fr\/wp-json\/wp\/v2\/comments?post=288985"}],"wp:featuredmedia":[{"embeddable":true,"href":"https:\/\/ecosupplements.be\/fr\/wp-json\/wp\/v2\/media\/250827"}],"wp:attachment":[{"href":"https:\/\/ecosupplements.be\/fr\/wp-json\/wp\/v2\/media?parent=288985"}],"wp:term":[{"taxonomy":"product_brand","embeddable":true,"href":"https:\/\/ecosupplements.be\/fr\/wp-json\/wp\/v2\/product_brand?post=288985"},{"taxonomy":"product_cat","embeddable":true,"href":"https:\/\/ecosupplements.be\/fr\/wp-json\/wp\/v2\/product_cat?post=288985"},{"taxonomy":"product_tag","embeddable":true,"href":"https:\/\/ecosupplements.be\/fr\/wp-json\/wp\/v2\/product_tag?post=288985"}],"curies":[{"name":"wp","href":"https:\/\/api.w.org\/{rel}","templated":true}]}}