{"id":289006,"date":"2022-06-28T10:23:57","date_gmt":"2022-06-28T09:23:57","guid":{"rendered":"https:\/\/ecosupplements.be\/product\/extrait-standardise-de-pepins-de-raisin-100mg-100-gelules\/"},"modified":"2025-08-27T14:50:11","modified_gmt":"2025-08-27T13:50:11","slug":"extrait-standardise-de-pepins-de-raisin-100mg-100-gelules","status":"publish","type":"product","link":"https:\/\/ecosupplements.be\/fr\/produit\/extrait-standardise-de-pepins-de-raisin-100mg-100-gelules\/","title":{"rendered":"Extrait standardis\u00e9 de p\u00e9pins de raisin, 100mg &#8211; 100 g\u00e9lules"},"content":{"rendered":"<h1>Grape Seed \u2064Standardized Extract, 100mg &#8211; 100 vcaps<\/h1>\n<p>Le Grape Seed Standardized Extract de NOW Foods est un compl\u00e9ment alimentaire de haute\u2064 qualit\u00e9 qui offre\u200b une dose puissante de 100mg d&#8217;extrait de p\u00e9pins de\u200b raisin par capsule v\u00e9g\u00e9tale. Fabriqu\u00e9 aux \u00c9tats-Unis, ce produit \u200best\u2064 garanti sans OGM et convient aux v\u00e9g\u00e9tariens \u200bet \u200bv\u00e9g\u00e9taliens.<\/p>\n<h2>Ingr\u00e9dients cl\u00e9s<\/h2>\n<ul>\n<li>Extrait de p\u00e9pins de raisin standardis\u00e9 (Vitis vinifera) \u200b- 100mg<\/li>\n<li>Autres ingr\u00e9dients: Cellulose (capsule), farine de riz, st\u00e9arate de magn\u00e9sium (source \u200cv\u00e9g\u00e9tale) et silice.<\/li>\n<\/ul>\n<p>L&#8217;extrait de p\u00e9pins de raisin est riche en antioxydants, en particulier en proanthocyanidines oligom\u00e8res (OPC), qui aident \u00e0 \u200dprot\u00e9ger les cellules contre les dommages caus\u00e9s par les radicaux libres. Ces antioxydants peuvent \u00e9galement contribuer \u00e0 la sant\u00e9 cardiovasculaire en favorisant la circulation sanguine et en aidant \u00e0 maintenir une pression art\u00e9rielle saine.<\/p>\n<h2>Avantages uniques<\/h2>\n<ul>\n<li>Extrait de p\u00e9pins de raisin standardis\u00e9 pour une dose puissante et constante<\/li>\n<li>Contient \u2064des antioxydants pour prot\u00e9ger les cellules contre les dommages\u2062 des radicaux\u200c libres<\/li>\n<li>Peut contribuer \u00e0 la sant\u00e9 cardiovasculaire<\/li>\n<li>Convient aux v\u00e9g\u00e9tariens et v\u00e9g\u00e9taliens<\/li>\n<li>Fabriqu\u00e9 aux \u00c9tats-Unis sans OGM<\/li>\n<\/ul>\n<h2>Mode d&#8217;emploi<\/h2>\n<p>Prenez 1 capsule v\u00e9g\u00e9tale une \u00e0 deux fois par jour,\u200d de pr\u00e9f\u00e9rence avec\u2063 un repas.<\/p>\n<p>Ne pas d\u00e9passer la dose recommand\u00e9e. Consultez votre m\u00e9decin avant de prendre ce produit si vous \u00eates enceinte, allaitez, prenez des m\u00e9dicaments ou si vous avez un probl\u00e8me de \u200bsant\u00e9. Tenir hors de port\u00e9e des enfants.<\/p>\n<p>Offrez \u00e0 votre corps une protection antioxydante \u2064avec le Grape Seed Standardized Extract de NOW Foods. Commandez d\u00e8s maintenant et profitez des bienfaits de\u2064 cet extrait de p\u00e9pins de raisin de haute qualit\u00e9 !<\/p>\n","protected":false},"excerpt":{"rendered":"<p>Grape Seed \u2064Standardized Extract, 100mg &#8211; 100 vcaps Le Grape Seed Standardized Extract de NOW Foods est un compl\u00e9ment alimentaire de haute\u2064 qualit\u00e9 qui offre\u200b une dose puissante de 100mg d&#8217;extrait de p\u00e9pins de\u200b raisin par capsule v\u00e9g\u00e9tale. Fabriqu\u00e9 aux \u00c9tats-Unis, ce produit \u200best\u2064 garanti sans OGM et convient aux v\u00e9g\u00e9tariens \u200bet \u200bv\u00e9g\u00e9taliens. Ingr\u00e9dients cl\u00e9s [&#8230;]\n","protected":false},"featured_media":250874,"comment_status":"open","ping_status":"open","template":"","meta":[],"product_brand":[4733],"product_cat":[5054,5055,5052,5053],"product_tag":[],"class_list":{"0":"post-289006","1":"product","2":"type-product","3":"status-publish","4":"has-post-thumbnail","6":"product_brand-now-foods-2","7":"product_cat-nourriture-saine","8":"product_cat-produits-vegetaliens","9":"product_cat-sante-et-bien-etre","10":"product_cat-vitamines-et-mineraux","12":"first","13":"instock","14":"taxable","15":"shipping-taxable","16":"purchasable","17":"product-type-simple"},"yoast_head":"<!-- This site is optimized with the Yoast SEO Premium plugin v27.3 (Yoast SEO v27.3) - https:\/\/yoast.com\/product\/yoast-seo-premium-wordpress\/ -->\n<title>Extrait standardis\u00e9 de p\u00e9pins de raisin, 100mg - 100 g\u00e9lules - ECO Supplements<\/title>\n<meta name=\"description\" content=\"Wij hebben een ruime keuze aan producten van Extrait standardis\u00e9 de p\u00e9pins de raisin, 100mg - 100 g\u00e9lules . Winkel bij Eco Supplements altijd gratis verzending boven 100\u20ac\" \/>\n<meta name=\"robots\" content=\"index, follow, max-snippet:-1, max-image-preview:large, max-video-preview:-1\" \/>\n<link rel=\"canonical\" href=\"https:\/\/ecosupplements.be\/fr\/produit\/extrait-standardise-de-pepins-de-raisin-100mg-100-gelules\/\" \/>\n<meta property=\"og:locale\" content=\"fr_FR\" \/>\n<meta property=\"og:type\" content=\"article\" \/>\n<meta property=\"og:title\" content=\"Extrait standardis\u00e9 de p\u00e9pins de raisin, 100mg - 100 g\u00e9lules\" \/>\n<meta property=\"og:description\" content=\"Wij hebben een ruime keuze aan producten van Extrait standardis\u00e9 de p\u00e9pins de raisin, 100mg - 100 g\u00e9lules . Winkel bij Eco Supplements altijd gratis verzending boven 100\u20ac\" \/>\n<meta property=\"og:url\" content=\"https:\/\/ecosupplements.be\/fr\/produit\/extrait-standardise-de-pepins-de-raisin-100mg-100-gelules\/\" \/>\n<meta property=\"og:site_name\" content=\"ECO Supplements\" \/>\n<meta property=\"article:modified_time\" content=\"2025-08-27T13:50:11+00:00\" \/>\n<meta property=\"og:image\" content=\"https:\/\/ecosupplements.be\/wp-content\/uploads\/2025\/08\/Grape-Seed-Standardized-Extract-100mg-100-vcaps.jpg\" \/>\n\t<meta property=\"og:image:width\" content=\"418\" \/>\n\t<meta property=\"og:image:height\" content=\"880\" \/>\n\t<meta property=\"og:image:type\" content=\"image\/jpeg\" \/>\n<meta name=\"twitter:card\" content=\"summary_large_image\" \/>\n<meta name=\"twitter:label1\" content=\"Prix\" \/>\n\t<meta name=\"twitter:data1\" content=\"15.68&nbsp;&euro;\" \/>\n\t<meta name=\"twitter:label2\" content=\"Disponibilit\u00e9\" \/>\n\t<meta name=\"twitter:data2\" content=\"En stock\" \/>\n<script type=\"application\/ld+json\" class=\"yoast-schema-graph\">{\"@context\":\"https:\\\/\\\/schema.org\",\"@graph\":[{\"@type\":[\"WebPage\",\"ItemPage\"],\"@id\":\"https:\\\/\\\/ecosupplements.be\\\/fr\\\/produit\\\/extrait-standardise-de-pepins-de-raisin-100mg-100-gelules\\\/\",\"url\":\"https:\\\/\\\/ecosupplements.be\\\/fr\\\/produit\\\/extrait-standardise-de-pepins-de-raisin-100mg-100-gelules\\\/\",\"name\":\"Extrait standardis\u00e9 de p\u00e9pins de raisin, 100mg - 100 g\u00e9lules - ECO Supplements\",\"isPartOf\":{\"@id\":\"https:\\\/\\\/ecosupplements.be\\\/fr\\\/#website\"},\"primaryImageOfPage\":{\"@id\":\"https:\\\/\\\/ecosupplements.be\\\/fr\\\/produit\\\/extrait-standardise-de-pepins-de-raisin-100mg-100-gelules\\\/#primaryimage\"},\"image\":{\"@id\":\"https:\\\/\\\/ecosupplements.be\\\/fr\\\/produit\\\/extrait-standardise-de-pepins-de-raisin-100mg-100-gelules\\\/#primaryimage\"},\"thumbnailUrl\":\"https:\\\/\\\/ecosupplements.be\\\/wp-content\\\/uploads\\\/2025\\\/08\\\/NOW-Foods-Grape-Seed-Standardized-Extract-100mg-100-vcaps.jpg\",\"datePublished\":\"2022-06-28T09:23:57+00:00\",\"dateModified\":\"2025-08-27T13:50:11+00:00\",\"description\":\"Wij hebben een ruime keuze aan producten van Extrait standardis\u00e9 de p\u00e9pins de raisin, 100mg - 100 g\u00e9lules . Winkel bij Eco Supplements altijd gratis verzending boven 100\u20ac\",\"breadcrumb\":{\"@id\":\"https:\\\/\\\/ecosupplements.be\\\/fr\\\/produit\\\/extrait-standardise-de-pepins-de-raisin-100mg-100-gelules\\\/#breadcrumb\"},\"inLanguage\":\"fr-FR\",\"potentialAction\":[{\"@type\":\"ReadAction\",\"target\":[\"https:\\\/\\\/ecosupplements.be\\\/fr\\\/produit\\\/extrait-standardise-de-pepins-de-raisin-100mg-100-gelules\\\/\"]}]},{\"@type\":\"ImageObject\",\"inLanguage\":\"fr-FR\",\"@id\":\"https:\\\/\\\/ecosupplements.be\\\/fr\\\/produit\\\/extrait-standardise-de-pepins-de-raisin-100mg-100-gelules\\\/#primaryimage\",\"url\":\"https:\\\/\\\/ecosupplements.be\\\/wp-content\\\/uploads\\\/2025\\\/08\\\/NOW-Foods-Grape-Seed-Standardized-Extract-100mg-100-vcaps.jpg\",\"contentUrl\":\"https:\\\/\\\/ecosupplements.be\\\/wp-content\\\/uploads\\\/2025\\\/08\\\/NOW-Foods-Grape-Seed-Standardized-Extract-100mg-100-vcaps.jpg\",\"width\":750,\"height\":750},{\"@type\":\"BreadcrumbList\",\"@id\":\"https:\\\/\\\/ecosupplements.be\\\/fr\\\/produit\\\/extrait-standardise-de-pepins-de-raisin-100mg-100-gelules\\\/#breadcrumb\",\"itemListElement\":[{\"@type\":\"ListItem\",\"position\":1,\"name\":\"Home\",\"item\":\"https:\\\/\\\/ecosupplements.be\\\/fr\\\/\"},{\"@type\":\"ListItem\",\"position\":2,\"name\":\"Boutique\",\"item\":\"https:\\\/\\\/ecosupplements.be\\\/fr\\\/boutique\\\/\"},{\"@type\":\"ListItem\",\"position\":3,\"name\":\"Extrait standardis\u00e9 de p\u00e9pins de raisin, 100mg &#8211; 100 g\u00e9lules\"}]},{\"@type\":\"WebSite\",\"@id\":\"https:\\\/\\\/ecosupplements.be\\\/fr\\\/#website\",\"url\":\"https:\\\/\\\/ecosupplements.be\\\/fr\\\/\",\"name\":\"ECO Supplements\",\"description\":\"Eco Supplements - Gezonde supplementen\",\"publisher\":{\"@id\":\"https:\\\/\\\/ecosupplements.be\\\/fr\\\/#organization\"},\"potentialAction\":[{\"@type\":\"SearchAction\",\"target\":{\"@type\":\"EntryPoint\",\"urlTemplate\":\"https:\\\/\\\/ecosupplements.be\\\/fr\\\/?s={search_term_string}\"},\"query-input\":{\"@type\":\"PropertyValueSpecification\",\"valueRequired\":true,\"valueName\":\"search_term_string\"}}],\"inLanguage\":\"fr-FR\"},{\"@type\":\"Organization\",\"@id\":\"https:\\\/\\\/ecosupplements.be\\\/fr\\\/#organization\",\"name\":\"Eco Supplements\",\"url\":\"https:\\\/\\\/ecosupplements.be\\\/fr\\\/\",\"logo\":{\"@type\":\"ImageObject\",\"inLanguage\":\"fr-FR\",\"@id\":\"https:\\\/\\\/ecosupplements.be\\\/fr\\\/#\\\/schema\\\/logo\\\/image\\\/\",\"url\":\"https:\\\/\\\/ecosupplements.be\\\/wp-content\\\/uploads\\\/2022\\\/06\\\/ecosupplement-family.png\",\"contentUrl\":\"https:\\\/\\\/ecosupplements.be\\\/wp-content\\\/uploads\\\/2022\\\/06\\\/ecosupplement-family.png\",\"width\":593,\"height\":374,\"caption\":\"Eco Supplements\"},\"image\":{\"@id\":\"https:\\\/\\\/ecosupplements.be\\\/fr\\\/#\\\/schema\\\/logo\\\/image\\\/\"}}]}<\/script>\n<meta property=\"product:brand\" content=\"NOW Foods\" \/>\n<meta property=\"product:price:amount\" content=\"15.68\" \/>\n<meta property=\"product:price:currency\" content=\"EUR\" \/>\n<meta property=\"og:availability\" content=\"instock\" \/>\n<meta property=\"product:availability\" content=\"instock\" \/>\n<meta property=\"product:retailer_item_id\" content=\"733739032485\" \/>\n<meta property=\"product:condition\" content=\"new\" \/>\n<!-- \/ Yoast SEO Premium plugin. -->","yoast_head_json":{"title":"Extrait standardis\u00e9 de p\u00e9pins de raisin, 100mg - 100 g\u00e9lules - ECO Supplements","description":"Wij hebben een ruime keuze aan producten van Extrait standardis\u00e9 de p\u00e9pins de raisin, 100mg - 100 g\u00e9lules . Winkel bij Eco Supplements altijd gratis verzending boven 100\u20ac","robots":{"index":"index","follow":"follow","max-snippet":"max-snippet:-1","max-image-preview":"max-image-preview:large","max-video-preview":"max-video-preview:-1"},"canonical":"https:\/\/ecosupplements.be\/fr\/produit\/extrait-standardise-de-pepins-de-raisin-100mg-100-gelules\/","og_locale":"fr_FR","og_type":"article","og_title":"Extrait standardis\u00e9 de p\u00e9pins de raisin, 100mg - 100 g\u00e9lules","og_description":"Wij hebben een ruime keuze aan producten van Extrait standardis\u00e9 de p\u00e9pins de raisin, 100mg - 100 g\u00e9lules . Winkel bij Eco Supplements altijd gratis verzending boven 100\u20ac","og_url":"https:\/\/ecosupplements.be\/fr\/produit\/extrait-standardise-de-pepins-de-raisin-100mg-100-gelules\/","og_site_name":"ECO Supplements","article_modified_time":"2025-08-27T13:50:11+00:00","og_image":[{"width":418,"height":880,"url":"https:\/\/ecosupplements.be\/wp-content\/uploads\/2025\/08\/Grape-Seed-Standardized-Extract-100mg-100-vcaps.jpg","type":"image\/jpeg"}],"twitter_card":"summary_large_image","twitter_misc":{"Prix":"15.68&nbsp;&euro;","Disponibilit\u00e9":"En stock"},"schema":{"@context":"https:\/\/schema.org","@graph":[{"@type":["WebPage","ItemPage"],"@id":"https:\/\/ecosupplements.be\/fr\/produit\/extrait-standardise-de-pepins-de-raisin-100mg-100-gelules\/","url":"https:\/\/ecosupplements.be\/fr\/produit\/extrait-standardise-de-pepins-de-raisin-100mg-100-gelules\/","name":"Extrait standardis\u00e9 de p\u00e9pins de raisin, 100mg - 100 g\u00e9lules - ECO Supplements","isPartOf":{"@id":"https:\/\/ecosupplements.be\/fr\/#website"},"primaryImageOfPage":{"@id":"https:\/\/ecosupplements.be\/fr\/produit\/extrait-standardise-de-pepins-de-raisin-100mg-100-gelules\/#primaryimage"},"image":{"@id":"https:\/\/ecosupplements.be\/fr\/produit\/extrait-standardise-de-pepins-de-raisin-100mg-100-gelules\/#primaryimage"},"thumbnailUrl":"https:\/\/ecosupplements.be\/wp-content\/uploads\/2025\/08\/NOW-Foods-Grape-Seed-Standardized-Extract-100mg-100-vcaps.jpg","datePublished":"2022-06-28T09:23:57+00:00","dateModified":"2025-08-27T13:50:11+00:00","description":"Wij hebben een ruime keuze aan producten van Extrait standardis\u00e9 de p\u00e9pins de raisin, 100mg - 100 g\u00e9lules . Winkel bij Eco Supplements altijd gratis verzending boven 100\u20ac","breadcrumb":{"@id":"https:\/\/ecosupplements.be\/fr\/produit\/extrait-standardise-de-pepins-de-raisin-100mg-100-gelules\/#breadcrumb"},"inLanguage":"fr-FR","potentialAction":[{"@type":"ReadAction","target":["https:\/\/ecosupplements.be\/fr\/produit\/extrait-standardise-de-pepins-de-raisin-100mg-100-gelules\/"]}]},{"@type":"ImageObject","inLanguage":"fr-FR","@id":"https:\/\/ecosupplements.be\/fr\/produit\/extrait-standardise-de-pepins-de-raisin-100mg-100-gelules\/#primaryimage","url":"https:\/\/ecosupplements.be\/wp-content\/uploads\/2025\/08\/NOW-Foods-Grape-Seed-Standardized-Extract-100mg-100-vcaps.jpg","contentUrl":"https:\/\/ecosupplements.be\/wp-content\/uploads\/2025\/08\/NOW-Foods-Grape-Seed-Standardized-Extract-100mg-100-vcaps.jpg","width":750,"height":750},{"@type":"BreadcrumbList","@id":"https:\/\/ecosupplements.be\/fr\/produit\/extrait-standardise-de-pepins-de-raisin-100mg-100-gelules\/#breadcrumb","itemListElement":[{"@type":"ListItem","position":1,"name":"Home","item":"https:\/\/ecosupplements.be\/fr\/"},{"@type":"ListItem","position":2,"name":"Boutique","item":"https:\/\/ecosupplements.be\/fr\/boutique\/"},{"@type":"ListItem","position":3,"name":"Extrait standardis\u00e9 de p\u00e9pins de raisin, 100mg &#8211; 100 g\u00e9lules"}]},{"@type":"WebSite","@id":"https:\/\/ecosupplements.be\/fr\/#website","url":"https:\/\/ecosupplements.be\/fr\/","name":"ECO Supplements","description":"Eco Supplements - Gezonde supplementen","publisher":{"@id":"https:\/\/ecosupplements.be\/fr\/#organization"},"potentialAction":[{"@type":"SearchAction","target":{"@type":"EntryPoint","urlTemplate":"https:\/\/ecosupplements.be\/fr\/?s={search_term_string}"},"query-input":{"@type":"PropertyValueSpecification","valueRequired":true,"valueName":"search_term_string"}}],"inLanguage":"fr-FR"},{"@type":"Organization","@id":"https:\/\/ecosupplements.be\/fr\/#organization","name":"Eco Supplements","url":"https:\/\/ecosupplements.be\/fr\/","logo":{"@type":"ImageObject","inLanguage":"fr-FR","@id":"https:\/\/ecosupplements.be\/fr\/#\/schema\/logo\/image\/","url":"https:\/\/ecosupplements.be\/wp-content\/uploads\/2022\/06\/ecosupplement-family.png","contentUrl":"https:\/\/ecosupplements.be\/wp-content\/uploads\/2022\/06\/ecosupplement-family.png","width":593,"height":374,"caption":"Eco Supplements"},"image":{"@id":"https:\/\/ecosupplements.be\/fr\/#\/schema\/logo\/image\/"}}]},"product_brand":"NOW Foods","product_price_amount":"15.68","product_price_currency":"EUR","og_availability":"instock","product_availability":"instock","product_retailer_item_id":"733739032485","product_condition":"new"},"_links":{"self":[{"href":"https:\/\/ecosupplements.be\/fr\/wp-json\/wp\/v2\/product\/289006","targetHints":{"allow":["GET"]}}],"collection":[{"href":"https:\/\/ecosupplements.be\/fr\/wp-json\/wp\/v2\/product"}],"about":[{"href":"https:\/\/ecosupplements.be\/fr\/wp-json\/wp\/v2\/types\/product"}],"replies":[{"embeddable":true,"href":"https:\/\/ecosupplements.be\/fr\/wp-json\/wp\/v2\/comments?post=289006"}],"wp:featuredmedia":[{"embeddable":true,"href":"https:\/\/ecosupplements.be\/fr\/wp-json\/wp\/v2\/media\/250874"}],"wp:attachment":[{"href":"https:\/\/ecosupplements.be\/fr\/wp-json\/wp\/v2\/media?parent=289006"}],"wp:term":[{"taxonomy":"product_brand","embeddable":true,"href":"https:\/\/ecosupplements.be\/fr\/wp-json\/wp\/v2\/product_brand?post=289006"},{"taxonomy":"product_cat","embeddable":true,"href":"https:\/\/ecosupplements.be\/fr\/wp-json\/wp\/v2\/product_cat?post=289006"},{"taxonomy":"product_tag","embeddable":true,"href":"https:\/\/ecosupplements.be\/fr\/wp-json\/wp\/v2\/product_tag?post=289006"}],"curies":[{"name":"wp","href":"https:\/\/api.w.org\/{rel}","templated":true}]}}