{"id":289009,"date":"2022-06-28T10:23:57","date_gmt":"2022-06-28T09:23:57","guid":{"rendered":"https:\/\/ecosupplements.be\/product\/extrait-standardise-de-pepins-de-raisin-100mg-200-gelules\/"},"modified":"2025-08-27T14:50:14","modified_gmt":"2025-08-27T13:50:14","slug":"extrait-standardise-de-pepins-de-raisin-100mg-200-gelules","status":"publish","type":"product","link":"https:\/\/ecosupplements.be\/fr\/produit\/extrait-standardise-de-pepins-de-raisin-100mg-200-gelules\/","title":{"rendered":"Extrait standardis\u00e9 de p\u00e9pins de raisin, 100mg &#8211; 200 g\u00e9lules"},"content":{"rendered":"<h1>Grape \u200bSeed Standardized Extract, 100mg &#8211; 200 vcaps<\/h1>\n<p>Le Grape Seed Standardized Extract de NOW Foods \u2063est un compl\u00e9ment alimentaire\u200d hautement concentr\u00e9 en extrait de p\u00e9pins \u200bde raisin. Chaque capsule contient \u2064100mg \u2063d&#8217;extrait de p\u00e9pins de raisin \u2062standardis\u00e9 \u00e0 90%\u2063 de polyph\u00e9nols, ce qui en \u200dfait l&#8217;un des produits les plus puissants sur le march\u00e9.<\/p>\n<h2>Ingr\u00e9dients<\/h2>\n<ul>\n<li>Extrait de p\u00e9pins\u2064 de raisin (Vitis\u200c vinifera) (standardis\u00e9 \u00e0 90% de\u200b polyph\u00e9nols) &#8211; 100mg<\/li>\n<li>G\u00e9latine (capsule)<\/li>\n<li>Farine\u2062 de riz<\/li>\n<li>Silice<\/li>\n<li>St\u00e9arate de magn\u00e9sium \u2064(source v\u00e9g\u00e9tale)<\/li>\n<\/ul>\n<p>Ce produit ne contient pas de bl\u00e9, de gluten, de soja, de lait,\u2062 d&#8217;oeufs, \u200cde poisson, de crustac\u00e9s ou de fruits \u00e0 coque. Il\u2064 est \u00e9galement sans OGM et convient aux v\u00e9g\u00e9tariens et aux v\u00e9g\u00e9taliens.<\/p>\n<h2>Avantages uniques<\/h2>\n<p>L&#8217;extrait\u200b de \u2064p\u00e9pins de raisin est connu pour ses propri\u00e9t\u00e9s \u200bantioxydantes puissantes, \u200dqui aident \u00e0 prot\u00e9ger\u200d les cellules contre les dommages caus\u00e9s par les radicaux libres. Il peut \u00e9galement contribuer \u00e0 \u200cla sant\u00e9 \u2064cardiovasculaire en am\u00e9liorant la circulation sanguine et en r\u00e9duisant l&#8217;inflammation.<\/p>\n<p>Le Grape \u2063Seed Standardized Extract de \u200dNOW Foods est fabriqu\u00e9\u200c \u00e0 \u2063partir de raisins cultiv\u00e9s\u2063 aux \u200c\u00c9tats-Unis, garantissant ainsi une \u200dqualit\u00e9\u200b et \u200dune\u2064 puret\u00e9 sup\u00e9rieures. De plus, il est standardis\u00e9 pour \u2062contenir une concentration \u00e9lev\u00e9e de polyph\u00e9nols, ce qui en fait \u200cun \u200bchoix id\u00e9al pour ceux qui cherchent \u00e0 maximiser les bienfaits de l&#8217;extrait\u200c de p\u00e9pins \u2063de raisin.<\/p>\n<h2>Caract\u00e9ristiques principales<\/h2>\n<ul>\n<li>Extrait de p\u00e9pins de raisin hautement\u2064 concentr\u00e9<\/li>\n<li>Standardis\u00e9 \u00e0 90% de polyph\u00e9nols<\/li>\n<li>Antioxydant puissant<\/li>\n<li>Contribue \u00e0 \u200dla sant\u00e9 cardiovasculaire<\/li>\n<li>Fabriqu\u00e9 \u00e0 partir de raisins\u2064 cultiv\u00e9s aux \u00c9tats-Unis<\/li>\n<li>Sans OGM et convient aux v\u00e9g\u00e9tariens et aux v\u00e9g\u00e9taliens<\/li>\n<\/ul>\n<p>Prenez soin de\u200d votre sant\u00e9\u200d avec le Grape Seed Standardized Extract de NOW\u2062 Foods. Commandez\u200c d\u00e8s maintenant et profitez des \u2064bienfaits de cet extrait de p\u00e9pins de raisin hautement concentr\u00e9.<\/p>\n","protected":false},"excerpt":{"rendered":"<p>Grape \u200bSeed Standardized Extract, 100mg &#8211; 200 vcaps Le Grape Seed Standardized Extract de NOW Foods \u2063est un compl\u00e9ment alimentaire\u200d hautement concentr\u00e9 en extrait de p\u00e9pins \u200bde raisin. Chaque capsule contient \u2064100mg \u2063d&#8217;extrait de p\u00e9pins de raisin \u2062standardis\u00e9 \u00e0 90%\u2063 de polyph\u00e9nols, ce qui en \u200dfait l&#8217;un des produits les plus puissants sur le march\u00e9. [&#8230;]\n","protected":false},"featured_media":250879,"comment_status":"open","ping_status":"open","template":"","meta":[],"product_brand":[4733],"product_cat":[5054,5055,5052,5094,5053],"product_tag":[],"class_list":{"0":"post-289009","1":"product","2":"type-product","3":"status-publish","4":"has-post-thumbnail","6":"product_brand-now-foods-2","7":"product_cat-nourriture-saine","8":"product_cat-produits-vegetaliens","9":"product_cat-sante-et-bien-etre","10":"product_cat-supplements-a-base-de-plantes","11":"product_cat-vitamines-et-mineraux","13":"first","14":"instock","15":"taxable","16":"shipping-taxable","17":"purchasable","18":"product-type-simple"},"yoast_head":"<!-- This site is optimized with the Yoast SEO Premium plugin v27.3 (Yoast SEO v27.3) - https:\/\/yoast.com\/product\/yoast-seo-premium-wordpress\/ -->\n<title>Extrait standardis\u00e9 de p\u00e9pins de raisin, 100mg - 200 g\u00e9lules - ECO Supplements<\/title>\n<meta name=\"description\" content=\"Wij hebben een ruime keuze aan producten van Extrait standardis\u00e9 de p\u00e9pins de raisin, 100mg - 200 g\u00e9lules . Winkel bij Eco Supplements altijd gratis verzending boven 100\u20ac\" \/>\n<meta name=\"robots\" content=\"index, follow, max-snippet:-1, max-image-preview:large, max-video-preview:-1\" \/>\n<link rel=\"canonical\" href=\"https:\/\/ecosupplements.be\/fr\/produit\/extrait-standardise-de-pepins-de-raisin-100mg-200-gelules\/\" \/>\n<meta property=\"og:locale\" content=\"fr_FR\" \/>\n<meta property=\"og:type\" content=\"article\" \/>\n<meta property=\"og:title\" content=\"Extrait standardis\u00e9 de p\u00e9pins de raisin, 100mg - 200 g\u00e9lules\" \/>\n<meta property=\"og:description\" content=\"Wij hebben een ruime keuze aan producten van Extrait standardis\u00e9 de p\u00e9pins de raisin, 100mg - 200 g\u00e9lules . Winkel bij Eco Supplements altijd gratis verzending boven 100\u20ac\" \/>\n<meta property=\"og:url\" content=\"https:\/\/ecosupplements.be\/fr\/produit\/extrait-standardise-de-pepins-de-raisin-100mg-200-gelules\/\" \/>\n<meta property=\"og:site_name\" content=\"ECO Supplements\" \/>\n<meta property=\"article:modified_time\" content=\"2025-08-27T13:50:14+00:00\" \/>\n<meta property=\"og:image\" content=\"https:\/\/ecosupplements.be\/wp-content\/uploads\/2025\/08\/Grape-Seed-Standardized-Extract-100mg-200-vcaps.jpg\" \/>\n\t<meta property=\"og:image:width\" content=\"493\" \/>\n\t<meta property=\"og:image:height\" content=\"880\" \/>\n\t<meta property=\"og:image:type\" content=\"image\/jpeg\" \/>\n<meta name=\"twitter:card\" content=\"summary_large_image\" \/>\n<meta name=\"twitter:label1\" content=\"Prix\" \/>\n\t<meta name=\"twitter:data1\" content=\"28.11&nbsp;&euro;\" \/>\n\t<meta name=\"twitter:label2\" content=\"Disponibilit\u00e9\" \/>\n\t<meta name=\"twitter:data2\" content=\"En stock\" \/>\n<script type=\"application\/ld+json\" class=\"yoast-schema-graph\">{\"@context\":\"https:\\\/\\\/schema.org\",\"@graph\":[{\"@type\":[\"WebPage\",\"ItemPage\"],\"@id\":\"https:\\\/\\\/ecosupplements.be\\\/fr\\\/produit\\\/extrait-standardise-de-pepins-de-raisin-100mg-200-gelules\\\/\",\"url\":\"https:\\\/\\\/ecosupplements.be\\\/fr\\\/produit\\\/extrait-standardise-de-pepins-de-raisin-100mg-200-gelules\\\/\",\"name\":\"Extrait standardis\u00e9 de p\u00e9pins de raisin, 100mg - 200 g\u00e9lules - ECO Supplements\",\"isPartOf\":{\"@id\":\"https:\\\/\\\/ecosupplements.be\\\/fr\\\/#website\"},\"primaryImageOfPage\":{\"@id\":\"https:\\\/\\\/ecosupplements.be\\\/fr\\\/produit\\\/extrait-standardise-de-pepins-de-raisin-100mg-200-gelules\\\/#primaryimage\"},\"image\":{\"@id\":\"https:\\\/\\\/ecosupplements.be\\\/fr\\\/produit\\\/extrait-standardise-de-pepins-de-raisin-100mg-200-gelules\\\/#primaryimage\"},\"thumbnailUrl\":\"https:\\\/\\\/ecosupplements.be\\\/wp-content\\\/uploads\\\/2025\\\/08\\\/NOW-Foods-Grape-Seed-Standardized-Extract-100mg-200-vcaps.jpg\",\"datePublished\":\"2022-06-28T09:23:57+00:00\",\"dateModified\":\"2025-08-27T13:50:14+00:00\",\"description\":\"Wij hebben een ruime keuze aan producten van Extrait standardis\u00e9 de p\u00e9pins de raisin, 100mg - 200 g\u00e9lules . Winkel bij Eco Supplements altijd gratis verzending boven 100\u20ac\",\"breadcrumb\":{\"@id\":\"https:\\\/\\\/ecosupplements.be\\\/fr\\\/produit\\\/extrait-standardise-de-pepins-de-raisin-100mg-200-gelules\\\/#breadcrumb\"},\"inLanguage\":\"fr-FR\",\"potentialAction\":[{\"@type\":\"ReadAction\",\"target\":[\"https:\\\/\\\/ecosupplements.be\\\/fr\\\/produit\\\/extrait-standardise-de-pepins-de-raisin-100mg-200-gelules\\\/\"]}]},{\"@type\":\"ImageObject\",\"inLanguage\":\"fr-FR\",\"@id\":\"https:\\\/\\\/ecosupplements.be\\\/fr\\\/produit\\\/extrait-standardise-de-pepins-de-raisin-100mg-200-gelules\\\/#primaryimage\",\"url\":\"https:\\\/\\\/ecosupplements.be\\\/wp-content\\\/uploads\\\/2025\\\/08\\\/NOW-Foods-Grape-Seed-Standardized-Extract-100mg-200-vcaps.jpg\",\"contentUrl\":\"https:\\\/\\\/ecosupplements.be\\\/wp-content\\\/uploads\\\/2025\\\/08\\\/NOW-Foods-Grape-Seed-Standardized-Extract-100mg-200-vcaps.jpg\",\"width\":750,\"height\":750},{\"@type\":\"BreadcrumbList\",\"@id\":\"https:\\\/\\\/ecosupplements.be\\\/fr\\\/produit\\\/extrait-standardise-de-pepins-de-raisin-100mg-200-gelules\\\/#breadcrumb\",\"itemListElement\":[{\"@type\":\"ListItem\",\"position\":1,\"name\":\"Home\",\"item\":\"https:\\\/\\\/ecosupplements.be\\\/fr\\\/\"},{\"@type\":\"ListItem\",\"position\":2,\"name\":\"Boutique\",\"item\":\"https:\\\/\\\/ecosupplements.be\\\/fr\\\/boutique\\\/\"},{\"@type\":\"ListItem\",\"position\":3,\"name\":\"Extrait standardis\u00e9 de p\u00e9pins de raisin, 100mg &#8211; 200 g\u00e9lules\"}]},{\"@type\":\"WebSite\",\"@id\":\"https:\\\/\\\/ecosupplements.be\\\/fr\\\/#website\",\"url\":\"https:\\\/\\\/ecosupplements.be\\\/fr\\\/\",\"name\":\"ECO Supplements\",\"description\":\"Eco Supplements - Gezonde supplementen\",\"publisher\":{\"@id\":\"https:\\\/\\\/ecosupplements.be\\\/fr\\\/#organization\"},\"potentialAction\":[{\"@type\":\"SearchAction\",\"target\":{\"@type\":\"EntryPoint\",\"urlTemplate\":\"https:\\\/\\\/ecosupplements.be\\\/fr\\\/?s={search_term_string}\"},\"query-input\":{\"@type\":\"PropertyValueSpecification\",\"valueRequired\":true,\"valueName\":\"search_term_string\"}}],\"inLanguage\":\"fr-FR\"},{\"@type\":\"Organization\",\"@id\":\"https:\\\/\\\/ecosupplements.be\\\/fr\\\/#organization\",\"name\":\"Eco Supplements\",\"url\":\"https:\\\/\\\/ecosupplements.be\\\/fr\\\/\",\"logo\":{\"@type\":\"ImageObject\",\"inLanguage\":\"fr-FR\",\"@id\":\"https:\\\/\\\/ecosupplements.be\\\/fr\\\/#\\\/schema\\\/logo\\\/image\\\/\",\"url\":\"https:\\\/\\\/ecosupplements.be\\\/wp-content\\\/uploads\\\/2022\\\/06\\\/ecosupplement-family.png\",\"contentUrl\":\"https:\\\/\\\/ecosupplements.be\\\/wp-content\\\/uploads\\\/2022\\\/06\\\/ecosupplement-family.png\",\"width\":593,\"height\":374,\"caption\":\"Eco Supplements\"},\"image\":{\"@id\":\"https:\\\/\\\/ecosupplements.be\\\/fr\\\/#\\\/schema\\\/logo\\\/image\\\/\"}}]}<\/script>\n<meta property=\"product:brand\" content=\"NOW Foods\" \/>\n<meta property=\"product:price:amount\" content=\"28.11\" \/>\n<meta property=\"product:price:currency\" content=\"EUR\" \/>\n<meta property=\"og:availability\" content=\"instock\" \/>\n<meta property=\"product:availability\" content=\"instock\" \/>\n<meta property=\"product:retailer_item_id\" content=\"733739032492\" \/>\n<meta property=\"product:condition\" content=\"new\" \/>\n<!-- \/ Yoast SEO Premium plugin. -->","yoast_head_json":{"title":"Extrait standardis\u00e9 de p\u00e9pins de raisin, 100mg - 200 g\u00e9lules - ECO Supplements","description":"Wij hebben een ruime keuze aan producten van Extrait standardis\u00e9 de p\u00e9pins de raisin, 100mg - 200 g\u00e9lules . Winkel bij Eco Supplements altijd gratis verzending boven 100\u20ac","robots":{"index":"index","follow":"follow","max-snippet":"max-snippet:-1","max-image-preview":"max-image-preview:large","max-video-preview":"max-video-preview:-1"},"canonical":"https:\/\/ecosupplements.be\/fr\/produit\/extrait-standardise-de-pepins-de-raisin-100mg-200-gelules\/","og_locale":"fr_FR","og_type":"article","og_title":"Extrait standardis\u00e9 de p\u00e9pins de raisin, 100mg - 200 g\u00e9lules","og_description":"Wij hebben een ruime keuze aan producten van Extrait standardis\u00e9 de p\u00e9pins de raisin, 100mg - 200 g\u00e9lules . Winkel bij Eco Supplements altijd gratis verzending boven 100\u20ac","og_url":"https:\/\/ecosupplements.be\/fr\/produit\/extrait-standardise-de-pepins-de-raisin-100mg-200-gelules\/","og_site_name":"ECO Supplements","article_modified_time":"2025-08-27T13:50:14+00:00","og_image":[{"width":493,"height":880,"url":"https:\/\/ecosupplements.be\/wp-content\/uploads\/2025\/08\/Grape-Seed-Standardized-Extract-100mg-200-vcaps.jpg","type":"image\/jpeg"}],"twitter_card":"summary_large_image","twitter_misc":{"Prix":"28.11&nbsp;&euro;","Disponibilit\u00e9":"En stock"},"schema":{"@context":"https:\/\/schema.org","@graph":[{"@type":["WebPage","ItemPage"],"@id":"https:\/\/ecosupplements.be\/fr\/produit\/extrait-standardise-de-pepins-de-raisin-100mg-200-gelules\/","url":"https:\/\/ecosupplements.be\/fr\/produit\/extrait-standardise-de-pepins-de-raisin-100mg-200-gelules\/","name":"Extrait standardis\u00e9 de p\u00e9pins de raisin, 100mg - 200 g\u00e9lules - ECO Supplements","isPartOf":{"@id":"https:\/\/ecosupplements.be\/fr\/#website"},"primaryImageOfPage":{"@id":"https:\/\/ecosupplements.be\/fr\/produit\/extrait-standardise-de-pepins-de-raisin-100mg-200-gelules\/#primaryimage"},"image":{"@id":"https:\/\/ecosupplements.be\/fr\/produit\/extrait-standardise-de-pepins-de-raisin-100mg-200-gelules\/#primaryimage"},"thumbnailUrl":"https:\/\/ecosupplements.be\/wp-content\/uploads\/2025\/08\/NOW-Foods-Grape-Seed-Standardized-Extract-100mg-200-vcaps.jpg","datePublished":"2022-06-28T09:23:57+00:00","dateModified":"2025-08-27T13:50:14+00:00","description":"Wij hebben een ruime keuze aan producten van Extrait standardis\u00e9 de p\u00e9pins de raisin, 100mg - 200 g\u00e9lules . Winkel bij Eco Supplements altijd gratis verzending boven 100\u20ac","breadcrumb":{"@id":"https:\/\/ecosupplements.be\/fr\/produit\/extrait-standardise-de-pepins-de-raisin-100mg-200-gelules\/#breadcrumb"},"inLanguage":"fr-FR","potentialAction":[{"@type":"ReadAction","target":["https:\/\/ecosupplements.be\/fr\/produit\/extrait-standardise-de-pepins-de-raisin-100mg-200-gelules\/"]}]},{"@type":"ImageObject","inLanguage":"fr-FR","@id":"https:\/\/ecosupplements.be\/fr\/produit\/extrait-standardise-de-pepins-de-raisin-100mg-200-gelules\/#primaryimage","url":"https:\/\/ecosupplements.be\/wp-content\/uploads\/2025\/08\/NOW-Foods-Grape-Seed-Standardized-Extract-100mg-200-vcaps.jpg","contentUrl":"https:\/\/ecosupplements.be\/wp-content\/uploads\/2025\/08\/NOW-Foods-Grape-Seed-Standardized-Extract-100mg-200-vcaps.jpg","width":750,"height":750},{"@type":"BreadcrumbList","@id":"https:\/\/ecosupplements.be\/fr\/produit\/extrait-standardise-de-pepins-de-raisin-100mg-200-gelules\/#breadcrumb","itemListElement":[{"@type":"ListItem","position":1,"name":"Home","item":"https:\/\/ecosupplements.be\/fr\/"},{"@type":"ListItem","position":2,"name":"Boutique","item":"https:\/\/ecosupplements.be\/fr\/boutique\/"},{"@type":"ListItem","position":3,"name":"Extrait standardis\u00e9 de p\u00e9pins de raisin, 100mg &#8211; 200 g\u00e9lules"}]},{"@type":"WebSite","@id":"https:\/\/ecosupplements.be\/fr\/#website","url":"https:\/\/ecosupplements.be\/fr\/","name":"ECO Supplements","description":"Eco Supplements - Gezonde supplementen","publisher":{"@id":"https:\/\/ecosupplements.be\/fr\/#organization"},"potentialAction":[{"@type":"SearchAction","target":{"@type":"EntryPoint","urlTemplate":"https:\/\/ecosupplements.be\/fr\/?s={search_term_string}"},"query-input":{"@type":"PropertyValueSpecification","valueRequired":true,"valueName":"search_term_string"}}],"inLanguage":"fr-FR"},{"@type":"Organization","@id":"https:\/\/ecosupplements.be\/fr\/#organization","name":"Eco Supplements","url":"https:\/\/ecosupplements.be\/fr\/","logo":{"@type":"ImageObject","inLanguage":"fr-FR","@id":"https:\/\/ecosupplements.be\/fr\/#\/schema\/logo\/image\/","url":"https:\/\/ecosupplements.be\/wp-content\/uploads\/2022\/06\/ecosupplement-family.png","contentUrl":"https:\/\/ecosupplements.be\/wp-content\/uploads\/2022\/06\/ecosupplement-family.png","width":593,"height":374,"caption":"Eco Supplements"},"image":{"@id":"https:\/\/ecosupplements.be\/fr\/#\/schema\/logo\/image\/"}}]},"product_brand":"NOW Foods","product_price_amount":"28.11","product_price_currency":"EUR","og_availability":"instock","product_availability":"instock","product_retailer_item_id":"733739032492","product_condition":"new"},"_links":{"self":[{"href":"https:\/\/ecosupplements.be\/fr\/wp-json\/wp\/v2\/product\/289009","targetHints":{"allow":["GET"]}}],"collection":[{"href":"https:\/\/ecosupplements.be\/fr\/wp-json\/wp\/v2\/product"}],"about":[{"href":"https:\/\/ecosupplements.be\/fr\/wp-json\/wp\/v2\/types\/product"}],"replies":[{"embeddable":true,"href":"https:\/\/ecosupplements.be\/fr\/wp-json\/wp\/v2\/comments?post=289009"}],"wp:featuredmedia":[{"embeddable":true,"href":"https:\/\/ecosupplements.be\/fr\/wp-json\/wp\/v2\/media\/250879"}],"wp:attachment":[{"href":"https:\/\/ecosupplements.be\/fr\/wp-json\/wp\/v2\/media?parent=289009"}],"wp:term":[{"taxonomy":"product_brand","embeddable":true,"href":"https:\/\/ecosupplements.be\/fr\/wp-json\/wp\/v2\/product_brand?post=289009"},{"taxonomy":"product_cat","embeddable":true,"href":"https:\/\/ecosupplements.be\/fr\/wp-json\/wp\/v2\/product_cat?post=289009"},{"taxonomy":"product_tag","embeddable":true,"href":"https:\/\/ecosupplements.be\/fr\/wp-json\/wp\/v2\/product_tag?post=289009"}],"curies":[{"name":"wp","href":"https:\/\/api.w.org\/{rel}","templated":true}]}}