{"id":289033,"date":"2022-06-28T10:23:57","date_gmt":"2022-06-28T09:23:57","guid":{"rendered":"https:\/\/ecosupplements.be\/product\/chrome-gtf-200mcg-250-comprimes\/"},"modified":"2025-08-27T14:50:38","modified_gmt":"2025-08-27T13:50:38","slug":"chrome-gtf-200mcg-250-comprimes","status":"publish","type":"product","link":"https:\/\/ecosupplements.be\/fr\/produit\/chrome-gtf-200mcg-250-comprimes\/","title":{"rendered":"Chrome GTF, 200mcg &#8211; 250 comprim\u00e9s"},"content":{"rendered":"<h1>GTF\u2063 Chromium, 200mcg &#8211; 250 tablets<\/h1>\n<p>Le GTF Chromium de NOW Foods est un compl\u00e9ment alimentaire de haute qualit\u00e9 \u2062qui fournit 200mcg de chrome par \u2063comprim\u00e9. Le chrome\u2064 est \u2063un min\u00e9ral\u200b essentiel qui joue un r\u00f4le important dans le m\u00e9tabolisme des glucides, des\u200b lipides et\u200c des prot\u00e9ines. Il est \u00e9galement connu \u200bpour son r\u00f4le dans\u2062 la r\u00e9gulation de la glyc\u00e9mie et de\u2063 l&#8217;insuline.<\/p>\n<h2>Ingr\u00e9dients\u2062 cl\u00e9s<\/h2>\n<ul>\n<li>Chrome (GTF Chromium Polynicotinate) &#8211; \u2063200mcg<\/li>\n<li>Cellulose microcristalline<\/li>\n<li>Acide \u200bst\u00e9arique \u2064(source v\u00e9g\u00e9tale)<\/li>\n<li>St\u00e9arate de magn\u00e9sium (source v\u00e9g\u00e9tale)<\/li>\n<li>Silice<\/li>\n<\/ul>\n<p>Ce\u2064 produit ne contient pas de \u200dbl\u00e9, de gluten,\u200b de soja, de lait, \u200cd&#8217;\u0153ufs, de poisson, de crustac\u00e9s ou de noix. Il\u200c est\u2063 \u00e9galement sans OGM et convient aux\u200d v\u00e9g\u00e9tariens et aux \u200cv\u00e9g\u00e9taliens.<\/p>\n<h2>Avantages uniques<\/h2>\n<p>Le \u200cGTF Chromium de\u2064 NOW Foods \u200dest formul\u00e9 avec du chrome\u2062 polynicotinate, une forme hautement biodisponible de chrome qui est\u200b mieux absorb\u00e9e par le corps. De plus, ce produit \u200cest fabriqu\u00e9\u2063 aux \u00c9tats-Unis dans une installation \u2062certifi\u00e9e GMP, garantissant sa \u2063qualit\u00e9 et sa puret\u00e9.<\/p>\n<h2>Caract\u00e9ristiques principales<\/h2>\n<ul>\n<li>250 comprim\u00e9s par bouteille<\/li>\n<li>200mcg \u200cde chrome par comprim\u00e9<\/li>\n<li>Formule hautement biodisponible<\/li>\n<li>Sans bl\u00e9, gluten, soja, lait, \u0153ufs, \u2063poisson, crustac\u00e9s ou\u2064 noix<\/li>\n<li>Sans OGM<\/li>\n<li>Convient aux v\u00e9g\u00e9tariens et aux v\u00e9g\u00e9taliens<\/li>\n<li>Fabriqu\u00e9 \u2062aux\u200b \u00c9tats-Unis dans une installation certifi\u00e9e GMP<\/li>\n<\/ul>\n<p>Ajoutez le GTF \u200bChromium de NOW Foods \u00e0 votre routine quotidienne pour \u200bsoutenir un m\u00e9tabolisme sain\u200b et une glyc\u00e9mie \u00e9quilibr\u00e9e. \u200bCommandez d\u00e8s maintenant et profitez des bienfaits de ce compl\u00e9ment alimentaire de qualit\u00e9 sup\u00e9rieure.<\/p>\n","protected":false},"excerpt":{"rendered":"<p>GTF\u2063 Chromium, 200mcg &#8211; 250 tablets Le GTF Chromium de NOW Foods est un compl\u00e9ment alimentaire de haute qualit\u00e9 \u2062qui fournit 200mcg de chrome par \u2063comprim\u00e9. Le chrome\u2064 est \u2063un min\u00e9ral\u200b essentiel qui joue un r\u00f4le important dans le m\u00e9tabolisme des glucides, des\u200b lipides et\u200c des prot\u00e9ines. Il est \u00e9galement connu \u200bpour son r\u00f4le dans\u2062 [&#8230;]\n","protected":false},"featured_media":250924,"comment_status":"open","ping_status":"open","template":"","meta":[],"product_brand":[4733,4734],"product_cat":[5078,5064,5054,5055,5052,5053],"product_tag":[],"class_list":{"0":"post-289033","1":"product","2":"type-product","3":"status-publish","4":"has-post-thumbnail","6":"product_brand-now-foods-2","7":"product_brand-nownow-foods-2","8":"product_cat-formule-speciale","9":"product_cat-mineraux-simples","10":"product_cat-nourriture-saine","11":"product_cat-produits-vegetaliens","12":"product_cat-sante-et-bien-etre","13":"product_cat-vitamines-et-mineraux","15":"first","16":"instock","17":"taxable","18":"shipping-taxable","19":"purchasable","20":"product-type-simple"},"yoast_head":"<!-- This site is optimized with the Yoast SEO Premium plugin v27.3 (Yoast SEO v27.3) - https:\/\/yoast.com\/product\/yoast-seo-premium-wordpress\/ -->\n<title>Chrome GTF, 200mcg - 250 comprim\u00e9s - ECO Supplements<\/title>\n<meta name=\"description\" content=\"Wij hebben een ruime keuze aan producten van Chrome GTF, 200mcg - 250 comprim\u00e9s . Winkel bij Eco Supplements altijd gratis verzending boven 100\u20ac\" \/>\n<meta name=\"robots\" content=\"index, follow, max-snippet:-1, max-image-preview:large, max-video-preview:-1\" \/>\n<link rel=\"canonical\" href=\"https:\/\/ecosupplements.be\/fr\/produit\/chrome-gtf-200mcg-250-comprimes\/\" \/>\n<meta property=\"og:locale\" content=\"fr_FR\" \/>\n<meta property=\"og:type\" content=\"article\" \/>\n<meta property=\"og:title\" content=\"Chrome GTF, 200mcg - 250 comprim\u00e9s\" \/>\n<meta property=\"og:description\" content=\"Wij hebben een ruime keuze aan producten van Chrome GTF, 200mcg - 250 comprim\u00e9s . Winkel bij Eco Supplements altijd gratis verzending boven 100\u20ac\" \/>\n<meta property=\"og:url\" content=\"https:\/\/ecosupplements.be\/fr\/produit\/chrome-gtf-200mcg-250-comprimes\/\" \/>\n<meta property=\"og:site_name\" content=\"ECO Supplements\" \/>\n<meta property=\"article:modified_time\" content=\"2025-08-27T13:50:38+00:00\" \/>\n<meta property=\"og:image\" content=\"https:\/\/ecosupplements.be\/wp-content\/uploads\/2025\/08\/GTF-Chromium-200mcg-250-tabs.jpg\" \/>\n\t<meta property=\"og:image:width\" content=\"491\" \/>\n\t<meta property=\"og:image:height\" content=\"880\" \/>\n\t<meta property=\"og:image:type\" content=\"image\/jpeg\" \/>\n<meta name=\"twitter:card\" content=\"summary_large_image\" \/>\n<meta name=\"twitter:label1\" content=\"Prix\" \/>\n\t<meta name=\"twitter:data1\" content=\"18.94&nbsp;&euro;\" \/>\n\t<meta name=\"twitter:label2\" content=\"Disponibilit\u00e9\" \/>\n\t<meta name=\"twitter:data2\" content=\"En stock\" \/>\n<script type=\"application\/ld+json\" class=\"yoast-schema-graph\">{\"@context\":\"https:\\\/\\\/schema.org\",\"@graph\":[{\"@type\":[\"WebPage\",\"ItemPage\"],\"@id\":\"https:\\\/\\\/ecosupplements.be\\\/fr\\\/produit\\\/chrome-gtf-200mcg-250-comprimes\\\/\",\"url\":\"https:\\\/\\\/ecosupplements.be\\\/fr\\\/produit\\\/chrome-gtf-200mcg-250-comprimes\\\/\",\"name\":\"Chrome GTF, 200mcg - 250 comprim\u00e9s - ECO Supplements\",\"isPartOf\":{\"@id\":\"https:\\\/\\\/ecosupplements.be\\\/fr\\\/#website\"},\"primaryImageOfPage\":{\"@id\":\"https:\\\/\\\/ecosupplements.be\\\/fr\\\/produit\\\/chrome-gtf-200mcg-250-comprimes\\\/#primaryimage\"},\"image\":{\"@id\":\"https:\\\/\\\/ecosupplements.be\\\/fr\\\/produit\\\/chrome-gtf-200mcg-250-comprimes\\\/#primaryimage\"},\"thumbnailUrl\":\"https:\\\/\\\/ecosupplements.be\\\/wp-content\\\/uploads\\\/2025\\\/08\\\/NOW-Foods-GTF-Chromium-200mcg-250-tabs.jpg\",\"datePublished\":\"2022-06-28T09:23:57+00:00\",\"dateModified\":\"2025-08-27T13:50:38+00:00\",\"description\":\"Wij hebben een ruime keuze aan producten van Chrome GTF, 200mcg - 250 comprim\u00e9s . Winkel bij Eco Supplements altijd gratis verzending boven 100\u20ac\",\"breadcrumb\":{\"@id\":\"https:\\\/\\\/ecosupplements.be\\\/fr\\\/produit\\\/chrome-gtf-200mcg-250-comprimes\\\/#breadcrumb\"},\"inLanguage\":\"fr-FR\",\"potentialAction\":[{\"@type\":\"ReadAction\",\"target\":[\"https:\\\/\\\/ecosupplements.be\\\/fr\\\/produit\\\/chrome-gtf-200mcg-250-comprimes\\\/\"]}]},{\"@type\":\"ImageObject\",\"inLanguage\":\"fr-FR\",\"@id\":\"https:\\\/\\\/ecosupplements.be\\\/fr\\\/produit\\\/chrome-gtf-200mcg-250-comprimes\\\/#primaryimage\",\"url\":\"https:\\\/\\\/ecosupplements.be\\\/wp-content\\\/uploads\\\/2025\\\/08\\\/NOW-Foods-GTF-Chromium-200mcg-250-tabs.jpg\",\"contentUrl\":\"https:\\\/\\\/ecosupplements.be\\\/wp-content\\\/uploads\\\/2025\\\/08\\\/NOW-Foods-GTF-Chromium-200mcg-250-tabs.jpg\",\"width\":750,\"height\":750},{\"@type\":\"BreadcrumbList\",\"@id\":\"https:\\\/\\\/ecosupplements.be\\\/fr\\\/produit\\\/chrome-gtf-200mcg-250-comprimes\\\/#breadcrumb\",\"itemListElement\":[{\"@type\":\"ListItem\",\"position\":1,\"name\":\"Home\",\"item\":\"https:\\\/\\\/ecosupplements.be\\\/fr\\\/\"},{\"@type\":\"ListItem\",\"position\":2,\"name\":\"Boutique\",\"item\":\"https:\\\/\\\/ecosupplements.be\\\/fr\\\/boutique\\\/\"},{\"@type\":\"ListItem\",\"position\":3,\"name\":\"Chrome GTF, 200mcg &#8211; 250 comprim\u00e9s\"}]},{\"@type\":\"WebSite\",\"@id\":\"https:\\\/\\\/ecosupplements.be\\\/fr\\\/#website\",\"url\":\"https:\\\/\\\/ecosupplements.be\\\/fr\\\/\",\"name\":\"ECO Supplements\",\"description\":\"Eco Supplements - Gezonde supplementen\",\"publisher\":{\"@id\":\"https:\\\/\\\/ecosupplements.be\\\/fr\\\/#organization\"},\"potentialAction\":[{\"@type\":\"SearchAction\",\"target\":{\"@type\":\"EntryPoint\",\"urlTemplate\":\"https:\\\/\\\/ecosupplements.be\\\/fr\\\/?s={search_term_string}\"},\"query-input\":{\"@type\":\"PropertyValueSpecification\",\"valueRequired\":true,\"valueName\":\"search_term_string\"}}],\"inLanguage\":\"fr-FR\"},{\"@type\":\"Organization\",\"@id\":\"https:\\\/\\\/ecosupplements.be\\\/fr\\\/#organization\",\"name\":\"Eco Supplements\",\"url\":\"https:\\\/\\\/ecosupplements.be\\\/fr\\\/\",\"logo\":{\"@type\":\"ImageObject\",\"inLanguage\":\"fr-FR\",\"@id\":\"https:\\\/\\\/ecosupplements.be\\\/fr\\\/#\\\/schema\\\/logo\\\/image\\\/\",\"url\":\"https:\\\/\\\/ecosupplements.be\\\/wp-content\\\/uploads\\\/2022\\\/06\\\/ecosupplement-family.png\",\"contentUrl\":\"https:\\\/\\\/ecosupplements.be\\\/wp-content\\\/uploads\\\/2022\\\/06\\\/ecosupplement-family.png\",\"width\":593,\"height\":374,\"caption\":\"Eco Supplements\"},\"image\":{\"@id\":\"https:\\\/\\\/ecosupplements.be\\\/fr\\\/#\\\/schema\\\/logo\\\/image\\\/\"}}]}<\/script>\n<meta property=\"product:brand\" content=\"NOW Foods\" \/>\n<meta property=\"product:price:amount\" content=\"18.94\" \/>\n<meta property=\"product:price:currency\" content=\"EUR\" \/>\n<meta property=\"og:availability\" content=\"instock\" \/>\n<meta property=\"product:availability\" content=\"instock\" \/>\n<meta property=\"product:retailer_item_id\" content=\"733739014320\" \/>\n<meta property=\"product:condition\" content=\"new\" \/>\n<!-- \/ Yoast SEO Premium plugin. -->","yoast_head_json":{"title":"Chrome GTF, 200mcg - 250 comprim\u00e9s - ECO Supplements","description":"Wij hebben een ruime keuze aan producten van Chrome GTF, 200mcg - 250 comprim\u00e9s . Winkel bij Eco Supplements altijd gratis verzending boven 100\u20ac","robots":{"index":"index","follow":"follow","max-snippet":"max-snippet:-1","max-image-preview":"max-image-preview:large","max-video-preview":"max-video-preview:-1"},"canonical":"https:\/\/ecosupplements.be\/fr\/produit\/chrome-gtf-200mcg-250-comprimes\/","og_locale":"fr_FR","og_type":"article","og_title":"Chrome GTF, 200mcg - 250 comprim\u00e9s","og_description":"Wij hebben een ruime keuze aan producten van Chrome GTF, 200mcg - 250 comprim\u00e9s . Winkel bij Eco Supplements altijd gratis verzending boven 100\u20ac","og_url":"https:\/\/ecosupplements.be\/fr\/produit\/chrome-gtf-200mcg-250-comprimes\/","og_site_name":"ECO Supplements","article_modified_time":"2025-08-27T13:50:38+00:00","og_image":[{"width":491,"height":880,"url":"https:\/\/ecosupplements.be\/wp-content\/uploads\/2025\/08\/GTF-Chromium-200mcg-250-tabs.jpg","type":"image\/jpeg"}],"twitter_card":"summary_large_image","twitter_misc":{"Prix":"18.94&nbsp;&euro;","Disponibilit\u00e9":"En stock"},"schema":{"@context":"https:\/\/schema.org","@graph":[{"@type":["WebPage","ItemPage"],"@id":"https:\/\/ecosupplements.be\/fr\/produit\/chrome-gtf-200mcg-250-comprimes\/","url":"https:\/\/ecosupplements.be\/fr\/produit\/chrome-gtf-200mcg-250-comprimes\/","name":"Chrome GTF, 200mcg - 250 comprim\u00e9s - ECO Supplements","isPartOf":{"@id":"https:\/\/ecosupplements.be\/fr\/#website"},"primaryImageOfPage":{"@id":"https:\/\/ecosupplements.be\/fr\/produit\/chrome-gtf-200mcg-250-comprimes\/#primaryimage"},"image":{"@id":"https:\/\/ecosupplements.be\/fr\/produit\/chrome-gtf-200mcg-250-comprimes\/#primaryimage"},"thumbnailUrl":"https:\/\/ecosupplements.be\/wp-content\/uploads\/2025\/08\/NOW-Foods-GTF-Chromium-200mcg-250-tabs.jpg","datePublished":"2022-06-28T09:23:57+00:00","dateModified":"2025-08-27T13:50:38+00:00","description":"Wij hebben een ruime keuze aan producten van Chrome GTF, 200mcg - 250 comprim\u00e9s . Winkel bij Eco Supplements altijd gratis verzending boven 100\u20ac","breadcrumb":{"@id":"https:\/\/ecosupplements.be\/fr\/produit\/chrome-gtf-200mcg-250-comprimes\/#breadcrumb"},"inLanguage":"fr-FR","potentialAction":[{"@type":"ReadAction","target":["https:\/\/ecosupplements.be\/fr\/produit\/chrome-gtf-200mcg-250-comprimes\/"]}]},{"@type":"ImageObject","inLanguage":"fr-FR","@id":"https:\/\/ecosupplements.be\/fr\/produit\/chrome-gtf-200mcg-250-comprimes\/#primaryimage","url":"https:\/\/ecosupplements.be\/wp-content\/uploads\/2025\/08\/NOW-Foods-GTF-Chromium-200mcg-250-tabs.jpg","contentUrl":"https:\/\/ecosupplements.be\/wp-content\/uploads\/2025\/08\/NOW-Foods-GTF-Chromium-200mcg-250-tabs.jpg","width":750,"height":750},{"@type":"BreadcrumbList","@id":"https:\/\/ecosupplements.be\/fr\/produit\/chrome-gtf-200mcg-250-comprimes\/#breadcrumb","itemListElement":[{"@type":"ListItem","position":1,"name":"Home","item":"https:\/\/ecosupplements.be\/fr\/"},{"@type":"ListItem","position":2,"name":"Boutique","item":"https:\/\/ecosupplements.be\/fr\/boutique\/"},{"@type":"ListItem","position":3,"name":"Chrome GTF, 200mcg &#8211; 250 comprim\u00e9s"}]},{"@type":"WebSite","@id":"https:\/\/ecosupplements.be\/fr\/#website","url":"https:\/\/ecosupplements.be\/fr\/","name":"ECO Supplements","description":"Eco Supplements - Gezonde supplementen","publisher":{"@id":"https:\/\/ecosupplements.be\/fr\/#organization"},"potentialAction":[{"@type":"SearchAction","target":{"@type":"EntryPoint","urlTemplate":"https:\/\/ecosupplements.be\/fr\/?s={search_term_string}"},"query-input":{"@type":"PropertyValueSpecification","valueRequired":true,"valueName":"search_term_string"}}],"inLanguage":"fr-FR"},{"@type":"Organization","@id":"https:\/\/ecosupplements.be\/fr\/#organization","name":"Eco Supplements","url":"https:\/\/ecosupplements.be\/fr\/","logo":{"@type":"ImageObject","inLanguage":"fr-FR","@id":"https:\/\/ecosupplements.be\/fr\/#\/schema\/logo\/image\/","url":"https:\/\/ecosupplements.be\/wp-content\/uploads\/2022\/06\/ecosupplement-family.png","contentUrl":"https:\/\/ecosupplements.be\/wp-content\/uploads\/2022\/06\/ecosupplement-family.png","width":593,"height":374,"caption":"Eco Supplements"},"image":{"@id":"https:\/\/ecosupplements.be\/fr\/#\/schema\/logo\/image\/"}}]},"product_brand":"NOW Foods","product_price_amount":"18.94","product_price_currency":"EUR","og_availability":"instock","product_availability":"instock","product_retailer_item_id":"733739014320","product_condition":"new"},"_links":{"self":[{"href":"https:\/\/ecosupplements.be\/fr\/wp-json\/wp\/v2\/product\/289033","targetHints":{"allow":["GET"]}}],"collection":[{"href":"https:\/\/ecosupplements.be\/fr\/wp-json\/wp\/v2\/product"}],"about":[{"href":"https:\/\/ecosupplements.be\/fr\/wp-json\/wp\/v2\/types\/product"}],"replies":[{"embeddable":true,"href":"https:\/\/ecosupplements.be\/fr\/wp-json\/wp\/v2\/comments?post=289033"}],"wp:featuredmedia":[{"embeddable":true,"href":"https:\/\/ecosupplements.be\/fr\/wp-json\/wp\/v2\/media\/250924"}],"wp:attachment":[{"href":"https:\/\/ecosupplements.be\/fr\/wp-json\/wp\/v2\/media?parent=289033"}],"wp:term":[{"taxonomy":"product_brand","embeddable":true,"href":"https:\/\/ecosupplements.be\/fr\/wp-json\/wp\/v2\/product_brand?post=289033"},{"taxonomy":"product_cat","embeddable":true,"href":"https:\/\/ecosupplements.be\/fr\/wp-json\/wp\/v2\/product_cat?post=289033"},{"taxonomy":"product_tag","embeddable":true,"href":"https:\/\/ecosupplements.be\/fr\/wp-json\/wp\/v2\/product_tag?post=289033"}],"curies":[{"name":"wp","href":"https:\/\/api.w.org\/{rel}","templated":true}]}}