{"id":289039,"date":"2022-06-28T10:23:57","date_gmt":"2022-06-28T09:23:57","guid":{"rendered":"https:\/\/ecosupplements.be\/product\/cheveux-peau-et-ongles-90-gelules\/"},"modified":"2025-08-27T14:50:43","modified_gmt":"2025-08-27T13:50:43","slug":"cheveux-peau-et-ongles-90-gelules","status":"publish","type":"product","link":"https:\/\/ecosupplements.be\/fr\/produit\/cheveux-peau-et-ongles-90-gelules\/","title":{"rendered":"Cheveux, Peau et Ongles &#8211; 90 g\u00e9lules"},"content":{"rendered":"<h1>Hair, Skin &#038; Nails &#8211; 90 vcaps<\/h1>\n<p>Obtenez des cheveux, une peau\u2063 et des ongles sains avec les capsules Hair, Skin &#038; Nails de NOW Foods. Cette formule compl\u00e8te \u200bcontient des ingr\u00e9dients naturels pour nourrir\u2062 et renforcer vos cheveux, votre \u200cpeau et vos ongles de l&#8217;int\u00e9rieur.<\/p>\n<h2>Caract\u00e9ristiques sp\u00e9ciales:<\/h2>\n<ul>\n<li>Formule compl\u00e8te pour des cheveux, une peau et des ongles sains<\/li>\n<li>Contient des ingr\u00e9dients naturels<\/li>\n<li>Nourrit et \u2064renforce de l&#8217;int\u00e9rieur<\/li>\n<li>90 capsules par bouteille<\/li>\n<\/ul>\n<h2>Ingr\u00e9dients cl\u00e9s:<\/h2>\n<p>Cette formule contient un m\u00e9lange unique d&#8217;ingr\u00e9dients pour soutenir la sant\u00e9 de vos cheveux, de votre peau et de\u2062 vos ongles:<\/p>\n<ul>\n<li>Vitamine C: un antioxydant puissant qui aide \u00e0 prot\u00e9ger les cellules contre les dommages\u2064 caus\u00e9s par les \u200dradicaux libres<\/li>\n<li>Biotine:\u2064 une vitamine B essentielle pour la sant\u00e9 des cheveux, de la peau \u200det des ongles<\/li>\n<li>Collag\u00e8ne de poisson: une prot\u00e9ine\u2063 qui aide \u00e0 maintenir l&#8217;\u00e9lasticit\u00e9 et la fermet\u00e9 de la peau<\/li>\n<li>MSM: un compos\u00e9 soufr\u00e9 qui peut aider \u00e0 renforcer les cheveux et les ongles<\/li>\n<li>Silice: un min\u00e9ral\u200c important pour la sant\u00e9 \u2063des cheveux, de la peau \u2063et des ongles<\/li>\n<\/ul>\n<h2>Avantages uniques:<\/h2>\n<p>Ces capsules Hair, Skin &#038; \u2064Nails de \u2062NOW Foods offrent une approche compl\u00e8te pour soutenir la sant\u00e9 de vos cheveux, de votre peau et de \u2064vos ongles. Les ingr\u00e9dients naturels travaillent ensemble\u200d pour nourrir \u2062et renforcer ces parties du \u200dcorps de l&#8217;int\u00e9rieur, vous aidant \u00e0 obtenir des \u200ccheveux brillants, une peau \u00e9clatante et des ongles forts.<\/p>\n<h2>Principales caract\u00e9ristiques:<\/h2>\n<ul>\n<li>Formule compl\u00e8te pour des cheveux, une peau et des ongles sains<\/li>\n<li>Contient des ingr\u00e9dients naturels<\/li>\n<li>Nourrit et renforce\u200b de l&#8217;int\u00e9rieur<\/li>\n<li>90 capsules par bouteille<\/li>\n<li>Fabriqu\u00e9 aux \u00c9tats-Unis<\/li>\n<\/ul>\n<p>Prenez soin de votre beaut\u00e9 de l&#8217;int\u00e9rieur avec les capsules Hair, Skin &#038; Nails de NOW Foods. Commandez d\u00e8s maintenant et profitez d&#8217;une peau, de cheveux et d&#8217;ongles en bonne sant\u00e9\u200d et \u00e9clatants.<\/p>\n","protected":false},"excerpt":{"rendered":"<p>Hair, Skin &#038; Nails &#8211; 90 vcaps Obtenez des cheveux, une peau\u2063 et des ongles sains avec les capsules Hair, Skin &#038; Nails de NOW Foods. Cette formule compl\u00e8te \u200bcontient des ingr\u00e9dients naturels pour nourrir\u2062 et renforcer vos cheveux, votre \u200cpeau et vos ongles de l&#8217;int\u00e9rieur. Caract\u00e9ristiques sp\u00e9ciales: Formule compl\u00e8te pour des cheveux, une peau [&#8230;]\n","protected":false},"featured_media":250939,"comment_status":"open","ping_status":"open","template":"","meta":[],"product_brand":[4733,4734],"product_cat":[5114,5052,5053,5175],"product_tag":[],"class_list":{"0":"post-289039","1":"product","2":"type-product","3":"status-publish","4":"has-post-thumbnail","6":"product_brand-now-foods-2","7":"product_brand-nownow-foods-2","8":"product_cat-beaute","9":"product_cat-sante-et-bien-etre","10":"product_cat-vitamines-et-mineraux","11":"product_cat-vitamines-pour-femmes","13":"first","14":"instock","15":"taxable","16":"shipping-taxable","17":"purchasable","18":"product-type-simple"},"yoast_head":"<!-- This site is optimized with the Yoast SEO Premium plugin v27.3 (Yoast SEO v27.3) - https:\/\/yoast.com\/product\/yoast-seo-premium-wordpress\/ -->\n<title>Cheveux, Peau et Ongles - 90 g\u00e9lules - ECO Supplements<\/title>\n<meta name=\"description\" content=\"Wij hebben een ruime keuze aan producten van Cheveux, Peau et Ongles - 90 g\u00e9lules . Winkel bij Eco Supplements altijd gratis verzending boven 100\u20ac\" \/>\n<meta name=\"robots\" content=\"index, follow, max-snippet:-1, max-image-preview:large, max-video-preview:-1\" \/>\n<link rel=\"canonical\" href=\"https:\/\/ecosupplements.be\/fr\/produit\/cheveux-peau-et-ongles-90-gelules\/\" \/>\n<meta property=\"og:locale\" content=\"fr_FR\" \/>\n<meta property=\"og:type\" content=\"article\" \/>\n<meta property=\"og:title\" content=\"Cheveux, Peau et Ongles - 90 g\u00e9lules\" \/>\n<meta property=\"og:description\" content=\"Wij hebben een ruime keuze aan producten van Cheveux, Peau et Ongles - 90 g\u00e9lules . Winkel bij Eco Supplements altijd gratis verzending boven 100\u20ac\" \/>\n<meta property=\"og:url\" content=\"https:\/\/ecosupplements.be\/fr\/produit\/cheveux-peau-et-ongles-90-gelules\/\" \/>\n<meta property=\"og:site_name\" content=\"ECO Supplements\" \/>\n<meta property=\"article:modified_time\" content=\"2025-08-27T13:50:43+00:00\" \/>\n<meta property=\"og:image\" content=\"https:\/\/ecosupplements.be\/wp-content\/uploads\/2025\/08\/Hair-Skin-Nails-90-vcaps.jpg\" \/>\n\t<meta property=\"og:image:width\" content=\"518\" \/>\n\t<meta property=\"og:image:height\" content=\"880\" \/>\n\t<meta property=\"og:image:type\" content=\"image\/jpeg\" \/>\n<meta name=\"twitter:card\" content=\"summary_large_image\" \/>\n<meta name=\"twitter:label1\" content=\"Prix\" \/>\n\t<meta name=\"twitter:data1\" content=\"29.19&nbsp;&euro;\" \/>\n\t<meta name=\"twitter:label2\" content=\"Disponibilit\u00e9\" \/>\n\t<meta name=\"twitter:data2\" content=\"En stock\" \/>\n<script type=\"application\/ld+json\" class=\"yoast-schema-graph\">{\"@context\":\"https:\\\/\\\/schema.org\",\"@graph\":[{\"@type\":[\"WebPage\",\"ItemPage\"],\"@id\":\"https:\\\/\\\/ecosupplements.be\\\/fr\\\/produit\\\/cheveux-peau-et-ongles-90-gelules\\\/\",\"url\":\"https:\\\/\\\/ecosupplements.be\\\/fr\\\/produit\\\/cheveux-peau-et-ongles-90-gelules\\\/\",\"name\":\"Cheveux, Peau et Ongles - 90 g\u00e9lules - ECO Supplements\",\"isPartOf\":{\"@id\":\"https:\\\/\\\/ecosupplements.be\\\/fr\\\/#website\"},\"primaryImageOfPage\":{\"@id\":\"https:\\\/\\\/ecosupplements.be\\\/fr\\\/produit\\\/cheveux-peau-et-ongles-90-gelules\\\/#primaryimage\"},\"image\":{\"@id\":\"https:\\\/\\\/ecosupplements.be\\\/fr\\\/produit\\\/cheveux-peau-et-ongles-90-gelules\\\/#primaryimage\"},\"thumbnailUrl\":\"https:\\\/\\\/ecosupplements.be\\\/wp-content\\\/uploads\\\/2025\\\/08\\\/NOW-Foods-Hair-Skin-Nails-90-vcaps.jpg\",\"datePublished\":\"2022-06-28T09:23:57+00:00\",\"dateModified\":\"2025-08-27T13:50:43+00:00\",\"description\":\"Wij hebben een ruime keuze aan producten van Cheveux, Peau et Ongles - 90 g\u00e9lules . Winkel bij Eco Supplements altijd gratis verzending boven 100\u20ac\",\"breadcrumb\":{\"@id\":\"https:\\\/\\\/ecosupplements.be\\\/fr\\\/produit\\\/cheveux-peau-et-ongles-90-gelules\\\/#breadcrumb\"},\"inLanguage\":\"fr-FR\",\"potentialAction\":[{\"@type\":\"ReadAction\",\"target\":[\"https:\\\/\\\/ecosupplements.be\\\/fr\\\/produit\\\/cheveux-peau-et-ongles-90-gelules\\\/\"]}]},{\"@type\":\"ImageObject\",\"inLanguage\":\"fr-FR\",\"@id\":\"https:\\\/\\\/ecosupplements.be\\\/fr\\\/produit\\\/cheveux-peau-et-ongles-90-gelules\\\/#primaryimage\",\"url\":\"https:\\\/\\\/ecosupplements.be\\\/wp-content\\\/uploads\\\/2025\\\/08\\\/NOW-Foods-Hair-Skin-Nails-90-vcaps.jpg\",\"contentUrl\":\"https:\\\/\\\/ecosupplements.be\\\/wp-content\\\/uploads\\\/2025\\\/08\\\/NOW-Foods-Hair-Skin-Nails-90-vcaps.jpg\",\"width\":750,\"height\":750},{\"@type\":\"BreadcrumbList\",\"@id\":\"https:\\\/\\\/ecosupplements.be\\\/fr\\\/produit\\\/cheveux-peau-et-ongles-90-gelules\\\/#breadcrumb\",\"itemListElement\":[{\"@type\":\"ListItem\",\"position\":1,\"name\":\"Home\",\"item\":\"https:\\\/\\\/ecosupplements.be\\\/fr\\\/\"},{\"@type\":\"ListItem\",\"position\":2,\"name\":\"Boutique\",\"item\":\"https:\\\/\\\/ecosupplements.be\\\/fr\\\/boutique\\\/\"},{\"@type\":\"ListItem\",\"position\":3,\"name\":\"Cheveux, Peau et Ongles &#8211; 90 g\u00e9lules\"}]},{\"@type\":\"WebSite\",\"@id\":\"https:\\\/\\\/ecosupplements.be\\\/fr\\\/#website\",\"url\":\"https:\\\/\\\/ecosupplements.be\\\/fr\\\/\",\"name\":\"ECO Supplements\",\"description\":\"Eco Supplements - Gezonde supplementen\",\"publisher\":{\"@id\":\"https:\\\/\\\/ecosupplements.be\\\/fr\\\/#organization\"},\"potentialAction\":[{\"@type\":\"SearchAction\",\"target\":{\"@type\":\"EntryPoint\",\"urlTemplate\":\"https:\\\/\\\/ecosupplements.be\\\/fr\\\/?s={search_term_string}\"},\"query-input\":{\"@type\":\"PropertyValueSpecification\",\"valueRequired\":true,\"valueName\":\"search_term_string\"}}],\"inLanguage\":\"fr-FR\"},{\"@type\":\"Organization\",\"@id\":\"https:\\\/\\\/ecosupplements.be\\\/fr\\\/#organization\",\"name\":\"Eco Supplements\",\"url\":\"https:\\\/\\\/ecosupplements.be\\\/fr\\\/\",\"logo\":{\"@type\":\"ImageObject\",\"inLanguage\":\"fr-FR\",\"@id\":\"https:\\\/\\\/ecosupplements.be\\\/fr\\\/#\\\/schema\\\/logo\\\/image\\\/\",\"url\":\"https:\\\/\\\/ecosupplements.be\\\/wp-content\\\/uploads\\\/2022\\\/06\\\/ecosupplement-family.png\",\"contentUrl\":\"https:\\\/\\\/ecosupplements.be\\\/wp-content\\\/uploads\\\/2022\\\/06\\\/ecosupplement-family.png\",\"width\":593,\"height\":374,\"caption\":\"Eco Supplements\"},\"image\":{\"@id\":\"https:\\\/\\\/ecosupplements.be\\\/fr\\\/#\\\/schema\\\/logo\\\/image\\\/\"}}]}<\/script>\n<meta property=\"product:brand\" content=\"NOW Foods\" \/>\n<meta property=\"product:price:amount\" content=\"29.19\" \/>\n<meta property=\"product:price:currency\" content=\"EUR\" \/>\n<meta property=\"og:availability\" content=\"instock\" \/>\n<meta property=\"product:availability\" content=\"instock\" \/>\n<meta property=\"product:retailer_item_id\" content=\"733739033734\" \/>\n<meta property=\"product:condition\" content=\"new\" \/>\n<!-- \/ Yoast SEO Premium plugin. -->","yoast_head_json":{"title":"Cheveux, Peau et Ongles - 90 g\u00e9lules - ECO Supplements","description":"Wij hebben een ruime keuze aan producten van Cheveux, Peau et Ongles - 90 g\u00e9lules . Winkel bij Eco Supplements altijd gratis verzending boven 100\u20ac","robots":{"index":"index","follow":"follow","max-snippet":"max-snippet:-1","max-image-preview":"max-image-preview:large","max-video-preview":"max-video-preview:-1"},"canonical":"https:\/\/ecosupplements.be\/fr\/produit\/cheveux-peau-et-ongles-90-gelules\/","og_locale":"fr_FR","og_type":"article","og_title":"Cheveux, Peau et Ongles - 90 g\u00e9lules","og_description":"Wij hebben een ruime keuze aan producten van Cheveux, Peau et Ongles - 90 g\u00e9lules . Winkel bij Eco Supplements altijd gratis verzending boven 100\u20ac","og_url":"https:\/\/ecosupplements.be\/fr\/produit\/cheveux-peau-et-ongles-90-gelules\/","og_site_name":"ECO Supplements","article_modified_time":"2025-08-27T13:50:43+00:00","og_image":[{"width":518,"height":880,"url":"https:\/\/ecosupplements.be\/wp-content\/uploads\/2025\/08\/Hair-Skin-Nails-90-vcaps.jpg","type":"image\/jpeg"}],"twitter_card":"summary_large_image","twitter_misc":{"Prix":"29.19&nbsp;&euro;","Disponibilit\u00e9":"En stock"},"schema":{"@context":"https:\/\/schema.org","@graph":[{"@type":["WebPage","ItemPage"],"@id":"https:\/\/ecosupplements.be\/fr\/produit\/cheveux-peau-et-ongles-90-gelules\/","url":"https:\/\/ecosupplements.be\/fr\/produit\/cheveux-peau-et-ongles-90-gelules\/","name":"Cheveux, Peau et Ongles - 90 g\u00e9lules - ECO Supplements","isPartOf":{"@id":"https:\/\/ecosupplements.be\/fr\/#website"},"primaryImageOfPage":{"@id":"https:\/\/ecosupplements.be\/fr\/produit\/cheveux-peau-et-ongles-90-gelules\/#primaryimage"},"image":{"@id":"https:\/\/ecosupplements.be\/fr\/produit\/cheveux-peau-et-ongles-90-gelules\/#primaryimage"},"thumbnailUrl":"https:\/\/ecosupplements.be\/wp-content\/uploads\/2025\/08\/NOW-Foods-Hair-Skin-Nails-90-vcaps.jpg","datePublished":"2022-06-28T09:23:57+00:00","dateModified":"2025-08-27T13:50:43+00:00","description":"Wij hebben een ruime keuze aan producten van Cheveux, Peau et Ongles - 90 g\u00e9lules . Winkel bij Eco Supplements altijd gratis verzending boven 100\u20ac","breadcrumb":{"@id":"https:\/\/ecosupplements.be\/fr\/produit\/cheveux-peau-et-ongles-90-gelules\/#breadcrumb"},"inLanguage":"fr-FR","potentialAction":[{"@type":"ReadAction","target":["https:\/\/ecosupplements.be\/fr\/produit\/cheveux-peau-et-ongles-90-gelules\/"]}]},{"@type":"ImageObject","inLanguage":"fr-FR","@id":"https:\/\/ecosupplements.be\/fr\/produit\/cheveux-peau-et-ongles-90-gelules\/#primaryimage","url":"https:\/\/ecosupplements.be\/wp-content\/uploads\/2025\/08\/NOW-Foods-Hair-Skin-Nails-90-vcaps.jpg","contentUrl":"https:\/\/ecosupplements.be\/wp-content\/uploads\/2025\/08\/NOW-Foods-Hair-Skin-Nails-90-vcaps.jpg","width":750,"height":750},{"@type":"BreadcrumbList","@id":"https:\/\/ecosupplements.be\/fr\/produit\/cheveux-peau-et-ongles-90-gelules\/#breadcrumb","itemListElement":[{"@type":"ListItem","position":1,"name":"Home","item":"https:\/\/ecosupplements.be\/fr\/"},{"@type":"ListItem","position":2,"name":"Boutique","item":"https:\/\/ecosupplements.be\/fr\/boutique\/"},{"@type":"ListItem","position":3,"name":"Cheveux, Peau et Ongles &#8211; 90 g\u00e9lules"}]},{"@type":"WebSite","@id":"https:\/\/ecosupplements.be\/fr\/#website","url":"https:\/\/ecosupplements.be\/fr\/","name":"ECO Supplements","description":"Eco Supplements - Gezonde supplementen","publisher":{"@id":"https:\/\/ecosupplements.be\/fr\/#organization"},"potentialAction":[{"@type":"SearchAction","target":{"@type":"EntryPoint","urlTemplate":"https:\/\/ecosupplements.be\/fr\/?s={search_term_string}"},"query-input":{"@type":"PropertyValueSpecification","valueRequired":true,"valueName":"search_term_string"}}],"inLanguage":"fr-FR"},{"@type":"Organization","@id":"https:\/\/ecosupplements.be\/fr\/#organization","name":"Eco Supplements","url":"https:\/\/ecosupplements.be\/fr\/","logo":{"@type":"ImageObject","inLanguage":"fr-FR","@id":"https:\/\/ecosupplements.be\/fr\/#\/schema\/logo\/image\/","url":"https:\/\/ecosupplements.be\/wp-content\/uploads\/2022\/06\/ecosupplement-family.png","contentUrl":"https:\/\/ecosupplements.be\/wp-content\/uploads\/2022\/06\/ecosupplement-family.png","width":593,"height":374,"caption":"Eco Supplements"},"image":{"@id":"https:\/\/ecosupplements.be\/fr\/#\/schema\/logo\/image\/"}}]},"product_brand":"NOW Foods","product_price_amount":"29.19","product_price_currency":"EUR","og_availability":"instock","product_availability":"instock","product_retailer_item_id":"733739033734","product_condition":"new"},"_links":{"self":[{"href":"https:\/\/ecosupplements.be\/fr\/wp-json\/wp\/v2\/product\/289039","targetHints":{"allow":["GET"]}}],"collection":[{"href":"https:\/\/ecosupplements.be\/fr\/wp-json\/wp\/v2\/product"}],"about":[{"href":"https:\/\/ecosupplements.be\/fr\/wp-json\/wp\/v2\/types\/product"}],"replies":[{"embeddable":true,"href":"https:\/\/ecosupplements.be\/fr\/wp-json\/wp\/v2\/comments?post=289039"}],"wp:featuredmedia":[{"embeddable":true,"href":"https:\/\/ecosupplements.be\/fr\/wp-json\/wp\/v2\/media\/250939"}],"wp:attachment":[{"href":"https:\/\/ecosupplements.be\/fr\/wp-json\/wp\/v2\/media?parent=289039"}],"wp:term":[{"taxonomy":"product_brand","embeddable":true,"href":"https:\/\/ecosupplements.be\/fr\/wp-json\/wp\/v2\/product_brand?post=289039"},{"taxonomy":"product_cat","embeddable":true,"href":"https:\/\/ecosupplements.be\/fr\/wp-json\/wp\/v2\/product_cat?post=289039"},{"taxonomy":"product_tag","embeddable":true,"href":"https:\/\/ecosupplements.be\/fr\/wp-json\/wp\/v2\/product_tag?post=289039"}],"curies":[{"name":"wp","href":"https:\/\/api.w.org\/{rel}","templated":true}]}}