{"id":289054,"date":"2022-06-28T10:24:07","date_gmt":"2022-06-28T09:24:07","guid":{"rendered":"https:\/\/ecosupplements.be\/product\/hmb-1000mg-90-comprimes\/"},"modified":"2025-08-27T14:50:57","modified_gmt":"2025-08-27T13:50:57","slug":"hmb-1000mg-90-comprimes","status":"publish","type":"product","link":"https:\/\/ecosupplements.be\/fr\/produit\/hmb-1000mg-90-comprimes\/","title":{"rendered":"HMB, 1000mg &#8211; 90 comprim\u00e9s"},"content":{"rendered":"<h1>HMB, 1000mg &#8211; 90 tabs<\/h1>\n<p>Le HMB, \u00e9galement connu sous le nom de b\u00eata-hydroxy-b\u00eata-m\u00e9thylbutyrate, est un acide amin\u00e9 naturellement pr\u00e9sent dans le corps humain. Cependant, il peut \u200d\u00e9galement \u2063\u00eatre obtenu \u00e0 partir de \u2063sources alimentaires telles \u200bque le poisson\u200d et\u200b les produits laitiers. NOW \u200cFoods a cr\u00e9\u00e9 un compl\u00e9ment alimentaire pratique et efficace pour vous aider \u00e0 atteindre vos objectifs de\u200c sant\u00e9 et de fitness.<\/p>\n<h2>Caract\u00e9ristiques sp\u00e9ciales:<\/h2>\n<ul>\n<li>Chaque\u2064 comprim\u00e9 contient\u200c 1000mg de HMB pur<\/li>\n<li>Formule v\u00e9g\u00e9tarienne \u2063et sans \u2064gluten<\/li>\n<li>Facile \u00e0 avaler \u200bet \u00e0 dig\u00e9rer<\/li>\n<li>90\u2063 comprim\u00e9s \u200cpar bouteille, pour un approvisionnement de 1 \u00e0 \u20643 mois<\/li>\n<\/ul>\n<h2>Ingr\u00e9dients cl\u00e9s:<\/h2>\n<p>Chaque comprim\u00e9 \u2064contient 1000mg de HMB\u200b pur, \u2063sans aucun ingr\u00e9dient ajout\u00e9. \u2064Cela\u2064 garantit que vous obtenez la\u2063 dose la plus \u200cefficace de cet acide \u2062amin\u00e9\u200b essentiel pour\u2062 soutenir votre sant\u00e9\u200b et votre bien-\u00eatre.<\/p>\n<h2>Avantages uniques:<\/h2>\n<ul>\n<li>Peut aider \u00e0 maintenir \u2063et \u00e0 \u2062d\u00e9velopper la masse musculaire \u2062maigre<\/li>\n<li>Peut soutenir la r\u00e9cup\u00e9ration musculaire apr\u00e8s un entra\u00eenement intense<\/li>\n<li>Peut aider \u00e0 r\u00e9duire la d\u00e9gradation musculaire pendant \u2063les p\u00e9riodes de je\u00fbne ou de restriction calorique<\/li>\n<li>Peut am\u00e9liorer la force et les performances\u200d physiques<\/li>\n<li>Peut favoriser une \u200dr\u00e9cup\u00e9ration\u2063 plus rapide apr\u00e8s une blessure ou \u2064une chirurgie<\/li>\n<\/ul>\n<h2>Conseils\u2063 d&#8217;utilisation:<\/h2>\n<p>Prenez 1 comprim\u00e9 2 \u00e0\u2062 3 fois par\u2064 jour avec de la nourriture. Pour de\u200c meilleurs r\u00e9sultats,\u200b utilisez en conjonction avec \u200dun \u2064r\u00e9gime alimentaire sain et un\u2063 programme d&#8217;exercice r\u00e9gulier.<\/p>\n<p>Ne pas d\u00e9passer la\u2062 dose recommand\u00e9e. Consultez votre m\u00e9decin avant de\u2064 prendre \u200dce produit \u200csi vous \u00eates enceinte, \u200callaitez, prenez des \u200dm\u00e9dicaments \u200cou si vous \u2064avez des probl\u00e8mes de sant\u00e9.<\/p>\n<p>Am\u00e9liorez \u200bvotre sant\u00e9 \u2063et vos performances physiques avec le HMB de NOW Foods. Commandez d\u00e8s maintenant et d\u00e9couvrez\u200d les avantages uniques de cet acide amin\u00e9\u200b essentiel pour votre corps.<\/p>\n","protected":false},"excerpt":{"rendered":"<p>HMB, 1000mg &#8211; 90 tabs Le HMB, \u00e9galement connu sous le nom de b\u00eata-hydroxy-b\u00eata-m\u00e9thylbutyrate, est un acide amin\u00e9 naturellement pr\u00e9sent dans le corps humain. Cependant, il peut \u200d\u00e9galement \u2063\u00eatre obtenu \u00e0 partir de \u2063sources alimentaires telles \u200bque le poisson\u200d et\u200b les produits laitiers. NOW \u200cFoods a cr\u00e9\u00e9 un compl\u00e9ment alimentaire pratique et efficace pour vous [&#8230;]\n","protected":false},"featured_media":250966,"comment_status":"open","ping_status":"open","template":"","meta":[],"product_brand":[4733],"product_cat":[5067,5054,5055,5052,5053],"product_tag":[],"class_list":{"0":"post-289054","1":"product","2":"type-product","3":"status-publish","4":"has-post-thumbnail","6":"product_brand-now-foods-2","7":"product_cat-acides-amines-et-bcaa","8":"product_cat-nourriture-saine","9":"product_cat-produits-vegetaliens","10":"product_cat-sante-et-bien-etre","11":"product_cat-vitamines-et-mineraux","13":"first","14":"instock","15":"taxable","16":"shipping-taxable","17":"purchasable","18":"product-type-simple"},"yoast_head":"<!-- This site is optimized with the Yoast SEO Premium plugin v27.5 (Yoast SEO v27.5) - https:\/\/yoast.com\/product\/yoast-seo-premium-wordpress\/ -->\n<title>HMB, 1000mg - 90 comprim\u00e9s - ECO Supplements<\/title>\n<meta name=\"description\" content=\"Wij hebben een ruime keuze aan producten van HMB, 1000mg - 90 comprim\u00e9s . Winkel bij Eco Supplements altijd gratis verzending boven 100\u20ac\" \/>\n<meta name=\"robots\" content=\"index, follow, max-snippet:-1, max-image-preview:large, max-video-preview:-1\" \/>\n<link rel=\"canonical\" href=\"https:\/\/ecosupplements.be\/fr\/produit\/hmb-1000mg-90-comprimes\/\" \/>\n<meta property=\"og:locale\" content=\"fr_FR\" \/>\n<meta property=\"og:type\" content=\"article\" \/>\n<meta property=\"og:title\" content=\"HMB, 1000mg - 90 comprim\u00e9s\" \/>\n<meta property=\"og:description\" content=\"Wij hebben een ruime keuze aan producten van HMB, 1000mg - 90 comprim\u00e9s . Winkel bij Eco Supplements altijd gratis verzending boven 100\u20ac\" \/>\n<meta property=\"og:url\" content=\"https:\/\/ecosupplements.be\/fr\/produit\/hmb-1000mg-90-comprimes\/\" \/>\n<meta property=\"og:site_name\" content=\"ECO Supplements\" \/>\n<meta property=\"article:modified_time\" content=\"2025-08-27T13:50:57+00:00\" \/>\n<meta property=\"og:image\" content=\"https:\/\/ecosupplements.be\/wp-content\/uploads\/2025\/08\/HMB-1000mg-90-tabs.png\" \/>\n\t<meta property=\"og:image:width\" content=\"347\" \/>\n\t<meta property=\"og:image:height\" content=\"616\" \/>\n\t<meta property=\"og:image:type\" content=\"image\/png\" \/>\n<meta name=\"twitter:card\" content=\"summary_large_image\" \/>\n<meta name=\"twitter:label1\" content=\"Prix\" \/>\n\t<meta name=\"twitter:data1\" content=\"46.48&nbsp;&euro;\" \/>\n\t<meta name=\"twitter:label2\" content=\"Disponibilit\u00e9\" \/>\n\t<meta name=\"twitter:data2\" content=\"En stock\" \/>\n<script type=\"application\/ld+json\" class=\"yoast-schema-graph\">{\"@context\":\"https:\\\/\\\/schema.org\",\"@graph\":[{\"@type\":[\"WebPage\",\"ItemPage\"],\"@id\":\"https:\\\/\\\/ecosupplements.be\\\/fr\\\/produit\\\/hmb-1000mg-90-comprimes\\\/\",\"url\":\"https:\\\/\\\/ecosupplements.be\\\/fr\\\/produit\\\/hmb-1000mg-90-comprimes\\\/\",\"name\":\"HMB, 1000mg - 90 comprim\u00e9s - ECO Supplements\",\"isPartOf\":{\"@id\":\"https:\\\/\\\/ecosupplements.be\\\/fr\\\/#website\"},\"primaryImageOfPage\":{\"@id\":\"https:\\\/\\\/ecosupplements.be\\\/fr\\\/produit\\\/hmb-1000mg-90-comprimes\\\/#primaryimage\"},\"image\":{\"@id\":\"https:\\\/\\\/ecosupplements.be\\\/fr\\\/produit\\\/hmb-1000mg-90-comprimes\\\/#primaryimage\"},\"thumbnailUrl\":\"https:\\\/\\\/ecosupplements.be\\\/wp-content\\\/uploads\\\/2025\\\/08\\\/NOW-Foods-HMB-1000mg-90-tabs.jpg\",\"datePublished\":\"2022-06-28T09:24:07+00:00\",\"dateModified\":\"2025-08-27T13:50:57+00:00\",\"description\":\"Wij hebben een ruime keuze aan producten van HMB, 1000mg - 90 comprim\u00e9s . Winkel bij Eco Supplements altijd gratis verzending boven 100\u20ac\",\"breadcrumb\":{\"@id\":\"https:\\\/\\\/ecosupplements.be\\\/fr\\\/produit\\\/hmb-1000mg-90-comprimes\\\/#breadcrumb\"},\"inLanguage\":\"fr-FR\",\"potentialAction\":[{\"@type\":\"ReadAction\",\"target\":[\"https:\\\/\\\/ecosupplements.be\\\/fr\\\/produit\\\/hmb-1000mg-90-comprimes\\\/\"]}]},{\"@type\":\"ImageObject\",\"inLanguage\":\"fr-FR\",\"@id\":\"https:\\\/\\\/ecosupplements.be\\\/fr\\\/produit\\\/hmb-1000mg-90-comprimes\\\/#primaryimage\",\"url\":\"https:\\\/\\\/ecosupplements.be\\\/wp-content\\\/uploads\\\/2025\\\/08\\\/NOW-Foods-HMB-1000mg-90-tabs.jpg\",\"contentUrl\":\"https:\\\/\\\/ecosupplements.be\\\/wp-content\\\/uploads\\\/2025\\\/08\\\/NOW-Foods-HMB-1000mg-90-tabs.jpg\",\"width\":750,\"height\":750},{\"@type\":\"BreadcrumbList\",\"@id\":\"https:\\\/\\\/ecosupplements.be\\\/fr\\\/produit\\\/hmb-1000mg-90-comprimes\\\/#breadcrumb\",\"itemListElement\":[{\"@type\":\"ListItem\",\"position\":1,\"name\":\"Home\",\"item\":\"https:\\\/\\\/ecosupplements.be\\\/fr\\\/\"},{\"@type\":\"ListItem\",\"position\":2,\"name\":\"Boutique\",\"item\":\"https:\\\/\\\/ecosupplements.be\\\/fr\\\/boutique\\\/\"},{\"@type\":\"ListItem\",\"position\":3,\"name\":\"HMB, 1000mg &#8211; 90 comprim\u00e9s\"}]},{\"@type\":\"WebSite\",\"@id\":\"https:\\\/\\\/ecosupplements.be\\\/fr\\\/#website\",\"url\":\"https:\\\/\\\/ecosupplements.be\\\/fr\\\/\",\"name\":\"ECO Supplements\",\"description\":\"Eco Supplements - Gezonde supplementen\",\"publisher\":{\"@id\":\"https:\\\/\\\/ecosupplements.be\\\/fr\\\/#organization\"},\"potentialAction\":[{\"@type\":\"SearchAction\",\"target\":{\"@type\":\"EntryPoint\",\"urlTemplate\":\"https:\\\/\\\/ecosupplements.be\\\/fr\\\/?s={search_term_string}\"},\"query-input\":{\"@type\":\"PropertyValueSpecification\",\"valueRequired\":true,\"valueName\":\"search_term_string\"}}],\"inLanguage\":\"fr-FR\"},{\"@type\":\"Organization\",\"@id\":\"https:\\\/\\\/ecosupplements.be\\\/fr\\\/#organization\",\"name\":\"Eco Supplements\",\"url\":\"https:\\\/\\\/ecosupplements.be\\\/fr\\\/\",\"logo\":{\"@type\":\"ImageObject\",\"inLanguage\":\"fr-FR\",\"@id\":\"https:\\\/\\\/ecosupplements.be\\\/fr\\\/#\\\/schema\\\/logo\\\/image\\\/\",\"url\":\"https:\\\/\\\/ecosupplements.be\\\/wp-content\\\/uploads\\\/2022\\\/06\\\/ecosupplement-family.png\",\"contentUrl\":\"https:\\\/\\\/ecosupplements.be\\\/wp-content\\\/uploads\\\/2022\\\/06\\\/ecosupplement-family.png\",\"width\":593,\"height\":374,\"caption\":\"Eco Supplements\"},\"image\":{\"@id\":\"https:\\\/\\\/ecosupplements.be\\\/fr\\\/#\\\/schema\\\/logo\\\/image\\\/\"}}]}<\/script>\n<meta property=\"product:brand\" content=\"NOW Foods\" \/>\n<meta property=\"product:price:amount\" content=\"46.48\" \/>\n<meta property=\"product:price:currency\" content=\"EUR\" \/>\n<meta property=\"og:availability\" content=\"instock\" \/>\n<meta property=\"product:availability\" content=\"instock\" \/>\n<meta property=\"product:retailer_item_id\" content=\"733739020581\" \/>\n<meta property=\"product:condition\" content=\"new\" \/>\n<!-- \/ Yoast SEO Premium plugin. -->","yoast_head_json":{"title":"HMB, 1000mg - 90 comprim\u00e9s - ECO Supplements","description":"Wij hebben een ruime keuze aan producten van HMB, 1000mg - 90 comprim\u00e9s . Winkel bij Eco Supplements altijd gratis verzending boven 100\u20ac","robots":{"index":"index","follow":"follow","max-snippet":"max-snippet:-1","max-image-preview":"max-image-preview:large","max-video-preview":"max-video-preview:-1"},"canonical":"https:\/\/ecosupplements.be\/fr\/produit\/hmb-1000mg-90-comprimes\/","og_locale":"fr_FR","og_type":"article","og_title":"HMB, 1000mg - 90 comprim\u00e9s","og_description":"Wij hebben een ruime keuze aan producten van HMB, 1000mg - 90 comprim\u00e9s . Winkel bij Eco Supplements altijd gratis verzending boven 100\u20ac","og_url":"https:\/\/ecosupplements.be\/fr\/produit\/hmb-1000mg-90-comprimes\/","og_site_name":"ECO Supplements","article_modified_time":"2025-08-27T13:50:57+00:00","og_image":[{"width":347,"height":616,"url":"https:\/\/ecosupplements.be\/wp-content\/uploads\/2025\/08\/HMB-1000mg-90-tabs.png","type":"image\/png"}],"twitter_card":"summary_large_image","twitter_misc":{"Prix":"46.48&nbsp;&euro;","Disponibilit\u00e9":"En stock"},"schema":{"@context":"https:\/\/schema.org","@graph":[{"@type":["WebPage","ItemPage"],"@id":"https:\/\/ecosupplements.be\/fr\/produit\/hmb-1000mg-90-comprimes\/","url":"https:\/\/ecosupplements.be\/fr\/produit\/hmb-1000mg-90-comprimes\/","name":"HMB, 1000mg - 90 comprim\u00e9s - ECO Supplements","isPartOf":{"@id":"https:\/\/ecosupplements.be\/fr\/#website"},"primaryImageOfPage":{"@id":"https:\/\/ecosupplements.be\/fr\/produit\/hmb-1000mg-90-comprimes\/#primaryimage"},"image":{"@id":"https:\/\/ecosupplements.be\/fr\/produit\/hmb-1000mg-90-comprimes\/#primaryimage"},"thumbnailUrl":"https:\/\/ecosupplements.be\/wp-content\/uploads\/2025\/08\/NOW-Foods-HMB-1000mg-90-tabs.jpg","datePublished":"2022-06-28T09:24:07+00:00","dateModified":"2025-08-27T13:50:57+00:00","description":"Wij hebben een ruime keuze aan producten van HMB, 1000mg - 90 comprim\u00e9s . Winkel bij Eco Supplements altijd gratis verzending boven 100\u20ac","breadcrumb":{"@id":"https:\/\/ecosupplements.be\/fr\/produit\/hmb-1000mg-90-comprimes\/#breadcrumb"},"inLanguage":"fr-FR","potentialAction":[{"@type":"ReadAction","target":["https:\/\/ecosupplements.be\/fr\/produit\/hmb-1000mg-90-comprimes\/"]}]},{"@type":"ImageObject","inLanguage":"fr-FR","@id":"https:\/\/ecosupplements.be\/fr\/produit\/hmb-1000mg-90-comprimes\/#primaryimage","url":"https:\/\/ecosupplements.be\/wp-content\/uploads\/2025\/08\/NOW-Foods-HMB-1000mg-90-tabs.jpg","contentUrl":"https:\/\/ecosupplements.be\/wp-content\/uploads\/2025\/08\/NOW-Foods-HMB-1000mg-90-tabs.jpg","width":750,"height":750},{"@type":"BreadcrumbList","@id":"https:\/\/ecosupplements.be\/fr\/produit\/hmb-1000mg-90-comprimes\/#breadcrumb","itemListElement":[{"@type":"ListItem","position":1,"name":"Home","item":"https:\/\/ecosupplements.be\/fr\/"},{"@type":"ListItem","position":2,"name":"Boutique","item":"https:\/\/ecosupplements.be\/fr\/boutique\/"},{"@type":"ListItem","position":3,"name":"HMB, 1000mg &#8211; 90 comprim\u00e9s"}]},{"@type":"WebSite","@id":"https:\/\/ecosupplements.be\/fr\/#website","url":"https:\/\/ecosupplements.be\/fr\/","name":"ECO Supplements","description":"Eco Supplements - Gezonde supplementen","publisher":{"@id":"https:\/\/ecosupplements.be\/fr\/#organization"},"potentialAction":[{"@type":"SearchAction","target":{"@type":"EntryPoint","urlTemplate":"https:\/\/ecosupplements.be\/fr\/?s={search_term_string}"},"query-input":{"@type":"PropertyValueSpecification","valueRequired":true,"valueName":"search_term_string"}}],"inLanguage":"fr-FR"},{"@type":"Organization","@id":"https:\/\/ecosupplements.be\/fr\/#organization","name":"Eco Supplements","url":"https:\/\/ecosupplements.be\/fr\/","logo":{"@type":"ImageObject","inLanguage":"fr-FR","@id":"https:\/\/ecosupplements.be\/fr\/#\/schema\/logo\/image\/","url":"https:\/\/ecosupplements.be\/wp-content\/uploads\/2022\/06\/ecosupplement-family.png","contentUrl":"https:\/\/ecosupplements.be\/wp-content\/uploads\/2022\/06\/ecosupplement-family.png","width":593,"height":374,"caption":"Eco Supplements"},"image":{"@id":"https:\/\/ecosupplements.be\/fr\/#\/schema\/logo\/image\/"}}]},"product_brand":"NOW Foods","product_price_amount":"46.48","product_price_currency":"EUR","og_availability":"instock","product_availability":"instock","product_retailer_item_id":"733739020581","product_condition":"new"},"_links":{"self":[{"href":"https:\/\/ecosupplements.be\/fr\/wp-json\/wp\/v2\/product\/289054","targetHints":{"allow":["GET"]}}],"collection":[{"href":"https:\/\/ecosupplements.be\/fr\/wp-json\/wp\/v2\/product"}],"about":[{"href":"https:\/\/ecosupplements.be\/fr\/wp-json\/wp\/v2\/types\/product"}],"replies":[{"embeddable":true,"href":"https:\/\/ecosupplements.be\/fr\/wp-json\/wp\/v2\/comments?post=289054"}],"wp:featuredmedia":[{"embeddable":true,"href":"https:\/\/ecosupplements.be\/fr\/wp-json\/wp\/v2\/media\/250966"}],"wp:attachment":[{"href":"https:\/\/ecosupplements.be\/fr\/wp-json\/wp\/v2\/media?parent=289054"}],"wp:term":[{"taxonomy":"product_brand","embeddable":true,"href":"https:\/\/ecosupplements.be\/fr\/wp-json\/wp\/v2\/product_brand?post=289054"},{"taxonomy":"product_cat","embeddable":true,"href":"https:\/\/ecosupplements.be\/fr\/wp-json\/wp\/v2\/product_cat?post=289054"},{"taxonomy":"product_tag","embeddable":true,"href":"https:\/\/ecosupplements.be\/fr\/wp-json\/wp\/v2\/product_tag?post=289054"}],"curies":[{"name":"wp","href":"https:\/\/api.w.org\/{rel}","templated":true}]}}