{"id":289063,"date":"2022-06-28T10:24:07","date_gmt":"2022-06-28T09:24:07","guid":{"rendered":"https:\/\/ecosupplements.be\/product\/marronnier-dinde-300mg-90-gelules-vegetales\/"},"modified":"2025-08-27T14:51:07","modified_gmt":"2025-08-27T13:51:07","slug":"marronnier-dinde-300mg-90-gelules-vegetales","status":"publish","type":"product","link":"https:\/\/ecosupplements.be\/fr\/produit\/marronnier-dinde-300mg-90-gelules-vegetales\/","title":{"rendered":"Marronnier d&#8217;Inde, 300mg &#8211; 90 g\u00e9lules v\u00e9g\u00e9tales"},"content":{"rendered":"<h1>Description du produit:<\/h1>\n<p>Le Horse Chestnut, 300mg &#8211; 90 vcaps de la marque NOW Foods est un compl\u00e9ment \u200dalimentaire \u00e0 base de marronnier d&#8217;Inde, une plante reconnue pour ses nombreuses propri\u00e9t\u00e9s b\u00e9n\u00e9fiques pour la \u200bsant\u00e9. Chaque flacon contient 90 capsules v\u00e9g\u00e9tales de 300mg, offrant \u2062ainsi une cure de 3 mois.<\/p>\n<h2>Ingr\u00e9dients:<\/h2>\n<ul>\n<li>Marronnier d&#8217;Inde (Aesculus hippocastanum) (extrait de graine) &#8211; 300mg<\/li>\n<li>G\u00e9latine \u2063(capsule)<\/li>\n<li>Farine\u200b de riz<\/li>\n<li>St\u00e9arate de magn\u00e9sium (source v\u00e9g\u00e9tale)<\/li>\n<\/ul>\n<p>Ce\u200d produit ne\u200d contient pas de\u2063 bl\u00e9, de gluten, de soja, de \u200clait, d&#8217;oeuf, de poisson, de\u200c crustac\u00e9s ou de fruits \u00e0 coque. Il est \u00e9galement sans OGM et convient aux v\u00e9g\u00e9tariens et aux \u200cv\u00e9g\u00e9taliens.<\/p>\n<h2>Caract\u00e9ristiques\u2063 sp\u00e9ciales:<\/h2>\n<ul>\n<li>Extrait de marronnier d&#8217;Inde de qualit\u00e9 sup\u00e9rieure<\/li>\n<li>Formule v\u00e9g\u00e9tale pratique et facile \u00e0 prendre<\/li>\n<li>Contient 90 capsules pour une cure de 3 mois<\/li>\n<li>Sans OGM et\u200d convient \u2063aux v\u00e9g\u00e9tariens et aux v\u00e9g\u00e9taliens<\/li>\n<\/ul>\n<h2>Avantages uniques:<\/h2>\n<p>Le marronnier d&#8217;Inde \u200cest une plante\u2064 utilis\u00e9e depuis des si\u00e8cles pour ses propri\u00e9t\u00e9s m\u00e9dicinales. Il est principalement connu pour ses effets\u200d b\u00e9n\u00e9fiques sur la circulation sanguine et pour soulager les sympt\u00f4mes des troubles veineux tels que les varices\u200d et les h\u00e9morro\u00efdes. Il peut \u00e9galement aider \u2064\u00e0 r\u00e9duire l&#8217;inflammation et \u00e0 renforcer les vaisseaux sanguins.<\/p>\n<p>Le Horse Chestnut,\u2062 300mg\u2062 &#8211; 90 vcaps de NOW Foods offre \u200cune dose\u200d puissante\u200c et pratique de cet extrait de marronnier d&#8217;Inde de qualit\u00e9 sup\u00e9rieure. \u2063Les capsules v\u00e9g\u00e9tales sont faciles \u00e0 avaler et\u2063 conviennent \u00e0 tous les\u2064 modes de vie, y compris aux v\u00e9g\u00e9tariens et aux v\u00e9g\u00e9taliens. De plus, chaque flacon contient suffisamment de capsules \u2063pour une cure de 3 mois, offrant ainsi une valeur \u2062exceptionnelle \u2064pour votre argent.<\/p>\n<p>Prenez soin de votre sant\u00e9 circulatoire avec le Horse Chestnut, 300mg &#8211; 90 vcaps de NOW\u2063 Foods.<\/p>\n","protected":false},"excerpt":{"rendered":"<p>Description du produit: Le Horse Chestnut, 300mg &#8211; 90 vcaps de la marque NOW Foods est un compl\u00e9ment \u200dalimentaire \u00e0 base de marronnier d&#8217;Inde, une plante reconnue pour ses nombreuses propri\u00e9t\u00e9s b\u00e9n\u00e9fiques pour la \u200bsant\u00e9. Chaque flacon contient 90 capsules v\u00e9g\u00e9tales de 300mg, offrant \u2062ainsi une cure de 3 mois. Ingr\u00e9dients: Marronnier d&#8217;Inde (Aesculus hippocastanum) [&#8230;]\n","protected":false},"featured_media":250991,"comment_status":"open","ping_status":"open","template":"","meta":[],"product_brand":[4733],"product_cat":[5054,5055,5052,5053],"product_tag":[],"class_list":{"0":"post-289063","1":"product","2":"type-product","3":"status-publish","4":"has-post-thumbnail","6":"product_brand-now-foods-2","7":"product_cat-nourriture-saine","8":"product_cat-produits-vegetaliens","9":"product_cat-sante-et-bien-etre","10":"product_cat-vitamines-et-mineraux","12":"first","13":"instock","14":"taxable","15":"shipping-taxable","16":"purchasable","17":"product-type-simple"},"yoast_head":"<!-- This site is optimized with the Yoast SEO Premium plugin v27.3 (Yoast SEO v27.3) - https:\/\/yoast.com\/product\/yoast-seo-premium-wordpress\/ -->\n<title>Marronnier d&#039;Inde, 300mg - 90 g\u00e9lules v\u00e9g\u00e9tales - ECO Supplements<\/title>\n<meta name=\"description\" content=\"Wij hebben een ruime keuze aan producten van Marronnier d&#039;Inde, 300mg - 90 g\u00e9lules v\u00e9g\u00e9tales . Winkel bij Eco Supplements altijd gratis verzending boven 100\u20ac\" \/>\n<meta name=\"robots\" content=\"index, follow, max-snippet:-1, max-image-preview:large, max-video-preview:-1\" \/>\n<link rel=\"canonical\" href=\"https:\/\/ecosupplements.be\/fr\/produit\/marronnier-dinde-300mg-90-gelules-vegetales\/\" \/>\n<meta property=\"og:locale\" content=\"fr_FR\" \/>\n<meta property=\"og:type\" content=\"article\" \/>\n<meta property=\"og:title\" content=\"Marronnier d&#039;Inde, 300mg - 90 g\u00e9lules v\u00e9g\u00e9tales\" \/>\n<meta property=\"og:description\" content=\"Wij hebben een ruime keuze aan producten van Marronnier d&#039;Inde, 300mg - 90 g\u00e9lules v\u00e9g\u00e9tales . Winkel bij Eco Supplements altijd gratis verzending boven 100\u20ac\" \/>\n<meta property=\"og:url\" content=\"https:\/\/ecosupplements.be\/fr\/produit\/marronnier-dinde-300mg-90-gelules-vegetales\/\" \/>\n<meta property=\"og:site_name\" content=\"ECO Supplements\" \/>\n<meta property=\"article:modified_time\" content=\"2025-08-27T13:51:07+00:00\" \/>\n<meta property=\"og:image\" content=\"https:\/\/ecosupplements.be\/wp-content\/uploads\/2025\/08\/Horse-Chestnut-300mg-90-vcaps.jpg\" \/>\n\t<meta property=\"og:image:width\" content=\"413\" \/>\n\t<meta property=\"og:image:height\" content=\"880\" \/>\n\t<meta property=\"og:image:type\" content=\"image\/jpeg\" \/>\n<meta name=\"twitter:card\" content=\"summary_large_image\" \/>\n<meta name=\"twitter:label1\" content=\"Prix\" \/>\n\t<meta name=\"twitter:data1\" content=\"18.09&nbsp;&euro;\" \/>\n\t<meta name=\"twitter:label2\" content=\"Disponibilit\u00e9\" \/>\n\t<meta name=\"twitter:data2\" content=\"En stock\" \/>\n<script type=\"application\/ld+json\" class=\"yoast-schema-graph\">{\"@context\":\"https:\\\/\\\/schema.org\",\"@graph\":[{\"@type\":[\"WebPage\",\"ItemPage\"],\"@id\":\"https:\\\/\\\/ecosupplements.be\\\/fr\\\/produit\\\/marronnier-dinde-300mg-90-gelules-vegetales\\\/\",\"url\":\"https:\\\/\\\/ecosupplements.be\\\/fr\\\/produit\\\/marronnier-dinde-300mg-90-gelules-vegetales\\\/\",\"name\":\"Marronnier d'Inde, 300mg - 90 g\u00e9lules v\u00e9g\u00e9tales - ECO Supplements\",\"isPartOf\":{\"@id\":\"https:\\\/\\\/ecosupplements.be\\\/fr\\\/#website\"},\"primaryImageOfPage\":{\"@id\":\"https:\\\/\\\/ecosupplements.be\\\/fr\\\/produit\\\/marronnier-dinde-300mg-90-gelules-vegetales\\\/#primaryimage\"},\"image\":{\"@id\":\"https:\\\/\\\/ecosupplements.be\\\/fr\\\/produit\\\/marronnier-dinde-300mg-90-gelules-vegetales\\\/#primaryimage\"},\"thumbnailUrl\":\"https:\\\/\\\/ecosupplements.be\\\/wp-content\\\/uploads\\\/2025\\\/08\\\/NOW-Foods-Horse-Chestnut-90-vcaps.jpg\",\"datePublished\":\"2022-06-28T09:24:07+00:00\",\"dateModified\":\"2025-08-27T13:51:07+00:00\",\"description\":\"Wij hebben een ruime keuze aan producten van Marronnier d'Inde, 300mg - 90 g\u00e9lules v\u00e9g\u00e9tales . Winkel bij Eco Supplements altijd gratis verzending boven 100\u20ac\",\"breadcrumb\":{\"@id\":\"https:\\\/\\\/ecosupplements.be\\\/fr\\\/produit\\\/marronnier-dinde-300mg-90-gelules-vegetales\\\/#breadcrumb\"},\"inLanguage\":\"fr-FR\",\"potentialAction\":[{\"@type\":\"ReadAction\",\"target\":[\"https:\\\/\\\/ecosupplements.be\\\/fr\\\/produit\\\/marronnier-dinde-300mg-90-gelules-vegetales\\\/\"]}]},{\"@type\":\"ImageObject\",\"inLanguage\":\"fr-FR\",\"@id\":\"https:\\\/\\\/ecosupplements.be\\\/fr\\\/produit\\\/marronnier-dinde-300mg-90-gelules-vegetales\\\/#primaryimage\",\"url\":\"https:\\\/\\\/ecosupplements.be\\\/wp-content\\\/uploads\\\/2025\\\/08\\\/NOW-Foods-Horse-Chestnut-90-vcaps.jpg\",\"contentUrl\":\"https:\\\/\\\/ecosupplements.be\\\/wp-content\\\/uploads\\\/2025\\\/08\\\/NOW-Foods-Horse-Chestnut-90-vcaps.jpg\",\"width\":750,\"height\":750},{\"@type\":\"BreadcrumbList\",\"@id\":\"https:\\\/\\\/ecosupplements.be\\\/fr\\\/produit\\\/marronnier-dinde-300mg-90-gelules-vegetales\\\/#breadcrumb\",\"itemListElement\":[{\"@type\":\"ListItem\",\"position\":1,\"name\":\"Home\",\"item\":\"https:\\\/\\\/ecosupplements.be\\\/fr\\\/\"},{\"@type\":\"ListItem\",\"position\":2,\"name\":\"Boutique\",\"item\":\"https:\\\/\\\/ecosupplements.be\\\/fr\\\/boutique\\\/\"},{\"@type\":\"ListItem\",\"position\":3,\"name\":\"Marronnier d&#8217;Inde, 300mg &#8211; 90 g\u00e9lules v\u00e9g\u00e9tales\"}]},{\"@type\":\"WebSite\",\"@id\":\"https:\\\/\\\/ecosupplements.be\\\/fr\\\/#website\",\"url\":\"https:\\\/\\\/ecosupplements.be\\\/fr\\\/\",\"name\":\"ECO Supplements\",\"description\":\"Eco Supplements - Gezonde supplementen\",\"publisher\":{\"@id\":\"https:\\\/\\\/ecosupplements.be\\\/fr\\\/#organization\"},\"potentialAction\":[{\"@type\":\"SearchAction\",\"target\":{\"@type\":\"EntryPoint\",\"urlTemplate\":\"https:\\\/\\\/ecosupplements.be\\\/fr\\\/?s={search_term_string}\"},\"query-input\":{\"@type\":\"PropertyValueSpecification\",\"valueRequired\":true,\"valueName\":\"search_term_string\"}}],\"inLanguage\":\"fr-FR\"},{\"@type\":\"Organization\",\"@id\":\"https:\\\/\\\/ecosupplements.be\\\/fr\\\/#organization\",\"name\":\"Eco Supplements\",\"url\":\"https:\\\/\\\/ecosupplements.be\\\/fr\\\/\",\"logo\":{\"@type\":\"ImageObject\",\"inLanguage\":\"fr-FR\",\"@id\":\"https:\\\/\\\/ecosupplements.be\\\/fr\\\/#\\\/schema\\\/logo\\\/image\\\/\",\"url\":\"https:\\\/\\\/ecosupplements.be\\\/wp-content\\\/uploads\\\/2022\\\/06\\\/ecosupplement-family.png\",\"contentUrl\":\"https:\\\/\\\/ecosupplements.be\\\/wp-content\\\/uploads\\\/2022\\\/06\\\/ecosupplement-family.png\",\"width\":593,\"height\":374,\"caption\":\"Eco Supplements\"},\"image\":{\"@id\":\"https:\\\/\\\/ecosupplements.be\\\/fr\\\/#\\\/schema\\\/logo\\\/image\\\/\"}}]}<\/script>\n<meta property=\"product:brand\" content=\"NOW Foods\" \/>\n<meta property=\"product:price:amount\" content=\"18.09\" \/>\n<meta property=\"product:price:currency\" content=\"EUR\" \/>\n<meta property=\"og:availability\" content=\"instock\" \/>\n<meta property=\"product:availability\" content=\"instock\" \/>\n<meta property=\"product:retailer_item_id\" content=\"733739047137\" \/>\n<meta property=\"product:condition\" content=\"new\" \/>\n<!-- \/ Yoast SEO Premium plugin. -->","yoast_head_json":{"title":"Marronnier d'Inde, 300mg - 90 g\u00e9lules v\u00e9g\u00e9tales - ECO Supplements","description":"Wij hebben een ruime keuze aan producten van Marronnier d'Inde, 300mg - 90 g\u00e9lules v\u00e9g\u00e9tales . Winkel bij Eco Supplements altijd gratis verzending boven 100\u20ac","robots":{"index":"index","follow":"follow","max-snippet":"max-snippet:-1","max-image-preview":"max-image-preview:large","max-video-preview":"max-video-preview:-1"},"canonical":"https:\/\/ecosupplements.be\/fr\/produit\/marronnier-dinde-300mg-90-gelules-vegetales\/","og_locale":"fr_FR","og_type":"article","og_title":"Marronnier d'Inde, 300mg - 90 g\u00e9lules v\u00e9g\u00e9tales","og_description":"Wij hebben een ruime keuze aan producten van Marronnier d'Inde, 300mg - 90 g\u00e9lules v\u00e9g\u00e9tales . Winkel bij Eco Supplements altijd gratis verzending boven 100\u20ac","og_url":"https:\/\/ecosupplements.be\/fr\/produit\/marronnier-dinde-300mg-90-gelules-vegetales\/","og_site_name":"ECO Supplements","article_modified_time":"2025-08-27T13:51:07+00:00","og_image":[{"width":413,"height":880,"url":"https:\/\/ecosupplements.be\/wp-content\/uploads\/2025\/08\/Horse-Chestnut-300mg-90-vcaps.jpg","type":"image\/jpeg"}],"twitter_card":"summary_large_image","twitter_misc":{"Prix":"18.09&nbsp;&euro;","Disponibilit\u00e9":"En stock"},"schema":{"@context":"https:\/\/schema.org","@graph":[{"@type":["WebPage","ItemPage"],"@id":"https:\/\/ecosupplements.be\/fr\/produit\/marronnier-dinde-300mg-90-gelules-vegetales\/","url":"https:\/\/ecosupplements.be\/fr\/produit\/marronnier-dinde-300mg-90-gelules-vegetales\/","name":"Marronnier d'Inde, 300mg - 90 g\u00e9lules v\u00e9g\u00e9tales - ECO Supplements","isPartOf":{"@id":"https:\/\/ecosupplements.be\/fr\/#website"},"primaryImageOfPage":{"@id":"https:\/\/ecosupplements.be\/fr\/produit\/marronnier-dinde-300mg-90-gelules-vegetales\/#primaryimage"},"image":{"@id":"https:\/\/ecosupplements.be\/fr\/produit\/marronnier-dinde-300mg-90-gelules-vegetales\/#primaryimage"},"thumbnailUrl":"https:\/\/ecosupplements.be\/wp-content\/uploads\/2025\/08\/NOW-Foods-Horse-Chestnut-90-vcaps.jpg","datePublished":"2022-06-28T09:24:07+00:00","dateModified":"2025-08-27T13:51:07+00:00","description":"Wij hebben een ruime keuze aan producten van Marronnier d'Inde, 300mg - 90 g\u00e9lules v\u00e9g\u00e9tales . Winkel bij Eco Supplements altijd gratis verzending boven 100\u20ac","breadcrumb":{"@id":"https:\/\/ecosupplements.be\/fr\/produit\/marronnier-dinde-300mg-90-gelules-vegetales\/#breadcrumb"},"inLanguage":"fr-FR","potentialAction":[{"@type":"ReadAction","target":["https:\/\/ecosupplements.be\/fr\/produit\/marronnier-dinde-300mg-90-gelules-vegetales\/"]}]},{"@type":"ImageObject","inLanguage":"fr-FR","@id":"https:\/\/ecosupplements.be\/fr\/produit\/marronnier-dinde-300mg-90-gelules-vegetales\/#primaryimage","url":"https:\/\/ecosupplements.be\/wp-content\/uploads\/2025\/08\/NOW-Foods-Horse-Chestnut-90-vcaps.jpg","contentUrl":"https:\/\/ecosupplements.be\/wp-content\/uploads\/2025\/08\/NOW-Foods-Horse-Chestnut-90-vcaps.jpg","width":750,"height":750},{"@type":"BreadcrumbList","@id":"https:\/\/ecosupplements.be\/fr\/produit\/marronnier-dinde-300mg-90-gelules-vegetales\/#breadcrumb","itemListElement":[{"@type":"ListItem","position":1,"name":"Home","item":"https:\/\/ecosupplements.be\/fr\/"},{"@type":"ListItem","position":2,"name":"Boutique","item":"https:\/\/ecosupplements.be\/fr\/boutique\/"},{"@type":"ListItem","position":3,"name":"Marronnier d&#8217;Inde, 300mg &#8211; 90 g\u00e9lules v\u00e9g\u00e9tales"}]},{"@type":"WebSite","@id":"https:\/\/ecosupplements.be\/fr\/#website","url":"https:\/\/ecosupplements.be\/fr\/","name":"ECO Supplements","description":"Eco Supplements - Gezonde supplementen","publisher":{"@id":"https:\/\/ecosupplements.be\/fr\/#organization"},"potentialAction":[{"@type":"SearchAction","target":{"@type":"EntryPoint","urlTemplate":"https:\/\/ecosupplements.be\/fr\/?s={search_term_string}"},"query-input":{"@type":"PropertyValueSpecification","valueRequired":true,"valueName":"search_term_string"}}],"inLanguage":"fr-FR"},{"@type":"Organization","@id":"https:\/\/ecosupplements.be\/fr\/#organization","name":"Eco Supplements","url":"https:\/\/ecosupplements.be\/fr\/","logo":{"@type":"ImageObject","inLanguage":"fr-FR","@id":"https:\/\/ecosupplements.be\/fr\/#\/schema\/logo\/image\/","url":"https:\/\/ecosupplements.be\/wp-content\/uploads\/2022\/06\/ecosupplement-family.png","contentUrl":"https:\/\/ecosupplements.be\/wp-content\/uploads\/2022\/06\/ecosupplement-family.png","width":593,"height":374,"caption":"Eco Supplements"},"image":{"@id":"https:\/\/ecosupplements.be\/fr\/#\/schema\/logo\/image\/"}}]},"product_brand":"NOW Foods","product_price_amount":"18.09","product_price_currency":"EUR","og_availability":"instock","product_availability":"instock","product_retailer_item_id":"733739047137","product_condition":"new"},"_links":{"self":[{"href":"https:\/\/ecosupplements.be\/fr\/wp-json\/wp\/v2\/product\/289063","targetHints":{"allow":["GET"]}}],"collection":[{"href":"https:\/\/ecosupplements.be\/fr\/wp-json\/wp\/v2\/product"}],"about":[{"href":"https:\/\/ecosupplements.be\/fr\/wp-json\/wp\/v2\/types\/product"}],"replies":[{"embeddable":true,"href":"https:\/\/ecosupplements.be\/fr\/wp-json\/wp\/v2\/comments?post=289063"}],"wp:featuredmedia":[{"embeddable":true,"href":"https:\/\/ecosupplements.be\/fr\/wp-json\/wp\/v2\/media\/250991"}],"wp:attachment":[{"href":"https:\/\/ecosupplements.be\/fr\/wp-json\/wp\/v2\/media?parent=289063"}],"wp:term":[{"taxonomy":"product_brand","embeddable":true,"href":"https:\/\/ecosupplements.be\/fr\/wp-json\/wp\/v2\/product_brand?post=289063"},{"taxonomy":"product_cat","embeddable":true,"href":"https:\/\/ecosupplements.be\/fr\/wp-json\/wp\/v2\/product_cat?post=289063"},{"taxonomy":"product_tag","embeddable":true,"href":"https:\/\/ecosupplements.be\/fr\/wp-json\/wp\/v2\/product_tag?post=289063"}],"curies":[{"name":"wp","href":"https:\/\/api.w.org\/{rel}","templated":true}]}}