{"id":289066,"date":"2022-06-28T10:24:07","date_gmt":"2022-06-28T09:24:07","guid":{"rendered":"https:\/\/ecosupplements.be\/product\/acide-hyaluronique-avec-msm-50mg-120-gelules-vegetales\/"},"modified":"2025-08-27T14:51:11","modified_gmt":"2025-08-27T13:51:11","slug":"acide-hyaluronique-avec-msm-50mg-120-gelules-vegetales","status":"publish","type":"product","link":"https:\/\/ecosupplements.be\/fr\/produit\/acide-hyaluronique-avec-msm-50mg-120-gelules-vegetales\/","title":{"rendered":"Acide hyaluronique avec MSM, 50mg &#8211; 120 g\u00e9lules v\u00e9g\u00e9tales"},"content":{"rendered":"<h1>Hyaluronic\u200b Acid with MSM, 50mg &#8211; 120 vcaps<\/h1>\n<p>Le Hyaluronic Acid with MSM de NOW Foods est un compl\u00e9ment alimentaire de qualit\u00e9 sup\u00e9rieure qui combine deux ingr\u00e9dients puissants pour une \u2063peau, \u2062des articulations et des cheveux en bonne sant\u00e9. Chaque g\u00e9lule v\u00e9g\u00e9tarienne contient 50mg d&#8217;acide hyaluronique et 450mg de MSM (m\u00e9thylsulfonylm\u00e9thane),\u2063 un compos\u00e9 naturellement pr\u00e9sent dans le corps qui aide\u2062 \u00e0 maintenir la sant\u00e9 des \u200dtissus \u200bconjonctifs.<\/p>\n<h2>Ingr\u00e9dients cl\u00e9s<\/h2>\n<ul>\n<li><strong>Acide hyaluronique:<\/strong> Cet ingr\u00e9dient est un composant essentiel \u200dde la peau, des articulations et \u2062des tissus conjonctifs. Il aide \u00e0 maintenir l&#8217;hydratation et l&#8217;\u00e9lasticit\u00e9 de la peau, ainsi que la lubrification des articulations.<\/li>\n<li><strong>MSM:<\/strong> Le MSM est un compos\u00e9 soufr\u00e9 qui joue un \u200cr\u00f4le important dans la formation du collag\u00e8ne, une prot\u00e9ine essentielle pour la \u200dsant\u00e9\u2062 des tissus conjonctifs. Il peut \u00e9galement\u200c aider \u00e0 r\u00e9duire l&#8217;inflammation et \u00e0 soulager \u2064les douleurs articulaires.<\/li>\n<\/ul>\n<h2>Avantages \u2064pour la sant\u00e9<\/h2>\n<ul>\n<li>Am\u00e9liore l&#8217;hydratation et \u200dl&#8217;\u00e9lasticit\u00e9 de la peau<\/li>\n<li>Soutient la sant\u00e9\u2063 des articulations et\u2064 des tissus conjonctifs<\/li>\n<li>Peut aider \u00e0 r\u00e9duire l&#8217;inflammation et \u00e0 soulager les douleurs articulaires<\/li>\n<li>Contribue \u00e0 \u200cdes cheveux plus forts et plus sains<\/li>\n<li>Formule v\u00e9g\u00e9tarienne et sans gluten<\/li>\n<\/ul>\n<h2>Utilisation sugg\u00e9r\u00e9e<\/h2>\n<p>Prenez 2 g\u00e9lules par jour avec de la nourriture.<\/p>\n<p>Le Hyaluronic\u200c Acid with MSM de NOW Foods est un compl\u00e9ment alimentaire s\u00fbr \u200cet efficace pour soutenir la sant\u00e9 de votre peau, de vos articulations et de vos cheveux. Essayez-le d\u00e8s aujourd&#8217;hui et d\u00e9couvrez les bienfaits de \u2062ces deux ingr\u00e9dients puissants pour votre bien-\u00eatre g\u00e9n\u00e9ral.<\/p>\n","protected":false},"excerpt":{"rendered":"<p>Hyaluronic\u200b Acid with MSM, 50mg &#8211; 120 vcaps Le Hyaluronic Acid with MSM de NOW Foods est un compl\u00e9ment alimentaire de qualit\u00e9 sup\u00e9rieure qui combine deux ingr\u00e9dients puissants pour une \u2063peau, \u2062des articulations et des cheveux en bonne sant\u00e9. Chaque g\u00e9lule v\u00e9g\u00e9tarienne contient 50mg d&#8217;acide hyaluronique et 450mg de MSM (m\u00e9thylsulfonylm\u00e9thane),\u2063 un compos\u00e9 naturellement pr\u00e9sent [&#8230;]\n","protected":false},"featured_media":250998,"comment_status":"open","ping_status":"open","template":"","meta":[],"product_brand":[4733],"product_cat":[5054,5055,5052,5084,5053],"product_tag":[],"class_list":{"0":"post-289066","1":"product","2":"type-product","3":"status-publish","4":"has-post-thumbnail","6":"product_brand-now-foods-2","7":"product_cat-nourriture-saine","8":"product_cat-produits-vegetaliens","9":"product_cat-sante-et-bien-etre","10":"product_cat-soutien-conjoint","11":"product_cat-vitamines-et-mineraux","13":"first","14":"instock","15":"taxable","16":"shipping-taxable","17":"purchasable","18":"product-type-simple"},"yoast_head":"<!-- This site is optimized with the Yoast SEO Premium plugin v27.3 (Yoast SEO v27.3) - https:\/\/yoast.com\/product\/yoast-seo-premium-wordpress\/ -->\n<title>Acide hyaluronique avec MSM, 50mg - 120 g\u00e9lules v\u00e9g\u00e9tales - ECO Supplements<\/title>\n<meta name=\"description\" content=\"Wij hebben een ruime keuze aan producten van Acide hyaluronique avec MSM, 50mg - 120 g\u00e9lules v\u00e9g\u00e9tales . Winkel bij Eco Supplements altijd gratis verzending boven 100\u20ac\" \/>\n<meta name=\"robots\" content=\"index, follow, max-snippet:-1, max-image-preview:large, max-video-preview:-1\" \/>\n<link rel=\"canonical\" href=\"https:\/\/ecosupplements.be\/fr\/produit\/acide-hyaluronique-avec-msm-50mg-120-gelules-vegetales\/\" \/>\n<meta property=\"og:locale\" content=\"fr_FR\" \/>\n<meta property=\"og:type\" content=\"article\" \/>\n<meta property=\"og:title\" content=\"Acide hyaluronique avec MSM, 50mg - 120 g\u00e9lules v\u00e9g\u00e9tales\" \/>\n<meta property=\"og:description\" content=\"Wij hebben een ruime keuze aan producten van Acide hyaluronique avec MSM, 50mg - 120 g\u00e9lules v\u00e9g\u00e9tales . Winkel bij Eco Supplements altijd gratis verzending boven 100\u20ac\" \/>\n<meta property=\"og:url\" content=\"https:\/\/ecosupplements.be\/fr\/produit\/acide-hyaluronique-avec-msm-50mg-120-gelules-vegetales\/\" \/>\n<meta property=\"og:site_name\" content=\"ECO Supplements\" \/>\n<meta property=\"article:modified_time\" content=\"2025-08-27T13:51:11+00:00\" \/>\n<meta property=\"og:image\" content=\"https:\/\/ecosupplements.be\/wp-content\/uploads\/2025\/08\/Hyaluronic-Acid-with-MSM-50mg-120-vcaps.jpg\" \/>\n\t<meta property=\"og:image:width\" content=\"473\" \/>\n\t<meta property=\"og:image:height\" content=\"880\" \/>\n\t<meta property=\"og:image:type\" content=\"image\/jpeg\" \/>\n<meta name=\"twitter:card\" content=\"summary_large_image\" \/>\n<meta name=\"twitter:label1\" content=\"Prix\" \/>\n\t<meta name=\"twitter:data1\" content=\"29.03&nbsp;&euro;\" \/>\n\t<meta name=\"twitter:label2\" content=\"Disponibilit\u00e9\" \/>\n\t<meta name=\"twitter:data2\" content=\"En stock\" \/>\n<script type=\"application\/ld+json\" class=\"yoast-schema-graph\">{\"@context\":\"https:\\\/\\\/schema.org\",\"@graph\":[{\"@type\":[\"WebPage\",\"ItemPage\"],\"@id\":\"https:\\\/\\\/ecosupplements.be\\\/fr\\\/produit\\\/acide-hyaluronique-avec-msm-50mg-120-gelules-vegetales\\\/\",\"url\":\"https:\\\/\\\/ecosupplements.be\\\/fr\\\/produit\\\/acide-hyaluronique-avec-msm-50mg-120-gelules-vegetales\\\/\",\"name\":\"Acide hyaluronique avec MSM, 50mg - 120 g\u00e9lules v\u00e9g\u00e9tales - ECO Supplements\",\"isPartOf\":{\"@id\":\"https:\\\/\\\/ecosupplements.be\\\/fr\\\/#website\"},\"primaryImageOfPage\":{\"@id\":\"https:\\\/\\\/ecosupplements.be\\\/fr\\\/produit\\\/acide-hyaluronique-avec-msm-50mg-120-gelules-vegetales\\\/#primaryimage\"},\"image\":{\"@id\":\"https:\\\/\\\/ecosupplements.be\\\/fr\\\/produit\\\/acide-hyaluronique-avec-msm-50mg-120-gelules-vegetales\\\/#primaryimage\"},\"thumbnailUrl\":\"https:\\\/\\\/ecosupplements.be\\\/wp-content\\\/uploads\\\/2025\\\/08\\\/NOW-Foods-Hyaluronic-Acid-with-MSM-50mg-120-vcaps.jpg\",\"datePublished\":\"2022-06-28T09:24:07+00:00\",\"dateModified\":\"2025-08-27T13:51:11+00:00\",\"description\":\"Wij hebben een ruime keuze aan producten van Acide hyaluronique avec MSM, 50mg - 120 g\u00e9lules v\u00e9g\u00e9tales . Winkel bij Eco Supplements altijd gratis verzending boven 100\u20ac\",\"breadcrumb\":{\"@id\":\"https:\\\/\\\/ecosupplements.be\\\/fr\\\/produit\\\/acide-hyaluronique-avec-msm-50mg-120-gelules-vegetales\\\/#breadcrumb\"},\"inLanguage\":\"fr-FR\",\"potentialAction\":[{\"@type\":\"ReadAction\",\"target\":[\"https:\\\/\\\/ecosupplements.be\\\/fr\\\/produit\\\/acide-hyaluronique-avec-msm-50mg-120-gelules-vegetales\\\/\"]}]},{\"@type\":\"ImageObject\",\"inLanguage\":\"fr-FR\",\"@id\":\"https:\\\/\\\/ecosupplements.be\\\/fr\\\/produit\\\/acide-hyaluronique-avec-msm-50mg-120-gelules-vegetales\\\/#primaryimage\",\"url\":\"https:\\\/\\\/ecosupplements.be\\\/wp-content\\\/uploads\\\/2025\\\/08\\\/NOW-Foods-Hyaluronic-Acid-with-MSM-50mg-120-vcaps.jpg\",\"contentUrl\":\"https:\\\/\\\/ecosupplements.be\\\/wp-content\\\/uploads\\\/2025\\\/08\\\/NOW-Foods-Hyaluronic-Acid-with-MSM-50mg-120-vcaps.jpg\",\"width\":750,\"height\":750},{\"@type\":\"BreadcrumbList\",\"@id\":\"https:\\\/\\\/ecosupplements.be\\\/fr\\\/produit\\\/acide-hyaluronique-avec-msm-50mg-120-gelules-vegetales\\\/#breadcrumb\",\"itemListElement\":[{\"@type\":\"ListItem\",\"position\":1,\"name\":\"Home\",\"item\":\"https:\\\/\\\/ecosupplements.be\\\/fr\\\/\"},{\"@type\":\"ListItem\",\"position\":2,\"name\":\"Boutique\",\"item\":\"https:\\\/\\\/ecosupplements.be\\\/fr\\\/boutique\\\/\"},{\"@type\":\"ListItem\",\"position\":3,\"name\":\"Acide hyaluronique avec MSM, 50mg &#8211; 120 g\u00e9lules v\u00e9g\u00e9tales\"}]},{\"@type\":\"WebSite\",\"@id\":\"https:\\\/\\\/ecosupplements.be\\\/fr\\\/#website\",\"url\":\"https:\\\/\\\/ecosupplements.be\\\/fr\\\/\",\"name\":\"ECO Supplements\",\"description\":\"Eco Supplements - Gezonde supplementen\",\"publisher\":{\"@id\":\"https:\\\/\\\/ecosupplements.be\\\/fr\\\/#organization\"},\"potentialAction\":[{\"@type\":\"SearchAction\",\"target\":{\"@type\":\"EntryPoint\",\"urlTemplate\":\"https:\\\/\\\/ecosupplements.be\\\/fr\\\/?s={search_term_string}\"},\"query-input\":{\"@type\":\"PropertyValueSpecification\",\"valueRequired\":true,\"valueName\":\"search_term_string\"}}],\"inLanguage\":\"fr-FR\"},{\"@type\":\"Organization\",\"@id\":\"https:\\\/\\\/ecosupplements.be\\\/fr\\\/#organization\",\"name\":\"Eco Supplements\",\"url\":\"https:\\\/\\\/ecosupplements.be\\\/fr\\\/\",\"logo\":{\"@type\":\"ImageObject\",\"inLanguage\":\"fr-FR\",\"@id\":\"https:\\\/\\\/ecosupplements.be\\\/fr\\\/#\\\/schema\\\/logo\\\/image\\\/\",\"url\":\"https:\\\/\\\/ecosupplements.be\\\/wp-content\\\/uploads\\\/2022\\\/06\\\/ecosupplement-family.png\",\"contentUrl\":\"https:\\\/\\\/ecosupplements.be\\\/wp-content\\\/uploads\\\/2022\\\/06\\\/ecosupplement-family.png\",\"width\":593,\"height\":374,\"caption\":\"Eco Supplements\"},\"image\":{\"@id\":\"https:\\\/\\\/ecosupplements.be\\\/fr\\\/#\\\/schema\\\/logo\\\/image\\\/\"}}]}<\/script>\n<meta property=\"product:brand\" content=\"NOW Foods\" \/>\n<meta property=\"product:price:amount\" content=\"29.03\" \/>\n<meta property=\"product:price:currency\" content=\"EUR\" \/>\n<meta property=\"og:availability\" content=\"instock\" \/>\n<meta property=\"product:availability\" content=\"instock\" \/>\n<meta property=\"product:retailer_item_id\" content=\"733739031570\" \/>\n<meta property=\"product:condition\" content=\"new\" \/>\n<!-- \/ Yoast SEO Premium plugin. -->","yoast_head_json":{"title":"Acide hyaluronique avec MSM, 50mg - 120 g\u00e9lules v\u00e9g\u00e9tales - ECO Supplements","description":"Wij hebben een ruime keuze aan producten van Acide hyaluronique avec MSM, 50mg - 120 g\u00e9lules v\u00e9g\u00e9tales . Winkel bij Eco Supplements altijd gratis verzending boven 100\u20ac","robots":{"index":"index","follow":"follow","max-snippet":"max-snippet:-1","max-image-preview":"max-image-preview:large","max-video-preview":"max-video-preview:-1"},"canonical":"https:\/\/ecosupplements.be\/fr\/produit\/acide-hyaluronique-avec-msm-50mg-120-gelules-vegetales\/","og_locale":"fr_FR","og_type":"article","og_title":"Acide hyaluronique avec MSM, 50mg - 120 g\u00e9lules v\u00e9g\u00e9tales","og_description":"Wij hebben een ruime keuze aan producten van Acide hyaluronique avec MSM, 50mg - 120 g\u00e9lules v\u00e9g\u00e9tales . Winkel bij Eco Supplements altijd gratis verzending boven 100\u20ac","og_url":"https:\/\/ecosupplements.be\/fr\/produit\/acide-hyaluronique-avec-msm-50mg-120-gelules-vegetales\/","og_site_name":"ECO Supplements","article_modified_time":"2025-08-27T13:51:11+00:00","og_image":[{"width":473,"height":880,"url":"https:\/\/ecosupplements.be\/wp-content\/uploads\/2025\/08\/Hyaluronic-Acid-with-MSM-50mg-120-vcaps.jpg","type":"image\/jpeg"}],"twitter_card":"summary_large_image","twitter_misc":{"Prix":"29.03&nbsp;&euro;","Disponibilit\u00e9":"En stock"},"schema":{"@context":"https:\/\/schema.org","@graph":[{"@type":["WebPage","ItemPage"],"@id":"https:\/\/ecosupplements.be\/fr\/produit\/acide-hyaluronique-avec-msm-50mg-120-gelules-vegetales\/","url":"https:\/\/ecosupplements.be\/fr\/produit\/acide-hyaluronique-avec-msm-50mg-120-gelules-vegetales\/","name":"Acide hyaluronique avec MSM, 50mg - 120 g\u00e9lules v\u00e9g\u00e9tales - ECO Supplements","isPartOf":{"@id":"https:\/\/ecosupplements.be\/fr\/#website"},"primaryImageOfPage":{"@id":"https:\/\/ecosupplements.be\/fr\/produit\/acide-hyaluronique-avec-msm-50mg-120-gelules-vegetales\/#primaryimage"},"image":{"@id":"https:\/\/ecosupplements.be\/fr\/produit\/acide-hyaluronique-avec-msm-50mg-120-gelules-vegetales\/#primaryimage"},"thumbnailUrl":"https:\/\/ecosupplements.be\/wp-content\/uploads\/2025\/08\/NOW-Foods-Hyaluronic-Acid-with-MSM-50mg-120-vcaps.jpg","datePublished":"2022-06-28T09:24:07+00:00","dateModified":"2025-08-27T13:51:11+00:00","description":"Wij hebben een ruime keuze aan producten van Acide hyaluronique avec MSM, 50mg - 120 g\u00e9lules v\u00e9g\u00e9tales . Winkel bij Eco Supplements altijd gratis verzending boven 100\u20ac","breadcrumb":{"@id":"https:\/\/ecosupplements.be\/fr\/produit\/acide-hyaluronique-avec-msm-50mg-120-gelules-vegetales\/#breadcrumb"},"inLanguage":"fr-FR","potentialAction":[{"@type":"ReadAction","target":["https:\/\/ecosupplements.be\/fr\/produit\/acide-hyaluronique-avec-msm-50mg-120-gelules-vegetales\/"]}]},{"@type":"ImageObject","inLanguage":"fr-FR","@id":"https:\/\/ecosupplements.be\/fr\/produit\/acide-hyaluronique-avec-msm-50mg-120-gelules-vegetales\/#primaryimage","url":"https:\/\/ecosupplements.be\/wp-content\/uploads\/2025\/08\/NOW-Foods-Hyaluronic-Acid-with-MSM-50mg-120-vcaps.jpg","contentUrl":"https:\/\/ecosupplements.be\/wp-content\/uploads\/2025\/08\/NOW-Foods-Hyaluronic-Acid-with-MSM-50mg-120-vcaps.jpg","width":750,"height":750},{"@type":"BreadcrumbList","@id":"https:\/\/ecosupplements.be\/fr\/produit\/acide-hyaluronique-avec-msm-50mg-120-gelules-vegetales\/#breadcrumb","itemListElement":[{"@type":"ListItem","position":1,"name":"Home","item":"https:\/\/ecosupplements.be\/fr\/"},{"@type":"ListItem","position":2,"name":"Boutique","item":"https:\/\/ecosupplements.be\/fr\/boutique\/"},{"@type":"ListItem","position":3,"name":"Acide hyaluronique avec MSM, 50mg &#8211; 120 g\u00e9lules v\u00e9g\u00e9tales"}]},{"@type":"WebSite","@id":"https:\/\/ecosupplements.be\/fr\/#website","url":"https:\/\/ecosupplements.be\/fr\/","name":"ECO Supplements","description":"Eco Supplements - Gezonde supplementen","publisher":{"@id":"https:\/\/ecosupplements.be\/fr\/#organization"},"potentialAction":[{"@type":"SearchAction","target":{"@type":"EntryPoint","urlTemplate":"https:\/\/ecosupplements.be\/fr\/?s={search_term_string}"},"query-input":{"@type":"PropertyValueSpecification","valueRequired":true,"valueName":"search_term_string"}}],"inLanguage":"fr-FR"},{"@type":"Organization","@id":"https:\/\/ecosupplements.be\/fr\/#organization","name":"Eco Supplements","url":"https:\/\/ecosupplements.be\/fr\/","logo":{"@type":"ImageObject","inLanguage":"fr-FR","@id":"https:\/\/ecosupplements.be\/fr\/#\/schema\/logo\/image\/","url":"https:\/\/ecosupplements.be\/wp-content\/uploads\/2022\/06\/ecosupplement-family.png","contentUrl":"https:\/\/ecosupplements.be\/wp-content\/uploads\/2022\/06\/ecosupplement-family.png","width":593,"height":374,"caption":"Eco Supplements"},"image":{"@id":"https:\/\/ecosupplements.be\/fr\/#\/schema\/logo\/image\/"}}]},"product_brand":"NOW Foods","product_price_amount":"29.03","product_price_currency":"EUR","og_availability":"instock","product_availability":"instock","product_retailer_item_id":"733739031570","product_condition":"new"},"_links":{"self":[{"href":"https:\/\/ecosupplements.be\/fr\/wp-json\/wp\/v2\/product\/289066","targetHints":{"allow":["GET"]}}],"collection":[{"href":"https:\/\/ecosupplements.be\/fr\/wp-json\/wp\/v2\/product"}],"about":[{"href":"https:\/\/ecosupplements.be\/fr\/wp-json\/wp\/v2\/types\/product"}],"replies":[{"embeddable":true,"href":"https:\/\/ecosupplements.be\/fr\/wp-json\/wp\/v2\/comments?post=289066"}],"wp:featuredmedia":[{"embeddable":true,"href":"https:\/\/ecosupplements.be\/fr\/wp-json\/wp\/v2\/media\/250998"}],"wp:attachment":[{"href":"https:\/\/ecosupplements.be\/fr\/wp-json\/wp\/v2\/media?parent=289066"}],"wp:term":[{"taxonomy":"product_brand","embeddable":true,"href":"https:\/\/ecosupplements.be\/fr\/wp-json\/wp\/v2\/product_brand?post=289066"},{"taxonomy":"product_cat","embeddable":true,"href":"https:\/\/ecosupplements.be\/fr\/wp-json\/wp\/v2\/product_cat?post=289066"},{"taxonomy":"product_tag","embeddable":true,"href":"https:\/\/ecosupplements.be\/fr\/wp-json\/wp\/v2\/product_tag?post=289066"}],"curies":[{"name":"wp","href":"https:\/\/api.w.org\/{rel}","templated":true}]}}