{"id":289069,"date":"2022-06-28T10:24:07","date_gmt":"2022-06-28T09:24:07","guid":{"rendered":"https:\/\/ecosupplements.be\/product\/acide-hyaluronique-avec-msm-50mg-60-gelules-vegetales\/"},"modified":"2025-08-27T14:51:14","modified_gmt":"2025-08-27T13:51:14","slug":"acide-hyaluronique-avec-msm-50mg-60-gelules-vegetales","status":"publish","type":"product","link":"https:\/\/ecosupplements.be\/fr\/produit\/acide-hyaluronique-avec-msm-50mg-60-gelules-vegetales\/","title":{"rendered":"Acide hyaluronique avec MSM, 50mg &#8211; 60 g\u00e9lules v\u00e9g\u00e9tales"},"content":{"rendered":"<h1>Description\u200d du \u200cproduit:<\/h1>\n<p>Le Hyaluronic Acid with MSM de\u200c NOW Foods est un compl\u00e9ment alimentaire hautement \u2063efficace pour maintenir une peau saine et hydrat\u00e9e. Chaque capsule v\u00e9g\u00e9tale contient \u206350mg d&#8217;acide hyaluronique\u200d et du MSM (m\u00e9thylsulfonylm\u00e9thane), un compos\u00e9 naturellement pr\u00e9sent dans \u200cle corps\u200c qui aide \u00e0 maintenir la sant\u00e9 des\u200c tissus conjonctifs.<\/p>\n<p>L&#8217;acide hyaluronique\u2064 est un nutriment essentiel \u2064pour la sant\u00e9 \u200cde \u200cla peau, \u2062car il\u200b aide \u00e0 maintenir l&#8217;hydratation et l&#8217;\u00e9lasticit\u00e9 de la peau. Avec l&#8217;\u00e2ge, notre corps produit moins\u200b d&#8217;acide hyaluronique, ce qui \u200dpeut entra\u00eener une peau \u200bs\u00e8che, terne et rid\u00e9e. En prenant ce \u2063compl\u00e9ment, vous pouvez aider \u00e0 maintenir \u200cun \u2063niveau optimal d&#8217;acide hyaluronique\u200d dans votre\u2064 corps, ce \u200cqui peut am\u00e9liorer l&#8217;apparence\u200d de votre peau et r\u00e9duire les signes de vieillissement.<\/p>\n<p>En plus \u2063de l&#8217;acide hyaluronique, ce produit contient \u00e9galement du \u2063MSM, un \u200bcompos\u00e9 soufr\u00e9\u200c qui peut aider \u00e0\u2063 renforcer les tissus \u2063conjonctifs et \u00e0 maintenir \u200cla sant\u00e9 des articulations. Le MSM peut \u00e9galement avoir des effets anti-inflammatoires et antioxydants, ce qui en\u200c fait un compl\u00e9ment\u200c id\u00e9al pour les personnes souffrant de\u200b douleurs articulaires ou \u200bde probl\u00e8mes de peau.<\/p>\n<p>Ce compl\u00e9ment \u200best fabriqu\u00e9 aux \u00c9tats-Unis selon les normes de qualit\u00e9\u2063 les plus \u200cstrictes. Chaque\u200c bouteille \u2062contient 60 capsules v\u00e9g\u00e9tales, ce qui \u200b\u00e9quivaut \u00e0 un approvisionnement\u200c de 30\u200b jours \u2062si\u2064 vous prenez 2 capsules par jour.<\/p>\n<h2>Caract\u00e9ristiques sp\u00e9ciales:<\/h2>\n<ul>\n<li>Contient 50mg d&#8217;acide hyaluronique par capsule<\/li>\n<li>Comprend \u00e9galement du\u200d MSM pour \u200drenforcer\u2064 les tissus \u2064conjonctifs<\/li>\n<li>Aide \u00e0 maintenir\u2063 une peau hydrat\u00e9e et\u200d \u00e9lastique<\/li>\n<li>Peut \u200cr\u00e9duire les\u200b signes\u2062 de vieillissement<\/li>\n<li>Peut\u200c \u00e9galement \u200caider \u00e0 soulager \u2064les douleurs articulaires<\/li>\n<li>Fabriqu\u00e9 aux \u00c9tats-Unis selon \u200dles normes de qualit\u00e9\u2064 les plus strictes<\/li>\n<li>Convient aux v\u00e9g\u00e9tariens et v\u00e9g\u00e9taliens<\/li>\n<\/ul>\n<h2>Ingr\u00e9dients:<\/h2>\n<p>Acide hyaluronique, MSM (m\u00e9thylsulfonylm\u00e9thane), cellulose \u200c(capsule), st\u00e9arate de magn\u00e9sium (source v\u00e9g\u00e9tale) et silice.<\/p>\n<h2>Conseils\u200b d&#8217;utilisation:<\/h2>\n<p>Prenez 2 \u2064capsules par jour avec de l&#8217;eau, de pr\u00e9f\u00e9rence pendant un repas.<\/p>\n<p>Il\u2064 est recommand\u00e9 de consulter\u200c un\u2063 professionnel de la sant\u00e9 avant de prendre ce compl\u00e9ment si vous \u00eates\u200c enceinte, allaitez ou si vous prenez des\u200b m\u00e9dicaments.<\/p>\n<h2>Stockage:<\/h2>\n<p>Conservez\u200d dans un endroit frais et sec apr\u00e8s\u200b ouverture.<\/p>\n<p>Ne pas utiliser si le sceau de s\u00e9curit\u00e9 est rompu ou manquant.<\/p>\n<p>Garder hors de port\u00e9e des enfants.<\/p>\n<p>Ne pas \u2064d\u00e9passer la dose recommand\u00e9e.<\/p>\n<p>En r\u00e9sum\u00e9, le Hyaluronic \u2062Acid\u200d with MSM \u200cde \u2063NOW Foods est un \u2062compl\u00e9ment \u200dalimentaire de \u200dhaute qualit\u00e9 qui peut\u2062 aider \u00e0 maintenir une peau saine et hydrat\u00e9e, ainsi qu&#8217;\u00e0 renforcer les tissus conjonctifs et \u00e0 soulager les \u200cdouleurs articulaires. Avec \u200bses ingr\u00e9dients naturels \u2064et sa\u200c fabrication\u2063 aux \u00c9tats-Unis, c&#8217;est un choix s\u00fbr\u200c et \u2062efficace pour am\u00e9liorer votre bien-\u00eatre g\u00e9n\u00e9ral.<\/p>\n","protected":false},"excerpt":{"rendered":"<p>Description\u200d du \u200cproduit: Le Hyaluronic Acid with MSM de\u200c NOW Foods est un compl\u00e9ment alimentaire hautement \u2063efficace pour maintenir une peau saine et hydrat\u00e9e. Chaque capsule v\u00e9g\u00e9tale contient \u206350mg d&#8217;acide hyaluronique\u200d et du MSM (m\u00e9thylsulfonylm\u00e9thane), un compos\u00e9 naturellement pr\u00e9sent dans \u200cle corps\u200c qui aide \u00e0 maintenir la sant\u00e9 des\u200c tissus conjonctifs. L&#8217;acide hyaluronique\u2064 est un [&#8230;]\n","protected":false},"featured_media":251003,"comment_status":"open","ping_status":"open","template":"","meta":[],"product_brand":[4733,4734],"product_cat":[5054,5055,5084,5053],"product_tag":[],"class_list":{"0":"post-289069","1":"product","2":"type-product","3":"status-publish","4":"has-post-thumbnail","6":"product_brand-now-foods-2","7":"product_brand-nownow-foods-2","8":"product_cat-nourriture-saine","9":"product_cat-produits-vegetaliens","10":"product_cat-soutien-conjoint","11":"product_cat-vitamines-et-mineraux","13":"first","14":"instock","15":"taxable","16":"shipping-taxable","17":"purchasable","18":"product-type-simple"},"yoast_head":"<!-- This site is optimized with the Yoast SEO Premium plugin v27.3 (Yoast SEO v27.3) - https:\/\/yoast.com\/product\/yoast-seo-premium-wordpress\/ -->\n<title>Acide hyaluronique avec MSM, 50mg - 60 g\u00e9lules v\u00e9g\u00e9tales - ECO Supplements<\/title>\n<meta name=\"description\" content=\"Wij hebben een ruime keuze aan producten van Acide hyaluronique avec MSM, 50mg - 60 g\u00e9lules v\u00e9g\u00e9tales . Winkel bij Eco Supplements altijd gratis verzending boven 100\u20ac\" \/>\n<meta name=\"robots\" content=\"index, follow, max-snippet:-1, max-image-preview:large, max-video-preview:-1\" \/>\n<link rel=\"canonical\" href=\"https:\/\/ecosupplements.be\/fr\/produit\/acide-hyaluronique-avec-msm-50mg-60-gelules-vegetales\/\" \/>\n<meta property=\"og:locale\" content=\"fr_FR\" \/>\n<meta property=\"og:type\" content=\"article\" \/>\n<meta property=\"og:title\" content=\"Acide hyaluronique avec MSM, 50mg - 60 g\u00e9lules v\u00e9g\u00e9tales\" \/>\n<meta property=\"og:description\" content=\"Wij hebben een ruime keuze aan producten van Acide hyaluronique avec MSM, 50mg - 60 g\u00e9lules v\u00e9g\u00e9tales . Winkel bij Eco Supplements altijd gratis verzending boven 100\u20ac\" \/>\n<meta property=\"og:url\" content=\"https:\/\/ecosupplements.be\/fr\/produit\/acide-hyaluronique-avec-msm-50mg-60-gelules-vegetales\/\" \/>\n<meta property=\"og:site_name\" content=\"ECO Supplements\" \/>\n<meta property=\"article:modified_time\" content=\"2025-08-27T13:51:14+00:00\" \/>\n<meta property=\"og:image\" content=\"https:\/\/ecosupplements.be\/wp-content\/uploads\/2025\/08\/Hyaluronic-Acid-with-MSM-50mg-60-vcaps.jpg\" \/>\n\t<meta property=\"og:image:width\" content=\"421\" \/>\n\t<meta property=\"og:image:height\" content=\"880\" \/>\n\t<meta property=\"og:image:type\" content=\"image\/jpeg\" \/>\n<meta name=\"twitter:card\" content=\"summary_large_image\" \/>\n<meta name=\"twitter:label1\" content=\"Prix\" \/>\n\t<meta name=\"twitter:data1\" content=\"15.29&nbsp;&euro;\" \/>\n\t<meta name=\"twitter:label2\" content=\"Disponibilit\u00e9\" \/>\n\t<meta name=\"twitter:data2\" content=\"En stock\" \/>\n<script type=\"application\/ld+json\" class=\"yoast-schema-graph\">{\"@context\":\"https:\\\/\\\/schema.org\",\"@graph\":[{\"@type\":[\"WebPage\",\"ItemPage\"],\"@id\":\"https:\\\/\\\/ecosupplements.be\\\/fr\\\/produit\\\/acide-hyaluronique-avec-msm-50mg-60-gelules-vegetales\\\/\",\"url\":\"https:\\\/\\\/ecosupplements.be\\\/fr\\\/produit\\\/acide-hyaluronique-avec-msm-50mg-60-gelules-vegetales\\\/\",\"name\":\"Acide hyaluronique avec MSM, 50mg - 60 g\u00e9lules v\u00e9g\u00e9tales - ECO Supplements\",\"isPartOf\":{\"@id\":\"https:\\\/\\\/ecosupplements.be\\\/fr\\\/#website\"},\"primaryImageOfPage\":{\"@id\":\"https:\\\/\\\/ecosupplements.be\\\/fr\\\/produit\\\/acide-hyaluronique-avec-msm-50mg-60-gelules-vegetales\\\/#primaryimage\"},\"image\":{\"@id\":\"https:\\\/\\\/ecosupplements.be\\\/fr\\\/produit\\\/acide-hyaluronique-avec-msm-50mg-60-gelules-vegetales\\\/#primaryimage\"},\"thumbnailUrl\":\"https:\\\/\\\/ecosupplements.be\\\/wp-content\\\/uploads\\\/2025\\\/08\\\/NOW-Foods-Hyaluronic-Acid-with-MSM-50mg-60-vcaps.jpg\",\"datePublished\":\"2022-06-28T09:24:07+00:00\",\"dateModified\":\"2025-08-27T13:51:14+00:00\",\"description\":\"Wij hebben een ruime keuze aan producten van Acide hyaluronique avec MSM, 50mg - 60 g\u00e9lules v\u00e9g\u00e9tales . Winkel bij Eco Supplements altijd gratis verzending boven 100\u20ac\",\"breadcrumb\":{\"@id\":\"https:\\\/\\\/ecosupplements.be\\\/fr\\\/produit\\\/acide-hyaluronique-avec-msm-50mg-60-gelules-vegetales\\\/#breadcrumb\"},\"inLanguage\":\"fr-FR\",\"potentialAction\":[{\"@type\":\"ReadAction\",\"target\":[\"https:\\\/\\\/ecosupplements.be\\\/fr\\\/produit\\\/acide-hyaluronique-avec-msm-50mg-60-gelules-vegetales\\\/\"]}]},{\"@type\":\"ImageObject\",\"inLanguage\":\"fr-FR\",\"@id\":\"https:\\\/\\\/ecosupplements.be\\\/fr\\\/produit\\\/acide-hyaluronique-avec-msm-50mg-60-gelules-vegetales\\\/#primaryimage\",\"url\":\"https:\\\/\\\/ecosupplements.be\\\/wp-content\\\/uploads\\\/2025\\\/08\\\/NOW-Foods-Hyaluronic-Acid-with-MSM-50mg-60-vcaps.jpg\",\"contentUrl\":\"https:\\\/\\\/ecosupplements.be\\\/wp-content\\\/uploads\\\/2025\\\/08\\\/NOW-Foods-Hyaluronic-Acid-with-MSM-50mg-60-vcaps.jpg\",\"width\":750,\"height\":750},{\"@type\":\"BreadcrumbList\",\"@id\":\"https:\\\/\\\/ecosupplements.be\\\/fr\\\/produit\\\/acide-hyaluronique-avec-msm-50mg-60-gelules-vegetales\\\/#breadcrumb\",\"itemListElement\":[{\"@type\":\"ListItem\",\"position\":1,\"name\":\"Home\",\"item\":\"https:\\\/\\\/ecosupplements.be\\\/fr\\\/\"},{\"@type\":\"ListItem\",\"position\":2,\"name\":\"Boutique\",\"item\":\"https:\\\/\\\/ecosupplements.be\\\/fr\\\/boutique\\\/\"},{\"@type\":\"ListItem\",\"position\":3,\"name\":\"Acide hyaluronique avec MSM, 50mg &#8211; 60 g\u00e9lules v\u00e9g\u00e9tales\"}]},{\"@type\":\"WebSite\",\"@id\":\"https:\\\/\\\/ecosupplements.be\\\/fr\\\/#website\",\"url\":\"https:\\\/\\\/ecosupplements.be\\\/fr\\\/\",\"name\":\"ECO Supplements\",\"description\":\"Eco Supplements - Gezonde supplementen\",\"publisher\":{\"@id\":\"https:\\\/\\\/ecosupplements.be\\\/fr\\\/#organization\"},\"potentialAction\":[{\"@type\":\"SearchAction\",\"target\":{\"@type\":\"EntryPoint\",\"urlTemplate\":\"https:\\\/\\\/ecosupplements.be\\\/fr\\\/?s={search_term_string}\"},\"query-input\":{\"@type\":\"PropertyValueSpecification\",\"valueRequired\":true,\"valueName\":\"search_term_string\"}}],\"inLanguage\":\"fr-FR\"},{\"@type\":\"Organization\",\"@id\":\"https:\\\/\\\/ecosupplements.be\\\/fr\\\/#organization\",\"name\":\"Eco Supplements\",\"url\":\"https:\\\/\\\/ecosupplements.be\\\/fr\\\/\",\"logo\":{\"@type\":\"ImageObject\",\"inLanguage\":\"fr-FR\",\"@id\":\"https:\\\/\\\/ecosupplements.be\\\/fr\\\/#\\\/schema\\\/logo\\\/image\\\/\",\"url\":\"https:\\\/\\\/ecosupplements.be\\\/wp-content\\\/uploads\\\/2022\\\/06\\\/ecosupplement-family.png\",\"contentUrl\":\"https:\\\/\\\/ecosupplements.be\\\/wp-content\\\/uploads\\\/2022\\\/06\\\/ecosupplement-family.png\",\"width\":593,\"height\":374,\"caption\":\"Eco Supplements\"},\"image\":{\"@id\":\"https:\\\/\\\/ecosupplements.be\\\/fr\\\/#\\\/schema\\\/logo\\\/image\\\/\"}}]}<\/script>\n<meta property=\"product:brand\" content=\"NOW Foods\" \/>\n<meta property=\"product:price:amount\" content=\"15.29\" \/>\n<meta property=\"product:price:currency\" content=\"EUR\" \/>\n<meta property=\"og:availability\" content=\"instock\" \/>\n<meta property=\"product:availability\" content=\"instock\" \/>\n<meta property=\"product:retailer_item_id\" content=\"733739031563\" \/>\n<meta property=\"product:condition\" content=\"new\" \/>\n<!-- \/ Yoast SEO Premium plugin. -->","yoast_head_json":{"title":"Acide hyaluronique avec MSM, 50mg - 60 g\u00e9lules v\u00e9g\u00e9tales - ECO Supplements","description":"Wij hebben een ruime keuze aan producten van Acide hyaluronique avec MSM, 50mg - 60 g\u00e9lules v\u00e9g\u00e9tales . Winkel bij Eco Supplements altijd gratis verzending boven 100\u20ac","robots":{"index":"index","follow":"follow","max-snippet":"max-snippet:-1","max-image-preview":"max-image-preview:large","max-video-preview":"max-video-preview:-1"},"canonical":"https:\/\/ecosupplements.be\/fr\/produit\/acide-hyaluronique-avec-msm-50mg-60-gelules-vegetales\/","og_locale":"fr_FR","og_type":"article","og_title":"Acide hyaluronique avec MSM, 50mg - 60 g\u00e9lules v\u00e9g\u00e9tales","og_description":"Wij hebben een ruime keuze aan producten van Acide hyaluronique avec MSM, 50mg - 60 g\u00e9lules v\u00e9g\u00e9tales . Winkel bij Eco Supplements altijd gratis verzending boven 100\u20ac","og_url":"https:\/\/ecosupplements.be\/fr\/produit\/acide-hyaluronique-avec-msm-50mg-60-gelules-vegetales\/","og_site_name":"ECO Supplements","article_modified_time":"2025-08-27T13:51:14+00:00","og_image":[{"width":421,"height":880,"url":"https:\/\/ecosupplements.be\/wp-content\/uploads\/2025\/08\/Hyaluronic-Acid-with-MSM-50mg-60-vcaps.jpg","type":"image\/jpeg"}],"twitter_card":"summary_large_image","twitter_misc":{"Prix":"15.29&nbsp;&euro;","Disponibilit\u00e9":"En stock"},"schema":{"@context":"https:\/\/schema.org","@graph":[{"@type":["WebPage","ItemPage"],"@id":"https:\/\/ecosupplements.be\/fr\/produit\/acide-hyaluronique-avec-msm-50mg-60-gelules-vegetales\/","url":"https:\/\/ecosupplements.be\/fr\/produit\/acide-hyaluronique-avec-msm-50mg-60-gelules-vegetales\/","name":"Acide hyaluronique avec MSM, 50mg - 60 g\u00e9lules v\u00e9g\u00e9tales - ECO Supplements","isPartOf":{"@id":"https:\/\/ecosupplements.be\/fr\/#website"},"primaryImageOfPage":{"@id":"https:\/\/ecosupplements.be\/fr\/produit\/acide-hyaluronique-avec-msm-50mg-60-gelules-vegetales\/#primaryimage"},"image":{"@id":"https:\/\/ecosupplements.be\/fr\/produit\/acide-hyaluronique-avec-msm-50mg-60-gelules-vegetales\/#primaryimage"},"thumbnailUrl":"https:\/\/ecosupplements.be\/wp-content\/uploads\/2025\/08\/NOW-Foods-Hyaluronic-Acid-with-MSM-50mg-60-vcaps.jpg","datePublished":"2022-06-28T09:24:07+00:00","dateModified":"2025-08-27T13:51:14+00:00","description":"Wij hebben een ruime keuze aan producten van Acide hyaluronique avec MSM, 50mg - 60 g\u00e9lules v\u00e9g\u00e9tales . Winkel bij Eco Supplements altijd gratis verzending boven 100\u20ac","breadcrumb":{"@id":"https:\/\/ecosupplements.be\/fr\/produit\/acide-hyaluronique-avec-msm-50mg-60-gelules-vegetales\/#breadcrumb"},"inLanguage":"fr-FR","potentialAction":[{"@type":"ReadAction","target":["https:\/\/ecosupplements.be\/fr\/produit\/acide-hyaluronique-avec-msm-50mg-60-gelules-vegetales\/"]}]},{"@type":"ImageObject","inLanguage":"fr-FR","@id":"https:\/\/ecosupplements.be\/fr\/produit\/acide-hyaluronique-avec-msm-50mg-60-gelules-vegetales\/#primaryimage","url":"https:\/\/ecosupplements.be\/wp-content\/uploads\/2025\/08\/NOW-Foods-Hyaluronic-Acid-with-MSM-50mg-60-vcaps.jpg","contentUrl":"https:\/\/ecosupplements.be\/wp-content\/uploads\/2025\/08\/NOW-Foods-Hyaluronic-Acid-with-MSM-50mg-60-vcaps.jpg","width":750,"height":750},{"@type":"BreadcrumbList","@id":"https:\/\/ecosupplements.be\/fr\/produit\/acide-hyaluronique-avec-msm-50mg-60-gelules-vegetales\/#breadcrumb","itemListElement":[{"@type":"ListItem","position":1,"name":"Home","item":"https:\/\/ecosupplements.be\/fr\/"},{"@type":"ListItem","position":2,"name":"Boutique","item":"https:\/\/ecosupplements.be\/fr\/boutique\/"},{"@type":"ListItem","position":3,"name":"Acide hyaluronique avec MSM, 50mg &#8211; 60 g\u00e9lules v\u00e9g\u00e9tales"}]},{"@type":"WebSite","@id":"https:\/\/ecosupplements.be\/fr\/#website","url":"https:\/\/ecosupplements.be\/fr\/","name":"ECO Supplements","description":"Eco Supplements - Gezonde supplementen","publisher":{"@id":"https:\/\/ecosupplements.be\/fr\/#organization"},"potentialAction":[{"@type":"SearchAction","target":{"@type":"EntryPoint","urlTemplate":"https:\/\/ecosupplements.be\/fr\/?s={search_term_string}"},"query-input":{"@type":"PropertyValueSpecification","valueRequired":true,"valueName":"search_term_string"}}],"inLanguage":"fr-FR"},{"@type":"Organization","@id":"https:\/\/ecosupplements.be\/fr\/#organization","name":"Eco Supplements","url":"https:\/\/ecosupplements.be\/fr\/","logo":{"@type":"ImageObject","inLanguage":"fr-FR","@id":"https:\/\/ecosupplements.be\/fr\/#\/schema\/logo\/image\/","url":"https:\/\/ecosupplements.be\/wp-content\/uploads\/2022\/06\/ecosupplement-family.png","contentUrl":"https:\/\/ecosupplements.be\/wp-content\/uploads\/2022\/06\/ecosupplement-family.png","width":593,"height":374,"caption":"Eco Supplements"},"image":{"@id":"https:\/\/ecosupplements.be\/fr\/#\/schema\/logo\/image\/"}}]},"product_brand":"NOW Foods","product_price_amount":"15.29","product_price_currency":"EUR","og_availability":"instock","product_availability":"instock","product_retailer_item_id":"733739031563","product_condition":"new"},"_links":{"self":[{"href":"https:\/\/ecosupplements.be\/fr\/wp-json\/wp\/v2\/product\/289069","targetHints":{"allow":["GET"]}}],"collection":[{"href":"https:\/\/ecosupplements.be\/fr\/wp-json\/wp\/v2\/product"}],"about":[{"href":"https:\/\/ecosupplements.be\/fr\/wp-json\/wp\/v2\/types\/product"}],"replies":[{"embeddable":true,"href":"https:\/\/ecosupplements.be\/fr\/wp-json\/wp\/v2\/comments?post=289069"}],"wp:featuredmedia":[{"embeddable":true,"href":"https:\/\/ecosupplements.be\/fr\/wp-json\/wp\/v2\/media\/251003"}],"wp:attachment":[{"href":"https:\/\/ecosupplements.be\/fr\/wp-json\/wp\/v2\/media?parent=289069"}],"wp:term":[{"taxonomy":"product_brand","embeddable":true,"href":"https:\/\/ecosupplements.be\/fr\/wp-json\/wp\/v2\/product_brand?post=289069"},{"taxonomy":"product_cat","embeddable":true,"href":"https:\/\/ecosupplements.be\/fr\/wp-json\/wp\/v2\/product_cat?post=289069"},{"taxonomy":"product_tag","embeddable":true,"href":"https:\/\/ecosupplements.be\/fr\/wp-json\/wp\/v2\/product_tag?post=289069"}],"curies":[{"name":"wp","href":"https:\/\/api.w.org\/{rel}","templated":true}]}}