{"id":289075,"date":"2022-06-28T10:24:07","date_gmt":"2022-06-28T09:24:07","guid":{"rendered":"https:\/\/ecosupplements.be\/product\/sauvetage-hydratation-60-gelules\/"},"modified":"2025-08-27T14:51:22","modified_gmt":"2025-08-27T13:51:22","slug":"sauvetage-hydratation-60-gelules","status":"publish","type":"product","link":"https:\/\/ecosupplements.be\/fr\/produit\/sauvetage-hydratation-60-gelules\/","title":{"rendered":"Sauvetage Hydratation &#8211; 60 g\u00e9lules"},"content":{"rendered":"<h1> Hydration Rescue &#8211; 60 vcaps <\/h1>\n<p>  Hydration Rescue de NOW Foods est un compl\u00e9ment alimentaire qui aide\u200d \u00e0 maintenir une hydratation\u200c optimale pour une peau saine \u200det \u00e9clatante. Ces 60 vcapsules sont sp\u00e9cialement formul\u00e9es pour\u2062 fournir une \u2062hydratation en profondeur et aider\u200b \u00e0 pr\u00e9venir la d\u00e9shydratation de la peau. <\/p>\n<h2>  Caract\u00e9ristiques sp\u00e9ciales: <\/h2>\n<ul>\n<li>  Contient \u2064des ingr\u00e9dients naturels\u200d et efficaces pour une hydratation en profondeur\u2063 <\/li>\n<li>  Formule v\u00e9g\u00e9tarienne \/ v\u00e9g\u00e9talienne <\/li>\n<li>  Sans gluten <\/li>\n<li>  Sans OGM <\/li>\n<li>  Fabriqu\u00e9 aux \u00c9tats-Unis <\/li>\n<\/ul>\n<h2>  \u2063Ingr\u00e9dients cl\u00e9s:\u2062 <\/h2>\n<p>  Hydration Rescue contient une combinaison unique d&#8217;ingr\u00e9dients naturels pour \u200caider \u00e0 maintenir une hydratation optimale \u2062de la peau. Ces ingr\u00e9dients comprennent: <\/p>\n<ul>\n<li>  Acide hyaluronique: un hydratant naturel qui aide \u00e0\u200c retenir l&#8217;eau dans la \u200bpeau pour une\u2063 hydratation en profondeur <\/li>\n<li>  \u200bExtrait\u2063 de concombre: riche en vitamines et en min\u00e9raux, il aide \u2064\u00e0 apaiser et \u00e0 hydrater la peau <\/li>\n<li>  Extrait de th\u00e9 vert: un antioxydant puissant qui \u2064aide \u00e0 prot\u00e9ger la peau contre les\u2062 dommages caus\u00e9s par les\u2063 radicaux libres <\/li>\n<li>  Extrait de p\u00e9pins de raisin: riche en vitamine E\u2063 et en acides\u2063 gras essentiels,\u200d il aide\u2064 \u00e0 nourrir et \u00e0 \u2063hydrater la peau <\/li>\n<\/ul>\n<h2>  Avantages uniques:\u200b <\/h2>\n<p>  Hydration Rescue offre une hydratation en profondeur pour une peau saine\u200c et \u00e9clatante. En plus de maintenir l&#8217;hydratation de \u200cla peau, ce compl\u00e9ment alimentaire \u200caide \u00e9galement \u00e0 apaiser \u2064et \u00e0 prot\u00e9ger la peau \u2063contre les dommages environnementaux.\u2062 Sa formule naturelle et v\u00e9g\u00e9tarienne en \u2062fait un choix id\u00e9al pour tous les types de peau. <\/p>\n<h2>  \u200dPrincipales caract\u00e9ristiques: <\/h2>\n<ul>\n<li>  Aide \u00e0 maintenir une hydratation optimale \u200cde la peau <\/li>\n<li>  Contient des ingr\u00e9dients naturels et \u2062efficaces\u2062 <\/li>\n<li>  Formule v\u00e9g\u00e9tarienne \/ v\u00e9g\u00e9talienne <\/li>\n<li>  Sans gluten <\/li>\n<li>  Sans OGM <\/li>\n<li>  Fabriqu\u00e9 aux \u00c9tats-Unis\u2062 <\/li>\n<\/ul>\n<p>  Donnez\u2064 \u00e0 votre \u2063peau l&#8217;hydratation dont elle \u200ba\u200b besoin avec Hydration Rescue de \u200cNOW Foods. \u2063Essayez-le d\u00e8s aujourd&#8217;hui\u2063 pour une peau saine et \u00e9clatante! <\/p>\n","protected":false},"excerpt":{"rendered":"<p>Hydration Rescue &#8211; 60 vcaps Hydration Rescue de NOW Foods est un compl\u00e9ment alimentaire qui aide\u200d \u00e0 maintenir une hydratation\u200c optimale pour une peau saine \u200det \u00e9clatante. Ces 60 vcapsules sont sp\u00e9cialement formul\u00e9es pour\u2062 fournir une \u2062hydratation en profondeur et aider\u200b \u00e0 pr\u00e9venir la d\u00e9shydratation de la peau. Caract\u00e9ristiques sp\u00e9ciales: Contient \u2064des ingr\u00e9dients naturels\u200d et [&#8230;]\n","protected":false},"featured_media":251013,"comment_status":"open","ping_status":"open","template":"","meta":[],"product_brand":[4733,4734],"product_cat":[5114,5052,5053],"product_tag":[],"class_list":{"0":"post-289075","1":"product","2":"type-product","3":"status-publish","4":"has-post-thumbnail","6":"product_brand-now-foods-2","7":"product_brand-nownow-foods-2","8":"product_cat-beaute","9":"product_cat-sante-et-bien-etre","10":"product_cat-vitamines-et-mineraux","12":"first","13":"instock","14":"taxable","15":"shipping-taxable","16":"purchasable","17":"product-type-simple"},"yoast_head":"<!-- This site is optimized with the Yoast SEO Premium plugin v27.5 (Yoast SEO v27.5) - https:\/\/yoast.com\/product\/yoast-seo-premium-wordpress\/ -->\n<title>Sauvetage Hydratation - 60 g\u00e9lules - ECO Supplements<\/title>\n<meta name=\"description\" content=\"Wij hebben een ruime keuze aan producten van Sauvetage Hydratation - 60 g\u00e9lules . Winkel bij Eco Supplements altijd gratis verzending boven 100\u20ac\" \/>\n<meta name=\"robots\" content=\"index, follow, max-snippet:-1, max-image-preview:large, max-video-preview:-1\" \/>\n<link rel=\"canonical\" href=\"https:\/\/ecosupplements.be\/fr\/produit\/sauvetage-hydratation-60-gelules\/\" \/>\n<meta property=\"og:locale\" content=\"fr_FR\" \/>\n<meta property=\"og:type\" content=\"article\" \/>\n<meta property=\"og:title\" content=\"Sauvetage Hydratation - 60 g\u00e9lules\" \/>\n<meta property=\"og:description\" content=\"Wij hebben een ruime keuze aan producten van Sauvetage Hydratation - 60 g\u00e9lules . Winkel bij Eco Supplements altijd gratis verzending boven 100\u20ac\" \/>\n<meta property=\"og:url\" content=\"https:\/\/ecosupplements.be\/fr\/produit\/sauvetage-hydratation-60-gelules\/\" \/>\n<meta property=\"og:site_name\" content=\"ECO Supplements\" \/>\n<meta property=\"article:modified_time\" content=\"2025-08-27T13:51:22+00:00\" \/>\n<meta property=\"og:image\" content=\"https:\/\/ecosupplements.be\/wp-content\/uploads\/2025\/08\/Hydration-Rescue-60-vcaps-1.jpg\" \/>\n\t<meta property=\"og:image:width\" content=\"305\" \/>\n\t<meta property=\"og:image:height\" content=\"641\" \/>\n\t<meta property=\"og:image:type\" content=\"image\/jpeg\" \/>\n<meta name=\"twitter:card\" content=\"summary_large_image\" \/>\n<meta name=\"twitter:label1\" content=\"Prix\" \/>\n\t<meta name=\"twitter:data1\" content=\"22.42&nbsp;&euro;\" \/>\n\t<meta name=\"twitter:label2\" content=\"Disponibilit\u00e9\" \/>\n\t<meta name=\"twitter:data2\" content=\"En stock\" \/>\n<script type=\"application\/ld+json\" class=\"yoast-schema-graph\">{\"@context\":\"https:\\\/\\\/schema.org\",\"@graph\":[{\"@type\":[\"WebPage\",\"ItemPage\"],\"@id\":\"https:\\\/\\\/ecosupplements.be\\\/fr\\\/produit\\\/sauvetage-hydratation-60-gelules\\\/\",\"url\":\"https:\\\/\\\/ecosupplements.be\\\/fr\\\/produit\\\/sauvetage-hydratation-60-gelules\\\/\",\"name\":\"Sauvetage Hydratation - 60 g\u00e9lules - ECO Supplements\",\"isPartOf\":{\"@id\":\"https:\\\/\\\/ecosupplements.be\\\/fr\\\/#website\"},\"primaryImageOfPage\":{\"@id\":\"https:\\\/\\\/ecosupplements.be\\\/fr\\\/produit\\\/sauvetage-hydratation-60-gelules\\\/#primaryimage\"},\"image\":{\"@id\":\"https:\\\/\\\/ecosupplements.be\\\/fr\\\/produit\\\/sauvetage-hydratation-60-gelules\\\/#primaryimage\"},\"thumbnailUrl\":\"https:\\\/\\\/ecosupplements.be\\\/wp-content\\\/uploads\\\/2025\\\/08\\\/Hydration-Rescue-60-vcaps.jpg\",\"datePublished\":\"2022-06-28T09:24:07+00:00\",\"dateModified\":\"2025-08-27T13:51:22+00:00\",\"description\":\"Wij hebben een ruime keuze aan producten van Sauvetage Hydratation - 60 g\u00e9lules . Winkel bij Eco Supplements altijd gratis verzending boven 100\u20ac\",\"breadcrumb\":{\"@id\":\"https:\\\/\\\/ecosupplements.be\\\/fr\\\/produit\\\/sauvetage-hydratation-60-gelules\\\/#breadcrumb\"},\"inLanguage\":\"fr-FR\",\"potentialAction\":[{\"@type\":\"ReadAction\",\"target\":[\"https:\\\/\\\/ecosupplements.be\\\/fr\\\/produit\\\/sauvetage-hydratation-60-gelules\\\/\"]}]},{\"@type\":\"ImageObject\",\"inLanguage\":\"fr-FR\",\"@id\":\"https:\\\/\\\/ecosupplements.be\\\/fr\\\/produit\\\/sauvetage-hydratation-60-gelules\\\/#primaryimage\",\"url\":\"https:\\\/\\\/ecosupplements.be\\\/wp-content\\\/uploads\\\/2025\\\/08\\\/Hydration-Rescue-60-vcaps.jpg\",\"contentUrl\":\"https:\\\/\\\/ecosupplements.be\\\/wp-content\\\/uploads\\\/2025\\\/08\\\/Hydration-Rescue-60-vcaps.jpg\",\"width\":500,\"height\":500},{\"@type\":\"BreadcrumbList\",\"@id\":\"https:\\\/\\\/ecosupplements.be\\\/fr\\\/produit\\\/sauvetage-hydratation-60-gelules\\\/#breadcrumb\",\"itemListElement\":[{\"@type\":\"ListItem\",\"position\":1,\"name\":\"Home\",\"item\":\"https:\\\/\\\/ecosupplements.be\\\/fr\\\/\"},{\"@type\":\"ListItem\",\"position\":2,\"name\":\"Boutique\",\"item\":\"https:\\\/\\\/ecosupplements.be\\\/fr\\\/boutique\\\/\"},{\"@type\":\"ListItem\",\"position\":3,\"name\":\"Sauvetage Hydratation &#8211; 60 g\u00e9lules\"}]},{\"@type\":\"WebSite\",\"@id\":\"https:\\\/\\\/ecosupplements.be\\\/fr\\\/#website\",\"url\":\"https:\\\/\\\/ecosupplements.be\\\/fr\\\/\",\"name\":\"ECO Supplements\",\"description\":\"Eco Supplements - Gezonde supplementen\",\"publisher\":{\"@id\":\"https:\\\/\\\/ecosupplements.be\\\/fr\\\/#organization\"},\"potentialAction\":[{\"@type\":\"SearchAction\",\"target\":{\"@type\":\"EntryPoint\",\"urlTemplate\":\"https:\\\/\\\/ecosupplements.be\\\/fr\\\/?s={search_term_string}\"},\"query-input\":{\"@type\":\"PropertyValueSpecification\",\"valueRequired\":true,\"valueName\":\"search_term_string\"}}],\"inLanguage\":\"fr-FR\"},{\"@type\":\"Organization\",\"@id\":\"https:\\\/\\\/ecosupplements.be\\\/fr\\\/#organization\",\"name\":\"Eco Supplements\",\"url\":\"https:\\\/\\\/ecosupplements.be\\\/fr\\\/\",\"logo\":{\"@type\":\"ImageObject\",\"inLanguage\":\"fr-FR\",\"@id\":\"https:\\\/\\\/ecosupplements.be\\\/fr\\\/#\\\/schema\\\/logo\\\/image\\\/\",\"url\":\"https:\\\/\\\/ecosupplements.be\\\/wp-content\\\/uploads\\\/2022\\\/06\\\/ecosupplement-family.png\",\"contentUrl\":\"https:\\\/\\\/ecosupplements.be\\\/wp-content\\\/uploads\\\/2022\\\/06\\\/ecosupplement-family.png\",\"width\":593,\"height\":374,\"caption\":\"Eco Supplements\"},\"image\":{\"@id\":\"https:\\\/\\\/ecosupplements.be\\\/fr\\\/#\\\/schema\\\/logo\\\/image\\\/\"}}]}<\/script>\n<meta property=\"product:brand\" content=\"NOW Foods\" \/>\n<meta property=\"product:price:amount\" content=\"22.42\" \/>\n<meta property=\"product:price:currency\" content=\"EUR\" \/>\n<meta property=\"og:availability\" content=\"instock\" \/>\n<meta property=\"product:availability\" content=\"instock\" \/>\n<meta property=\"product:retailer_item_id\" content=\"733739033888\" \/>\n<meta property=\"product:condition\" content=\"new\" \/>\n<!-- \/ Yoast SEO Premium plugin. -->","yoast_head_json":{"title":"Sauvetage Hydratation - 60 g\u00e9lules - ECO Supplements","description":"Wij hebben een ruime keuze aan producten van Sauvetage Hydratation - 60 g\u00e9lules . Winkel bij Eco Supplements altijd gratis verzending boven 100\u20ac","robots":{"index":"index","follow":"follow","max-snippet":"max-snippet:-1","max-image-preview":"max-image-preview:large","max-video-preview":"max-video-preview:-1"},"canonical":"https:\/\/ecosupplements.be\/fr\/produit\/sauvetage-hydratation-60-gelules\/","og_locale":"fr_FR","og_type":"article","og_title":"Sauvetage Hydratation - 60 g\u00e9lules","og_description":"Wij hebben een ruime keuze aan producten van Sauvetage Hydratation - 60 g\u00e9lules . Winkel bij Eco Supplements altijd gratis verzending boven 100\u20ac","og_url":"https:\/\/ecosupplements.be\/fr\/produit\/sauvetage-hydratation-60-gelules\/","og_site_name":"ECO Supplements","article_modified_time":"2025-08-27T13:51:22+00:00","og_image":[{"width":305,"height":641,"url":"https:\/\/ecosupplements.be\/wp-content\/uploads\/2025\/08\/Hydration-Rescue-60-vcaps-1.jpg","type":"image\/jpeg"}],"twitter_card":"summary_large_image","twitter_misc":{"Prix":"22.42&nbsp;&euro;","Disponibilit\u00e9":"En stock"},"schema":{"@context":"https:\/\/schema.org","@graph":[{"@type":["WebPage","ItemPage"],"@id":"https:\/\/ecosupplements.be\/fr\/produit\/sauvetage-hydratation-60-gelules\/","url":"https:\/\/ecosupplements.be\/fr\/produit\/sauvetage-hydratation-60-gelules\/","name":"Sauvetage Hydratation - 60 g\u00e9lules - ECO Supplements","isPartOf":{"@id":"https:\/\/ecosupplements.be\/fr\/#website"},"primaryImageOfPage":{"@id":"https:\/\/ecosupplements.be\/fr\/produit\/sauvetage-hydratation-60-gelules\/#primaryimage"},"image":{"@id":"https:\/\/ecosupplements.be\/fr\/produit\/sauvetage-hydratation-60-gelules\/#primaryimage"},"thumbnailUrl":"https:\/\/ecosupplements.be\/wp-content\/uploads\/2025\/08\/Hydration-Rescue-60-vcaps.jpg","datePublished":"2022-06-28T09:24:07+00:00","dateModified":"2025-08-27T13:51:22+00:00","description":"Wij hebben een ruime keuze aan producten van Sauvetage Hydratation - 60 g\u00e9lules . Winkel bij Eco Supplements altijd gratis verzending boven 100\u20ac","breadcrumb":{"@id":"https:\/\/ecosupplements.be\/fr\/produit\/sauvetage-hydratation-60-gelules\/#breadcrumb"},"inLanguage":"fr-FR","potentialAction":[{"@type":"ReadAction","target":["https:\/\/ecosupplements.be\/fr\/produit\/sauvetage-hydratation-60-gelules\/"]}]},{"@type":"ImageObject","inLanguage":"fr-FR","@id":"https:\/\/ecosupplements.be\/fr\/produit\/sauvetage-hydratation-60-gelules\/#primaryimage","url":"https:\/\/ecosupplements.be\/wp-content\/uploads\/2025\/08\/Hydration-Rescue-60-vcaps.jpg","contentUrl":"https:\/\/ecosupplements.be\/wp-content\/uploads\/2025\/08\/Hydration-Rescue-60-vcaps.jpg","width":500,"height":500},{"@type":"BreadcrumbList","@id":"https:\/\/ecosupplements.be\/fr\/produit\/sauvetage-hydratation-60-gelules\/#breadcrumb","itemListElement":[{"@type":"ListItem","position":1,"name":"Home","item":"https:\/\/ecosupplements.be\/fr\/"},{"@type":"ListItem","position":2,"name":"Boutique","item":"https:\/\/ecosupplements.be\/fr\/boutique\/"},{"@type":"ListItem","position":3,"name":"Sauvetage Hydratation &#8211; 60 g\u00e9lules"}]},{"@type":"WebSite","@id":"https:\/\/ecosupplements.be\/fr\/#website","url":"https:\/\/ecosupplements.be\/fr\/","name":"ECO Supplements","description":"Eco Supplements - Gezonde supplementen","publisher":{"@id":"https:\/\/ecosupplements.be\/fr\/#organization"},"potentialAction":[{"@type":"SearchAction","target":{"@type":"EntryPoint","urlTemplate":"https:\/\/ecosupplements.be\/fr\/?s={search_term_string}"},"query-input":{"@type":"PropertyValueSpecification","valueRequired":true,"valueName":"search_term_string"}}],"inLanguage":"fr-FR"},{"@type":"Organization","@id":"https:\/\/ecosupplements.be\/fr\/#organization","name":"Eco Supplements","url":"https:\/\/ecosupplements.be\/fr\/","logo":{"@type":"ImageObject","inLanguage":"fr-FR","@id":"https:\/\/ecosupplements.be\/fr\/#\/schema\/logo\/image\/","url":"https:\/\/ecosupplements.be\/wp-content\/uploads\/2022\/06\/ecosupplement-family.png","contentUrl":"https:\/\/ecosupplements.be\/wp-content\/uploads\/2022\/06\/ecosupplement-family.png","width":593,"height":374,"caption":"Eco Supplements"},"image":{"@id":"https:\/\/ecosupplements.be\/fr\/#\/schema\/logo\/image\/"}}]},"product_brand":"NOW Foods","product_price_amount":"22.42","product_price_currency":"EUR","og_availability":"instock","product_availability":"instock","product_retailer_item_id":"733739033888","product_condition":"new"},"_links":{"self":[{"href":"https:\/\/ecosupplements.be\/fr\/wp-json\/wp\/v2\/product\/289075","targetHints":{"allow":["GET"]}}],"collection":[{"href":"https:\/\/ecosupplements.be\/fr\/wp-json\/wp\/v2\/product"}],"about":[{"href":"https:\/\/ecosupplements.be\/fr\/wp-json\/wp\/v2\/types\/product"}],"replies":[{"embeddable":true,"href":"https:\/\/ecosupplements.be\/fr\/wp-json\/wp\/v2\/comments?post=289075"}],"wp:featuredmedia":[{"embeddable":true,"href":"https:\/\/ecosupplements.be\/fr\/wp-json\/wp\/v2\/media\/251013"}],"wp:attachment":[{"href":"https:\/\/ecosupplements.be\/fr\/wp-json\/wp\/v2\/media?parent=289075"}],"wp:term":[{"taxonomy":"product_brand","embeddable":true,"href":"https:\/\/ecosupplements.be\/fr\/wp-json\/wp\/v2\/product_brand?post=289075"},{"taxonomy":"product_cat","embeddable":true,"href":"https:\/\/ecosupplements.be\/fr\/wp-json\/wp\/v2\/product_cat?post=289075"},{"taxonomy":"product_tag","embeddable":true,"href":"https:\/\/ecosupplements.be\/fr\/wp-json\/wp\/v2\/product_tag?post=289075"}],"curies":[{"name":"wp","href":"https:\/\/api.w.org\/{rel}","templated":true}]}}