{"id":289078,"date":"2022-08-04T07:45:11","date_gmt":"2022-08-04T06:45:11","guid":{"rendered":"https:\/\/ecosupplements.be\/product\/l-arginine-700mg-180-gelules\/"},"modified":"2025-08-27T14:51:25","modified_gmt":"2025-08-27T13:51:25","slug":"l-arginine-700mg-180-gelules","status":"publish","type":"product","link":"https:\/\/ecosupplements.be\/fr\/produit\/l-arginine-700mg-180-gelules\/","title":{"rendered":"L-Arginine, 700mg &#8211; 180 g\u00e9lules"},"content":{"rendered":"<h1> Description du produit <\/h1>\n<p>  La L-Arginine est un acide amin\u00e9 essentiel\u200b qui joue un r\u00f4le important dans de nombreuses fonctions de \u2062l&#8217;organisme. NOW Foods propose une formule hautement dos\u00e9e de 700mg de L-Arginine par capsule, pour une \u2063efficacit\u00e9 maximale. Chaque \u2063flacon contient 180 vcaps, ce\u200c qui \u00e9quivaut \u00e0 un approvisionnement \u2064de 3\u200d mois. <\/p>\n<h2>  Caract\u00e9ristiques sp\u00e9ciales <\/h2>\n<ul>\n<li>  Formule hautement dos\u00e9e\u200c de 700mg \u200cpar capsule \u2062 <\/li>\n<li>  Contient\u200d 180 vcaps par flacon \u200c <\/li>\n<li>  Approvisionnement pour 3 mois <\/li>\n<li>  Fabriqu\u00e9 aux \u00c9tats-Unis <\/li>\n<\/ul>\n<h2>  Ingr\u00e9dients <\/h2>\n<p>  Chaque capsule\u2064 de L-Arginine de NOW Foods contient 700mg\u200c de L-Arginine sous forme de L-Arginine\u200c HCl. Les autres \u2063ingr\u00e9dients comprennent de la cellulose (capsule), de la farine de riz, du st\u00e9arate de magn\u00e9sium (source v\u00e9g\u00e9tale) et \u2062de la silice. Ce \u200cproduit est sans gluten, sans soja, sans produits laitiers, sans \u0153ufs\u200c et sans OGM. <\/p>\n<h2>  Avantages uniques <\/h2>\n<p>  La L-Arginine est un acide amin\u00e9\u200d essentiel qui joue un r\u00f4le important \u200ddans la production de\u200b prot\u00e9ines, la cicatrisation des \u2062plaies, la r\u00e9gulation de la \u200dpression art\u00e9rielle et la sant\u00e9 cardiovasculaire. Elle peut \u00e9galement aider \u00e0 am\u00e9liorer \u200dla circulation sanguine et \u200c\u00e0 stimuler le syst\u00e8me immunitaire. La formule\u2062 hautement dos\u00e9e de NOW Foods garantit une efficacit\u00e9 maximale pour tous ces bienfaits. <\/p>\n<h2>  Principales caract\u00e9ristiques <\/h2>\n<ul>\n<li>  Acide amin\u00e9 essentiel <\/li>\n<li>  Aide \u200d\u00e0 la production de prot\u00e9ines et \u00e0 la cicatrisation des plaies <\/li>\n<li>  Peut aider \u00e0 r\u00e9guler la\u2064 pression art\u00e9rielle et \u00e0\u200d am\u00e9liorer la sant\u00e9 cardiovasculaire <\/li>\n<li>  Peut am\u00e9liorer la \u200bcirculation sanguine et stimuler le syst\u00e8me immunitaire <\/li>\n<li>  Formule hautement dos\u00e9e pour une efficacit\u00e9 maximale \u2062 <\/li>\n<li>  Sans gluten, sans soja, sans produits laitiers, sans \u0153ufs \u200bet sans \u2063OGM <\/li>\n<\/ul>\n<p>  Ajoutez la L-Arginine\u2064 de NOW Foods \u00e0 votre routine \u200cquotidienne pour b\u00e9n\u00e9ficier de tous ses bienfaits \u2064pour la sant\u00e9. Commandez d\u00e8s maintenant et profitez \u200cd&#8217;un approvisionnement pour 3 mois avec chaque flacon de 180 vcaps. Fabriqu\u00e9 aux \u00c9tats-Unis avec des ingr\u00e9dients de qualit\u00e9 sup\u00e9rieure, vous pouvez faire \u200bconfiance \u00e0 NOW Foods pour vous\u200b offrir des produits s\u00fbrs et efficaces. <\/p>\n","protected":false},"excerpt":{"rendered":"<p>Description du produit La L-Arginine est un acide amin\u00e9 essentiel\u200b qui joue un r\u00f4le important dans de nombreuses fonctions de \u2062l&#8217;organisme. NOW Foods propose une formule hautement dos\u00e9e de 700mg de L-Arginine par capsule, pour une \u2063efficacit\u00e9 maximale. Chaque \u2063flacon contient 180 vcaps, ce\u200c qui \u00e9quivaut \u00e0 un approvisionnement \u2064de 3\u200d mois. Caract\u00e9ristiques sp\u00e9ciales Formule [&#8230;]\n","protected":false},"featured_media":260033,"comment_status":"open","ping_status":"open","template":"","meta":[],"product_brand":[4733],"product_cat":[5067,5054,5055,5052,5053],"product_tag":[],"class_list":{"0":"post-289078","1":"product","2":"type-product","3":"status-publish","4":"has-post-thumbnail","6":"product_brand-now-foods-2","7":"product_cat-acides-amines-et-bcaa","8":"product_cat-nourriture-saine","9":"product_cat-produits-vegetaliens","10":"product_cat-sante-et-bien-etre","11":"product_cat-vitamines-et-mineraux","13":"first","14":"instock","15":"taxable","16":"shipping-taxable","17":"purchasable","18":"product-type-simple"},"yoast_head":"<!-- This site is optimized with the Yoast SEO Premium plugin v27.3 (Yoast SEO v27.3) - https:\/\/yoast.com\/product\/yoast-seo-premium-wordpress\/ -->\n<title>L-Arginine, 700mg - 180 g\u00e9lules - ECO Supplements<\/title>\n<meta name=\"description\" content=\"Wij hebben een ruime keuze aan producten van L-Arginine, 700mg - 180 g\u00e9lules . Winkel bij Eco Supplements altijd gratis verzending boven 100\u20ac\" \/>\n<meta name=\"robots\" content=\"index, follow, max-snippet:-1, max-image-preview:large, max-video-preview:-1\" \/>\n<link rel=\"canonical\" href=\"https:\/\/ecosupplements.be\/fr\/produit\/l-arginine-700mg-180-gelules\/\" \/>\n<meta property=\"og:locale\" content=\"fr_FR\" \/>\n<meta property=\"og:type\" content=\"article\" \/>\n<meta property=\"og:title\" content=\"L-Arginine, 700mg - 180 g\u00e9lules\" \/>\n<meta property=\"og:description\" content=\"Wij hebben een ruime keuze aan producten van L-Arginine, 700mg - 180 g\u00e9lules . Winkel bij Eco Supplements altijd gratis verzending boven 100\u20ac\" \/>\n<meta property=\"og:url\" content=\"https:\/\/ecosupplements.be\/fr\/produit\/l-arginine-700mg-180-gelules\/\" \/>\n<meta property=\"og:site_name\" content=\"ECO Supplements\" \/>\n<meta property=\"article:modified_time\" content=\"2025-08-27T13:51:25+00:00\" \/>\n<meta property=\"og:image\" content=\"https:\/\/ecosupplements.be\/wp-content\/uploads\/2025\/08\/L-Arginine-700mg-180-vcaps-1.jpg\" \/>\n\t<meta property=\"og:image:width\" content=\"338\" \/>\n\t<meta property=\"og:image:height\" content=\"600\" \/>\n\t<meta property=\"og:image:type\" content=\"image\/jpeg\" \/>\n<meta name=\"twitter:card\" content=\"summary_large_image\" \/>\n<meta name=\"twitter:label1\" content=\"Prix\" \/>\n\t<meta name=\"twitter:data1\" content=\"24.77&nbsp;&euro;\" \/>\n\t<meta name=\"twitter:label2\" content=\"Disponibilit\u00e9\" \/>\n\t<meta name=\"twitter:data2\" content=\"En stock\" \/>\n<script type=\"application\/ld+json\" class=\"yoast-schema-graph\">{\"@context\":\"https:\\\/\\\/schema.org\",\"@graph\":[{\"@type\":[\"WebPage\",\"ItemPage\"],\"@id\":\"https:\\\/\\\/ecosupplements.be\\\/fr\\\/produit\\\/l-arginine-700mg-180-gelules\\\/\",\"url\":\"https:\\\/\\\/ecosupplements.be\\\/fr\\\/produit\\\/l-arginine-700mg-180-gelules\\\/\",\"name\":\"L-Arginine, 700mg - 180 g\u00e9lules - ECO Supplements\",\"isPartOf\":{\"@id\":\"https:\\\/\\\/ecosupplements.be\\\/fr\\\/#website\"},\"primaryImageOfPage\":{\"@id\":\"https:\\\/\\\/ecosupplements.be\\\/fr\\\/produit\\\/l-arginine-700mg-180-gelules\\\/#primaryimage\"},\"image\":{\"@id\":\"https:\\\/\\\/ecosupplements.be\\\/fr\\\/produit\\\/l-arginine-700mg-180-gelules\\\/#primaryimage\"},\"thumbnailUrl\":\"https:\\\/\\\/ecosupplements.be\\\/wp-content\\\/uploads\\\/2025\\\/08\\\/L-Arginine-700mg-180-vcaps.jpg\",\"datePublished\":\"2022-08-04T06:45:11+00:00\",\"dateModified\":\"2025-08-27T13:51:25+00:00\",\"description\":\"Wij hebben een ruime keuze aan producten van L-Arginine, 700mg - 180 g\u00e9lules . Winkel bij Eco Supplements altijd gratis verzending boven 100\u20ac\",\"breadcrumb\":{\"@id\":\"https:\\\/\\\/ecosupplements.be\\\/fr\\\/produit\\\/l-arginine-700mg-180-gelules\\\/#breadcrumb\"},\"inLanguage\":\"fr-FR\",\"potentialAction\":[{\"@type\":\"ReadAction\",\"target\":[\"https:\\\/\\\/ecosupplements.be\\\/fr\\\/produit\\\/l-arginine-700mg-180-gelules\\\/\"]}]},{\"@type\":\"ImageObject\",\"inLanguage\":\"fr-FR\",\"@id\":\"https:\\\/\\\/ecosupplements.be\\\/fr\\\/produit\\\/l-arginine-700mg-180-gelules\\\/#primaryimage\",\"url\":\"https:\\\/\\\/ecosupplements.be\\\/wp-content\\\/uploads\\\/2025\\\/08\\\/L-Arginine-700mg-180-vcaps.jpg\",\"contentUrl\":\"https:\\\/\\\/ecosupplements.be\\\/wp-content\\\/uploads\\\/2025\\\/08\\\/L-Arginine-700mg-180-vcaps.jpg\",\"width\":338,\"height\":600},{\"@type\":\"BreadcrumbList\",\"@id\":\"https:\\\/\\\/ecosupplements.be\\\/fr\\\/produit\\\/l-arginine-700mg-180-gelules\\\/#breadcrumb\",\"itemListElement\":[{\"@type\":\"ListItem\",\"position\":1,\"name\":\"Home\",\"item\":\"https:\\\/\\\/ecosupplements.be\\\/fr\\\/\"},{\"@type\":\"ListItem\",\"position\":2,\"name\":\"Boutique\",\"item\":\"https:\\\/\\\/ecosupplements.be\\\/fr\\\/boutique\\\/\"},{\"@type\":\"ListItem\",\"position\":3,\"name\":\"L-Arginine, 700mg &#8211; 180 g\u00e9lules\"}]},{\"@type\":\"WebSite\",\"@id\":\"https:\\\/\\\/ecosupplements.be\\\/fr\\\/#website\",\"url\":\"https:\\\/\\\/ecosupplements.be\\\/fr\\\/\",\"name\":\"ECO Supplements\",\"description\":\"Eco Supplements - Gezonde supplementen\",\"publisher\":{\"@id\":\"https:\\\/\\\/ecosupplements.be\\\/fr\\\/#organization\"},\"potentialAction\":[{\"@type\":\"SearchAction\",\"target\":{\"@type\":\"EntryPoint\",\"urlTemplate\":\"https:\\\/\\\/ecosupplements.be\\\/fr\\\/?s={search_term_string}\"},\"query-input\":{\"@type\":\"PropertyValueSpecification\",\"valueRequired\":true,\"valueName\":\"search_term_string\"}}],\"inLanguage\":\"fr-FR\"},{\"@type\":\"Organization\",\"@id\":\"https:\\\/\\\/ecosupplements.be\\\/fr\\\/#organization\",\"name\":\"Eco Supplements\",\"url\":\"https:\\\/\\\/ecosupplements.be\\\/fr\\\/\",\"logo\":{\"@type\":\"ImageObject\",\"inLanguage\":\"fr-FR\",\"@id\":\"https:\\\/\\\/ecosupplements.be\\\/fr\\\/#\\\/schema\\\/logo\\\/image\\\/\",\"url\":\"https:\\\/\\\/ecosupplements.be\\\/wp-content\\\/uploads\\\/2022\\\/06\\\/ecosupplement-family.png\",\"contentUrl\":\"https:\\\/\\\/ecosupplements.be\\\/wp-content\\\/uploads\\\/2022\\\/06\\\/ecosupplement-family.png\",\"width\":593,\"height\":374,\"caption\":\"Eco Supplements\"},\"image\":{\"@id\":\"https:\\\/\\\/ecosupplements.be\\\/fr\\\/#\\\/schema\\\/logo\\\/image\\\/\"}}]}<\/script>\n<meta property=\"product:brand\" content=\"NOW Foods\" \/>\n<meta property=\"product:price:amount\" content=\"24.77\" \/>\n<meta property=\"product:price:currency\" content=\"EUR\" \/>\n<meta property=\"og:availability\" content=\"instock\" \/>\n<meta property=\"product:availability\" content=\"instock\" \/>\n<meta property=\"product:retailer_item_id\" content=\"733739000330\" \/>\n<meta property=\"product:condition\" content=\"new\" \/>\n<!-- \/ Yoast SEO Premium plugin. -->","yoast_head_json":{"title":"L-Arginine, 700mg - 180 g\u00e9lules - ECO Supplements","description":"Wij hebben een ruime keuze aan producten van L-Arginine, 700mg - 180 g\u00e9lules . Winkel bij Eco Supplements altijd gratis verzending boven 100\u20ac","robots":{"index":"index","follow":"follow","max-snippet":"max-snippet:-1","max-image-preview":"max-image-preview:large","max-video-preview":"max-video-preview:-1"},"canonical":"https:\/\/ecosupplements.be\/fr\/produit\/l-arginine-700mg-180-gelules\/","og_locale":"fr_FR","og_type":"article","og_title":"L-Arginine, 700mg - 180 g\u00e9lules","og_description":"Wij hebben een ruime keuze aan producten van L-Arginine, 700mg - 180 g\u00e9lules . Winkel bij Eco Supplements altijd gratis verzending boven 100\u20ac","og_url":"https:\/\/ecosupplements.be\/fr\/produit\/l-arginine-700mg-180-gelules\/","og_site_name":"ECO Supplements","article_modified_time":"2025-08-27T13:51:25+00:00","og_image":[{"width":338,"height":600,"url":"https:\/\/ecosupplements.be\/wp-content\/uploads\/2025\/08\/L-Arginine-700mg-180-vcaps-1.jpg","type":"image\/jpeg"}],"twitter_card":"summary_large_image","twitter_misc":{"Prix":"24.77&nbsp;&euro;","Disponibilit\u00e9":"En stock"},"schema":{"@context":"https:\/\/schema.org","@graph":[{"@type":["WebPage","ItemPage"],"@id":"https:\/\/ecosupplements.be\/fr\/produit\/l-arginine-700mg-180-gelules\/","url":"https:\/\/ecosupplements.be\/fr\/produit\/l-arginine-700mg-180-gelules\/","name":"L-Arginine, 700mg - 180 g\u00e9lules - ECO Supplements","isPartOf":{"@id":"https:\/\/ecosupplements.be\/fr\/#website"},"primaryImageOfPage":{"@id":"https:\/\/ecosupplements.be\/fr\/produit\/l-arginine-700mg-180-gelules\/#primaryimage"},"image":{"@id":"https:\/\/ecosupplements.be\/fr\/produit\/l-arginine-700mg-180-gelules\/#primaryimage"},"thumbnailUrl":"https:\/\/ecosupplements.be\/wp-content\/uploads\/2025\/08\/L-Arginine-700mg-180-vcaps.jpg","datePublished":"2022-08-04T06:45:11+00:00","dateModified":"2025-08-27T13:51:25+00:00","description":"Wij hebben een ruime keuze aan producten van L-Arginine, 700mg - 180 g\u00e9lules . Winkel bij Eco Supplements altijd gratis verzending boven 100\u20ac","breadcrumb":{"@id":"https:\/\/ecosupplements.be\/fr\/produit\/l-arginine-700mg-180-gelules\/#breadcrumb"},"inLanguage":"fr-FR","potentialAction":[{"@type":"ReadAction","target":["https:\/\/ecosupplements.be\/fr\/produit\/l-arginine-700mg-180-gelules\/"]}]},{"@type":"ImageObject","inLanguage":"fr-FR","@id":"https:\/\/ecosupplements.be\/fr\/produit\/l-arginine-700mg-180-gelules\/#primaryimage","url":"https:\/\/ecosupplements.be\/wp-content\/uploads\/2025\/08\/L-Arginine-700mg-180-vcaps.jpg","contentUrl":"https:\/\/ecosupplements.be\/wp-content\/uploads\/2025\/08\/L-Arginine-700mg-180-vcaps.jpg","width":338,"height":600},{"@type":"BreadcrumbList","@id":"https:\/\/ecosupplements.be\/fr\/produit\/l-arginine-700mg-180-gelules\/#breadcrumb","itemListElement":[{"@type":"ListItem","position":1,"name":"Home","item":"https:\/\/ecosupplements.be\/fr\/"},{"@type":"ListItem","position":2,"name":"Boutique","item":"https:\/\/ecosupplements.be\/fr\/boutique\/"},{"@type":"ListItem","position":3,"name":"L-Arginine, 700mg &#8211; 180 g\u00e9lules"}]},{"@type":"WebSite","@id":"https:\/\/ecosupplements.be\/fr\/#website","url":"https:\/\/ecosupplements.be\/fr\/","name":"ECO Supplements","description":"Eco Supplements - Gezonde supplementen","publisher":{"@id":"https:\/\/ecosupplements.be\/fr\/#organization"},"potentialAction":[{"@type":"SearchAction","target":{"@type":"EntryPoint","urlTemplate":"https:\/\/ecosupplements.be\/fr\/?s={search_term_string}"},"query-input":{"@type":"PropertyValueSpecification","valueRequired":true,"valueName":"search_term_string"}}],"inLanguage":"fr-FR"},{"@type":"Organization","@id":"https:\/\/ecosupplements.be\/fr\/#organization","name":"Eco Supplements","url":"https:\/\/ecosupplements.be\/fr\/","logo":{"@type":"ImageObject","inLanguage":"fr-FR","@id":"https:\/\/ecosupplements.be\/fr\/#\/schema\/logo\/image\/","url":"https:\/\/ecosupplements.be\/wp-content\/uploads\/2022\/06\/ecosupplement-family.png","contentUrl":"https:\/\/ecosupplements.be\/wp-content\/uploads\/2022\/06\/ecosupplement-family.png","width":593,"height":374,"caption":"Eco Supplements"},"image":{"@id":"https:\/\/ecosupplements.be\/fr\/#\/schema\/logo\/image\/"}}]},"product_brand":"NOW Foods","product_price_amount":"24.77","product_price_currency":"EUR","og_availability":"instock","product_availability":"instock","product_retailer_item_id":"733739000330","product_condition":"new"},"_links":{"self":[{"href":"https:\/\/ecosupplements.be\/fr\/wp-json\/wp\/v2\/product\/289078","targetHints":{"allow":["GET"]}}],"collection":[{"href":"https:\/\/ecosupplements.be\/fr\/wp-json\/wp\/v2\/product"}],"about":[{"href":"https:\/\/ecosupplements.be\/fr\/wp-json\/wp\/v2\/types\/product"}],"replies":[{"embeddable":true,"href":"https:\/\/ecosupplements.be\/fr\/wp-json\/wp\/v2\/comments?post=289078"}],"wp:featuredmedia":[{"embeddable":true,"href":"https:\/\/ecosupplements.be\/fr\/wp-json\/wp\/v2\/media\/260033"}],"wp:attachment":[{"href":"https:\/\/ecosupplements.be\/fr\/wp-json\/wp\/v2\/media?parent=289078"}],"wp:term":[{"taxonomy":"product_brand","embeddable":true,"href":"https:\/\/ecosupplements.be\/fr\/wp-json\/wp\/v2\/product_brand?post=289078"},{"taxonomy":"product_cat","embeddable":true,"href":"https:\/\/ecosupplements.be\/fr\/wp-json\/wp\/v2\/product_cat?post=289078"},{"taxonomy":"product_tag","embeddable":true,"href":"https:\/\/ecosupplements.be\/fr\/wp-json\/wp\/v2\/product_tag?post=289078"}],"curies":[{"name":"wp","href":"https:\/\/api.w.org\/{rel}","templated":true}]}}