{"id":289081,"date":"2024-03-09T13:31:17","date_gmt":"2024-03-09T12:31:17","guid":{"rendered":"https:\/\/ecosupplements.be\/product\/l-glutamine-500mg-120-gelules-vegetales\/"},"modified":"2025-08-27T14:51:28","modified_gmt":"2025-08-27T13:51:28","slug":"l-glutamine-500mg-120-gelules-vegetales","status":"publish","type":"product","link":"https:\/\/ecosupplements.be\/fr\/produit\/l-glutamine-500mg-120-gelules-vegetales\/","title":{"rendered":"L-Glutamine, 500mg &#8211; 120 g\u00e9lules v\u00e9g\u00e9tales"},"content":{"rendered":"<h1>L-Glutamine, 500mg &#8211; 120 vcaps<\/h1>\n<p>La L-Glutamine de NOW Foods est un compl\u00e9ment\u200b alimentaire de haute qualit\u00e9 qui \u2064fournit \u2064500mg de L-Glutamine pure par capsule \u2064v\u00e9g\u00e9tale. La\u200c L-Glutamine est un acide amin\u00e9 non essentiel qui joue \u2063un r\u00f4le important dans de nombreuses \u2063fonctions de l&#8217;organisme, notamment dans la sant\u00e9 digestive, le\u2063 syst\u00e8me immunitaire et la \u200dr\u00e9cup\u00e9ration musculaire.<\/p>\n<h2>Ingr\u00e9dients<\/h2>\n<ul>\n<li>L-Glutamine (500mg)<\/li>\n<li>Cellulose \u200c(capsule v\u00e9g\u00e9tale)<\/li>\n<li>St\u00e9arate de magn\u00e9sium (source v\u00e9g\u00e9tale)<\/li>\n<li>Silice<\/li>\n<\/ul>\n<p>Ce produit ne contient\u2063 pas de bl\u00e9,\u2064 de gluten, de soja, de\u200c lait, d&#8217;\u0153ufs,\u200b de poisson, \u2063de crustac\u00e9s ou de fruits \u00e0\u2062 coque. Il est \u2062\u00e9galement \u200csans OGM et convient aux v\u00e9g\u00e9tariens et aux v\u00e9g\u00e9taliens.<\/p>\n<h2>Avantages\u200d uniques<\/h2>\n<p>La L-Glutamine de NOW Foods\u2063 est fabriqu\u00e9e \u00e0 partir\u2063 d&#8217;ingr\u00e9dients de haute qualit\u00e9 et est test\u00e9e en laboratoire pour garantir sa \u2064puret\u00e9 et \u200csa\u2064 s\u00e9curit\u00e9. Elle est \u00e9galement formul\u00e9e sans ingr\u00e9dients artificiels, ce qui \u2063en fait un choix id\u00e9al pour \u200bceux qui cherchent \u200b\u00e0 \u00e9viter les additifs\u2062 et \u2063les conservateurs.<\/p>\n<p>Ce compl\u00e9ment alimentaire est \u00e9galement facile \u00e0 prendre, \u200bavec une dose recommand\u00e9e de 1 \u00e0 3 capsules par jour, de pr\u00e9f\u00e9rence entre les repas. \u200cIl\u2063 est\u200b \u00e9galement sans danger pour une \u200dutilisation \u00e0 long terme.<\/p>\n<h2>Caract\u00e9ristiques principales<\/h2>\n<ul>\n<li>500mg de L-Glutamine pure\u2062 par capsule v\u00e9g\u00e9tale<\/li>\n<li>Convient \u2063aux \u2062v\u00e9g\u00e9tariens et aux\u2063 v\u00e9g\u00e9taliens<\/li>\n<li>Sans OGM<\/li>\n<li>Test\u00e9 en laboratoire pour garantir\u200d la \u200dpuret\u00e9 et la s\u00e9curit\u00e9<\/li>\n<li>Facile \u00e0 prendre<\/li>\n<li>Sans ingr\u00e9dients artificiels<\/li>\n<\/ul>\n<p>En r\u00e9sum\u00e9, la L-Glutamine de NOW Foods est un compl\u00e9ment alimentaire de haute qualit\u00e9 qui peut aider \u00e0 soutenir \u200bla sant\u00e9 digestive, le syst\u00e8me immunitaire\u200b et la r\u00e9cup\u00e9ration musculaire. Avec ses \u200dingr\u00e9dients \u200cde qualit\u00e9 \u2063et ses avantages\u200c uniques, c&#8217;est un choix id\u00e9al pour ceux qui cherchent \u00e0 am\u00e9liorer leur \u200bbien-\u00eatre g\u00e9n\u00e9ral.<\/p>\n","protected":false},"excerpt":{"rendered":"<p>L-Glutamine, 500mg &#8211; 120 vcaps La L-Glutamine de NOW Foods est un compl\u00e9ment\u200b alimentaire de haute qualit\u00e9 qui \u2064fournit \u2064500mg de L-Glutamine pure par capsule \u2064v\u00e9g\u00e9tale. La\u200c L-Glutamine est un acide amin\u00e9 non essentiel qui joue \u2063un r\u00f4le important dans de nombreuses \u2063fonctions de l&#8217;organisme, notamment dans la sant\u00e9 digestive, le\u2063 syst\u00e8me immunitaire et la [&#8230;]\n","protected":false},"featured_media":264641,"comment_status":"open","ping_status":"open","template":"","meta":[],"product_brand":[4733,4734],"product_cat":[5067,5048,5173,5052,5053],"product_tag":[],"class_list":{"0":"post-289081","1":"product","2":"type-product","3":"status-publish","4":"has-post-thumbnail","6":"product_brand-now-foods-2","7":"product_brand-nownow-foods-2","8":"product_cat-acides-amines-et-bcaa","9":"product_cat-aptitude","10":"product_cat-l-glutamine-glutamine-aptitude","11":"product_cat-sante-et-bien-etre","12":"product_cat-vitamines-et-mineraux","14":"first","15":"instock","16":"taxable","17":"shipping-taxable","18":"purchasable","19":"product-type-simple"},"yoast_head":"<!-- This site is optimized with the Yoast SEO Premium plugin v27.3 (Yoast SEO v27.3) - https:\/\/yoast.com\/product\/yoast-seo-premium-wordpress\/ -->\n<title>L-Glutamine, 500mg - 120 g\u00e9lules v\u00e9g\u00e9tales - ECO Supplements<\/title>\n<meta name=\"description\" content=\"Wij hebben een ruime keuze aan producten van L-Glutamine, 500mg - 120 g\u00e9lules v\u00e9g\u00e9tales . Winkel bij Eco Supplements altijd gratis verzending boven 100\u20ac\" \/>\n<meta name=\"robots\" content=\"index, follow, max-snippet:-1, max-image-preview:large, max-video-preview:-1\" \/>\n<link rel=\"canonical\" href=\"https:\/\/ecosupplements.be\/fr\/produit\/l-glutamine-500mg-120-gelules-vegetales\/\" \/>\n<meta property=\"og:locale\" content=\"fr_FR\" \/>\n<meta property=\"og:type\" content=\"article\" \/>\n<meta property=\"og:title\" content=\"L-Glutamine, 500mg - 120 g\u00e9lules v\u00e9g\u00e9tales\" \/>\n<meta property=\"og:description\" content=\"Wij hebben een ruime keuze aan producten van L-Glutamine, 500mg - 120 g\u00e9lules v\u00e9g\u00e9tales . Winkel bij Eco Supplements altijd gratis verzending boven 100\u20ac\" \/>\n<meta property=\"og:url\" content=\"https:\/\/ecosupplements.be\/fr\/produit\/l-glutamine-500mg-120-gelules-vegetales\/\" \/>\n<meta property=\"og:site_name\" content=\"ECO Supplements\" \/>\n<meta property=\"article:modified_time\" content=\"2025-08-27T13:51:28+00:00\" \/>\n<meta property=\"og:image\" content=\"https:\/\/ecosupplements.be\/wp-content\/uploads\/2025\/08\/L-Glutamine-500mg-120-vcaps-1.jpg\" \/>\n\t<meta property=\"og:image:width\" content=\"338\" \/>\n\t<meta property=\"og:image:height\" content=\"600\" \/>\n\t<meta property=\"og:image:type\" content=\"image\/jpeg\" \/>\n<meta name=\"twitter:card\" content=\"summary_large_image\" \/>\n<meta name=\"twitter:label1\" content=\"Prix\" \/>\n\t<meta name=\"twitter:data1\" content=\"13.36&nbsp;&euro;\" \/>\n\t<meta name=\"twitter:label2\" content=\"Disponibilit\u00e9\" \/>\n\t<meta name=\"twitter:data2\" content=\"En stock\" \/>\n<script type=\"application\/ld+json\" class=\"yoast-schema-graph\">{\"@context\":\"https:\\\/\\\/schema.org\",\"@graph\":[{\"@type\":[\"WebPage\",\"ItemPage\"],\"@id\":\"https:\\\/\\\/ecosupplements.be\\\/fr\\\/produit\\\/l-glutamine-500mg-120-gelules-vegetales\\\/\",\"url\":\"https:\\\/\\\/ecosupplements.be\\\/fr\\\/produit\\\/l-glutamine-500mg-120-gelules-vegetales\\\/\",\"name\":\"L-Glutamine, 500mg - 120 g\u00e9lules v\u00e9g\u00e9tales - ECO Supplements\",\"isPartOf\":{\"@id\":\"https:\\\/\\\/ecosupplements.be\\\/fr\\\/#website\"},\"primaryImageOfPage\":{\"@id\":\"https:\\\/\\\/ecosupplements.be\\\/fr\\\/produit\\\/l-glutamine-500mg-120-gelules-vegetales\\\/#primaryimage\"},\"image\":{\"@id\":\"https:\\\/\\\/ecosupplements.be\\\/fr\\\/produit\\\/l-glutamine-500mg-120-gelules-vegetales\\\/#primaryimage\"},\"thumbnailUrl\":\"https:\\\/\\\/ecosupplements.be\\\/wp-content\\\/uploads\\\/2025\\\/08\\\/L-Glutamine-500mg-120-vcaps.jpg\",\"datePublished\":\"2024-03-09T12:31:17+00:00\",\"dateModified\":\"2025-08-27T13:51:28+00:00\",\"description\":\"Wij hebben een ruime keuze aan producten van L-Glutamine, 500mg - 120 g\u00e9lules v\u00e9g\u00e9tales . Winkel bij Eco Supplements altijd gratis verzending boven 100\u20ac\",\"breadcrumb\":{\"@id\":\"https:\\\/\\\/ecosupplements.be\\\/fr\\\/produit\\\/l-glutamine-500mg-120-gelules-vegetales\\\/#breadcrumb\"},\"inLanguage\":\"fr-FR\",\"potentialAction\":[{\"@type\":\"ReadAction\",\"target\":[\"https:\\\/\\\/ecosupplements.be\\\/fr\\\/produit\\\/l-glutamine-500mg-120-gelules-vegetales\\\/\"]}]},{\"@type\":\"ImageObject\",\"inLanguage\":\"fr-FR\",\"@id\":\"https:\\\/\\\/ecosupplements.be\\\/fr\\\/produit\\\/l-glutamine-500mg-120-gelules-vegetales\\\/#primaryimage\",\"url\":\"https:\\\/\\\/ecosupplements.be\\\/wp-content\\\/uploads\\\/2025\\\/08\\\/L-Glutamine-500mg-120-vcaps.jpg\",\"contentUrl\":\"https:\\\/\\\/ecosupplements.be\\\/wp-content\\\/uploads\\\/2025\\\/08\\\/L-Glutamine-500mg-120-vcaps.jpg\",\"width\":338,\"height\":600},{\"@type\":\"BreadcrumbList\",\"@id\":\"https:\\\/\\\/ecosupplements.be\\\/fr\\\/produit\\\/l-glutamine-500mg-120-gelules-vegetales\\\/#breadcrumb\",\"itemListElement\":[{\"@type\":\"ListItem\",\"position\":1,\"name\":\"Home\",\"item\":\"https:\\\/\\\/ecosupplements.be\\\/fr\\\/\"},{\"@type\":\"ListItem\",\"position\":2,\"name\":\"Boutique\",\"item\":\"https:\\\/\\\/ecosupplements.be\\\/fr\\\/boutique\\\/\"},{\"@type\":\"ListItem\",\"position\":3,\"name\":\"L-Glutamine, 500mg &#8211; 120 g\u00e9lules v\u00e9g\u00e9tales\"}]},{\"@type\":\"WebSite\",\"@id\":\"https:\\\/\\\/ecosupplements.be\\\/fr\\\/#website\",\"url\":\"https:\\\/\\\/ecosupplements.be\\\/fr\\\/\",\"name\":\"ECO Supplements\",\"description\":\"Eco Supplements - Gezonde supplementen\",\"publisher\":{\"@id\":\"https:\\\/\\\/ecosupplements.be\\\/fr\\\/#organization\"},\"potentialAction\":[{\"@type\":\"SearchAction\",\"target\":{\"@type\":\"EntryPoint\",\"urlTemplate\":\"https:\\\/\\\/ecosupplements.be\\\/fr\\\/?s={search_term_string}\"},\"query-input\":{\"@type\":\"PropertyValueSpecification\",\"valueRequired\":true,\"valueName\":\"search_term_string\"}}],\"inLanguage\":\"fr-FR\"},{\"@type\":\"Organization\",\"@id\":\"https:\\\/\\\/ecosupplements.be\\\/fr\\\/#organization\",\"name\":\"Eco Supplements\",\"url\":\"https:\\\/\\\/ecosupplements.be\\\/fr\\\/\",\"logo\":{\"@type\":\"ImageObject\",\"inLanguage\":\"fr-FR\",\"@id\":\"https:\\\/\\\/ecosupplements.be\\\/fr\\\/#\\\/schema\\\/logo\\\/image\\\/\",\"url\":\"https:\\\/\\\/ecosupplements.be\\\/wp-content\\\/uploads\\\/2022\\\/06\\\/ecosupplement-family.png\",\"contentUrl\":\"https:\\\/\\\/ecosupplements.be\\\/wp-content\\\/uploads\\\/2022\\\/06\\\/ecosupplement-family.png\",\"width\":593,\"height\":374,\"caption\":\"Eco Supplements\"},\"image\":{\"@id\":\"https:\\\/\\\/ecosupplements.be\\\/fr\\\/#\\\/schema\\\/logo\\\/image\\\/\"}}]}<\/script>\n<meta property=\"product:brand\" content=\"NOW Foods\" \/>\n<meta property=\"product:price:amount\" content=\"13.36\" \/>\n<meta property=\"product:price:currency\" content=\"EUR\" \/>\n<meta property=\"og:availability\" content=\"instock\" \/>\n<meta property=\"product:availability\" content=\"instock\" \/>\n<meta property=\"product:retailer_item_id\" content=\"733739000927\" \/>\n<meta property=\"product:condition\" content=\"new\" \/>\n<!-- \/ Yoast SEO Premium plugin. -->","yoast_head_json":{"title":"L-Glutamine, 500mg - 120 g\u00e9lules v\u00e9g\u00e9tales - ECO Supplements","description":"Wij hebben een ruime keuze aan producten van L-Glutamine, 500mg - 120 g\u00e9lules v\u00e9g\u00e9tales . Winkel bij Eco Supplements altijd gratis verzending boven 100\u20ac","robots":{"index":"index","follow":"follow","max-snippet":"max-snippet:-1","max-image-preview":"max-image-preview:large","max-video-preview":"max-video-preview:-1"},"canonical":"https:\/\/ecosupplements.be\/fr\/produit\/l-glutamine-500mg-120-gelules-vegetales\/","og_locale":"fr_FR","og_type":"article","og_title":"L-Glutamine, 500mg - 120 g\u00e9lules v\u00e9g\u00e9tales","og_description":"Wij hebben een ruime keuze aan producten van L-Glutamine, 500mg - 120 g\u00e9lules v\u00e9g\u00e9tales . Winkel bij Eco Supplements altijd gratis verzending boven 100\u20ac","og_url":"https:\/\/ecosupplements.be\/fr\/produit\/l-glutamine-500mg-120-gelules-vegetales\/","og_site_name":"ECO Supplements","article_modified_time":"2025-08-27T13:51:28+00:00","og_image":[{"width":338,"height":600,"url":"https:\/\/ecosupplements.be\/wp-content\/uploads\/2025\/08\/L-Glutamine-500mg-120-vcaps-1.jpg","type":"image\/jpeg"}],"twitter_card":"summary_large_image","twitter_misc":{"Prix":"13.36&nbsp;&euro;","Disponibilit\u00e9":"En stock"},"schema":{"@context":"https:\/\/schema.org","@graph":[{"@type":["WebPage","ItemPage"],"@id":"https:\/\/ecosupplements.be\/fr\/produit\/l-glutamine-500mg-120-gelules-vegetales\/","url":"https:\/\/ecosupplements.be\/fr\/produit\/l-glutamine-500mg-120-gelules-vegetales\/","name":"L-Glutamine, 500mg - 120 g\u00e9lules v\u00e9g\u00e9tales - ECO Supplements","isPartOf":{"@id":"https:\/\/ecosupplements.be\/fr\/#website"},"primaryImageOfPage":{"@id":"https:\/\/ecosupplements.be\/fr\/produit\/l-glutamine-500mg-120-gelules-vegetales\/#primaryimage"},"image":{"@id":"https:\/\/ecosupplements.be\/fr\/produit\/l-glutamine-500mg-120-gelules-vegetales\/#primaryimage"},"thumbnailUrl":"https:\/\/ecosupplements.be\/wp-content\/uploads\/2025\/08\/L-Glutamine-500mg-120-vcaps.jpg","datePublished":"2024-03-09T12:31:17+00:00","dateModified":"2025-08-27T13:51:28+00:00","description":"Wij hebben een ruime keuze aan producten van L-Glutamine, 500mg - 120 g\u00e9lules v\u00e9g\u00e9tales . Winkel bij Eco Supplements altijd gratis verzending boven 100\u20ac","breadcrumb":{"@id":"https:\/\/ecosupplements.be\/fr\/produit\/l-glutamine-500mg-120-gelules-vegetales\/#breadcrumb"},"inLanguage":"fr-FR","potentialAction":[{"@type":"ReadAction","target":["https:\/\/ecosupplements.be\/fr\/produit\/l-glutamine-500mg-120-gelules-vegetales\/"]}]},{"@type":"ImageObject","inLanguage":"fr-FR","@id":"https:\/\/ecosupplements.be\/fr\/produit\/l-glutamine-500mg-120-gelules-vegetales\/#primaryimage","url":"https:\/\/ecosupplements.be\/wp-content\/uploads\/2025\/08\/L-Glutamine-500mg-120-vcaps.jpg","contentUrl":"https:\/\/ecosupplements.be\/wp-content\/uploads\/2025\/08\/L-Glutamine-500mg-120-vcaps.jpg","width":338,"height":600},{"@type":"BreadcrumbList","@id":"https:\/\/ecosupplements.be\/fr\/produit\/l-glutamine-500mg-120-gelules-vegetales\/#breadcrumb","itemListElement":[{"@type":"ListItem","position":1,"name":"Home","item":"https:\/\/ecosupplements.be\/fr\/"},{"@type":"ListItem","position":2,"name":"Boutique","item":"https:\/\/ecosupplements.be\/fr\/boutique\/"},{"@type":"ListItem","position":3,"name":"L-Glutamine, 500mg &#8211; 120 g\u00e9lules v\u00e9g\u00e9tales"}]},{"@type":"WebSite","@id":"https:\/\/ecosupplements.be\/fr\/#website","url":"https:\/\/ecosupplements.be\/fr\/","name":"ECO Supplements","description":"Eco Supplements - Gezonde supplementen","publisher":{"@id":"https:\/\/ecosupplements.be\/fr\/#organization"},"potentialAction":[{"@type":"SearchAction","target":{"@type":"EntryPoint","urlTemplate":"https:\/\/ecosupplements.be\/fr\/?s={search_term_string}"},"query-input":{"@type":"PropertyValueSpecification","valueRequired":true,"valueName":"search_term_string"}}],"inLanguage":"fr-FR"},{"@type":"Organization","@id":"https:\/\/ecosupplements.be\/fr\/#organization","name":"Eco Supplements","url":"https:\/\/ecosupplements.be\/fr\/","logo":{"@type":"ImageObject","inLanguage":"fr-FR","@id":"https:\/\/ecosupplements.be\/fr\/#\/schema\/logo\/image\/","url":"https:\/\/ecosupplements.be\/wp-content\/uploads\/2022\/06\/ecosupplement-family.png","contentUrl":"https:\/\/ecosupplements.be\/wp-content\/uploads\/2022\/06\/ecosupplement-family.png","width":593,"height":374,"caption":"Eco Supplements"},"image":{"@id":"https:\/\/ecosupplements.be\/fr\/#\/schema\/logo\/image\/"}}]},"product_brand":"NOW Foods","product_price_amount":"13.36","product_price_currency":"EUR","og_availability":"instock","product_availability":"instock","product_retailer_item_id":"733739000927","product_condition":"new"},"_links":{"self":[{"href":"https:\/\/ecosupplements.be\/fr\/wp-json\/wp\/v2\/product\/289081","targetHints":{"allow":["GET"]}}],"collection":[{"href":"https:\/\/ecosupplements.be\/fr\/wp-json\/wp\/v2\/product"}],"about":[{"href":"https:\/\/ecosupplements.be\/fr\/wp-json\/wp\/v2\/types\/product"}],"replies":[{"embeddable":true,"href":"https:\/\/ecosupplements.be\/fr\/wp-json\/wp\/v2\/comments?post=289081"}],"wp:featuredmedia":[{"embeddable":true,"href":"https:\/\/ecosupplements.be\/fr\/wp-json\/wp\/v2\/media\/264641"}],"wp:attachment":[{"href":"https:\/\/ecosupplements.be\/fr\/wp-json\/wp\/v2\/media?parent=289081"}],"wp:term":[{"taxonomy":"product_brand","embeddable":true,"href":"https:\/\/ecosupplements.be\/fr\/wp-json\/wp\/v2\/product_brand?post=289081"},{"taxonomy":"product_cat","embeddable":true,"href":"https:\/\/ecosupplements.be\/fr\/wp-json\/wp\/v2\/product_cat?post=289081"},{"taxonomy":"product_tag","embeddable":true,"href":"https:\/\/ecosupplements.be\/fr\/wp-json\/wp\/v2\/product_tag?post=289081"}],"curies":[{"name":"wp","href":"https:\/\/api.w.org\/{rel}","templated":true}]}}