{"id":289084,"date":"2022-08-04T07:45:17","date_gmt":"2022-08-04T06:45:17","guid":{"rendered":"https:\/\/ecosupplements.be\/product\/l-tyrosine-force-superieure-750mg-90-gelules\/"},"modified":"2025-08-27T14:51:31","modified_gmt":"2025-08-27T13:51:31","slug":"l-tyrosine-force-superieure-750mg-90-gelules","status":"publish","type":"product","link":"https:\/\/ecosupplements.be\/fr\/produit\/l-tyrosine-force-superieure-750mg-90-gelules\/","title":{"rendered":"L-Tyrosine, Force Sup\u00e9rieure 750mg &#8211; 90 g\u00e9lules"},"content":{"rendered":"<h1>L-Tyrosine, Extra Strength 750mg &#8211; 90 vcaps<\/h1>\n<p>La L-Tyrosine est un acide amin\u00e9 essentiel qui joue\u2064 un\u2062 r\u00f4le important dans la \u2063production de neurotransmetteurs tels que la dopamine, \u200dl&#8217;adr\u00e9naline et la noradr\u00e9naline. Ces neurotransmetteurs sont essentiels pour la communication entre\u2064 les cellules nerveuses et jouent un\u2064 r\u00f4le crucial \u2064dans \u2062la r\u00e9gulation de l&#8217;humeur, du stress et de la concentration.<\/p>\n<p>La formule Extra Strength 750mg de NOW Foods offre une dose puissante de L-Tyrosine pour soutenir la sant\u00e9 mentale\u200d et \u00e9motionnelle. Chaque g\u00e9lule v\u00e9g\u00e9tarienne contient 750mg de L-Tyrosine pure, sans additifs \u200dni ingr\u00e9dients artificiels.<\/p>\n<h2>Ingr\u00e9dients cl\u00e9s<\/h2>\n<ul>\n<li>L-Tyrosine: un acide amin\u00e9 essentiel\u200c qui joue un r\u00f4le important\u200d dans la production de neurotransmetteurs.<\/li>\n<li>G\u00e9lules v\u00e9g\u00e9tariennes: convient aux v\u00e9g\u00e9tariens \u200bet v\u00e9g\u00e9taliens.<\/li>\n<\/ul>\n<h2>Avantages uniques<\/h2>\n<ul>\n<li>Formule Extra Strength: chaque g\u00e9lule contient 750mg de L-Tyrosine, offrant une dose puissante pour soutenir la sant\u00e9 mentale\u2063 et \u00e9motionnelle.<\/li>\n<li>Soutient la sant\u00e9 mentale et \u00e9motionnelle: la L-Tyrosine \u2064est essentielle pour la production de \u2062neurotransmetteurs \u2063impliqu\u00e9s dans la \u200cr\u00e9gulation de l&#8217;humeur, du stress \u2063et de la concentration.<\/li>\n<li>Qualit\u00e9\u2062 sup\u00e9rieure: fabriqu\u00e9 aux \u00c9tats-Unis dans une installation\u2064 certifi\u00e9e \u2064GMP,\u2063 ce produit est test\u00e9 en laboratoire pour\u200d garantir\u200d sa puret\u00e9 et sa puissance.<\/li>\n<\/ul>\n<h2>Conseils d&#8217;utilisation<\/h2>\n<p>Prenez 1 g\u00e9lule v\u00e9g\u00e9tarienne 1 \u00e0 3 fois \u200cpar jour, de pr\u00e9f\u00e9rence \u00e0 jeun.\u200c Pour de meilleurs r\u00e9sultats, utilisez en combinaison avec une alimentation \u200d\u00e9quilibr\u00e9e et \u200dun \u2063mode de vie sain.<\/p>\n<p>Ne pas d\u00e9passer la dose recommand\u00e9e. Consultez votre m\u00e9decin avant d&#8217;utiliser \u200cce\u2063 produit si vous \u00eates enceinte, allaitez, prenez des m\u00e9dicaments ou \u200dsi vous \u200davez\u2062 des probl\u00e8mes de sant\u00e9. Tenir hors de port\u00e9e des enfants.<\/p>\n<p>Donnez \u2062\u00e0\u2063 votre corps et \u2064\u00e0 votre esprit le soutien dont ils ont besoin avec la L-Tyrosine Extra Strength 750mg de NOW \u2064Foods. Commandez\u200b d\u00e8s maintenant et ressentez \u2064la diff\u00e9rence !<\/p>\n","protected":false},"excerpt":{"rendered":"<p>L-Tyrosine, Extra Strength 750mg &#8211; 90 vcaps La L-Tyrosine est un acide amin\u00e9 essentiel qui joue\u2064 un\u2062 r\u00f4le important dans la \u2063production de neurotransmetteurs tels que la dopamine, \u200dl&#8217;adr\u00e9naline et la noradr\u00e9naline. Ces neurotransmetteurs sont essentiels pour la communication entre\u2064 les cellules nerveuses et jouent un\u2064 r\u00f4le crucial \u2064dans \u2062la r\u00e9gulation de l&#8217;humeur, du stress [&#8230;]\n","protected":false},"featured_media":260036,"comment_status":"open","ping_status":"open","template":"","meta":[],"product_brand":[4733,4734],"product_cat":[5067,5112,5053],"product_tag":[],"class_list":{"0":"post-289084","1":"product","2":"type-product","3":"status-publish","4":"has-post-thumbnail","6":"product_brand-now-foods-2","7":"product_brand-nownow-foods-2","8":"product_cat-acides-amines-et-bcaa","9":"product_cat-acides-amines-individuels","10":"product_cat-vitamines-et-mineraux","12":"first","13":"instock","14":"taxable","15":"shipping-taxable","16":"purchasable","17":"product-type-simple"},"yoast_head":"<!-- This site is optimized with the Yoast SEO Premium plugin v27.3 (Yoast SEO v27.3) - https:\/\/yoast.com\/product\/yoast-seo-premium-wordpress\/ -->\n<title>L-Tyrosine, Force Sup\u00e9rieure 750mg - 90 g\u00e9lules - ECO Supplements<\/title>\n<meta name=\"description\" content=\"Wij hebben een ruime keuze aan producten van L-Tyrosine, Force Sup\u00e9rieure 750mg - 90 g\u00e9lules . Winkel bij Eco Supplements altijd gratis verzending boven 100\u20ac\" \/>\n<meta name=\"robots\" content=\"index, follow, max-snippet:-1, max-image-preview:large, max-video-preview:-1\" \/>\n<link rel=\"canonical\" href=\"https:\/\/ecosupplements.be\/fr\/produit\/l-tyrosine-force-superieure-750mg-90-gelules\/\" \/>\n<meta property=\"og:locale\" content=\"fr_FR\" \/>\n<meta property=\"og:type\" content=\"article\" \/>\n<meta property=\"og:title\" content=\"L-Tyrosine, Force Sup\u00e9rieure 750mg - 90 g\u00e9lules\" \/>\n<meta property=\"og:description\" content=\"Wij hebben een ruime keuze aan producten van L-Tyrosine, Force Sup\u00e9rieure 750mg - 90 g\u00e9lules . Winkel bij Eco Supplements altijd gratis verzending boven 100\u20ac\" \/>\n<meta property=\"og:url\" content=\"https:\/\/ecosupplements.be\/fr\/produit\/l-tyrosine-force-superieure-750mg-90-gelules\/\" \/>\n<meta property=\"og:site_name\" content=\"ECO Supplements\" \/>\n<meta property=\"article:modified_time\" content=\"2025-08-27T13:51:31+00:00\" \/>\n<meta property=\"og:image\" content=\"https:\/\/ecosupplements.be\/wp-content\/uploads\/2025\/08\/L-Tyrosine-Extra-Strength-750mg-90-vcaps-1.jpg\" \/>\n\t<meta property=\"og:image:width\" content=\"338\" \/>\n\t<meta property=\"og:image:height\" content=\"600\" \/>\n\t<meta property=\"og:image:type\" content=\"image\/jpeg\" \/>\n<meta name=\"twitter:card\" content=\"summary_large_image\" \/>\n<meta name=\"twitter:label1\" content=\"Prix\" \/>\n\t<meta name=\"twitter:data1\" content=\"18.50&nbsp;&euro;\" \/>\n\t<meta name=\"twitter:label2\" content=\"Disponibilit\u00e9\" \/>\n\t<meta name=\"twitter:data2\" content=\"En stock\" \/>\n<script type=\"application\/ld+json\" class=\"yoast-schema-graph\">{\"@context\":\"https:\\\/\\\/schema.org\",\"@graph\":[{\"@type\":[\"WebPage\",\"ItemPage\"],\"@id\":\"https:\\\/\\\/ecosupplements.be\\\/fr\\\/produit\\\/l-tyrosine-force-superieure-750mg-90-gelules\\\/\",\"url\":\"https:\\\/\\\/ecosupplements.be\\\/fr\\\/produit\\\/l-tyrosine-force-superieure-750mg-90-gelules\\\/\",\"name\":\"L-Tyrosine, Force Sup\u00e9rieure 750mg - 90 g\u00e9lules - ECO Supplements\",\"isPartOf\":{\"@id\":\"https:\\\/\\\/ecosupplements.be\\\/fr\\\/#website\"},\"primaryImageOfPage\":{\"@id\":\"https:\\\/\\\/ecosupplements.be\\\/fr\\\/produit\\\/l-tyrosine-force-superieure-750mg-90-gelules\\\/#primaryimage\"},\"image\":{\"@id\":\"https:\\\/\\\/ecosupplements.be\\\/fr\\\/produit\\\/l-tyrosine-force-superieure-750mg-90-gelules\\\/#primaryimage\"},\"thumbnailUrl\":\"https:\\\/\\\/ecosupplements.be\\\/wp-content\\\/uploads\\\/2025\\\/08\\\/L-Tyrosine-Extra-Strength-750mg-90-vcaps.jpg\",\"datePublished\":\"2022-08-04T06:45:17+00:00\",\"dateModified\":\"2025-08-27T13:51:31+00:00\",\"description\":\"Wij hebben een ruime keuze aan producten van L-Tyrosine, Force Sup\u00e9rieure 750mg - 90 g\u00e9lules . Winkel bij Eco Supplements altijd gratis verzending boven 100\u20ac\",\"breadcrumb\":{\"@id\":\"https:\\\/\\\/ecosupplements.be\\\/fr\\\/produit\\\/l-tyrosine-force-superieure-750mg-90-gelules\\\/#breadcrumb\"},\"inLanguage\":\"fr-FR\",\"potentialAction\":[{\"@type\":\"ReadAction\",\"target\":[\"https:\\\/\\\/ecosupplements.be\\\/fr\\\/produit\\\/l-tyrosine-force-superieure-750mg-90-gelules\\\/\"]}]},{\"@type\":\"ImageObject\",\"inLanguage\":\"fr-FR\",\"@id\":\"https:\\\/\\\/ecosupplements.be\\\/fr\\\/produit\\\/l-tyrosine-force-superieure-750mg-90-gelules\\\/#primaryimage\",\"url\":\"https:\\\/\\\/ecosupplements.be\\\/wp-content\\\/uploads\\\/2025\\\/08\\\/L-Tyrosine-Extra-Strength-750mg-90-vcaps.jpg\",\"contentUrl\":\"https:\\\/\\\/ecosupplements.be\\\/wp-content\\\/uploads\\\/2025\\\/08\\\/L-Tyrosine-Extra-Strength-750mg-90-vcaps.jpg\",\"width\":338,\"height\":600},{\"@type\":\"BreadcrumbList\",\"@id\":\"https:\\\/\\\/ecosupplements.be\\\/fr\\\/produit\\\/l-tyrosine-force-superieure-750mg-90-gelules\\\/#breadcrumb\",\"itemListElement\":[{\"@type\":\"ListItem\",\"position\":1,\"name\":\"Home\",\"item\":\"https:\\\/\\\/ecosupplements.be\\\/fr\\\/\"},{\"@type\":\"ListItem\",\"position\":2,\"name\":\"Boutique\",\"item\":\"https:\\\/\\\/ecosupplements.be\\\/fr\\\/boutique\\\/\"},{\"@type\":\"ListItem\",\"position\":3,\"name\":\"L-Tyrosine, Force Sup\u00e9rieure 750mg &#8211; 90 g\u00e9lules\"}]},{\"@type\":\"WebSite\",\"@id\":\"https:\\\/\\\/ecosupplements.be\\\/fr\\\/#website\",\"url\":\"https:\\\/\\\/ecosupplements.be\\\/fr\\\/\",\"name\":\"ECO Supplements\",\"description\":\"Eco Supplements - Gezonde supplementen\",\"publisher\":{\"@id\":\"https:\\\/\\\/ecosupplements.be\\\/fr\\\/#organization\"},\"potentialAction\":[{\"@type\":\"SearchAction\",\"target\":{\"@type\":\"EntryPoint\",\"urlTemplate\":\"https:\\\/\\\/ecosupplements.be\\\/fr\\\/?s={search_term_string}\"},\"query-input\":{\"@type\":\"PropertyValueSpecification\",\"valueRequired\":true,\"valueName\":\"search_term_string\"}}],\"inLanguage\":\"fr-FR\"},{\"@type\":\"Organization\",\"@id\":\"https:\\\/\\\/ecosupplements.be\\\/fr\\\/#organization\",\"name\":\"Eco Supplements\",\"url\":\"https:\\\/\\\/ecosupplements.be\\\/fr\\\/\",\"logo\":{\"@type\":\"ImageObject\",\"inLanguage\":\"fr-FR\",\"@id\":\"https:\\\/\\\/ecosupplements.be\\\/fr\\\/#\\\/schema\\\/logo\\\/image\\\/\",\"url\":\"https:\\\/\\\/ecosupplements.be\\\/wp-content\\\/uploads\\\/2022\\\/06\\\/ecosupplement-family.png\",\"contentUrl\":\"https:\\\/\\\/ecosupplements.be\\\/wp-content\\\/uploads\\\/2022\\\/06\\\/ecosupplement-family.png\",\"width\":593,\"height\":374,\"caption\":\"Eco Supplements\"},\"image\":{\"@id\":\"https:\\\/\\\/ecosupplements.be\\\/fr\\\/#\\\/schema\\\/logo\\\/image\\\/\"}}]}<\/script>\n<meta property=\"product:brand\" content=\"NOW Foods\" \/>\n<meta property=\"product:price:amount\" content=\"18.50\" \/>\n<meta property=\"product:price:currency\" content=\"EUR\" \/>\n<meta property=\"og:availability\" content=\"instock\" \/>\n<meta property=\"product:availability\" content=\"instock\" \/>\n<meta property=\"product:retailer_item_id\" content=\"733739001658\" \/>\n<meta property=\"product:condition\" content=\"new\" \/>\n<!-- \/ Yoast SEO Premium plugin. -->","yoast_head_json":{"title":"L-Tyrosine, Force Sup\u00e9rieure 750mg - 90 g\u00e9lules - ECO Supplements","description":"Wij hebben een ruime keuze aan producten van L-Tyrosine, Force Sup\u00e9rieure 750mg - 90 g\u00e9lules . Winkel bij Eco Supplements altijd gratis verzending boven 100\u20ac","robots":{"index":"index","follow":"follow","max-snippet":"max-snippet:-1","max-image-preview":"max-image-preview:large","max-video-preview":"max-video-preview:-1"},"canonical":"https:\/\/ecosupplements.be\/fr\/produit\/l-tyrosine-force-superieure-750mg-90-gelules\/","og_locale":"fr_FR","og_type":"article","og_title":"L-Tyrosine, Force Sup\u00e9rieure 750mg - 90 g\u00e9lules","og_description":"Wij hebben een ruime keuze aan producten van L-Tyrosine, Force Sup\u00e9rieure 750mg - 90 g\u00e9lules . Winkel bij Eco Supplements altijd gratis verzending boven 100\u20ac","og_url":"https:\/\/ecosupplements.be\/fr\/produit\/l-tyrosine-force-superieure-750mg-90-gelules\/","og_site_name":"ECO Supplements","article_modified_time":"2025-08-27T13:51:31+00:00","og_image":[{"width":338,"height":600,"url":"https:\/\/ecosupplements.be\/wp-content\/uploads\/2025\/08\/L-Tyrosine-Extra-Strength-750mg-90-vcaps-1.jpg","type":"image\/jpeg"}],"twitter_card":"summary_large_image","twitter_misc":{"Prix":"18.50&nbsp;&euro;","Disponibilit\u00e9":"En stock"},"schema":{"@context":"https:\/\/schema.org","@graph":[{"@type":["WebPage","ItemPage"],"@id":"https:\/\/ecosupplements.be\/fr\/produit\/l-tyrosine-force-superieure-750mg-90-gelules\/","url":"https:\/\/ecosupplements.be\/fr\/produit\/l-tyrosine-force-superieure-750mg-90-gelules\/","name":"L-Tyrosine, Force Sup\u00e9rieure 750mg - 90 g\u00e9lules - ECO Supplements","isPartOf":{"@id":"https:\/\/ecosupplements.be\/fr\/#website"},"primaryImageOfPage":{"@id":"https:\/\/ecosupplements.be\/fr\/produit\/l-tyrosine-force-superieure-750mg-90-gelules\/#primaryimage"},"image":{"@id":"https:\/\/ecosupplements.be\/fr\/produit\/l-tyrosine-force-superieure-750mg-90-gelules\/#primaryimage"},"thumbnailUrl":"https:\/\/ecosupplements.be\/wp-content\/uploads\/2025\/08\/L-Tyrosine-Extra-Strength-750mg-90-vcaps.jpg","datePublished":"2022-08-04T06:45:17+00:00","dateModified":"2025-08-27T13:51:31+00:00","description":"Wij hebben een ruime keuze aan producten van L-Tyrosine, Force Sup\u00e9rieure 750mg - 90 g\u00e9lules . Winkel bij Eco Supplements altijd gratis verzending boven 100\u20ac","breadcrumb":{"@id":"https:\/\/ecosupplements.be\/fr\/produit\/l-tyrosine-force-superieure-750mg-90-gelules\/#breadcrumb"},"inLanguage":"fr-FR","potentialAction":[{"@type":"ReadAction","target":["https:\/\/ecosupplements.be\/fr\/produit\/l-tyrosine-force-superieure-750mg-90-gelules\/"]}]},{"@type":"ImageObject","inLanguage":"fr-FR","@id":"https:\/\/ecosupplements.be\/fr\/produit\/l-tyrosine-force-superieure-750mg-90-gelules\/#primaryimage","url":"https:\/\/ecosupplements.be\/wp-content\/uploads\/2025\/08\/L-Tyrosine-Extra-Strength-750mg-90-vcaps.jpg","contentUrl":"https:\/\/ecosupplements.be\/wp-content\/uploads\/2025\/08\/L-Tyrosine-Extra-Strength-750mg-90-vcaps.jpg","width":338,"height":600},{"@type":"BreadcrumbList","@id":"https:\/\/ecosupplements.be\/fr\/produit\/l-tyrosine-force-superieure-750mg-90-gelules\/#breadcrumb","itemListElement":[{"@type":"ListItem","position":1,"name":"Home","item":"https:\/\/ecosupplements.be\/fr\/"},{"@type":"ListItem","position":2,"name":"Boutique","item":"https:\/\/ecosupplements.be\/fr\/boutique\/"},{"@type":"ListItem","position":3,"name":"L-Tyrosine, Force Sup\u00e9rieure 750mg &#8211; 90 g\u00e9lules"}]},{"@type":"WebSite","@id":"https:\/\/ecosupplements.be\/fr\/#website","url":"https:\/\/ecosupplements.be\/fr\/","name":"ECO Supplements","description":"Eco Supplements - Gezonde supplementen","publisher":{"@id":"https:\/\/ecosupplements.be\/fr\/#organization"},"potentialAction":[{"@type":"SearchAction","target":{"@type":"EntryPoint","urlTemplate":"https:\/\/ecosupplements.be\/fr\/?s={search_term_string}"},"query-input":{"@type":"PropertyValueSpecification","valueRequired":true,"valueName":"search_term_string"}}],"inLanguage":"fr-FR"},{"@type":"Organization","@id":"https:\/\/ecosupplements.be\/fr\/#organization","name":"Eco Supplements","url":"https:\/\/ecosupplements.be\/fr\/","logo":{"@type":"ImageObject","inLanguage":"fr-FR","@id":"https:\/\/ecosupplements.be\/fr\/#\/schema\/logo\/image\/","url":"https:\/\/ecosupplements.be\/wp-content\/uploads\/2022\/06\/ecosupplement-family.png","contentUrl":"https:\/\/ecosupplements.be\/wp-content\/uploads\/2022\/06\/ecosupplement-family.png","width":593,"height":374,"caption":"Eco Supplements"},"image":{"@id":"https:\/\/ecosupplements.be\/fr\/#\/schema\/logo\/image\/"}}]},"product_brand":"NOW Foods","product_price_amount":"18.50","product_price_currency":"EUR","og_availability":"instock","product_availability":"instock","product_retailer_item_id":"733739001658","product_condition":"new"},"_links":{"self":[{"href":"https:\/\/ecosupplements.be\/fr\/wp-json\/wp\/v2\/product\/289084","targetHints":{"allow":["GET"]}}],"collection":[{"href":"https:\/\/ecosupplements.be\/fr\/wp-json\/wp\/v2\/product"}],"about":[{"href":"https:\/\/ecosupplements.be\/fr\/wp-json\/wp\/v2\/types\/product"}],"replies":[{"embeddable":true,"href":"https:\/\/ecosupplements.be\/fr\/wp-json\/wp\/v2\/comments?post=289084"}],"wp:featuredmedia":[{"embeddable":true,"href":"https:\/\/ecosupplements.be\/fr\/wp-json\/wp\/v2\/media\/260036"}],"wp:attachment":[{"href":"https:\/\/ecosupplements.be\/fr\/wp-json\/wp\/v2\/media?parent=289084"}],"wp:term":[{"taxonomy":"product_brand","embeddable":true,"href":"https:\/\/ecosupplements.be\/fr\/wp-json\/wp\/v2\/product_brand?post=289084"},{"taxonomy":"product_cat","embeddable":true,"href":"https:\/\/ecosupplements.be\/fr\/wp-json\/wp\/v2\/product_cat?post=289084"},{"taxonomy":"product_tag","embeddable":true,"href":"https:\/\/ecosupplements.be\/fr\/wp-json\/wp\/v2\/product_tag?post=289084"}],"curies":[{"name":"wp","href":"https:\/\/api.w.org\/{rel}","templated":true}]}}