{"id":289096,"date":"2023-01-13T12:56:14","date_gmt":"2023-01-13T11:56:14","guid":{"rendered":"https:\/\/ecosupplements.be\/product\/magnesium-glycinate-180-comprimes\/"},"modified":"2025-08-27T14:51:42","modified_gmt":"2025-08-27T13:51:42","slug":"magnesium-glycinate-180-comprimes","status":"publish","type":"product","link":"https:\/\/ecosupplements.be\/fr\/produit\/magnesium-glycinate-180-comprimes\/","title":{"rendered":"Magn\u00e9sium Glycinate &#8211; 180 comprim\u00e9s"},"content":{"rendered":"<h1>Magnesium Glycinate -\u2064 180 tabs<\/h1>\n<p>Le\u200c Magnesium Glycinate \u200cde NOW Foods\u2063 est un compl\u00e9ment alimentaire hautement absorbable et \u200bbiodisponible, con\u00e7u pour soutenir la sant\u00e9 globale et le bien-\u00eatre. Chaque comprim\u00e9 contient 400 mg de magn\u00e9sium sous\u200d forme\u2063 de glycinate, une forme hautement absorbable \u200cde ce min\u00e9ral essentiel.<\/p>\n<h2>Caract\u00e9ristiques sp\u00e9ciales:<\/h2>\n<ul>\n<li>Formule hautement absorbable \u200bet\u2063 biodisponible<\/li>\n<li>400 mg de magn\u00e9sium par comprim\u00e9<\/li>\n<li>Sous forme de glycinate pour \u2064une \u200bmeilleure\u200d absorption<\/li>\n<li>Convient aux v\u00e9g\u00e9tariens et v\u00e9g\u00e9taliens<\/li>\n<li>Sans gluten, bl\u00e9, soja, lait, \u0153ufs, poisson, fruits\u2063 de mer \u200dou ingr\u00e9dients artificiels<\/li>\n<\/ul>\n<h2>Ingr\u00e9dients:<\/h2>\n<p>Chaque comprim\u00e9 contient 400 \u2063mg\u200b de magn\u00e9sium (sous forme de \u2062glycinate).<\/p>\n<h2>Avantages uniques:<\/h2>\n<p>Le magn\u00e9sium est un min\u00e9ral essentiel \u200cqui joue un r\u00f4le \u2062important dans de nombreuses fonctions\u200b de l&#8217;organisme, telles que la r\u00e9gulation de la pression art\u00e9rielle, la\u2063 sant\u00e9 osseuse, la \u200cfonction\u200c musculaire et nerveuse, et la\u200d production d&#8217;\u00e9nergie.\u200b Le Magnesium Glycinate de NOW Foods offre une \u2063forme hautement absorbable de\u200b magn\u00e9sium, ce qui en fait un choix id\u00e9al pour ceux qui ont des difficult\u00e9s \u00e0 absorber d&#8217;autres formes \u200bde \u200dmagn\u00e9sium.<\/p>\n<p>De plus, ce\u2062 produit est sans gluten, bl\u00e9,\u200c soja, lait, \u0153ufs, poisson, fruits de mer ou ingr\u00e9dients \u200bartificiels, ce qui en fait une option s\u00fbre pour les personnes\u200c ayant des allergies ou des\u200d sensibilit\u00e9s alimentaires.<\/p>\n<h2>Principales\u2062 caract\u00e9ristiques:<\/h2>\n<ul>\n<li>180 comprim\u00e9s par bouteille<\/li>\n<li>400 mg \u2064de magn\u00e9sium\u200d par comprim\u00e9<\/li>\n<li>Sous \u200bforme de glycinate pour \u2062une \u2064meilleure \u200cabsorption<\/li>\n<li>Convient aux v\u00e9g\u00e9tariens et v\u00e9g\u00e9taliens<\/li>\n<li>Sans gluten, bl\u00e9, soja, lait, \u0153ufs, poisson, fruits de mer ou ingr\u00e9dients artificiels<\/li>\n<\/ul>\n<p>Prenez soin de \u2063votre\u2064 sant\u00e9 globale et de votre bien-\u00eatre avec le Magnesium\u200d Glycinate de \u2064NOW Foods. \u2063Commandez d\u00e8s maintenant et profitez des bienfaits de\u200b ce \u200bcompl\u00e9ment alimentaire hautement absorbable \u2062et \u200bbiodisponible.<\/p>\n","protected":false},"excerpt":{"rendered":"<p>Magnesium Glycinate -\u2064 180 tabs Le\u200c Magnesium Glycinate \u200cde NOW Foods\u2063 est un compl\u00e9ment alimentaire hautement absorbable et \u200bbiodisponible, con\u00e7u pour soutenir la sant\u00e9 globale et le bien-\u00eatre. Chaque comprim\u00e9 contient 400 mg de magn\u00e9sium sous\u200d forme\u2063 de glycinate, une forme hautement absorbable \u200cde ce min\u00e9ral essentiel. Caract\u00e9ristiques sp\u00e9ciales: Formule hautement absorbable \u200bet\u2063 biodisponible 400 [&#8230;]\n","protected":false},"featured_media":261441,"comment_status":"open","ping_status":"open","template":"","meta":[],"product_brand":[4733,4734],"product_cat":[5064,5054,5055,5053],"product_tag":[],"class_list":{"0":"post-289096","1":"product","2":"type-product","3":"status-publish","4":"has-post-thumbnail","6":"product_brand-now-foods-2","7":"product_brand-nownow-foods-2","8":"product_cat-mineraux-simples","9":"product_cat-nourriture-saine","10":"product_cat-produits-vegetaliens","11":"product_cat-vitamines-et-mineraux","13":"first","14":"instock","15":"taxable","16":"shipping-taxable","17":"purchasable","18":"product-type-simple"},"yoast_head":"<!-- This site is optimized with the Yoast SEO Premium plugin v27.3 (Yoast SEO v27.3) - https:\/\/yoast.com\/product\/yoast-seo-premium-wordpress\/ -->\n<title>Magn\u00e9sium Glycinate - 180 comprim\u00e9s - ECO Supplements<\/title>\n<meta name=\"description\" content=\"Wij hebben een ruime keuze aan producten van Magn\u00e9sium Glycinate - 180 comprim\u00e9s . Winkel bij Eco Supplements altijd gratis verzending boven 100\u20ac\" \/>\n<meta name=\"robots\" content=\"index, follow, max-snippet:-1, max-image-preview:large, max-video-preview:-1\" \/>\n<link rel=\"canonical\" href=\"https:\/\/ecosupplements.be\/fr\/produit\/magnesium-glycinate-180-comprimes\/\" \/>\n<meta property=\"og:locale\" content=\"fr_FR\" \/>\n<meta property=\"og:type\" content=\"article\" \/>\n<meta property=\"og:title\" content=\"Magn\u00e9sium Glycinate - 180 comprim\u00e9s\" \/>\n<meta property=\"og:description\" content=\"Wij hebben een ruime keuze aan producten van Magn\u00e9sium Glycinate - 180 comprim\u00e9s . Winkel bij Eco Supplements altijd gratis verzending boven 100\u20ac\" \/>\n<meta property=\"og:url\" content=\"https:\/\/ecosupplements.be\/fr\/produit\/magnesium-glycinate-180-comprimes\/\" \/>\n<meta property=\"og:site_name\" content=\"ECO Supplements\" \/>\n<meta property=\"article:modified_time\" content=\"2025-08-27T13:51:42+00:00\" \/>\n<meta property=\"og:image\" content=\"https:\/\/ecosupplements.be\/wp-content\/uploads\/2025\/08\/Magnesium-Glycinate-180-tabs-1.jpg\" \/>\n\t<meta property=\"og:image:width\" content=\"338\" \/>\n\t<meta property=\"og:image:height\" content=\"600\" \/>\n\t<meta property=\"og:image:type\" content=\"image\/jpeg\" \/>\n<meta name=\"twitter:card\" content=\"summary_large_image\" \/>\n<meta name=\"twitter:label1\" content=\"Prix\" \/>\n\t<meta name=\"twitter:data1\" content=\"29.92&nbsp;&euro;\" \/>\n\t<meta name=\"twitter:label2\" content=\"Disponibilit\u00e9\" \/>\n\t<meta name=\"twitter:data2\" content=\"En stock\" \/>\n<script type=\"application\/ld+json\" class=\"yoast-schema-graph\">{\"@context\":\"https:\\\/\\\/schema.org\",\"@graph\":[{\"@type\":[\"WebPage\",\"ItemPage\"],\"@id\":\"https:\\\/\\\/ecosupplements.be\\\/fr\\\/produit\\\/magnesium-glycinate-180-comprimes\\\/\",\"url\":\"https:\\\/\\\/ecosupplements.be\\\/fr\\\/produit\\\/magnesium-glycinate-180-comprimes\\\/\",\"name\":\"Magn\u00e9sium Glycinate - 180 comprim\u00e9s - ECO Supplements\",\"isPartOf\":{\"@id\":\"https:\\\/\\\/ecosupplements.be\\\/fr\\\/#website\"},\"primaryImageOfPage\":{\"@id\":\"https:\\\/\\\/ecosupplements.be\\\/fr\\\/produit\\\/magnesium-glycinate-180-comprimes\\\/#primaryimage\"},\"image\":{\"@id\":\"https:\\\/\\\/ecosupplements.be\\\/fr\\\/produit\\\/magnesium-glycinate-180-comprimes\\\/#primaryimage\"},\"thumbnailUrl\":\"https:\\\/\\\/ecosupplements.be\\\/wp-content\\\/uploads\\\/2025\\\/08\\\/Magnesium-Glycinate-180-tabs.jpg\",\"datePublished\":\"2023-01-13T11:56:14+00:00\",\"dateModified\":\"2025-08-27T13:51:42+00:00\",\"description\":\"Wij hebben een ruime keuze aan producten van Magn\u00e9sium Glycinate - 180 comprim\u00e9s . Winkel bij Eco Supplements altijd gratis verzending boven 100\u20ac\",\"breadcrumb\":{\"@id\":\"https:\\\/\\\/ecosupplements.be\\\/fr\\\/produit\\\/magnesium-glycinate-180-comprimes\\\/#breadcrumb\"},\"inLanguage\":\"fr-FR\",\"potentialAction\":[{\"@type\":\"ReadAction\",\"target\":[\"https:\\\/\\\/ecosupplements.be\\\/fr\\\/produit\\\/magnesium-glycinate-180-comprimes\\\/\"]}]},{\"@type\":\"ImageObject\",\"inLanguage\":\"fr-FR\",\"@id\":\"https:\\\/\\\/ecosupplements.be\\\/fr\\\/produit\\\/magnesium-glycinate-180-comprimes\\\/#primaryimage\",\"url\":\"https:\\\/\\\/ecosupplements.be\\\/wp-content\\\/uploads\\\/2025\\\/08\\\/Magnesium-Glycinate-180-tabs.jpg\",\"contentUrl\":\"https:\\\/\\\/ecosupplements.be\\\/wp-content\\\/uploads\\\/2025\\\/08\\\/Magnesium-Glycinate-180-tabs.jpg\",\"width\":338,\"height\":600},{\"@type\":\"BreadcrumbList\",\"@id\":\"https:\\\/\\\/ecosupplements.be\\\/fr\\\/produit\\\/magnesium-glycinate-180-comprimes\\\/#breadcrumb\",\"itemListElement\":[{\"@type\":\"ListItem\",\"position\":1,\"name\":\"Home\",\"item\":\"https:\\\/\\\/ecosupplements.be\\\/fr\\\/\"},{\"@type\":\"ListItem\",\"position\":2,\"name\":\"Boutique\",\"item\":\"https:\\\/\\\/ecosupplements.be\\\/fr\\\/boutique\\\/\"},{\"@type\":\"ListItem\",\"position\":3,\"name\":\"Magn\u00e9sium Glycinate &#8211; 180 comprim\u00e9s\"}]},{\"@type\":\"WebSite\",\"@id\":\"https:\\\/\\\/ecosupplements.be\\\/fr\\\/#website\",\"url\":\"https:\\\/\\\/ecosupplements.be\\\/fr\\\/\",\"name\":\"ECO Supplements\",\"description\":\"Eco Supplements - Gezonde supplementen\",\"publisher\":{\"@id\":\"https:\\\/\\\/ecosupplements.be\\\/fr\\\/#organization\"},\"potentialAction\":[{\"@type\":\"SearchAction\",\"target\":{\"@type\":\"EntryPoint\",\"urlTemplate\":\"https:\\\/\\\/ecosupplements.be\\\/fr\\\/?s={search_term_string}\"},\"query-input\":{\"@type\":\"PropertyValueSpecification\",\"valueRequired\":true,\"valueName\":\"search_term_string\"}}],\"inLanguage\":\"fr-FR\"},{\"@type\":\"Organization\",\"@id\":\"https:\\\/\\\/ecosupplements.be\\\/fr\\\/#organization\",\"name\":\"Eco Supplements\",\"url\":\"https:\\\/\\\/ecosupplements.be\\\/fr\\\/\",\"logo\":{\"@type\":\"ImageObject\",\"inLanguage\":\"fr-FR\",\"@id\":\"https:\\\/\\\/ecosupplements.be\\\/fr\\\/#\\\/schema\\\/logo\\\/image\\\/\",\"url\":\"https:\\\/\\\/ecosupplements.be\\\/wp-content\\\/uploads\\\/2022\\\/06\\\/ecosupplement-family.png\",\"contentUrl\":\"https:\\\/\\\/ecosupplements.be\\\/wp-content\\\/uploads\\\/2022\\\/06\\\/ecosupplement-family.png\",\"width\":593,\"height\":374,\"caption\":\"Eco Supplements\"},\"image\":{\"@id\":\"https:\\\/\\\/ecosupplements.be\\\/fr\\\/#\\\/schema\\\/logo\\\/image\\\/\"}}]}<\/script>\n<meta property=\"product:brand\" content=\"NOW Foods\" \/>\n<meta property=\"product:price:amount\" content=\"29.92\" \/>\n<meta property=\"product:price:currency\" content=\"EUR\" \/>\n<meta property=\"og:availability\" content=\"instock\" \/>\n<meta property=\"product:availability\" content=\"instock\" \/>\n<meta property=\"product:retailer_item_id\" content=\"733739012890\" \/>\n<meta property=\"product:condition\" content=\"new\" \/>\n<!-- \/ Yoast SEO Premium plugin. -->","yoast_head_json":{"title":"Magn\u00e9sium Glycinate - 180 comprim\u00e9s - ECO Supplements","description":"Wij hebben een ruime keuze aan producten van Magn\u00e9sium Glycinate - 180 comprim\u00e9s . Winkel bij Eco Supplements altijd gratis verzending boven 100\u20ac","robots":{"index":"index","follow":"follow","max-snippet":"max-snippet:-1","max-image-preview":"max-image-preview:large","max-video-preview":"max-video-preview:-1"},"canonical":"https:\/\/ecosupplements.be\/fr\/produit\/magnesium-glycinate-180-comprimes\/","og_locale":"fr_FR","og_type":"article","og_title":"Magn\u00e9sium Glycinate - 180 comprim\u00e9s","og_description":"Wij hebben een ruime keuze aan producten van Magn\u00e9sium Glycinate - 180 comprim\u00e9s . Winkel bij Eco Supplements altijd gratis verzending boven 100\u20ac","og_url":"https:\/\/ecosupplements.be\/fr\/produit\/magnesium-glycinate-180-comprimes\/","og_site_name":"ECO Supplements","article_modified_time":"2025-08-27T13:51:42+00:00","og_image":[{"width":338,"height":600,"url":"https:\/\/ecosupplements.be\/wp-content\/uploads\/2025\/08\/Magnesium-Glycinate-180-tabs-1.jpg","type":"image\/jpeg"}],"twitter_card":"summary_large_image","twitter_misc":{"Prix":"29.92&nbsp;&euro;","Disponibilit\u00e9":"En stock"},"schema":{"@context":"https:\/\/schema.org","@graph":[{"@type":["WebPage","ItemPage"],"@id":"https:\/\/ecosupplements.be\/fr\/produit\/magnesium-glycinate-180-comprimes\/","url":"https:\/\/ecosupplements.be\/fr\/produit\/magnesium-glycinate-180-comprimes\/","name":"Magn\u00e9sium Glycinate - 180 comprim\u00e9s - ECO Supplements","isPartOf":{"@id":"https:\/\/ecosupplements.be\/fr\/#website"},"primaryImageOfPage":{"@id":"https:\/\/ecosupplements.be\/fr\/produit\/magnesium-glycinate-180-comprimes\/#primaryimage"},"image":{"@id":"https:\/\/ecosupplements.be\/fr\/produit\/magnesium-glycinate-180-comprimes\/#primaryimage"},"thumbnailUrl":"https:\/\/ecosupplements.be\/wp-content\/uploads\/2025\/08\/Magnesium-Glycinate-180-tabs.jpg","datePublished":"2023-01-13T11:56:14+00:00","dateModified":"2025-08-27T13:51:42+00:00","description":"Wij hebben een ruime keuze aan producten van Magn\u00e9sium Glycinate - 180 comprim\u00e9s . Winkel bij Eco Supplements altijd gratis verzending boven 100\u20ac","breadcrumb":{"@id":"https:\/\/ecosupplements.be\/fr\/produit\/magnesium-glycinate-180-comprimes\/#breadcrumb"},"inLanguage":"fr-FR","potentialAction":[{"@type":"ReadAction","target":["https:\/\/ecosupplements.be\/fr\/produit\/magnesium-glycinate-180-comprimes\/"]}]},{"@type":"ImageObject","inLanguage":"fr-FR","@id":"https:\/\/ecosupplements.be\/fr\/produit\/magnesium-glycinate-180-comprimes\/#primaryimage","url":"https:\/\/ecosupplements.be\/wp-content\/uploads\/2025\/08\/Magnesium-Glycinate-180-tabs.jpg","contentUrl":"https:\/\/ecosupplements.be\/wp-content\/uploads\/2025\/08\/Magnesium-Glycinate-180-tabs.jpg","width":338,"height":600},{"@type":"BreadcrumbList","@id":"https:\/\/ecosupplements.be\/fr\/produit\/magnesium-glycinate-180-comprimes\/#breadcrumb","itemListElement":[{"@type":"ListItem","position":1,"name":"Home","item":"https:\/\/ecosupplements.be\/fr\/"},{"@type":"ListItem","position":2,"name":"Boutique","item":"https:\/\/ecosupplements.be\/fr\/boutique\/"},{"@type":"ListItem","position":3,"name":"Magn\u00e9sium Glycinate &#8211; 180 comprim\u00e9s"}]},{"@type":"WebSite","@id":"https:\/\/ecosupplements.be\/fr\/#website","url":"https:\/\/ecosupplements.be\/fr\/","name":"ECO Supplements","description":"Eco Supplements - Gezonde supplementen","publisher":{"@id":"https:\/\/ecosupplements.be\/fr\/#organization"},"potentialAction":[{"@type":"SearchAction","target":{"@type":"EntryPoint","urlTemplate":"https:\/\/ecosupplements.be\/fr\/?s={search_term_string}"},"query-input":{"@type":"PropertyValueSpecification","valueRequired":true,"valueName":"search_term_string"}}],"inLanguage":"fr-FR"},{"@type":"Organization","@id":"https:\/\/ecosupplements.be\/fr\/#organization","name":"Eco Supplements","url":"https:\/\/ecosupplements.be\/fr\/","logo":{"@type":"ImageObject","inLanguage":"fr-FR","@id":"https:\/\/ecosupplements.be\/fr\/#\/schema\/logo\/image\/","url":"https:\/\/ecosupplements.be\/wp-content\/uploads\/2022\/06\/ecosupplement-family.png","contentUrl":"https:\/\/ecosupplements.be\/wp-content\/uploads\/2022\/06\/ecosupplement-family.png","width":593,"height":374,"caption":"Eco Supplements"},"image":{"@id":"https:\/\/ecosupplements.be\/fr\/#\/schema\/logo\/image\/"}}]},"product_brand":"NOW Foods","product_price_amount":"29.92","product_price_currency":"EUR","og_availability":"instock","product_availability":"instock","product_retailer_item_id":"733739012890","product_condition":"new"},"_links":{"self":[{"href":"https:\/\/ecosupplements.be\/fr\/wp-json\/wp\/v2\/product\/289096","targetHints":{"allow":["GET"]}}],"collection":[{"href":"https:\/\/ecosupplements.be\/fr\/wp-json\/wp\/v2\/product"}],"about":[{"href":"https:\/\/ecosupplements.be\/fr\/wp-json\/wp\/v2\/types\/product"}],"replies":[{"embeddable":true,"href":"https:\/\/ecosupplements.be\/fr\/wp-json\/wp\/v2\/comments?post=289096"}],"wp:featuredmedia":[{"embeddable":true,"href":"https:\/\/ecosupplements.be\/fr\/wp-json\/wp\/v2\/media\/261441"}],"wp:attachment":[{"href":"https:\/\/ecosupplements.be\/fr\/wp-json\/wp\/v2\/media?parent=289096"}],"wp:term":[{"taxonomy":"product_brand","embeddable":true,"href":"https:\/\/ecosupplements.be\/fr\/wp-json\/wp\/v2\/product_brand?post=289096"},{"taxonomy":"product_cat","embeddable":true,"href":"https:\/\/ecosupplements.be\/fr\/wp-json\/wp\/v2\/product_cat?post=289096"},{"taxonomy":"product_tag","embeddable":true,"href":"https:\/\/ecosupplements.be\/fr\/wp-json\/wp\/v2\/product_tag?post=289096"}],"curies":[{"name":"wp","href":"https:\/\/api.w.org\/{rel}","templated":true}]}}