{"id":289099,"date":"2022-08-04T07:45:21","date_gmt":"2022-08-04T06:45:21","guid":{"rendered":"https:\/\/ecosupplements.be\/product\/capsules-de-magnesium-malate-180-capsules-vegetales\/"},"modified":"2025-08-27T14:51:46","modified_gmt":"2025-08-27T13:51:46","slug":"capsules-de-magnesium-malate-180-capsules-vegetales","status":"publish","type":"product","link":"https:\/\/ecosupplements.be\/fr\/produit\/capsules-de-magnesium-malate-180-capsules-vegetales\/","title":{"rendered":"Capsules de Magn\u00e9sium Malate &#8211; 180 capsules v\u00e9g\u00e9tales"},"content":{"rendered":"<h1> Description du produit : Magnesium Malate Caps &#8211; 180 vcaps <\/h1>\n<p>  Les Magnesium Malate\u2062 Caps de NOW Foods sont \u2063des capsules de \u2062magn\u00e9sium hautement biodisponibles, con\u00e7ues pour soutenir \u200dla sant\u00e9 globale\u200d et le bien-\u00eatre. \u200bChaque \u2064capsule \u2062contient 1000 mg\u2064 de malate de magn\u00e9sium,\u200b une \u200bforme de \u200bmagn\u00e9sium qui\u2062 est facilement\u2064 absorb\u00e9e par le corps. <\/p>\n<h2>  Caract\u00e9ristiques\u2064 sp\u00e9ciales : <\/h2>\n<ul>\n<li>  Contient 1000 mg de malate de magn\u00e9sium par capsule <\/li>\n<li>  Forme hautement biodisponible de\u2062 magn\u00e9sium <\/li>\n<li>  Facilement absorb\u00e9 \u200cpar le corps <\/li>\n<li>  Sans OGM <\/li>\n<li>  Convient aux v\u00e9g\u00e9tariens et v\u00e9g\u00e9taliens\u200d <\/li>\n<\/ul>\n<h2>  Ingr\u00e9dients : <\/h2>\n<p>  \u200cChaque \u200ccapsule \u2064contient : <\/p>\n<ul>\n<li>  1000\u200b mg de malate de magn\u00e9sium <\/li>\n<li>  Cellulose (capsule v\u00e9g\u00e9tarienne) <\/li>\n<li>  Acide st\u00e9arique (source v\u00e9g\u00e9tale) <\/li>\n<li>  St\u00e9arate de magn\u00e9sium (source v\u00e9g\u00e9tale) <\/li>\n<\/ul>\n<h2>  Avantages uniques : \u2064 <\/h2>\n<p>  Le magn\u00e9sium est un \u200dmin\u00e9ral essentiel pour de nombreuses \u200bfonctions corporelles, telles que la r\u00e9gulation de la pression art\u00e9rielle, la sant\u00e9\u2063 osseuse et musculaire, et\u2062 la\u2063 production d&#8217;\u00e9nergie. Le malate de magn\u00e9sium est une forme de magn\u00e9sium qui est facilement absorb\u00e9e\u2064 par le corps,\u200c ce \u2063qui en fait un choix \u2062id\u00e9al pour ceux qui ont des probl\u00e8mes d&#8217;absorption \u2063ou de digestion. Les\u200b Magnesium Malate Caps de NOW Foods sont\u2064 \u00e9galement sans OGM et conviennent aux v\u00e9g\u00e9tariens et v\u00e9g\u00e9taliens. <\/p>\n<h2>  \u200c Principales\u200b caract\u00e9ristiques : \u200b <\/h2>\n<ul>\n<li>  Soutient la sant\u00e9 globale et le bien-\u00eatre <\/li>\n<li>  Facilement\u2062 absorb\u00e9 par le corps <\/li>\n<li>  \u2063Sans \u200dOGM <\/li>\n<li>  Convient aux v\u00e9g\u00e9tariens et\u200d v\u00e9g\u00e9taliens \u200b <\/li>\n<li>  180 capsules \u200cpar bouteille <\/li>\n<\/ul>\n<p>  Ajoutez \u2064les Magnesium Malate \u2064Caps\u2063 de NOW Foods \u00e0 votre \u200droutine\u200b quotidienne pour soutenir votre sant\u00e9 globale et votre \u2062bien-\u00eatre. Commandez d\u00e8s maintenant et profitez des bienfaits du magn\u00e9sium \u200dhautement biodisponible. <\/p>\n","protected":false},"excerpt":{"rendered":"<p>Description du produit : Magnesium Malate Caps &#8211; 180 vcaps Les Magnesium Malate\u2062 Caps de NOW Foods sont \u2063des capsules de \u2062magn\u00e9sium hautement biodisponibles, con\u00e7ues pour soutenir \u200dla sant\u00e9 globale\u200d et le bien-\u00eatre. \u200bChaque \u2064capsule \u2062contient 1000 mg\u2064 de malate de magn\u00e9sium,\u200b une \u200bforme de \u200bmagn\u00e9sium qui\u2062 est facilement\u2064 absorb\u00e9e par le corps. Caract\u00e9ristiques\u2064 sp\u00e9ciales [&#8230;]\n","protected":false},"featured_media":260045,"comment_status":"open","ping_status":"open","template":"","meta":[],"product_brand":[4733,4734],"product_cat":[5064,5054,5055,5052,5053],"product_tag":[],"class_list":{"0":"post-289099","1":"product","2":"type-product","3":"status-publish","4":"has-post-thumbnail","6":"product_brand-now-foods-2","7":"product_brand-nownow-foods-2","8":"product_cat-mineraux-simples","9":"product_cat-nourriture-saine","10":"product_cat-produits-vegetaliens","11":"product_cat-sante-et-bien-etre","12":"product_cat-vitamines-et-mineraux","14":"first","15":"instock","16":"taxable","17":"shipping-taxable","18":"purchasable","19":"product-type-simple"},"yoast_head":"<!-- This site is optimized with the Yoast SEO Premium plugin v27.3 (Yoast SEO v27.3) - https:\/\/yoast.com\/product\/yoast-seo-premium-wordpress\/ -->\n<title>Capsules de Magn\u00e9sium Malate - 180 capsules v\u00e9g\u00e9tales - ECO Supplements<\/title>\n<meta name=\"description\" content=\"Wij hebben een ruime keuze aan producten van Capsules de Magn\u00e9sium Malate - 180 capsules v\u00e9g\u00e9tales . Winkel bij Eco Supplements altijd gratis verzending boven 100\u20ac\" \/>\n<meta name=\"robots\" content=\"index, follow, max-snippet:-1, max-image-preview:large, max-video-preview:-1\" \/>\n<link rel=\"canonical\" href=\"https:\/\/ecosupplements.be\/fr\/produit\/capsules-de-magnesium-malate-180-capsules-vegetales\/\" \/>\n<meta property=\"og:locale\" content=\"fr_FR\" \/>\n<meta property=\"og:type\" content=\"article\" \/>\n<meta property=\"og:title\" content=\"Capsules de Magn\u00e9sium Malate - 180 capsules v\u00e9g\u00e9tales\" \/>\n<meta property=\"og:description\" content=\"Wij hebben een ruime keuze aan producten van Capsules de Magn\u00e9sium Malate - 180 capsules v\u00e9g\u00e9tales . Winkel bij Eco Supplements altijd gratis verzending boven 100\u20ac\" \/>\n<meta property=\"og:url\" content=\"https:\/\/ecosupplements.be\/fr\/produit\/capsules-de-magnesium-malate-180-capsules-vegetales\/\" \/>\n<meta property=\"og:site_name\" content=\"ECO Supplements\" \/>\n<meta property=\"article:modified_time\" content=\"2025-08-27T13:51:46+00:00\" \/>\n<meta property=\"og:image\" content=\"https:\/\/ecosupplements.be\/wp-content\/uploads\/2025\/08\/Magnesium-Malate-Caps-180-vcaps-1.jpg\" \/>\n\t<meta property=\"og:image:width\" content=\"300\" \/>\n\t<meta property=\"og:image:height\" content=\"600\" \/>\n\t<meta property=\"og:image:type\" content=\"image\/jpeg\" \/>\n<meta name=\"twitter:card\" content=\"summary_large_image\" \/>\n<meta name=\"twitter:label1\" content=\"Prix\" \/>\n\t<meta name=\"twitter:data1\" content=\"21.15&nbsp;&euro;\" \/>\n\t<meta name=\"twitter:label2\" content=\"Disponibilit\u00e9\" \/>\n\t<meta name=\"twitter:data2\" content=\"En stock\" \/>\n<script type=\"application\/ld+json\" class=\"yoast-schema-graph\">{\"@context\":\"https:\\\/\\\/schema.org\",\"@graph\":[{\"@type\":[\"WebPage\",\"ItemPage\"],\"@id\":\"https:\\\/\\\/ecosupplements.be\\\/fr\\\/produit\\\/capsules-de-magnesium-malate-180-capsules-vegetales\\\/\",\"url\":\"https:\\\/\\\/ecosupplements.be\\\/fr\\\/produit\\\/capsules-de-magnesium-malate-180-capsules-vegetales\\\/\",\"name\":\"Capsules de Magn\u00e9sium Malate - 180 capsules v\u00e9g\u00e9tales - ECO Supplements\",\"isPartOf\":{\"@id\":\"https:\\\/\\\/ecosupplements.be\\\/fr\\\/#website\"},\"primaryImageOfPage\":{\"@id\":\"https:\\\/\\\/ecosupplements.be\\\/fr\\\/produit\\\/capsules-de-magnesium-malate-180-capsules-vegetales\\\/#primaryimage\"},\"image\":{\"@id\":\"https:\\\/\\\/ecosupplements.be\\\/fr\\\/produit\\\/capsules-de-magnesium-malate-180-capsules-vegetales\\\/#primaryimage\"},\"thumbnailUrl\":\"https:\\\/\\\/ecosupplements.be\\\/wp-content\\\/uploads\\\/2025\\\/08\\\/Magnesium-Malate-Caps-180-vcaps.jpg\",\"datePublished\":\"2022-08-04T06:45:21+00:00\",\"dateModified\":\"2025-08-27T13:51:46+00:00\",\"description\":\"Wij hebben een ruime keuze aan producten van Capsules de Magn\u00e9sium Malate - 180 capsules v\u00e9g\u00e9tales . Winkel bij Eco Supplements altijd gratis verzending boven 100\u20ac\",\"breadcrumb\":{\"@id\":\"https:\\\/\\\/ecosupplements.be\\\/fr\\\/produit\\\/capsules-de-magnesium-malate-180-capsules-vegetales\\\/#breadcrumb\"},\"inLanguage\":\"fr-FR\",\"potentialAction\":[{\"@type\":\"ReadAction\",\"target\":[\"https:\\\/\\\/ecosupplements.be\\\/fr\\\/produit\\\/capsules-de-magnesium-malate-180-capsules-vegetales\\\/\"]}]},{\"@type\":\"ImageObject\",\"inLanguage\":\"fr-FR\",\"@id\":\"https:\\\/\\\/ecosupplements.be\\\/fr\\\/produit\\\/capsules-de-magnesium-malate-180-capsules-vegetales\\\/#primaryimage\",\"url\":\"https:\\\/\\\/ecosupplements.be\\\/wp-content\\\/uploads\\\/2025\\\/08\\\/Magnesium-Malate-Caps-180-vcaps.jpg\",\"contentUrl\":\"https:\\\/\\\/ecosupplements.be\\\/wp-content\\\/uploads\\\/2025\\\/08\\\/Magnesium-Malate-Caps-180-vcaps.jpg\",\"width\":300,\"height\":600},{\"@type\":\"BreadcrumbList\",\"@id\":\"https:\\\/\\\/ecosupplements.be\\\/fr\\\/produit\\\/capsules-de-magnesium-malate-180-capsules-vegetales\\\/#breadcrumb\",\"itemListElement\":[{\"@type\":\"ListItem\",\"position\":1,\"name\":\"Home\",\"item\":\"https:\\\/\\\/ecosupplements.be\\\/fr\\\/\"},{\"@type\":\"ListItem\",\"position\":2,\"name\":\"Boutique\",\"item\":\"https:\\\/\\\/ecosupplements.be\\\/fr\\\/boutique\\\/\"},{\"@type\":\"ListItem\",\"position\":3,\"name\":\"Capsules de Magn\u00e9sium Malate &#8211; 180 capsules v\u00e9g\u00e9tales\"}]},{\"@type\":\"WebSite\",\"@id\":\"https:\\\/\\\/ecosupplements.be\\\/fr\\\/#website\",\"url\":\"https:\\\/\\\/ecosupplements.be\\\/fr\\\/\",\"name\":\"ECO Supplements\",\"description\":\"Eco Supplements - Gezonde supplementen\",\"publisher\":{\"@id\":\"https:\\\/\\\/ecosupplements.be\\\/fr\\\/#organization\"},\"potentialAction\":[{\"@type\":\"SearchAction\",\"target\":{\"@type\":\"EntryPoint\",\"urlTemplate\":\"https:\\\/\\\/ecosupplements.be\\\/fr\\\/?s={search_term_string}\"},\"query-input\":{\"@type\":\"PropertyValueSpecification\",\"valueRequired\":true,\"valueName\":\"search_term_string\"}}],\"inLanguage\":\"fr-FR\"},{\"@type\":\"Organization\",\"@id\":\"https:\\\/\\\/ecosupplements.be\\\/fr\\\/#organization\",\"name\":\"Eco Supplements\",\"url\":\"https:\\\/\\\/ecosupplements.be\\\/fr\\\/\",\"logo\":{\"@type\":\"ImageObject\",\"inLanguage\":\"fr-FR\",\"@id\":\"https:\\\/\\\/ecosupplements.be\\\/fr\\\/#\\\/schema\\\/logo\\\/image\\\/\",\"url\":\"https:\\\/\\\/ecosupplements.be\\\/wp-content\\\/uploads\\\/2022\\\/06\\\/ecosupplement-family.png\",\"contentUrl\":\"https:\\\/\\\/ecosupplements.be\\\/wp-content\\\/uploads\\\/2022\\\/06\\\/ecosupplement-family.png\",\"width\":593,\"height\":374,\"caption\":\"Eco Supplements\"},\"image\":{\"@id\":\"https:\\\/\\\/ecosupplements.be\\\/fr\\\/#\\\/schema\\\/logo\\\/image\\\/\"}}]}<\/script>\n<meta property=\"product:brand\" content=\"NOW Foods\" \/>\n<meta property=\"product:price:amount\" content=\"21.15\" \/>\n<meta property=\"product:price:currency\" content=\"EUR\" \/>\n<meta property=\"og:availability\" content=\"instock\" \/>\n<meta property=\"product:availability\" content=\"instock\" \/>\n<meta property=\"product:retailer_item_id\" content=\"733739013033\" \/>\n<meta property=\"product:condition\" content=\"new\" \/>\n<!-- \/ Yoast SEO Premium plugin. -->","yoast_head_json":{"title":"Capsules de Magn\u00e9sium Malate - 180 capsules v\u00e9g\u00e9tales - ECO Supplements","description":"Wij hebben een ruime keuze aan producten van Capsules de Magn\u00e9sium Malate - 180 capsules v\u00e9g\u00e9tales . Winkel bij Eco Supplements altijd gratis verzending boven 100\u20ac","robots":{"index":"index","follow":"follow","max-snippet":"max-snippet:-1","max-image-preview":"max-image-preview:large","max-video-preview":"max-video-preview:-1"},"canonical":"https:\/\/ecosupplements.be\/fr\/produit\/capsules-de-magnesium-malate-180-capsules-vegetales\/","og_locale":"fr_FR","og_type":"article","og_title":"Capsules de Magn\u00e9sium Malate - 180 capsules v\u00e9g\u00e9tales","og_description":"Wij hebben een ruime keuze aan producten van Capsules de Magn\u00e9sium Malate - 180 capsules v\u00e9g\u00e9tales . Winkel bij Eco Supplements altijd gratis verzending boven 100\u20ac","og_url":"https:\/\/ecosupplements.be\/fr\/produit\/capsules-de-magnesium-malate-180-capsules-vegetales\/","og_site_name":"ECO Supplements","article_modified_time":"2025-08-27T13:51:46+00:00","og_image":[{"width":300,"height":600,"url":"https:\/\/ecosupplements.be\/wp-content\/uploads\/2025\/08\/Magnesium-Malate-Caps-180-vcaps-1.jpg","type":"image\/jpeg"}],"twitter_card":"summary_large_image","twitter_misc":{"Prix":"21.15&nbsp;&euro;","Disponibilit\u00e9":"En stock"},"schema":{"@context":"https:\/\/schema.org","@graph":[{"@type":["WebPage","ItemPage"],"@id":"https:\/\/ecosupplements.be\/fr\/produit\/capsules-de-magnesium-malate-180-capsules-vegetales\/","url":"https:\/\/ecosupplements.be\/fr\/produit\/capsules-de-magnesium-malate-180-capsules-vegetales\/","name":"Capsules de Magn\u00e9sium Malate - 180 capsules v\u00e9g\u00e9tales - ECO Supplements","isPartOf":{"@id":"https:\/\/ecosupplements.be\/fr\/#website"},"primaryImageOfPage":{"@id":"https:\/\/ecosupplements.be\/fr\/produit\/capsules-de-magnesium-malate-180-capsules-vegetales\/#primaryimage"},"image":{"@id":"https:\/\/ecosupplements.be\/fr\/produit\/capsules-de-magnesium-malate-180-capsules-vegetales\/#primaryimage"},"thumbnailUrl":"https:\/\/ecosupplements.be\/wp-content\/uploads\/2025\/08\/Magnesium-Malate-Caps-180-vcaps.jpg","datePublished":"2022-08-04T06:45:21+00:00","dateModified":"2025-08-27T13:51:46+00:00","description":"Wij hebben een ruime keuze aan producten van Capsules de Magn\u00e9sium Malate - 180 capsules v\u00e9g\u00e9tales . Winkel bij Eco Supplements altijd gratis verzending boven 100\u20ac","breadcrumb":{"@id":"https:\/\/ecosupplements.be\/fr\/produit\/capsules-de-magnesium-malate-180-capsules-vegetales\/#breadcrumb"},"inLanguage":"fr-FR","potentialAction":[{"@type":"ReadAction","target":["https:\/\/ecosupplements.be\/fr\/produit\/capsules-de-magnesium-malate-180-capsules-vegetales\/"]}]},{"@type":"ImageObject","inLanguage":"fr-FR","@id":"https:\/\/ecosupplements.be\/fr\/produit\/capsules-de-magnesium-malate-180-capsules-vegetales\/#primaryimage","url":"https:\/\/ecosupplements.be\/wp-content\/uploads\/2025\/08\/Magnesium-Malate-Caps-180-vcaps.jpg","contentUrl":"https:\/\/ecosupplements.be\/wp-content\/uploads\/2025\/08\/Magnesium-Malate-Caps-180-vcaps.jpg","width":300,"height":600},{"@type":"BreadcrumbList","@id":"https:\/\/ecosupplements.be\/fr\/produit\/capsules-de-magnesium-malate-180-capsules-vegetales\/#breadcrumb","itemListElement":[{"@type":"ListItem","position":1,"name":"Home","item":"https:\/\/ecosupplements.be\/fr\/"},{"@type":"ListItem","position":2,"name":"Boutique","item":"https:\/\/ecosupplements.be\/fr\/boutique\/"},{"@type":"ListItem","position":3,"name":"Capsules de Magn\u00e9sium Malate &#8211; 180 capsules v\u00e9g\u00e9tales"}]},{"@type":"WebSite","@id":"https:\/\/ecosupplements.be\/fr\/#website","url":"https:\/\/ecosupplements.be\/fr\/","name":"ECO Supplements","description":"Eco Supplements - Gezonde supplementen","publisher":{"@id":"https:\/\/ecosupplements.be\/fr\/#organization"},"potentialAction":[{"@type":"SearchAction","target":{"@type":"EntryPoint","urlTemplate":"https:\/\/ecosupplements.be\/fr\/?s={search_term_string}"},"query-input":{"@type":"PropertyValueSpecification","valueRequired":true,"valueName":"search_term_string"}}],"inLanguage":"fr-FR"},{"@type":"Organization","@id":"https:\/\/ecosupplements.be\/fr\/#organization","name":"Eco Supplements","url":"https:\/\/ecosupplements.be\/fr\/","logo":{"@type":"ImageObject","inLanguage":"fr-FR","@id":"https:\/\/ecosupplements.be\/fr\/#\/schema\/logo\/image\/","url":"https:\/\/ecosupplements.be\/wp-content\/uploads\/2022\/06\/ecosupplement-family.png","contentUrl":"https:\/\/ecosupplements.be\/wp-content\/uploads\/2022\/06\/ecosupplement-family.png","width":593,"height":374,"caption":"Eco Supplements"},"image":{"@id":"https:\/\/ecosupplements.be\/fr\/#\/schema\/logo\/image\/"}}]},"product_brand":"NOW Foods","product_price_amount":"21.15","product_price_currency":"EUR","og_availability":"instock","product_availability":"instock","product_retailer_item_id":"733739013033","product_condition":"new"},"_links":{"self":[{"href":"https:\/\/ecosupplements.be\/fr\/wp-json\/wp\/v2\/product\/289099","targetHints":{"allow":["GET"]}}],"collection":[{"href":"https:\/\/ecosupplements.be\/fr\/wp-json\/wp\/v2\/product"}],"about":[{"href":"https:\/\/ecosupplements.be\/fr\/wp-json\/wp\/v2\/types\/product"}],"replies":[{"embeddable":true,"href":"https:\/\/ecosupplements.be\/fr\/wp-json\/wp\/v2\/comments?post=289099"}],"wp:featuredmedia":[{"embeddable":true,"href":"https:\/\/ecosupplements.be\/fr\/wp-json\/wp\/v2\/media\/260045"}],"wp:attachment":[{"href":"https:\/\/ecosupplements.be\/fr\/wp-json\/wp\/v2\/media?parent=289099"}],"wp:term":[{"taxonomy":"product_brand","embeddable":true,"href":"https:\/\/ecosupplements.be\/fr\/wp-json\/wp\/v2\/product_brand?post=289099"},{"taxonomy":"product_cat","embeddable":true,"href":"https:\/\/ecosupplements.be\/fr\/wp-json\/wp\/v2\/product_cat?post=289099"},{"taxonomy":"product_tag","embeddable":true,"href":"https:\/\/ecosupplements.be\/fr\/wp-json\/wp\/v2\/product_tag?post=289099"}],"curies":[{"name":"wp","href":"https:\/\/api.w.org\/{rel}","templated":true}]}}