{"id":289114,"date":"2024-03-09T13:35:58","date_gmt":"2024-03-09T12:35:58","guid":{"rendered":"https:\/\/ecosupplements.be\/product\/nac-poudre-pure-113g\/"},"modified":"2025-08-27T14:52:00","modified_gmt":"2025-08-27T13:52:00","slug":"nac-poudre-pure-113g","status":"publish","type":"product","link":"https:\/\/ecosupplements.be\/fr\/produit\/nac-poudre-pure-113g\/","title":{"rendered":"NAC, Poudre Pure &#8211; 113g"},"content":{"rendered":"<h1>NAC, \u2064Pure Powder &#8211; 113g<\/h1>\n<p>Le NAC, \u00e9galement connu\u2063 sous \u2062le\u2062 nom de N-ac\u00e9tylcyst\u00e9ine, est\u2062 un acide amin\u00e9 naturellement pr\u00e9sent dans le corps humain. Cependant, il peut \u00e9galement \u2062\u00eatre \u200dobtenu \u00e0 partir \u200cde sources \u200balimentaires telles que l&#8217;ail, l&#8217;oignon et le brocoli. NOW \u200bFoods propose une forme \u2062pure en poudre de NAC, id\u00e9ale pour ceux qui pr\u00e9f\u00e8rent \u00e9viter les\u2062 capsules ou les comprim\u00e9s.<\/p>\n<h2>Caract\u00e9ristiques sp\u00e9ciales<\/h2>\n<ul>\n<li>Forme pure en\u200c poudre de NAC<\/li>\n<li>Facile \u00e0 m\u00e9langer et \u00e0 consommer<\/li>\n<li>Convient aux \u200dv\u00e9g\u00e9tariens et aux v\u00e9g\u00e9taliens<\/li>\n<li>Sans \u200dgluten et sans OGM<\/li>\n<\/ul>\n<h2>Ingr\u00e9dients<\/h2>\n<p>Chaque portion de 1\/4 de cuill\u00e8re \u00e0 caf\u00e9 (600\u2063 mg) \u200cde NAC\u200b en poudre contient :<\/p>\n<ul>\n<li>N-ac\u00e9tylcyst\u00e9ine (forme pure) &#8211; 600 mg<\/li>\n<\/ul>\n<p>Autres ingr\u00e9dients : aucun.<\/p>\n<h2>Avantages \u200cuniques<\/h2>\n<p>Le NAC est\u200c un antioxydant puissant qui peut \u2064aider \u00e0 \u2062prot\u00e9ger les cellules contre les dommages caus\u00e9s par les radicaux libres. Il peut \u00e9galement soutenir la sant\u00e9 respiratoire en\u200c favorisant la production de glutathion,\u2062 un antioxydant essentiel pour \u2064les poumons. De \u200dplus,\u200c le\u2064 NAC \u200dpeut aider \u200d\u00e0 d\u00e9toxifier le\u2062 corps en \u00e9liminant les m\u00e9taux \u2063lourds et les toxines.<\/p>\n<h2>Principales\u200d caract\u00e9ristiques<\/h2>\n<ul>\n<li>Forme pure\u200b en poudre de NAC<\/li>\n<li>Antioxydant puissant<\/li>\n<li>Soutient\u200c la sant\u00e9 respiratoire<\/li>\n<li>Aide \u00e0 d\u00e9toxifier le corps<\/li>\n<li>Convient aux \u200bv\u00e9g\u00e9tariens et aux v\u00e9g\u00e9taliens<\/li>\n<li>Sans gluten et sans OGM<\/li>\n<\/ul>\n<p>Donnez \u00e0 votre \u2064corps un coup de\u200d pouce antioxydant avec le \u2062NAC \u200ben\u2062 poudre\u2063 de NOW Foods. Commandez d\u00e8s maintenant et profitez de ses nombreux bienfaits pour \u200bla sant\u00e9\u200b !<\/p>\n","protected":false},"excerpt":{"rendered":"<p>NAC, \u2064Pure Powder &#8211; 113g Le NAC, \u00e9galement connu\u2063 sous \u2062le\u2062 nom de N-ac\u00e9tylcyst\u00e9ine, est\u2062 un acide amin\u00e9 naturellement pr\u00e9sent dans le corps humain. Cependant, il peut \u00e9galement \u2062\u00eatre \u200dobtenu \u00e0 partir \u200cde sources \u200balimentaires telles que l&#8217;ail, l&#8217;oignon et le brocoli. NOW \u200bFoods propose une forme \u2062pure en poudre de NAC, id\u00e9ale pour ceux [&#8230;]\n","protected":false},"featured_media":264647,"comment_status":"open","ping_status":"open","template":"","meta":[],"product_brand":[4733],"product_cat":[5067,5052],"product_tag":[],"class_list":{"0":"post-289114","1":"product","2":"type-product","3":"status-publish","4":"has-post-thumbnail","6":"product_brand-now-foods-2","7":"product_cat-acides-amines-et-bcaa","8":"product_cat-sante-et-bien-etre","10":"first","11":"instock","12":"taxable","13":"shipping-taxable","14":"purchasable","15":"product-type-simple"},"yoast_head":"<!-- This site is optimized with the Yoast SEO Premium plugin v27.3 (Yoast SEO v27.3) - https:\/\/yoast.com\/product\/yoast-seo-premium-wordpress\/ -->\n<title>NAC, Poudre Pure - 113g - ECO Supplements<\/title>\n<meta name=\"description\" content=\"Wij hebben een ruime keuze aan producten van NAC, Poudre Pure - 113g . Winkel bij Eco Supplements altijd gratis verzending boven 100\u20ac\" \/>\n<meta name=\"robots\" content=\"index, follow, max-snippet:-1, max-image-preview:large, max-video-preview:-1\" \/>\n<link rel=\"canonical\" href=\"https:\/\/ecosupplements.be\/fr\/produit\/nac-poudre-pure-113g\/\" \/>\n<meta property=\"og:locale\" content=\"fr_FR\" \/>\n<meta property=\"og:type\" content=\"article\" \/>\n<meta property=\"og:title\" content=\"NAC, Poudre Pure - 113g\" \/>\n<meta property=\"og:description\" content=\"Wij hebben een ruime keuze aan producten van NAC, Poudre Pure - 113g . Winkel bij Eco Supplements altijd gratis verzending boven 100\u20ac\" \/>\n<meta property=\"og:url\" content=\"https:\/\/ecosupplements.be\/fr\/produit\/nac-poudre-pure-113g\/\" \/>\n<meta property=\"og:site_name\" content=\"ECO Supplements\" \/>\n<meta property=\"article:modified_time\" content=\"2025-08-27T13:52:00+00:00\" \/>\n<meta property=\"og:image\" content=\"https:\/\/ecosupplements.be\/wp-content\/uploads\/2025\/08\/NAC-Pure-Powder-113g-1.jpg\" \/>\n\t<meta property=\"og:image:width\" content=\"587\" \/>\n\t<meta property=\"og:image:height\" content=\"880\" \/>\n\t<meta property=\"og:image:type\" content=\"image\/jpeg\" \/>\n<meta name=\"twitter:card\" content=\"summary_large_image\" \/>\n<meta name=\"twitter:label1\" content=\"Prix\" \/>\n\t<meta name=\"twitter:data1\" content=\"24.77&nbsp;&euro;\" \/>\n\t<meta name=\"twitter:label2\" content=\"Disponibilit\u00e9\" \/>\n\t<meta name=\"twitter:data2\" content=\"En stock\" \/>\n<script type=\"application\/ld+json\" class=\"yoast-schema-graph\">{\"@context\":\"https:\\\/\\\/schema.org\",\"@graph\":[{\"@type\":[\"WebPage\",\"ItemPage\"],\"@id\":\"https:\\\/\\\/ecosupplements.be\\\/fr\\\/produit\\\/nac-poudre-pure-113g\\\/\",\"url\":\"https:\\\/\\\/ecosupplements.be\\\/fr\\\/produit\\\/nac-poudre-pure-113g\\\/\",\"name\":\"NAC, Poudre Pure - 113g - ECO Supplements\",\"isPartOf\":{\"@id\":\"https:\\\/\\\/ecosupplements.be\\\/fr\\\/#website\"},\"primaryImageOfPage\":{\"@id\":\"https:\\\/\\\/ecosupplements.be\\\/fr\\\/produit\\\/nac-poudre-pure-113g\\\/#primaryimage\"},\"image\":{\"@id\":\"https:\\\/\\\/ecosupplements.be\\\/fr\\\/produit\\\/nac-poudre-pure-113g\\\/#primaryimage\"},\"thumbnailUrl\":\"https:\\\/\\\/ecosupplements.be\\\/wp-content\\\/uploads\\\/2025\\\/08\\\/NAC-Pure-Powder-113g.jpg\",\"datePublished\":\"2024-03-09T12:35:58+00:00\",\"dateModified\":\"2025-08-27T13:52:00+00:00\",\"description\":\"Wij hebben een ruime keuze aan producten van NAC, Poudre Pure - 113g . Winkel bij Eco Supplements altijd gratis verzending boven 100\u20ac\",\"breadcrumb\":{\"@id\":\"https:\\\/\\\/ecosupplements.be\\\/fr\\\/produit\\\/nac-poudre-pure-113g\\\/#breadcrumb\"},\"inLanguage\":\"fr-FR\",\"potentialAction\":[{\"@type\":\"ReadAction\",\"target\":[\"https:\\\/\\\/ecosupplements.be\\\/fr\\\/produit\\\/nac-poudre-pure-113g\\\/\"]}]},{\"@type\":\"ImageObject\",\"inLanguage\":\"fr-FR\",\"@id\":\"https:\\\/\\\/ecosupplements.be\\\/fr\\\/produit\\\/nac-poudre-pure-113g\\\/#primaryimage\",\"url\":\"https:\\\/\\\/ecosupplements.be\\\/wp-content\\\/uploads\\\/2025\\\/08\\\/NAC-Pure-Powder-113g.jpg\",\"contentUrl\":\"https:\\\/\\\/ecosupplements.be\\\/wp-content\\\/uploads\\\/2025\\\/08\\\/NAC-Pure-Powder-113g.jpg\",\"width\":587,\"height\":880},{\"@type\":\"BreadcrumbList\",\"@id\":\"https:\\\/\\\/ecosupplements.be\\\/fr\\\/produit\\\/nac-poudre-pure-113g\\\/#breadcrumb\",\"itemListElement\":[{\"@type\":\"ListItem\",\"position\":1,\"name\":\"Home\",\"item\":\"https:\\\/\\\/ecosupplements.be\\\/fr\\\/\"},{\"@type\":\"ListItem\",\"position\":2,\"name\":\"Boutique\",\"item\":\"https:\\\/\\\/ecosupplements.be\\\/fr\\\/boutique\\\/\"},{\"@type\":\"ListItem\",\"position\":3,\"name\":\"NAC, Poudre Pure &#8211; 113g\"}]},{\"@type\":\"WebSite\",\"@id\":\"https:\\\/\\\/ecosupplements.be\\\/fr\\\/#website\",\"url\":\"https:\\\/\\\/ecosupplements.be\\\/fr\\\/\",\"name\":\"ECO Supplements\",\"description\":\"Eco Supplements - Gezonde supplementen\",\"publisher\":{\"@id\":\"https:\\\/\\\/ecosupplements.be\\\/fr\\\/#organization\"},\"potentialAction\":[{\"@type\":\"SearchAction\",\"target\":{\"@type\":\"EntryPoint\",\"urlTemplate\":\"https:\\\/\\\/ecosupplements.be\\\/fr\\\/?s={search_term_string}\"},\"query-input\":{\"@type\":\"PropertyValueSpecification\",\"valueRequired\":true,\"valueName\":\"search_term_string\"}}],\"inLanguage\":\"fr-FR\"},{\"@type\":\"Organization\",\"@id\":\"https:\\\/\\\/ecosupplements.be\\\/fr\\\/#organization\",\"name\":\"Eco Supplements\",\"url\":\"https:\\\/\\\/ecosupplements.be\\\/fr\\\/\",\"logo\":{\"@type\":\"ImageObject\",\"inLanguage\":\"fr-FR\",\"@id\":\"https:\\\/\\\/ecosupplements.be\\\/fr\\\/#\\\/schema\\\/logo\\\/image\\\/\",\"url\":\"https:\\\/\\\/ecosupplements.be\\\/wp-content\\\/uploads\\\/2022\\\/06\\\/ecosupplement-family.png\",\"contentUrl\":\"https:\\\/\\\/ecosupplements.be\\\/wp-content\\\/uploads\\\/2022\\\/06\\\/ecosupplement-family.png\",\"width\":593,\"height\":374,\"caption\":\"Eco Supplements\"},\"image\":{\"@id\":\"https:\\\/\\\/ecosupplements.be\\\/fr\\\/#\\\/schema\\\/logo\\\/image\\\/\"}}]}<\/script>\n<meta property=\"product:brand\" content=\"NOW Foods\" \/>\n<meta property=\"product:price:amount\" content=\"24.77\" \/>\n<meta property=\"product:price:currency\" content=\"EUR\" \/>\n<meta property=\"og:availability\" content=\"instock\" \/>\n<meta property=\"product:availability\" content=\"instock\" \/>\n<meta property=\"product:retailer_item_id\" content=\"733739001863\" \/>\n<meta property=\"product:condition\" content=\"new\" \/>\n<!-- \/ Yoast SEO Premium plugin. -->","yoast_head_json":{"title":"NAC, Poudre Pure - 113g - ECO Supplements","description":"Wij hebben een ruime keuze aan producten van NAC, Poudre Pure - 113g . Winkel bij Eco Supplements altijd gratis verzending boven 100\u20ac","robots":{"index":"index","follow":"follow","max-snippet":"max-snippet:-1","max-image-preview":"max-image-preview:large","max-video-preview":"max-video-preview:-1"},"canonical":"https:\/\/ecosupplements.be\/fr\/produit\/nac-poudre-pure-113g\/","og_locale":"fr_FR","og_type":"article","og_title":"NAC, Poudre Pure - 113g","og_description":"Wij hebben een ruime keuze aan producten van NAC, Poudre Pure - 113g . Winkel bij Eco Supplements altijd gratis verzending boven 100\u20ac","og_url":"https:\/\/ecosupplements.be\/fr\/produit\/nac-poudre-pure-113g\/","og_site_name":"ECO Supplements","article_modified_time":"2025-08-27T13:52:00+00:00","og_image":[{"width":587,"height":880,"url":"https:\/\/ecosupplements.be\/wp-content\/uploads\/2025\/08\/NAC-Pure-Powder-113g-1.jpg","type":"image\/jpeg"}],"twitter_card":"summary_large_image","twitter_misc":{"Prix":"24.77&nbsp;&euro;","Disponibilit\u00e9":"En stock"},"schema":{"@context":"https:\/\/schema.org","@graph":[{"@type":["WebPage","ItemPage"],"@id":"https:\/\/ecosupplements.be\/fr\/produit\/nac-poudre-pure-113g\/","url":"https:\/\/ecosupplements.be\/fr\/produit\/nac-poudre-pure-113g\/","name":"NAC, Poudre Pure - 113g - ECO Supplements","isPartOf":{"@id":"https:\/\/ecosupplements.be\/fr\/#website"},"primaryImageOfPage":{"@id":"https:\/\/ecosupplements.be\/fr\/produit\/nac-poudre-pure-113g\/#primaryimage"},"image":{"@id":"https:\/\/ecosupplements.be\/fr\/produit\/nac-poudre-pure-113g\/#primaryimage"},"thumbnailUrl":"https:\/\/ecosupplements.be\/wp-content\/uploads\/2025\/08\/NAC-Pure-Powder-113g.jpg","datePublished":"2024-03-09T12:35:58+00:00","dateModified":"2025-08-27T13:52:00+00:00","description":"Wij hebben een ruime keuze aan producten van NAC, Poudre Pure - 113g . Winkel bij Eco Supplements altijd gratis verzending boven 100\u20ac","breadcrumb":{"@id":"https:\/\/ecosupplements.be\/fr\/produit\/nac-poudre-pure-113g\/#breadcrumb"},"inLanguage":"fr-FR","potentialAction":[{"@type":"ReadAction","target":["https:\/\/ecosupplements.be\/fr\/produit\/nac-poudre-pure-113g\/"]}]},{"@type":"ImageObject","inLanguage":"fr-FR","@id":"https:\/\/ecosupplements.be\/fr\/produit\/nac-poudre-pure-113g\/#primaryimage","url":"https:\/\/ecosupplements.be\/wp-content\/uploads\/2025\/08\/NAC-Pure-Powder-113g.jpg","contentUrl":"https:\/\/ecosupplements.be\/wp-content\/uploads\/2025\/08\/NAC-Pure-Powder-113g.jpg","width":587,"height":880},{"@type":"BreadcrumbList","@id":"https:\/\/ecosupplements.be\/fr\/produit\/nac-poudre-pure-113g\/#breadcrumb","itemListElement":[{"@type":"ListItem","position":1,"name":"Home","item":"https:\/\/ecosupplements.be\/fr\/"},{"@type":"ListItem","position":2,"name":"Boutique","item":"https:\/\/ecosupplements.be\/fr\/boutique\/"},{"@type":"ListItem","position":3,"name":"NAC, Poudre Pure &#8211; 113g"}]},{"@type":"WebSite","@id":"https:\/\/ecosupplements.be\/fr\/#website","url":"https:\/\/ecosupplements.be\/fr\/","name":"ECO Supplements","description":"Eco Supplements - Gezonde supplementen","publisher":{"@id":"https:\/\/ecosupplements.be\/fr\/#organization"},"potentialAction":[{"@type":"SearchAction","target":{"@type":"EntryPoint","urlTemplate":"https:\/\/ecosupplements.be\/fr\/?s={search_term_string}"},"query-input":{"@type":"PropertyValueSpecification","valueRequired":true,"valueName":"search_term_string"}}],"inLanguage":"fr-FR"},{"@type":"Organization","@id":"https:\/\/ecosupplements.be\/fr\/#organization","name":"Eco Supplements","url":"https:\/\/ecosupplements.be\/fr\/","logo":{"@type":"ImageObject","inLanguage":"fr-FR","@id":"https:\/\/ecosupplements.be\/fr\/#\/schema\/logo\/image\/","url":"https:\/\/ecosupplements.be\/wp-content\/uploads\/2022\/06\/ecosupplement-family.png","contentUrl":"https:\/\/ecosupplements.be\/wp-content\/uploads\/2022\/06\/ecosupplement-family.png","width":593,"height":374,"caption":"Eco Supplements"},"image":{"@id":"https:\/\/ecosupplements.be\/fr\/#\/schema\/logo\/image\/"}}]},"product_brand":"NOW Foods","product_price_amount":"24.77","product_price_currency":"EUR","og_availability":"instock","product_availability":"instock","product_retailer_item_id":"733739001863","product_condition":"new"},"_links":{"self":[{"href":"https:\/\/ecosupplements.be\/fr\/wp-json\/wp\/v2\/product\/289114","targetHints":{"allow":["GET"]}}],"collection":[{"href":"https:\/\/ecosupplements.be\/fr\/wp-json\/wp\/v2\/product"}],"about":[{"href":"https:\/\/ecosupplements.be\/fr\/wp-json\/wp\/v2\/types\/product"}],"replies":[{"embeddable":true,"href":"https:\/\/ecosupplements.be\/fr\/wp-json\/wp\/v2\/comments?post=289114"}],"wp:featuredmedia":[{"embeddable":true,"href":"https:\/\/ecosupplements.be\/fr\/wp-json\/wp\/v2\/media\/264647"}],"wp:attachment":[{"href":"https:\/\/ecosupplements.be\/fr\/wp-json\/wp\/v2\/media?parent=289114"}],"wp:term":[{"taxonomy":"product_brand","embeddable":true,"href":"https:\/\/ecosupplements.be\/fr\/wp-json\/wp\/v2\/product_brand?post=289114"},{"taxonomy":"product_cat","embeddable":true,"href":"https:\/\/ecosupplements.be\/fr\/wp-json\/wp\/v2\/product_cat?post=289114"},{"taxonomy":"product_tag","embeddable":true,"href":"https:\/\/ecosupplements.be\/fr\/wp-json\/wp\/v2\/product_tag?post=289114"}],"curies":[{"name":"wp","href":"https:\/\/api.w.org\/{rel}","templated":true}]}}