{"id":289120,"date":"2022-09-30T15:26:37","date_gmt":"2022-09-30T14:26:37","guid":{"rendered":"https:\/\/ecosupplements.be\/product\/defense-probiotique-90-gelules\/"},"modified":"2025-08-27T14:52:08","modified_gmt":"2025-08-27T13:52:08","slug":"defense-probiotique-90-gelules","status":"publish","type":"product","link":"https:\/\/ecosupplements.be\/fr\/produit\/defense-probiotique-90-gelules\/","title":{"rendered":"D\u00e9fense probiotique &#8211; 90 g\u00e9lules"},"content":{"rendered":"<h1>Probiotic Defense &#8211; 90\u2064 vcaps<\/h1>\n<p>Probiotic Defense de NOW Foods est un compl\u00e9ment alimentaire \u00e0 base de probiotiques\u2063 qui \u2063aide \u00e0 maintenir un\u2063 \u00e9quilibre \u2062sain de la flore intestinale. Chaque g\u00e9lule\u2062 contient un m\u00e9lange de 13 souches diff\u00e9rentes de \u200dbact\u00e9ries b\u00e9n\u00e9fiques \u2064pour la sant\u00e9 digestive.<\/p>\n<h2>Caract\u00e9ristiques \u2062sp\u00e9ciales:<\/h2>\n<ul>\n<li>Contient 13 souches diff\u00e9rentes de probiotiques<\/li>\n<li>Formule v\u00e9g\u00e9tarienne\/vegan<\/li>\n<li>Sans gluten, bl\u00e9, soja,\u2062 lait, \u0153ufs, poisson, fruits de\u200b mer ou ingr\u00e9dients \u2064artificiels<\/li>\n<li>Convient aux personnes suivant un \u200cr\u00e9gime alimentaire sans produits laitiers<\/li>\n<\/ul>\n<h2>Ingr\u00e9dients \u2063cl\u00e9s:<\/h2>\n<p>Chaque\u2062 g\u00e9lule de Probiotic Defense contient un m\u00e9lange\u2064 de 13 souches diff\u00e9rentes de bact\u00e9ries b\u00e9n\u00e9fiques pour la sant\u00e9 digestive, notamment \u2064Lactobacillus acidophilus, Bifidobacterium lactis et Streptococcus\u2064 thermophilus. Ces probiotiques aident \u00e0 maintenir un \u00e9quilibre sain\u200d de la flore intestinale \u200den favorisant la croissance des \u2062bonnes bact\u00e9ries et en\u2064 inhibant la croissance\u2062 des mauvaises bact\u00e9ries.<\/p>\n<h2>Avantages uniques:<\/h2>\n<ul>\n<li>Aide \u00e0 maintenir\u2062 un \u00e9quilibre sain de la flore intestinale<\/li>\n<li>Contribue \u200c\u00e0 une meilleure digestion et \u00e0 une absorption optimale des nutriments<\/li>\n<li>Renforce \u200cle syst\u00e8me immunitaire<\/li>\n<li>Peut aider \u00e0 r\u00e9duire les sympt\u00f4mes du\u200b syndrome \u2064du c\u00f4lon irritable et \u200bd&#8217;autres troubles digestifs<\/li>\n<\/ul>\n<h2>Conseils d&#8217;utilisation:<\/h2>\n<p>Prenez \u20621 g\u00e9lule par jour, de pr\u00e9f\u00e9rence \u00e0 \u2062jeun ou entre \u200bles repas. Pour une efficacit\u00e9 maximale, conservez\u2063 le produit \u200dau r\u00e9frig\u00e9rateur.<\/p>\n<p>Donnez \u00e0 votre syst\u00e8me digestif le soutien dont il a besoin avec Probiotic \u200dDefense de NOW Foods. Commandez\u2064 d\u00e8s maintenant \u200cet profitez d&#8217;une flore intestinale saine et \u00e9quilibr\u00e9e !<\/p>\n","protected":false},"excerpt":{"rendered":"<p>Probiotic Defense &#8211; 90\u2064 vcaps Probiotic Defense de NOW Foods est un compl\u00e9ment alimentaire \u00e0 base de probiotiques\u2063 qui \u2063aide \u00e0 maintenir un\u2063 \u00e9quilibre \u2062sain de la flore intestinale. Chaque g\u00e9lule\u2062 contient un m\u00e9lange de 13 souches diff\u00e9rentes de \u200dbact\u00e9ries b\u00e9n\u00e9fiques \u2064pour la sant\u00e9 digestive. Caract\u00e9ristiques \u2062sp\u00e9ciales: Contient 13 souches diff\u00e9rentes de probiotiques Formule v\u00e9g\u00e9tarienne\/vegan [&#8230;]\n","protected":false},"featured_media":260951,"comment_status":"open","ping_status":"open","template":"","meta":[],"product_brand":[4733,4734],"product_cat":[5054,5055,5052,5053],"product_tag":[],"class_list":{"0":"post-289120","1":"product","2":"type-product","3":"status-publish","4":"has-post-thumbnail","6":"product_brand-now-foods-2","7":"product_brand-nownow-foods-2","8":"product_cat-nourriture-saine","9":"product_cat-produits-vegetaliens","10":"product_cat-sante-et-bien-etre","11":"product_cat-vitamines-et-mineraux","13":"first","14":"instock","15":"taxable","16":"shipping-taxable","17":"purchasable","18":"product-type-simple"},"yoast_head":"<!-- This site is optimized with the Yoast SEO Premium plugin v27.3 (Yoast SEO v27.3) - https:\/\/yoast.com\/product\/yoast-seo-premium-wordpress\/ -->\n<title>D\u00e9fense probiotique - 90 g\u00e9lules - ECO Supplements<\/title>\n<meta name=\"description\" content=\"Wij hebben een ruime keuze aan producten van D\u00e9fense probiotique - 90 g\u00e9lules . Winkel bij Eco Supplements altijd gratis verzending boven 100\u20ac\" \/>\n<meta name=\"robots\" content=\"index, follow, max-snippet:-1, max-image-preview:large, max-video-preview:-1\" \/>\n<link rel=\"canonical\" href=\"https:\/\/ecosupplements.be\/fr\/produit\/defense-probiotique-90-gelules\/\" \/>\n<meta property=\"og:locale\" content=\"fr_FR\" \/>\n<meta property=\"og:type\" content=\"article\" \/>\n<meta property=\"og:title\" content=\"D\u00e9fense probiotique - 90 g\u00e9lules\" \/>\n<meta property=\"og:description\" content=\"Wij hebben een ruime keuze aan producten van D\u00e9fense probiotique - 90 g\u00e9lules . Winkel bij Eco Supplements altijd gratis verzending boven 100\u20ac\" \/>\n<meta property=\"og:url\" content=\"https:\/\/ecosupplements.be\/fr\/produit\/defense-probiotique-90-gelules\/\" \/>\n<meta property=\"og:site_name\" content=\"ECO Supplements\" \/>\n<meta property=\"article:modified_time\" content=\"2025-08-27T13:52:08+00:00\" \/>\n<meta property=\"og:image\" content=\"https:\/\/ecosupplements.be\/wp-content\/uploads\/2025\/08\/Probiotic-Defense-90-vcaps-1.jpg\" \/>\n\t<meta property=\"og:image:width\" content=\"460\" \/>\n\t<meta property=\"og:image:height\" content=\"880\" \/>\n\t<meta property=\"og:image:type\" content=\"image\/jpeg\" \/>\n<meta name=\"twitter:card\" content=\"summary_large_image\" \/>\n<meta name=\"twitter:label1\" content=\"Prix\" \/>\n\t<meta name=\"twitter:data1\" content=\"29.98&nbsp;&euro;\" \/>\n\t<meta name=\"twitter:label2\" content=\"Disponibilit\u00e9\" \/>\n\t<meta name=\"twitter:data2\" content=\"En stock\" \/>\n<script type=\"application\/ld+json\" class=\"yoast-schema-graph\">{\"@context\":\"https:\\\/\\\/schema.org\",\"@graph\":[{\"@type\":[\"WebPage\",\"ItemPage\"],\"@id\":\"https:\\\/\\\/ecosupplements.be\\\/fr\\\/produit\\\/defense-probiotique-90-gelules\\\/\",\"url\":\"https:\\\/\\\/ecosupplements.be\\\/fr\\\/produit\\\/defense-probiotique-90-gelules\\\/\",\"name\":\"D\u00e9fense probiotique - 90 g\u00e9lules - ECO Supplements\",\"isPartOf\":{\"@id\":\"https:\\\/\\\/ecosupplements.be\\\/fr\\\/#website\"},\"primaryImageOfPage\":{\"@id\":\"https:\\\/\\\/ecosupplements.be\\\/fr\\\/produit\\\/defense-probiotique-90-gelules\\\/#primaryimage\"},\"image\":{\"@id\":\"https:\\\/\\\/ecosupplements.be\\\/fr\\\/produit\\\/defense-probiotique-90-gelules\\\/#primaryimage\"},\"thumbnailUrl\":\"https:\\\/\\\/ecosupplements.be\\\/wp-content\\\/uploads\\\/2025\\\/08\\\/Probiotic-Defense-90-vcaps.jpg\",\"datePublished\":\"2022-09-30T14:26:37+00:00\",\"dateModified\":\"2025-08-27T13:52:08+00:00\",\"description\":\"Wij hebben een ruime keuze aan producten van D\u00e9fense probiotique - 90 g\u00e9lules . Winkel bij Eco Supplements altijd gratis verzending boven 100\u20ac\",\"breadcrumb\":{\"@id\":\"https:\\\/\\\/ecosupplements.be\\\/fr\\\/produit\\\/defense-probiotique-90-gelules\\\/#breadcrumb\"},\"inLanguage\":\"fr-FR\",\"potentialAction\":[{\"@type\":\"ReadAction\",\"target\":[\"https:\\\/\\\/ecosupplements.be\\\/fr\\\/produit\\\/defense-probiotique-90-gelules\\\/\"]}]},{\"@type\":\"ImageObject\",\"inLanguage\":\"fr-FR\",\"@id\":\"https:\\\/\\\/ecosupplements.be\\\/fr\\\/produit\\\/defense-probiotique-90-gelules\\\/#primaryimage\",\"url\":\"https:\\\/\\\/ecosupplements.be\\\/wp-content\\\/uploads\\\/2025\\\/08\\\/Probiotic-Defense-90-vcaps.jpg\",\"contentUrl\":\"https:\\\/\\\/ecosupplements.be\\\/wp-content\\\/uploads\\\/2025\\\/08\\\/Probiotic-Defense-90-vcaps.jpg\",\"width\":460,\"height\":880},{\"@type\":\"BreadcrumbList\",\"@id\":\"https:\\\/\\\/ecosupplements.be\\\/fr\\\/produit\\\/defense-probiotique-90-gelules\\\/#breadcrumb\",\"itemListElement\":[{\"@type\":\"ListItem\",\"position\":1,\"name\":\"Home\",\"item\":\"https:\\\/\\\/ecosupplements.be\\\/fr\\\/\"},{\"@type\":\"ListItem\",\"position\":2,\"name\":\"Boutique\",\"item\":\"https:\\\/\\\/ecosupplements.be\\\/fr\\\/boutique\\\/\"},{\"@type\":\"ListItem\",\"position\":3,\"name\":\"D\u00e9fense probiotique &#8211; 90 g\u00e9lules\"}]},{\"@type\":\"WebSite\",\"@id\":\"https:\\\/\\\/ecosupplements.be\\\/fr\\\/#website\",\"url\":\"https:\\\/\\\/ecosupplements.be\\\/fr\\\/\",\"name\":\"ECO Supplements\",\"description\":\"Eco Supplements - Gezonde supplementen\",\"publisher\":{\"@id\":\"https:\\\/\\\/ecosupplements.be\\\/fr\\\/#organization\"},\"potentialAction\":[{\"@type\":\"SearchAction\",\"target\":{\"@type\":\"EntryPoint\",\"urlTemplate\":\"https:\\\/\\\/ecosupplements.be\\\/fr\\\/?s={search_term_string}\"},\"query-input\":{\"@type\":\"PropertyValueSpecification\",\"valueRequired\":true,\"valueName\":\"search_term_string\"}}],\"inLanguage\":\"fr-FR\"},{\"@type\":\"Organization\",\"@id\":\"https:\\\/\\\/ecosupplements.be\\\/fr\\\/#organization\",\"name\":\"Eco Supplements\",\"url\":\"https:\\\/\\\/ecosupplements.be\\\/fr\\\/\",\"logo\":{\"@type\":\"ImageObject\",\"inLanguage\":\"fr-FR\",\"@id\":\"https:\\\/\\\/ecosupplements.be\\\/fr\\\/#\\\/schema\\\/logo\\\/image\\\/\",\"url\":\"https:\\\/\\\/ecosupplements.be\\\/wp-content\\\/uploads\\\/2022\\\/06\\\/ecosupplement-family.png\",\"contentUrl\":\"https:\\\/\\\/ecosupplements.be\\\/wp-content\\\/uploads\\\/2022\\\/06\\\/ecosupplement-family.png\",\"width\":593,\"height\":374,\"caption\":\"Eco Supplements\"},\"image\":{\"@id\":\"https:\\\/\\\/ecosupplements.be\\\/fr\\\/#\\\/schema\\\/logo\\\/image\\\/\"}}]}<\/script>\n<meta property=\"product:brand\" content=\"NOW Foods\" \/>\n<meta property=\"product:price:amount\" content=\"29.98\" \/>\n<meta property=\"product:price:currency\" content=\"EUR\" \/>\n<meta property=\"og:availability\" content=\"instock\" \/>\n<meta property=\"product:availability\" content=\"instock\" \/>\n<meta property=\"product:retailer_item_id\" content=\"733739029188\" \/>\n<meta property=\"product:condition\" content=\"new\" \/>\n<!-- \/ Yoast SEO Premium plugin. -->","yoast_head_json":{"title":"D\u00e9fense probiotique - 90 g\u00e9lules - ECO Supplements","description":"Wij hebben een ruime keuze aan producten van D\u00e9fense probiotique - 90 g\u00e9lules . Winkel bij Eco Supplements altijd gratis verzending boven 100\u20ac","robots":{"index":"index","follow":"follow","max-snippet":"max-snippet:-1","max-image-preview":"max-image-preview:large","max-video-preview":"max-video-preview:-1"},"canonical":"https:\/\/ecosupplements.be\/fr\/produit\/defense-probiotique-90-gelules\/","og_locale":"fr_FR","og_type":"article","og_title":"D\u00e9fense probiotique - 90 g\u00e9lules","og_description":"Wij hebben een ruime keuze aan producten van D\u00e9fense probiotique - 90 g\u00e9lules . Winkel bij Eco Supplements altijd gratis verzending boven 100\u20ac","og_url":"https:\/\/ecosupplements.be\/fr\/produit\/defense-probiotique-90-gelules\/","og_site_name":"ECO Supplements","article_modified_time":"2025-08-27T13:52:08+00:00","og_image":[{"width":460,"height":880,"url":"https:\/\/ecosupplements.be\/wp-content\/uploads\/2025\/08\/Probiotic-Defense-90-vcaps-1.jpg","type":"image\/jpeg"}],"twitter_card":"summary_large_image","twitter_misc":{"Prix":"29.98&nbsp;&euro;","Disponibilit\u00e9":"En stock"},"schema":{"@context":"https:\/\/schema.org","@graph":[{"@type":["WebPage","ItemPage"],"@id":"https:\/\/ecosupplements.be\/fr\/produit\/defense-probiotique-90-gelules\/","url":"https:\/\/ecosupplements.be\/fr\/produit\/defense-probiotique-90-gelules\/","name":"D\u00e9fense probiotique - 90 g\u00e9lules - ECO Supplements","isPartOf":{"@id":"https:\/\/ecosupplements.be\/fr\/#website"},"primaryImageOfPage":{"@id":"https:\/\/ecosupplements.be\/fr\/produit\/defense-probiotique-90-gelules\/#primaryimage"},"image":{"@id":"https:\/\/ecosupplements.be\/fr\/produit\/defense-probiotique-90-gelules\/#primaryimage"},"thumbnailUrl":"https:\/\/ecosupplements.be\/wp-content\/uploads\/2025\/08\/Probiotic-Defense-90-vcaps.jpg","datePublished":"2022-09-30T14:26:37+00:00","dateModified":"2025-08-27T13:52:08+00:00","description":"Wij hebben een ruime keuze aan producten van D\u00e9fense probiotique - 90 g\u00e9lules . Winkel bij Eco Supplements altijd gratis verzending boven 100\u20ac","breadcrumb":{"@id":"https:\/\/ecosupplements.be\/fr\/produit\/defense-probiotique-90-gelules\/#breadcrumb"},"inLanguage":"fr-FR","potentialAction":[{"@type":"ReadAction","target":["https:\/\/ecosupplements.be\/fr\/produit\/defense-probiotique-90-gelules\/"]}]},{"@type":"ImageObject","inLanguage":"fr-FR","@id":"https:\/\/ecosupplements.be\/fr\/produit\/defense-probiotique-90-gelules\/#primaryimage","url":"https:\/\/ecosupplements.be\/wp-content\/uploads\/2025\/08\/Probiotic-Defense-90-vcaps.jpg","contentUrl":"https:\/\/ecosupplements.be\/wp-content\/uploads\/2025\/08\/Probiotic-Defense-90-vcaps.jpg","width":460,"height":880},{"@type":"BreadcrumbList","@id":"https:\/\/ecosupplements.be\/fr\/produit\/defense-probiotique-90-gelules\/#breadcrumb","itemListElement":[{"@type":"ListItem","position":1,"name":"Home","item":"https:\/\/ecosupplements.be\/fr\/"},{"@type":"ListItem","position":2,"name":"Boutique","item":"https:\/\/ecosupplements.be\/fr\/boutique\/"},{"@type":"ListItem","position":3,"name":"D\u00e9fense probiotique &#8211; 90 g\u00e9lules"}]},{"@type":"WebSite","@id":"https:\/\/ecosupplements.be\/fr\/#website","url":"https:\/\/ecosupplements.be\/fr\/","name":"ECO Supplements","description":"Eco Supplements - Gezonde supplementen","publisher":{"@id":"https:\/\/ecosupplements.be\/fr\/#organization"},"potentialAction":[{"@type":"SearchAction","target":{"@type":"EntryPoint","urlTemplate":"https:\/\/ecosupplements.be\/fr\/?s={search_term_string}"},"query-input":{"@type":"PropertyValueSpecification","valueRequired":true,"valueName":"search_term_string"}}],"inLanguage":"fr-FR"},{"@type":"Organization","@id":"https:\/\/ecosupplements.be\/fr\/#organization","name":"Eco Supplements","url":"https:\/\/ecosupplements.be\/fr\/","logo":{"@type":"ImageObject","inLanguage":"fr-FR","@id":"https:\/\/ecosupplements.be\/fr\/#\/schema\/logo\/image\/","url":"https:\/\/ecosupplements.be\/wp-content\/uploads\/2022\/06\/ecosupplement-family.png","contentUrl":"https:\/\/ecosupplements.be\/wp-content\/uploads\/2022\/06\/ecosupplement-family.png","width":593,"height":374,"caption":"Eco Supplements"},"image":{"@id":"https:\/\/ecosupplements.be\/fr\/#\/schema\/logo\/image\/"}}]},"product_brand":"NOW Foods","product_price_amount":"29.98","product_price_currency":"EUR","og_availability":"instock","product_availability":"instock","product_retailer_item_id":"733739029188","product_condition":"new"},"_links":{"self":[{"href":"https:\/\/ecosupplements.be\/fr\/wp-json\/wp\/v2\/product\/289120","targetHints":{"allow":["GET"]}}],"collection":[{"href":"https:\/\/ecosupplements.be\/fr\/wp-json\/wp\/v2\/product"}],"about":[{"href":"https:\/\/ecosupplements.be\/fr\/wp-json\/wp\/v2\/types\/product"}],"replies":[{"embeddable":true,"href":"https:\/\/ecosupplements.be\/fr\/wp-json\/wp\/v2\/comments?post=289120"}],"wp:featuredmedia":[{"embeddable":true,"href":"https:\/\/ecosupplements.be\/fr\/wp-json\/wp\/v2\/media\/260951"}],"wp:attachment":[{"href":"https:\/\/ecosupplements.be\/fr\/wp-json\/wp\/v2\/media?parent=289120"}],"wp:term":[{"taxonomy":"product_brand","embeddable":true,"href":"https:\/\/ecosupplements.be\/fr\/wp-json\/wp\/v2\/product_brand?post=289120"},{"taxonomy":"product_cat","embeddable":true,"href":"https:\/\/ecosupplements.be\/fr\/wp-json\/wp\/v2\/product_cat?post=289120"},{"taxonomy":"product_tag","embeddable":true,"href":"https:\/\/ecosupplements.be\/fr\/wp-json\/wp\/v2\/product_tag?post=289120"}],"curies":[{"name":"wp","href":"https:\/\/api.w.org\/{rel}","templated":true}]}}