{"id":289123,"date":"2024-03-09T13:40:23","date_gmt":"2024-03-09T12:40:23","guid":{"rendered":"https:\/\/ecosupplements.be\/product\/huile-de-graines-de-citrouille-1000mg-200-capsules-molles\/"},"modified":"2026-03-09T09:10:46","modified_gmt":"2026-03-09T08:10:46","slug":"huile-de-graines-de-citrouille-1000mg-200-capsules-molles","status":"publish","type":"product","link":"https:\/\/ecosupplements.be\/fr\/produit\/huile-de-graines-de-citrouille-1000mg-200-capsules-molles\/","title":{"rendered":"Huile de graines de citrouille, 1000mg &#8211; 200 capsules molles"},"content":{"rendered":"<h1>Pumpkin Seed Oil, 1000mg &#8211; 200 softgels<\/h1>\n<p>Le \u200dPumpkin Seed Oil de NOW Foods est un\u200d compl\u00e9ment alimentaire de haute qualit\u00e9, fabriqu\u00e9 aux \u00c9tats-Unis \u00e0 partir de graines de citrouille press\u00e9es \u00e0 froid. Chaque\u2063 softgel contient 1000mg d&#8217;huile de graines de citrouille pure, sans\u2064 additifs ni conservateurs.<\/p>\n<h2>Ingr\u00e9dients<\/h2>\n<ul>\n<li>Huile de graines de citrouille \u2062press\u00e9e \u00e0 froid<\/li>\n<li>G\u00e9latine<\/li>\n<li>Glyc\u00e9rine<\/li>\n<li>Eau<\/li>\n<\/ul>\n<p>Ce produit ne contient pas de \u200dbl\u00e9, de gluten, de soja, de lait, d&#8217;\u0153ufs, de\u2063 poisson, de crustac\u00e9s ou de fruits \u00e0 coque. Il est \u00e9galement sans OGM et convient aux v\u00e9g\u00e9tariens.<\/p>\n<h2>Avantages uniques<\/h2>\n<ul>\n<li>Source naturelle d&#8217;acides gras essentiels<\/li>\n<li>Press\u00e9 \u00e0 froid pour pr\u00e9server les\u200b nutriments<\/li>\n<li>Facile \u00e0 avaler\u2064 gr\u00e2ce \u200daux softgels<\/li>\n<li>200 softgels par \u200dbouteille pour une utilisation prolong\u00e9e<\/li>\n<\/ul>\n<h2>Utilisation\u2063 sugg\u00e9r\u00e9e<\/h2>\n<p>Prenez 2 softgels par \u2063jour avec\u2063 de la nourriture.<\/p>\n<p>Le Pumpkin \u2063Seed Oil \u2063de NOW Foods est un \u200cexcellent compl\u00e9ment pour ceux qui cherchent \u00e0 augmenter leur apport en acides gras essentiels et \u00e0 soutenir leur sant\u00e9 globale. \u200bCommandez d\u00e8s maintenant et profitez des bienfaits de l&#8217;huile de graines de citrouille !<\/p>\n","protected":false},"excerpt":{"rendered":"<p>Pumpkin Seed Oil, 1000mg &#8211; 200 softgels Le \u200dPumpkin Seed Oil de NOW Foods est un\u200d compl\u00e9ment alimentaire de haute qualit\u00e9, fabriqu\u00e9 aux \u00c9tats-Unis \u00e0 partir de graines de citrouille press\u00e9es \u00e0 froid. Chaque\u2063 softgel contient 1000mg d&#8217;huile de graines de citrouille pure, sans\u2064 additifs ni conservateurs. Ingr\u00e9dients Huile de graines de citrouille \u2062press\u00e9e \u00e0 [&#8230;]\n","protected":false},"featured_media":264650,"comment_status":"open","ping_status":"open","template":"","meta":[],"product_brand":[4733],"product_cat":[5186,5052,5053],"product_tag":[],"class_list":{"0":"post-289123","1":"product","2":"type-product","3":"status-publish","4":"has-post-thumbnail","6":"product_brand-now-foods-2","7":"product_cat-huile-et-graines-de-lin","8":"product_cat-sante-et-bien-etre","9":"product_cat-vitamines-et-mineraux","11":"first","12":"instock","13":"taxable","14":"shipping-taxable","15":"purchasable","16":"product-type-simple"},"yoast_head":"<!-- This site is optimized with the Yoast SEO Premium plugin v27.3 (Yoast SEO v27.3) - https:\/\/yoast.com\/product\/yoast-seo-premium-wordpress\/ -->\n<title>Huile de graines de citrouille, 1000mg - 200 capsules molles - ECO Supplements<\/title>\n<meta name=\"description\" content=\"Wij hebben een ruime keuze aan producten van Huile de graines de citrouille, 1000mg - 200 capsules molles . Winkel bij Eco Supplements altijd gratis verzending boven 100\u20ac\" \/>\n<meta name=\"robots\" content=\"index, follow, max-snippet:-1, max-image-preview:large, max-video-preview:-1\" \/>\n<link rel=\"canonical\" href=\"https:\/\/ecosupplements.be\/fr\/produit\/huile-de-graines-de-citrouille-1000mg-200-capsules-molles\/\" \/>\n<meta property=\"og:locale\" content=\"fr_FR\" \/>\n<meta property=\"og:type\" content=\"article\" \/>\n<meta property=\"og:title\" content=\"Huile de graines de citrouille, 1000mg - 200 capsules molles\" \/>\n<meta property=\"og:description\" content=\"Wij hebben een ruime keuze aan producten van Huile de graines de citrouille, 1000mg - 200 capsules molles . Winkel bij Eco Supplements altijd gratis verzending boven 100\u20ac\" \/>\n<meta property=\"og:url\" content=\"https:\/\/ecosupplements.be\/fr\/produit\/huile-de-graines-de-citrouille-1000mg-200-capsules-molles\/\" \/>\n<meta property=\"og:site_name\" content=\"ECO Supplements\" \/>\n<meta property=\"article:modified_time\" content=\"2026-03-09T08:10:46+00:00\" \/>\n<meta property=\"og:image\" content=\"https:\/\/ecosupplements.be\/wp-content\/uploads\/2025\/08\/Pumpkin-Seed-Oil-1000mg-200-softgels-1.jpg\" \/>\n\t<meta property=\"og:image:width\" content=\"338\" \/>\n\t<meta property=\"og:image:height\" content=\"600\" \/>\n\t<meta property=\"og:image:type\" content=\"image\/jpeg\" \/>\n<meta name=\"twitter:card\" content=\"summary_large_image\" \/>\n<meta name=\"twitter:label1\" content=\"Prix\" \/>\n\t<meta name=\"twitter:data1\" content=\"30.52&nbsp;&euro;\" \/>\n\t<meta name=\"twitter:label2\" content=\"Disponibilit\u00e9\" \/>\n\t<meta name=\"twitter:data2\" content=\"En stock\" \/>\n<script type=\"application\/ld+json\" class=\"yoast-schema-graph\">{\"@context\":\"https:\\\/\\\/schema.org\",\"@graph\":[{\"@type\":[\"WebPage\",\"ItemPage\"],\"@id\":\"https:\\\/\\\/ecosupplements.be\\\/fr\\\/produit\\\/huile-de-graines-de-citrouille-1000mg-200-capsules-molles\\\/\",\"url\":\"https:\\\/\\\/ecosupplements.be\\\/fr\\\/produit\\\/huile-de-graines-de-citrouille-1000mg-200-capsules-molles\\\/\",\"name\":\"Huile de graines de citrouille, 1000mg - 200 capsules molles - ECO Supplements\",\"isPartOf\":{\"@id\":\"https:\\\/\\\/ecosupplements.be\\\/fr\\\/#website\"},\"primaryImageOfPage\":{\"@id\":\"https:\\\/\\\/ecosupplements.be\\\/fr\\\/produit\\\/huile-de-graines-de-citrouille-1000mg-200-capsules-molles\\\/#primaryimage\"},\"image\":{\"@id\":\"https:\\\/\\\/ecosupplements.be\\\/fr\\\/produit\\\/huile-de-graines-de-citrouille-1000mg-200-capsules-molles\\\/#primaryimage\"},\"thumbnailUrl\":\"https:\\\/\\\/ecosupplements.be\\\/wp-content\\\/uploads\\\/2025\\\/08\\\/Pumpkin-Seed-Oil-1000mg-200-softgels.jpg\",\"datePublished\":\"2024-03-09T12:40:23+00:00\",\"dateModified\":\"2026-03-09T08:10:46+00:00\",\"description\":\"Wij hebben een ruime keuze aan producten van Huile de graines de citrouille, 1000mg - 200 capsules molles . Winkel bij Eco Supplements altijd gratis verzending boven 100\u20ac\",\"breadcrumb\":{\"@id\":\"https:\\\/\\\/ecosupplements.be\\\/fr\\\/produit\\\/huile-de-graines-de-citrouille-1000mg-200-capsules-molles\\\/#breadcrumb\"},\"inLanguage\":\"fr-FR\",\"potentialAction\":[{\"@type\":\"ReadAction\",\"target\":[\"https:\\\/\\\/ecosupplements.be\\\/fr\\\/produit\\\/huile-de-graines-de-citrouille-1000mg-200-capsules-molles\\\/\"]}]},{\"@type\":\"ImageObject\",\"inLanguage\":\"fr-FR\",\"@id\":\"https:\\\/\\\/ecosupplements.be\\\/fr\\\/produit\\\/huile-de-graines-de-citrouille-1000mg-200-capsules-molles\\\/#primaryimage\",\"url\":\"https:\\\/\\\/ecosupplements.be\\\/wp-content\\\/uploads\\\/2025\\\/08\\\/Pumpkin-Seed-Oil-1000mg-200-softgels.jpg\",\"contentUrl\":\"https:\\\/\\\/ecosupplements.be\\\/wp-content\\\/uploads\\\/2025\\\/08\\\/Pumpkin-Seed-Oil-1000mg-200-softgels.jpg\",\"width\":338,\"height\":600},{\"@type\":\"BreadcrumbList\",\"@id\":\"https:\\\/\\\/ecosupplements.be\\\/fr\\\/produit\\\/huile-de-graines-de-citrouille-1000mg-200-capsules-molles\\\/#breadcrumb\",\"itemListElement\":[{\"@type\":\"ListItem\",\"position\":1,\"name\":\"Home\",\"item\":\"https:\\\/\\\/ecosupplements.be\\\/fr\\\/\"},{\"@type\":\"ListItem\",\"position\":2,\"name\":\"Boutique\",\"item\":\"https:\\\/\\\/ecosupplements.be\\\/fr\\\/boutique\\\/\"},{\"@type\":\"ListItem\",\"position\":3,\"name\":\"Huile de graines de citrouille, 1000mg &#8211; 200 capsules molles\"}]},{\"@type\":\"WebSite\",\"@id\":\"https:\\\/\\\/ecosupplements.be\\\/fr\\\/#website\",\"url\":\"https:\\\/\\\/ecosupplements.be\\\/fr\\\/\",\"name\":\"ECO Supplements\",\"description\":\"Eco Supplements - Gezonde supplementen\",\"publisher\":{\"@id\":\"https:\\\/\\\/ecosupplements.be\\\/fr\\\/#organization\"},\"potentialAction\":[{\"@type\":\"SearchAction\",\"target\":{\"@type\":\"EntryPoint\",\"urlTemplate\":\"https:\\\/\\\/ecosupplements.be\\\/fr\\\/?s={search_term_string}\"},\"query-input\":{\"@type\":\"PropertyValueSpecification\",\"valueRequired\":true,\"valueName\":\"search_term_string\"}}],\"inLanguage\":\"fr-FR\"},{\"@type\":\"Organization\",\"@id\":\"https:\\\/\\\/ecosupplements.be\\\/fr\\\/#organization\",\"name\":\"Eco Supplements\",\"url\":\"https:\\\/\\\/ecosupplements.be\\\/fr\\\/\",\"logo\":{\"@type\":\"ImageObject\",\"inLanguage\":\"fr-FR\",\"@id\":\"https:\\\/\\\/ecosupplements.be\\\/fr\\\/#\\\/schema\\\/logo\\\/image\\\/\",\"url\":\"https:\\\/\\\/ecosupplements.be\\\/wp-content\\\/uploads\\\/2022\\\/06\\\/ecosupplement-family.png\",\"contentUrl\":\"https:\\\/\\\/ecosupplements.be\\\/wp-content\\\/uploads\\\/2022\\\/06\\\/ecosupplement-family.png\",\"width\":593,\"height\":374,\"caption\":\"Eco Supplements\"},\"image\":{\"@id\":\"https:\\\/\\\/ecosupplements.be\\\/fr\\\/#\\\/schema\\\/logo\\\/image\\\/\"}}]}<\/script>\n<meta property=\"product:brand\" content=\"NOW Foods\" \/>\n<meta property=\"product:price:amount\" content=\"30.52\" \/>\n<meta property=\"product:price:currency\" content=\"EUR\" \/>\n<meta property=\"og:availability\" content=\"instock\" \/>\n<meta property=\"product:availability\" content=\"instock\" \/>\n<meta property=\"product:retailer_item_id\" content=\"733739018434\" \/>\n<meta property=\"product:condition\" content=\"new\" \/>\n<!-- \/ Yoast SEO Premium plugin. -->","yoast_head_json":{"title":"Huile de graines de citrouille, 1000mg - 200 capsules molles - ECO Supplements","description":"Wij hebben een ruime keuze aan producten van Huile de graines de citrouille, 1000mg - 200 capsules molles . Winkel bij Eco Supplements altijd gratis verzending boven 100\u20ac","robots":{"index":"index","follow":"follow","max-snippet":"max-snippet:-1","max-image-preview":"max-image-preview:large","max-video-preview":"max-video-preview:-1"},"canonical":"https:\/\/ecosupplements.be\/fr\/produit\/huile-de-graines-de-citrouille-1000mg-200-capsules-molles\/","og_locale":"fr_FR","og_type":"article","og_title":"Huile de graines de citrouille, 1000mg - 200 capsules molles","og_description":"Wij hebben een ruime keuze aan producten van Huile de graines de citrouille, 1000mg - 200 capsules molles . Winkel bij Eco Supplements altijd gratis verzending boven 100\u20ac","og_url":"https:\/\/ecosupplements.be\/fr\/produit\/huile-de-graines-de-citrouille-1000mg-200-capsules-molles\/","og_site_name":"ECO Supplements","article_modified_time":"2026-03-09T08:10:46+00:00","og_image":[{"width":338,"height":600,"url":"https:\/\/ecosupplements.be\/wp-content\/uploads\/2025\/08\/Pumpkin-Seed-Oil-1000mg-200-softgels-1.jpg","type":"image\/jpeg"}],"twitter_card":"summary_large_image","twitter_misc":{"Prix":"30.52&nbsp;&euro;","Disponibilit\u00e9":"En stock"},"schema":{"@context":"https:\/\/schema.org","@graph":[{"@type":["WebPage","ItemPage"],"@id":"https:\/\/ecosupplements.be\/fr\/produit\/huile-de-graines-de-citrouille-1000mg-200-capsules-molles\/","url":"https:\/\/ecosupplements.be\/fr\/produit\/huile-de-graines-de-citrouille-1000mg-200-capsules-molles\/","name":"Huile de graines de citrouille, 1000mg - 200 capsules molles - ECO Supplements","isPartOf":{"@id":"https:\/\/ecosupplements.be\/fr\/#website"},"primaryImageOfPage":{"@id":"https:\/\/ecosupplements.be\/fr\/produit\/huile-de-graines-de-citrouille-1000mg-200-capsules-molles\/#primaryimage"},"image":{"@id":"https:\/\/ecosupplements.be\/fr\/produit\/huile-de-graines-de-citrouille-1000mg-200-capsules-molles\/#primaryimage"},"thumbnailUrl":"https:\/\/ecosupplements.be\/wp-content\/uploads\/2025\/08\/Pumpkin-Seed-Oil-1000mg-200-softgels.jpg","datePublished":"2024-03-09T12:40:23+00:00","dateModified":"2026-03-09T08:10:46+00:00","description":"Wij hebben een ruime keuze aan producten van Huile de graines de citrouille, 1000mg - 200 capsules molles . Winkel bij Eco Supplements altijd gratis verzending boven 100\u20ac","breadcrumb":{"@id":"https:\/\/ecosupplements.be\/fr\/produit\/huile-de-graines-de-citrouille-1000mg-200-capsules-molles\/#breadcrumb"},"inLanguage":"fr-FR","potentialAction":[{"@type":"ReadAction","target":["https:\/\/ecosupplements.be\/fr\/produit\/huile-de-graines-de-citrouille-1000mg-200-capsules-molles\/"]}]},{"@type":"ImageObject","inLanguage":"fr-FR","@id":"https:\/\/ecosupplements.be\/fr\/produit\/huile-de-graines-de-citrouille-1000mg-200-capsules-molles\/#primaryimage","url":"https:\/\/ecosupplements.be\/wp-content\/uploads\/2025\/08\/Pumpkin-Seed-Oil-1000mg-200-softgels.jpg","contentUrl":"https:\/\/ecosupplements.be\/wp-content\/uploads\/2025\/08\/Pumpkin-Seed-Oil-1000mg-200-softgels.jpg","width":338,"height":600},{"@type":"BreadcrumbList","@id":"https:\/\/ecosupplements.be\/fr\/produit\/huile-de-graines-de-citrouille-1000mg-200-capsules-molles\/#breadcrumb","itemListElement":[{"@type":"ListItem","position":1,"name":"Home","item":"https:\/\/ecosupplements.be\/fr\/"},{"@type":"ListItem","position":2,"name":"Boutique","item":"https:\/\/ecosupplements.be\/fr\/boutique\/"},{"@type":"ListItem","position":3,"name":"Huile de graines de citrouille, 1000mg &#8211; 200 capsules molles"}]},{"@type":"WebSite","@id":"https:\/\/ecosupplements.be\/fr\/#website","url":"https:\/\/ecosupplements.be\/fr\/","name":"ECO Supplements","description":"Eco Supplements - Gezonde supplementen","publisher":{"@id":"https:\/\/ecosupplements.be\/fr\/#organization"},"potentialAction":[{"@type":"SearchAction","target":{"@type":"EntryPoint","urlTemplate":"https:\/\/ecosupplements.be\/fr\/?s={search_term_string}"},"query-input":{"@type":"PropertyValueSpecification","valueRequired":true,"valueName":"search_term_string"}}],"inLanguage":"fr-FR"},{"@type":"Organization","@id":"https:\/\/ecosupplements.be\/fr\/#organization","name":"Eco Supplements","url":"https:\/\/ecosupplements.be\/fr\/","logo":{"@type":"ImageObject","inLanguage":"fr-FR","@id":"https:\/\/ecosupplements.be\/fr\/#\/schema\/logo\/image\/","url":"https:\/\/ecosupplements.be\/wp-content\/uploads\/2022\/06\/ecosupplement-family.png","contentUrl":"https:\/\/ecosupplements.be\/wp-content\/uploads\/2022\/06\/ecosupplement-family.png","width":593,"height":374,"caption":"Eco Supplements"},"image":{"@id":"https:\/\/ecosupplements.be\/fr\/#\/schema\/logo\/image\/"}}]},"product_brand":"NOW Foods","product_price_amount":"30.52","product_price_currency":"EUR","og_availability":"instock","product_availability":"instock","product_retailer_item_id":"733739018434","product_condition":"new"},"_links":{"self":[{"href":"https:\/\/ecosupplements.be\/fr\/wp-json\/wp\/v2\/product\/289123","targetHints":{"allow":["GET"]}}],"collection":[{"href":"https:\/\/ecosupplements.be\/fr\/wp-json\/wp\/v2\/product"}],"about":[{"href":"https:\/\/ecosupplements.be\/fr\/wp-json\/wp\/v2\/types\/product"}],"replies":[{"embeddable":true,"href":"https:\/\/ecosupplements.be\/fr\/wp-json\/wp\/v2\/comments?post=289123"}],"wp:featuredmedia":[{"embeddable":true,"href":"https:\/\/ecosupplements.be\/fr\/wp-json\/wp\/v2\/media\/264650"}],"wp:attachment":[{"href":"https:\/\/ecosupplements.be\/fr\/wp-json\/wp\/v2\/media?parent=289123"}],"wp:term":[{"taxonomy":"product_brand","embeddable":true,"href":"https:\/\/ecosupplements.be\/fr\/wp-json\/wp\/v2\/product_brand?post=289123"},{"taxonomy":"product_cat","embeddable":true,"href":"https:\/\/ecosupplements.be\/fr\/wp-json\/wp\/v2\/product_cat?post=289123"},{"taxonomy":"product_tag","embeddable":true,"href":"https:\/\/ecosupplements.be\/fr\/wp-json\/wp\/v2\/product_tag?post=289123"}],"curies":[{"name":"wp","href":"https:\/\/api.w.org\/{rel}","templated":true}]}}