{"id":289132,"date":"2022-06-28T10:26:10","date_gmt":"2022-06-28T09:26:10","guid":{"rendered":"https:\/\/ecosupplements.be\/product\/safran-50mg-60-gelules\/"},"modified":"2025-08-27T14:52:19","modified_gmt":"2025-08-27T13:52:19","slug":"safran-50mg-60-gelules","status":"publish","type":"product","link":"https:\/\/ecosupplements.be\/fr\/produit\/safran-50mg-60-gelules\/","title":{"rendered":"Safran, 50mg &#8211; 60 g\u00e9lules"},"content":{"rendered":"<h1>Saffron, 50mg &#8211; 60 vcaps<\/h1>\n<p>Le safran est une \u00e9pice pr\u00e9cieuse et rare, utilis\u00e9e depuis des si\u00e8cles pour ses propri\u00e9t\u00e9s m\u00e9dicinales et culinaires. NOW Foods vous offre la possibilit\u00e9 de\u200b profiter des bienfaits du safran sous \u2063forme de compl\u00e9ment alimentaire pratique \u2064et facile \u00e0 prendre.<\/p>\n<h2>Caract\u00e9ristiques sp\u00e9ciales<\/h2>\n<ul>\n<li>Chaque capsule contient 50mg\u200d de safran pur<\/li>\n<li>60 capsules par bouteille, pour un approvisionnement de 2 mois<\/li>\n<li>Fabriqu\u00e9 aux \u00c9tats-Unis selon les normes\u200c de qualit\u00e9 \u2062les plus\u200c strictes<\/li>\n<li>Convient aux v\u00e9g\u00e9tariens et v\u00e9g\u00e9taliens<\/li>\n<\/ul>\n<h2>Ingr\u00e9dients<\/h2>\n<p>Chaque capsule de Saffron\u200d de NOW Foods contient\u200d 50mg de safran pur, sans aucun additif ni ingr\u00e9dient \u2062artificiel. \u2064Le safran \u2062est une source naturelle de nombreux nutriments essentiels, tels que la\u2064 vitamine C, le fer, le \u2062potassium et le magn\u00e9sium.<\/p>\n<h2>Avantages uniques<\/h2>\n<p>Le safran est connu pour ses propri\u00e9t\u00e9s antioxydantes et anti-inflammatoires, qui peuvent aider \u00e0 prot\u00e9ger\u2064 les cellules contre les dommages caus\u00e9s par les radicaux libres et \u00e0 r\u00e9duire l&#8217;inflammation dans le\u2062 corps. Il peut\u200d \u00e9galement aider \u00e0 am\u00e9liorer l&#8217;humeur et \u00e0 r\u00e9duire le stress et l&#8217;anxi\u00e9t\u00e9.<\/p>\n<p>En prenant r\u00e9guli\u00e8rement\u2062 du \u200csafran, vous pouvez \u00e9galement b\u00e9n\u00e9ficier \u2064d&#8217;une meilleure sant\u00e9 digestive, d&#8217;une\u2062 am\u00e9lioration de la \u2062fonction c\u00e9r\u00e9brale et d&#8217;un soutien pour un\u200b syst\u00e8me immunitaire fort.<\/p>\n<h2>Mode d&#8217;emploi<\/h2>\n<p>Pour\u200d profiter des bienfaits du safran, prenez une capsule par jour avec de l&#8217;eau, de pr\u00e9f\u00e9rence pendant un repas. Pour\u200d de meilleurs r\u00e9sultats, utilisez r\u00e9guli\u00e8rement et suivez un mode de vie sain comprenant une alimentation \u00e9quilibr\u00e9e et de l&#8217;exercice physique.<\/p>\n<p>Ne d\u00e9passez pas la\u200d dose\u200d recommand\u00e9e et consultez votre m\u00e9decin avant de prendre tout compl\u00e9ment alimentaire, en particulier si vous \u00eates enceinte, allaitez ou prenez\u2063 des m\u00e9dicaments.<\/p>\n<h2>Profitez des bienfaits du safran d\u00e8s aujourd&#8217;hui avec \u2064Saffron de NOW Foods !<\/h2>\n","protected":false},"excerpt":{"rendered":"<p>Saffron, 50mg &#8211; 60 vcaps Le safran est une \u00e9pice pr\u00e9cieuse et rare, utilis\u00e9e depuis des si\u00e8cles pour ses propri\u00e9t\u00e9s m\u00e9dicinales et culinaires. NOW Foods vous offre la possibilit\u00e9 de\u200b profiter des bienfaits du safran sous \u2063forme de compl\u00e9ment alimentaire pratique \u2064et facile \u00e0 prendre. Caract\u00e9ristiques sp\u00e9ciales Chaque capsule contient 50mg\u200d de safran pur 60 [&#8230;]\n","protected":false},"featured_media":252443,"comment_status":"open","ping_status":"open","template":"","meta":[],"product_brand":[4733],"product_cat":[5119,5052],"product_tag":[],"class_list":{"0":"post-289132","1":"product","2":"type-product","3":"status-publish","4":"has-post-thumbnail","6":"product_brand-now-foods-2","7":"product_cat-amelioration-de-lhumeur","8":"product_cat-sante-et-bien-etre","10":"first","11":"instock","12":"taxable","13":"shipping-taxable","14":"purchasable","15":"product-type-simple"},"yoast_head":"<!-- This site is optimized with the Yoast SEO Premium plugin v27.3 (Yoast SEO v27.3) - https:\/\/yoast.com\/product\/yoast-seo-premium-wordpress\/ -->\n<title>Safran, 50mg - 60 g\u00e9lules - ECO Supplements<\/title>\n<meta name=\"description\" content=\"Wij hebben een ruime keuze aan producten van Safran, 50mg - 60 g\u00e9lules . Winkel bij Eco Supplements altijd gratis verzending boven 100\u20ac\" \/>\n<meta name=\"robots\" content=\"index, follow, max-snippet:-1, max-image-preview:large, max-video-preview:-1\" \/>\n<link rel=\"canonical\" href=\"https:\/\/ecosupplements.be\/fr\/produit\/safran-50mg-60-gelules\/\" \/>\n<meta property=\"og:locale\" content=\"fr_FR\" \/>\n<meta property=\"og:type\" content=\"article\" \/>\n<meta property=\"og:title\" content=\"Safran, 50mg - 60 g\u00e9lules\" \/>\n<meta property=\"og:description\" content=\"Wij hebben een ruime keuze aan producten van Safran, 50mg - 60 g\u00e9lules . Winkel bij Eco Supplements altijd gratis verzending boven 100\u20ac\" \/>\n<meta property=\"og:url\" content=\"https:\/\/ecosupplements.be\/fr\/produit\/safran-50mg-60-gelules\/\" \/>\n<meta property=\"og:site_name\" content=\"ECO Supplements\" \/>\n<meta property=\"article:modified_time\" content=\"2025-08-27T13:52:19+00:00\" \/>\n<meta property=\"og:image\" content=\"https:\/\/ecosupplements.be\/wp-content\/uploads\/2025\/08\/Saffron-50mg-60-vcaps-1.jpg\" \/>\n\t<meta property=\"og:image:width\" content=\"281\" \/>\n\t<meta property=\"og:image:height\" content=\"528\" \/>\n\t<meta property=\"og:image:type\" content=\"image\/jpeg\" \/>\n<meta name=\"twitter:card\" content=\"summary_large_image\" \/>\n<meta name=\"twitter:label1\" content=\"Prix\" \/>\n\t<meta name=\"twitter:data1\" content=\"31.50&nbsp;&euro;\" \/>\n\t<meta name=\"twitter:label2\" content=\"Disponibilit\u00e9\" \/>\n\t<meta name=\"twitter:data2\" content=\"En stock\" \/>\n<script type=\"application\/ld+json\" class=\"yoast-schema-graph\">{\"@context\":\"https:\\\/\\\/schema.org\",\"@graph\":[{\"@type\":[\"WebPage\",\"ItemPage\"],\"@id\":\"https:\\\/\\\/ecosupplements.be\\\/fr\\\/produit\\\/safran-50mg-60-gelules\\\/\",\"url\":\"https:\\\/\\\/ecosupplements.be\\\/fr\\\/produit\\\/safran-50mg-60-gelules\\\/\",\"name\":\"Safran, 50mg - 60 g\u00e9lules - ECO Supplements\",\"isPartOf\":{\"@id\":\"https:\\\/\\\/ecosupplements.be\\\/fr\\\/#website\"},\"primaryImageOfPage\":{\"@id\":\"https:\\\/\\\/ecosupplements.be\\\/fr\\\/produit\\\/safran-50mg-60-gelules\\\/#primaryimage\"},\"image\":{\"@id\":\"https:\\\/\\\/ecosupplements.be\\\/fr\\\/produit\\\/safran-50mg-60-gelules\\\/#primaryimage\"},\"thumbnailUrl\":\"https:\\\/\\\/ecosupplements.be\\\/wp-content\\\/uploads\\\/2025\\\/08\\\/Saffron-50mg-60-vcaps.jpg\",\"datePublished\":\"2022-06-28T09:26:10+00:00\",\"dateModified\":\"2025-08-27T13:52:19+00:00\",\"description\":\"Wij hebben een ruime keuze aan producten van Safran, 50mg - 60 g\u00e9lules . Winkel bij Eco Supplements altijd gratis verzending boven 100\u20ac\",\"breadcrumb\":{\"@id\":\"https:\\\/\\\/ecosupplements.be\\\/fr\\\/produit\\\/safran-50mg-60-gelules\\\/#breadcrumb\"},\"inLanguage\":\"fr-FR\",\"potentialAction\":[{\"@type\":\"ReadAction\",\"target\":[\"https:\\\/\\\/ecosupplements.be\\\/fr\\\/produit\\\/safran-50mg-60-gelules\\\/\"]}]},{\"@type\":\"ImageObject\",\"inLanguage\":\"fr-FR\",\"@id\":\"https:\\\/\\\/ecosupplements.be\\\/fr\\\/produit\\\/safran-50mg-60-gelules\\\/#primaryimage\",\"url\":\"https:\\\/\\\/ecosupplements.be\\\/wp-content\\\/uploads\\\/2025\\\/08\\\/Saffron-50mg-60-vcaps.jpg\",\"contentUrl\":\"https:\\\/\\\/ecosupplements.be\\\/wp-content\\\/uploads\\\/2025\\\/08\\\/Saffron-50mg-60-vcaps.jpg\",\"width\":500,\"height\":500},{\"@type\":\"BreadcrumbList\",\"@id\":\"https:\\\/\\\/ecosupplements.be\\\/fr\\\/produit\\\/safran-50mg-60-gelules\\\/#breadcrumb\",\"itemListElement\":[{\"@type\":\"ListItem\",\"position\":1,\"name\":\"Home\",\"item\":\"https:\\\/\\\/ecosupplements.be\\\/fr\\\/\"},{\"@type\":\"ListItem\",\"position\":2,\"name\":\"Boutique\",\"item\":\"https:\\\/\\\/ecosupplements.be\\\/fr\\\/boutique\\\/\"},{\"@type\":\"ListItem\",\"position\":3,\"name\":\"Safran, 50mg &#8211; 60 g\u00e9lules\"}]},{\"@type\":\"WebSite\",\"@id\":\"https:\\\/\\\/ecosupplements.be\\\/fr\\\/#website\",\"url\":\"https:\\\/\\\/ecosupplements.be\\\/fr\\\/\",\"name\":\"ECO Supplements\",\"description\":\"Eco Supplements - Gezonde supplementen\",\"publisher\":{\"@id\":\"https:\\\/\\\/ecosupplements.be\\\/fr\\\/#organization\"},\"potentialAction\":[{\"@type\":\"SearchAction\",\"target\":{\"@type\":\"EntryPoint\",\"urlTemplate\":\"https:\\\/\\\/ecosupplements.be\\\/fr\\\/?s={search_term_string}\"},\"query-input\":{\"@type\":\"PropertyValueSpecification\",\"valueRequired\":true,\"valueName\":\"search_term_string\"}}],\"inLanguage\":\"fr-FR\"},{\"@type\":\"Organization\",\"@id\":\"https:\\\/\\\/ecosupplements.be\\\/fr\\\/#organization\",\"name\":\"Eco Supplements\",\"url\":\"https:\\\/\\\/ecosupplements.be\\\/fr\\\/\",\"logo\":{\"@type\":\"ImageObject\",\"inLanguage\":\"fr-FR\",\"@id\":\"https:\\\/\\\/ecosupplements.be\\\/fr\\\/#\\\/schema\\\/logo\\\/image\\\/\",\"url\":\"https:\\\/\\\/ecosupplements.be\\\/wp-content\\\/uploads\\\/2022\\\/06\\\/ecosupplement-family.png\",\"contentUrl\":\"https:\\\/\\\/ecosupplements.be\\\/wp-content\\\/uploads\\\/2022\\\/06\\\/ecosupplement-family.png\",\"width\":593,\"height\":374,\"caption\":\"Eco Supplements\"},\"image\":{\"@id\":\"https:\\\/\\\/ecosupplements.be\\\/fr\\\/#\\\/schema\\\/logo\\\/image\\\/\"}}]}<\/script>\n<meta property=\"product:brand\" content=\"NOW Foods\" \/>\n<meta property=\"product:price:amount\" content=\"31.50\" \/>\n<meta property=\"product:price:currency\" content=\"EUR\" \/>\n<meta property=\"og:availability\" content=\"instock\" \/>\n<meta property=\"product:availability\" content=\"instock\" \/>\n<meta property=\"product:retailer_item_id\" content=\"733739047915\" \/>\n<meta property=\"product:condition\" content=\"new\" \/>\n<!-- \/ Yoast SEO Premium plugin. -->","yoast_head_json":{"title":"Safran, 50mg - 60 g\u00e9lules - ECO Supplements","description":"Wij hebben een ruime keuze aan producten van Safran, 50mg - 60 g\u00e9lules . Winkel bij Eco Supplements altijd gratis verzending boven 100\u20ac","robots":{"index":"index","follow":"follow","max-snippet":"max-snippet:-1","max-image-preview":"max-image-preview:large","max-video-preview":"max-video-preview:-1"},"canonical":"https:\/\/ecosupplements.be\/fr\/produit\/safran-50mg-60-gelules\/","og_locale":"fr_FR","og_type":"article","og_title":"Safran, 50mg - 60 g\u00e9lules","og_description":"Wij hebben een ruime keuze aan producten van Safran, 50mg - 60 g\u00e9lules . Winkel bij Eco Supplements altijd gratis verzending boven 100\u20ac","og_url":"https:\/\/ecosupplements.be\/fr\/produit\/safran-50mg-60-gelules\/","og_site_name":"ECO Supplements","article_modified_time":"2025-08-27T13:52:19+00:00","og_image":[{"width":281,"height":528,"url":"https:\/\/ecosupplements.be\/wp-content\/uploads\/2025\/08\/Saffron-50mg-60-vcaps-1.jpg","type":"image\/jpeg"}],"twitter_card":"summary_large_image","twitter_misc":{"Prix":"31.50&nbsp;&euro;","Disponibilit\u00e9":"En stock"},"schema":{"@context":"https:\/\/schema.org","@graph":[{"@type":["WebPage","ItemPage"],"@id":"https:\/\/ecosupplements.be\/fr\/produit\/safran-50mg-60-gelules\/","url":"https:\/\/ecosupplements.be\/fr\/produit\/safran-50mg-60-gelules\/","name":"Safran, 50mg - 60 g\u00e9lules - ECO Supplements","isPartOf":{"@id":"https:\/\/ecosupplements.be\/fr\/#website"},"primaryImageOfPage":{"@id":"https:\/\/ecosupplements.be\/fr\/produit\/safran-50mg-60-gelules\/#primaryimage"},"image":{"@id":"https:\/\/ecosupplements.be\/fr\/produit\/safran-50mg-60-gelules\/#primaryimage"},"thumbnailUrl":"https:\/\/ecosupplements.be\/wp-content\/uploads\/2025\/08\/Saffron-50mg-60-vcaps.jpg","datePublished":"2022-06-28T09:26:10+00:00","dateModified":"2025-08-27T13:52:19+00:00","description":"Wij hebben een ruime keuze aan producten van Safran, 50mg - 60 g\u00e9lules . Winkel bij Eco Supplements altijd gratis verzending boven 100\u20ac","breadcrumb":{"@id":"https:\/\/ecosupplements.be\/fr\/produit\/safran-50mg-60-gelules\/#breadcrumb"},"inLanguage":"fr-FR","potentialAction":[{"@type":"ReadAction","target":["https:\/\/ecosupplements.be\/fr\/produit\/safran-50mg-60-gelules\/"]}]},{"@type":"ImageObject","inLanguage":"fr-FR","@id":"https:\/\/ecosupplements.be\/fr\/produit\/safran-50mg-60-gelules\/#primaryimage","url":"https:\/\/ecosupplements.be\/wp-content\/uploads\/2025\/08\/Saffron-50mg-60-vcaps.jpg","contentUrl":"https:\/\/ecosupplements.be\/wp-content\/uploads\/2025\/08\/Saffron-50mg-60-vcaps.jpg","width":500,"height":500},{"@type":"BreadcrumbList","@id":"https:\/\/ecosupplements.be\/fr\/produit\/safran-50mg-60-gelules\/#breadcrumb","itemListElement":[{"@type":"ListItem","position":1,"name":"Home","item":"https:\/\/ecosupplements.be\/fr\/"},{"@type":"ListItem","position":2,"name":"Boutique","item":"https:\/\/ecosupplements.be\/fr\/boutique\/"},{"@type":"ListItem","position":3,"name":"Safran, 50mg &#8211; 60 g\u00e9lules"}]},{"@type":"WebSite","@id":"https:\/\/ecosupplements.be\/fr\/#website","url":"https:\/\/ecosupplements.be\/fr\/","name":"ECO Supplements","description":"Eco Supplements - Gezonde supplementen","publisher":{"@id":"https:\/\/ecosupplements.be\/fr\/#organization"},"potentialAction":[{"@type":"SearchAction","target":{"@type":"EntryPoint","urlTemplate":"https:\/\/ecosupplements.be\/fr\/?s={search_term_string}"},"query-input":{"@type":"PropertyValueSpecification","valueRequired":true,"valueName":"search_term_string"}}],"inLanguage":"fr-FR"},{"@type":"Organization","@id":"https:\/\/ecosupplements.be\/fr\/#organization","name":"Eco Supplements","url":"https:\/\/ecosupplements.be\/fr\/","logo":{"@type":"ImageObject","inLanguage":"fr-FR","@id":"https:\/\/ecosupplements.be\/fr\/#\/schema\/logo\/image\/","url":"https:\/\/ecosupplements.be\/wp-content\/uploads\/2022\/06\/ecosupplement-family.png","contentUrl":"https:\/\/ecosupplements.be\/wp-content\/uploads\/2022\/06\/ecosupplement-family.png","width":593,"height":374,"caption":"Eco Supplements"},"image":{"@id":"https:\/\/ecosupplements.be\/fr\/#\/schema\/logo\/image\/"}}]},"product_brand":"NOW Foods","product_price_amount":"31.50","product_price_currency":"EUR","og_availability":"instock","product_availability":"instock","product_retailer_item_id":"733739047915","product_condition":"new"},"_links":{"self":[{"href":"https:\/\/ecosupplements.be\/fr\/wp-json\/wp\/v2\/product\/289132","targetHints":{"allow":["GET"]}}],"collection":[{"href":"https:\/\/ecosupplements.be\/fr\/wp-json\/wp\/v2\/product"}],"about":[{"href":"https:\/\/ecosupplements.be\/fr\/wp-json\/wp\/v2\/types\/product"}],"replies":[{"embeddable":true,"href":"https:\/\/ecosupplements.be\/fr\/wp-json\/wp\/v2\/comments?post=289132"}],"wp:featuredmedia":[{"embeddable":true,"href":"https:\/\/ecosupplements.be\/fr\/wp-json\/wp\/v2\/media\/252443"}],"wp:attachment":[{"href":"https:\/\/ecosupplements.be\/fr\/wp-json\/wp\/v2\/media?parent=289132"}],"wp:term":[{"taxonomy":"product_brand","embeddable":true,"href":"https:\/\/ecosupplements.be\/fr\/wp-json\/wp\/v2\/product_brand?post=289132"},{"taxonomy":"product_cat","embeddable":true,"href":"https:\/\/ecosupplements.be\/fr\/wp-json\/wp\/v2\/product_cat?post=289132"},{"taxonomy":"product_tag","embeddable":true,"href":"https:\/\/ecosupplements.be\/fr\/wp-json\/wp\/v2\/product_tag?post=289132"}],"curies":[{"name":"wp","href":"https:\/\/api.w.org\/{rel}","templated":true}]}}