{"id":289189,"date":"2024-03-09T13:53:06","date_gmt":"2024-03-09T12:53:06","guid":{"rendered":"https:\/\/ecosupplements.be\/product\/cla-avec-the-vert-et-l-carnitine-60-capsules\/"},"modified":"2025-08-27T14:53:17","modified_gmt":"2025-08-27T13:53:17","slug":"cla-avec-the-vert-et-l-carnitine-60-capsules","status":"publish","type":"product","link":"https:\/\/ecosupplements.be\/fr\/produit\/cla-avec-the-vert-et-l-carnitine-60-capsules\/","title":{"rendered":"CLA avec th\u00e9 vert et L-Carnitine &#8211; 60 capsules"},"content":{"rendered":"<h1>CLA with Green\u200c Tea\u200c plus L-Carnitine &#8211; 60 caps<\/h1>\n<p>Le\u200b CLA with\u2062 Green Tea\u200d plus L-Carnitine est \u2062un \u2063compl\u00e9ment alimentaire de \u2064la marque Olimp Nutrition, \u200boriginaire de Pologne. \u200bIl s&#8217;agit\u2064 d&#8217;une formule unique\u200b qui combine\u2063 trois ingr\u00e9dients puissants pour vous \u200caider \u200c\u00e0 atteindre vos objectifs de perte de\u2062 poids et de\u200b remise en forme.<\/p>\n<h2>Ingr\u00e9dients cl\u00e9s<\/h2>\n<ul>\n<li>CLA (acide \u2064linol\u00e9ique conjugu\u00e9) \u2063- un acide gras naturellement pr\u00e9sent\u200d dans les produits laitiers et la viande, connu pour \u2063ses propri\u00e9t\u00e9s de r\u00e9duction de la graisse\u200b corporelle et de \u2064renforcement musculaire.<\/li>\n<li>Th\u00e9 vert &#8211; riche en antioxydants, en\u200d particulier en cat\u00e9chines,\u200d qui aident \u00e0 stimuler le m\u00e9tabolisme et \u00e0 br\u00fbler les graisses.<\/li>\n<li>L-Carnitine &#8211; \u2062un acide amin\u00e9 qui joue\u200c un r\u00f4le\u200c essentiel dans le transport des acides gras \u2063vers les cellules\u2062 pour \u200c\u00eatre utilis\u00e9s comme source d&#8217;\u00e9nergie.<\/li>\n<\/ul>\n<h2>Avantages\u2062 uniques<\/h2>\n<p>Ce produit combine \u2063trois\u2063 ingr\u00e9dients \u200dcl\u00e9s pour vous aider \u00e0 atteindre vos \u2062objectifs de perte de poids et de remise en forme de mani\u00e8re efficace\u200c et \u2063naturelle. En plus\u200d de ses propri\u00e9t\u00e9s de r\u00e9duction de la graisse corporelle, le\u200d CLA with \u200cGreen Tea plus L-Carnitine peut \u00e9galement aider \u00e0\u2064 am\u00e9liorer la\u200c composition \u200dcorporelle en augmentant la masse musculaire \u2064maigre.<\/p>\n<h2>Caract\u00e9ristiques principales<\/h2>\n<ul>\n<li>Formule unique combinant trois ingr\u00e9dients \u200bpuissants<\/li>\n<li>Aide \u00e0 r\u00e9duire la\u200b graisse corporelle et \u00e0 augmenter la masse musculaire maigre<\/li>\n<li>Stimule le m\u00e9tabolisme et aide \u00e0 br\u00fbler les graisses<\/li>\n<li>Contient\u200d des antioxydants pour soutenir la\u2063 sant\u00e9 globale<\/li>\n<li>Facile\u2062 \u00e0 prendre sous\u2062 forme de\u200d capsules \u200bpratiques<\/li>\n<\/ul>\n<p>Si vous cherchez un compl\u00e9ment alimentaire pour vous aider \u00e0\u200b atteindre \u200cvos objectifs de perte de poids et\u2062 de remise en\u200b forme, le \u2064CLA \u2062with Green\u200b Tea plus L-Carnitine est un excellent choix. Avec sa formule unique et ses ingr\u00e9dients\u200d de qualit\u00e9, il peut vous aider\u2063 \u00e0 obtenir les r\u00e9sultats que vous d\u00e9sirez.\u2063 Commandez d\u00e8s maintenant\u200c et commencez votre voyage vers une\u2062 meilleure sant\u00e9 et une\u200c meilleure forme physique !<\/p>\n","protected":false},"excerpt":{"rendered":"<p>CLA with Green\u200c Tea\u200c plus L-Carnitine &#8211; 60 caps Le\u200b CLA with\u2062 Green Tea\u200d plus L-Carnitine est \u2062un \u2063compl\u00e9ment alimentaire de \u2064la marque Olimp Nutrition, \u200boriginaire de Pologne. \u200bIl s&#8217;agit\u2064 d&#8217;une formule unique\u200b qui combine\u2063 trois ingr\u00e9dients puissants pour vous \u200caider \u200c\u00e0 atteindre vos objectifs de perte de\u2062 poids et de\u200b remise en forme. Ingr\u00e9dients [&#8230;]\n","protected":false},"featured_media":289190,"comment_status":"open","ping_status":"open","template":"","meta":[],"product_brand":[4753],"product_cat":[5157,5082],"product_tag":[],"class_list":{"0":"post-289189","1":"product","2":"type-product","3":"status-publish","4":"has-post-thumbnail","6":"product_brand-olimp-nutrition-2","7":"product_cat-cla-acide-linoleique-conjugue","8":"product_cat-omegas-efa-cla-huiles","10":"first","11":"outofstock","12":"taxable","13":"shipping-taxable","14":"purchasable","15":"product-type-simple"},"yoast_head":"<!-- This site is optimized with the Yoast SEO Premium plugin v27.3 (Yoast SEO v27.3) - https:\/\/yoast.com\/product\/yoast-seo-premium-wordpress\/ -->\n<title>CLA avec th\u00e9 vert et L-Carnitine - 60 capsules - ECO Supplements<\/title>\n<meta name=\"description\" content=\"Wij hebben een ruime keuze aan producten van CLA avec th\u00e9 vert et L-Carnitine - 60 capsules . Winkel bij Eco Supplements altijd gratis verzending boven 100\u20ac\" \/>\n<meta name=\"robots\" content=\"index, follow, max-snippet:-1, max-image-preview:large, max-video-preview:-1\" \/>\n<link rel=\"canonical\" href=\"https:\/\/ecosupplements.be\/fr\/produit\/cla-avec-the-vert-et-l-carnitine-60-capsules\/\" \/>\n<meta property=\"og:locale\" content=\"fr_FR\" \/>\n<meta property=\"og:type\" content=\"article\" \/>\n<meta property=\"og:title\" content=\"CLA avec th\u00e9 vert et L-Carnitine - 60 capsules\" \/>\n<meta property=\"og:description\" content=\"Wij hebben een ruime keuze aan producten van CLA avec th\u00e9 vert et L-Carnitine - 60 capsules . Winkel bij Eco Supplements altijd gratis verzending boven 100\u20ac\" \/>\n<meta property=\"og:url\" content=\"https:\/\/ecosupplements.be\/fr\/produit\/cla-avec-the-vert-et-l-carnitine-60-capsules\/\" \/>\n<meta property=\"og:site_name\" content=\"ECO Supplements\" \/>\n<meta property=\"article:modified_time\" content=\"2025-08-27T13:53:17+00:00\" \/>\n<meta property=\"og:image\" content=\"https:\/\/ecosupplements.be\/wp-content\/uploads\/2025\/08\/CLA-with-Green-Tea-plus-L-Carnitine-60-caps-1.jpg\" \/>\n\t<meta property=\"og:image:width\" content=\"951\" \/>\n\t<meta property=\"og:image:height\" content=\"584\" \/>\n\t<meta property=\"og:image:type\" content=\"image\/jpeg\" \/>\n<meta name=\"twitter:card\" content=\"summary_large_image\" \/>\n<meta name=\"twitter:label1\" content=\"Prix\" \/>\n\t<meta name=\"twitter:data1\" content=\"19.33&nbsp;&euro;\" \/>\n\t<meta name=\"twitter:label2\" content=\"Disponibilit\u00e9\" \/>\n\t<meta name=\"twitter:data2\" content=\"Rupture de stock\" \/>\n<script type=\"application\/ld+json\" class=\"yoast-schema-graph\">{\"@context\":\"https:\\\/\\\/schema.org\",\"@graph\":[{\"@type\":[\"WebPage\",\"ItemPage\"],\"@id\":\"https:\\\/\\\/ecosupplements.be\\\/fr\\\/produit\\\/cla-avec-the-vert-et-l-carnitine-60-capsules\\\/\",\"url\":\"https:\\\/\\\/ecosupplements.be\\\/fr\\\/produit\\\/cla-avec-the-vert-et-l-carnitine-60-capsules\\\/\",\"name\":\"CLA avec th\u00e9 vert et L-Carnitine - 60 capsules - ECO Supplements\",\"isPartOf\":{\"@id\":\"https:\\\/\\\/ecosupplements.be\\\/fr\\\/#website\"},\"primaryImageOfPage\":{\"@id\":\"https:\\\/\\\/ecosupplements.be\\\/fr\\\/produit\\\/cla-avec-the-vert-et-l-carnitine-60-capsules\\\/#primaryimage\"},\"image\":{\"@id\":\"https:\\\/\\\/ecosupplements.be\\\/fr\\\/produit\\\/cla-avec-the-vert-et-l-carnitine-60-capsules\\\/#primaryimage\"},\"thumbnailUrl\":\"https:\\\/\\\/ecosupplements.be\\\/wp-content\\\/uploads\\\/2025\\\/08\\\/CLA-with-Green-Tea-plus-L-Carnitine-60-caps-1.jpg\",\"datePublished\":\"2024-03-09T12:53:06+00:00\",\"dateModified\":\"2025-08-27T13:53:17+00:00\",\"description\":\"Wij hebben een ruime keuze aan producten van CLA avec th\u00e9 vert et L-Carnitine - 60 capsules . Winkel bij Eco Supplements altijd gratis verzending boven 100\u20ac\",\"breadcrumb\":{\"@id\":\"https:\\\/\\\/ecosupplements.be\\\/fr\\\/produit\\\/cla-avec-the-vert-et-l-carnitine-60-capsules\\\/#breadcrumb\"},\"inLanguage\":\"fr-FR\",\"potentialAction\":[{\"@type\":\"ReadAction\",\"target\":[\"https:\\\/\\\/ecosupplements.be\\\/fr\\\/produit\\\/cla-avec-the-vert-et-l-carnitine-60-capsules\\\/\"]}]},{\"@type\":\"ImageObject\",\"inLanguage\":\"fr-FR\",\"@id\":\"https:\\\/\\\/ecosupplements.be\\\/fr\\\/produit\\\/cla-avec-the-vert-et-l-carnitine-60-capsules\\\/#primaryimage\",\"url\":\"https:\\\/\\\/ecosupplements.be\\\/wp-content\\\/uploads\\\/2025\\\/08\\\/CLA-with-Green-Tea-plus-L-Carnitine-60-caps-1.jpg\",\"contentUrl\":\"https:\\\/\\\/ecosupplements.be\\\/wp-content\\\/uploads\\\/2025\\\/08\\\/CLA-with-Green-Tea-plus-L-Carnitine-60-caps-1.jpg\",\"width\":951,\"height\":584},{\"@type\":\"BreadcrumbList\",\"@id\":\"https:\\\/\\\/ecosupplements.be\\\/fr\\\/produit\\\/cla-avec-the-vert-et-l-carnitine-60-capsules\\\/#breadcrumb\",\"itemListElement\":[{\"@type\":\"ListItem\",\"position\":1,\"name\":\"Home\",\"item\":\"https:\\\/\\\/ecosupplements.be\\\/fr\\\/\"},{\"@type\":\"ListItem\",\"position\":2,\"name\":\"Boutique\",\"item\":\"https:\\\/\\\/ecosupplements.be\\\/fr\\\/boutique\\\/\"},{\"@type\":\"ListItem\",\"position\":3,\"name\":\"CLA avec th\u00e9 vert et L-Carnitine &#8211; 60 capsules\"}]},{\"@type\":\"WebSite\",\"@id\":\"https:\\\/\\\/ecosupplements.be\\\/fr\\\/#website\",\"url\":\"https:\\\/\\\/ecosupplements.be\\\/fr\\\/\",\"name\":\"ECO Supplements\",\"description\":\"Eco Supplements - Gezonde supplementen\",\"publisher\":{\"@id\":\"https:\\\/\\\/ecosupplements.be\\\/fr\\\/#organization\"},\"potentialAction\":[{\"@type\":\"SearchAction\",\"target\":{\"@type\":\"EntryPoint\",\"urlTemplate\":\"https:\\\/\\\/ecosupplements.be\\\/fr\\\/?s={search_term_string}\"},\"query-input\":{\"@type\":\"PropertyValueSpecification\",\"valueRequired\":true,\"valueName\":\"search_term_string\"}}],\"inLanguage\":\"fr-FR\"},{\"@type\":\"Organization\",\"@id\":\"https:\\\/\\\/ecosupplements.be\\\/fr\\\/#organization\",\"name\":\"Eco Supplements\",\"url\":\"https:\\\/\\\/ecosupplements.be\\\/fr\\\/\",\"logo\":{\"@type\":\"ImageObject\",\"inLanguage\":\"fr-FR\",\"@id\":\"https:\\\/\\\/ecosupplements.be\\\/fr\\\/#\\\/schema\\\/logo\\\/image\\\/\",\"url\":\"https:\\\/\\\/ecosupplements.be\\\/wp-content\\\/uploads\\\/2022\\\/06\\\/ecosupplement-family.png\",\"contentUrl\":\"https:\\\/\\\/ecosupplements.be\\\/wp-content\\\/uploads\\\/2022\\\/06\\\/ecosupplement-family.png\",\"width\":593,\"height\":374,\"caption\":\"Eco Supplements\"},\"image\":{\"@id\":\"https:\\\/\\\/ecosupplements.be\\\/fr\\\/#\\\/schema\\\/logo\\\/image\\\/\"}}]}<\/script>\n<meta property=\"product:brand\" content=\"Olimp Nutrition\" \/>\n<meta property=\"product:price:amount\" content=\"19.33\" \/>\n<meta property=\"product:price:currency\" content=\"EUR\" \/>\n<meta property=\"og:availability\" content=\"out of stock\" \/>\n<meta property=\"product:availability\" content=\"out of stock\" \/>\n<meta property=\"product:retailer_item_id\" content=\"5901330048081\" \/>\n<meta property=\"product:condition\" content=\"new\" \/>\n<!-- \/ Yoast SEO Premium plugin. -->","yoast_head_json":{"title":"CLA avec th\u00e9 vert et L-Carnitine - 60 capsules - ECO Supplements","description":"Wij hebben een ruime keuze aan producten van CLA avec th\u00e9 vert et L-Carnitine - 60 capsules . Winkel bij Eco Supplements altijd gratis verzending boven 100\u20ac","robots":{"index":"index","follow":"follow","max-snippet":"max-snippet:-1","max-image-preview":"max-image-preview:large","max-video-preview":"max-video-preview:-1"},"canonical":"https:\/\/ecosupplements.be\/fr\/produit\/cla-avec-the-vert-et-l-carnitine-60-capsules\/","og_locale":"fr_FR","og_type":"article","og_title":"CLA avec th\u00e9 vert et L-Carnitine - 60 capsules","og_description":"Wij hebben een ruime keuze aan producten van CLA avec th\u00e9 vert et L-Carnitine - 60 capsules . Winkel bij Eco Supplements altijd gratis verzending boven 100\u20ac","og_url":"https:\/\/ecosupplements.be\/fr\/produit\/cla-avec-the-vert-et-l-carnitine-60-capsules\/","og_site_name":"ECO Supplements","article_modified_time":"2025-08-27T13:53:17+00:00","og_image":[{"width":951,"height":584,"url":"https:\/\/ecosupplements.be\/wp-content\/uploads\/2025\/08\/CLA-with-Green-Tea-plus-L-Carnitine-60-caps-1.jpg","type":"image\/jpeg"}],"twitter_card":"summary_large_image","twitter_misc":{"Prix":"19.33&nbsp;&euro;","Disponibilit\u00e9":"Rupture de stock"},"schema":{"@context":"https:\/\/schema.org","@graph":[{"@type":["WebPage","ItemPage"],"@id":"https:\/\/ecosupplements.be\/fr\/produit\/cla-avec-the-vert-et-l-carnitine-60-capsules\/","url":"https:\/\/ecosupplements.be\/fr\/produit\/cla-avec-the-vert-et-l-carnitine-60-capsules\/","name":"CLA avec th\u00e9 vert et L-Carnitine - 60 capsules - ECO Supplements","isPartOf":{"@id":"https:\/\/ecosupplements.be\/fr\/#website"},"primaryImageOfPage":{"@id":"https:\/\/ecosupplements.be\/fr\/produit\/cla-avec-the-vert-et-l-carnitine-60-capsules\/#primaryimage"},"image":{"@id":"https:\/\/ecosupplements.be\/fr\/produit\/cla-avec-the-vert-et-l-carnitine-60-capsules\/#primaryimage"},"thumbnailUrl":"https:\/\/ecosupplements.be\/wp-content\/uploads\/2025\/08\/CLA-with-Green-Tea-plus-L-Carnitine-60-caps-1.jpg","datePublished":"2024-03-09T12:53:06+00:00","dateModified":"2025-08-27T13:53:17+00:00","description":"Wij hebben een ruime keuze aan producten van CLA avec th\u00e9 vert et L-Carnitine - 60 capsules . Winkel bij Eco Supplements altijd gratis verzending boven 100\u20ac","breadcrumb":{"@id":"https:\/\/ecosupplements.be\/fr\/produit\/cla-avec-the-vert-et-l-carnitine-60-capsules\/#breadcrumb"},"inLanguage":"fr-FR","potentialAction":[{"@type":"ReadAction","target":["https:\/\/ecosupplements.be\/fr\/produit\/cla-avec-the-vert-et-l-carnitine-60-capsules\/"]}]},{"@type":"ImageObject","inLanguage":"fr-FR","@id":"https:\/\/ecosupplements.be\/fr\/produit\/cla-avec-the-vert-et-l-carnitine-60-capsules\/#primaryimage","url":"https:\/\/ecosupplements.be\/wp-content\/uploads\/2025\/08\/CLA-with-Green-Tea-plus-L-Carnitine-60-caps-1.jpg","contentUrl":"https:\/\/ecosupplements.be\/wp-content\/uploads\/2025\/08\/CLA-with-Green-Tea-plus-L-Carnitine-60-caps-1.jpg","width":951,"height":584},{"@type":"BreadcrumbList","@id":"https:\/\/ecosupplements.be\/fr\/produit\/cla-avec-the-vert-et-l-carnitine-60-capsules\/#breadcrumb","itemListElement":[{"@type":"ListItem","position":1,"name":"Home","item":"https:\/\/ecosupplements.be\/fr\/"},{"@type":"ListItem","position":2,"name":"Boutique","item":"https:\/\/ecosupplements.be\/fr\/boutique\/"},{"@type":"ListItem","position":3,"name":"CLA avec th\u00e9 vert et L-Carnitine &#8211; 60 capsules"}]},{"@type":"WebSite","@id":"https:\/\/ecosupplements.be\/fr\/#website","url":"https:\/\/ecosupplements.be\/fr\/","name":"ECO Supplements","description":"Eco Supplements - Gezonde supplementen","publisher":{"@id":"https:\/\/ecosupplements.be\/fr\/#organization"},"potentialAction":[{"@type":"SearchAction","target":{"@type":"EntryPoint","urlTemplate":"https:\/\/ecosupplements.be\/fr\/?s={search_term_string}"},"query-input":{"@type":"PropertyValueSpecification","valueRequired":true,"valueName":"search_term_string"}}],"inLanguage":"fr-FR"},{"@type":"Organization","@id":"https:\/\/ecosupplements.be\/fr\/#organization","name":"Eco Supplements","url":"https:\/\/ecosupplements.be\/fr\/","logo":{"@type":"ImageObject","inLanguage":"fr-FR","@id":"https:\/\/ecosupplements.be\/fr\/#\/schema\/logo\/image\/","url":"https:\/\/ecosupplements.be\/wp-content\/uploads\/2022\/06\/ecosupplement-family.png","contentUrl":"https:\/\/ecosupplements.be\/wp-content\/uploads\/2022\/06\/ecosupplement-family.png","width":593,"height":374,"caption":"Eco Supplements"},"image":{"@id":"https:\/\/ecosupplements.be\/fr\/#\/schema\/logo\/image\/"}}]},"product_brand":"Olimp Nutrition","product_price_amount":"19.33","product_price_currency":"EUR","og_availability":"out of stock","product_availability":"out of stock","product_retailer_item_id":"5901330048081","product_condition":"new"},"_links":{"self":[{"href":"https:\/\/ecosupplements.be\/fr\/wp-json\/wp\/v2\/product\/289189","targetHints":{"allow":["GET"]}}],"collection":[{"href":"https:\/\/ecosupplements.be\/fr\/wp-json\/wp\/v2\/product"}],"about":[{"href":"https:\/\/ecosupplements.be\/fr\/wp-json\/wp\/v2\/types\/product"}],"replies":[{"embeddable":true,"href":"https:\/\/ecosupplements.be\/fr\/wp-json\/wp\/v2\/comments?post=289189"}],"wp:featuredmedia":[{"embeddable":true,"href":"https:\/\/ecosupplements.be\/fr\/wp-json\/wp\/v2\/media\/289190"}],"wp:attachment":[{"href":"https:\/\/ecosupplements.be\/fr\/wp-json\/wp\/v2\/media?parent=289189"}],"wp:term":[{"taxonomy":"product_brand","embeddable":true,"href":"https:\/\/ecosupplements.be\/fr\/wp-json\/wp\/v2\/product_brand?post=289189"},{"taxonomy":"product_cat","embeddable":true,"href":"https:\/\/ecosupplements.be\/fr\/wp-json\/wp\/v2\/product_cat?post=289189"},{"taxonomy":"product_tag","embeddable":true,"href":"https:\/\/ecosupplements.be\/fr\/wp-json\/wp\/v2\/product_tag?post=289189"}],"curies":[{"name":"wp","href":"https:\/\/api.w.org\/{rel}","templated":true}]}}