{"id":289210,"date":"2024-03-09T13:55:53","date_gmt":"2024-03-09T12:55:53","guid":{"rendered":"https:\/\/ecosupplements.be\/product\/gummies-dashwagandha-375mg-cerise-90-gummies\/"},"modified":"2025-08-27T14:53:39","modified_gmt":"2025-08-27T13:53:39","slug":"gummies-dashwagandha-375mg-cerise-90-gummies","status":"publish","type":"product","link":"https:\/\/ecosupplements.be\/fr\/produit\/gummies-dashwagandha-375mg-cerise-90-gummies\/","title":{"rendered":"Gummies d&#8217;Ashwagandha 375mg, Cerise &#8211; 90 gummies"},"content":{"rendered":"<h1>Ashwagandha 375mg Gummies, Cherry &#8211; 90 gummies<\/h1>\n<p>D\u00e9couvrez les bienfaits de \u2062l&#8217;Ashwagandha sous forme de \u2063d\u00e9licieuses gommes \u00e0 m\u00e2cher avec les Ashwagandha 375mg Gummies de la marque Osavi. Ces gommes \u00e0 la cerise sont une\u2062 fa\u00e7on pratique et savoureuse de profiter des \u200cbienfaits de cette plante adaptog\u00e8ne.<\/p>\n<h2>Caract\u00e9ristiques sp\u00e9ciales<\/h2>\n<ul>\n<li>Contient 375mg \u2063d&#8217;Ashwagandha par gomme<\/li>\n<li>Saveur cerise d\u00e9licieuse<\/li>\n<li>90 gommes par bouteille<\/li>\n<li>Facile \u00e0 prendre et \u00e0 emporter avec vous<\/li>\n<li>Convient aux v\u00e9g\u00e9tariens et v\u00e9g\u00e9taliens<\/li>\n<\/ul>\n<h2>Ingr\u00e9dients<\/h2>\n<p>Chaque \u2062gomme contient 375mg d&#8217;extrait d&#8217;Ashwagandha, ainsi que d&#8217;autres ingr\u00e9dients \u2064naturels tels que le sirop de\u200d tapioca, le \u2064sucre de canne, l&#8217;eau, le jus de cerise concentr\u00e9 et l&#8217;huile de \u2063tournesol. Ces ingr\u00e9dients\u2064 ont \u00e9t\u00e9 soigneusement s\u00e9lectionn\u00e9s pour offrir une gomme \u00e0 la fois savoureuse et b\u00e9n\u00e9fique pour la sant\u00e9.<\/p>\n<h2>Avantages uniques<\/h2>\n<p>L&#8217;Ashwagandha est une plante adaptog\u00e8ne \u200cutilis\u00e9e depuis des si\u00e8cles dans la m\u00e9decine ayurv\u00e9dique \u2064pour ses nombreux bienfaits\u200b pour la sant\u00e9. Elle est connue pour ses propri\u00e9t\u00e9s anti-inflammatoires, antioxydantes et anti-stress. Les gommes \u00e0 m\u00e2cher sont une fa\u00e7on pratique et agr\u00e9able de \u2062consommer cette plante et \u2063de profiter de ses \u2063bienfaits pour le corps et l&#8217;esprit.<\/p>\n<h2>Principales \u2064caract\u00e9ristiques<\/h2>\n<ul>\n<li>Renforce \u200dle syst\u00e8me immunitaire<\/li>\n<li>Am\u00e9liore la r\u00e9sistance au stress<\/li>\n<li>Contribue \u00e0 une meilleure\u2062 gestion du poids<\/li>\n<li>Am\u00e9liore la qualit\u00e9 du sommeil<\/li>\n<li>Renforce\u200b la sant\u00e9 mentale et \u00e9motionnelle<\/li>\n<\/ul>\n<p>Profitez\u200d des bienfaits de l&#8217;Ashwagandha de mani\u00e8re pratique et savoureuse avec les \u200bAshwagandha 375mg Gummies de la marque Osavi. Prenez-en une par jour pour une dose quotidienne de bien-\u00eatre et de vitalit\u00e9.<\/p>\n","protected":false},"excerpt":{"rendered":"<p>Ashwagandha 375mg Gummies, Cherry &#8211; 90 gummies D\u00e9couvrez les bienfaits de \u2062l&#8217;Ashwagandha sous forme de \u2063d\u00e9licieuses gommes \u00e0 m\u00e2cher avec les Ashwagandha 375mg Gummies de la marque Osavi. Ces gommes \u00e0 la cerise sont une\u2062 fa\u00e7on pratique et savoureuse de profiter des \u200cbienfaits de cette plante adaptog\u00e8ne. Caract\u00e9ristiques sp\u00e9ciales Contient 375mg \u2063d&#8217;Ashwagandha par gomme Saveur [&#8230;]\n","protected":false},"featured_media":264775,"comment_status":"open","ping_status":"open","template":"","meta":[],"product_brand":[4756],"product_cat":[5054,5055,5052],"product_tag":[],"class_list":{"0":"post-289210","1":"product","2":"type-product","3":"status-publish","4":"has-post-thumbnail","6":"product_brand-osavi-2","7":"product_cat-nourriture-saine","8":"product_cat-produits-vegetaliens","9":"product_cat-sante-et-bien-etre","11":"first","12":"instock","13":"taxable","14":"shipping-taxable","15":"purchasable","16":"product-type-simple"},"yoast_head":"<!-- This site is optimized with the Yoast SEO Premium plugin v27.3 (Yoast SEO v27.3) - https:\/\/yoast.com\/product\/yoast-seo-premium-wordpress\/ -->\n<title>Gummies d&#039;Ashwagandha 375mg, Cerise - 90 gummies - ECO Supplements<\/title>\n<meta name=\"description\" content=\"Wij hebben een ruime keuze aan producten van Gummies d&#039;Ashwagandha 375mg, Cerise - 90 gummies . Winkel bij Eco Supplements altijd gratis verzending boven 100\u20ac\" \/>\n<meta name=\"robots\" content=\"index, follow, max-snippet:-1, max-image-preview:large, max-video-preview:-1\" \/>\n<link rel=\"canonical\" href=\"https:\/\/ecosupplements.be\/fr\/produit\/gummies-dashwagandha-375mg-cerise-90-gummies\/\" \/>\n<meta property=\"og:locale\" content=\"fr_FR\" \/>\n<meta property=\"og:type\" content=\"article\" \/>\n<meta property=\"og:title\" content=\"Gummies d&#039;Ashwagandha 375mg, Cerise - 90 gummies\" \/>\n<meta property=\"og:description\" content=\"Wij hebben een ruime keuze aan producten van Gummies d&#039;Ashwagandha 375mg, Cerise - 90 gummies . Winkel bij Eco Supplements altijd gratis verzending boven 100\u20ac\" \/>\n<meta property=\"og:url\" content=\"https:\/\/ecosupplements.be\/fr\/produit\/gummies-dashwagandha-375mg-cerise-90-gummies\/\" \/>\n<meta property=\"og:site_name\" content=\"ECO Supplements\" \/>\n<meta property=\"article:modified_time\" content=\"2025-08-27T13:53:39+00:00\" \/>\n<meta property=\"og:image\" content=\"https:\/\/ecosupplements.be\/wp-content\/uploads\/2025\/08\/Ashwagandha-375mg-Gummies-Cherry-90-gummies-1.jpg\" \/>\n\t<meta property=\"og:image:width\" content=\"439\" \/>\n\t<meta property=\"og:image:height\" content=\"750\" \/>\n\t<meta property=\"og:image:type\" content=\"image\/jpeg\" \/>\n<meta name=\"twitter:card\" content=\"summary_large_image\" \/>\n<meta name=\"twitter:label1\" content=\"Prix\" \/>\n\t<meta name=\"twitter:data1\" content=\"9.38&nbsp;&euro;\" \/>\n\t<meta name=\"twitter:label2\" content=\"Disponibilit\u00e9\" \/>\n\t<meta name=\"twitter:data2\" content=\"En stock\" \/>\n<script type=\"application\/ld+json\" class=\"yoast-schema-graph\">{\"@context\":\"https:\\\/\\\/schema.org\",\"@graph\":[{\"@type\":[\"WebPage\",\"ItemPage\"],\"@id\":\"https:\\\/\\\/ecosupplements.be\\\/fr\\\/produit\\\/gummies-dashwagandha-375mg-cerise-90-gummies\\\/\",\"url\":\"https:\\\/\\\/ecosupplements.be\\\/fr\\\/produit\\\/gummies-dashwagandha-375mg-cerise-90-gummies\\\/\",\"name\":\"Gummies d'Ashwagandha 375mg, Cerise - 90 gummies - ECO Supplements\",\"isPartOf\":{\"@id\":\"https:\\\/\\\/ecosupplements.be\\\/fr\\\/#website\"},\"primaryImageOfPage\":{\"@id\":\"https:\\\/\\\/ecosupplements.be\\\/fr\\\/produit\\\/gummies-dashwagandha-375mg-cerise-90-gummies\\\/#primaryimage\"},\"image\":{\"@id\":\"https:\\\/\\\/ecosupplements.be\\\/fr\\\/produit\\\/gummies-dashwagandha-375mg-cerise-90-gummies\\\/#primaryimage\"},\"thumbnailUrl\":\"https:\\\/\\\/ecosupplements.be\\\/wp-content\\\/uploads\\\/2025\\\/08\\\/Ashwagandha-375mg-Gummies-Cherry-90-gummies.jpg\",\"datePublished\":\"2024-03-09T12:55:53+00:00\",\"dateModified\":\"2025-08-27T13:53:39+00:00\",\"description\":\"Wij hebben een ruime keuze aan producten van Gummies d'Ashwagandha 375mg, Cerise - 90 gummies . Winkel bij Eco Supplements altijd gratis verzending boven 100\u20ac\",\"breadcrumb\":{\"@id\":\"https:\\\/\\\/ecosupplements.be\\\/fr\\\/produit\\\/gummies-dashwagandha-375mg-cerise-90-gummies\\\/#breadcrumb\"},\"inLanguage\":\"fr-FR\",\"potentialAction\":[{\"@type\":\"ReadAction\",\"target\":[\"https:\\\/\\\/ecosupplements.be\\\/fr\\\/produit\\\/gummies-dashwagandha-375mg-cerise-90-gummies\\\/\"]}]},{\"@type\":\"ImageObject\",\"inLanguage\":\"fr-FR\",\"@id\":\"https:\\\/\\\/ecosupplements.be\\\/fr\\\/produit\\\/gummies-dashwagandha-375mg-cerise-90-gummies\\\/#primaryimage\",\"url\":\"https:\\\/\\\/ecosupplements.be\\\/wp-content\\\/uploads\\\/2025\\\/08\\\/Ashwagandha-375mg-Gummies-Cherry-90-gummies.jpg\",\"contentUrl\":\"https:\\\/\\\/ecosupplements.be\\\/wp-content\\\/uploads\\\/2025\\\/08\\\/Ashwagandha-375mg-Gummies-Cherry-90-gummies.jpg\",\"width\":439,\"height\":750},{\"@type\":\"BreadcrumbList\",\"@id\":\"https:\\\/\\\/ecosupplements.be\\\/fr\\\/produit\\\/gummies-dashwagandha-375mg-cerise-90-gummies\\\/#breadcrumb\",\"itemListElement\":[{\"@type\":\"ListItem\",\"position\":1,\"name\":\"Home\",\"item\":\"https:\\\/\\\/ecosupplements.be\\\/fr\\\/\"},{\"@type\":\"ListItem\",\"position\":2,\"name\":\"Boutique\",\"item\":\"https:\\\/\\\/ecosupplements.be\\\/fr\\\/boutique\\\/\"},{\"@type\":\"ListItem\",\"position\":3,\"name\":\"Gummies d&#8217;Ashwagandha 375mg, Cerise &#8211; 90 gummies\"}]},{\"@type\":\"WebSite\",\"@id\":\"https:\\\/\\\/ecosupplements.be\\\/fr\\\/#website\",\"url\":\"https:\\\/\\\/ecosupplements.be\\\/fr\\\/\",\"name\":\"ECO Supplements\",\"description\":\"Eco Supplements - Gezonde supplementen\",\"publisher\":{\"@id\":\"https:\\\/\\\/ecosupplements.be\\\/fr\\\/#organization\"},\"potentialAction\":[{\"@type\":\"SearchAction\",\"target\":{\"@type\":\"EntryPoint\",\"urlTemplate\":\"https:\\\/\\\/ecosupplements.be\\\/fr\\\/?s={search_term_string}\"},\"query-input\":{\"@type\":\"PropertyValueSpecification\",\"valueRequired\":true,\"valueName\":\"search_term_string\"}}],\"inLanguage\":\"fr-FR\"},{\"@type\":\"Organization\",\"@id\":\"https:\\\/\\\/ecosupplements.be\\\/fr\\\/#organization\",\"name\":\"Eco Supplements\",\"url\":\"https:\\\/\\\/ecosupplements.be\\\/fr\\\/\",\"logo\":{\"@type\":\"ImageObject\",\"inLanguage\":\"fr-FR\",\"@id\":\"https:\\\/\\\/ecosupplements.be\\\/fr\\\/#\\\/schema\\\/logo\\\/image\\\/\",\"url\":\"https:\\\/\\\/ecosupplements.be\\\/wp-content\\\/uploads\\\/2022\\\/06\\\/ecosupplement-family.png\",\"contentUrl\":\"https:\\\/\\\/ecosupplements.be\\\/wp-content\\\/uploads\\\/2022\\\/06\\\/ecosupplement-family.png\",\"width\":593,\"height\":374,\"caption\":\"Eco Supplements\"},\"image\":{\"@id\":\"https:\\\/\\\/ecosupplements.be\\\/fr\\\/#\\\/schema\\\/logo\\\/image\\\/\"}}]}<\/script>\n<meta property=\"product:brand\" content=\"Osavi\" \/>\n<meta property=\"product:price:amount\" content=\"9.38\" \/>\n<meta property=\"product:price:currency\" content=\"EUR\" \/>\n<meta property=\"og:availability\" content=\"instock\" \/>\n<meta property=\"product:availability\" content=\"instock\" \/>\n<meta property=\"product:retailer_item_id\" content=\"5904139922255\" \/>\n<meta property=\"product:condition\" content=\"new\" \/>\n<!-- \/ Yoast SEO Premium plugin. -->","yoast_head_json":{"title":"Gummies d'Ashwagandha 375mg, Cerise - 90 gummies - ECO Supplements","description":"Wij hebben een ruime keuze aan producten van Gummies d'Ashwagandha 375mg, Cerise - 90 gummies . Winkel bij Eco Supplements altijd gratis verzending boven 100\u20ac","robots":{"index":"index","follow":"follow","max-snippet":"max-snippet:-1","max-image-preview":"max-image-preview:large","max-video-preview":"max-video-preview:-1"},"canonical":"https:\/\/ecosupplements.be\/fr\/produit\/gummies-dashwagandha-375mg-cerise-90-gummies\/","og_locale":"fr_FR","og_type":"article","og_title":"Gummies d'Ashwagandha 375mg, Cerise - 90 gummies","og_description":"Wij hebben een ruime keuze aan producten van Gummies d'Ashwagandha 375mg, Cerise - 90 gummies . Winkel bij Eco Supplements altijd gratis verzending boven 100\u20ac","og_url":"https:\/\/ecosupplements.be\/fr\/produit\/gummies-dashwagandha-375mg-cerise-90-gummies\/","og_site_name":"ECO Supplements","article_modified_time":"2025-08-27T13:53:39+00:00","og_image":[{"width":439,"height":750,"url":"https:\/\/ecosupplements.be\/wp-content\/uploads\/2025\/08\/Ashwagandha-375mg-Gummies-Cherry-90-gummies-1.jpg","type":"image\/jpeg"}],"twitter_card":"summary_large_image","twitter_misc":{"Prix":"9.38&nbsp;&euro;","Disponibilit\u00e9":"En stock"},"schema":{"@context":"https:\/\/schema.org","@graph":[{"@type":["WebPage","ItemPage"],"@id":"https:\/\/ecosupplements.be\/fr\/produit\/gummies-dashwagandha-375mg-cerise-90-gummies\/","url":"https:\/\/ecosupplements.be\/fr\/produit\/gummies-dashwagandha-375mg-cerise-90-gummies\/","name":"Gummies d'Ashwagandha 375mg, Cerise - 90 gummies - ECO Supplements","isPartOf":{"@id":"https:\/\/ecosupplements.be\/fr\/#website"},"primaryImageOfPage":{"@id":"https:\/\/ecosupplements.be\/fr\/produit\/gummies-dashwagandha-375mg-cerise-90-gummies\/#primaryimage"},"image":{"@id":"https:\/\/ecosupplements.be\/fr\/produit\/gummies-dashwagandha-375mg-cerise-90-gummies\/#primaryimage"},"thumbnailUrl":"https:\/\/ecosupplements.be\/wp-content\/uploads\/2025\/08\/Ashwagandha-375mg-Gummies-Cherry-90-gummies.jpg","datePublished":"2024-03-09T12:55:53+00:00","dateModified":"2025-08-27T13:53:39+00:00","description":"Wij hebben een ruime keuze aan producten van Gummies d'Ashwagandha 375mg, Cerise - 90 gummies . Winkel bij Eco Supplements altijd gratis verzending boven 100\u20ac","breadcrumb":{"@id":"https:\/\/ecosupplements.be\/fr\/produit\/gummies-dashwagandha-375mg-cerise-90-gummies\/#breadcrumb"},"inLanguage":"fr-FR","potentialAction":[{"@type":"ReadAction","target":["https:\/\/ecosupplements.be\/fr\/produit\/gummies-dashwagandha-375mg-cerise-90-gummies\/"]}]},{"@type":"ImageObject","inLanguage":"fr-FR","@id":"https:\/\/ecosupplements.be\/fr\/produit\/gummies-dashwagandha-375mg-cerise-90-gummies\/#primaryimage","url":"https:\/\/ecosupplements.be\/wp-content\/uploads\/2025\/08\/Ashwagandha-375mg-Gummies-Cherry-90-gummies.jpg","contentUrl":"https:\/\/ecosupplements.be\/wp-content\/uploads\/2025\/08\/Ashwagandha-375mg-Gummies-Cherry-90-gummies.jpg","width":439,"height":750},{"@type":"BreadcrumbList","@id":"https:\/\/ecosupplements.be\/fr\/produit\/gummies-dashwagandha-375mg-cerise-90-gummies\/#breadcrumb","itemListElement":[{"@type":"ListItem","position":1,"name":"Home","item":"https:\/\/ecosupplements.be\/fr\/"},{"@type":"ListItem","position":2,"name":"Boutique","item":"https:\/\/ecosupplements.be\/fr\/boutique\/"},{"@type":"ListItem","position":3,"name":"Gummies d&#8217;Ashwagandha 375mg, Cerise &#8211; 90 gummies"}]},{"@type":"WebSite","@id":"https:\/\/ecosupplements.be\/fr\/#website","url":"https:\/\/ecosupplements.be\/fr\/","name":"ECO Supplements","description":"Eco Supplements - Gezonde supplementen","publisher":{"@id":"https:\/\/ecosupplements.be\/fr\/#organization"},"potentialAction":[{"@type":"SearchAction","target":{"@type":"EntryPoint","urlTemplate":"https:\/\/ecosupplements.be\/fr\/?s={search_term_string}"},"query-input":{"@type":"PropertyValueSpecification","valueRequired":true,"valueName":"search_term_string"}}],"inLanguage":"fr-FR"},{"@type":"Organization","@id":"https:\/\/ecosupplements.be\/fr\/#organization","name":"Eco Supplements","url":"https:\/\/ecosupplements.be\/fr\/","logo":{"@type":"ImageObject","inLanguage":"fr-FR","@id":"https:\/\/ecosupplements.be\/fr\/#\/schema\/logo\/image\/","url":"https:\/\/ecosupplements.be\/wp-content\/uploads\/2022\/06\/ecosupplement-family.png","contentUrl":"https:\/\/ecosupplements.be\/wp-content\/uploads\/2022\/06\/ecosupplement-family.png","width":593,"height":374,"caption":"Eco Supplements"},"image":{"@id":"https:\/\/ecosupplements.be\/fr\/#\/schema\/logo\/image\/"}}]},"product_brand":"Osavi","product_price_amount":"9.38","product_price_currency":"EUR","og_availability":"instock","product_availability":"instock","product_retailer_item_id":"5904139922255","product_condition":"new"},"_links":{"self":[{"href":"https:\/\/ecosupplements.be\/fr\/wp-json\/wp\/v2\/product\/289210","targetHints":{"allow":["GET"]}}],"collection":[{"href":"https:\/\/ecosupplements.be\/fr\/wp-json\/wp\/v2\/product"}],"about":[{"href":"https:\/\/ecosupplements.be\/fr\/wp-json\/wp\/v2\/types\/product"}],"replies":[{"embeddable":true,"href":"https:\/\/ecosupplements.be\/fr\/wp-json\/wp\/v2\/comments?post=289210"}],"wp:featuredmedia":[{"embeddable":true,"href":"https:\/\/ecosupplements.be\/fr\/wp-json\/wp\/v2\/media\/264775"}],"wp:attachment":[{"href":"https:\/\/ecosupplements.be\/fr\/wp-json\/wp\/v2\/media?parent=289210"}],"wp:term":[{"taxonomy":"product_brand","embeddable":true,"href":"https:\/\/ecosupplements.be\/fr\/wp-json\/wp\/v2\/product_brand?post=289210"},{"taxonomy":"product_cat","embeddable":true,"href":"https:\/\/ecosupplements.be\/fr\/wp-json\/wp\/v2\/product_cat?post=289210"},{"taxonomy":"product_tag","embeddable":true,"href":"https:\/\/ecosupplements.be\/fr\/wp-json\/wp\/v2\/product_tag?post=289210"}],"curies":[{"name":"wp","href":"https:\/\/api.w.org\/{rel}","templated":true}]}}