{"id":289225,"date":"2023-01-13T13:04:34","date_gmt":"2023-01-13T12:04:34","guid":{"rendered":"https:\/\/ecosupplements.be\/product\/bore-3mg-120-capsules-vegetaliennes\/"},"modified":"2025-08-27T14:53:52","modified_gmt":"2025-08-27T13:53:52","slug":"bore-3mg-120-capsules-vegetaliennes","status":"publish","type":"product","link":"https:\/\/ecosupplements.be\/fr\/produit\/bore-3mg-120-capsules-vegetaliennes\/","title":{"rendered":"Bore, 3mg &#8211; 120 capsules v\u00e9g\u00e9taliennes"},"content":{"rendered":"<h1>Boron, 3mg\u2063 &#8211; 120 vegan caps<\/h1>\n<p>Le Boron, \u200c3mg &#8211; 120 vegan caps \u2064est \u200bun compl\u00e9ment alimentaire\u2063 de la marque Osavi, \u2062originaire\u200b de Pologne. Ce produit \u2063est sp\u00e9cialement con\u00e7u pour r\u00e9pondre aux besoins\u2064 des personnes suivant un r\u00e9gime v\u00e9g\u00e9talien.<\/p>\n<h2>Caract\u00e9ristiques\u2064 sp\u00e9ciales<\/h2>\n<ul>\n<li>Contient 3mg de boron\u200d par capsule<\/li>\n<li>Convient aux \u200dr\u00e9gimes v\u00e9g\u00e9taliens<\/li>\n<li>120 capsules par bouteille<\/li>\n<li>Fabriqu\u00e9 en Pologne<\/li>\n<\/ul>\n<h2>Ingr\u00e9dients<\/h2>\n<p>Chaque capsule de Boron, 3mg &#8211; 120 vegan caps contient \u200d3mg de boron, ainsi que des ingr\u00e9dients inactifs tels que la cellulose microcristalline, \u200dl&#8217;acide st\u00e9arique et le st\u00e9arate\u2064 de magn\u00e9sium.<\/p>\n<h2>Avantages uniques<\/h2>\n<p>Le boron est un min\u00e9ral essentiel pour le corps humain,\u2063 mais il n&#8217;est pas souvent pr\u00e9sent en quantit\u00e9s suffisantes dans l&#8217;alimentation quotidienne. Ce compl\u00e9ment alimentaire peut donc aider \u00e0 combler les carences en boron et\u200b \u00e0 maintenir un \u00e9quilibre sain dans le corps.<\/p>\n<p>De plus, le Boron, 3mg &#8211; 120 vegan caps est\u200b sp\u00e9cialement formul\u00e9 pour convenir aux r\u00e9gimes v\u00e9g\u00e9taliens, ce qui en fait un choix id\u00e9al pour les personnes suivant un mode de vie v\u00e9g\u00e9talien.<\/p>\n<h2>Principales \u200bcaract\u00e9ristiques<\/h2>\n<ul>\n<li>Compl\u00e9ment alimentaire \u00e0 base de boron<\/li>\n<li>Convient aux r\u00e9gimes v\u00e9g\u00e9taliens<\/li>\n<li>120 capsules par bouteille<\/li>\n<li>Contient 3mg de boron par capsule<\/li>\n<li>Fabriqu\u00e9 en Pologne<\/li>\n<\/ul>\n<p>En r\u00e9sum\u00e9, le Boron, 3mg\u200c &#8211; 120 vegan \u200dcaps est un compl\u00e9ment alimentaire de haute qualit\u00e9, sp\u00e9cialement con\u00e7u pour r\u00e9pondre aux besoins des personnes suivant un r\u00e9gime \u200bv\u00e9g\u00e9talien. Avec ses 3mg de\u200d boron par capsule et ses 120 capsules par bouteille, il peut aider \u00e0 combler les carences en\u2062 boron et \u200c\u00e0 maintenir un \u00e9quilibre sain dans le corps. Fabriqu\u00e9 en Pologne, ce produit est soumis \u00e0 des contr\u00f4les de qualit\u00e9\u200d rigoureux pour\u200c garantir son \u200befficacit\u00e9 et sa s\u00e9curit\u00e9. Ajoutez-le \u00e0 votre routine quotidienne pour soutenir votre sant\u00e9 et votre bien-\u00eatre g\u00e9n\u00e9ral.<\/p>\n","protected":false},"excerpt":{"rendered":"<p>Boron, 3mg\u2063 &#8211; 120 vegan caps Le Boron, \u200c3mg &#8211; 120 vegan caps \u2064est \u200bun compl\u00e9ment alimentaire\u2063 de la marque Osavi, \u2062originaire\u200b de Pologne. Ce produit \u2063est sp\u00e9cialement con\u00e7u pour r\u00e9pondre aux besoins\u2064 des personnes suivant un r\u00e9gime v\u00e9g\u00e9talien. Caract\u00e9ristiques\u2064 sp\u00e9ciales Contient 3mg de boron\u200d par capsule Convient aux \u200dr\u00e9gimes v\u00e9g\u00e9taliens 120 capsules par bouteille [&#8230;]\n","protected":false},"featured_media":261453,"comment_status":"open","ping_status":"open","template":"","meta":[],"product_brand":[4756],"product_cat":[5052,5053],"product_tag":[],"class_list":{"0":"post-289225","1":"product","2":"type-product","3":"status-publish","4":"has-post-thumbnail","6":"product_brand-osavi-2","7":"product_cat-sante-et-bien-etre","8":"product_cat-vitamines-et-mineraux","10":"first","11":"instock","12":"taxable","13":"shipping-taxable","14":"purchasable","15":"product-type-simple"},"yoast_head":"<!-- This site is optimized with the Yoast SEO Premium plugin v27.3 (Yoast SEO v27.3) - https:\/\/yoast.com\/product\/yoast-seo-premium-wordpress\/ -->\n<title>Bore, 3mg - 120 capsules v\u00e9g\u00e9taliennes - ECO Supplements<\/title>\n<meta name=\"description\" content=\"Wij hebben een ruime keuze aan producten van Bore, 3mg - 120 capsules v\u00e9g\u00e9taliennes . Winkel bij Eco Supplements altijd gratis verzending boven 100\u20ac\" \/>\n<meta name=\"robots\" content=\"index, follow, max-snippet:-1, max-image-preview:large, max-video-preview:-1\" \/>\n<link rel=\"canonical\" href=\"https:\/\/ecosupplements.be\/fr\/produit\/bore-3mg-120-capsules-vegetaliennes\/\" \/>\n<meta property=\"og:locale\" content=\"fr_FR\" \/>\n<meta property=\"og:type\" content=\"article\" \/>\n<meta property=\"og:title\" content=\"Bore, 3mg - 120 capsules v\u00e9g\u00e9taliennes\" \/>\n<meta property=\"og:description\" content=\"Wij hebben een ruime keuze aan producten van Bore, 3mg - 120 capsules v\u00e9g\u00e9taliennes . Winkel bij Eco Supplements altijd gratis verzending boven 100\u20ac\" \/>\n<meta property=\"og:url\" content=\"https:\/\/ecosupplements.be\/fr\/produit\/bore-3mg-120-capsules-vegetaliennes\/\" \/>\n<meta property=\"og:site_name\" content=\"ECO Supplements\" \/>\n<meta property=\"article:modified_time\" content=\"2025-08-27T13:53:52+00:00\" \/>\n<meta property=\"og:image\" content=\"https:\/\/ecosupplements.be\/wp-content\/uploads\/2025\/08\/Boron-3mg-120-vegan-caps-1.jpg\" \/>\n\t<meta property=\"og:image:width\" content=\"585\" \/>\n\t<meta property=\"og:image:height\" content=\"750\" \/>\n\t<meta property=\"og:image:type\" content=\"image\/jpeg\" \/>\n<meta name=\"twitter:card\" content=\"summary_large_image\" \/>\n<meta name=\"twitter:label1\" content=\"Prix\" \/>\n\t<meta name=\"twitter:data1\" content=\"7.97&nbsp;&euro;\" \/>\n\t<meta name=\"twitter:label2\" content=\"Disponibilit\u00e9\" \/>\n\t<meta name=\"twitter:data2\" content=\"En stock\" \/>\n<script type=\"application\/ld+json\" class=\"yoast-schema-graph\">{\"@context\":\"https:\\\/\\\/schema.org\",\"@graph\":[{\"@type\":[\"WebPage\",\"ItemPage\"],\"@id\":\"https:\\\/\\\/ecosupplements.be\\\/fr\\\/produit\\\/bore-3mg-120-capsules-vegetaliennes\\\/\",\"url\":\"https:\\\/\\\/ecosupplements.be\\\/fr\\\/produit\\\/bore-3mg-120-capsules-vegetaliennes\\\/\",\"name\":\"Bore, 3mg - 120 capsules v\u00e9g\u00e9taliennes - ECO Supplements\",\"isPartOf\":{\"@id\":\"https:\\\/\\\/ecosupplements.be\\\/fr\\\/#website\"},\"primaryImageOfPage\":{\"@id\":\"https:\\\/\\\/ecosupplements.be\\\/fr\\\/produit\\\/bore-3mg-120-capsules-vegetaliennes\\\/#primaryimage\"},\"image\":{\"@id\":\"https:\\\/\\\/ecosupplements.be\\\/fr\\\/produit\\\/bore-3mg-120-capsules-vegetaliennes\\\/#primaryimage\"},\"thumbnailUrl\":\"https:\\\/\\\/ecosupplements.be\\\/wp-content\\\/uploads\\\/2025\\\/08\\\/Boron-3mg-120-vegan-caps.jpg\",\"datePublished\":\"2023-01-13T12:04:34+00:00\",\"dateModified\":\"2025-08-27T13:53:52+00:00\",\"description\":\"Wij hebben een ruime keuze aan producten van Bore, 3mg - 120 capsules v\u00e9g\u00e9taliennes . Winkel bij Eco Supplements altijd gratis verzending boven 100\u20ac\",\"breadcrumb\":{\"@id\":\"https:\\\/\\\/ecosupplements.be\\\/fr\\\/produit\\\/bore-3mg-120-capsules-vegetaliennes\\\/#breadcrumb\"},\"inLanguage\":\"fr-FR\",\"potentialAction\":[{\"@type\":\"ReadAction\",\"target\":[\"https:\\\/\\\/ecosupplements.be\\\/fr\\\/produit\\\/bore-3mg-120-capsules-vegetaliennes\\\/\"]}]},{\"@type\":\"ImageObject\",\"inLanguage\":\"fr-FR\",\"@id\":\"https:\\\/\\\/ecosupplements.be\\\/fr\\\/produit\\\/bore-3mg-120-capsules-vegetaliennes\\\/#primaryimage\",\"url\":\"https:\\\/\\\/ecosupplements.be\\\/wp-content\\\/uploads\\\/2025\\\/08\\\/Boron-3mg-120-vegan-caps.jpg\",\"contentUrl\":\"https:\\\/\\\/ecosupplements.be\\\/wp-content\\\/uploads\\\/2025\\\/08\\\/Boron-3mg-120-vegan-caps.jpg\",\"width\":585,\"height\":750},{\"@type\":\"BreadcrumbList\",\"@id\":\"https:\\\/\\\/ecosupplements.be\\\/fr\\\/produit\\\/bore-3mg-120-capsules-vegetaliennes\\\/#breadcrumb\",\"itemListElement\":[{\"@type\":\"ListItem\",\"position\":1,\"name\":\"Home\",\"item\":\"https:\\\/\\\/ecosupplements.be\\\/fr\\\/\"},{\"@type\":\"ListItem\",\"position\":2,\"name\":\"Boutique\",\"item\":\"https:\\\/\\\/ecosupplements.be\\\/fr\\\/boutique\\\/\"},{\"@type\":\"ListItem\",\"position\":3,\"name\":\"Bore, 3mg &#8211; 120 capsules v\u00e9g\u00e9taliennes\"}]},{\"@type\":\"WebSite\",\"@id\":\"https:\\\/\\\/ecosupplements.be\\\/fr\\\/#website\",\"url\":\"https:\\\/\\\/ecosupplements.be\\\/fr\\\/\",\"name\":\"ECO Supplements\",\"description\":\"Eco Supplements - Gezonde supplementen\",\"publisher\":{\"@id\":\"https:\\\/\\\/ecosupplements.be\\\/fr\\\/#organization\"},\"potentialAction\":[{\"@type\":\"SearchAction\",\"target\":{\"@type\":\"EntryPoint\",\"urlTemplate\":\"https:\\\/\\\/ecosupplements.be\\\/fr\\\/?s={search_term_string}\"},\"query-input\":{\"@type\":\"PropertyValueSpecification\",\"valueRequired\":true,\"valueName\":\"search_term_string\"}}],\"inLanguage\":\"fr-FR\"},{\"@type\":\"Organization\",\"@id\":\"https:\\\/\\\/ecosupplements.be\\\/fr\\\/#organization\",\"name\":\"Eco Supplements\",\"url\":\"https:\\\/\\\/ecosupplements.be\\\/fr\\\/\",\"logo\":{\"@type\":\"ImageObject\",\"inLanguage\":\"fr-FR\",\"@id\":\"https:\\\/\\\/ecosupplements.be\\\/fr\\\/#\\\/schema\\\/logo\\\/image\\\/\",\"url\":\"https:\\\/\\\/ecosupplements.be\\\/wp-content\\\/uploads\\\/2022\\\/06\\\/ecosupplement-family.png\",\"contentUrl\":\"https:\\\/\\\/ecosupplements.be\\\/wp-content\\\/uploads\\\/2022\\\/06\\\/ecosupplement-family.png\",\"width\":593,\"height\":374,\"caption\":\"Eco Supplements\"},\"image\":{\"@id\":\"https:\\\/\\\/ecosupplements.be\\\/fr\\\/#\\\/schema\\\/logo\\\/image\\\/\"}}]}<\/script>\n<meta property=\"product:brand\" content=\"Osavi\" \/>\n<meta property=\"product:price:amount\" content=\"7.97\" \/>\n<meta property=\"product:price:currency\" content=\"EUR\" \/>\n<meta property=\"og:availability\" content=\"instock\" \/>\n<meta property=\"product:availability\" content=\"instock\" \/>\n<meta property=\"product:retailer_item_id\" content=\"5904139922491\" \/>\n<meta property=\"product:condition\" content=\"new\" \/>\n<!-- \/ Yoast SEO Premium plugin. -->","yoast_head_json":{"title":"Bore, 3mg - 120 capsules v\u00e9g\u00e9taliennes - ECO Supplements","description":"Wij hebben een ruime keuze aan producten van Bore, 3mg - 120 capsules v\u00e9g\u00e9taliennes . Winkel bij Eco Supplements altijd gratis verzending boven 100\u20ac","robots":{"index":"index","follow":"follow","max-snippet":"max-snippet:-1","max-image-preview":"max-image-preview:large","max-video-preview":"max-video-preview:-1"},"canonical":"https:\/\/ecosupplements.be\/fr\/produit\/bore-3mg-120-capsules-vegetaliennes\/","og_locale":"fr_FR","og_type":"article","og_title":"Bore, 3mg - 120 capsules v\u00e9g\u00e9taliennes","og_description":"Wij hebben een ruime keuze aan producten van Bore, 3mg - 120 capsules v\u00e9g\u00e9taliennes . Winkel bij Eco Supplements altijd gratis verzending boven 100\u20ac","og_url":"https:\/\/ecosupplements.be\/fr\/produit\/bore-3mg-120-capsules-vegetaliennes\/","og_site_name":"ECO Supplements","article_modified_time":"2025-08-27T13:53:52+00:00","og_image":[{"width":585,"height":750,"url":"https:\/\/ecosupplements.be\/wp-content\/uploads\/2025\/08\/Boron-3mg-120-vegan-caps-1.jpg","type":"image\/jpeg"}],"twitter_card":"summary_large_image","twitter_misc":{"Prix":"7.97&nbsp;&euro;","Disponibilit\u00e9":"En stock"},"schema":{"@context":"https:\/\/schema.org","@graph":[{"@type":["WebPage","ItemPage"],"@id":"https:\/\/ecosupplements.be\/fr\/produit\/bore-3mg-120-capsules-vegetaliennes\/","url":"https:\/\/ecosupplements.be\/fr\/produit\/bore-3mg-120-capsules-vegetaliennes\/","name":"Bore, 3mg - 120 capsules v\u00e9g\u00e9taliennes - ECO Supplements","isPartOf":{"@id":"https:\/\/ecosupplements.be\/fr\/#website"},"primaryImageOfPage":{"@id":"https:\/\/ecosupplements.be\/fr\/produit\/bore-3mg-120-capsules-vegetaliennes\/#primaryimage"},"image":{"@id":"https:\/\/ecosupplements.be\/fr\/produit\/bore-3mg-120-capsules-vegetaliennes\/#primaryimage"},"thumbnailUrl":"https:\/\/ecosupplements.be\/wp-content\/uploads\/2025\/08\/Boron-3mg-120-vegan-caps.jpg","datePublished":"2023-01-13T12:04:34+00:00","dateModified":"2025-08-27T13:53:52+00:00","description":"Wij hebben een ruime keuze aan producten van Bore, 3mg - 120 capsules v\u00e9g\u00e9taliennes . Winkel bij Eco Supplements altijd gratis verzending boven 100\u20ac","breadcrumb":{"@id":"https:\/\/ecosupplements.be\/fr\/produit\/bore-3mg-120-capsules-vegetaliennes\/#breadcrumb"},"inLanguage":"fr-FR","potentialAction":[{"@type":"ReadAction","target":["https:\/\/ecosupplements.be\/fr\/produit\/bore-3mg-120-capsules-vegetaliennes\/"]}]},{"@type":"ImageObject","inLanguage":"fr-FR","@id":"https:\/\/ecosupplements.be\/fr\/produit\/bore-3mg-120-capsules-vegetaliennes\/#primaryimage","url":"https:\/\/ecosupplements.be\/wp-content\/uploads\/2025\/08\/Boron-3mg-120-vegan-caps.jpg","contentUrl":"https:\/\/ecosupplements.be\/wp-content\/uploads\/2025\/08\/Boron-3mg-120-vegan-caps.jpg","width":585,"height":750},{"@type":"BreadcrumbList","@id":"https:\/\/ecosupplements.be\/fr\/produit\/bore-3mg-120-capsules-vegetaliennes\/#breadcrumb","itemListElement":[{"@type":"ListItem","position":1,"name":"Home","item":"https:\/\/ecosupplements.be\/fr\/"},{"@type":"ListItem","position":2,"name":"Boutique","item":"https:\/\/ecosupplements.be\/fr\/boutique\/"},{"@type":"ListItem","position":3,"name":"Bore, 3mg &#8211; 120 capsules v\u00e9g\u00e9taliennes"}]},{"@type":"WebSite","@id":"https:\/\/ecosupplements.be\/fr\/#website","url":"https:\/\/ecosupplements.be\/fr\/","name":"ECO Supplements","description":"Eco Supplements - Gezonde supplementen","publisher":{"@id":"https:\/\/ecosupplements.be\/fr\/#organization"},"potentialAction":[{"@type":"SearchAction","target":{"@type":"EntryPoint","urlTemplate":"https:\/\/ecosupplements.be\/fr\/?s={search_term_string}"},"query-input":{"@type":"PropertyValueSpecification","valueRequired":true,"valueName":"search_term_string"}}],"inLanguage":"fr-FR"},{"@type":"Organization","@id":"https:\/\/ecosupplements.be\/fr\/#organization","name":"Eco Supplements","url":"https:\/\/ecosupplements.be\/fr\/","logo":{"@type":"ImageObject","inLanguage":"fr-FR","@id":"https:\/\/ecosupplements.be\/fr\/#\/schema\/logo\/image\/","url":"https:\/\/ecosupplements.be\/wp-content\/uploads\/2022\/06\/ecosupplement-family.png","contentUrl":"https:\/\/ecosupplements.be\/wp-content\/uploads\/2022\/06\/ecosupplement-family.png","width":593,"height":374,"caption":"Eco Supplements"},"image":{"@id":"https:\/\/ecosupplements.be\/fr\/#\/schema\/logo\/image\/"}}]},"product_brand":"Osavi","product_price_amount":"7.97","product_price_currency":"EUR","og_availability":"instock","product_availability":"instock","product_retailer_item_id":"5904139922491","product_condition":"new"},"_links":{"self":[{"href":"https:\/\/ecosupplements.be\/fr\/wp-json\/wp\/v2\/product\/289225","targetHints":{"allow":["GET"]}}],"collection":[{"href":"https:\/\/ecosupplements.be\/fr\/wp-json\/wp\/v2\/product"}],"about":[{"href":"https:\/\/ecosupplements.be\/fr\/wp-json\/wp\/v2\/types\/product"}],"replies":[{"embeddable":true,"href":"https:\/\/ecosupplements.be\/fr\/wp-json\/wp\/v2\/comments?post=289225"}],"wp:featuredmedia":[{"embeddable":true,"href":"https:\/\/ecosupplements.be\/fr\/wp-json\/wp\/v2\/media\/261453"}],"wp:attachment":[{"href":"https:\/\/ecosupplements.be\/fr\/wp-json\/wp\/v2\/media?parent=289225"}],"wp:term":[{"taxonomy":"product_brand","embeddable":true,"href":"https:\/\/ecosupplements.be\/fr\/wp-json\/wp\/v2\/product_brand?post=289225"},{"taxonomy":"product_cat","embeddable":true,"href":"https:\/\/ecosupplements.be\/fr\/wp-json\/wp\/v2\/product_cat?post=289225"},{"taxonomy":"product_tag","embeddable":true,"href":"https:\/\/ecosupplements.be\/fr\/wp-json\/wp\/v2\/product_tag?post=289225"}],"curies":[{"name":"wp","href":"https:\/\/api.w.org\/{rel}","templated":true}]}}