{"id":289249,"date":"2024-03-06T22:37:21","date_gmt":"2024-03-06T21:37:21","guid":{"rendered":"https:\/\/ecosupplements.be\/product\/collagene-beaute-sport-par-magda-linette-225g\/"},"modified":"2025-08-27T14:54:15","modified_gmt":"2025-08-27T13:54:15","slug":"collagene-beaute-sport-par-magda-linette-225g","status":"publish","type":"product","link":"https:\/\/ecosupplements.be\/fr\/produit\/collagene-beaute-sport-par-magda-linette-225g\/","title":{"rendered":"Collag\u00e8ne Beaut\u00e9 &#038; Sport par Magda Linette &#8211; 225g"},"content":{"rendered":"<h1>Collagen\u200c Beauty &#038; Sport by Magda Linette &#8211; 225g<\/h1>\n<p>Le \u2063Collagen Beauty &#038; Sport \u200cby Magda Linette est un\u200d compl\u00e9ment \u200dalimentaire de haute qualit\u00e9 fabriqu\u00e9 en Pologne par la marque Osavi. Ce produit\u200d est \u200csp\u00e9cialement con\u00e7u pour les personnes actives qui souhaitent \u2062prendre soin de leur peau et \u200cde leurs articulations tout en maintenant une bonne\u2062 forme physique.<\/p>\n<h2>Ingr\u00e9dients naturels<\/h2>\n<p>Ce produit est compos\u00e9\u200b \u00e0 100% de collag\u00e8ne hydrolys\u00e9, une prot\u00e9ine naturellement pr\u00e9sente \u200ddans notre \u2063corps et essentielle pour\u2064 la sant\u00e9 \u2063de\u200d notre peau, de nos cheveux, de nos\u2062 ongles\u2064 et de nos \u2062articulations. \u2064Le collag\u00e8ne utilis\u00e9 dans ce produit\u2063 est issu de sources \u2062naturelles et est\u200c facilement absorb\u00e9 par l&#8217;organisme.<\/p>\n<h2>Avantages uniques<\/h2>\n<ul>\n<li>Am\u00e9liore la sant\u00e9 \u2062de la peau : \u200ble\u2063 collag\u00e8ne est\u200b un \u00e9l\u00e9ment cl\u00e9 pour maintenir une peau ferme, \u00e9lastique\u200b et hydrat\u00e9e. En\u2062 prenant ce compl\u00e9ment, vous pouvez r\u00e9duire l&#8217;apparence\u200b des rides et des ridules, ainsi que renforcer la\u200c structure \u2062de votre peau.<\/li>\n<li>Renforce les articulations : en vieillissant, notre corps \u2062produit moins de \u2062collag\u00e8ne, ce\u200c qui peut entra\u00eener \u200cune perte de densit\u00e9 osseuse et des probl\u00e8mes articulaires. \u2062En prenant ce compl\u00e9ment, vous pouvez renforcer vos articulations et \u200bpr\u00e9venir les douleurs\u200c et les\u200c blessures li\u00e9es \u00e0 l&#8217;activit\u00e9 physique.<\/li>\n<li>Am\u00e9liore la r\u00e9cup\u00e9ration apr\u00e8s l&#8217;effort :\u200d gr\u00e2ce\u2063 \u00e0 sa teneur en collag\u00e8ne, ce produit peut \u00e9galement aider \u00e0 r\u00e9duire les douleurs musculaires et\u2063 \u00e0 am\u00e9liorer la \u2063r\u00e9cup\u00e9ration apr\u00e8s l&#8217;effort physique.<\/li>\n<li>Facile\u2063 \u00e0 utiliser \u200d: ce \u200ccompl\u00e9ment est disponible sous forme de \u200cpoudre, ce qui le\u2064 rend \u2064facile \u00e0 m\u00e9langer dans vos boissons \u2063ou vos aliments pr\u00e9f\u00e9r\u00e9s.\u200d Il est \u00e9galement \u2063sans go\u00fbt, ce qui le rend pratique \u200c\u00e0 utiliser au \u200bquotidien.<\/li>\n<\/ul>\n<h2>Conseils d&#8217;utilisation<\/h2>\n<p>Pour profiter \u2063pleinement des bienfaits du Collagen Beauty &#038;\u200d Sport by Magda Linette, il est recommand\u00e9 de prendre une dose \u200cde \u206410g par jour. M\u00e9langez simplement la\u2064 poudre dans \u200dun verre d&#8217;eau, de jus ou de\u200d smoothie \u2062et consommez-le de\u2064 pr\u00e9f\u00e9rence le matin.<\/p>\n<p>Prenez soin de votre peau, de vos articulations\u2063 et de votre forme physique avec le Collagen Beauty &#038; Sport \u200cby Magda Linette &#8211; 225g. Fabriqu\u00e9 \u00e0 partir d&#8217;ingr\u00e9dients naturels de haute qualit\u00e9, \u200dce compl\u00e9ment alimentaire vous aidera \u00e0\u2062 vous sentir bien dans votre corps et dans votre \u2064peau.<\/p>\n","protected":false},"excerpt":{"rendered":"<p>Collagen\u200c Beauty &#038; Sport by Magda Linette &#8211; 225g Le \u2063Collagen Beauty &#038; Sport \u200cby Magda Linette est un\u200d compl\u00e9ment \u200dalimentaire de haute qualit\u00e9 fabriqu\u00e9 en Pologne par la marque Osavi. Ce produit\u200d est \u200csp\u00e9cialement con\u00e7u pour les personnes actives qui souhaitent \u2062prendre soin de leur peau et \u200cde leurs articulations tout en maintenant une [&#8230;]\n","protected":false},"featured_media":262961,"comment_status":"open","ping_status":"open","template":"","meta":[],"product_brand":[4756],"product_cat":[5121,5052],"product_tag":[],"class_list":{"0":"post-289249","1":"product","2":"type-product","3":"status-publish","4":"has-post-thumbnail","6":"product_brand-osavi-2","7":"product_cat-collagene","8":"product_cat-sante-et-bien-etre","10":"first","11":"instock","12":"taxable","13":"shipping-taxable","14":"purchasable","15":"product-type-simple"},"yoast_head":"<!-- This site is optimized with the Yoast SEO Premium plugin v27.3 (Yoast SEO v27.3) - https:\/\/yoast.com\/product\/yoast-seo-premium-wordpress\/ -->\n<title>Collag\u00e8ne Beaut\u00e9 &amp; Sport par Magda Linette - 225g - ECO Supplements<\/title>\n<meta name=\"description\" content=\"Wij hebben een ruime keuze aan producten van Collag\u00e8ne Beaut\u00e9 &amp; Sport par Magda Linette - 225g . Winkel bij Eco Supplements altijd gratis verzending boven 100\u20ac\" \/>\n<meta name=\"robots\" content=\"index, follow, max-snippet:-1, max-image-preview:large, max-video-preview:-1\" \/>\n<link rel=\"canonical\" href=\"https:\/\/ecosupplements.be\/fr\/produit\/collagene-beaute-sport-par-magda-linette-225g\/\" \/>\n<meta property=\"og:locale\" content=\"fr_FR\" \/>\n<meta property=\"og:type\" content=\"article\" \/>\n<meta property=\"og:title\" content=\"Collag\u00e8ne Beaut\u00e9 &amp; Sport par Magda Linette - 225g\" \/>\n<meta property=\"og:description\" content=\"Wij hebben een ruime keuze aan producten van Collag\u00e8ne Beaut\u00e9 &amp; Sport par Magda Linette - 225g . Winkel bij Eco Supplements altijd gratis verzending boven 100\u20ac\" \/>\n<meta property=\"og:url\" content=\"https:\/\/ecosupplements.be\/fr\/produit\/collagene-beaute-sport-par-magda-linette-225g\/\" \/>\n<meta property=\"og:site_name\" content=\"ECO Supplements\" \/>\n<meta property=\"article:modified_time\" content=\"2025-08-27T13:54:15+00:00\" \/>\n<meta property=\"og:image\" content=\"https:\/\/ecosupplements.be\/wp-content\/uploads\/2025\/08\/Collagen-Beauty-Sport-by-Magda-Linette-225g-1.png\" \/>\n\t<meta property=\"og:image:width\" content=\"708\" \/>\n\t<meta property=\"og:image:height\" content=\"750\" \/>\n\t<meta property=\"og:image:type\" content=\"image\/png\" \/>\n<meta name=\"twitter:card\" content=\"summary_large_image\" \/>\n<meta name=\"twitter:label1\" content=\"Prix\" \/>\n\t<meta name=\"twitter:data1\" content=\"26.87&nbsp;&euro;\" \/>\n\t<meta name=\"twitter:label2\" content=\"Disponibilit\u00e9\" \/>\n\t<meta name=\"twitter:data2\" content=\"En stock\" \/>\n<script type=\"application\/ld+json\" class=\"yoast-schema-graph\">{\"@context\":\"https:\\\/\\\/schema.org\",\"@graph\":[{\"@type\":[\"WebPage\",\"ItemPage\"],\"@id\":\"https:\\\/\\\/ecosupplements.be\\\/fr\\\/produit\\\/collagene-beaute-sport-par-magda-linette-225g\\\/\",\"url\":\"https:\\\/\\\/ecosupplements.be\\\/fr\\\/produit\\\/collagene-beaute-sport-par-magda-linette-225g\\\/\",\"name\":\"Collag\u00e8ne Beaut\u00e9 & Sport par Magda Linette - 225g - ECO Supplements\",\"isPartOf\":{\"@id\":\"https:\\\/\\\/ecosupplements.be\\\/fr\\\/#website\"},\"primaryImageOfPage\":{\"@id\":\"https:\\\/\\\/ecosupplements.be\\\/fr\\\/produit\\\/collagene-beaute-sport-par-magda-linette-225g\\\/#primaryimage\"},\"image\":{\"@id\":\"https:\\\/\\\/ecosupplements.be\\\/fr\\\/produit\\\/collagene-beaute-sport-par-magda-linette-225g\\\/#primaryimage\"},\"thumbnailUrl\":\"https:\\\/\\\/ecosupplements.be\\\/wp-content\\\/uploads\\\/2025\\\/08\\\/Collagen-Beauty-Sport-by-Magda-Linette-225g.png\",\"datePublished\":\"2024-03-06T21:37:21+00:00\",\"dateModified\":\"2025-08-27T13:54:15+00:00\",\"description\":\"Wij hebben een ruime keuze aan producten van Collag\u00e8ne Beaut\u00e9 & Sport par Magda Linette - 225g . Winkel bij Eco Supplements altijd gratis verzending boven 100\u20ac\",\"breadcrumb\":{\"@id\":\"https:\\\/\\\/ecosupplements.be\\\/fr\\\/produit\\\/collagene-beaute-sport-par-magda-linette-225g\\\/#breadcrumb\"},\"inLanguage\":\"fr-FR\",\"potentialAction\":[{\"@type\":\"ReadAction\",\"target\":[\"https:\\\/\\\/ecosupplements.be\\\/fr\\\/produit\\\/collagene-beaute-sport-par-magda-linette-225g\\\/\"]}]},{\"@type\":\"ImageObject\",\"inLanguage\":\"fr-FR\",\"@id\":\"https:\\\/\\\/ecosupplements.be\\\/fr\\\/produit\\\/collagene-beaute-sport-par-magda-linette-225g\\\/#primaryimage\",\"url\":\"https:\\\/\\\/ecosupplements.be\\\/wp-content\\\/uploads\\\/2025\\\/08\\\/Collagen-Beauty-Sport-by-Magda-Linette-225g.png\",\"contentUrl\":\"https:\\\/\\\/ecosupplements.be\\\/wp-content\\\/uploads\\\/2025\\\/08\\\/Collagen-Beauty-Sport-by-Magda-Linette-225g.png\",\"width\":708,\"height\":750},{\"@type\":\"BreadcrumbList\",\"@id\":\"https:\\\/\\\/ecosupplements.be\\\/fr\\\/produit\\\/collagene-beaute-sport-par-magda-linette-225g\\\/#breadcrumb\",\"itemListElement\":[{\"@type\":\"ListItem\",\"position\":1,\"name\":\"Home\",\"item\":\"https:\\\/\\\/ecosupplements.be\\\/fr\\\/\"},{\"@type\":\"ListItem\",\"position\":2,\"name\":\"Boutique\",\"item\":\"https:\\\/\\\/ecosupplements.be\\\/fr\\\/boutique\\\/\"},{\"@type\":\"ListItem\",\"position\":3,\"name\":\"Collag\u00e8ne Beaut\u00e9 &#038; Sport par Magda Linette &#8211; 225g\"}]},{\"@type\":\"WebSite\",\"@id\":\"https:\\\/\\\/ecosupplements.be\\\/fr\\\/#website\",\"url\":\"https:\\\/\\\/ecosupplements.be\\\/fr\\\/\",\"name\":\"ECO Supplements\",\"description\":\"Eco Supplements - Gezonde supplementen\",\"publisher\":{\"@id\":\"https:\\\/\\\/ecosupplements.be\\\/fr\\\/#organization\"},\"potentialAction\":[{\"@type\":\"SearchAction\",\"target\":{\"@type\":\"EntryPoint\",\"urlTemplate\":\"https:\\\/\\\/ecosupplements.be\\\/fr\\\/?s={search_term_string}\"},\"query-input\":{\"@type\":\"PropertyValueSpecification\",\"valueRequired\":true,\"valueName\":\"search_term_string\"}}],\"inLanguage\":\"fr-FR\"},{\"@type\":\"Organization\",\"@id\":\"https:\\\/\\\/ecosupplements.be\\\/fr\\\/#organization\",\"name\":\"Eco Supplements\",\"url\":\"https:\\\/\\\/ecosupplements.be\\\/fr\\\/\",\"logo\":{\"@type\":\"ImageObject\",\"inLanguage\":\"fr-FR\",\"@id\":\"https:\\\/\\\/ecosupplements.be\\\/fr\\\/#\\\/schema\\\/logo\\\/image\\\/\",\"url\":\"https:\\\/\\\/ecosupplements.be\\\/wp-content\\\/uploads\\\/2022\\\/06\\\/ecosupplement-family.png\",\"contentUrl\":\"https:\\\/\\\/ecosupplements.be\\\/wp-content\\\/uploads\\\/2022\\\/06\\\/ecosupplement-family.png\",\"width\":593,\"height\":374,\"caption\":\"Eco Supplements\"},\"image\":{\"@id\":\"https:\\\/\\\/ecosupplements.be\\\/fr\\\/#\\\/schema\\\/logo\\\/image\\\/\"}}]}<\/script>\n<meta property=\"product:brand\" content=\"Osavi\" \/>\n<meta property=\"product:price:amount\" content=\"26.87\" \/>\n<meta property=\"product:price:currency\" content=\"EUR\" \/>\n<meta property=\"og:availability\" content=\"instock\" \/>\n<meta property=\"product:availability\" content=\"instock\" \/>\n<meta property=\"product:retailer_item_id\" content=\"5904139924105\" \/>\n<meta property=\"product:condition\" content=\"new\" \/>\n<!-- \/ Yoast SEO Premium plugin. -->","yoast_head_json":{"title":"Collag\u00e8ne Beaut\u00e9 & Sport par Magda Linette - 225g - ECO Supplements","description":"Wij hebben een ruime keuze aan producten van Collag\u00e8ne Beaut\u00e9 & Sport par Magda Linette - 225g . Winkel bij Eco Supplements altijd gratis verzending boven 100\u20ac","robots":{"index":"index","follow":"follow","max-snippet":"max-snippet:-1","max-image-preview":"max-image-preview:large","max-video-preview":"max-video-preview:-1"},"canonical":"https:\/\/ecosupplements.be\/fr\/produit\/collagene-beaute-sport-par-magda-linette-225g\/","og_locale":"fr_FR","og_type":"article","og_title":"Collag\u00e8ne Beaut\u00e9 & Sport par Magda Linette - 225g","og_description":"Wij hebben een ruime keuze aan producten van Collag\u00e8ne Beaut\u00e9 & Sport par Magda Linette - 225g . Winkel bij Eco Supplements altijd gratis verzending boven 100\u20ac","og_url":"https:\/\/ecosupplements.be\/fr\/produit\/collagene-beaute-sport-par-magda-linette-225g\/","og_site_name":"ECO Supplements","article_modified_time":"2025-08-27T13:54:15+00:00","og_image":[{"width":708,"height":750,"url":"https:\/\/ecosupplements.be\/wp-content\/uploads\/2025\/08\/Collagen-Beauty-Sport-by-Magda-Linette-225g-1.png","type":"image\/png"}],"twitter_card":"summary_large_image","twitter_misc":{"Prix":"26.87&nbsp;&euro;","Disponibilit\u00e9":"En stock"},"schema":{"@context":"https:\/\/schema.org","@graph":[{"@type":["WebPage","ItemPage"],"@id":"https:\/\/ecosupplements.be\/fr\/produit\/collagene-beaute-sport-par-magda-linette-225g\/","url":"https:\/\/ecosupplements.be\/fr\/produit\/collagene-beaute-sport-par-magda-linette-225g\/","name":"Collag\u00e8ne Beaut\u00e9 & Sport par Magda Linette - 225g - ECO Supplements","isPartOf":{"@id":"https:\/\/ecosupplements.be\/fr\/#website"},"primaryImageOfPage":{"@id":"https:\/\/ecosupplements.be\/fr\/produit\/collagene-beaute-sport-par-magda-linette-225g\/#primaryimage"},"image":{"@id":"https:\/\/ecosupplements.be\/fr\/produit\/collagene-beaute-sport-par-magda-linette-225g\/#primaryimage"},"thumbnailUrl":"https:\/\/ecosupplements.be\/wp-content\/uploads\/2025\/08\/Collagen-Beauty-Sport-by-Magda-Linette-225g.png","datePublished":"2024-03-06T21:37:21+00:00","dateModified":"2025-08-27T13:54:15+00:00","description":"Wij hebben een ruime keuze aan producten van Collag\u00e8ne Beaut\u00e9 & Sport par Magda Linette - 225g . Winkel bij Eco Supplements altijd gratis verzending boven 100\u20ac","breadcrumb":{"@id":"https:\/\/ecosupplements.be\/fr\/produit\/collagene-beaute-sport-par-magda-linette-225g\/#breadcrumb"},"inLanguage":"fr-FR","potentialAction":[{"@type":"ReadAction","target":["https:\/\/ecosupplements.be\/fr\/produit\/collagene-beaute-sport-par-magda-linette-225g\/"]}]},{"@type":"ImageObject","inLanguage":"fr-FR","@id":"https:\/\/ecosupplements.be\/fr\/produit\/collagene-beaute-sport-par-magda-linette-225g\/#primaryimage","url":"https:\/\/ecosupplements.be\/wp-content\/uploads\/2025\/08\/Collagen-Beauty-Sport-by-Magda-Linette-225g.png","contentUrl":"https:\/\/ecosupplements.be\/wp-content\/uploads\/2025\/08\/Collagen-Beauty-Sport-by-Magda-Linette-225g.png","width":708,"height":750},{"@type":"BreadcrumbList","@id":"https:\/\/ecosupplements.be\/fr\/produit\/collagene-beaute-sport-par-magda-linette-225g\/#breadcrumb","itemListElement":[{"@type":"ListItem","position":1,"name":"Home","item":"https:\/\/ecosupplements.be\/fr\/"},{"@type":"ListItem","position":2,"name":"Boutique","item":"https:\/\/ecosupplements.be\/fr\/boutique\/"},{"@type":"ListItem","position":3,"name":"Collag\u00e8ne Beaut\u00e9 &#038; Sport par Magda Linette &#8211; 225g"}]},{"@type":"WebSite","@id":"https:\/\/ecosupplements.be\/fr\/#website","url":"https:\/\/ecosupplements.be\/fr\/","name":"ECO Supplements","description":"Eco Supplements - Gezonde supplementen","publisher":{"@id":"https:\/\/ecosupplements.be\/fr\/#organization"},"potentialAction":[{"@type":"SearchAction","target":{"@type":"EntryPoint","urlTemplate":"https:\/\/ecosupplements.be\/fr\/?s={search_term_string}"},"query-input":{"@type":"PropertyValueSpecification","valueRequired":true,"valueName":"search_term_string"}}],"inLanguage":"fr-FR"},{"@type":"Organization","@id":"https:\/\/ecosupplements.be\/fr\/#organization","name":"Eco Supplements","url":"https:\/\/ecosupplements.be\/fr\/","logo":{"@type":"ImageObject","inLanguage":"fr-FR","@id":"https:\/\/ecosupplements.be\/fr\/#\/schema\/logo\/image\/","url":"https:\/\/ecosupplements.be\/wp-content\/uploads\/2022\/06\/ecosupplement-family.png","contentUrl":"https:\/\/ecosupplements.be\/wp-content\/uploads\/2022\/06\/ecosupplement-family.png","width":593,"height":374,"caption":"Eco Supplements"},"image":{"@id":"https:\/\/ecosupplements.be\/fr\/#\/schema\/logo\/image\/"}}]},"product_brand":"Osavi","product_price_amount":"26.87","product_price_currency":"EUR","og_availability":"instock","product_availability":"instock","product_retailer_item_id":"5904139924105","product_condition":"new"},"_links":{"self":[{"href":"https:\/\/ecosupplements.be\/fr\/wp-json\/wp\/v2\/product\/289249","targetHints":{"allow":["GET"]}}],"collection":[{"href":"https:\/\/ecosupplements.be\/fr\/wp-json\/wp\/v2\/product"}],"about":[{"href":"https:\/\/ecosupplements.be\/fr\/wp-json\/wp\/v2\/types\/product"}],"replies":[{"embeddable":true,"href":"https:\/\/ecosupplements.be\/fr\/wp-json\/wp\/v2\/comments?post=289249"}],"wp:featuredmedia":[{"embeddable":true,"href":"https:\/\/ecosupplements.be\/fr\/wp-json\/wp\/v2\/media\/262961"}],"wp:attachment":[{"href":"https:\/\/ecosupplements.be\/fr\/wp-json\/wp\/v2\/media?parent=289249"}],"wp:term":[{"taxonomy":"product_brand","embeddable":true,"href":"https:\/\/ecosupplements.be\/fr\/wp-json\/wp\/v2\/product_brand?post=289249"},{"taxonomy":"product_cat","embeddable":true,"href":"https:\/\/ecosupplements.be\/fr\/wp-json\/wp\/v2\/product_cat?post=289249"},{"taxonomy":"product_tag","embeddable":true,"href":"https:\/\/ecosupplements.be\/fr\/wp-json\/wp\/v2\/product_tag?post=289249"}],"curies":[{"name":"wp","href":"https:\/\/api.w.org\/{rel}","templated":true}]}}