{"id":289264,"date":"2024-03-09T13:57:07","date_gmt":"2024-03-09T12:57:07","guid":{"rendered":"https:\/\/ecosupplements.be\/product\/peptides-de-collagene-type-1-et-3-hydrolyses-600g\/"},"modified":"2025-08-27T14:54:27","modified_gmt":"2025-08-27T13:54:27","slug":"peptides-de-collagene-type-1-et-3-hydrolyses-600g","status":"publish","type":"product","link":"https:\/\/ecosupplements.be\/fr\/produit\/peptides-de-collagene-type-1-et-3-hydrolyses-600g\/","title":{"rendered":"Peptides de collag\u00e8ne &#8211; Type 1 et 3 hydrolys\u00e9s &#8211; 600g"},"content":{"rendered":"<h1>Collagen Peptides &#8211; Hydrolyzed Type 1 &#038; 3 &#8211; 600g<\/h1>\n<p>D\u00e9couvrez les bienfaits du collag\u00e8ne \u2063avec les peptides de collag\u00e8ne Osavi. Notre formule unique contient du collag\u00e8ne hydrolys\u00e9 de\u200d type 1 et 3, provenant de\u2062 sources de\u2064 haute qualit\u00e9 en Pologne. Ce produit est sp\u00e9cialement con\u00e7u pour aider \u00e0 maintenir une peau, \u2064des cheveux et des ongles sains, ainsi qu&#8217;\u00e0 soutenir \u2064la sant\u00e9 des articulations \u2063et des os.<\/p>\n<h2>Caract\u00e9ristiques sp\u00e9ciales:<\/h2>\n<ul>\n<li>Contient du collag\u00e8ne hydrolys\u00e9 de type 1 et 3<\/li>\n<li>Provenant de sources de haute qualit\u00e9 en Pologne<\/li>\n<li>600g de poudre par pot<\/li>\n<li>Facile \u00e0 m\u00e9langer et \u00e0 absorber<\/li>\n<li>Convient aux r\u00e9gimes alimentaires\u2063 sans gluten et sans lactose<\/li>\n<\/ul>\n<h2>Ingr\u00e9dients:<\/h2>\n<p>Collag\u00e8ne \u2062hydrolys\u00e9 de type \u200c1 et 3 \u200dprovenant de sources de\u200d haute\u200b qualit\u00e9 \u2062en Pologne.<\/p>\n<h2>Avantages uniques:<\/h2>\n<ul>\n<li>Aide \u2062\u00e0\u2064 maintenir une peau, des cheveux \u2063et \u200ddes ongles sains<\/li>\n<li>Soutient la sant\u00e9\u200b des articulations et des \u200cos<\/li>\n<li>Peut aider \u00e0 r\u00e9duire l&#8217;apparence\u200b des rides et ridules<\/li>\n<li>Contribue \u00e0\u2062 renforcer les tissus \u2062conjonctifs<\/li>\n<li>Peut am\u00e9liorer\u200c l&#8217;\u00e9lasticit\u00e9\u2063 de la peau<\/li>\n<\/ul>\n<h2>Mode d&#8217;emploi:<\/h2>\n<p>M\u00e9langez une cuill\u00e8re \u00e0 soupe de poudre de collag\u00e8ne avec 8 \u00e0 \u200d10 onces d&#8217;eau ou de\u200c votre boisson pr\u00e9f\u00e9r\u00e9e. \u200bConsommez une fois par jour \u200bpour\u200d des r\u00e9sultats optimaux.<\/p>\n<h2>\u00c0 propos de la marque:<\/h2>\n<p>Osavi est\u200b une marque de confiance en mati\u00e8re de\u200b sant\u00e9 et de bien-\u00eatre. Nous nous engageons \u00e0 fournir des produits\u200b de haute qualit\u00e9, fabriqu\u00e9s \u200d\u00e0 partir d&#8217;ingr\u00e9dients naturels et efficaces. Tous nos produits sont fabriqu\u00e9s en Pologne, dans des\u200d installations certifi\u00e9es GMP.<\/p>\n<p>Essayez d\u00e8s maintenant \u2062les peptides de collag\u00e8ne Osavi et d\u00e9couvrez les bienfaits pour votre\u2063 peau, vos cheveux, \u200bvos ongles et vos articulations.<\/p>\n","protected":false},"excerpt":{"rendered":"<p>Collagen Peptides &#8211; Hydrolyzed Type 1 &#038; 3 &#8211; 600g D\u00e9couvrez les bienfaits du collag\u00e8ne \u2063avec les peptides de collag\u00e8ne Osavi. Notre formule unique contient du collag\u00e8ne hydrolys\u00e9 de\u200d type 1 et 3, provenant de\u2062 sources de\u2064 haute qualit\u00e9 en Pologne. Ce produit est sp\u00e9cialement con\u00e7u pour aider \u00e0 maintenir une peau, \u2064des cheveux et [&#8230;]\n","protected":false},"featured_media":264799,"comment_status":"open","ping_status":"open","template":"","meta":[],"product_brand":[4756],"product_cat":[5089,5052,5084,5053],"product_tag":[],"class_list":{"0":"post-289264","1":"product","2":"type-product","3":"status-publish","4":"has-post-thumbnail","6":"product_brand-osavi-2","7":"product_cat-complements-alimentaires-pour-femmes","8":"product_cat-sante-et-bien-etre","9":"product_cat-soutien-conjoint","10":"product_cat-vitamines-et-mineraux","12":"first","13":"instock","14":"sale","15":"taxable","16":"shipping-taxable","17":"purchasable","18":"product-type-simple"},"yoast_head":"<!-- This site is optimized with the Yoast SEO Premium plugin v27.3 (Yoast SEO v27.3) - https:\/\/yoast.com\/product\/yoast-seo-premium-wordpress\/ -->\n<title>Peptides de collag\u00e8ne - Type 1 et 3 hydrolys\u00e9s - 600g - ECO Supplements<\/title>\n<meta name=\"description\" content=\"Wij hebben een ruime keuze aan producten van Peptides de collag\u00e8ne - Type 1 et 3 hydrolys\u00e9s - 600g . Winkel bij Eco Supplements altijd gratis verzending boven 100\u20ac\" \/>\n<meta name=\"robots\" content=\"index, follow, max-snippet:-1, max-image-preview:large, max-video-preview:-1\" \/>\n<link rel=\"canonical\" href=\"https:\/\/ecosupplements.be\/fr\/produit\/peptides-de-collagene-type-1-et-3-hydrolyses-600g\/\" \/>\n<meta property=\"og:locale\" content=\"fr_FR\" \/>\n<meta property=\"og:type\" content=\"article\" \/>\n<meta property=\"og:title\" content=\"Peptides de collag\u00e8ne - Type 1 et 3 hydrolys\u00e9s - 600g\" \/>\n<meta property=\"og:description\" content=\"Wij hebben een ruime keuze aan producten van Peptides de collag\u00e8ne - Type 1 et 3 hydrolys\u00e9s - 600g . Winkel bij Eco Supplements altijd gratis verzending boven 100\u20ac\" \/>\n<meta property=\"og:url\" content=\"https:\/\/ecosupplements.be\/fr\/produit\/peptides-de-collagene-type-1-et-3-hydrolyses-600g\/\" \/>\n<meta property=\"og:site_name\" content=\"ECO Supplements\" \/>\n<meta property=\"article:modified_time\" content=\"2025-08-27T13:54:27+00:00\" \/>\n<meta property=\"og:image\" content=\"https:\/\/ecosupplements.be\/wp-content\/uploads\/2025\/08\/Collagen-Peptides-Hydrolyzed-Type-1-3-600g-1.png\" \/>\n\t<meta property=\"og:image:width\" content=\"504\" \/>\n\t<meta property=\"og:image:height\" content=\"750\" \/>\n\t<meta property=\"og:image:type\" content=\"image\/png\" \/>\n<meta name=\"twitter:card\" content=\"summary_large_image\" \/>\n<meta name=\"twitter:label1\" content=\"Prix\" \/>\n\t<meta name=\"twitter:data1\" content=\"31.83&nbsp;&euro;\" \/>\n\t<meta name=\"twitter:label2\" content=\"Disponibilit\u00e9\" \/>\n\t<meta name=\"twitter:data2\" content=\"En stock\" \/>\n<script type=\"application\/ld+json\" class=\"yoast-schema-graph\">{\"@context\":\"https:\\\/\\\/schema.org\",\"@graph\":[{\"@type\":[\"WebPage\",\"ItemPage\"],\"@id\":\"https:\\\/\\\/ecosupplements.be\\\/fr\\\/produit\\\/peptides-de-collagene-type-1-et-3-hydrolyses-600g\\\/\",\"url\":\"https:\\\/\\\/ecosupplements.be\\\/fr\\\/produit\\\/peptides-de-collagene-type-1-et-3-hydrolyses-600g\\\/\",\"name\":\"Peptides de collag\u00e8ne - Type 1 et 3 hydrolys\u00e9s - 600g - ECO Supplements\",\"isPartOf\":{\"@id\":\"https:\\\/\\\/ecosupplements.be\\\/fr\\\/#website\"},\"primaryImageOfPage\":{\"@id\":\"https:\\\/\\\/ecosupplements.be\\\/fr\\\/produit\\\/peptides-de-collagene-type-1-et-3-hydrolyses-600g\\\/#primaryimage\"},\"image\":{\"@id\":\"https:\\\/\\\/ecosupplements.be\\\/fr\\\/produit\\\/peptides-de-collagene-type-1-et-3-hydrolyses-600g\\\/#primaryimage\"},\"thumbnailUrl\":\"https:\\\/\\\/ecosupplements.be\\\/wp-content\\\/uploads\\\/2025\\\/08\\\/Collagen-Peptides-Hydrolyzed-Type-1-3-600g.png\",\"datePublished\":\"2024-03-09T12:57:07+00:00\",\"dateModified\":\"2025-08-27T13:54:27+00:00\",\"description\":\"Wij hebben een ruime keuze aan producten van Peptides de collag\u00e8ne - Type 1 et 3 hydrolys\u00e9s - 600g . Winkel bij Eco Supplements altijd gratis verzending boven 100\u20ac\",\"breadcrumb\":{\"@id\":\"https:\\\/\\\/ecosupplements.be\\\/fr\\\/produit\\\/peptides-de-collagene-type-1-et-3-hydrolyses-600g\\\/#breadcrumb\"},\"inLanguage\":\"fr-FR\",\"potentialAction\":[{\"@type\":\"ReadAction\",\"target\":[\"https:\\\/\\\/ecosupplements.be\\\/fr\\\/produit\\\/peptides-de-collagene-type-1-et-3-hydrolyses-600g\\\/\"]}]},{\"@type\":\"ImageObject\",\"inLanguage\":\"fr-FR\",\"@id\":\"https:\\\/\\\/ecosupplements.be\\\/fr\\\/produit\\\/peptides-de-collagene-type-1-et-3-hydrolyses-600g\\\/#primaryimage\",\"url\":\"https:\\\/\\\/ecosupplements.be\\\/wp-content\\\/uploads\\\/2025\\\/08\\\/Collagen-Peptides-Hydrolyzed-Type-1-3-600g.png\",\"contentUrl\":\"https:\\\/\\\/ecosupplements.be\\\/wp-content\\\/uploads\\\/2025\\\/08\\\/Collagen-Peptides-Hydrolyzed-Type-1-3-600g.png\",\"width\":504,\"height\":750},{\"@type\":\"BreadcrumbList\",\"@id\":\"https:\\\/\\\/ecosupplements.be\\\/fr\\\/produit\\\/peptides-de-collagene-type-1-et-3-hydrolyses-600g\\\/#breadcrumb\",\"itemListElement\":[{\"@type\":\"ListItem\",\"position\":1,\"name\":\"Home\",\"item\":\"https:\\\/\\\/ecosupplements.be\\\/fr\\\/\"},{\"@type\":\"ListItem\",\"position\":2,\"name\":\"Boutique\",\"item\":\"https:\\\/\\\/ecosupplements.be\\\/fr\\\/boutique\\\/\"},{\"@type\":\"ListItem\",\"position\":3,\"name\":\"Peptides de collag\u00e8ne &#8211; Type 1 et 3 hydrolys\u00e9s &#8211; 600g\"}]},{\"@type\":\"WebSite\",\"@id\":\"https:\\\/\\\/ecosupplements.be\\\/fr\\\/#website\",\"url\":\"https:\\\/\\\/ecosupplements.be\\\/fr\\\/\",\"name\":\"ECO Supplements\",\"description\":\"Eco Supplements - Gezonde supplementen\",\"publisher\":{\"@id\":\"https:\\\/\\\/ecosupplements.be\\\/fr\\\/#organization\"},\"potentialAction\":[{\"@type\":\"SearchAction\",\"target\":{\"@type\":\"EntryPoint\",\"urlTemplate\":\"https:\\\/\\\/ecosupplements.be\\\/fr\\\/?s={search_term_string}\"},\"query-input\":{\"@type\":\"PropertyValueSpecification\",\"valueRequired\":true,\"valueName\":\"search_term_string\"}}],\"inLanguage\":\"fr-FR\"},{\"@type\":\"Organization\",\"@id\":\"https:\\\/\\\/ecosupplements.be\\\/fr\\\/#organization\",\"name\":\"Eco Supplements\",\"url\":\"https:\\\/\\\/ecosupplements.be\\\/fr\\\/\",\"logo\":{\"@type\":\"ImageObject\",\"inLanguage\":\"fr-FR\",\"@id\":\"https:\\\/\\\/ecosupplements.be\\\/fr\\\/#\\\/schema\\\/logo\\\/image\\\/\",\"url\":\"https:\\\/\\\/ecosupplements.be\\\/wp-content\\\/uploads\\\/2022\\\/06\\\/ecosupplement-family.png\",\"contentUrl\":\"https:\\\/\\\/ecosupplements.be\\\/wp-content\\\/uploads\\\/2022\\\/06\\\/ecosupplement-family.png\",\"width\":593,\"height\":374,\"caption\":\"Eco Supplements\"},\"image\":{\"@id\":\"https:\\\/\\\/ecosupplements.be\\\/fr\\\/#\\\/schema\\\/logo\\\/image\\\/\"}}]}<\/script>\n<meta property=\"product:brand\" content=\"Osavi\" \/>\n<meta property=\"product:price:amount\" content=\"31.83\" \/>\n<meta property=\"product:price:currency\" content=\"EUR\" \/>\n<meta property=\"og:availability\" content=\"instock\" \/>\n<meta property=\"product:availability\" content=\"instock\" \/>\n<meta property=\"product:retailer_item_id\" content=\"5904139923153\" \/>\n<meta property=\"product:condition\" content=\"new\" \/>\n<!-- \/ Yoast SEO Premium plugin. -->","yoast_head_json":{"title":"Peptides de collag\u00e8ne - Type 1 et 3 hydrolys\u00e9s - 600g - ECO Supplements","description":"Wij hebben een ruime keuze aan producten van Peptides de collag\u00e8ne - Type 1 et 3 hydrolys\u00e9s - 600g . Winkel bij Eco Supplements altijd gratis verzending boven 100\u20ac","robots":{"index":"index","follow":"follow","max-snippet":"max-snippet:-1","max-image-preview":"max-image-preview:large","max-video-preview":"max-video-preview:-1"},"canonical":"https:\/\/ecosupplements.be\/fr\/produit\/peptides-de-collagene-type-1-et-3-hydrolyses-600g\/","og_locale":"fr_FR","og_type":"article","og_title":"Peptides de collag\u00e8ne - Type 1 et 3 hydrolys\u00e9s - 600g","og_description":"Wij hebben een ruime keuze aan producten van Peptides de collag\u00e8ne - Type 1 et 3 hydrolys\u00e9s - 600g . Winkel bij Eco Supplements altijd gratis verzending boven 100\u20ac","og_url":"https:\/\/ecosupplements.be\/fr\/produit\/peptides-de-collagene-type-1-et-3-hydrolyses-600g\/","og_site_name":"ECO Supplements","article_modified_time":"2025-08-27T13:54:27+00:00","og_image":[{"width":504,"height":750,"url":"https:\/\/ecosupplements.be\/wp-content\/uploads\/2025\/08\/Collagen-Peptides-Hydrolyzed-Type-1-3-600g-1.png","type":"image\/png"}],"twitter_card":"summary_large_image","twitter_misc":{"Prix":"31.83&nbsp;&euro;","Disponibilit\u00e9":"En stock"},"schema":{"@context":"https:\/\/schema.org","@graph":[{"@type":["WebPage","ItemPage"],"@id":"https:\/\/ecosupplements.be\/fr\/produit\/peptides-de-collagene-type-1-et-3-hydrolyses-600g\/","url":"https:\/\/ecosupplements.be\/fr\/produit\/peptides-de-collagene-type-1-et-3-hydrolyses-600g\/","name":"Peptides de collag\u00e8ne - Type 1 et 3 hydrolys\u00e9s - 600g - ECO Supplements","isPartOf":{"@id":"https:\/\/ecosupplements.be\/fr\/#website"},"primaryImageOfPage":{"@id":"https:\/\/ecosupplements.be\/fr\/produit\/peptides-de-collagene-type-1-et-3-hydrolyses-600g\/#primaryimage"},"image":{"@id":"https:\/\/ecosupplements.be\/fr\/produit\/peptides-de-collagene-type-1-et-3-hydrolyses-600g\/#primaryimage"},"thumbnailUrl":"https:\/\/ecosupplements.be\/wp-content\/uploads\/2025\/08\/Collagen-Peptides-Hydrolyzed-Type-1-3-600g.png","datePublished":"2024-03-09T12:57:07+00:00","dateModified":"2025-08-27T13:54:27+00:00","description":"Wij hebben een ruime keuze aan producten van Peptides de collag\u00e8ne - Type 1 et 3 hydrolys\u00e9s - 600g . Winkel bij Eco Supplements altijd gratis verzending boven 100\u20ac","breadcrumb":{"@id":"https:\/\/ecosupplements.be\/fr\/produit\/peptides-de-collagene-type-1-et-3-hydrolyses-600g\/#breadcrumb"},"inLanguage":"fr-FR","potentialAction":[{"@type":"ReadAction","target":["https:\/\/ecosupplements.be\/fr\/produit\/peptides-de-collagene-type-1-et-3-hydrolyses-600g\/"]}]},{"@type":"ImageObject","inLanguage":"fr-FR","@id":"https:\/\/ecosupplements.be\/fr\/produit\/peptides-de-collagene-type-1-et-3-hydrolyses-600g\/#primaryimage","url":"https:\/\/ecosupplements.be\/wp-content\/uploads\/2025\/08\/Collagen-Peptides-Hydrolyzed-Type-1-3-600g.png","contentUrl":"https:\/\/ecosupplements.be\/wp-content\/uploads\/2025\/08\/Collagen-Peptides-Hydrolyzed-Type-1-3-600g.png","width":504,"height":750},{"@type":"BreadcrumbList","@id":"https:\/\/ecosupplements.be\/fr\/produit\/peptides-de-collagene-type-1-et-3-hydrolyses-600g\/#breadcrumb","itemListElement":[{"@type":"ListItem","position":1,"name":"Home","item":"https:\/\/ecosupplements.be\/fr\/"},{"@type":"ListItem","position":2,"name":"Boutique","item":"https:\/\/ecosupplements.be\/fr\/boutique\/"},{"@type":"ListItem","position":3,"name":"Peptides de collag\u00e8ne &#8211; Type 1 et 3 hydrolys\u00e9s &#8211; 600g"}]},{"@type":"WebSite","@id":"https:\/\/ecosupplements.be\/fr\/#website","url":"https:\/\/ecosupplements.be\/fr\/","name":"ECO Supplements","description":"Eco Supplements - Gezonde supplementen","publisher":{"@id":"https:\/\/ecosupplements.be\/fr\/#organization"},"potentialAction":[{"@type":"SearchAction","target":{"@type":"EntryPoint","urlTemplate":"https:\/\/ecosupplements.be\/fr\/?s={search_term_string}"},"query-input":{"@type":"PropertyValueSpecification","valueRequired":true,"valueName":"search_term_string"}}],"inLanguage":"fr-FR"},{"@type":"Organization","@id":"https:\/\/ecosupplements.be\/fr\/#organization","name":"Eco Supplements","url":"https:\/\/ecosupplements.be\/fr\/","logo":{"@type":"ImageObject","inLanguage":"fr-FR","@id":"https:\/\/ecosupplements.be\/fr\/#\/schema\/logo\/image\/","url":"https:\/\/ecosupplements.be\/wp-content\/uploads\/2022\/06\/ecosupplement-family.png","contentUrl":"https:\/\/ecosupplements.be\/wp-content\/uploads\/2022\/06\/ecosupplement-family.png","width":593,"height":374,"caption":"Eco Supplements"},"image":{"@id":"https:\/\/ecosupplements.be\/fr\/#\/schema\/logo\/image\/"}}]},"product_brand":"Osavi","product_price_amount":"31.83","product_price_currency":"EUR","og_availability":"instock","product_availability":"instock","product_retailer_item_id":"5904139923153","product_condition":"new"},"_links":{"self":[{"href":"https:\/\/ecosupplements.be\/fr\/wp-json\/wp\/v2\/product\/289264","targetHints":{"allow":["GET"]}}],"collection":[{"href":"https:\/\/ecosupplements.be\/fr\/wp-json\/wp\/v2\/product"}],"about":[{"href":"https:\/\/ecosupplements.be\/fr\/wp-json\/wp\/v2\/types\/product"}],"replies":[{"embeddable":true,"href":"https:\/\/ecosupplements.be\/fr\/wp-json\/wp\/v2\/comments?post=289264"}],"wp:featuredmedia":[{"embeddable":true,"href":"https:\/\/ecosupplements.be\/fr\/wp-json\/wp\/v2\/media\/264799"}],"wp:attachment":[{"href":"https:\/\/ecosupplements.be\/fr\/wp-json\/wp\/v2\/media?parent=289264"}],"wp:term":[{"taxonomy":"product_brand","embeddable":true,"href":"https:\/\/ecosupplements.be\/fr\/wp-json\/wp\/v2\/product_brand?post=289264"},{"taxonomy":"product_cat","embeddable":true,"href":"https:\/\/ecosupplements.be\/fr\/wp-json\/wp\/v2\/product_cat?post=289264"},{"taxonomy":"product_tag","embeddable":true,"href":"https:\/\/ecosupplements.be\/fr\/wp-json\/wp\/v2\/product_tag?post=289264"}],"curies":[{"name":"wp","href":"https:\/\/api.w.org\/{rel}","templated":true}]}}