{"id":289285,"date":"2022-08-01T21:33:07","date_gmt":"2022-08-01T20:33:07","guid":{"rendered":"https:\/\/ecosupplements.be\/product\/cordyceps-1200mg-60-capsules-vegetaliennes\/"},"modified":"2025-08-27T14:54:46","modified_gmt":"2025-08-27T13:54:46","slug":"cordyceps-1200mg-60-capsules-vegetaliennes","status":"publish","type":"product","link":"https:\/\/ecosupplements.be\/fr\/produit\/cordyceps-1200mg-60-capsules-vegetaliennes\/","title":{"rendered":"Cordyceps, 1200mg &#8211; 60 capsules v\u00e9g\u00e9taliennes"},"content":{"rendered":"<h1>Cordyceps, 1200mg &#8211; 60 vegan caps<\/h1>\n<p>D\u00e9couvrez les bienfaits du Cordyceps, un champignon m\u00e9dicinal utilis\u00e9\u200d depuis des si\u00e8cles dans la m\u00e9decine traditionnelle chinoise.\u2063 La \u2064marque Osavi vous propose une \u2063formule concentr\u00e9e de 1200mg\u200d de \u200bCordyceps par capsule, pour une efficacit\u00e9 maximale.<\/p>\n<h2>Ingr\u00e9dients<\/h2>\n<ul>\n<li>Cordyceps (Cordyceps sinensis) &#8211; \u20641200mg<\/li>\n<li>Enveloppe \u200cde la capsule : cellulose \u2062v\u00e9g\u00e9tale<\/li>\n<\/ul>\n<p>Ce\u200c produit est 100% vegan et ne contient\u2062 aucun ingr\u00e9dient\u2064 d&#8217;origine animale.<\/p>\n<h2>Caract\u00e9ristiques sp\u00e9ciales<\/h2>\n<ul>\n<li>Formule concentr\u00e9e de 1200mg \u2062de Cordyceps par capsule<\/li>\n<li>Produit vegan, sans ingr\u00e9dients d&#8217;origine animale<\/li>\n<li>Fabriqu\u00e9 \u2063en Pologne, selon\u200b les normes de qualit\u00e9 les\u200d plus strictes<\/li>\n<li>Convient aux personnes suivant un\u200c r\u00e9gime v\u00e9g\u00e9tarien ou v\u00e9g\u00e9talien<\/li>\n<\/ul>\n<h2>Avantages uniques<\/h2>\n<p>Le Cordyceps est un \u200dchampignon m\u00e9dicinal reconnu pour \u200cses propri\u00e9t\u00e9s adaptog\u00e8nes, c&#8217;est-\u00e0-dire sa capacit\u00e9 \u00e0 aider l&#8217;organisme \u00e0 s&#8217;adapter au stress\u200d et aux\u200b changements. \u2063Il est \u00e9galement riche \u200ben\u200b antioxydants, en vitamines et en\u2062 min\u00e9raux, ce qui en fait \u200dun alli\u00e9 pr\u00e9cieux pour renforcer le \u2063syst\u00e8me immunitaire \u200bet\u2063 am\u00e9liorer \u2064la sant\u00e9 globale.<\/p>\n<p>En choisissant le Cordyceps d&#8217;Osavi,\u200d vous \u2063b\u00e9n\u00e9ficiez \u200cd&#8217;une formule hautement concentr\u00e9e et de\u200c qualit\u00e9 sup\u00e9rieure, pour profiter pleinement des bienfaits de ce champignon m\u00e9dicinal.<\/p>\n<h2>Conseils \u200dd&#8217;utilisation<\/h2>\n<p>Nous vous recommandons de\u2063 prendre 2 capsules par \u2064jour,\u200b de\u200d pr\u00e9f\u00e9rence le \u2062matin avec un verre d&#8217;eau. \u200cCe produit convient aux adultes et aux adolescents de plus\u200c de 12 ans.<\/p>\n<p>Il est important de respecter la dose recommand\u00e9e et de ne pas d\u00e9passer la dose journali\u00e8re \u200bindiqu\u00e9e. Ce produit ne \u200bdoit\u2062 pas \u00eatre utilis\u00e9 comme substitut \u00e0 une\u200b alimentation vari\u00e9e et \u00e9quilibr\u00e9e et \u00e0 un mode de vie sain.<\/p>\n<p>Conservez \u200dce produit dans un endroit frais et sec, \u00e0 l&#8217;abri de \u2062la lumi\u00e8re\u200c directe du soleil. Tenir hors\u2064 de port\u00e9e\u200b des enfants.<\/p>\n<p>En \u2063cas de \u2064doute ou\u2064 de prise de m\u00e9dicaments, consultez votre m\u00e9decin avant de prendre ce compl\u00e9ment \u2064alimentaire.<\/p>\n<p>Offrez \u00e0 votre corps les bienfaits \u2064du Cordyceps avec les capsules \u2062vegan d&#8217;Osavi,\u2064 pour une sant\u00e9 optimale\u200b et un bien-\u00eatre naturel.<\/p>\n","protected":false},"excerpt":{"rendered":"<p>Cordyceps, 1200mg &#8211; 60 vegan caps D\u00e9couvrez les bienfaits du Cordyceps, un champignon m\u00e9dicinal utilis\u00e9\u200d depuis des si\u00e8cles dans la m\u00e9decine traditionnelle chinoise.\u2063 La \u2064marque Osavi vous propose une \u2063formule concentr\u00e9e de 1200mg\u200d de \u200bCordyceps par capsule, pour une efficacit\u00e9 maximale. Ingr\u00e9dients Cordyceps (Cordyceps sinensis) &#8211; \u20641200mg Enveloppe \u200cde la capsule : cellulose \u2062v\u00e9g\u00e9tale Ce\u200c [&#8230;]\n","protected":false},"featured_media":260021,"comment_status":"open","ping_status":"open","template":"","meta":[],"product_brand":[4756],"product_cat":[5054,5055,5052],"product_tag":[],"class_list":{"0":"post-289285","1":"product","2":"type-product","3":"status-publish","4":"has-post-thumbnail","6":"product_brand-osavi-2","7":"product_cat-nourriture-saine","8":"product_cat-produits-vegetaliens","9":"product_cat-sante-et-bien-etre","11":"first","12":"instock","13":"taxable","14":"shipping-taxable","15":"purchasable","16":"product-type-simple"},"yoast_head":"<!-- This site is optimized with the Yoast SEO Premium plugin v27.3 (Yoast SEO v27.3) - https:\/\/yoast.com\/product\/yoast-seo-premium-wordpress\/ -->\n<title>Cordyceps, 1200mg - 60 capsules v\u00e9g\u00e9taliennes - ECO Supplements<\/title>\n<meta name=\"description\" content=\"Wij hebben een ruime keuze aan producten van Cordyceps, 1200mg - 60 capsules v\u00e9g\u00e9taliennes . Winkel bij Eco Supplements altijd gratis verzending boven 100\u20ac\" \/>\n<meta name=\"robots\" content=\"index, follow, max-snippet:-1, max-image-preview:large, max-video-preview:-1\" \/>\n<link rel=\"canonical\" href=\"https:\/\/ecosupplements.be\/fr\/produit\/cordyceps-1200mg-60-capsules-vegetaliennes\/\" \/>\n<meta property=\"og:locale\" content=\"fr_FR\" \/>\n<meta property=\"og:type\" content=\"article\" \/>\n<meta property=\"og:title\" content=\"Cordyceps, 1200mg - 60 capsules v\u00e9g\u00e9taliennes\" \/>\n<meta property=\"og:description\" content=\"Wij hebben een ruime keuze aan producten van Cordyceps, 1200mg - 60 capsules v\u00e9g\u00e9taliennes . Winkel bij Eco Supplements altijd gratis verzending boven 100\u20ac\" \/>\n<meta property=\"og:url\" content=\"https:\/\/ecosupplements.be\/fr\/produit\/cordyceps-1200mg-60-capsules-vegetaliennes\/\" \/>\n<meta property=\"og:site_name\" content=\"ECO Supplements\" \/>\n<meta property=\"article:modified_time\" content=\"2025-08-27T13:54:46+00:00\" \/>\n<meta property=\"og:image\" content=\"https:\/\/ecosupplements.be\/wp-content\/uploads\/2025\/08\/Cordyceps-1200mg-60-vegan-caps-1.png\" \/>\n\t<meta property=\"og:image:width\" content=\"475\" \/>\n\t<meta property=\"og:image:height\" content=\"750\" \/>\n\t<meta property=\"og:image:type\" content=\"image\/jpeg\" \/>\n<meta name=\"twitter:card\" content=\"summary_large_image\" \/>\n<meta name=\"twitter:label1\" content=\"Prix\" \/>\n\t<meta name=\"twitter:data1\" content=\"10.83&nbsp;&euro;\" \/>\n\t<meta name=\"twitter:label2\" content=\"Disponibilit\u00e9\" \/>\n\t<meta name=\"twitter:data2\" content=\"En stock\" \/>\n<script type=\"application\/ld+json\" class=\"yoast-schema-graph\">{\"@context\":\"https:\\\/\\\/schema.org\",\"@graph\":[{\"@type\":[\"WebPage\",\"ItemPage\"],\"@id\":\"https:\\\/\\\/ecosupplements.be\\\/fr\\\/produit\\\/cordyceps-1200mg-60-capsules-vegetaliennes\\\/\",\"url\":\"https:\\\/\\\/ecosupplements.be\\\/fr\\\/produit\\\/cordyceps-1200mg-60-capsules-vegetaliennes\\\/\",\"name\":\"Cordyceps, 1200mg - 60 capsules v\u00e9g\u00e9taliennes - ECO Supplements\",\"isPartOf\":{\"@id\":\"https:\\\/\\\/ecosupplements.be\\\/fr\\\/#website\"},\"primaryImageOfPage\":{\"@id\":\"https:\\\/\\\/ecosupplements.be\\\/fr\\\/produit\\\/cordyceps-1200mg-60-capsules-vegetaliennes\\\/#primaryimage\"},\"image\":{\"@id\":\"https:\\\/\\\/ecosupplements.be\\\/fr\\\/produit\\\/cordyceps-1200mg-60-capsules-vegetaliennes\\\/#primaryimage\"},\"thumbnailUrl\":\"https:\\\/\\\/ecosupplements.be\\\/wp-content\\\/uploads\\\/2025\\\/08\\\/Cordyceps-1200mg-60-vegan-caps.png\",\"datePublished\":\"2022-08-01T20:33:07+00:00\",\"dateModified\":\"2025-08-27T13:54:46+00:00\",\"description\":\"Wij hebben een ruime keuze aan producten van Cordyceps, 1200mg - 60 capsules v\u00e9g\u00e9taliennes . Winkel bij Eco Supplements altijd gratis verzending boven 100\u20ac\",\"breadcrumb\":{\"@id\":\"https:\\\/\\\/ecosupplements.be\\\/fr\\\/produit\\\/cordyceps-1200mg-60-capsules-vegetaliennes\\\/#breadcrumb\"},\"inLanguage\":\"fr-FR\",\"potentialAction\":[{\"@type\":\"ReadAction\",\"target\":[\"https:\\\/\\\/ecosupplements.be\\\/fr\\\/produit\\\/cordyceps-1200mg-60-capsules-vegetaliennes\\\/\"]}]},{\"@type\":\"ImageObject\",\"inLanguage\":\"fr-FR\",\"@id\":\"https:\\\/\\\/ecosupplements.be\\\/fr\\\/produit\\\/cordyceps-1200mg-60-capsules-vegetaliennes\\\/#primaryimage\",\"url\":\"https:\\\/\\\/ecosupplements.be\\\/wp-content\\\/uploads\\\/2025\\\/08\\\/Cordyceps-1200mg-60-vegan-caps.png\",\"contentUrl\":\"https:\\\/\\\/ecosupplements.be\\\/wp-content\\\/uploads\\\/2025\\\/08\\\/Cordyceps-1200mg-60-vegan-caps.png\",\"width\":408,\"height\":600},{\"@type\":\"BreadcrumbList\",\"@id\":\"https:\\\/\\\/ecosupplements.be\\\/fr\\\/produit\\\/cordyceps-1200mg-60-capsules-vegetaliennes\\\/#breadcrumb\",\"itemListElement\":[{\"@type\":\"ListItem\",\"position\":1,\"name\":\"Home\",\"item\":\"https:\\\/\\\/ecosupplements.be\\\/fr\\\/\"},{\"@type\":\"ListItem\",\"position\":2,\"name\":\"Boutique\",\"item\":\"https:\\\/\\\/ecosupplements.be\\\/fr\\\/boutique\\\/\"},{\"@type\":\"ListItem\",\"position\":3,\"name\":\"Cordyceps, 1200mg &#8211; 60 capsules v\u00e9g\u00e9taliennes\"}]},{\"@type\":\"WebSite\",\"@id\":\"https:\\\/\\\/ecosupplements.be\\\/fr\\\/#website\",\"url\":\"https:\\\/\\\/ecosupplements.be\\\/fr\\\/\",\"name\":\"ECO Supplements\",\"description\":\"Eco Supplements - Gezonde supplementen\",\"publisher\":{\"@id\":\"https:\\\/\\\/ecosupplements.be\\\/fr\\\/#organization\"},\"potentialAction\":[{\"@type\":\"SearchAction\",\"target\":{\"@type\":\"EntryPoint\",\"urlTemplate\":\"https:\\\/\\\/ecosupplements.be\\\/fr\\\/?s={search_term_string}\"},\"query-input\":{\"@type\":\"PropertyValueSpecification\",\"valueRequired\":true,\"valueName\":\"search_term_string\"}}],\"inLanguage\":\"fr-FR\"},{\"@type\":\"Organization\",\"@id\":\"https:\\\/\\\/ecosupplements.be\\\/fr\\\/#organization\",\"name\":\"Eco Supplements\",\"url\":\"https:\\\/\\\/ecosupplements.be\\\/fr\\\/\",\"logo\":{\"@type\":\"ImageObject\",\"inLanguage\":\"fr-FR\",\"@id\":\"https:\\\/\\\/ecosupplements.be\\\/fr\\\/#\\\/schema\\\/logo\\\/image\\\/\",\"url\":\"https:\\\/\\\/ecosupplements.be\\\/wp-content\\\/uploads\\\/2022\\\/06\\\/ecosupplement-family.png\",\"contentUrl\":\"https:\\\/\\\/ecosupplements.be\\\/wp-content\\\/uploads\\\/2022\\\/06\\\/ecosupplement-family.png\",\"width\":593,\"height\":374,\"caption\":\"Eco Supplements\"},\"image\":{\"@id\":\"https:\\\/\\\/ecosupplements.be\\\/fr\\\/#\\\/schema\\\/logo\\\/image\\\/\"}}]}<\/script>\n<meta property=\"product:brand\" content=\"Osavi\" \/>\n<meta property=\"product:price:amount\" content=\"10.83\" \/>\n<meta property=\"product:price:currency\" content=\"EUR\" \/>\n<meta property=\"og:availability\" content=\"instock\" \/>\n<meta property=\"product:availability\" content=\"instock\" \/>\n<meta property=\"product:retailer_item_id\" content=\"5904139921531\" \/>\n<meta property=\"product:condition\" content=\"new\" \/>\n<!-- \/ Yoast SEO Premium plugin. -->","yoast_head_json":{"title":"Cordyceps, 1200mg - 60 capsules v\u00e9g\u00e9taliennes - ECO Supplements","description":"Wij hebben een ruime keuze aan producten van Cordyceps, 1200mg - 60 capsules v\u00e9g\u00e9taliennes . Winkel bij Eco Supplements altijd gratis verzending boven 100\u20ac","robots":{"index":"index","follow":"follow","max-snippet":"max-snippet:-1","max-image-preview":"max-image-preview:large","max-video-preview":"max-video-preview:-1"},"canonical":"https:\/\/ecosupplements.be\/fr\/produit\/cordyceps-1200mg-60-capsules-vegetaliennes\/","og_locale":"fr_FR","og_type":"article","og_title":"Cordyceps, 1200mg - 60 capsules v\u00e9g\u00e9taliennes","og_description":"Wij hebben een ruime keuze aan producten van Cordyceps, 1200mg - 60 capsules v\u00e9g\u00e9taliennes . Winkel bij Eco Supplements altijd gratis verzending boven 100\u20ac","og_url":"https:\/\/ecosupplements.be\/fr\/produit\/cordyceps-1200mg-60-capsules-vegetaliennes\/","og_site_name":"ECO Supplements","article_modified_time":"2025-08-27T13:54:46+00:00","og_image":[{"width":475,"height":750,"url":"https:\/\/ecosupplements.be\/wp-content\/uploads\/2025\/08\/Cordyceps-1200mg-60-vegan-caps-1.png","type":"image\/jpeg"}],"twitter_card":"summary_large_image","twitter_misc":{"Prix":"10.83&nbsp;&euro;","Disponibilit\u00e9":"En stock"},"schema":{"@context":"https:\/\/schema.org","@graph":[{"@type":["WebPage","ItemPage"],"@id":"https:\/\/ecosupplements.be\/fr\/produit\/cordyceps-1200mg-60-capsules-vegetaliennes\/","url":"https:\/\/ecosupplements.be\/fr\/produit\/cordyceps-1200mg-60-capsules-vegetaliennes\/","name":"Cordyceps, 1200mg - 60 capsules v\u00e9g\u00e9taliennes - ECO Supplements","isPartOf":{"@id":"https:\/\/ecosupplements.be\/fr\/#website"},"primaryImageOfPage":{"@id":"https:\/\/ecosupplements.be\/fr\/produit\/cordyceps-1200mg-60-capsules-vegetaliennes\/#primaryimage"},"image":{"@id":"https:\/\/ecosupplements.be\/fr\/produit\/cordyceps-1200mg-60-capsules-vegetaliennes\/#primaryimage"},"thumbnailUrl":"https:\/\/ecosupplements.be\/wp-content\/uploads\/2025\/08\/Cordyceps-1200mg-60-vegan-caps.png","datePublished":"2022-08-01T20:33:07+00:00","dateModified":"2025-08-27T13:54:46+00:00","description":"Wij hebben een ruime keuze aan producten van Cordyceps, 1200mg - 60 capsules v\u00e9g\u00e9taliennes . Winkel bij Eco Supplements altijd gratis verzending boven 100\u20ac","breadcrumb":{"@id":"https:\/\/ecosupplements.be\/fr\/produit\/cordyceps-1200mg-60-capsules-vegetaliennes\/#breadcrumb"},"inLanguage":"fr-FR","potentialAction":[{"@type":"ReadAction","target":["https:\/\/ecosupplements.be\/fr\/produit\/cordyceps-1200mg-60-capsules-vegetaliennes\/"]}]},{"@type":"ImageObject","inLanguage":"fr-FR","@id":"https:\/\/ecosupplements.be\/fr\/produit\/cordyceps-1200mg-60-capsules-vegetaliennes\/#primaryimage","url":"https:\/\/ecosupplements.be\/wp-content\/uploads\/2025\/08\/Cordyceps-1200mg-60-vegan-caps.png","contentUrl":"https:\/\/ecosupplements.be\/wp-content\/uploads\/2025\/08\/Cordyceps-1200mg-60-vegan-caps.png","width":408,"height":600},{"@type":"BreadcrumbList","@id":"https:\/\/ecosupplements.be\/fr\/produit\/cordyceps-1200mg-60-capsules-vegetaliennes\/#breadcrumb","itemListElement":[{"@type":"ListItem","position":1,"name":"Home","item":"https:\/\/ecosupplements.be\/fr\/"},{"@type":"ListItem","position":2,"name":"Boutique","item":"https:\/\/ecosupplements.be\/fr\/boutique\/"},{"@type":"ListItem","position":3,"name":"Cordyceps, 1200mg &#8211; 60 capsules v\u00e9g\u00e9taliennes"}]},{"@type":"WebSite","@id":"https:\/\/ecosupplements.be\/fr\/#website","url":"https:\/\/ecosupplements.be\/fr\/","name":"ECO Supplements","description":"Eco Supplements - Gezonde supplementen","publisher":{"@id":"https:\/\/ecosupplements.be\/fr\/#organization"},"potentialAction":[{"@type":"SearchAction","target":{"@type":"EntryPoint","urlTemplate":"https:\/\/ecosupplements.be\/fr\/?s={search_term_string}"},"query-input":{"@type":"PropertyValueSpecification","valueRequired":true,"valueName":"search_term_string"}}],"inLanguage":"fr-FR"},{"@type":"Organization","@id":"https:\/\/ecosupplements.be\/fr\/#organization","name":"Eco Supplements","url":"https:\/\/ecosupplements.be\/fr\/","logo":{"@type":"ImageObject","inLanguage":"fr-FR","@id":"https:\/\/ecosupplements.be\/fr\/#\/schema\/logo\/image\/","url":"https:\/\/ecosupplements.be\/wp-content\/uploads\/2022\/06\/ecosupplement-family.png","contentUrl":"https:\/\/ecosupplements.be\/wp-content\/uploads\/2022\/06\/ecosupplement-family.png","width":593,"height":374,"caption":"Eco Supplements"},"image":{"@id":"https:\/\/ecosupplements.be\/fr\/#\/schema\/logo\/image\/"}}]},"product_brand":"Osavi","product_price_amount":"10.83","product_price_currency":"EUR","og_availability":"instock","product_availability":"instock","product_retailer_item_id":"5904139921531","product_condition":"new"},"_links":{"self":[{"href":"https:\/\/ecosupplements.be\/fr\/wp-json\/wp\/v2\/product\/289285","targetHints":{"allow":["GET"]}}],"collection":[{"href":"https:\/\/ecosupplements.be\/fr\/wp-json\/wp\/v2\/product"}],"about":[{"href":"https:\/\/ecosupplements.be\/fr\/wp-json\/wp\/v2\/types\/product"}],"replies":[{"embeddable":true,"href":"https:\/\/ecosupplements.be\/fr\/wp-json\/wp\/v2\/comments?post=289285"}],"wp:featuredmedia":[{"embeddable":true,"href":"https:\/\/ecosupplements.be\/fr\/wp-json\/wp\/v2\/media\/260021"}],"wp:attachment":[{"href":"https:\/\/ecosupplements.be\/fr\/wp-json\/wp\/v2\/media?parent=289285"}],"wp:term":[{"taxonomy":"product_brand","embeddable":true,"href":"https:\/\/ecosupplements.be\/fr\/wp-json\/wp\/v2\/product_brand?post=289285"},{"taxonomy":"product_cat","embeddable":true,"href":"https:\/\/ecosupplements.be\/fr\/wp-json\/wp\/v2\/product_cat?post=289285"},{"taxonomy":"product_tag","embeddable":true,"href":"https:\/\/ecosupplements.be\/fr\/wp-json\/wp\/v2\/product_tag?post=289285"}],"curies":[{"name":"wp","href":"https:\/\/api.w.org\/{rel}","templated":true}]}}